{"id":15895,"date":"2022-02-07T15:41:00","date_gmt":"2022-02-07T14:41:00","guid":{"rendered":"https:\/\/serveiseducatius.xtec.cat\/altemporda\/?page_id=15895"},"modified":"2022-10-11T18:34:18","modified_gmt":"2022-10-11T16:34:18","slug":"2a-sessio-territorial-7-i-14-de-febrer-de-2022","status":"publish","type":"page","link":"https:\/\/serveiseducatius.xtec.cat\/altemporda\/cultura-digital\/xtcd-coordinacio-digital-de-centre\/xtcdc-2021-2022\/2a-sessio-territorial-7-i-14-de-febrer-de-2022\/","title":{"rendered":"2a Sessi\u00f3 territorial (7 i 14 de febrer de 2022)"},"content":{"rendered":"<h4><\/h4>\n<h4><a href=\"https:\/\/docs.google.com\/forms\/d\/e\/1FAIpQLSe7nC_Ss4PSt91-y2JA7-wB74WdNrbpzou8LpiXtQCJgZR9fQ\/viewform\" target=\"_blank\" rel=\"noopener\">Assist\u00e8ncia a la sessi\u00f3 d&#8217;avui<\/a><\/h4>\n<div><a href=\"https:\/\/docs.google.com\/forms\/d\/e\/1FAIpQLSe7nC_Ss4PSt91-y2JA7-wB74WdNrbpzou8LpiXtQCJgZR9fQ\/viewform\" target=\"_blank\" rel=\"noopener\"><img loading=\"lazy\" decoding=\"async\" class=\"aligncenter wp-image-15916 \" src=\"https:\/\/serveiseducatius.xtec.cat\/altemporda\/wp-content\/uploads\/usu1156\/2022\/02\/images-1.png\" alt=\"\" width=\"484\" height=\"121\" srcset=\"https:\/\/serveiseducatius.xtec.cat\/altemporda\/wp-content\/uploads\/usu1156\/2022\/02\/images-1.png 640w, https:\/\/serveiseducatius.xtec.cat\/altemporda\/wp-content\/uploads\/usu1156\/2022\/02\/images-1-300x75.png 300w\" sizes=\"auto, (max-width: 484px) 100vw, 484px\" \/><\/a><\/div>\n<hr \/>\n<h4><a href=\"https:\/\/projectes.xtec.cat\/xtcd\/coordinacio-digital-de-centre\/sessions-2021-22\/sessio-2\/\" target=\"_blank\" rel=\"noopener\">Enregistrament del seminari web de la sessi\u00f3:<\/a><\/h4>\n<p><a href=\"https:\/\/projectes.xtec.cat\/xtcd\/coordinacio-digital-de-centre\/sessions-2021-22\/sessio-2\/\" target=\"_blank\" rel=\"noopener\"><img loading=\"lazy\" decoding=\"async\" class=\"aligncenter wp-image-16047 size-full\" src=\"https:\/\/serveiseducatius.xtec.cat\/altemporda\/wp-content\/uploads\/usu1156\/2022\/02\/CDC-sessio-2.png\" alt=\"\" width=\"702\" height=\"425\" srcset=\"https:\/\/serveiseducatius.xtec.cat\/altemporda\/wp-content\/uploads\/usu1156\/2022\/02\/CDC-sessio-2.png 702w, https:\/\/serveiseducatius.xtec.cat\/altemporda\/wp-content\/uploads\/usu1156\/2022\/02\/CDC-sessio-2-300x182.png 300w\" sizes=\"auto, (max-width: 702px) 100vw, 702px\" \/><\/a><\/p>\n<p>&nbsp;<\/p>\n<hr \/>\n<h4><a href=\"https:\/\/projectes.xtec.cat\/edc-suport\/\" target=\"_blank\" rel=\"noopener\">Estrat\u00e8gia digital de centre<\/a><\/h4>\n<ul>\n<li style=\"list-style-type: none;\">\n<ul>\n<li>Veure exemples de Site per a l&#8217;EDC<\/li>\n<\/ul>\n<\/li>\n<\/ul>\n<hr \/>\n<h4><a href=\"https:\/\/docs.google.com\/presentation\/d\/1T621rYxU4cr1NLcgysoh2CjtGwPgC_gMtC7XwSZIUIc\/preview?slide=id.g11054dbcd57_2_263\" target=\"_blank\" rel=\"noopener\">Mentoria digital<\/a><\/h4>\n<hr \/>\n<h4>FIC &#8211; Estrat\u00e8gia digital<\/h4>\n<p><img loading=\"lazy\" decoding=\"async\" class=\"aligncenter size-full wp-image-15902\" src=\"https:\/\/serveiseducatius.xtec.cat\/altemporda\/wp-content\/uploads\/usu1156\/2022\/02\/Esquema-FIC.png\" alt=\"\" width=\"857\" height=\"620\" srcset=\"https:\/\/serveiseducatius.xtec.cat\/altemporda\/wp-content\/uploads\/usu1156\/2022\/02\/Esquema-FIC.png 857w, https:\/\/serveiseducatius.xtec.cat\/altemporda\/wp-content\/uploads\/usu1156\/2022\/02\/Esquema-FIC-300x217.png 300w, https:\/\/serveiseducatius.xtec.cat\/altemporda\/wp-content\/uploads\/usu1156\/2022\/02\/Esquema-FIC-768x556.png 768w\" sizes=\"auto, (max-width: 857px) 100vw, 857px\" \/><\/p>\n<hr \/>\n<h4><a href=\"https:\/\/projectes.xtec.cat\/coordinaciodigital\/\" target=\"_blank\" rel=\"noopener\">Nodes de coordinaci\u00f3 digital<\/a><\/h4>\n<hr \/>\n<h4>Desplegament d&#8217;equipaments<\/h4>\n<ul>\n<li style=\"list-style-type: none;\">\n<ul>\n<li style=\"list-style-type: none;\">\n<ul>\n<li style=\"list-style-type: none;\">\n<ul>\n<li style=\"list-style-type: none;\">\n<ul class=\"n8H08c UVNKR\">\n<li class=\"TYR86d wXCUfe zfr3Q\" dir=\"ltr\">\n<p class=\"CDt4Ke zfr3Q\" dir=\"ltr\"><strong>Equips 6\u00e8<\/strong><\/p>\n<ul>\n<li style=\"list-style-type: none;\">\n<ul class=\"n8H08c UVNKR\">\n<li class=\"TYR86d wXCUfe zfr3Q\" dir=\"ltr\">\n<p class=\"CDt4Ke zfr3Q\" dir=\"ltr\">Chromebook. Desplegada al 100%<\/p>\n<\/li>\n<li class=\"TYR86d wXCUfe zfr3Q\" dir=\"ltr\">\n<p class=\"CDt4Ke zfr3Q\" dir=\"ltr\">Linkat. Desplegada al 100%<\/p>\n<\/li>\n<li class=\"TYR86d wXCUfe zfr3Q\" dir=\"ltr\">\n<p class=\"CDt4Ke zfr3Q\" dir=\"ltr\">Windows. Desplegada al 80%. Previsi\u00f3 d&#8217;acabament pel febrer 2022<\/p>\n<\/li>\n<\/ul>\n<\/li>\n<\/ul>\n<\/li>\n<li class=\"TYR86d wXCUfe zfr3Q\" dir=\"ltr\">\n<p class=\"CDt4Ke zfr3Q\" dir=\"ltr\"><strong>Equips de 5\u00e8. <\/strong>A punt de sortir la licitaci\u00f3. Previsi\u00f3 pel mes de setembre.<\/p>\n<\/li>\n<li class=\"TYR86d wXCUfe zfr3Q\" dir=\"ltr\">\n<p class=\"CDt4Ke zfr3Q\" dir=\"ltr\"><strong>Carros per a port\u00e0tils<\/strong>. A partir del juny. La majoria al setembre<\/p>\n<\/li>\n<li class=\"TYR86d wXCUfe zfr3Q\" dir=\"ltr\">\n<p class=\"CDt4Ke zfr3Q\" dir=\"ltr\"><strong>Panells interactius.<\/strong> Previsi\u00f3 pel 1r. Trimestre curs 22\/23<\/p>\n<ul>\n<li style=\"list-style-type: none;\">\n<ul class=\"n8H08c UVNKR\">\n<li class=\"TYR86d wXCUfe zfr3Q\" dir=\"ltr\">\n<p class=\"CDt4Ke zfr3Q\" dir=\"ltr\">Un panell interactiu per cada aula (infantil, prim\u00e0ria, secund\u00e0ria, Batx, FP, EOI, EA)<\/p>\n<\/li>\n<li class=\"TYR86d wXCUfe zfr3Q\" dir=\"ltr\">\n<p class=\"CDt4Ke zfr3Q\" dir=\"ltr\">Escoles d&#8217;adults. 3 panells per centre.<\/p>\n<\/li>\n<li class=\"TYR86d wXCUfe zfr3Q\" dir=\"ltr\">\n<p class=\"CDt4Ke zfr3Q\" dir=\"ltr\"><strong>Formaci\u00f3<\/strong> associada al desplegament dels panells<\/p>\n<\/li>\n<\/ul>\n<\/li>\n<\/ul>\n<\/li>\n<li class=\"TYR86d wXCUfe zfr3Q\" dir=\"ltr\">\n<p class=\"CDt4Ke zfr3Q\" dir=\"ltr\"><strong>Portal GESWLAN. <\/strong>Autogesti\u00f3 Wifis Aruba<\/p>\n<\/li>\n<li class=\"TYR86d wXCUfe zfr3Q\" dir=\"ltr\">\n<p class=\"CDt4Ke zfr3Q\" dir=\"ltr\"><strong>SDWAN<\/strong>. Tallafocs Fortinet. Desplegament del 95,5%<\/p>\n<\/li>\n<\/ul>\n<\/li>\n<\/ul>\n<\/li>\n<\/ul>\n<\/li>\n<\/ul>\n<\/li>\n<\/ul>\n<hr \/>\n<h4><a href=\"https:\/\/projectes.xtec.cat\/coordinaciodigital\/gestio-equips-serveis\/gestio-incidencies\/\" target=\"_blank\" rel=\"noopener\">Gesti\u00f3 d&#8217;incid\u00e8ncies REMEDY<\/a><\/h4>\n<ul>\n<li>Recordatori de l&#8217;activaci\u00f3 al NODES del seguiment d&#8217;incid\u00e8ncies.<\/li>\n<\/ul>\n<hr \/>\n<h4>Q\u00fcestions i Propostes pr\u00f2pies del seminari a l&#8217;Alt Empord\u00e0<\/h4>\n<hr \/>\n<h4><a href=\"https:\/\/projectes.xtec.cat\/xtcd\/sessions-2021-22\/\" target=\"_blank\" rel=\"noopener\">Propera sessi\u00f3 general<\/a><\/h4>\n<p>21 d&#8217;abril de 2022<\/p>\n","protected":false},"excerpt":{"rendered":"<p>Assist\u00e8ncia a la sessi\u00f3 d&#8217;avui Enregistrament del seminari web de la sessi\u00f3: &nbsp; Estrat\u00e8gia digital de centre Veure exemples de Site per a l&#8217;EDC Mentoria digital FIC &#8211; Estrat\u00e8gia digital Nodes de coordinaci\u00f3 digital Desplegament d&#8217;equipaments Equips 6\u00e8 Chromebook. Desplegada al 100% Linkat. Desplegada al 100% Windows. Desplegada al 80%. Previsi\u00f3 d&#8217;acabament pel febrer 2022 [&hellip;]<\/p>\n","protected":false},"author":4,"featured_media":0,"parent":18182,"menu_order":0,"comment_status":"closed","ping_status":"closed","template":"","meta":{"_bbp_topic_count":0,"_bbp_reply_count":0,"_bbp_total_topic_count":0,"_bbp_total_reply_count":0,"_bbp_voice_count":0,"_bbp_anonymous_reply_count":0,"_bbp_topic_count_hidden":0,"_bbp_reply_count_hidden":0,"_bbp_forum_subforum_count":0,"site-sidebar-layout":"default","site-content-layout":"","ast-site-content-layout":"","site-content-style":"default","site-sidebar-style":"default","ast-global-header-display":"","ast-banner-title-visibility":"","ast-main-header-display":"","ast-hfb-above-header-display":"","ast-hfb-below-header-display":"","ast-hfb-mobile-header-display":"","site-post-title":"","ast-breadcrumbs-content":"","ast-featured-img":"","footer-sml-layout":"","theme-transparent-header-meta":"","adv-header-id-meta":"","stick-header-meta":"","header-above-stick-meta":"","header-main-stick-meta":"","header-below-stick-meta":"","astra-migrate-meta-layouts":"default","ast-page-background-enabled":"default","ast-page-background-meta":{"desktop":{"background-color":"var(--ast-global-color-4)","background-image":"","background-repeat":"repeat","background-position":"center center","background-size":"auto","background-attachment":"scroll","background-type":"","background-media":"","overlay-type":"","overlay-color":"","overlay-opacity":"","overlay-gradient":""},"tablet":{"background-color":"","background-image":"","background-repeat":"repeat","background-position":"center center","background-size":"auto","background-attachment":"scroll","background-type":"","background-media":"","overlay-type":"","overlay-color":"","overlay-opacity":"","overlay-gradient":""},"mobile":{"background-color":"","background-image":"","background-repeat":"repeat","background-position":"center center","background-size":"auto","background-attachment":"scroll","background-type":"","background-media":"","overlay-type":"","overlay-color":"","overlay-opacity":"","overlay-gradient":""}},"ast-content-background-meta":{"desktop":{"background-color":"var(--ast-global-color-5)","background-image":"","background-repeat":"repeat","background-position":"center center","background-size":"auto","background-attachment":"scroll","background-type":"","background-media":"","overlay-type":"","overlay-color":"","overlay-opacity":"","overlay-gradient":""},"tablet":{"background-color":"var(--ast-global-color-5)","background-image":"","background-repeat":"repeat","background-position":"center center","background-size":"auto","background-attachment":"scroll","background-type":"","background-media":"","overlay-type":"","overlay-color":"","overlay-opacity":"","overlay-gradient":""},"mobile":{"background-color":"var(--ast-global-color-5)","background-image":"","background-repeat":"repeat","background-position":"center center","background-size":"auto","background-attachment":"scroll","background-type":"","background-media":"","overlay-type":"","overlay-color":"","overlay-opacity":"","overlay-gradient":""}},"footnotes":""},"class_list":["post-15895","page","type-page","status-publish","hentry"],"post_mailing_queue_ids":[],"_links":{"self":[{"href":"https:\/\/serveiseducatius.xtec.cat\/altemporda\/wp-json\/wp\/v2\/pages\/15895","targetHints":{"allow":["GET"]}}],"collection":[{"href":"https:\/\/serveiseducatius.xtec.cat\/altemporda\/wp-json\/wp\/v2\/pages"}],"about":[{"href":"https:\/\/serveiseducatius.xtec.cat\/altemporda\/wp-json\/wp\/v2\/types\/page"}],"author":[{"embeddable":true,"href":"https:\/\/serveiseducatius.xtec.cat\/altemporda\/wp-json\/wp\/v2\/users\/4"}],"replies":[{"embeddable":true,"href":"https:\/\/serveiseducatius.xtec.cat\/altemporda\/wp-json\/wp\/v2\/comments?post=15895"}],"version-history":[{"count":4,"href":"https:\/\/serveiseducatius.xtec.cat\/altemporda\/wp-json\/wp\/v2\/pages\/15895\/revisions"}],"predecessor-version":[{"id":16048,"href":"https:\/\/serveiseducatius.xtec.cat\/altemporda\/wp-json\/wp\/v2\/pages\/15895\/revisions\/16048"}],"up":[{"embeddable":true,"href":"https:\/\/serveiseducatius.xtec.cat\/altemporda\/wp-json\/wp\/v2\/pages\/18182"}],"wp:attachment":[{"href":"https:\/\/serveiseducatius.xtec.cat\/altemporda\/wp-json\/wp\/v2\/media?parent=15895"}],"curies":[{"name":"wp","href":"https:\/\/api.w.org\/{rel}","templated":true}]}}