{"id":15893,"date":"2022-02-07T15:40:16","date_gmt":"2022-02-07T14:40:16","guid":{"rendered":"https:\/\/serveiseducatius.xtec.cat\/altemporda\/?page_id=15893"},"modified":"2022-10-11T18:34:38","modified_gmt":"2022-10-11T16:34:38","slug":"1a-sessio-territorial-15-i-22-de-novembre-de-2021","status":"publish","type":"page","link":"https:\/\/serveiseducatius.xtec.cat\/altemporda\/cultura-digital\/xtcd-coordinacio-digital-de-centre\/xtcdc-2021-2022\/1a-sessio-territorial-15-i-22-de-novembre-de-2021\/","title":{"rendered":"1a Sessi\u00f3 territorial (15 i 22 de novembre de 2021)"},"content":{"rendered":"<p style=\"text-align: center;\">&#8211; <a href=\"https:\/\/projectes.xtec.cat\/xtcd\/coordinacio-digital-de-centre\/sessions-2021-22\/sessio-1\/\" target=\"_blank\" rel=\"noopener\">1a sessi\u00f3 de la XTCD ( Webinar 21-10-2021)\u00a0<\/a><\/p>\n<h4><a href=\"https:\/\/projectes.xtec.cat\/xtcd\/coordinacio-digital-de-centre\/sessions-2021-22\/sessio-1\/\" target=\"_blank\" rel=\"noopener\">Enregistrament del seminari web de la sessi\u00f3:<\/a><\/h4>\n<p><a href=\"https:\/\/projectes.xtec.cat\/xtcd\/coordinacio-digital-de-centre\/sessions-2021-22\/sessio-2\/\" target=\"_blank\" rel=\"noopener\"><img loading=\"lazy\" decoding=\"async\" class=\"aligncenter wp-image-16047 size-full\" src=\"https:\/\/serveiseducatius.xtec.cat\/altemporda\/wp-content\/uploads\/usu1156\/2022\/02\/Captura-1.png\" alt=\"\" width=\"702\" height=\"425\" \/><\/a><\/p>\n<hr \/>\n<p style=\"text-align: left;\">&#8211; <a href=\"https:\/\/docs.google.com\/presentation\/d\/1wF6biJ3OGZQA5qbR0PzijTVWx9bz2IBExkb4PXZhj9g\/preview\" target=\"_blank\" rel=\"noopener\">Presentaci\u00f3 1a sessi\u00f3 territorial AE<\/a> (<a href=\"https:\/\/docs.google.com\/forms\/d\/e\/1FAIpQLSe7nC_Ss4PSt91-y2JA7-wB74WdNrbpzou8LpiXtQCJgZR9fQ\/viewform\" target=\"_blank\" rel=\"noopener\">Formulari d&#8217;assist\u00e8ncia<\/a>)<\/p>\n","protected":false},"excerpt":{"rendered":"<p>&#8211; 1a sessi\u00f3 de la XTCD ( Webinar 21-10-2021)\u00a0 Enregistrament del seminari web de la sessi\u00f3: &#8211; Presentaci\u00f3 1a sessi\u00f3 territorial AE (Formulari d&#8217;assist\u00e8ncia)<\/p>\n","protected":false},"author":4,"featured_media":0,"parent":18182,"menu_order":0,"comment_status":"closed","ping_status":"closed","template":"","meta":{"_bbp_topic_count":0,"_bbp_reply_count":0,"_bbp_total_topic_count":0,"_bbp_total_reply_count":0,"_bbp_voice_count":0,"_bbp_anonymous_reply_count":0,"_bbp_topic_count_hidden":0,"_bbp_reply_count_hidden":0,"_bbp_forum_subforum_count":0,"site-sidebar-layout":"default","site-content-layout":"","ast-site-content-layout":"","site-content-style":"default","site-sidebar-style":"default","ast-global-header-display":"","ast-banner-title-visibility":"","ast-main-header-display":"","ast-hfb-above-header-display":"","ast-hfb-below-header-display":"","ast-hfb-mobile-header-display":"","site-post-title":"","ast-breadcrumbs-content":"","ast-featured-img":"","footer-sml-layout":"","theme-transparent-header-meta":"","adv-header-id-meta":"","stick-header-meta":"","header-above-stick-meta":"","header-main-stick-meta":"","header-below-stick-meta":"","astra-migrate-meta-layouts":"default","ast-page-background-enabled":"default","ast-page-background-meta":{"desktop":{"background-color":"var(--ast-global-color-4)","background-image":"","background-repeat":"repeat","background-position":"center center","background-size":"auto","background-attachment":"scroll","background-type":"","background-media":"","overlay-type":"","overlay-color":"","overlay-opacity":"","overlay-gradient":""},"tablet":{"background-color":"","background-image":"","background-repeat":"repeat","background-position":"center center","background-size":"auto","background-attachment":"scroll","background-type":"","background-media":"","overlay-type":"","overlay-color":"","overlay-opacity":"","overlay-gradient":""},"mobile":{"background-color":"","background-image":"","background-repeat":"repeat","background-position":"center center","background-size":"auto","background-attachment":"scroll","background-type":"","background-media":"","overlay-type":"","overlay-color":"","overlay-opacity":"","overlay-gradient":""}},"ast-content-background-meta":{"desktop":{"background-color":"var(--ast-global-color-5)","background-image":"","background-repeat":"repeat","background-position":"center center","background-size":"auto","background-attachment":"scroll","background-type":"","background-media":"","overlay-type":"","overlay-color":"","overlay-opacity":"","overlay-gradient":""},"tablet":{"background-color":"var(--ast-global-color-5)","background-image":"","background-repeat":"repeat","background-position":"center center","background-size":"auto","background-attachment":"scroll","background-type":"","background-media":"","overlay-type":"","overlay-color":"","overlay-opacity":"","overlay-gradient":""},"mobile":{"background-color":"var(--ast-global-color-5)","background-image":"","background-repeat":"repeat","background-position":"center center","background-size":"auto","background-attachment":"scroll","background-type":"","background-media":"","overlay-type":"","overlay-color":"","overlay-opacity":"","overlay-gradient":""}},"footnotes":""},"class_list":["post-15893","page","type-page","status-publish","hentry"],"post_mailing_queue_ids":[],"_links":{"self":[{"href":"https:\/\/serveiseducatius.xtec.cat\/altemporda\/wp-json\/wp\/v2\/pages\/15893","targetHints":{"allow":["GET"]}}],"collection":[{"href":"https:\/\/serveiseducatius.xtec.cat\/altemporda\/wp-json\/wp\/v2\/pages"}],"about":[{"href":"https:\/\/serveiseducatius.xtec.cat\/altemporda\/wp-json\/wp\/v2\/types\/page"}],"author":[{"embeddable":true,"href":"https:\/\/serveiseducatius.xtec.cat\/altemporda\/wp-json\/wp\/v2\/users\/4"}],"replies":[{"embeddable":true,"href":"https:\/\/serveiseducatius.xtec.cat\/altemporda\/wp-json\/wp\/v2\/comments?post=15893"}],"version-history":[{"count":3,"href":"https:\/\/serveiseducatius.xtec.cat\/altemporda\/wp-json\/wp\/v2\/pages\/15893\/revisions"}],"predecessor-version":[{"id":16050,"href":"https:\/\/serveiseducatius.xtec.cat\/altemporda\/wp-json\/wp\/v2\/pages\/15893\/revisions\/16050"}],"up":[{"embeddable":true,"href":"https:\/\/serveiseducatius.xtec.cat\/altemporda\/wp-json\/wp\/v2\/pages\/18182"}],"wp:attachment":[{"href":"https:\/\/serveiseducatius.xtec.cat\/altemporda\/wp-json\/wp\/v2\/media?parent=15893"}],"curies":[{"name":"wp","href":"https:\/\/api.w.org\/{rel}","templated":true}]}}