{"id":15885,"date":"2022-02-07T13:41:31","date_gmt":"2022-02-07T12:41:31","guid":{"rendered":"https:\/\/serveiseducatius.xtec.cat\/altemporda\/?page_id=15885"},"modified":"2023-09-11T23:55:03","modified_gmt":"2023-09-11T21:55:03","slug":"formacio-docent","status":"publish","type":"page","link":"https:\/\/serveiseducatius.xtec.cat\/altemporda\/xarxa-descoles-del-pn-cap-de-creus\/formacio-docent\/","title":{"rendered":"Formaci\u00f3 docent"},"content":{"rendered":"<p style=\"text-align: justify;\"><img loading=\"lazy\" decoding=\"async\" class=\"wp-image-17392 alignleft\" src=\"https:\/\/serveiseducatius.xtec.cat\/altemporda\/wp-content\/uploads\/usu1156\/2022\/05\/34940794-7972-4925-b49c-c2efc8973654-1024x576.jpg\" alt=\"\" width=\"338\" height=\"190\" srcset=\"https:\/\/serveiseducatius.xtec.cat\/altemporda\/wp-content\/uploads\/usu1156\/2022\/05\/34940794-7972-4925-b49c-c2efc8973654-1024x576.jpg 1024w, https:\/\/serveiseducatius.xtec.cat\/altemporda\/wp-content\/uploads\/usu1156\/2022\/05\/34940794-7972-4925-b49c-c2efc8973654-300x169.jpg 300w, https:\/\/serveiseducatius.xtec.cat\/altemporda\/wp-content\/uploads\/usu1156\/2022\/05\/34940794-7972-4925-b49c-c2efc8973654-768x432.jpg 768w, https:\/\/serveiseducatius.xtec.cat\/altemporda\/wp-content\/uploads\/usu1156\/2022\/05\/34940794-7972-4925-b49c-c2efc8973654-1536x864.jpg 1536w, https:\/\/serveiseducatius.xtec.cat\/altemporda\/wp-content\/uploads\/usu1156\/2022\/05\/34940794-7972-4925-b49c-c2efc8973654.jpg 2048w\" sizes=\"auto, (max-width: 338px) 100vw, 338px\" \/>Una de les inquietuds manifestades pels equips directius que formen part de la Xarxa d&#8217;escoles del parc \u00e9s la necessitat d&#8217;<strong><em>empoderar els docents en el coneixement del medi natural, social i cultural del Parc, vetllant per generar un vincle i sentit de pertinen\u00e7a amb el territori per tal poder transferir aquests sabers i emocions als infants.<\/em><\/strong><\/p>\n<p style=\"text-align: justify;\">Per assolir aquesta fita s&#8217;han projectat diferents sortides de camp els <span style=\"font-size: 14pt; color: #339966;\"><em><strong>dissabtes docents a la natura<\/strong><\/em><\/span>. Aquesta crida a <strong>reconnectar la natura<\/strong> amb l&#8217;escola a partir d&#8217;un curs de formaci\u00f3, ha estat recolzada per la totalitat dels centres que pertanyen al parc.<\/p>\n<p style=\"text-align: justify;\">En aquest sentit, s&#8217;han projectat tres onades formatives per donar cabuda a totes les demandes dels docents. Aquestes formacions han comptat amb la participaci\u00f3 de gaireb\u00e9 el 60% dels docents de cadascun dels centres. Una fita important que permet a les escoles dissenyar un aprenentatge massiu, profund i globalitzador.<\/p>\n<p style=\"text-align: justify;\"><span style=\"color: #33cccc;\"><span style=\"color: #000000;\">Aquestes formacions han estat dinamitzades per expertes en diferents \u00e0mbits del saber: bi\u00f2legs, ambient\u00f2legs, ge\u00f2legs, ornit\u00f2legs, pedagogs i educadors ambientals. <\/span><\/span><\/p>\n<p style=\"text-align: center;\"><span style=\"font-size: 10pt;\"><em><strong>&#8220;Hem de canviar de model de pa\u00eds, hem de canviar la manera de pensar.\u00a0 <\/strong><\/em><\/span><span style=\"font-size: 10pt;\"><em><strong>El repte no \u00e9s defensar el paisatge que tenim.\u00a0 <\/strong><\/em><\/span><span style=\"font-size: 10pt;\"><em><strong>\u00c9s decidir crear el paisatge que ens permetr\u00e0 viure sota el canvi clim\u00e0tic.&#8221; <\/strong><\/em><\/span><span style=\"font-size: 10pt;\">Marc Castellnou. Cap dels GRAFS. Bombers de la Generalitat<\/span><\/p>\n<div class=\"fila;\">\n<div class=\"columna\" style=\"width: 40%;\"><\/div>\n<div class=\"columna\" style=\"width: 20%; text-align: center;\"><a class=\"boto_taula\" style=\"color: #000000;\" href=\"https:\/\/drive.google.com\/drive\/folders\/1ZQjUkbsEK_Jxsn89RVOWOXE2lKSo5XBx\" target=\"_blank\" rel=\"noopener noreferrer\"><span style=\"font-size: 1.25em;\"><strong>Espai restringit<\/strong><\/span><\/a><\/div>\n<div class=\"columna\" style=\"width: 40%;\"><\/div>\n<\/div>\n<p>&nbsp;<\/p>\n<p style=\"text-align: center;\"><span style=\"color: #ff0000; font-size: 10pt;\"><em>als docents de les escoles del Parc<\/em><\/span><\/p>\n<hr \/>\n<p style=\"text-align: justify;\"><span style=\"font-size: 12pt;\">Un cop finalitzada la formaci\u00f3 de <span style=\"color: #00ccff;\"><strong>Descoberta del parc natural de Cap de Creus<\/strong><\/span>. Podem dir que s&#8217;han assolit bona part dels objectius programats, per\u00f2 encara ens queda feina per fer. Aix\u00ed doncs, s&#8217;han projectat <\/span><span style=\"color: #000000;\"><strong><span style=\"font-size: 14pt;\"><span style=\"font-size: 12pt;\">disset dissabtes a la natura<\/span>, <\/span><\/strong><span style=\"font-size: 12pt;\">amb <\/span><strong><span style=\"font-size: 14pt;\"><span style=\"font-size: 12pt;\">126 participants, cinc ambients de treball, 30 parades, un munt de preguntes a resoldre i m\u00e9s de 300 imatges. <\/span><\/span><\/strong><\/span><span style=\"font-size: 10pt;\"><em>#Comprom\u00edsDocent durant la primavera, tardor i hivern amb fred, calor, pluja, tramuntana i&#8230; mascareta.<\/em><\/span><\/p>\n<p style=\"text-align: justify;\">Tot seguit trobareu el buidatge de les imatges de les diferents sortides amb la intenci\u00f3 de <strong>recordar i emocionar <\/strong>per tal de<strong>\u00a0transferir<\/strong> les activitats a l&#8217;alumnat. Tenint present que l<span style=\"color: #33cccc;\"><strong>&#8216;aprenentatge profund<\/strong> <\/span>no consisteix a visitar un espai i explicar an\u00e8cdotes agradables d&#8217;aquest. M\u00e9s aviat ens demana <span style=\"color: #33cccc;\"><strong>fer-nos preguntes rellevants<\/strong><\/span> que ens apropin al seu <strong><span style=\"color: #33cccc;\">coneixement, comprom\u00eds i acci\u00f3<\/span><\/strong>.<\/p>\n<p style=\"text-align: justify;\">Per assolir aquesta important premissa us proposem, <strong>primer<\/strong>, treballar les situacions d&#8217;aprenentatge de les sortides per cicles i despr\u00e9s seq\u00fcenciar-ho amb la resta de l&#8217;equip docent del centre seguin els passos seg\u00fcents<strong>:<\/strong><\/p>\n<ol>\n<li style=\"text-align: justify;\">Visionar i analitzar les imatges per tal de complimentar les diferents <em><strong>graelles d&#8217;explotaci\u00f3 did\u00e0ctica <\/strong><\/em>que s&#8217;han treballat a cada sortida.\n<div align=\"center\">\n<table style=\"border-collapse: collapse; width: 85.6256%; height: 43px;\">\n<tbody>\n<tr style=\"height: 49px;\">\n<td style=\"width: 34.1274%; height: 16px;\"><span style=\"color: #000000;\"><strong>La pregunta:\u00a0<\/strong><\/span><a href=\"https:\/\/drive.google.com\/file\/d\/1kGaiHLhNl1QO42J9yavm1RrScNIa8Xc2\/preview\" target=\"_blank\" rel=\"noopener\"><span style=\"font-weight: 400;\"><span style=\"color: #33cccc;\"><strong>Sortida:<\/strong><\/span><\/span><i><span style=\"font-weight: 400;\"> Descoberta de la Serra de Rodes, <\/span><\/i><\/a><i><span style=\"font-weight: 400;\">una visi\u00f3 a\u00e8ria del Parc.\u00a0 \u00a0 \u00a0 \u00a0 \u00a0 \u00a0 \u00a0 \u00a0 \u00a0 \u00a0 \u00a0 \u00a0 \u00a0 \u00a0 \u00a0 \u00a0 <strong><a href=\"https:\/\/drive.google.com\/file\/d\/1rnzbJOEZoilkW7c1rE06HNfwThOU_dMW\/preview\" target=\"_blank\" rel=\"noopener\">Q\u00fcestionari Ava.<\/a><\/strong><\/span><\/i><\/td>\n<td style=\"width: 35.2258%; height: 16px;\"><strong>La Pregunta: <\/strong>I tu, d&#8217;on vens? <span style=\"color: #33cccc;\"><strong>S<\/strong><strong>ortida: <\/strong><\/span><i><span style=\"font-weight: 400;\"><a href=\"https:\/\/drive.google.com\/file\/d\/1NerlJDMq5Kmq5vVUsxVL6z8lZSmwsUto\/preview\" target=\"_blank\" rel=\"noopener\">Descoberta del medi mar\u00ed. <\/a><\/span><\/i><strong><i><a href=\"https:\/\/drive.google.com\/file\/d\/1IXn4CgcybiQoMmobveUMEr8mlzmBQW4e\/preview\" target=\"_blank\" rel=\"noopener\">Q\u00fcestionari Ava<\/a>.<\/i><\/strong><\/td>\n<td style=\"width: 30.6467%; height: 16px;\"><strong>La Pregunta:<\/strong> <em>Podem beure d&#8217;aquesta aigua?\u00a0 <strong><span style=\"color: #33cccc;\">Sortida:<\/span> <\/strong><\/em><i><span style=\"font-weight: 400;\"><a href=\"https:\/\/drive.google.com\/file\/d\/1KKauZgHnv2qCoAMuhyM6LhlHGYSn8ugm\/preview\" target=\"_blank\" rel=\"noopener\">Descoberta dels ecosistemes d\u2019aigua dol\u00e7a<\/a>. <strong><a href=\"https:\/\/drive.google.com\/file\/d\/1KOdwhjvmd1uO8O_eO6zU8KaGGep-OFEe\/preview\" target=\"_blank\" rel=\"noopener\">Q\u00fcestionari Ava.<\/a><\/strong><\/span><\/i><\/td>\n<\/tr>\n<tr style=\"height: 48px;\">\n<td style=\"width: 34.1274%; height: 27px;\"><strong>La pregunta:<\/strong> <em>Les pedres parlen? <\/em><span style=\"font-weight: 400;\"><a href=\"https:\/\/drive.google.com\/file\/d\/1OY9ooXvXa7Wh4mPEGps09-RvMLBzDONy\/preview\" target=\"_blank\" rel=\"noopener\"><strong>Sortida:<\/strong><\/a><\/span> <i><span style=\"font-weight: 400;\"><a href=\"https:\/\/drive.google.com\/file\/d\/1OY9ooXvXa7Wh4mPEGps09-RvMLBzDONy\/preview\" target=\"_blank\" rel=\"noopener\">Descoberta de la geologia del paratge de Tudela<\/a>.\u00a0 \u00a0 <strong><a href=\"https:\/\/drive.google.com\/file\/d\/1QbbDSDucmhzeTXYnWGpie7L5UySwseXp\/preview\" target=\"_blank\" rel=\"noopener\">Q\u00fcestionari Ava<\/a>.<\/strong><\/span><\/i><\/td>\n<td style=\"width: 35.2258%; height: 27px;\"><strong>La pregunta: <\/strong><em>Quanta vida hi ha en 1 m\u00b2 de bosc? <\/em><span style=\"color: #00ccff;\"><strong>Sortida: <\/strong><\/span><i><span style=\"font-weight: 400;\"><a href=\"https:\/\/drive.google.com\/file\/d\/1z68LEeMwW3CY03LoJrBn5bdKE1P42idD\/preview\" target=\"_blank\" rel=\"noopener\">Descoberta dels rastres i els boscos que envolten l&#8217;escola. <\/a><\/span><\/i><strong><i><a href=\"https:\/\/drive.google.com\/file\/d\/1uFrlivrLLroD75VvtNMzGz4DLzIwG4Gn\/preview\" target=\"_blank\" rel=\"noopener\">Q\u00fcestionari Ava.<\/a><\/i><\/strong><\/td>\n<td style=\"width: 30.6467%; height: 27px;\"><strong>La Pregunta:<\/strong> Aqu\u00ed, abans no hi havia un marge?<\/p>\n<p><i><span style=\"font-weight: 400;\">El paisatge agr\u00edcola i ramader\u00a0<\/span><\/i><\/td>\n<\/tr>\n<\/tbody>\n<\/table>\n<\/div>\n<\/li>\n<li style=\"text-align: justify;\">Exposar, unificar i consensuar les diferents <strong><em>adaptacions did\u00e0ctiques<\/em><\/strong> que han sorgit en cadascuna de les onades de formaci\u00f3.<\/li>\n<li style=\"text-align: justify;\">Llistar les <em><strong>preguntes rellevants<\/strong><\/em> sorgides en cada ambient de treball.<strong>\u00a0<\/strong><\/li>\n<li style=\"text-align: justify;\">Analitzar la incid\u00e8ncia dels humans a partir del concepte d&#8217;<strong>antropitzaci\u00f3 <\/strong>i la seva afectaci\u00f3 al medi.<\/li>\n<li style=\"text-align: justify;\">Establir quin ha de ser el nostre <strong>comprom\u00eds\/acci\u00f3<\/strong> de millora. Exemples inspiradors: <a href=\"https:\/\/docs.google.com\/document\/d\/1dLor-Qu7j4BUCU13B55po3XjW57TKGDdbLw_3P_15Y0\/preview\" target=\"_blank\" rel=\"noopener\">ODS, Ci\u00e8ncia Ciutadana,<\/a> <a href=\"https:\/\/lifemedcliffs.org\/el-projecte\/\" target=\"_blank\" rel=\"noopener\">LIFE medCLIFFS<\/a> i <a href=\"https:\/\/serveiseducatius.xtec.cat\/altemporda\/xarxa-descoles-del-pn-cap-de-creus\/campanyes-ambientals\/\" target=\"_blank\" rel=\"noopener\">campanyes ambientals<\/a>.<\/li>\n<li style=\"text-align: justify;\">Cercar informaci\u00f3 dels <strong>sabers<\/strong> necessaris de la desconerta del pn de Cap de Creus a partir del treball de les <a href=\"https:\/\/serveiseducatius.xtec.cat\/altemporda\/xarxa-descoles-del-pn-cap-de-creus\/biolectures\/\" target=\"_blank\" rel=\"noopener\"><strong>BioLectures<\/strong><\/a> sobre la biodiversitat, emerg\u00e8ncia clim\u00e0tica i col\u00b7lecci\u00f3 parcs amb el suport de l&#8217;apartat de <strong><a href=\"https:\/\/serveiseducatius.xtec.cat\/altemporda\/xarxa-descoles-del-pn-cap-de-creus\/recursos-educatius\/\" target=\"_blank\" rel=\"noopener\">recursos educatius<\/a><\/strong>.<\/li>\n<li style=\"text-align: justify;\">Seq\u00fcenciar el treball de medi per cicles. Exemple: Escola Montserrat Vayreda de Roses.<\/li>\n<li style=\"text-align: justify;\">Reflexionar si ens podem permetre que els infants surtin del sistema educatiu sense un coneixement m\u00ednim del territori. En el nostre cas visita als tres parcs i set museus de la comarca.<\/li>\n<li>Contestar el<strong> Q\u00fcestionari d&#8217;aprofitament did\u00e0ctic<\/strong> mitjan\u00e7ant <em>Kahoot<\/em> i debatre la import\u00e0ncia de l&#8217;aprenentatge profund vs. aprenentatges memor\u00edstics.<\/li>\n<li style=\"text-align: justify;\">Gaudir i jugar amb l&#8217;entorn. En aquest cas us proposem descobrir dues imatges impossibles de trobar al parc, per\u00f2 que ens apareixen en el buidatge gr\u00e0fic. \ud83d\ude09<\/li>\n<\/ol>\n<table style=\"border-collapse: collapse; width: 100%;\">\n<tbody>\n<tr>\n<td style=\"width: 50%; height: 320px;\"><iframe loading=\"lazy\" src=\"https:\/\/docs.google.com\/presentation\/d\/e\/2PACX-1vR2P8MWuY-15iFheRBpDThEf0Pv1Ex7_2TvMzMKwBWdFcDHo1_OXlh3fhZ68oaN-u3eF3kvWKrD63v2\/embed?start=true&amp;loop=true&amp;delayms=3000\" width=\"730\" height=\"320\" frameborder=\"0\" allowfullscreen=\"allowfullscreen\"><\/iframe><\/td>\n<td style=\"width: 50%; height: 320px;\"><iframe loading=\"lazy\" src=\"https:\/\/docs.google.com\/presentation\/d\/e\/2PACX-1vQpkUpvF2klDeZUHuuxjJITPlYCxLAQUYNHT0TqpC7j7m-1G05PCBl219i8rPCJDAMT88rPzyRff7_m\/embed?start=true&amp;loop=true&amp;delayms=3000\" width=\"730\" height=\"320\" frameborder=\"0\" allowfullscreen=\"allowfullscreen\"><\/iframe><\/td>\n<\/tr>\n<tr>\n<td style=\"width: 50%; height: 320px;\"><iframe loading=\"lazy\" src=\"https:\/\/docs.google.com\/presentation\/d\/e\/2PACX-1vTHCdnBw-7pgTCbnA34ctuhIcqQKPQPV3GUrEHrDYBu3oc73L31vwLSNF16uYwaqAfDGHDvgd29_YWZ\/embed?start=true&amp;loop=true&amp;delayms=3000\" width=\"730\" height=\"320\" frameborder=\"0\" allowfullscreen=\"allowfullscreen\"><\/iframe><\/td>\n<td style=\"width: 50%; height: 320px;\"><iframe loading=\"lazy\" src=\"https:\/\/docs.google.com\/presentation\/d\/e\/2PACX-1vTT7tp154Fb5vO3ucy49sVUILg_bbPCpddhkKpYyBNFZUupYhLo5tWIajuKk7Cer9VBJStxq5eQByoV\/embed?start=true&amp;loop=false&amp;delayms=3000\" width=\"730\" height=\"320\" frameborder=\"0\" allowfullscreen=\"allowfullscreen\"><\/iframe><\/td>\n<\/tr>\n<tr>\n<td style=\"width: 50%; height: 320px;\"><iframe loading=\"lazy\" src=\"https:\/\/docs.google.com\/presentation\/d\/e\/2PACX-1vTg5MsFqXEOomQ8aoC_ekzWdNhVOgH7W11cYavfd8WdfarYehl3OuQl95RdbZAqAjVNMCztEKUZdCM_\/embed?start=true&amp;loop=true&amp;delayms=3000\" width=\"730\" height=\"320\" frameborder=\"0\" allowfullscreen=\"allowfullscreen\"><\/iframe><\/td>\n<td style=\"width: 50%; height: 320px;\"><\/td>\n<\/tr>\n<\/tbody>\n<\/table>\n<p><em><span style=\"font-size: 8pt;\">Si trobeu que sobra o falta alguna imatge, no dubteu a comunicar-ho a [crp-altemprda@xtec.cat]<\/span><\/em><\/p>\n<p><img decoding=\"async\" src=\"https:\/\/serveiseducatius.xtec.cat\/altemporda\/wp-content\/uploads\/usu1156\/2022\/02\/infoObjXEPNCC.png\" \/><\/p>\n<table style=\"border-collapse: collapse; width: 100%;\">\n<tbody>\n<tr>\n<td style=\"width: 50%;\"><img loading=\"lazy\" decoding=\"async\" class=\"wp-image-13923 aligncenter\" style=\"border: none; color: #2795b6;\" src=\"https:\/\/serveiseducatius.xtec.cat\/altemporda\/wp-content\/uploads\/usu1156\/2021\/09\/3-1024x719.png\" alt=\"\" width=\"550\" height=\"500\" \/><\/td>\n<td style=\"width: 50%;\"><iframe loading=\"lazy\" src=\"https:\/\/drive.google.com\/file\/d\/16-UtAAp5EeyvK4AV5iPzJ3sxRlbtudbm\/preview\" width=\"450\" height=\"350\"><span data-mce-type=\"bookmark\" style=\"display: inline-block; width: 0px; overflow: hidden; line-height: 0;\" class=\"mce_SELRES_start\">\ufeff<\/span><\/iframe><\/td>\n<\/tr>\n<\/tbody>\n<\/table>\n","protected":false},"excerpt":{"rendered":"<p>Una de les inquietuds manifestades pels equips directius que formen part de la Xarxa d&#8217;escoles del parc \u00e9s la necessitat d&#8217;empoderar els docents en el coneixement del medi natural, social i cultural del Parc, vetllant per generar un vincle i sentit de pertinen\u00e7a amb el territori per tal poder transferir aquests sabers i emocions als [&hellip;]<\/p>\n","protected":false},"author":1,"featured_media":0,"parent":13173,"menu_order":0,"comment_status":"closed","ping_status":"closed","template":"","meta":{"_bbp_topic_count":0,"_bbp_reply_count":0,"_bbp_total_topic_count":0,"_bbp_total_reply_count":0,"_bbp_voice_count":0,"_bbp_anonymous_reply_count":0,"_bbp_topic_count_hidden":0,"_bbp_reply_count_hidden":0,"_bbp_forum_subforum_count":0,"site-sidebar-layout":"default","site-content-layout":"","ast-site-content-layout":"","site-content-style":"default","site-sidebar-style":"default","ast-global-header-display":"","ast-banner-title-visibility":"","ast-main-header-display":"","ast-hfb-above-header-display":"","ast-hfb-below-header-display":"","ast-hfb-mobile-header-display":"","site-post-title":"","ast-breadcrumbs-content":"","ast-featured-img":"","footer-sml-layout":"","theme-transparent-header-meta":"","adv-header-id-meta":"","stick-header-meta":"","header-above-stick-meta":"","header-main-stick-meta":"","header-below-stick-meta":"","astra-migrate-meta-layouts":"default","ast-page-background-enabled":"default","ast-page-background-meta":{"desktop":{"background-color":"var(--ast-global-color-4)","background-image":"","background-repeat":"repeat","background-position":"center center","background-size":"auto","background-attachment":"scroll","background-type":"","background-media":"","overlay-type":"","overlay-color":"","overlay-opacity":"","overlay-gradient":""},"tablet":{"background-color":"","background-image":"","background-repeat":"repeat","background-position":"center center","background-size":"auto","background-attachment":"scroll","background-type":"","background-media":"","overlay-type":"","overlay-color":"","overlay-opacity":"","overlay-gradient":""},"mobile":{"background-color":"","background-image":"","background-repeat":"repeat","background-position":"center center","background-size":"auto","background-attachment":"scroll","background-type":"","background-media":"","overlay-type":"","overlay-color":"","overlay-opacity":"","overlay-gradient":""}},"ast-content-background-meta":{"desktop":{"background-color":"var(--ast-global-color-5)","background-image":"","background-repeat":"repeat","background-position":"center center","background-size":"auto","background-attachment":"scroll","background-type":"","background-media":"","overlay-type":"","overlay-color":"","overlay-opacity":"","overlay-gradient":""},"tablet":{"background-color":"var(--ast-global-color-5)","background-image":"","background-repeat":"repeat","background-position":"center center","background-size":"auto","background-attachment":"scroll","background-type":"","background-media":"","overlay-type":"","overlay-color":"","overlay-opacity":"","overlay-gradient":""},"mobile":{"background-color":"var(--ast-global-color-5)","background-image":"","background-repeat":"repeat","background-position":"center center","background-size":"auto","background-attachment":"scroll","background-type":"","background-media":"","overlay-type":"","overlay-color":"","overlay-opacity":"","overlay-gradient":""}},"footnotes":""},"class_list":["post-15885","page","type-page","status-publish","hentry"],"post_mailing_queue_ids":[],"_links":{"self":[{"href":"https:\/\/serveiseducatius.xtec.cat\/altemporda\/wp-json\/wp\/v2\/pages\/15885","targetHints":{"allow":["GET"]}}],"collection":[{"href":"https:\/\/serveiseducatius.xtec.cat\/altemporda\/wp-json\/wp\/v2\/pages"}],"about":[{"href":"https:\/\/serveiseducatius.xtec.cat\/altemporda\/wp-json\/wp\/v2\/types\/page"}],"author":[{"embeddable":true,"href":"https:\/\/serveiseducatius.xtec.cat\/altemporda\/wp-json\/wp\/v2\/users\/1"}],"replies":[{"embeddable":true,"href":"https:\/\/serveiseducatius.xtec.cat\/altemporda\/wp-json\/wp\/v2\/comments?post=15885"}],"version-history":[{"count":6,"href":"https:\/\/serveiseducatius.xtec.cat\/altemporda\/wp-json\/wp\/v2\/pages\/15885\/revisions"}],"predecessor-version":[{"id":21173,"href":"https:\/\/serveiseducatius.xtec.cat\/altemporda\/wp-json\/wp\/v2\/pages\/15885\/revisions\/21173"}],"up":[{"embeddable":true,"href":"https:\/\/serveiseducatius.xtec.cat\/altemporda\/wp-json\/wp\/v2\/pages\/13173"}],"wp:attachment":[{"href":"https:\/\/serveiseducatius.xtec.cat\/altemporda\/wp-json\/wp\/v2\/media?parent=15885"}],"curies":[{"name":"wp","href":"https:\/\/api.w.org\/{rel}","templated":true}]}}