{"id":15727,"date":"2022-01-28T12:33:37","date_gmt":"2022-01-28T11:33:37","guid":{"rendered":"https:\/\/serveiseducatius.xtec.cat\/altemporda\/?page_id=15727"},"modified":"2025-09-24T10:34:26","modified_gmt":"2025-09-24T08:34:26","slug":"agenda-escolar","status":"publish","type":"page","link":"https:\/\/serveiseducatius.xtec.cat\/altemporda\/xarxa-descoles-del-pn-cap-de-creus\/agenda-escolar\/","title":{"rendered":"Agenda escolar"},"content":{"rendered":"<p style=\"text-align: justify;\"><a href=\"https:\/\/serveiseducatius.xtec.cat\/altemporda\/wp-content\/uploads\/usu1156\/2021\/05\/qr_img.png\"><img loading=\"lazy\" decoding=\"async\" class=\"wp-image-13181 alignleft\" src=\"https:\/\/serveiseducatius.xtec.cat\/altemporda\/wp-content\/uploads\/usu1156\/2021\/05\/qr_img.png\" alt=\"\" width=\"145\" height=\"145\" srcset=\"https:\/\/serveiseducatius.xtec.cat\/altemporda\/wp-content\/uploads\/usu1156\/2021\/05\/qr_img.png 264w, https:\/\/serveiseducatius.xtec.cat\/altemporda\/wp-content\/uploads\/usu1156\/2021\/05\/qr_img-150x150.png 150w\" sizes=\"auto, (max-width: 145px) 100vw, 145px\" \/><\/a><span style=\"font-size: 14pt; color: #22bcac;\"><strong>L\u2019agenda<\/strong><\/span> \u00e9s una iniciativa de la Xarxa d&#8217;escoles del Parc natural de Cap de Creus, el Servei educatiu de l&#8217;Alt Empord\u00e0 i el Parc natural. Un punt de trobada adre\u00e7at a tot l\u2019alumnat de prim\u00e0ria i secund\u00e0ria, des dels primers anys d\u2019escola fins als m\u00e9s grans. Les seves fites s\u00f3n diverses; per una banda, identificar un territori divers, singular i apassionant, per\u00f2 alhora fr\u00e0gil i sensible. Nom\u00e9s si el coneixem i l\u2019estimem serem capa\u00e7os de preservar-lo com es mereix. D\u2019altra banda, l\u2019agenda permetr\u00e0 treballar diferents propostes educatives vinculades al nostre entorn a trav\u00e9s de reptes i experi\u00e8ncies de natura que es podran desenvolupar tot l\u2019any; tamb\u00e9 les tem\u00e0tiques s\u00f3n \u00e0mplies, des del patrimoni cultural fins a ocells i plantes. Finalment, a trav\u00e9s de la ci\u00e8ncia ciutadana, podrem aportar dades, informaci\u00f3, observacions i eines que facilitaran la tasca a l\u2019equip gestor del Parc natural de Cap de Creus. En definitiva, una bona eina per treballar a l&#8217;escola i a casa.<\/p>\r\n<p style=\"text-align: justify;\">Gaudiu-ne, aprofiteu-la i, sobretot, feu-la servir com una eina de treball per a con\u00e8ixer i estimar encara m\u00e9s aquest parc natural on tenim la sort de viure, cr\u00e9ixer i aprendre.<\/p>\r\n<div class=\"fila; engrandeix img;\" style=\"display: flex; align-items: center; justify-content: center;\">\r\n<div class=\"columna\" style=\"width: 25%;\"><a href=\"https:\/\/serveiseducatius.xtec.cat\/altemporda\/xarxa-descoles-del-pn-cap-de-creus\/agenda-escolar\/agenda-escolar-xepncc-2024-2025\/\" target=\"_blank\" rel=\"noopener noreferrer\"><br \/><\/a><a href=\"https:\/\/serveiseducatius.xtec.cat\/altemporda\/xarxa-descoles-del-pn-cap-de-creus\/agenda-escolar\/agenda-escolar-xepncc-2025-2026\/\" target=\"_blank\" rel=\"noopener noreferrer\"><img decoding=\"async\" class=\"alignnone\" style=\"border: 1px solid #555;\" src=\"https:\/\/serveiseducatius.xtec.cat\/altemporda\/wp-content\/uploads\/usu1156\/2025\/09\/Agenda-escolar-XEPNCC-2025-2026.png\" alt=\"\" width=\"90%\" \/><\/a><\/div>\r\n<div class=\"columna\" style=\"width: 25%;\"><a href=\"https:\/\/serveiseducatius.xtec.cat\/altemporda\/xarxa-descoles-del-pn-cap-de-creus\/agenda-escolar\/agenda-escolar-xepncc-2024-2025\/\" target=\"_blank\" rel=\"noopener noreferrer\"><br \/><img decoding=\"async\" style=\"border: 1px solid #555;\" src=\"https:\/\/serveiseducatius.xtec.cat\/altemporda\/wp-content\/uploads\/usu1156\/2024\/07\/Agenda-PNCC-2024-2025.png\" width=\"90%\" \/><\/a><\/div>\r\n<\/div>\r\n<div class=\"fila; engrandeix img;\" style=\"display: flex; align-items: center; justify-content: center;\">\r\n<div class=\"columna\" style=\"width: 25%;\"><a href=\"https:\/\/serveiseducatius.xtec.cat\/altemporda\/xarxa-descoles-del-pn-cap-de-creus\/agenda-escolar\/agenda-escolar-xepncc-2023-2024\/\" target=\"_blank\" rel=\"noopener noreferrer\"><br \/><img decoding=\"async\" style=\"border: 1px solid #555;\" src=\"https:\/\/serveiseducatius.xtec.cat\/altemporda\/wp-content\/uploads\/usu1156\/2023\/05\/Tapa-agenda-23_24.png\" width=\"90%\" \/><\/a><\/div>\r\n<div class=\"columna\" style=\"width: 25%;\"><a href=\"https:\/\/serveiseducatius.xtec.cat\/altemporda\/xarxa-descoles-del-pn-cap-de-creus\/agenda-escolar\/agenda-escolar-xepncc-2022-2023\/\" target=\"_blank\" rel=\"noopener noreferrer\"><br \/><img decoding=\"async\" style=\"border: 1px solid #555;\" src=\"https:\/\/serveiseducatius.xtec.cat\/altemporda\/wp-content\/uploads\/usu1156\/2022\/09\/Captura-de-pantalla-2022-09-13-a-les-18.55.24.png\" width=\"90%\" \/><\/a><\/div>\r\n<div class=\"columna\" style=\"width: 25%;\"><a href=\"https:\/\/serveiseducatius.xtec.cat\/altemporda\/xarxa-descoles-del-pn-cap-de-creus\/agenda-escolar\/agenda-escolar-xepncc-2021-2022\/\" target=\"_blank\" rel=\"noopener noreferrer\"><br \/><img decoding=\"async\" style=\"border: 1px solid #555;\" src=\"https:\/\/serveiseducatius.xtec.cat\/altemporda\/wp-content\/uploads\/usu1156\/2021\/05\/XPN.png\" width=\"90%\" \/><\/a><\/div>\r\n<\/div>\r\n<p>&nbsp;<\/p>\r\n\r\n<div class=\"wp-block-getwid-toggle has-icon-left\">\r\n<div class=\"wp-block-getwid-toggle__row\">\r\n<div class=\"wp-block-getwid-toggle__header-wrapper\"><span class=\"wp-block-getwid-toggle__header\" style=\"background-color: #3fb7ab; color: white; display: flex; align-items: center; justify-content: center;\"><a href=\"#\"><span class=\"wp-block-getwid-toggle__header-title\" style=\"font-size: 1.5em; color: white;\"><strong>Equip Impulsor<\/strong><\/span><\/a><\/span><\/div>\r\n<div class=\"wp-block-getwid-toggle__content-wrapper\">\r\n<div class=\"wp-block-getwid-toggle__content\">\r\n<figure class=\"wp-block-table\">\r\n<table>\r\n<tbody>\r\n<tr>\r\n<td><a href=\"https:\/\/serveiseducatius.xtec.cat\/altemporda\/wp-content\/uploads\/usu1156\/2021\/11\/imatge.png\"><img loading=\"lazy\" decoding=\"async\" src=\"https:\/\/serveiseducatius.xtec.cat\/altemporda\/wp-content\/uploads\/usu1156\/2021\/11\/imatge.png\" alt=\"\" width=\"446\" height=\"287\" \/><\/a><\/td>\r\n<td><img loading=\"lazy\" decoding=\"async\" src=\"https:\/\/serveiseducatius.xtec.cat\/altemporda\/wp-content\/uploads\/usu1156\/2022\/10\/235ceee7-edb9-408a-8a34-c739dd7b6957-1024x702.jpg\" alt=\"\" width=\"417\" height=\"286\" \/><\/td>\r\n<td><img loading=\"lazy\" decoding=\"async\" src=\"https:\/\/serveiseducatius.xtec.cat\/altemporda\/wp-content\/uploads\/usu1156\/2022\/10\/Secpncc.png\" alt=\"\" width=\"379\" height=\"284\" \/><\/td>\r\n<\/tr>\r\n<\/tbody>\r\n<\/table>\r\n<\/figure>\r\n<\/div>\r\n<\/div>\r\n<\/div>\r\n<\/div>\r\n\r\n<p>&nbsp;<\/p>","protected":false},"excerpt":{"rendered":"<p>L\u2019agenda \u00e9s una iniciativa de la Xarxa d&#8217;escoles del Parc natural de Cap de Creus, el Servei educatiu de l&#8217;Alt Empord\u00e0 i el Parc natural. Un punt de trobada adre\u00e7at a tot l\u2019alumnat de prim\u00e0ria i secund\u00e0ria, des dels primers anys d\u2019escola fins als m\u00e9s grans. Les seves fites s\u00f3n diverses; per una banda, identificar [&hellip;]<\/p>\n","protected":false},"author":4,"featured_media":0,"parent":13173,"menu_order":0,"comment_status":"closed","ping_status":"closed","template":"","meta":{"_bbp_topic_count":0,"_bbp_reply_count":0,"_bbp_total_topic_count":0,"_bbp_total_reply_count":0,"_bbp_voice_count":0,"_bbp_anonymous_reply_count":0,"_bbp_topic_count_hidden":0,"_bbp_reply_count_hidden":0,"_bbp_forum_subforum_count":0,"site-sidebar-layout":"default","site-content-layout":"","ast-site-content-layout":"","site-content-style":"default","site-sidebar-style":"default","ast-global-header-display":"","ast-banner-title-visibility":"","ast-main-header-display":"","ast-hfb-above-header-display":"","ast-hfb-below-header-display":"","ast-hfb-mobile-header-display":"","site-post-title":"","ast-breadcrumbs-content":"","ast-featured-img":"","footer-sml-layout":"","theme-transparent-header-meta":"","adv-header-id-meta":"","stick-header-meta":"","header-above-stick-meta":"","header-main-stick-meta":"","header-below-stick-meta":"","astra-migrate-meta-layouts":"default","ast-page-background-enabled":"default","ast-page-background-meta":{"desktop":{"background-color":"var(--ast-global-color-4)","background-image":"","background-repeat":"repeat","background-position":"center center","background-size":"auto","background-attachment":"scroll","background-type":"","background-media":"","overlay-type":"","overlay-color":"","overlay-opacity":"","overlay-gradient":""},"tablet":{"background-color":"","background-image":"","background-repeat":"repeat","background-position":"center center","background-size":"auto","background-attachment":"scroll","background-type":"","background-media":"","overlay-type":"","overlay-color":"","overlay-opacity":"","overlay-gradient":""},"mobile":{"background-color":"","background-image":"","background-repeat":"repeat","background-position":"center center","background-size":"auto","background-attachment":"scroll","background-type":"","background-media":"","overlay-type":"","overlay-color":"","overlay-opacity":"","overlay-gradient":""}},"ast-content-background-meta":{"desktop":{"background-color":"var(--ast-global-color-5)","background-image":"","background-repeat":"repeat","background-position":"center center","background-size":"auto","background-attachment":"scroll","background-type":"","background-media":"","overlay-type":"","overlay-color":"","overlay-opacity":"","overlay-gradient":""},"tablet":{"background-color":"var(--ast-global-color-5)","background-image":"","background-repeat":"repeat","background-position":"center center","background-size":"auto","background-attachment":"scroll","background-type":"","background-media":"","overlay-type":"","overlay-color":"","overlay-opacity":"","overlay-gradient":""},"mobile":{"background-color":"var(--ast-global-color-5)","background-image":"","background-repeat":"repeat","background-position":"center center","background-size":"auto","background-attachment":"scroll","background-type":"","background-media":"","overlay-type":"","overlay-color":"","overlay-opacity":"","overlay-gradient":""}},"footnotes":""},"class_list":["post-15727","page","type-page","status-publish","hentry"],"post_mailing_queue_ids":[],"_links":{"self":[{"href":"https:\/\/serveiseducatius.xtec.cat\/altemporda\/wp-json\/wp\/v2\/pages\/15727","targetHints":{"allow":["GET"]}}],"collection":[{"href":"https:\/\/serveiseducatius.xtec.cat\/altemporda\/wp-json\/wp\/v2\/pages"}],"about":[{"href":"https:\/\/serveiseducatius.xtec.cat\/altemporda\/wp-json\/wp\/v2\/types\/page"}],"author":[{"embeddable":true,"href":"https:\/\/serveiseducatius.xtec.cat\/altemporda\/wp-json\/wp\/v2\/users\/4"}],"replies":[{"embeddable":true,"href":"https:\/\/serveiseducatius.xtec.cat\/altemporda\/wp-json\/wp\/v2\/comments?post=15727"}],"version-history":[{"count":6,"href":"https:\/\/serveiseducatius.xtec.cat\/altemporda\/wp-json\/wp\/v2\/pages\/15727\/revisions"}],"predecessor-version":[{"id":26242,"href":"https:\/\/serveiseducatius.xtec.cat\/altemporda\/wp-json\/wp\/v2\/pages\/15727\/revisions\/26242"}],"up":[{"embeddable":true,"href":"https:\/\/serveiseducatius.xtec.cat\/altemporda\/wp-json\/wp\/v2\/pages\/13173"}],"wp:attachment":[{"href":"https:\/\/serveiseducatius.xtec.cat\/altemporda\/wp-json\/wp\/v2\/media?parent=15727"}],"curies":[{"name":"wp","href":"https:\/\/api.w.org\/{rel}","templated":true}]}}