{"id":15436,"date":"2022-01-13T12:54:02","date_gmt":"2022-01-13T11:54:02","guid":{"rendered":"https:\/\/serveiseducatius.xtec.cat\/altemporda\/?page_id=15436"},"modified":"2022-01-13T13:46:02","modified_gmt":"2022-01-13T12:46:02","slug":"2013-2","status":"publish","type":"page","link":"https:\/\/serveiseducatius.xtec.cat\/altemporda\/conte-per-relleus\/premsa\/2013-2\/","title":{"rendered":"2013"},"content":{"rendered":"<div class=\"announcement\">\n<h4><span style=\"font-size: 1.4375em;\">La Mariona Masferrer i en Samba a TV3<\/span><\/h4>\n<\/div>\n<div class=\"announcement\"><a href=\"http:\/\/www.tv3.cat\/videos\/4596931\" target=\"_blank\" rel=\"nofollow noopener\"><img loading=\"lazy\" decoding=\"async\" class=\"\" src=\"https:\/\/sites.google.com\/a\/xtec.cat\/conte-per-relleus-12-13\/_\/rsrc\/1468878088470\/Premsa\/edicio-2013\/lamarionamasferreriensambaatv3\/Captura.JPG?height=237&amp;width=400\" width=\"578\" height=\"344\" border=\"0\" \/><\/a><\/div>\n<h4>Empord\u00e0 TV<\/h4>\n<h5 class=\"announcement\">Sessi\u00f3 de cloenda<\/h5>\n<div><\/div>\n<div class=\"announcement\"><span style=\"font-size: 14px;\"><iframe loading=\"lazy\" class=\"youtube-player\" title=\"YouTube video player\" src=\"https:\/\/www.youtube.com\/embed\/ZE88rOtUhlc?rel=0&amp;wmode=opaque\" width=\"425\" height=\"355\" frameborder=\"0\" allowfullscreen=\"allowfullscreen\" data-ruffle-polyfilled=\"\" data-mce-fragment=\"1\"><\/iframe><\/span><\/div>\n<div class=\"announcement\">\n<h5><\/h5>\n<h5><span style=\"font-size: 12pt;\">Sessi\u00f3 de presentaci\u00f3<\/span><\/h5>\n<\/div>\n<p><iframe loading=\"lazy\" class=\"youtube-player\" title=\"YouTube video player\" src=\"https:\/\/www.youtube.com\/embed\/9As5LdBqTng?rel=0&amp;wmode=opaque\" width=\"425\" height=\"355\" frameborder=\"0\" allowfullscreen=\"allowfullscreen\" data-ruffle-polyfilled=\"\" data-mce-fragment=\"1\"><\/iframe><\/p>\n<p>&nbsp;<\/p>\n<div class=\"announcement\">\n<h4>Imatges<\/h4>\n<p><a href=\"https:\/\/get.google.com\/albumarchive\/112557566426483826505\/album\/AF1QipP2r7vQKljJi2-2ILzvZAM_OaU9btZAuAzoqVaJ\" target=\"_blank\" rel=\"noopener\"><img loading=\"lazy\" decoding=\"async\" class=\"alignnone wp-image-15461 size-full\" src=\"https:\/\/serveiseducatius.xtec.cat\/altemporda\/wp-content\/uploads\/usu1156\/2022\/01\/SANY0024.jpg\" alt=\"\" width=\"533\" height=\"400\" srcset=\"https:\/\/serveiseducatius.xtec.cat\/altemporda\/wp-content\/uploads\/usu1156\/2022\/01\/SANY0024.jpg 533w, https:\/\/serveiseducatius.xtec.cat\/altemporda\/wp-content\/uploads\/usu1156\/2022\/01\/SANY0024-300x225.jpg 300w, https:\/\/serveiseducatius.xtec.cat\/altemporda\/wp-content\/uploads\/usu1156\/2022\/01\/SANY0024-200x150.jpg 200w\" sizes=\"auto, (max-width: 533px) 100vw, 533px\" \/><\/a><\/p>\n<\/div>\n<div><\/div>\n<p>&nbsp;<\/p>\n<h4>Setmanari Empord\u00e0 15\/01\/2013<\/h4>\n<div class=\"announcement\"><a href=\"https:\/\/sites.google.com\/a\/xtec.cat\/conte-per-relleus-12-13\/Premsa\/edicio-2013\/setmanariemporda15012013\/Empord%C3%A0.JPG?attredirects=0\"><img decoding=\"async\" src=\"https:\/\/sites.google.com\/a\/xtec.cat\/conte-per-relleus-12-13\/_\/rsrc\/1468878087896\/Premsa\/edicio-2013\/setmanariemporda15012013\/Empord%C3%A0.JPG\" border=\"0\" \/><\/a>&nbsp;<\/p>\n<\/div>\n<div class=\"announcement\">\n<h4>Empord\u00e0 TV<\/h4>\n<p><span class=\"timestamp\"><span dir=\"ltr\"><iframe loading=\"lazy\" class=\"youtube-player\" title=\"YouTube video player\" src=\"https:\/\/www.youtube.com\/embed\/3mCG9pQJlXM?rel=0&amp;wmode=opaque\" width=\"425\" height=\"355\" frameborder=\"0\" allowfullscreen=\"allowfullscreen\" data-ruffle-polyfilled=\"\" data-mce-fragment=\"1\"><\/iframe><br \/>\n<\/span><\/span>V\u00eddeo em\u00e8s per Empord\u00e0 Televisi\u00f3 en qu\u00e8 es presenta el projecte.<\/p>\n<\/div>\n","protected":false},"excerpt":{"rendered":"<p>La Mariona Masferrer i en Samba a TV3 Empord\u00e0 TV Sessi\u00f3 de cloenda Sessi\u00f3 de presentaci\u00f3 &nbsp; Imatges &nbsp; Setmanari Empord\u00e0 15\/01\/2013 &nbsp; Empord\u00e0 TV V\u00eddeo em\u00e8s per Empord\u00e0 Televisi\u00f3 en qu\u00e8 es presenta el projecte.<\/p>\n","protected":false},"author":4,"featured_media":0,"parent":15303,"menu_order":0,"comment_status":"closed","ping_status":"closed","template":"","meta":{"_bbp_topic_count":0,"_bbp_reply_count":0,"_bbp_total_topic_count":0,"_bbp_total_reply_count":0,"_bbp_voice_count":0,"_bbp_anonymous_reply_count":0,"_bbp_topic_count_hidden":0,"_bbp_reply_count_hidden":0,"_bbp_forum_subforum_count":0,"site-sidebar-layout":"default","site-content-layout":"","ast-site-content-layout":"","site-content-style":"default","site-sidebar-style":"default","ast-global-header-display":"","ast-banner-title-visibility":"","ast-main-header-display":"","ast-hfb-above-header-display":"","ast-hfb-below-header-display":"","ast-hfb-mobile-header-display":"","site-post-title":"","ast-breadcrumbs-content":"","ast-featured-img":"","footer-sml-layout":"","theme-transparent-header-meta":"","adv-header-id-meta":"","stick-header-meta":"","header-above-stick-meta":"","header-main-stick-meta":"","header-below-stick-meta":"","astra-migrate-meta-layouts":"default","ast-page-background-enabled":"default","ast-page-background-meta":{"desktop":{"background-color":"var(--ast-global-color-4)","background-image":"","background-repeat":"repeat","background-position":"center center","background-size":"auto","background-attachment":"scroll","background-type":"","background-media":"","overlay-type":"","overlay-color":"","overlay-opacity":"","overlay-gradient":""},"tablet":{"background-color":"","background-image":"","background-repeat":"repeat","background-position":"center center","background-size":"auto","background-attachment":"scroll","background-type":"","background-media":"","overlay-type":"","overlay-color":"","overlay-opacity":"","overlay-gradient":""},"mobile":{"background-color":"","background-image":"","background-repeat":"repeat","background-position":"center center","background-size":"auto","background-attachment":"scroll","background-type":"","background-media":"","overlay-type":"","overlay-color":"","overlay-opacity":"","overlay-gradient":""}},"ast-content-background-meta":{"desktop":{"background-color":"var(--ast-global-color-5)","background-image":"","background-repeat":"repeat","background-position":"center center","background-size":"auto","background-attachment":"scroll","background-type":"","background-media":"","overlay-type":"","overlay-color":"","overlay-opacity":"","overlay-gradient":""},"tablet":{"background-color":"var(--ast-global-color-5)","background-image":"","background-repeat":"repeat","background-position":"center center","background-size":"auto","background-attachment":"scroll","background-type":"","background-media":"","overlay-type":"","overlay-color":"","overlay-opacity":"","overlay-gradient":""},"mobile":{"background-color":"var(--ast-global-color-5)","background-image":"","background-repeat":"repeat","background-position":"center center","background-size":"auto","background-attachment":"scroll","background-type":"","background-media":"","overlay-type":"","overlay-color":"","overlay-opacity":"","overlay-gradient":""}},"footnotes":""},"class_list":["post-15436","page","type-page","status-publish","hentry"],"post_mailing_queue_ids":[],"_links":{"self":[{"href":"https:\/\/serveiseducatius.xtec.cat\/altemporda\/wp-json\/wp\/v2\/pages\/15436","targetHints":{"allow":["GET"]}}],"collection":[{"href":"https:\/\/serveiseducatius.xtec.cat\/altemporda\/wp-json\/wp\/v2\/pages"}],"about":[{"href":"https:\/\/serveiseducatius.xtec.cat\/altemporda\/wp-json\/wp\/v2\/types\/page"}],"author":[{"embeddable":true,"href":"https:\/\/serveiseducatius.xtec.cat\/altemporda\/wp-json\/wp\/v2\/users\/4"}],"replies":[{"embeddable":true,"href":"https:\/\/serveiseducatius.xtec.cat\/altemporda\/wp-json\/wp\/v2\/comments?post=15436"}],"version-history":[{"count":3,"href":"https:\/\/serveiseducatius.xtec.cat\/altemporda\/wp-json\/wp\/v2\/pages\/15436\/revisions"}],"predecessor-version":[{"id":15464,"href":"https:\/\/serveiseducatius.xtec.cat\/altemporda\/wp-json\/wp\/v2\/pages\/15436\/revisions\/15464"}],"up":[{"embeddable":true,"href":"https:\/\/serveiseducatius.xtec.cat\/altemporda\/wp-json\/wp\/v2\/pages\/15303"}],"wp:attachment":[{"href":"https:\/\/serveiseducatius.xtec.cat\/altemporda\/wp-json\/wp\/v2\/media?parent=15436"}],"curies":[{"name":"wp","href":"https:\/\/api.w.org\/{rel}","templated":true}]}}