{"id":15432,"date":"2022-01-13T12:53:35","date_gmt":"2022-01-13T11:53:35","guid":{"rendered":"https:\/\/serveiseducatius.xtec.cat\/altemporda\/?page_id=15432"},"modified":"2022-01-19T09:27:13","modified_gmt":"2022-01-19T08:27:13","slug":"2015-2","status":"publish","type":"page","link":"https:\/\/serveiseducatius.xtec.cat\/altemporda\/conte-per-relleus\/premsa\/2015-2\/","title":{"rendered":"2015"},"content":{"rendered":"<div class=\"announcement\">\n<h4>V\u00eddeo de la cloenda 2015<\/h4>\n<p><span class=\"timestamp\"><span dir=\"ltr\"><iframe loading=\"lazy\" class=\"youtube-player\" title=\"YouTube video player\" src=\"https:\/\/www.youtube.com\/embed\/76xldw-9ZUQ?rel=0&amp;wmode=opaque\" width=\"640\" height=\"360\" frameborder=\"0\" allowfullscreen=\"allowfullscreen\" data-ruffle-polyfilled=\"\" data-mce-fragment=\"1\"><\/iframe><br \/>\n<\/span><\/span><\/p>\n<h4>Fotografies de la cloenda 2015<\/h4>\n<\/div>\n<div class=\"announcement\">\n<p><a href=\"https:\/\/get.google.com\/albumarchive\/116933817506312854538\/album\/AF1QipPBSJr_E2pXqQJ_ZalmHqOl8iKoPP5TeOWLgbHA\" target=\"_blank\" rel=\"noopener\"><img loading=\"lazy\" decoding=\"async\" class=\"wp-image-15455 size-full alignnone\" src=\"https:\/\/serveiseducatius.xtec.cat\/altemporda\/wp-content\/uploads\/usu1156\/2022\/01\/Foto-noticia-cloenda.jpg\" alt=\"\" width=\"600\" height=\"390\" srcset=\"https:\/\/serveiseducatius.xtec.cat\/altemporda\/wp-content\/uploads\/usu1156\/2022\/01\/Foto-noticia-cloenda.jpg 600w, https:\/\/serveiseducatius.xtec.cat\/altemporda\/wp-content\/uploads\/usu1156\/2022\/01\/Foto-noticia-cloenda-300x195.jpg 300w\" sizes=\"auto, (max-width: 600px) 100vw, 600px\" \/><\/a><\/p>\n<div class=\"postfooter\" style=\"text-align: left;\">\n<p><span style=\"font-size: 1.4375em; font-weight: bold;\">Samba Gueye, el nostre Samba bu n\u2019Daw<\/span><\/p>\n<\/div>\n<\/div>\n<div class=\"announcement\">\n<p style=\"font-family: 'Helvetica Neue', Helvetica, Helvetica, Arial, sans-serif; font-size: 14px;\">El dissabte 14 de mar\u00e7 <i>La Vanguardia<\/i>\u00a0va dedicar \u00a0una de les seccions m\u00e9s rellevants del seu diari,\u00a0<i>La Contr<\/i>a, a en Samba Gueye. En Samba Gueye, m\u00e9s conegut per a nosaltres com en Samba bu n\u2019Daw (<i>Samba el petit<\/i>), \u00e9s un senegal\u00e8s de 34 anys\u00a0que, com tants altres, quan no va veure futur al seu pa\u00eds, va decidir pujar a una pastera i venir cap a Barcelona ara fa vuit anys.<\/p>\n<p style=\"font-family: 'Helvetica Neue', Helvetica, Helvetica, Arial, sans-serif; font-size: 14px;\">En Samba \u00e9s el protagonista del projecte\u00a0<i>Conte per relleus,\u00a0<\/i>un projecte col\u00b7laboratiu d\u2019animaci\u00f3 a la lectura i escriptura creativa per a nens i nenes de quart curs de Prim\u00e0ria de les escoles de Castell\u00f3 d\u2019Emp\u00faries. Tots els contes\u00a0 realitzats pels infants tenen com a punt de partida el conte d\u2019en\u00a0<i>Samba bu n\u2019Daw\u00a0<\/i>de l\u2019escriptora Mariona Masferrer, que col\u00b7labora amb el projecte. La Mariona Masferrer va con\u00e8ixer en Samba fent de\u00a0<i>parella ling\u00fc\u00edstica\u00a0<\/i>i va accedir a escriure la seva hist\u00f2ria, en format conte, per al projecte\u00a0<i>Conte per relleus,\u00a0<\/i>i en format novel\u00b7la,\u00a0<i>Origen<\/i>\u00a0<i>Tambakunda.<\/i><\/p>\n<p style=\"font-family: 'Helvetica Neue', Helvetica, Helvetica, Arial, sans-serif; font-size: 14px;\">Des de Tambakunda fins a Catalunya hi ha tota una vida, per\u00f2 els nens han fet possible que any rere any neixi una nova vida per a en Samba bu n\u2019Daw, plena de reptes que va superant amb esfor\u00e7 i amb l\u2019ajuda dels amics i de les persones que va trobant pel cam\u00ed, \u00a0segurament com fa en Samba Gueye.<\/p>\n<p><a href=\"https:\/\/docs.google.com\/a\/xtec.cat\/file\/d\/0B3KOVpvO6CBiOV9xejR1YlRyQkk\/preview\" target=\"_blank\" rel=\"noopener\"><img decoding=\"async\" src=\"https:\/\/sites.google.com\/a\/xtec.cat\/conte-per-relleus-12-13\/_\/rsrc\/1468878092047\/Premsa\/edicio-2015\/sam\/La%20contra.JPG\" alt=\"https:\/\/sites.google.com\/a\/xtec.cat\/conte-per-relleus-12-13\/Premsa\/edicio-2015\/sam\/La%20contra.JPG\" border=\"0\" \/><\/a><\/p>\n<\/div>\n<div><\/div>\n<div class=\"announcement\"><\/div>\n<div class=\"announcement\">\n<h4>V\u00eddeo de la presentaci\u00f3 2015<\/h4>\n<p><span class=\"timestamp\"><span dir=\"ltr\"><iframe loading=\"lazy\" class=\"youtube-player\" title=\"YouTube video player\" src=\"https:\/\/www.youtube.com\/embed\/6O_5L2qpnB4?rel=0&amp;wmode=opaque\" width=\"640\" height=\"360\" frameborder=\"0\" allowfullscreen=\"allowfullscreen\" data-ruffle-polyfilled=\"\" data-mce-fragment=\"1\"><\/iframe><br \/>\n<\/span><\/span><\/p>\n<h4>Fotografies de la presentaci\u00f3 2015<\/h4>\n<p><a href=\"https:\/\/photos.app.goo.gl\/9JeJ24UBkxR4PjHP6\" target=\"_blank\" rel=\"noopener\"><img loading=\"lazy\" decoding=\"async\" class=\"alignnone wp-image-15526\" src=\"https:\/\/serveiseducatius.xtec.cat\/altemporda\/wp-content\/uploads\/usu1156\/2022\/01\/Portada-album.jpg\" alt=\"\" width=\"641\" height=\"481\" data-wp-editing=\"1\" srcset=\"https:\/\/serveiseducatius.xtec.cat\/altemporda\/wp-content\/uploads\/usu1156\/2022\/01\/Portada-album.jpg 412w, https:\/\/serveiseducatius.xtec.cat\/altemporda\/wp-content\/uploads\/usu1156\/2022\/01\/Portada-album-300x225.jpg 300w, https:\/\/serveiseducatius.xtec.cat\/altemporda\/wp-content\/uploads\/usu1156\/2022\/01\/Portada-album-200x150.jpg 200w\" sizes=\"auto, (max-width: 641px) 100vw, 641px\" \/><\/a><\/p>\n<p>&nbsp;<\/p>\n<p>&nbsp;<\/p>\n","protected":false},"excerpt":{"rendered":"<p>V\u00eddeo de la cloenda 2015 Fotografies de la cloenda 2015 Samba Gueye, el nostre Samba bu n\u2019Daw El dissabte 14 de mar\u00e7 La Vanguardia\u00a0va dedicar \u00a0una de les seccions m\u00e9s rellevants del seu diari,\u00a0La Contra, a en Samba Gueye. En Samba Gueye, m\u00e9s conegut per a nosaltres com en Samba bu n\u2019Daw (Samba el petit), [&hellip;]<\/p>\n","protected":false},"author":4,"featured_media":0,"parent":15303,"menu_order":0,"comment_status":"closed","ping_status":"closed","template":"","meta":{"_bbp_topic_count":0,"_bbp_reply_count":0,"_bbp_total_topic_count":0,"_bbp_total_reply_count":0,"_bbp_voice_count":0,"_bbp_anonymous_reply_count":0,"_bbp_topic_count_hidden":0,"_bbp_reply_count_hidden":0,"_bbp_forum_subforum_count":0,"site-sidebar-layout":"default","site-content-layout":"","ast-site-content-layout":"","site-content-style":"default","site-sidebar-style":"default","ast-global-header-display":"","ast-banner-title-visibility":"","ast-main-header-display":"","ast-hfb-above-header-display":"","ast-hfb-below-header-display":"","ast-hfb-mobile-header-display":"","site-post-title":"","ast-breadcrumbs-content":"","ast-featured-img":"","footer-sml-layout":"","theme-transparent-header-meta":"","adv-header-id-meta":"","stick-header-meta":"","header-above-stick-meta":"","header-main-stick-meta":"","header-below-stick-meta":"","astra-migrate-meta-layouts":"default","ast-page-background-enabled":"default","ast-page-background-meta":{"desktop":{"background-color":"var(--ast-global-color-4)","background-image":"","background-repeat":"repeat","background-position":"center center","background-size":"auto","background-attachment":"scroll","background-type":"","background-media":"","overlay-type":"","overlay-color":"","overlay-opacity":"","overlay-gradient":""},"tablet":{"background-color":"","background-image":"","background-repeat":"repeat","background-position":"center center","background-size":"auto","background-attachment":"scroll","background-type":"","background-media":"","overlay-type":"","overlay-color":"","overlay-opacity":"","overlay-gradient":""},"mobile":{"background-color":"","background-image":"","background-repeat":"repeat","background-position":"center center","background-size":"auto","background-attachment":"scroll","background-type":"","background-media":"","overlay-type":"","overlay-color":"","overlay-opacity":"","overlay-gradient":""}},"ast-content-background-meta":{"desktop":{"background-color":"var(--ast-global-color-5)","background-image":"","background-repeat":"repeat","background-position":"center center","background-size":"auto","background-attachment":"scroll","background-type":"","background-media":"","overlay-type":"","overlay-color":"","overlay-opacity":"","overlay-gradient":""},"tablet":{"background-color":"var(--ast-global-color-5)","background-image":"","background-repeat":"repeat","background-position":"center center","background-size":"auto","background-attachment":"scroll","background-type":"","background-media":"","overlay-type":"","overlay-color":"","overlay-opacity":"","overlay-gradient":""},"mobile":{"background-color":"var(--ast-global-color-5)","background-image":"","background-repeat":"repeat","background-position":"center center","background-size":"auto","background-attachment":"scroll","background-type":"","background-media":"","overlay-type":"","overlay-color":"","overlay-opacity":"","overlay-gradient":""}},"footnotes":""},"class_list":["post-15432","page","type-page","status-publish","hentry"],"post_mailing_queue_ids":[],"_links":{"self":[{"href":"https:\/\/serveiseducatius.xtec.cat\/altemporda\/wp-json\/wp\/v2\/pages\/15432","targetHints":{"allow":["GET"]}}],"collection":[{"href":"https:\/\/serveiseducatius.xtec.cat\/altemporda\/wp-json\/wp\/v2\/pages"}],"about":[{"href":"https:\/\/serveiseducatius.xtec.cat\/altemporda\/wp-json\/wp\/v2\/types\/page"}],"author":[{"embeddable":true,"href":"https:\/\/serveiseducatius.xtec.cat\/altemporda\/wp-json\/wp\/v2\/users\/4"}],"replies":[{"embeddable":true,"href":"https:\/\/serveiseducatius.xtec.cat\/altemporda\/wp-json\/wp\/v2\/comments?post=15432"}],"version-history":[{"count":4,"href":"https:\/\/serveiseducatius.xtec.cat\/altemporda\/wp-json\/wp\/v2\/pages\/15432\/revisions"}],"predecessor-version":[{"id":15564,"href":"https:\/\/serveiseducatius.xtec.cat\/altemporda\/wp-json\/wp\/v2\/pages\/15432\/revisions\/15564"}],"up":[{"embeddable":true,"href":"https:\/\/serveiseducatius.xtec.cat\/altemporda\/wp-json\/wp\/v2\/pages\/15303"}],"wp:attachment":[{"href":"https:\/\/serveiseducatius.xtec.cat\/altemporda\/wp-json\/wp\/v2\/media?parent=15432"}],"curies":[{"name":"wp","href":"https:\/\/api.w.org\/{rel}","templated":true}]}}