{"id":15430,"date":"2022-01-13T12:53:18","date_gmt":"2022-01-13T11:53:18","guid":{"rendered":"https:\/\/serveiseducatius.xtec.cat\/altemporda\/?page_id=15430"},"modified":"2022-01-18T10:23:56","modified_gmt":"2022-01-18T09:23:56","slug":"2016-2","status":"publish","type":"page","link":"https:\/\/serveiseducatius.xtec.cat\/altemporda\/conte-per-relleus\/premsa\/2016-2\/","title":{"rendered":"2016"},"content":{"rendered":"<div class=\"announcement\">\n<h4>Not\u00edcia de premsa al setmanari Empord\u00e0<\/h4>\n<h4><a href=\"https:\/\/drive.google.com\/a\/xtec.cat\/file\/d\/0BwLCGP4kSTTwa0U3N2JIcVJOVnFfVHBCQm5pZVVEbVZmNE1v\/preview\" target=\"_blank\" rel=\"noopener\"><img decoding=\"async\" class=\"aligncenter\" src=\"https:\/\/sites.google.com\/a\/xtec.cat\/conte-per-relleus-12-13\/_\/rsrc\/1465379511187\/Premsa\/edicio-2016\/noticiadepremsaalsetmanariemporda\/dialegsarnau.JPG\" alt=\"https:\/\/drive.google.com\/a\/xtec.cat\/file\/d\/0BwLCGP4kSTTwa0U3N2JIcVJOVnFfVHBCQm5pZVVEbVZmNE1v\/preview\" border=\"0\" \/><\/a><\/h4>\n<\/div>\n<div class=\"announcement\">\n<div class=\"postfooter\">\n<p>&nbsp;<\/p>\n<\/div>\n<\/div>\n<div class=\"announcement\">\n<h4>V\u00eddeo de la cloenda del 2 de juny<\/h4>\n<p><span class=\"timestamp\"><span dir=\"ltr\"><iframe loading=\"lazy\" class=\"youtube-player\" title=\"YouTube video player\" src=\"https:\/\/www.youtube.com\/embed\/2bqQrTwQM0s?rel=0&amp;wmode=opaque\" width=\"640\" height=\"360\" frameborder=\"0\" allowfullscreen=\"allowfullscreen\" data-ruffle-polyfilled=\"\" data-mce-fragment=\"1\"><\/iframe><br \/>\n<\/span><\/span><\/p>\n<div class=\"postfooter\">\n<h4><\/h4>\n<h4>Fotografies acte de cloenda del 2 de juny<\/h4>\n<\/div>\n<\/div>\n<div class=\"announcement\">\n<div class=\"postfooter\">\n<p><a href=\"https:\/\/get.google.com\/albumarchive\/111402478174606381040\/album\/AF1QipNvvbV4Uk0Ktfd7o5ey_Dc4hBmmnwCZgJqoB10z\" target=\"_blank\" rel=\"noopener\"><img loading=\"lazy\" decoding=\"async\" class=\"alignleft wp-image-15446 size-full\" src=\"https:\/\/serveiseducatius.xtec.cat\/altemporda\/wp-content\/uploads\/usu1156\/2022\/01\/DSC_1360.jpg\" alt=\"\" width=\"533\" height=\"400\" srcset=\"https:\/\/serveiseducatius.xtec.cat\/altemporda\/wp-content\/uploads\/usu1156\/2022\/01\/DSC_1360.jpg 533w, https:\/\/serveiseducatius.xtec.cat\/altemporda\/wp-content\/uploads\/usu1156\/2022\/01\/DSC_1360-300x225.jpg 300w, https:\/\/serveiseducatius.xtec.cat\/altemporda\/wp-content\/uploads\/usu1156\/2022\/01\/DSC_1360-200x150.jpg 200w\" sizes=\"auto, (max-width: 533px) 100vw, 533px\" \/><\/a><\/p>\n<\/div>\n<\/div>\n<p>&nbsp;<\/p>\n<p>&nbsp;<\/p>\n<p>&nbsp;<\/p>\n<p>&nbsp;<\/p>\n<p>&nbsp;<\/p>\n<p>&nbsp;<\/p>\n<p>&nbsp;<\/p>\n<p>&nbsp;<\/p>\n<p>&nbsp;<\/p>\n<p>&nbsp;<\/p>\n<p>&nbsp;<\/p>\n<div class=\"announcement\">\n<h4>DIMARTS, 19 DE GENER DE 2016 | EMPORD\u00c0<\/h4>\n<p><span class=\"timestamp\"><span dir=\"ltr\"><a href=\"https:\/\/drive.google.com\/a\/xtec.cat\/file\/d\/0B3KOVpvO6CBiMFBjSW9vMDF4Wjg\/view?usp=drive_web\"><img decoding=\"async\" src=\"https:\/\/docs.google.com\/a\/xtec.cat\/uc?id=0B3KOVpvO6CBiMFBjSW9vMDF4Wjg&amp;export=download\" border=\"0\" \/><\/a><\/span><\/span><\/p>\n<\/div>\n<div><\/div>\n<div><\/div>\n<h4 class=\"announcement\">V\u00eddeo de la presentaci\u00f3 V edici\u00f3 del projecte<\/h4>\n<h4 class=\"announcement\"><span class=\"timestamp\"><span dir=\"ltr\"><iframe loading=\"lazy\" class=\"youtube-player\" title=\"YouTube video player\" src=\"https:\/\/www.youtube.com\/embed\/FALIOXmD4DM?rel=0&amp;wmode=opaque\" width=\"640\" height=\"360\" frameborder=\"0\" allowfullscreen=\"allowfullscreen\" data-ruffle-polyfilled=\"\" data-mce-fragment=\"1\"><\/iframe><br \/>\n<\/span><\/span><\/h4>\n<p>&nbsp;<\/p>\n<div class=\"announcement\">\n<h4>Fotografies de la presentaci\u00f3 2016<\/h4>\n<p><a href=\"https:\/\/get.google.com\/albumarchive\/116933817506312854538\/album\/AF1QipP06U7GaGIaPs6jzieRWw9hxP41OcLPfV8-JC32\" target=\"_blank\" rel=\"noopener\"><img loading=\"lazy\" decoding=\"async\" class=\"alignleft wp-image-15444 size-full\" src=\"https:\/\/serveiseducatius.xtec.cat\/altemporda\/wp-content\/uploads\/usu1156\/2022\/01\/IMG-20160114-WA0000.jpg\" alt=\"\" width=\"533\" height=\"400\" srcset=\"https:\/\/serveiseducatius.xtec.cat\/altemporda\/wp-content\/uploads\/usu1156\/2022\/01\/IMG-20160114-WA0000.jpg 533w, https:\/\/serveiseducatius.xtec.cat\/altemporda\/wp-content\/uploads\/usu1156\/2022\/01\/IMG-20160114-WA0000-300x225.jpg 300w, https:\/\/serveiseducatius.xtec.cat\/altemporda\/wp-content\/uploads\/usu1156\/2022\/01\/IMG-20160114-WA0000-200x150.jpg 200w\" sizes=\"auto, (max-width: 533px) 100vw, 533px\" \/><\/a><\/p>\n<div class=\"postfooter\">\n<p>&nbsp;<\/p>\n<\/div>\n<\/div>\n","protected":false},"excerpt":{"rendered":"<p>Not\u00edcia de premsa al setmanari Empord\u00e0 &nbsp; V\u00eddeo de la cloenda del 2 de juny Fotografies acte de cloenda del 2 de juny &nbsp; &nbsp; &nbsp; &nbsp; &nbsp; &nbsp; &nbsp; &nbsp; &nbsp; &nbsp; &nbsp; DIMARTS, 19 DE GENER DE 2016 | EMPORD\u00c0 V\u00eddeo de la presentaci\u00f3 V edici\u00f3 del projecte &nbsp; Fotografies de la presentaci\u00f3 [&hellip;]<\/p>\n","protected":false},"author":4,"featured_media":0,"parent":15303,"menu_order":0,"comment_status":"closed","ping_status":"closed","template":"","meta":{"_bbp_topic_count":0,"_bbp_reply_count":0,"_bbp_total_topic_count":0,"_bbp_total_reply_count":0,"_bbp_voice_count":0,"_bbp_anonymous_reply_count":0,"_bbp_topic_count_hidden":0,"_bbp_reply_count_hidden":0,"_bbp_forum_subforum_count":0,"site-sidebar-layout":"default","site-content-layout":"","ast-site-content-layout":"","site-content-style":"default","site-sidebar-style":"default","ast-global-header-display":"","ast-banner-title-visibility":"","ast-main-header-display":"","ast-hfb-above-header-display":"","ast-hfb-below-header-display":"","ast-hfb-mobile-header-display":"","site-post-title":"","ast-breadcrumbs-content":"","ast-featured-img":"","footer-sml-layout":"","theme-transparent-header-meta":"","adv-header-id-meta":"","stick-header-meta":"","header-above-stick-meta":"","header-main-stick-meta":"","header-below-stick-meta":"","astra-migrate-meta-layouts":"default","ast-page-background-enabled":"default","ast-page-background-meta":{"desktop":{"background-color":"var(--ast-global-color-4)","background-image":"","background-repeat":"repeat","background-position":"center center","background-size":"auto","background-attachment":"scroll","background-type":"","background-media":"","overlay-type":"","overlay-color":"","overlay-opacity":"","overlay-gradient":""},"tablet":{"background-color":"","background-image":"","background-repeat":"repeat","background-position":"center center","background-size":"auto","background-attachment":"scroll","background-type":"","background-media":"","overlay-type":"","overlay-color":"","overlay-opacity":"","overlay-gradient":""},"mobile":{"background-color":"","background-image":"","background-repeat":"repeat","background-position":"center center","background-size":"auto","background-attachment":"scroll","background-type":"","background-media":"","overlay-type":"","overlay-color":"","overlay-opacity":"","overlay-gradient":""}},"ast-content-background-meta":{"desktop":{"background-color":"var(--ast-global-color-5)","background-image":"","background-repeat":"repeat","background-position":"center center","background-size":"auto","background-attachment":"scroll","background-type":"","background-media":"","overlay-type":"","overlay-color":"","overlay-opacity":"","overlay-gradient":""},"tablet":{"background-color":"var(--ast-global-color-5)","background-image":"","background-repeat":"repeat","background-position":"center center","background-size":"auto","background-attachment":"scroll","background-type":"","background-media":"","overlay-type":"","overlay-color":"","overlay-opacity":"","overlay-gradient":""},"mobile":{"background-color":"var(--ast-global-color-5)","background-image":"","background-repeat":"repeat","background-position":"center center","background-size":"auto","background-attachment":"scroll","background-type":"","background-media":"","overlay-type":"","overlay-color":"","overlay-opacity":"","overlay-gradient":""}},"footnotes":""},"class_list":["post-15430","page","type-page","status-publish","hentry"],"post_mailing_queue_ids":[],"_links":{"self":[{"href":"https:\/\/serveiseducatius.xtec.cat\/altemporda\/wp-json\/wp\/v2\/pages\/15430","targetHints":{"allow":["GET"]}}],"collection":[{"href":"https:\/\/serveiseducatius.xtec.cat\/altemporda\/wp-json\/wp\/v2\/pages"}],"about":[{"href":"https:\/\/serveiseducatius.xtec.cat\/altemporda\/wp-json\/wp\/v2\/types\/page"}],"author":[{"embeddable":true,"href":"https:\/\/serveiseducatius.xtec.cat\/altemporda\/wp-json\/wp\/v2\/users\/4"}],"replies":[{"embeddable":true,"href":"https:\/\/serveiseducatius.xtec.cat\/altemporda\/wp-json\/wp\/v2\/comments?post=15430"}],"version-history":[{"count":4,"href":"https:\/\/serveiseducatius.xtec.cat\/altemporda\/wp-json\/wp\/v2\/pages\/15430\/revisions"}],"predecessor-version":[{"id":15518,"href":"https:\/\/serveiseducatius.xtec.cat\/altemporda\/wp-json\/wp\/v2\/pages\/15430\/revisions\/15518"}],"up":[{"embeddable":true,"href":"https:\/\/serveiseducatius.xtec.cat\/altemporda\/wp-json\/wp\/v2\/pages\/15303"}],"wp:attachment":[{"href":"https:\/\/serveiseducatius.xtec.cat\/altemporda\/wp-json\/wp\/v2\/media?parent=15430"}],"curies":[{"name":"wp","href":"https:\/\/api.w.org\/{rel}","templated":true}]}}