{"id":15426,"date":"2022-01-13T12:52:35","date_gmt":"2022-01-13T11:52:35","guid":{"rendered":"https:\/\/serveiseducatius.xtec.cat\/altemporda\/?page_id=15426"},"modified":"2022-01-13T13:04:57","modified_gmt":"2022-01-13T12:04:57","slug":"2018-2","status":"publish","type":"page","link":"https:\/\/serveiseducatius.xtec.cat\/altemporda\/conte-per-relleus\/premsa\/2018-2\/","title":{"rendered":"2018"},"content":{"rendered":"<div class=\"announcement\">\n<h4><a dir=\"ltr\" href=\"https:\/\/sites.google.com\/a\/xtec.cat\/conte-per-relleus-12-13\/Premsa\/edicio-2018\/poster2018\">P\u00f2ster 2018<\/a><\/h4>\n<p><a href=\"https:\/\/sites.google.com\/a\/xtec.cat\/conte-per-relleus-12-13\/Premsa\/edicio-2018\/poster2018\/poster.jpg?attredirects=0\"><img decoding=\"async\" src=\"https:\/\/sites.google.com\/a\/xtec.cat\/conte-per-relleus-12-13\/_\/rsrc\/1528373360871\/Premsa\/edicio-2018\/poster2018\/poster.jpg\" alt=\"P\u00f2ster\" border=\"0\" \/><\/a><\/p>\n<div class=\"postfooter\">\n<p>&nbsp;<\/p>\n<\/div>\n<\/div>\n<div class=\"announcement\">\n<h4><a dir=\"ltr\" href=\"https:\/\/sites.google.com\/a\/xtec.cat\/conte-per-relleus-12-13\/Premsa\/edicio-2018\/fotografiescloenda2017-2018\">Fotografies cloenda 2017-2018<\/a><\/h4>\n<p><span class=\"timestamp\"><span dir=\"ltr\"><a href=\"https:\/\/photos.app.goo.gl\/6k3HviBJZ6xR0Gif2\" target=\"_blank\" rel=\"noopener\"><img decoding=\"async\" src=\"https:\/\/lh3.googleusercontent.com\/-bNzjK3Q1Io4\/WvAsy_Tjl4I\/AAAAAAAAN-4\/ELUiRVVxZxw2peogMTNyateXB7V_bUIcACMQCGAYYCw\/s400\/20180426_132536.jpg\" alt=\"https:\/\/photos.app.goo.gl\/6k3HviBJZ6xR0Gif2\" border=\"0\" \/><\/a><\/span><\/span><\/div>\n<div><\/div>\n<div class=\"announcement\">\n<div class=\"postfooter\">\n<p>&nbsp;<\/p>\n<\/div>\n<\/div>\n<div class=\"announcement\">\n<h4><a dir=\"ltr\" href=\"https:\/\/sites.google.com\/a\/xtec.cat\/conte-per-relleus-12-13\/Premsa\/edicio-2018\/videocloenda2017-2018\">V\u00eddeo cloenda 2017-2018<\/a><\/h4>\n<p><span class=\"timestamp\"><span dir=\"ltr\"><iframe loading=\"lazy\" class=\"youtube-player\" title=\"YouTube video player\" src=\"https:\/\/www.youtube.com\/embed\/y9qwIh3zLVQ?rel=0&amp;wmode=opaque\" width=\"480\" height=\"270\" frameborder=\"0\" allowfullscreen=\"allowfullscreen\" data-ruffle-polyfilled=\"\" data-mce-fragment=\"1\"><\/iframe>7<\/span><\/span>&nbsp;<\/p>\n<\/div>\n<div class=\"announcement\">\n<h4><a dir=\"ltr\" href=\"https:\/\/sites.google.com\/a\/xtec.cat\/conte-per-relleus-12-13\/Premsa\/edicio-2018\/fotografiespresentacio2017-18\">Fotografies presentaci\u00f3 2017-18<\/a><\/h4>\n<p><span class=\"timestamp\"><span dir=\"ltr\"><a href=\"https:\/\/photos.app.goo.gl\/LVTyd2jBAfNgBhGK2\" target=\"_blank\" rel=\"noopener\"><img decoding=\"async\" src=\"https:\/\/lh3.googleusercontent.com\/-wPrMScxCEWM\/WhgDnO_n_0I\/AAAAAAAANTg\/O1I0Ufm5prUM0No08bEcWoh3Cs1R-TfFQCMQCGAYYCw\/s400\/20171123_091726.jpg\" border=\"0\" \/><\/a><\/span><\/span>&nbsp;<\/p>\n<\/div>\n<div class=\"announcement\">\n<h4><a dir=\"ltr\" href=\"https:\/\/sites.google.com\/a\/xtec.cat\/conte-per-relleus-12-13\/Premsa\/edicio-2018\/videodelainauguraciocurs2017-18\">V\u00eddeo de la inauguraci\u00f3 curs 2017-18<\/a><\/h4>\n<p><iframe loading=\"lazy\" class=\"youtube-player\" title=\"YouTube video player\" src=\"https:\/\/www.youtube.com\/embed\/8l1vsSc7Gz0?rel=0&amp;wmode=opaque\" width=\"480\" height=\"270\" frameborder=\"0\" allowfullscreen=\"allowfullscreen\" data-ruffle-polyfilled=\"\" data-mce-fragment=\"1\"><\/iframe><br \/>\n&nbsp;<\/p>\n<\/div>\n","protected":false},"excerpt":{"rendered":"<p>P\u00f2ster 2018 &nbsp; Fotografies cloenda 2017-2018 &nbsp; V\u00eddeo cloenda 2017-2018 7&nbsp; Fotografies presentaci\u00f3 2017-18 &nbsp; V\u00eddeo de la inauguraci\u00f3 curs 2017-18 &nbsp;<\/p>\n","protected":false},"author":4,"featured_media":0,"parent":15303,"menu_order":0,"comment_status":"closed","ping_status":"closed","template":"","meta":{"_bbp_topic_count":0,"_bbp_reply_count":0,"_bbp_total_topic_count":0,"_bbp_total_reply_count":0,"_bbp_voice_count":0,"_bbp_anonymous_reply_count":0,"_bbp_topic_count_hidden":0,"_bbp_reply_count_hidden":0,"_bbp_forum_subforum_count":0,"site-sidebar-layout":"default","site-content-layout":"","ast-site-content-layout":"","site-content-style":"default","site-sidebar-style":"default","ast-global-header-display":"","ast-banner-title-visibility":"","ast-main-header-display":"","ast-hfb-above-header-display":"","ast-hfb-below-header-display":"","ast-hfb-mobile-header-display":"","site-post-title":"","ast-breadcrumbs-content":"","ast-featured-img":"","footer-sml-layout":"","theme-transparent-header-meta":"","adv-header-id-meta":"","stick-header-meta":"","header-above-stick-meta":"","header-main-stick-meta":"","header-below-stick-meta":"","astra-migrate-meta-layouts":"default","ast-page-background-enabled":"default","ast-page-background-meta":{"desktop":{"background-color":"var(--ast-global-color-4)","background-image":"","background-repeat":"repeat","background-position":"center center","background-size":"auto","background-attachment":"scroll","background-type":"","background-media":"","overlay-type":"","overlay-color":"","overlay-opacity":"","overlay-gradient":""},"tablet":{"background-color":"","background-image":"","background-repeat":"repeat","background-position":"center center","background-size":"auto","background-attachment":"scroll","background-type":"","background-media":"","overlay-type":"","overlay-color":"","overlay-opacity":"","overlay-gradient":""},"mobile":{"background-color":"","background-image":"","background-repeat":"repeat","background-position":"center center","background-size":"auto","background-attachment":"scroll","background-type":"","background-media":"","overlay-type":"","overlay-color":"","overlay-opacity":"","overlay-gradient":""}},"ast-content-background-meta":{"desktop":{"background-color":"var(--ast-global-color-5)","background-image":"","background-repeat":"repeat","background-position":"center center","background-size":"auto","background-attachment":"scroll","background-type":"","background-media":"","overlay-type":"","overlay-color":"","overlay-opacity":"","overlay-gradient":""},"tablet":{"background-color":"var(--ast-global-color-5)","background-image":"","background-repeat":"repeat","background-position":"center center","background-size":"auto","background-attachment":"scroll","background-type":"","background-media":"","overlay-type":"","overlay-color":"","overlay-opacity":"","overlay-gradient":""},"mobile":{"background-color":"var(--ast-global-color-5)","background-image":"","background-repeat":"repeat","background-position":"center center","background-size":"auto","background-attachment":"scroll","background-type":"","background-media":"","overlay-type":"","overlay-color":"","overlay-opacity":"","overlay-gradient":""}},"footnotes":""},"class_list":["post-15426","page","type-page","status-publish","hentry"],"post_mailing_queue_ids":[],"_links":{"self":[{"href":"https:\/\/serveiseducatius.xtec.cat\/altemporda\/wp-json\/wp\/v2\/pages\/15426","targetHints":{"allow":["GET"]}}],"collection":[{"href":"https:\/\/serveiseducatius.xtec.cat\/altemporda\/wp-json\/wp\/v2\/pages"}],"about":[{"href":"https:\/\/serveiseducatius.xtec.cat\/altemporda\/wp-json\/wp\/v2\/types\/page"}],"author":[{"embeddable":true,"href":"https:\/\/serveiseducatius.xtec.cat\/altemporda\/wp-json\/wp\/v2\/users\/4"}],"replies":[{"embeddable":true,"href":"https:\/\/serveiseducatius.xtec.cat\/altemporda\/wp-json\/wp\/v2\/comments?post=15426"}],"version-history":[{"count":2,"href":"https:\/\/serveiseducatius.xtec.cat\/altemporda\/wp-json\/wp\/v2\/pages\/15426\/revisions"}],"predecessor-version":[{"id":15442,"href":"https:\/\/serveiseducatius.xtec.cat\/altemporda\/wp-json\/wp\/v2\/pages\/15426\/revisions\/15442"}],"up":[{"embeddable":true,"href":"https:\/\/serveiseducatius.xtec.cat\/altemporda\/wp-json\/wp\/v2\/pages\/15303"}],"wp:attachment":[{"href":"https:\/\/serveiseducatius.xtec.cat\/altemporda\/wp-json\/wp\/v2\/media?parent=15426"}],"curies":[{"name":"wp","href":"https:\/\/api.w.org\/{rel}","templated":true}]}}