{"id":15424,"date":"2022-01-13T12:50:30","date_gmt":"2022-01-13T11:50:30","guid":{"rendered":"https:\/\/serveiseducatius.xtec.cat\/altemporda\/?page_id=15424"},"modified":"2022-01-13T13:51:17","modified_gmt":"2022-01-13T12:51:17","slug":"2019-2","status":"publish","type":"page","link":"https:\/\/serveiseducatius.xtec.cat\/altemporda\/conte-per-relleus\/premsa\/2019-2\/","title":{"rendered":"2019"},"content":{"rendered":"<h2 style=\"text-align: center;\"><\/h2>\n<h4>V\u00eddeo de la cloenda<\/h4>\n<div class=\"announcement\">\n<p><span class=\"timestamp\"><span dir=\"ltr\"><iframe loading=\"lazy\" class=\"youtube-player\" title=\"YouTube video player\" src=\"https:\/\/www.youtube.com\/embed\/Af9we9mTU_k?rel=0&amp;wmode=opaque\" width=\"640\" height=\"360\" frameborder=\"0\" allowfullscreen=\"allowfullscreen\" data-ruffle-polyfilled=\"\" data-mce-fragment=\"1\"><\/iframe><\/span><\/span><\/p>\n<\/div>\n<div class=\"announcement\">\n<h4>V\u00eddeos de la cloenda<\/h4>\n<p><span class=\"timestamp\"><span dir=\"ltr\"><a href=\"https:\/\/photos.app.goo.gl\/uHEAVvR3sxyK4R557\" target=\"_blank\" rel=\"noopener\"><img decoding=\"async\" src=\"https:\/\/sites.google.com\/a\/xtec.cat\/conte-per-relleus-12-13\/_\/rsrc\/1557744755139\/Premsa\/edicio-2019\/videodelacloenda\/V%C3%ADdeos.png\" alt=\"https:\/\/sites.google.com\/a\/xtec.cat\/conte-per-relleus-12-13\/Premsa\/edicio-2019\/videodelacloenda\/V%C3%ADdeos.png\" border=\"0\" \/><\/a>9<\/span><\/span><\/p>\n<div class=\"postfooter\">\n<h4>Fotografies cloenda 2018-2019<\/h4>\n<\/div>\n<\/div>\n<div class=\"announcement\">\n<p><span class=\"timestamp\"><span dir=\"ltr\"><a href=\"https:\/\/photos.app.goo.gl\/zByuLY7MeCPVS1VV9\" target=\"_blank\" rel=\"noopener\"><img loading=\"lazy\" decoding=\"async\" src=\"https:\/\/sites.google.com\/a\/xtec.cat\/conte-per-relleus-12-13\/_\/rsrc\/1556207788791\/Premsa\/edicio-2019\/fotografiescloenda2018-2019\/IMG_2889.JPG?height=270&amp;width=400\" alt=\"https:\/\/photos.app.goo.gl\/zByuLY7MeCPVS1VV9\" width=\"400\" height=\"270\" border=\"0\" \/><\/a><\/span><\/span><\/p>\n<\/div>\n<div class=\"announcement\">\n<h4>Fotografies presentaci\u00f3 2018-2019<\/h4>\n<p><span class=\"timestamp\"><span dir=\"ltr\"><a href=\"https:\/\/photos.app.goo.gl\/TpHXWJcxHfkp21ci9\" target=\"_blank\" rel=\"noopener\"><img loading=\"lazy\" decoding=\"async\" src=\"https:\/\/sites.google.com\/a\/xtec.cat\/conte-per-relleus-12-13\/_\/rsrc\/1543234215158\/Premsa\/edicio-2019\/fotografiespresentacio2018-2019\/IMG-20181122-WA0005.jpg?height=300&amp;width=400\" alt=\"https:\/\/photos.app.goo.gl\/TpHXWJcxHfkp21ci9\" width=\"400\" height=\"300\" border=\"0\" \/><\/a><\/span><\/span><\/p>\n<\/div>\n<div class=\"announcement\">\n<h4>V\u00eddeo inauguraci\u00f3 del curs 2018-2019<\/h4>\n<p><span class=\"timestamp\"><span dir=\"ltr\"><iframe loading=\"lazy\" class=\"youtube-player\" title=\"YouTube video player\" src=\"https:\/\/www.youtube.com\/embed\/n8WI2ikoW5M?rel=0&amp;wmode=opaque\" width=\"480\" height=\"270\" frameborder=\"0\" allowfullscreen=\"allowfullscreen\" data-ruffle-polyfilled=\"\" data-mce-fragment=\"1\"><\/iframe><\/span><\/span><\/p>\n<p>&nbsp;<\/p>\n<\/div>\n","protected":false},"excerpt":{"rendered":"<p>V\u00eddeo de la cloenda V\u00eddeos de la cloenda 9 Fotografies cloenda 2018-2019 Fotografies presentaci\u00f3 2018-2019 V\u00eddeo inauguraci\u00f3 del curs 2018-2019 &nbsp;<\/p>\n","protected":false},"author":4,"featured_media":0,"parent":15303,"menu_order":0,"comment_status":"closed","ping_status":"closed","template":"","meta":{"_bbp_topic_count":0,"_bbp_reply_count":0,"_bbp_total_topic_count":0,"_bbp_total_reply_count":0,"_bbp_voice_count":0,"_bbp_anonymous_reply_count":0,"_bbp_topic_count_hidden":0,"_bbp_reply_count_hidden":0,"_bbp_forum_subforum_count":0,"site-sidebar-layout":"default","site-content-layout":"","ast-site-content-layout":"","site-content-style":"default","site-sidebar-style":"default","ast-global-header-display":"","ast-banner-title-visibility":"","ast-main-header-display":"","ast-hfb-above-header-display":"","ast-hfb-below-header-display":"","ast-hfb-mobile-header-display":"","site-post-title":"","ast-breadcrumbs-content":"","ast-featured-img":"","footer-sml-layout":"","theme-transparent-header-meta":"","adv-header-id-meta":"","stick-header-meta":"","header-above-stick-meta":"","header-main-stick-meta":"","header-below-stick-meta":"","astra-migrate-meta-layouts":"default","ast-page-background-enabled":"default","ast-page-background-meta":{"desktop":{"background-color":"var(--ast-global-color-4)","background-image":"","background-repeat":"repeat","background-position":"center center","background-size":"auto","background-attachment":"scroll","background-type":"","background-media":"","overlay-type":"","overlay-color":"","overlay-opacity":"","overlay-gradient":""},"tablet":{"background-color":"","background-image":"","background-repeat":"repeat","background-position":"center center","background-size":"auto","background-attachment":"scroll","background-type":"","background-media":"","overlay-type":"","overlay-color":"","overlay-opacity":"","overlay-gradient":""},"mobile":{"background-color":"","background-image":"","background-repeat":"repeat","background-position":"center center","background-size":"auto","background-attachment":"scroll","background-type":"","background-media":"","overlay-type":"","overlay-color":"","overlay-opacity":"","overlay-gradient":""}},"ast-content-background-meta":{"desktop":{"background-color":"var(--ast-global-color-5)","background-image":"","background-repeat":"repeat","background-position":"center center","background-size":"auto","background-attachment":"scroll","background-type":"","background-media":"","overlay-type":"","overlay-color":"","overlay-opacity":"","overlay-gradient":""},"tablet":{"background-color":"var(--ast-global-color-5)","background-image":"","background-repeat":"repeat","background-position":"center center","background-size":"auto","background-attachment":"scroll","background-type":"","background-media":"","overlay-type":"","overlay-color":"","overlay-opacity":"","overlay-gradient":""},"mobile":{"background-color":"var(--ast-global-color-5)","background-image":"","background-repeat":"repeat","background-position":"center center","background-size":"auto","background-attachment":"scroll","background-type":"","background-media":"","overlay-type":"","overlay-color":"","overlay-opacity":"","overlay-gradient":""}},"footnotes":""},"class_list":["post-15424","page","type-page","status-publish","hentry"],"post_mailing_queue_ids":[],"_links":{"self":[{"href":"https:\/\/serveiseducatius.xtec.cat\/altemporda\/wp-json\/wp\/v2\/pages\/15424","targetHints":{"allow":["GET"]}}],"collection":[{"href":"https:\/\/serveiseducatius.xtec.cat\/altemporda\/wp-json\/wp\/v2\/pages"}],"about":[{"href":"https:\/\/serveiseducatius.xtec.cat\/altemporda\/wp-json\/wp\/v2\/types\/page"}],"author":[{"embeddable":true,"href":"https:\/\/serveiseducatius.xtec.cat\/altemporda\/wp-json\/wp\/v2\/users\/4"}],"replies":[{"embeddable":true,"href":"https:\/\/serveiseducatius.xtec.cat\/altemporda\/wp-json\/wp\/v2\/comments?post=15424"}],"version-history":[{"count":2,"href":"https:\/\/serveiseducatius.xtec.cat\/altemporda\/wp-json\/wp\/v2\/pages\/15424\/revisions"}],"predecessor-version":[{"id":15468,"href":"https:\/\/serveiseducatius.xtec.cat\/altemporda\/wp-json\/wp\/v2\/pages\/15424\/revisions\/15468"}],"up":[{"embeddable":true,"href":"https:\/\/serveiseducatius.xtec.cat\/altemporda\/wp-json\/wp\/v2\/pages\/15303"}],"wp:attachment":[{"href":"https:\/\/serveiseducatius.xtec.cat\/altemporda\/wp-json\/wp\/v2\/media?parent=15424"}],"curies":[{"name":"wp","href":"https:\/\/api.w.org\/{rel}","templated":true}]}}