{"id":15422,"date":"2022-01-13T12:49:15","date_gmt":"2022-01-13T11:49:15","guid":{"rendered":"https:\/\/serveiseducatius.xtec.cat\/altemporda\/?page_id=15422"},"modified":"2022-01-13T13:17:26","modified_gmt":"2022-01-13T12:17:26","slug":"2020-2","status":"publish","type":"page","link":"https:\/\/serveiseducatius.xtec.cat\/altemporda\/conte-per-relleus\/premsa\/2020-2\/","title":{"rendered":"2020"},"content":{"rendered":"<h2 style=\"text-align: center;\"><\/h2>\n<div class=\"announcement\">\n<h4>Fotografies cloenda<\/h4>\n<p><span class=\"timestamp\"><span dir=\"ltr\"><a href=\"https:\/\/photos.app.goo.gl\/4QAZamm8TXYNFrYM8\" target=\"_blank\" rel=\"noopener\"><img loading=\"lazy\" decoding=\"async\" src=\"https:\/\/sites.google.com\/a\/xtec.cat\/conte-per-relleus-12-13\/_\/rsrc\/1611316663435\/Premsa\/edicio-2020\/fotografiescloenda\/Bandolers%202.PNG?height=392&amp;width=500\" width=\"500\" height=\"392\" border=\"0\" \/><\/a><\/span><\/span><\/p>\n<\/div>\n<h4>V\u00eddeos cloenda<\/h4>\n<div class=\"announcement\">\n<p><span class=\"timestamp\"><span dir=\"ltr\"><a href=\"https:\/\/photos.app.goo.gl\/cq7KBnZZH842nD9z8\" target=\"_blank\" rel=\"noopener\"><img loading=\"lazy\" decoding=\"async\" src=\"https:\/\/sites.google.com\/a\/xtec.cat\/conte-per-relleus-12-13\/_\/rsrc\/1611316327027\/Premsa\/edicio-2020\/entradasensetitol\/Car%C3%A0tula.png?height=432&amp;width=500\" alt=\"https:\/\/sites.google.com\/a\/xtec.cat\/conte-per-relleus-12-13\/Premsa\/edicio-2020\/_draft_post\/Car%C3%A0tula.png\" width=\"500\" height=\"432\" border=\"0\" \/><\/a><\/span><\/span><\/p>\n<div class=\"postfooter\">\n<h4>Fotos inauguraci\u00f3 2019-2020<\/h4>\n<\/div>\n<\/div>\n<div class=\"announcement\">\n<p><span class=\"timestamp\"><span dir=\"ltr\"><a href=\"https:\/\/photos.app.goo.gl\/r3MTNmf7RA2CHESPA\" target=\"_blank\" rel=\"noopener\"><img loading=\"lazy\" decoding=\"async\" src=\"https:\/\/sites.google.com\/a\/xtec.cat\/conte-per-relleus-12-13\/_\/rsrc\/1579169213902\/Premsa\/edicio-2020\/fotosinauguracio2019-2020\/21.jpg?height=300&amp;width=400\" alt=\"https:\/\/photos.app.goo.gl\/r3MTNmf7RA2CHESPA\" width=\"400\" height=\"300\" border=\"0\" \/><\/a><\/span><\/span><\/p>\n<\/div>\n<div class=\"announcement\">\n<h4>Primera trobada de la 8a edici\u00f3<\/h4>\n<p><span class=\"timestamp\"><span dir=\"ltr\"><iframe loading=\"lazy\" class=\"youtube-player\" title=\"YouTube video player\" src=\"https:\/\/www.youtube.com\/embed\/2MeXVus_9IE?rel=0&amp;wmode=opaque\" width=\"640\" height=\"360\" frameborder=\"0\" allowfullscreen=\"allowfullscreen\" data-ruffle-polyfilled=\"\" data-mce-fragment=\"1\"><\/iframe><br \/>\n<\/span><\/span><\/p>\n<\/div>\n","protected":false},"excerpt":{"rendered":"<p>Fotografies cloenda V\u00eddeos cloenda Fotos inauguraci\u00f3 2019-2020 Primera trobada de la 8a edici\u00f3<\/p>\n","protected":false},"author":4,"featured_media":0,"parent":15303,"menu_order":0,"comment_status":"closed","ping_status":"closed","template":"","meta":{"_bbp_topic_count":0,"_bbp_reply_count":0,"_bbp_total_topic_count":0,"_bbp_total_reply_count":0,"_bbp_voice_count":0,"_bbp_anonymous_reply_count":0,"_bbp_topic_count_hidden":0,"_bbp_reply_count_hidden":0,"_bbp_forum_subforum_count":0,"site-sidebar-layout":"default","site-content-layout":"","ast-site-content-layout":"","site-content-style":"default","site-sidebar-style":"default","ast-global-header-display":"","ast-banner-title-visibility":"","ast-main-header-display":"","ast-hfb-above-header-display":"","ast-hfb-below-header-display":"","ast-hfb-mobile-header-display":"","site-post-title":"","ast-breadcrumbs-content":"","ast-featured-img":"","footer-sml-layout":"","theme-transparent-header-meta":"","adv-header-id-meta":"","stick-header-meta":"","header-above-stick-meta":"","header-main-stick-meta":"","header-below-stick-meta":"","astra-migrate-meta-layouts":"default","ast-page-background-enabled":"default","ast-page-background-meta":{"desktop":{"background-color":"var(--ast-global-color-4)","background-image":"","background-repeat":"repeat","background-position":"center center","background-size":"auto","background-attachment":"scroll","background-type":"","background-media":"","overlay-type":"","overlay-color":"","overlay-opacity":"","overlay-gradient":""},"tablet":{"background-color":"","background-image":"","background-repeat":"repeat","background-position":"center center","background-size":"auto","background-attachment":"scroll","background-type":"","background-media":"","overlay-type":"","overlay-color":"","overlay-opacity":"","overlay-gradient":""},"mobile":{"background-color":"","background-image":"","background-repeat":"repeat","background-position":"center center","background-size":"auto","background-attachment":"scroll","background-type":"","background-media":"","overlay-type":"","overlay-color":"","overlay-opacity":"","overlay-gradient":""}},"ast-content-background-meta":{"desktop":{"background-color":"var(--ast-global-color-5)","background-image":"","background-repeat":"repeat","background-position":"center center","background-size":"auto","background-attachment":"scroll","background-type":"","background-media":"","overlay-type":"","overlay-color":"","overlay-opacity":"","overlay-gradient":""},"tablet":{"background-color":"var(--ast-global-color-5)","background-image":"","background-repeat":"repeat","background-position":"center center","background-size":"auto","background-attachment":"scroll","background-type":"","background-media":"","overlay-type":"","overlay-color":"","overlay-opacity":"","overlay-gradient":""},"mobile":{"background-color":"var(--ast-global-color-5)","background-image":"","background-repeat":"repeat","background-position":"center center","background-size":"auto","background-attachment":"scroll","background-type":"","background-media":"","overlay-type":"","overlay-color":"","overlay-opacity":"","overlay-gradient":""}},"footnotes":""},"class_list":["post-15422","page","type-page","status-publish","hentry"],"post_mailing_queue_ids":[],"_links":{"self":[{"href":"https:\/\/serveiseducatius.xtec.cat\/altemporda\/wp-json\/wp\/v2\/pages\/15422","targetHints":{"allow":["GET"]}}],"collection":[{"href":"https:\/\/serveiseducatius.xtec.cat\/altemporda\/wp-json\/wp\/v2\/pages"}],"about":[{"href":"https:\/\/serveiseducatius.xtec.cat\/altemporda\/wp-json\/wp\/v2\/types\/page"}],"author":[{"embeddable":true,"href":"https:\/\/serveiseducatius.xtec.cat\/altemporda\/wp-json\/wp\/v2\/users\/4"}],"replies":[{"embeddable":true,"href":"https:\/\/serveiseducatius.xtec.cat\/altemporda\/wp-json\/wp\/v2\/comments?post=15422"}],"version-history":[{"count":2,"href":"https:\/\/serveiseducatius.xtec.cat\/altemporda\/wp-json\/wp\/v2\/pages\/15422\/revisions"}],"predecessor-version":[{"id":15450,"href":"https:\/\/serveiseducatius.xtec.cat\/altemporda\/wp-json\/wp\/v2\/pages\/15422\/revisions\/15450"}],"up":[{"embeddable":true,"href":"https:\/\/serveiseducatius.xtec.cat\/altemporda\/wp-json\/wp\/v2\/pages\/15303"}],"wp:attachment":[{"href":"https:\/\/serveiseducatius.xtec.cat\/altemporda\/wp-json\/wp\/v2\/media?parent=15422"}],"curies":[{"name":"wp","href":"https:\/\/api.w.org\/{rel}","templated":true}]}}