{"id":15268,"date":"2021-12-17T12:10:33","date_gmt":"2021-12-17T11:10:33","guid":{"rendered":"https:\/\/serveiseducatius.xtec.cat\/altemporda\/?page_id=15268"},"modified":"2024-12-13T12:04:41","modified_gmt":"2024-12-13T11:04:41","slug":"lart-deducar","status":"publish","type":"page","link":"https:\/\/serveiseducatius.xtec.cat\/altemporda\/el-servei-educatiu\/lart-deducar\/","title":{"rendered":"L&#8217;art d&#8217;educar"},"content":{"rendered":"<div>\n<p><span style=\"font-family: Verdana,sans-serif;\">\u00c9s una instal\u00b7laci\u00f3 artisticoeducativa fruit de la implicaci\u00f3 i comprom\u00eds dels diferents professionals del m\u00f3n de l\u2019educaci\u00f3 de la comarca de l\u2019Alt Empord\u00e0. En agra\u00efment a tot el professorat que, dia a dia, treballa per aconseguir que l\u2019educaci\u00f3 sigui un b\u00e9 preuat que ens ajudi a transformar el m\u00f3n. <\/span><span style=\"font-size: 11.0pt; font-family: Verdana,sans-serif; color: black;\"> <span style=\"font-family: Verdana,sans-serif;\"><img loading=\"lazy\" decoding=\"async\" class=\"aligncenter wp-image-24216\" src=\"https:\/\/serveiseducatius.xtec.cat\/altemporda\/wp-content\/uploads\/usu1156\/2024\/11\/foto.png\" alt=\"\" width=\"809\" height=\"539\" srcset=\"https:\/\/serveiseducatius.xtec.cat\/altemporda\/wp-content\/uploads\/usu1156\/2024\/11\/foto.png 960w, https:\/\/serveiseducatius.xtec.cat\/altemporda\/wp-content\/uploads\/usu1156\/2024\/11\/foto-300x200.png 300w, https:\/\/serveiseducatius.xtec.cat\/altemporda\/wp-content\/uploads\/usu1156\/2024\/11\/foto-768x512.png 768w\" sizes=\"auto, (max-width: 809px) 100vw, 809px\" \/><\/span><\/span><\/p>\n<p style=\"margin: 0cm 67.9pt 0.0001pt 45pt; text-align: justify; background: none repeat scroll 0% 0% #d9d9d9;\"><span style=\"font-size: small;\"><span style=\"font-family: Verdana,sans-serif; color: black;\">\u201cEls<i> objectes passen de l\u2019ahir a l\u2019avui en un tancar i obrir d&#8217;ulls, per\u00f2 el que \u00e9s realment important s\u00f3n les empremtes que deixen a la nostra hist\u00f2ria, els records que ens porten quan els mirem, s\u00f3n aquests els que realment els fan \u00fanics.<\/i><\/span><\/span><i><\/i><\/p>\n<p style=\"margin: 0cm 67.9pt 0.0001pt 45pt; text-align: justify; background: none repeat scroll 0% 0% #d9d9d9;\"><span style=\"font-size: small;\"><span style=\"font-family: Verdana,sans-serif; color: black;\"><i>Aquest pupitre, en si, no \u00e9s diferent dels que moltes escoles de la comarca tingueren&#8230; per\u00f2 els anys que ha estat a la nostra escola inaugurada el curs 1933-34 ha fet que sigui on molts dels nostres alumnes han apr\u00e8s, \u00e9s el pupitre que el Departament va pintar de gris per fer-lo durar uns anys m\u00e9s i el que la directora va \u201camagar\u201d quan un cami\u00f3 se\u2019n va endur la resta. Aquest moble \u00e9s el que, m\u00e9s endavant, la mateixa directora va fer restaurar recuperant aix\u00ed el seu aspecte inicial i la seva aparent senzillesa. I, ja ens ho deia aquell Petit Pr\u00edncep&#8230; <\/i><b><i>L\u2019essencial \u00e9s invisible als ulls<\/i><\/b>\u201d <\/span><\/span><\/p>\n<p style=\"margin: 0cm 67.9pt 0.0001pt 45pt; text-align: right; background: none repeat scroll 0% 0% #d9d9d9;\" align=\"right\"><span style=\"font-size: small;\"><span style=\"font-family: Verdana,sans-serif; color: black;\">Claustre<b> Escola<br \/>\nTeresa de Pallej\u00e0. Forti\u00e0<\/b><\/span><\/span><\/p>\n<p style=\"margin: 0cm 67.9pt 0.0001pt 45pt; text-align: right; background: none repeat scroll 0% 0% #d9d9d9;\" align=\"right\"><span style=\"font-size: small;\"><b><span style=\"font-family: Verdana,sans-serif; color: black;\">25 d\u2019abril de 2013<\/span><\/b><\/span><\/p>\n<p style=\"text-align: justify; background: white; margin: 0cm 67.9pt .0001pt 45.0pt;\"><span style=\"font-size: 11.0pt; font-family: Verdana,sans-serif; color: black;\">\u00a0<\/span><\/p>\n<p style=\"margin: 0cm; margin-bottom: .0001pt; text-align: justify; background: white;\"><span style=\"font-size: 11.0pt; font-family: Verdana,sans-serif; color: black;\"> <img loading=\"lazy\" decoding=\"async\" class=\"aligncenter size-full wp-image-24217\" src=\"https:\/\/serveiseducatius.xtec.cat\/altemporda\/wp-content\/uploads\/usu1156\/2024\/11\/pupitre.jpg\" alt=\"\" width=\"464\" height=\"346\" srcset=\"https:\/\/serveiseducatius.xtec.cat\/altemporda\/wp-content\/uploads\/usu1156\/2024\/11\/pupitre.jpg 464w, https:\/\/serveiseducatius.xtec.cat\/altemporda\/wp-content\/uploads\/usu1156\/2024\/11\/pupitre-300x224.jpg 300w, https:\/\/serveiseducatius.xtec.cat\/altemporda\/wp-content\/uploads\/usu1156\/2024\/11\/pupitre-200x150.jpg 200w\" sizes=\"auto, (max-width: 464px) 100vw, 464px\" \/><\/span><\/p>\n<table style=\"margin-left: 50.4pt; border-collapse: collapse; border: none; width: 88.3446%;\" border=\"0\" cellspacing=\"0\" cellpadding=\"0\">\n<tbody>\n<tr>\n<td style=\"width: 100%; padding: 0cm 5.4pt;\" valign=\"top\" width=\"492\">\n<p style=\"text-align: center;\"><span style=\"font-size: 8.0pt; line-height: 115%; font-family: Verdana,sans-serif;\">Taula<br \/>\nbanc bipersonal cedida per l\u2019Escola Teresa de Pallej\u00e0 amb seients m\u00f2bils<br \/>\n(1925-1952) amb un valor a l\u2019\u00e8poca de 48 pessetes. Fabricada amb fusta de<br \/>\nfaig d\u2019Hongria. (MUVHE)<\/span><\/p>\n<\/td>\n<\/tr>\n<\/tbody>\n<\/table>\n<\/div>\n<div style=\"text-align: center;\"><\/div>\n<div><\/div>\n<div style=\"text-align: center;\"><img loading=\"lazy\" decoding=\"async\" class=\"aligncenter wp-image-24380 \" src=\"https:\/\/serveiseducatius.xtec.cat\/altemporda\/wp-content\/uploads\/usu1156\/2024\/12\/35-768x829-1.jpg\" alt=\"\" width=\"865\" height=\"666\" srcset=\"https:\/\/serveiseducatius.xtec.cat\/altemporda\/wp-content\/uploads\/usu1156\/2024\/12\/35-768x829-1.jpg 768w, https:\/\/serveiseducatius.xtec.cat\/altemporda\/wp-content\/uploads\/usu1156\/2024\/12\/35-768x829-1-300x231.jpg 300w\" sizes=\"auto, (max-width: 865px) 100vw, 865px\" \/><\/div>\n","protected":false},"excerpt":{"rendered":"<p>\u00c9s una instal\u00b7laci\u00f3 artisticoeducativa fruit de la implicaci\u00f3 i comprom\u00eds dels diferents professionals del m\u00f3n de l\u2019educaci\u00f3 de la comarca de l\u2019Alt Empord\u00e0. En agra\u00efment a tot el professorat que, dia a dia, treballa per aconseguir que l\u2019educaci\u00f3 sigui un b\u00e9 preuat que ens ajudi a transformar el m\u00f3n. \u201cEls objectes passen de l\u2019ahir a [&hellip;]<\/p>\n","protected":false},"author":1,"featured_media":0,"parent":806,"menu_order":7,"comment_status":"closed","ping_status":"closed","template":"","meta":{"_bbp_topic_count":0,"_bbp_reply_count":0,"_bbp_total_topic_count":0,"_bbp_total_reply_count":0,"_bbp_voice_count":0,"_bbp_anonymous_reply_count":0,"_bbp_topic_count_hidden":0,"_bbp_reply_count_hidden":0,"_bbp_forum_subforum_count":0,"site-sidebar-layout":"default","site-content-layout":"","ast-site-content-layout":"","site-content-style":"default","site-sidebar-style":"default","ast-global-header-display":"","ast-banner-title-visibility":"","ast-main-header-display":"","ast-hfb-above-header-display":"","ast-hfb-below-header-display":"","ast-hfb-mobile-header-display":"","site-post-title":"","ast-breadcrumbs-content":"","ast-featured-img":"","footer-sml-layout":"","theme-transparent-header-meta":"","adv-header-id-meta":"","stick-header-meta":"","header-above-stick-meta":"","header-main-stick-meta":"","header-below-stick-meta":"","astra-migrate-meta-layouts":"default","ast-page-background-enabled":"default","ast-page-background-meta":{"desktop":{"background-color":"var(--ast-global-color-4)","background-image":"","background-repeat":"repeat","background-position":"center center","background-size":"auto","background-attachment":"scroll","background-type":"","background-media":"","overlay-type":"","overlay-color":"","overlay-opacity":"","overlay-gradient":""},"tablet":{"background-color":"","background-image":"","background-repeat":"repeat","background-position":"center center","background-size":"auto","background-attachment":"scroll","background-type":"","background-media":"","overlay-type":"","overlay-color":"","overlay-opacity":"","overlay-gradient":""},"mobile":{"background-color":"","background-image":"","background-repeat":"repeat","background-position":"center center","background-size":"auto","background-attachment":"scroll","background-type":"","background-media":"","overlay-type":"","overlay-color":"","overlay-opacity":"","overlay-gradient":""}},"ast-content-background-meta":{"desktop":{"background-color":"var(--ast-global-color-5)","background-image":"","background-repeat":"repeat","background-position":"center center","background-size":"auto","background-attachment":"scroll","background-type":"","background-media":"","overlay-type":"","overlay-color":"","overlay-opacity":"","overlay-gradient":""},"tablet":{"background-color":"var(--ast-global-color-5)","background-image":"","background-repeat":"repeat","background-position":"center center","background-size":"auto","background-attachment":"scroll","background-type":"","background-media":"","overlay-type":"","overlay-color":"","overlay-opacity":"","overlay-gradient":""},"mobile":{"background-color":"var(--ast-global-color-5)","background-image":"","background-repeat":"repeat","background-position":"center center","background-size":"auto","background-attachment":"scroll","background-type":"","background-media":"","overlay-type":"","overlay-color":"","overlay-opacity":"","overlay-gradient":""}},"footnotes":""},"class_list":["post-15268","page","type-page","status-publish","hentry"],"post_mailing_queue_ids":[],"_links":{"self":[{"href":"https:\/\/serveiseducatius.xtec.cat\/altemporda\/wp-json\/wp\/v2\/pages\/15268","targetHints":{"allow":["GET"]}}],"collection":[{"href":"https:\/\/serveiseducatius.xtec.cat\/altemporda\/wp-json\/wp\/v2\/pages"}],"about":[{"href":"https:\/\/serveiseducatius.xtec.cat\/altemporda\/wp-json\/wp\/v2\/types\/page"}],"author":[{"embeddable":true,"href":"https:\/\/serveiseducatius.xtec.cat\/altemporda\/wp-json\/wp\/v2\/users\/1"}],"replies":[{"embeddable":true,"href":"https:\/\/serveiseducatius.xtec.cat\/altemporda\/wp-json\/wp\/v2\/comments?post=15268"}],"version-history":[{"count":6,"href":"https:\/\/serveiseducatius.xtec.cat\/altemporda\/wp-json\/wp\/v2\/pages\/15268\/revisions"}],"predecessor-version":[{"id":24381,"href":"https:\/\/serveiseducatius.xtec.cat\/altemporda\/wp-json\/wp\/v2\/pages\/15268\/revisions\/24381"}],"up":[{"embeddable":true,"href":"https:\/\/serveiseducatius.xtec.cat\/altemporda\/wp-json\/wp\/v2\/pages\/806"}],"wp:attachment":[{"href":"https:\/\/serveiseducatius.xtec.cat\/altemporda\/wp-json\/wp\/v2\/media?parent=15268"}],"curies":[{"name":"wp","href":"https:\/\/api.w.org\/{rel}","templated":true}]}}