{"id":15233,"date":"2021-12-09T13:52:38","date_gmt":"2021-12-09T12:52:38","guid":{"rendered":"https:\/\/serveiseducatius.xtec.cat\/altemporda\/?page_id=15233"},"modified":"2022-02-23T20:59:49","modified_gmt":"2022-02-23T19:59:49","slug":"proves-avaluacio-comprensio-lectora-acl","status":"publish","type":"page","link":"https:\/\/serveiseducatius.xtec.cat\/altemporda\/equips-directius\/proves-avaluacio-comprensio-lectora-acl\/","title":{"rendered":"Proves avaluaci\u00f3 comprensi\u00f3 lectora &#8211; ACL"},"content":{"rendered":"<h3 id=\"sites-page-title-header\" align=\"left\"><span id=\"sites-page-title\" dir=\"ltr\" tabindex=\"-1\">Avaluaci\u00f3 de la Comprensi\u00f3 Lectora (ACL)<\/span><\/h3>\n<div id=\"sites-canvas-main\" class=\"sites-canvas-main\">\n<div id=\"sites-canvas-main-content\">\n<div dir=\"ltr\">\n<p><span style=\"font-size: medium;\"><b>Sessi\u00f3 inspecci\u00f3. Documentaci\u00f3 [dijous, 12 de desembre de 2014]<\/b><\/span><\/p>\n<div>\n<div><\/div>\n<div><span style=\"color: #3d85c6; font-size: large;\"><b>Graella An\u00e0lisi quantitativa dels resultats de les proves<\/b><\/span><\/div>\n<div><\/div>\n<div><span style=\"font-size: x-large;\">\u2193<\/span> Recordeu que heu d&#8217;estar identificats amb un\u00a0<b>usuari de la Xtec<\/b><b>\u00a0<span style=\"font-size: x-large;\">\u2193<\/span><\/b><\/div>\n<div><span style=\"font-size: medium;\">\u00a0 \u00a0 \u00a0 \u00a0\u00a0<b>\u00a0<a href=\"https:\/\/accounts.google.com\/ServiceLogin?service=wise&amp;passive=1209600&amp;continue=https%3A%2F%2Fdocs.google.com%2Fspreadsheets%2Fd%2F1VdJtCP8cuDYGkho1owWDYapEki67Q9KkiE1dRhC7SqQ%2Fcopy&amp;followup=https%3A%2F%2Fdocs.google.com%2Fspreadsheets%2Fd%2F1VdJtCP8cuDYGkho1owWDYapEki67Q9KkiE1dRhC7SqQ%2Fcopy&amp;ltmpl=sheets\" target=\"_blank\" rel=\"noopener\">Copiar el document al vostre Drive<\/a>\u00a0(aconsellat) \u00a0 \u00a0 \u00a0 \u00a0 \u00a0 \u00a0 \u00a0 \u00a0<\/b><\/span><b>\u00a0 \u00a0\u00a0<a href=\"https:\/\/docs.google.com\/a\/xtec.cat\/spreadsheet\/fm?key=1VdJtCP8cuDYGkho1owWDYapEki67Q9KkiE1dRhC7SqQ&amp;fmcmd=420\">Baixar-lo com a .xlsx (MS Excel)<\/a><\/b><\/div>\n<div><\/div>\n<div>\n<div>\n<div class=\"sites-embed-align-center-wrapping-off\">\n<div class=\"sites-embed-border-off sites-embed sites-embed-full-width\">\n<div class=\"sites-embed-content sites-embed-type-spreadsheet\"><iframe loading=\"lazy\" id=\"259584015\" title=\"An\u00e0lisi qualitatiba dels ...sultats de les proves ACL\" src=\"https:\/\/docs.google.com\/spreadsheets\/d\/1VdJtCP8cuDYGkho1owWDYapEki67Q9KkiE1dRhC7SqQ\/htmlembed?authuser=1&amp;gid=1888238649\" width=\"100%\" height=\"950\" frameborder=\"0\" data-mce-fragment=\"1\"><\/iframe><\/div>\n<div class=\"sites-embed-footer\">\n<div class=\"sites-embed-footer-icon sites-spreadsheet-icon\"><\/div>\n<p><a href=\"https:\/\/docs.google.com\/spreadsheets\/d\/1VdJtCP8cuDYGkho1owWDYapEki67Q9KkiE1dRhC7SqQ\/edit?authuser=1&amp;gid=1888238649\" target=\"_blank\" rel=\"noopener\">Obre\u00a0<i>An\u00e0lisi qualitativa dels resultats de les proves ACL<\/i><\/a><\/p>\n<\/div>\n<\/div>\n<\/div>\n<\/div>\n<\/div>\n<div><\/div>\n<div>\n<div>\n<div><b><span style=\"font-size: large;\">Material de suport<br \/>\n<\/span><\/b><\/div>\n<div><span style=\"font-size: small;\"><b><a href=\"http:\/\/books.google.cat\/books?id=pioNCUepEoUC&amp;lpg=PP1&amp;hl=ca&amp;pg=PP1#v=onepage&amp;q&amp;f=false\" target=\"_blank\" rel=\"noopener\">Avaluaci\u00f3 de la comprensi\u00f3 lectora vol.1<\/a><br \/>\n<\/b><\/span><\/div>\n<div>\n<p><b><span style=\"font-size: large;\"><span style=\"font-size: small;\"><a href=\"http:\/\/books.google.cat\/books?id=G02f6D7jQeIC&amp;lpg=PP1&amp;hl=ca&amp;pg=PP1#v=onepage&amp;q&amp;f=false\" target=\"_blank\" rel=\"noopener\">Avaluaci\u00f3 de la comprensi\u00f3 lectora vol.2<\/a><\/span><\/span><\/b><\/p>\n<p>&nbsp;<\/p>\n<div><a href=\"http:\/\/www.xtec.cat\/web\/curriculum\/sep\" target=\"_blank\" rel=\"nofollow noopener\"><img decoding=\"async\" src=\"https:\/\/sites.google.com\/a\/xtec.cat\/seae\/_\/rsrc\/1531206503021\/inspeccio\/acl\/SEP.jpg\" alt=\"http:\/\/www.xtec.cat\/web\/curriculum\/sep\" border=\"0\" \/><\/a><\/div>\n<p><b><span style=\"font-size: large;\">\u00a0<\/span><\/b><\/p>\n<\/div>\n<\/div>\n<\/div>\n<\/div>\n<\/div>\n<\/div>\n<\/div>\n","protected":false},"excerpt":{"rendered":"<p>Avaluaci\u00f3 de la Comprensi\u00f3 Lectora (ACL) Sessi\u00f3 inspecci\u00f3. Documentaci\u00f3 [dijous, 12 de desembre de 2014] Graella An\u00e0lisi quantitativa dels resultats de les proves \u2193 Recordeu que heu d&#8217;estar identificats amb un\u00a0usuari de la Xtec\u00a0\u2193 \u00a0 \u00a0 \u00a0 \u00a0\u00a0\u00a0Copiar el document al vostre Drive\u00a0(aconsellat) \u00a0 \u00a0 \u00a0 \u00a0 \u00a0 \u00a0 \u00a0 \u00a0\u00a0 \u00a0\u00a0Baixar-lo com a .xlsx [&hellip;]<\/p>\n","protected":false},"author":4,"featured_media":0,"parent":8807,"menu_order":0,"comment_status":"closed","ping_status":"closed","template":"page-templates\/side-menu.php","meta":{"_bbp_topic_count":0,"_bbp_reply_count":0,"_bbp_total_topic_count":0,"_bbp_total_reply_count":0,"_bbp_voice_count":0,"_bbp_anonymous_reply_count":0,"_bbp_topic_count_hidden":0,"_bbp_reply_count_hidden":0,"_bbp_forum_subforum_count":0,"site-sidebar-layout":"default","site-content-layout":"","ast-site-content-layout":"","site-content-style":"default","site-sidebar-style":"default","ast-global-header-display":"","ast-banner-title-visibility":"","ast-main-header-display":"","ast-hfb-above-header-display":"","ast-hfb-below-header-display":"","ast-hfb-mobile-header-display":"","site-post-title":"","ast-breadcrumbs-content":"","ast-featured-img":"","footer-sml-layout":"","theme-transparent-header-meta":"","adv-header-id-meta":"","stick-header-meta":"","header-above-stick-meta":"","header-main-stick-meta":"","header-below-stick-meta":"","astra-migrate-meta-layouts":"default","ast-page-background-enabled":"default","ast-page-background-meta":{"desktop":{"background-color":"var(--ast-global-color-4)","background-image":"","background-repeat":"repeat","background-position":"center center","background-size":"auto","background-attachment":"scroll","background-type":"","background-media":"","overlay-type":"","overlay-color":"","overlay-opacity":"","overlay-gradient":""},"tablet":{"background-color":"","background-image":"","background-repeat":"repeat","background-position":"center center","background-size":"auto","background-attachment":"scroll","background-type":"","background-media":"","overlay-type":"","overlay-color":"","overlay-opacity":"","overlay-gradient":""},"mobile":{"background-color":"","background-image":"","background-repeat":"repeat","background-position":"center center","background-size":"auto","background-attachment":"scroll","background-type":"","background-media":"","overlay-type":"","overlay-color":"","overlay-opacity":"","overlay-gradient":""}},"ast-content-background-meta":{"desktop":{"background-color":"var(--ast-global-color-5)","background-image":"","background-repeat":"repeat","background-position":"center center","background-size":"auto","background-attachment":"scroll","background-type":"","background-media":"","overlay-type":"","overlay-color":"","overlay-opacity":"","overlay-gradient":""},"tablet":{"background-color":"var(--ast-global-color-5)","background-image":"","background-repeat":"repeat","background-position":"center center","background-size":"auto","background-attachment":"scroll","background-type":"","background-media":"","overlay-type":"","overlay-color":"","overlay-opacity":"","overlay-gradient":""},"mobile":{"background-color":"var(--ast-global-color-5)","background-image":"","background-repeat":"repeat","background-position":"center center","background-size":"auto","background-attachment":"scroll","background-type":"","background-media":"","overlay-type":"","overlay-color":"","overlay-opacity":"","overlay-gradient":""}},"footnotes":""},"class_list":["post-15233","page","type-page","status-publish","hentry"],"post_mailing_queue_ids":[],"_links":{"self":[{"href":"https:\/\/serveiseducatius.xtec.cat\/altemporda\/wp-json\/wp\/v2\/pages\/15233","targetHints":{"allow":["GET"]}}],"collection":[{"href":"https:\/\/serveiseducatius.xtec.cat\/altemporda\/wp-json\/wp\/v2\/pages"}],"about":[{"href":"https:\/\/serveiseducatius.xtec.cat\/altemporda\/wp-json\/wp\/v2\/types\/page"}],"author":[{"embeddable":true,"href":"https:\/\/serveiseducatius.xtec.cat\/altemporda\/wp-json\/wp\/v2\/users\/4"}],"replies":[{"embeddable":true,"href":"https:\/\/serveiseducatius.xtec.cat\/altemporda\/wp-json\/wp\/v2\/comments?post=15233"}],"version-history":[{"count":3,"href":"https:\/\/serveiseducatius.xtec.cat\/altemporda\/wp-json\/wp\/v2\/pages\/15233\/revisions"}],"predecessor-version":[{"id":15235,"href":"https:\/\/serveiseducatius.xtec.cat\/altemporda\/wp-json\/wp\/v2\/pages\/15233\/revisions\/15235"}],"up":[{"embeddable":true,"href":"https:\/\/serveiseducatius.xtec.cat\/altemporda\/wp-json\/wp\/v2\/pages\/8807"}],"wp:attachment":[{"href":"https:\/\/serveiseducatius.xtec.cat\/altemporda\/wp-json\/wp\/v2\/media?parent=15233"}],"curies":[{"name":"wp","href":"https:\/\/api.w.org\/{rel}","templated":true}]}}