{"id":15210,"date":"2021-12-03T16:36:53","date_gmt":"2021-12-03T15:36:53","guid":{"rendered":"https:\/\/serveiseducatius.xtec.cat\/altemporda\/?page_id=15210"},"modified":"2022-10-28T08:46:19","modified_gmt":"2022-10-28T06:46:19","slug":"desembossat","status":"publish","type":"page","link":"https:\/\/serveiseducatius.xtec.cat\/altemporda\/xarxa-descoles-del-pn-cap-de-creus\/campanyes-ambientals\/desembossat\/","title":{"rendered":"Desembossa&#8217;t"},"content":{"rendered":"<div><img loading=\"lazy\" decoding=\"async\" class=\"alignleft\" src=\"http:\/\/drive.google.com\/uc?export=view&amp;id=1LP4N9qTP8-llpgEGZlVDYYXkY8_cnRGi\" alt=\"Desembossa't\" width=\"328\" height=\"416\" \/><\/div>\n<p dir=\"ltr\" style=\"text-align: justify;\">\u00a0 \u00a0 \u00a0Des del <a href=\"https:\/\/serveiseducatius.xtec.cat\/cda-empuries\/projecte-desembossat\/\" target=\"_blank\" rel=\"noopener\">Camp d&#8217;aprenentatge d&#8217;Emp\u00faries<\/a> s&#8217;est\u00e0 portant a terme el Projecte <strong>desemBOSSA&#8217;t\u00a0<\/strong> conjuntament amb l&#8217;Ajuntament de l&#8217;Escala, la uni\u00f3 de botiguers del municipi i la Confraria de pescadors de l&#8217;Escala, amb l&#8217;objectiu d&#8217;eliminar les bosses de pl\u00e0stic abans del 2023.<\/p>\n<p dir=\"ltr\" style=\"text-align: justify;\">Si b\u00e9 es comen\u00e7a pel municipi de l&#8217;Escala la idea \u00e9s anar-hi sumant resta de municipis de la zona. Aquest projecte es basa en el programa d&#8217;aprenentatge servei del Departament d&#8217;educaci\u00f3. On l&#8217;alumnat de tots els centres educatius de l&#8217;escala poden aprendre a ser ciutadans responsables i compromesos amb el medi ambient. Alhora que fan un servei a la poblaci\u00f3 per donar resposta a la problem\u00e0tica ambiental de contaminaci\u00f3 a trav\u00e9s dels pl\u00e0stics.<\/p>\n<p dir=\"ltr\" style=\"text-align: justify;\">El servei que es porta a terme \u00e9s el de sensibilitzar, conscienciar i animar la poblaci\u00f3 de l&#8217;Escala a deixar d&#8217;utilitzar bosses de pl\u00e0stic a l&#8217;hora d&#8217;anar a comprar i reduir el consum d&#8217;envasos. Per dur a terme aquest projecte es faran diferents activitats segons el nivell de l&#8217;alumnat.<\/p>\n<p dir=\"ltr\" style=\"text-align: justify;\">En s\u00f3n un exemple: La guia del Reciclatge, el Tr\u00edptic de la compra sense pl\u00e0stics, Manifest de comprom\u00eds, exposici\u00f3 de la problem\u00e0tica i possibles solucions, tutorial per &#8220;<em>remendar<\/em>&#8221; xarxes de pescadors com a exemple de reutilitzaci\u00f3 i elaboraci\u00f3 de bosses fetes de xarxa de pescadors recuperades. Tamb\u00e9 es portaran a terme xerrades i tallers per\u00a0 les fam\u00edlies de l&#8217;escola i la ciutadania de l&#8217;Escala.<\/p>\n<p dir=\"ltr\">Una altra acci\u00f3 que es preveu desenvolupar enlla\u00e7a amb la campanya <em><strong>Let&#8217;s Clean Europe<\/strong> de l&#8217;Ag\u00e8ncia de residus de Catalunya. <\/em>S&#8217;organitza una neteja de l&#8217;\u00e0mbit mar\u00edtim i terrestre des del Riuet fins a la punta de Trenca bra\u00e7os, on es necessita la col\u00b7laboraci\u00f3 de diferents entitats i organitzacions per fer una recollida de gran abast. La jornada porta el nom de &#8220;<strong>Xarxes que pesquen pl\u00e0stics<\/strong>&#8220;.<\/p>\n<p dir=\"ltr\">Entre tots podem aconseguir que la nostra actuaci\u00f3 tingui un impacte real.\u00a0Ens ajudeu a fer-ho possible?<\/p>\n<p dir=\"ltr\"><a href=\"https:\/\/www.canal10.cat\/video\/19655-el-projecte-desembossa-t-arriba-a-les-escoles\" target=\"_blank\" rel=\"noopener\"><img loading=\"lazy\" decoding=\"async\" class=\" wp-image-17511 aligncenter\" src=\"https:\/\/serveiseducatius.xtec.cat\/altemporda\/wp-content\/uploads\/usu1156\/2022\/06\/IMG_9822-1024x611.jpg\" alt=\"\" width=\"456\" height=\"272\" srcset=\"https:\/\/serveiseducatius.xtec.cat\/altemporda\/wp-content\/uploads\/usu1156\/2022\/06\/IMG_9822-1024x611.jpg 1024w, https:\/\/serveiseducatius.xtec.cat\/altemporda\/wp-content\/uploads\/usu1156\/2022\/06\/IMG_9822-300x179.jpg 300w, https:\/\/serveiseducatius.xtec.cat\/altemporda\/wp-content\/uploads\/usu1156\/2022\/06\/IMG_9822-768x458.jpg 768w, https:\/\/serveiseducatius.xtec.cat\/altemporda\/wp-content\/uploads\/usu1156\/2022\/06\/IMG_9822-1536x916.jpg 1536w, https:\/\/serveiseducatius.xtec.cat\/altemporda\/wp-content\/uploads\/usu1156\/2022\/06\/IMG_9822.jpg 1775w\" sizes=\"auto, (max-width: 456px) 100vw, 456px\" \/><\/a><\/p>\n<p>&nbsp;<\/p>\n<p><iframe loading=\"lazy\" src=\"https:\/\/docs.google.com\/presentation\/d\/e\/2PACX-1vRbeTUBU6Vt94JSLV5v2dREygDr6SZUlxqSqupgRJGGhcJ8EZsRgfkItUntK11QMA\/embed?start=true&amp;loop=false&amp;delayms=3000\" width=\"1280\" height=\"749\" frameborder=\"0\" allowfullscreen=\"allowfullscreen\"><\/iframe><\/p>\n<hr \/>\n<p dir=\"ltr\"><strong>Not\u00edcies<\/strong><\/p>\n<p>.<a href=\"http:\/\/www.canal10.cat\/video\/18062-en-marxa-el-projecte-desembossa-t\"> En marxa el projecte Desembossa&#8217;t<\/a><\/p>\n","protected":false},"excerpt":{"rendered":"<p>\u00a0 \u00a0 \u00a0Des del Camp d&#8217;aprenentatge d&#8217;Emp\u00faries s&#8217;est\u00e0 portant a terme el Projecte desemBOSSA&#8217;t\u00a0 conjuntament amb l&#8217;Ajuntament de l&#8217;Escala, la uni\u00f3 de botiguers del municipi i la Confraria de pescadors de l&#8217;Escala, amb l&#8217;objectiu d&#8217;eliminar les bosses de pl\u00e0stic abans del 2023. Si b\u00e9 es comen\u00e7a pel municipi de l&#8217;Escala la idea \u00e9s anar-hi sumant [&hellip;]<\/p>\n","protected":false},"author":4,"featured_media":0,"parent":15169,"menu_order":0,"comment_status":"closed","ping_status":"closed","template":"","meta":{"_bbp_topic_count":0,"_bbp_reply_count":0,"_bbp_total_topic_count":0,"_bbp_total_reply_count":0,"_bbp_voice_count":0,"_bbp_anonymous_reply_count":0,"_bbp_topic_count_hidden":0,"_bbp_reply_count_hidden":0,"_bbp_forum_subforum_count":0,"site-sidebar-layout":"default","site-content-layout":"","ast-site-content-layout":"","site-content-style":"default","site-sidebar-style":"default","ast-global-header-display":"","ast-banner-title-visibility":"","ast-main-header-display":"","ast-hfb-above-header-display":"","ast-hfb-below-header-display":"","ast-hfb-mobile-header-display":"","site-post-title":"","ast-breadcrumbs-content":"","ast-featured-img":"","footer-sml-layout":"","theme-transparent-header-meta":"","adv-header-id-meta":"","stick-header-meta":"","header-above-stick-meta":"","header-main-stick-meta":"","header-below-stick-meta":"","astra-migrate-meta-layouts":"default","ast-page-background-enabled":"default","ast-page-background-meta":{"desktop":{"background-color":"var(--ast-global-color-4)","background-image":"","background-repeat":"repeat","background-position":"center center","background-size":"auto","background-attachment":"scroll","background-type":"","background-media":"","overlay-type":"","overlay-color":"","overlay-opacity":"","overlay-gradient":""},"tablet":{"background-color":"","background-image":"","background-repeat":"repeat","background-position":"center center","background-size":"auto","background-attachment":"scroll","background-type":"","background-media":"","overlay-type":"","overlay-color":"","overlay-opacity":"","overlay-gradient":""},"mobile":{"background-color":"","background-image":"","background-repeat":"repeat","background-position":"center center","background-size":"auto","background-attachment":"scroll","background-type":"","background-media":"","overlay-type":"","overlay-color":"","overlay-opacity":"","overlay-gradient":""}},"ast-content-background-meta":{"desktop":{"background-color":"var(--ast-global-color-5)","background-image":"","background-repeat":"repeat","background-position":"center center","background-size":"auto","background-attachment":"scroll","background-type":"","background-media":"","overlay-type":"","overlay-color":"","overlay-opacity":"","overlay-gradient":""},"tablet":{"background-color":"var(--ast-global-color-5)","background-image":"","background-repeat":"repeat","background-position":"center center","background-size":"auto","background-attachment":"scroll","background-type":"","background-media":"","overlay-type":"","overlay-color":"","overlay-opacity":"","overlay-gradient":""},"mobile":{"background-color":"var(--ast-global-color-5)","background-image":"","background-repeat":"repeat","background-position":"center center","background-size":"auto","background-attachment":"scroll","background-type":"","background-media":"","overlay-type":"","overlay-color":"","overlay-opacity":"","overlay-gradient":""}},"footnotes":""},"class_list":["post-15210","page","type-page","status-publish","hentry"],"post_mailing_queue_ids":[],"_links":{"self":[{"href":"https:\/\/serveiseducatius.xtec.cat\/altemporda\/wp-json\/wp\/v2\/pages\/15210","targetHints":{"allow":["GET"]}}],"collection":[{"href":"https:\/\/serveiseducatius.xtec.cat\/altemporda\/wp-json\/wp\/v2\/pages"}],"about":[{"href":"https:\/\/serveiseducatius.xtec.cat\/altemporda\/wp-json\/wp\/v2\/types\/page"}],"author":[{"embeddable":true,"href":"https:\/\/serveiseducatius.xtec.cat\/altemporda\/wp-json\/wp\/v2\/users\/4"}],"replies":[{"embeddable":true,"href":"https:\/\/serveiseducatius.xtec.cat\/altemporda\/wp-json\/wp\/v2\/comments?post=15210"}],"version-history":[{"count":5,"href":"https:\/\/serveiseducatius.xtec.cat\/altemporda\/wp-json\/wp\/v2\/pages\/15210\/revisions"}],"predecessor-version":[{"id":17514,"href":"https:\/\/serveiseducatius.xtec.cat\/altemporda\/wp-json\/wp\/v2\/pages\/15210\/revisions\/17514"}],"up":[{"embeddable":true,"href":"https:\/\/serveiseducatius.xtec.cat\/altemporda\/wp-json\/wp\/v2\/pages\/15169"}],"wp:attachment":[{"href":"https:\/\/serveiseducatius.xtec.cat\/altemporda\/wp-json\/wp\/v2\/media?parent=15210"}],"curies":[{"name":"wp","href":"https:\/\/api.w.org\/{rel}","templated":true}]}}