{"id":15169,"date":"2021-12-03T10:56:02","date_gmt":"2021-12-03T09:56:02","guid":{"rendered":"https:\/\/serveiseducatius.xtec.cat\/altemporda\/?page_id=15169"},"modified":"2024-10-22T23:19:55","modified_gmt":"2024-10-22T21:19:55","slug":"campanyes-ambientals","status":"publish","type":"page","link":"https:\/\/serveiseducatius.xtec.cat\/altemporda\/xarxa-descoles-del-pn-cap-de-creus\/campanyes-ambientals\/","title":{"rendered":"Campanyes ambientals"},"content":{"rendered":"<p>&nbsp;<\/p>\n<div class=\"fila;\" style=\"text-align: center;\">\n<div class=\"columna\" style=\"width: 10%; text-align: center;\"><\/div>\n<div class=\"columna\" style=\"width: 20%; text-align: center;\"><a class=\"boto_taula\" style=\"color: #000000; height: 55px; display: flex; align-items: center; justify-content: center;\" href=\"https:\/\/serveiseducatius.xtec.cat\/altemporda\/xarxa-descoles-del-pn-cap-de-creus\/campanyes-ambientals\/bocnroll\/\" target=\"_blank\" rel=\"noopener noreferrer\"><span style=\"font-size: 1.25em;\"><strong>Boc&#8217;n&#8217;roll<\/strong><\/span><\/a><\/div>\n<div class=\"columna\" style=\"width: 20%; text-align: center;\"><a class=\"boto_taula\" style=\"color: #000000; height: 55px; display: flex; align-items: center; justify-content: center;\" href=\"https:\/\/serveiseducatius.xtec.cat\/altemporda\/xarxa-descoles-del-pn-cap-de-creus\/campanyes-ambientals\/taps\/\" target=\"_blank\" rel=\"noopener noreferrer\"><span style=\"font-size: 1.25em;\"><strong>Taps<\/strong><\/span><\/a><\/div>\n<div class=\"columna\" style=\"width: 20%; text-align: center;\"><a class=\"boto_taula\" style=\"color: #000000; height: 55px; display: flex; align-items: center; justify-content: center;\" href=\"https:\/\/serveiseducatius.xtec.cat\/altemporda\/xarxa-descoles-del-pn-cap-de-creus\/campanyes-ambientals\/poster-ambiental\/explotacio-didactica-la-meva-escola-el-nostre-entorn\/\" target=\"_blank\" rel=\"noopener noreferrer\"><span style=\"font-size: 1.25em;\"><strong>P\u00f2ster ambiental<\/strong><\/span><\/a><\/div>\n<div class=\"columna\" style=\"width: 20%; text-align: center;\"><a class=\"boto_taula\" style=\"color: #000000; height: 55px; display: flex; align-items: center; justify-content: center;\" href=\"https:\/\/serveiseducatius.xtec.cat\/altemporda\/xarxa-descoles-del-pn-cap-de-creus\/campanyes-ambientals\/roba-neta\/\" target=\"_blank\" rel=\"noopener noreferrer\"><span style=\"font-size: 1.25em;\"><strong>Roba neta<\/strong><\/span><\/a><\/div>\n<div class=\"columna\" style=\"width: 10%; text-align: center;\"><\/div>\n<\/div>\n<hr width=\"1px\" \/>\n<div class=\"fila;\" style=\"text-align: center;\">\n<div class=\"columna\" style=\"width: 10%; text-align: center;\"><\/div>\n<div class=\"columna\" style=\"width: 20%; text-align: center;\"><a class=\"boto_taula\" style=\"color: #000000; height: 55px; display: flex; align-items: center; justify-content: center;\" href=\"https:\/\/serveiseducatius.xtec.cat\/altemporda\/xarxa-descoles-del-pn-cap-de-creus\/campanyes-ambientals\/festes-escolars-sostenibles\/\" target=\"_blank\" rel=\"noopener noreferrer\"><span style=\"font-size: 1.25em;\"><strong>Festes escolars sostenibles<\/strong><\/span><\/a><\/div>\n<div class=\"columna\" style=\"width: 20%; text-align: center;\"><a class=\"boto_taula\" style=\"color: #000000; height: 55px; display: flex; align-items: center; justify-content: center;\" href=\"https:\/\/serveiseducatius.xtec.cat\/altemporda\/xarxa-descoles-del-pn-cap-de-creus\/campanyes-ambientals\/apilo-xii\/\" target=\"_blank\" rel=\"noopener noreferrer\"><span style=\"font-size: 1.25em;\"><strong>Apilo XII<\/strong><\/span><\/a><\/div>\n<div class=\"columna\" style=\"width: 20%; text-align: center;\"><a class=\"boto_taula\" style=\"color: #000000; height: 55px; display: flex; align-items: center; justify-content: center;\" href=\"https:\/\/serveiseducatius.xtec.cat\/altemporda\/xarxa-descoles-del-pn-cap-de-creus\/campanyes-ambientals\/desembossat\/\" target=\"_blank\" rel=\"noopener noreferrer\"><span style=\"font-size: 1.25em;\"><strong>Desembossa&#8217;t<\/strong><\/span><\/a><\/div>\n<div class=\"columna\" style=\"width: 20%; text-align: center;\"><a class=\"boto_taula\" style=\"color: #000000; height: 55px; display: flex; align-items: center; justify-content: center;\" href=\"https:\/\/serveiseducatius.xtec.cat\/altemporda\/correcull-1\/\" target=\"_blank\" rel=\"noopener noreferrer\"><span style=\"font-size: 1.25em;\"><strong>Correcull<\/strong><\/span><\/a><\/div>\n<div class=\"columna\" style=\"width: 10%; text-align: center;\"><\/div>\n<\/div>\n<hr width=\"1px\" \/>\n<p style=\"text-align: center;\"><span style=\"font-size: 14pt; color: #008000;\"><em>\u201cL\u2019educaci\u00f3 ambiental \u00e9s un proc\u00e9s permanent en el qual els individus i les comunitats<\/em><\/span><br \/>\n<span style=\"font-size: 14pt; color: #008000;\"><em>prenen consci\u00e8ncia del seu medi i aprenen els coneixements, els valors, les destreses, l\u2019experi\u00e8ncia<\/em><\/span><br \/>\n<span style=\"font-size: 14pt; color: #008000;\"><em>i, tamb\u00e9, la determinaci\u00f3 que els capaciten per actuar, individualment i col\u00b7lectivament,<\/em><\/span><br \/>\n<span style=\"font-size: 14pt; color: #008000;\"><em>en la resoluci\u00f3 dels problemes ambientals presents i futurs.\u201d<\/em><\/span><\/p>\n<p style=\"text-align: center;\"><span style=\"font-size: 14pt; color: #008000;\"><span style=\"font-size: 18pt;\"><strong>D<\/strong><\/span>issenya la teva campanya d&#8217;educaci\u00f3 ambiental<\/span><\/p>\n<p style=\"text-align: center;\"><span style=\"font-size: 14pt; color: #008000;\"><span style=\"font-size: 18pt;\"><strong>C<\/strong><\/span>omparteix la teva experi\u00e8ncia<\/span><\/p>\n<p style=\"text-align: center;\"><span style=\"font-size: 14pt; color: #008000;\"><span style=\"font-size: 18pt;\"><strong>C<\/strong><\/span>anvia el m\u00f3n<\/span><\/p>\n","protected":false},"excerpt":{"rendered":"<p>&nbsp; Boc&#8217;n&#8217;roll Taps P\u00f2ster ambiental Roba neta Festes escolars sostenibles Apilo XII Desembossa&#8217;t Correcull \u201cL\u2019educaci\u00f3 ambiental \u00e9s un proc\u00e9s permanent en el qual els individus i les comunitats prenen consci\u00e8ncia del seu medi i aprenen els coneixements, els valors, les destreses, l\u2019experi\u00e8ncia i, tamb\u00e9, la determinaci\u00f3 que els capaciten per actuar, individualment i col\u00b7lectivament, en [&hellip;]<\/p>\n","protected":false},"author":4,"featured_media":0,"parent":13173,"menu_order":0,"comment_status":"closed","ping_status":"closed","template":"","meta":{"_bbp_topic_count":0,"_bbp_reply_count":0,"_bbp_total_topic_count":0,"_bbp_total_reply_count":0,"_bbp_voice_count":0,"_bbp_anonymous_reply_count":0,"_bbp_topic_count_hidden":0,"_bbp_reply_count_hidden":0,"_bbp_forum_subforum_count":0,"site-sidebar-layout":"default","site-content-layout":"","ast-site-content-layout":"","site-content-style":"default","site-sidebar-style":"default","ast-global-header-display":"","ast-banner-title-visibility":"","ast-main-header-display":"","ast-hfb-above-header-display":"","ast-hfb-below-header-display":"","ast-hfb-mobile-header-display":"","site-post-title":"","ast-breadcrumbs-content":"","ast-featured-img":"","footer-sml-layout":"","theme-transparent-header-meta":"","adv-header-id-meta":"","stick-header-meta":"","header-above-stick-meta":"","header-main-stick-meta":"","header-below-stick-meta":"","astra-migrate-meta-layouts":"default","ast-page-background-enabled":"default","ast-page-background-meta":{"desktop":{"background-color":"var(--ast-global-color-4)","background-image":"","background-repeat":"repeat","background-position":"center center","background-size":"auto","background-attachment":"scroll","background-type":"","background-media":"","overlay-type":"","overlay-color":"","overlay-opacity":"","overlay-gradient":""},"tablet":{"background-color":"","background-image":"","background-repeat":"repeat","background-position":"center center","background-size":"auto","background-attachment":"scroll","background-type":"","background-media":"","overlay-type":"","overlay-color":"","overlay-opacity":"","overlay-gradient":""},"mobile":{"background-color":"","background-image":"","background-repeat":"repeat","background-position":"center center","background-size":"auto","background-attachment":"scroll","background-type":"","background-media":"","overlay-type":"","overlay-color":"","overlay-opacity":"","overlay-gradient":""}},"ast-content-background-meta":{"desktop":{"background-color":"var(--ast-global-color-5)","background-image":"","background-repeat":"repeat","background-position":"center center","background-size":"auto","background-attachment":"scroll","background-type":"","background-media":"","overlay-type":"","overlay-color":"","overlay-opacity":"","overlay-gradient":""},"tablet":{"background-color":"var(--ast-global-color-5)","background-image":"","background-repeat":"repeat","background-position":"center center","background-size":"auto","background-attachment":"scroll","background-type":"","background-media":"","overlay-type":"","overlay-color":"","overlay-opacity":"","overlay-gradient":""},"mobile":{"background-color":"var(--ast-global-color-5)","background-image":"","background-repeat":"repeat","background-position":"center center","background-size":"auto","background-attachment":"scroll","background-type":"","background-media":"","overlay-type":"","overlay-color":"","overlay-opacity":"","overlay-gradient":""}},"footnotes":""},"class_list":["post-15169","page","type-page","status-publish","hentry"],"post_mailing_queue_ids":[],"_links":{"self":[{"href":"https:\/\/serveiseducatius.xtec.cat\/altemporda\/wp-json\/wp\/v2\/pages\/15169","targetHints":{"allow":["GET"]}}],"collection":[{"href":"https:\/\/serveiseducatius.xtec.cat\/altemporda\/wp-json\/wp\/v2\/pages"}],"about":[{"href":"https:\/\/serveiseducatius.xtec.cat\/altemporda\/wp-json\/wp\/v2\/types\/page"}],"author":[{"embeddable":true,"href":"https:\/\/serveiseducatius.xtec.cat\/altemporda\/wp-json\/wp\/v2\/users\/4"}],"replies":[{"embeddable":true,"href":"https:\/\/serveiseducatius.xtec.cat\/altemporda\/wp-json\/wp\/v2\/comments?post=15169"}],"version-history":[{"count":5,"href":"https:\/\/serveiseducatius.xtec.cat\/altemporda\/wp-json\/wp\/v2\/pages\/15169\/revisions"}],"predecessor-version":[{"id":24030,"href":"https:\/\/serveiseducatius.xtec.cat\/altemporda\/wp-json\/wp\/v2\/pages\/15169\/revisions\/24030"}],"up":[{"embeddable":true,"href":"https:\/\/serveiseducatius.xtec.cat\/altemporda\/wp-json\/wp\/v2\/pages\/13173"}],"wp:attachment":[{"href":"https:\/\/serveiseducatius.xtec.cat\/altemporda\/wp-json\/wp\/v2\/media?parent=15169"}],"curies":[{"name":"wp","href":"https:\/\/api.w.org\/{rel}","templated":true}]}}