{"id":15126,"date":"2021-11-29T18:52:04","date_gmt":"2021-11-29T17:52:04","guid":{"rendered":"https:\/\/serveiseducatius.xtec.cat\/altemporda\/?page_id=15126"},"modified":"2024-01-12T12:52:26","modified_gmt":"2024-01-12T11:52:26","slug":"els-instituts-de-la-comarca","status":"publish","type":"page","link":"https:\/\/serveiseducatius.xtec.cat\/altemporda\/forum-de-treballs-de-recerca-ftr\/els-instituts-de-la-comarca\/","title":{"rendered":"Els instituts"},"content":{"rendered":"<h3 id=\"sites-page-title-header\" align=\"left\"><b>Carta oberta a l\u2019alumnat,<\/b><\/h3>\n<div id=\"sites-canvas-main\" class=\"sites-canvas-main\">\n<div id=\"sites-canvas-main-content\">\n<div dir=\"ltr\">\n<p style=\"text-align: justify;\">Heu llegit el llibre \u201c<i>Els nens pregunten. Els Nobels responen\u201d<\/i>\u00a0de l\u2019autora Bettina Stiekel? O b\u00e9, el darrer llibre d\u2019en Gregorio Luri \u201c<i>L\u2019escola contra el m\u00f3n. L\u2019optimisme \u00e9s possible<\/i>\u201d? No us preocupeu, de fet ara no toca, teniu molt de temps per fer-ho. Fa molts anys que els qui estem treballant en el m\u00f3n de l\u2019educaci\u00f3 ens fem mil i una preguntes de com aconseguir transmetre all\u00f2 que tant ens agrada i al mateix temps ens preocupa. \u00c9s una barreja entre el que sabem de la nostra \u00e0rea, el que hem viscut i el que us volem fer arribar. Una barreja entre el contingut i l\u2019emoci\u00f3 d\u2019una feina compromesa, la d\u2019educar.<\/p>\n<p style=\"text-align: justify;\">Ben segur que despr\u00e9s d\u2019aquest final de cicle, molts de vosaltres entrareu a la universitat, alguns triareu altres sortides, per\u00f2 tots tindreu un ampli recull de records del professorat que heu anat coneixent al llarg dels anys. Un bon grapat d\u2019an\u00e8cdotes que potser farien posar vermell m\u00e9s d\u2019un, tot i que nosaltres, els professors, tamb\u00e9 us podr\u00edem explicar un munt d\u2019hist\u00f2ries i records. Records que van m\u00e9s enll\u00e0 de les parets del centre, dels sopars d\u2019alumnes, o de les reunions del professorat. Records que esdevenen una manera de fer i sentir l\u2019educaci\u00f3. De fet, i que quedi entre nosaltres, estem parlant de l\u2019escola com la clau per esdevenir ciutadans del m\u00f3n. Aviat \u00e9s dit! Tot un repte, al qual ens intentem apropar amb la conviv\u00e8ncia de les diferents mirades de cadasc\u00fa.<\/p>\n<p style=\"text-align: justify;\">Els treballs de recerca (TdR) del Batxillerat han estat un dels punts forts d\u2019un sistema educatiu massa sovint q\u00fcestionat. Una de les realitats visibles dels darrers anys ha estat la promoci\u00f3 i difusi\u00f3 interna dels TdR m\u00e9s destacats per part dels mateixos IES o Ajuntaments. Estem segurs que darrere de cada actuaci\u00f3 d\u2019aquestes caracter\u00edstiques s\u2019hi pot veure la voluntat de reconeixement de la feina ben feta d\u2019aquells de vosaltres que heu intentat aplicar en els treballs de recerca els coneixements i metodologies adquirides al llarg dels anys.<\/p>\n<p style=\"text-align: justify;\">Des del Seminari de Caps d\u2019estudi de Secund\u00e0ria volem recollir aquest testimoni i aventurar-nos a organitzar el\u00a0<b>Primer F\u00f2rum de Treballs de recerca\u00a0<\/b>amb l\u2019objectiu d\u2019incentivar l\u2019esperit de recerca de l\u2019alumnat i donar suport al professorat tutor en la difusi\u00f3 dels treballs.<\/p>\n<p>Felicitats per la tasca feta!<\/p>\n<p><b>L\u2019equip impulsor.<\/b><\/p>\n<\/div>\n<\/div>\n<\/div>\n<div id=\"sites-canvas-main\" class=\"sites-canvas-main\">\n<div id=\"sites-canvas-main-content\">\n<div class=\"sites-layout-name-one-column-hf sites-layout-vbox\">\n<div class=\"sites-layout-tile sites-tile-name-header\">\n<div dir=\"ltr\">\n<table class=\"aligncenter\" style=\"height: 867px; width: 72.783%;\" border=\"1\" cellspacing=\"0\">\n<tbody>\n<tr style=\"height: 199px;\">\n<td style=\"height: 199px; width: 24.9431%;\">\n<div><\/div>\n<div>\n<p>&nbsp;<\/p>\n<div><img loading=\"lazy\" decoding=\"async\" class=\"aligncenter size-full wp-image-21949\" src=\"https:\/\/serveiseducatius.xtec.cat\/altemporda\/wp-content\/uploads\/usu1156\/2024\/01\/Logo-INS-Illa-de-Rodes.png\" alt=\"\" width=\"8268\" height=\"3543\" srcset=\"https:\/\/serveiseducatius.xtec.cat\/altemporda\/wp-content\/uploads\/usu1156\/2024\/01\/Logo-INS-Illa-de-Rodes.png 8268w, https:\/\/serveiseducatius.xtec.cat\/altemporda\/wp-content\/uploads\/usu1156\/2024\/01\/Logo-INS-Illa-de-Rodes-300x129.png 300w, https:\/\/serveiseducatius.xtec.cat\/altemporda\/wp-content\/uploads\/usu1156\/2024\/01\/Logo-INS-Illa-de-Rodes-1024x439.png 1024w, https:\/\/serveiseducatius.xtec.cat\/altemporda\/wp-content\/uploads\/usu1156\/2024\/01\/Logo-INS-Illa-de-Rodes-768x329.png 768w, https:\/\/serveiseducatius.xtec.cat\/altemporda\/wp-content\/uploads\/usu1156\/2024\/01\/Logo-INS-Illa-de-Rodes-1536x658.png 1536w, https:\/\/serveiseducatius.xtec.cat\/altemporda\/wp-content\/uploads\/usu1156\/2024\/01\/Logo-INS-Illa-de-Rodes-2048x878.png 2048w\" sizes=\"auto, (max-width: 8268px) 100vw, 8268px\" \/><\/div>\n<div><\/div>\n<\/div>\n<div><\/div>\n<\/td>\n<td style=\"height: 199px; width: 20.9567%;\">\n<div><img loading=\"lazy\" decoding=\"async\" class=\"aligncenter wp-image-21945\" src=\"https:\/\/serveiseducatius.xtec.cat\/altemporda\/wp-content\/uploads\/usu1156\/2024\/01\/Logo-INS-Cap-Norfeu.jpg\" alt=\"\" width=\"114\" height=\"182\" \/><\/div>\n<div><\/div>\n<\/td>\n<td style=\"height: 199px; width: 25.8542%;\">\n<div><img loading=\"lazy\" decoding=\"async\" class=\"aligncenter size-full wp-image-21940\" src=\"https:\/\/serveiseducatius.xtec.cat\/altemporda\/wp-content\/uploads\/usu1156\/2024\/01\/Logo-Centre-Escolar-Emporda.png\" alt=\"\" width=\"416\" height=\"91\" srcset=\"https:\/\/serveiseducatius.xtec.cat\/altemporda\/wp-content\/uploads\/usu1156\/2024\/01\/Logo-Centre-Escolar-Emporda.png 416w, https:\/\/serveiseducatius.xtec.cat\/altemporda\/wp-content\/uploads\/usu1156\/2024\/01\/Logo-Centre-Escolar-Emporda-300x66.png 300w\" sizes=\"auto, (max-width: 416px) 100vw, 416px\" \/><\/div>\n<div>\n<div><\/div>\n<\/div>\n<\/td>\n<td style=\"height: 199px; width: 24.9431%;\">\n<div>\n<div>\n<p><img loading=\"lazy\" decoding=\"async\" class=\"aligncenter wp-image-21946\" src=\"https:\/\/serveiseducatius.xtec.cat\/altemporda\/wp-content\/uploads\/usu1156\/2024\/01\/Logo-INS-Castello-dEmpuries.jpg\" alt=\"\" width=\"151\" height=\"118\" \/><\/p>\n<div><\/div>\n<\/div>\n<\/div>\n<\/td>\n<\/tr>\n<tr style=\"height: 209px;\">\n<td style=\"height: 209px; width: 24.9431%;\">\n<div>\n<div><img loading=\"lazy\" decoding=\"async\" class=\"aligncenter size-full wp-image-21947\" src=\"https:\/\/serveiseducatius.xtec.cat\/altemporda\/wp-content\/uploads\/usu1156\/2024\/01\/Logo-INS-Cendrassos.jpg\" alt=\"\" width=\"2453\" height=\"999\" srcset=\"https:\/\/serveiseducatius.xtec.cat\/altemporda\/wp-content\/uploads\/usu1156\/2024\/01\/Logo-INS-Cendrassos.jpg 2453w, https:\/\/serveiseducatius.xtec.cat\/altemporda\/wp-content\/uploads\/usu1156\/2024\/01\/Logo-INS-Cendrassos-300x122.jpg 300w, https:\/\/serveiseducatius.xtec.cat\/altemporda\/wp-content\/uploads\/usu1156\/2024\/01\/Logo-INS-Cendrassos-1024x417.jpg 1024w, https:\/\/serveiseducatius.xtec.cat\/altemporda\/wp-content\/uploads\/usu1156\/2024\/01\/Logo-INS-Cendrassos-768x313.jpg 768w, https:\/\/serveiseducatius.xtec.cat\/altemporda\/wp-content\/uploads\/usu1156\/2024\/01\/Logo-INS-Cendrassos-1536x626.jpg 1536w, https:\/\/serveiseducatius.xtec.cat\/altemporda\/wp-content\/uploads\/usu1156\/2024\/01\/Logo-INS-Cendrassos-2048x834.jpg 2048w\" sizes=\"auto, (max-width: 2453px) 100vw, 2453px\" \/><\/div>\n<div><\/div>\n<\/div>\n<\/td>\n<td style=\"height: 209px; width: 20.9567%;\"><img loading=\"lazy\" decoding=\"async\" class=\"aligncenter size-full wp-image-21944\" src=\"https:\/\/serveiseducatius.xtec.cat\/altemporda\/wp-content\/uploads\/usu1156\/2024\/01\/Logo-INS-Alexandre-Deulofeu.png\" alt=\"\" width=\"240\" height=\"88\" \/><\/td>\n<td style=\"height: 209px; width: 25.8542%;\"><b><img loading=\"lazy\" decoding=\"async\" class=\"aligncenter wp-image-21953\" src=\"https:\/\/serveiseducatius.xtec.cat\/altemporda\/wp-content\/uploads\/usu1156\/2024\/01\/Logo-INS-Olivar-Gran.jpg\" alt=\"\" width=\"214\" height=\"98\" \/><\/b><\/td>\n<td style=\"height: 209px; width: 24.9431%;\"><a href=\"https:\/\/sites.google.com\/a\/xtec.cat\/forum-treballs-de-recerca-alt-emporda\/home\/muntaner.jpg?attredirects=0\"><img loading=\"lazy\" decoding=\"async\" class=\"aligncenter size-full wp-image-21955\" src=\"https:\/\/serveiseducatius.xtec.cat\/altemporda\/wp-content\/uploads\/usu1156\/2024\/01\/Logo-INS-Ramon-Muntaner.jpg\" alt=\"\" width=\"327\" height=\"215\" srcset=\"https:\/\/serveiseducatius.xtec.cat\/altemporda\/wp-content\/uploads\/usu1156\/2024\/01\/Logo-INS-Ramon-Muntaner.jpg 327w, https:\/\/serveiseducatius.xtec.cat\/altemporda\/wp-content\/uploads\/usu1156\/2024\/01\/Logo-INS-Ramon-Muntaner-300x197.jpg 300w\" sizes=\"auto, (max-width: 327px) 100vw, 327px\" \/><\/a><\/td>\n<\/tr>\n<tr style=\"height: 224px;\">\n<td style=\"height: 224px; width: 24.9431%;\"><img loading=\"lazy\" decoding=\"async\" class=\"aligncenter size-full wp-image-21952\" src=\"https:\/\/serveiseducatius.xtec.cat\/altemporda\/wp-content\/uploads\/usu1156\/2024\/01\/Logo-INS-Narcis-Monturiol.jpg\" alt=\"\" width=\"233\" height=\"125\" \/><\/td>\n<td style=\"height: 224px; width: 20.9567%;\">\n<div>\n<div><img loading=\"lazy\" decoding=\"async\" class=\"aligncenter wp-image-21948\" src=\"https:\/\/serveiseducatius.xtec.cat\/altemporda\/wp-content\/uploads\/usu1156\/2024\/01\/Logo-INS-El-Pedro.png\" alt=\"\" width=\"147\" height=\"209\" srcset=\"https:\/\/serveiseducatius.xtec.cat\/altemporda\/wp-content\/uploads\/usu1156\/2024\/01\/Logo-INS-El-Pedro.png 228w, https:\/\/serveiseducatius.xtec.cat\/altemporda\/wp-content\/uploads\/usu1156\/2024\/01\/Logo-INS-El-Pedro-210x300.png 210w\" sizes=\"auto, (max-width: 147px) 100vw, 147px\" \/><\/div>\n<div><\/div>\n<\/div>\n<\/td>\n<td style=\"height: 224px; width: 25.8542%;\"><img loading=\"lazy\" decoding=\"async\" class=\"aligncenter wp-image-21951\" src=\"https:\/\/serveiseducatius.xtec.cat\/altemporda\/wp-content\/uploads\/usu1156\/2024\/01\/Logo-INS-Llanca.jpg\" alt=\"\" width=\"175\" height=\"178\" \/><\/td>\n<td style=\"height: 224px; width: 24.9431%;\">\n<div><a href=\"https:\/\/serveiseducatius.xtec.cat\/altemporda\/wp-content\/uploads\/usu1156\/2022\/11\/Logo_fons_blanc.jpg\"><img loading=\"lazy\" decoding=\"async\" class=\"aligncenter wp-image-18545 \" src=\"https:\/\/serveiseducatius.xtec.cat\/altemporda\/wp-content\/uploads\/usu1156\/2022\/11\/Logo_fons_blanc.jpg\" alt=\"\" width=\"212\" height=\"155\" border=\"0\" srcset=\"https:\/\/serveiseducatius.xtec.cat\/altemporda\/wp-content\/uploads\/usu1156\/2022\/11\/Logo_fons_blanc.jpg 1412w, https:\/\/serveiseducatius.xtec.cat\/altemporda\/wp-content\/uploads\/usu1156\/2022\/11\/Logo_fons_blanc-300x220.jpg 300w, https:\/\/serveiseducatius.xtec.cat\/altemporda\/wp-content\/uploads\/usu1156\/2022\/11\/Logo_fons_blanc-1024x751.jpg 1024w, https:\/\/serveiseducatius.xtec.cat\/altemporda\/wp-content\/uploads\/usu1156\/2022\/11\/Logo_fons_blanc-768x563.jpg 768w\" sizes=\"auto, (max-width: 212px) 100vw, 212px\" \/><\/a><\/div>\n<div><\/div>\n<\/td>\n<\/tr>\n<tr style=\"height: 235px;\">\n<td style=\"height: 235px; width: 24.9431%;\">\n<div><img loading=\"lazy\" decoding=\"async\" class=\"aligncenter wp-image-21956 size-full\" src=\"https:\/\/serveiseducatius.xtec.cat\/altemporda\/wp-content\/uploads\/usu1156\/2024\/01\/Logo-INS-Vilafant.png\" alt=\"\" width=\"300\" height=\"148\" \/><\/div>\n<\/td>\n<td style=\"height: 150px; width: 71.754%;\" colspan=\"3\">\n<p style=\"text-align: left;\"><span style=\"font-size: 12pt;\">Els instituts-escola: <em>I-E Caritat Serinyana Cap de Creus<\/em> de Cadaqu\u00e9s,<em> El Bruel Empuriabrava<\/em> de Castell\u00f3 d&#8217;Emp\u00faries, <em>Josep Pous i Pag\u00e8s<\/em> de Figueres i aix\u00ed com els centres concertats: <em>Les Escol\u00e0pies Figueres<\/em> i<em> La Salle Figueres<\/em>, no disposen d&#8217;oferta postobligat\u00f2ria.<\/span><\/p>\n<\/td>\n<\/tr>\n<\/tbody>\n<\/table>\n<div><\/div>\n<div><\/div>\n<\/div>\n<div><\/div>\n<\/div>\n<\/div>\n<\/div>\n<\/div>\n","protected":false},"excerpt":{"rendered":"<p>Carta oberta a l\u2019alumnat, Heu llegit el llibre \u201cEls nens pregunten. Els Nobels responen\u201d\u00a0de l\u2019autora Bettina Stiekel? O b\u00e9, el darrer llibre d\u2019en Gregorio Luri \u201cL\u2019escola contra el m\u00f3n. L\u2019optimisme \u00e9s possible\u201d? No us preocupeu, de fet ara no toca, teniu molt de temps per fer-ho. Fa molts anys que els qui estem treballant en [&hellip;]<\/p>\n","protected":false},"author":4,"featured_media":0,"parent":13343,"menu_order":0,"comment_status":"closed","ping_status":"closed","template":"","meta":{"_bbp_topic_count":0,"_bbp_reply_count":0,"_bbp_total_topic_count":0,"_bbp_total_reply_count":0,"_bbp_voice_count":0,"_bbp_anonymous_reply_count":0,"_bbp_topic_count_hidden":0,"_bbp_reply_count_hidden":0,"_bbp_forum_subforum_count":0,"site-sidebar-layout":"default","site-content-layout":"","ast-site-content-layout":"","site-content-style":"default","site-sidebar-style":"default","ast-global-header-display":"","ast-banner-title-visibility":"","ast-main-header-display":"","ast-hfb-above-header-display":"","ast-hfb-below-header-display":"","ast-hfb-mobile-header-display":"","site-post-title":"","ast-breadcrumbs-content":"","ast-featured-img":"","footer-sml-layout":"","theme-transparent-header-meta":"","adv-header-id-meta":"","stick-header-meta":"","header-above-stick-meta":"","header-main-stick-meta":"","header-below-stick-meta":"","astra-migrate-meta-layouts":"default","ast-page-background-enabled":"default","ast-page-background-meta":{"desktop":{"background-color":"var(--ast-global-color-4)","background-image":"","background-repeat":"repeat","background-position":"center center","background-size":"auto","background-attachment":"scroll","background-type":"","background-media":"","overlay-type":"","overlay-color":"","overlay-opacity":"","overlay-gradient":""},"tablet":{"background-color":"","background-image":"","background-repeat":"repeat","background-position":"center center","background-size":"auto","background-attachment":"scroll","background-type":"","background-media":"","overlay-type":"","overlay-color":"","overlay-opacity":"","overlay-gradient":""},"mobile":{"background-color":"","background-image":"","background-repeat":"repeat","background-position":"center center","background-size":"auto","background-attachment":"scroll","background-type":"","background-media":"","overlay-type":"","overlay-color":"","overlay-opacity":"","overlay-gradient":""}},"ast-content-background-meta":{"desktop":{"background-color":"var(--ast-global-color-5)","background-image":"","background-repeat":"repeat","background-position":"center center","background-size":"auto","background-attachment":"scroll","background-type":"","background-media":"","overlay-type":"","overlay-color":"","overlay-opacity":"","overlay-gradient":""},"tablet":{"background-color":"var(--ast-global-color-5)","background-image":"","background-repeat":"repeat","background-position":"center center","background-size":"auto","background-attachment":"scroll","background-type":"","background-media":"","overlay-type":"","overlay-color":"","overlay-opacity":"","overlay-gradient":""},"mobile":{"background-color":"var(--ast-global-color-5)","background-image":"","background-repeat":"repeat","background-position":"center center","background-size":"auto","background-attachment":"scroll","background-type":"","background-media":"","overlay-type":"","overlay-color":"","overlay-opacity":"","overlay-gradient":""}},"footnotes":""},"class_list":["post-15126","page","type-page","status-publish","hentry"],"post_mailing_queue_ids":[],"_links":{"self":[{"href":"https:\/\/serveiseducatius.xtec.cat\/altemporda\/wp-json\/wp\/v2\/pages\/15126","targetHints":{"allow":["GET"]}}],"collection":[{"href":"https:\/\/serveiseducatius.xtec.cat\/altemporda\/wp-json\/wp\/v2\/pages"}],"about":[{"href":"https:\/\/serveiseducatius.xtec.cat\/altemporda\/wp-json\/wp\/v2\/types\/page"}],"author":[{"embeddable":true,"href":"https:\/\/serveiseducatius.xtec.cat\/altemporda\/wp-json\/wp\/v2\/users\/4"}],"replies":[{"embeddable":true,"href":"https:\/\/serveiseducatius.xtec.cat\/altemporda\/wp-json\/wp\/v2\/comments?post=15126"}],"version-history":[{"count":7,"href":"https:\/\/serveiseducatius.xtec.cat\/altemporda\/wp-json\/wp\/v2\/pages\/15126\/revisions"}],"predecessor-version":[{"id":21959,"href":"https:\/\/serveiseducatius.xtec.cat\/altemporda\/wp-json\/wp\/v2\/pages\/15126\/revisions\/21959"}],"up":[{"embeddable":true,"href":"https:\/\/serveiseducatius.xtec.cat\/altemporda\/wp-json\/wp\/v2\/pages\/13343"}],"wp:attachment":[{"href":"https:\/\/serveiseducatius.xtec.cat\/altemporda\/wp-json\/wp\/v2\/media?parent=15126"}],"curies":[{"name":"wp","href":"https:\/\/api.w.org\/{rel}","templated":true}]}}