{"id":15123,"date":"2021-11-29T18:49:24","date_gmt":"2021-11-29T17:49:24","guid":{"rendered":"https:\/\/serveiseducatius.xtec.cat\/altemporda\/?page_id=15123"},"modified":"2025-02-07T10:18:15","modified_gmt":"2025-02-07T09:18:15","slug":"recursos-tdr","status":"publish","type":"page","link":"https:\/\/serveiseducatius.xtec.cat\/altemporda\/forum-de-treballs-de-recerca-ftr\/recursos-tdr\/","title":{"rendered":"Recursos TdR"},"content":{"rendered":"<hr \/>\n<h5><a href=\"https:\/\/diposit.ub.edu\/dspace\/bitstream\/2445\/114030\/8\/Guia%20practica%20per%20fer%20un%20bon%20TR%20BTX%2020%20consells_2aEdicio_2021.pdf\"><strong>Guia pr\u00e0ctica per fer un bon treball de recerca a Batxillerat. Dip\u00f2sit digital\u00a0 de la UB<\/strong><\/a><\/h5>\n<p>TURULL, M.; PONS, A.; ROCA, B. et al. <em>Guia pr\u00e0ctica per fer un bon treball de recerca (TR) a batxillerat. #20 consells essencials. Guia per l&#8217;alumnat: Barcelona. 2021.<\/em> Aquesta guia \u00e9s el resultat d\u2019uns quants anys d\u2019experi\u00e8ncia dels autors fent de tutors de treballs acad\u00e8mics o d\u2019introducci\u00f3 a la recerca d\u2019estudiants de primer curs d\u2019universitat i d\u2019oferir-los el suport necessari en aquesta tasca. Aix\u00f2 ens ha portat a explorar el treball de recerca (TR) que es fa a batxillerat, i a proposar alguns consells o pautes per millorar-ne l\u2019elaboraci\u00f3[&#8230;] https:\/\/hdl.handle.net\/2445\/114030<\/p>\n<hr \/>\n<h5><a href=\"http:\/\/www.xtec.cat\/alfresco\/d\/d\/workspace\/SpacesStore\/8d4b2d47-b63e-4bcf-98c2-78d48b633314\/paradigmes_1_premis_CIRIT_TR.pdf\" target=\"_blank\" rel=\"nofollow noopener\"><b>Els treballs de recerca i els premis CIRIT<\/b><\/a><\/h5>\n<p>MONTORI, A.,\u00a0<i>Els treballs de recerca i els premis CIRIT: el talent cient\u00edfic a l&#8217;etapa secund\u00e0ria<\/i>. Article sobre el foment del talent a l&#8217;educaci\u00f3 secund\u00e0ria a trav\u00e9s dels treballs de recerca i dels premis CIRIT. Revista Paradigmes, n\u00fam. 1, 2008.<\/p>\n<hr \/>\n<h5><strong><a href=\"https:\/\/www.dropbox.com\/scl\/fi\/ilubhqqf4xckrkalzzfrd\/Ortotipografia.pdf?rlkey=90e0p62xrp3v5syrxslnh1kfe&amp;e=1&amp;dl=0\">Ortotipografia: Convencions b\u00e0siques per a treballs de recerca<\/a>.<\/strong><\/h5>\n<p>VILA, A., Ortotipografia: Convencions b\u00e0siques per a treballs de recerca. Estudis de Llengua i Literatura Catalanes Programa Nexes. Fem recerca! Departament de Filologia Catalana Universitat Rovira i Virgili.<\/p>\n<hr \/>\n","protected":false},"excerpt":{"rendered":"<p>Guia pr\u00e0ctica per fer un bon treball de recerca a Batxillerat. Dip\u00f2sit digital\u00a0 de la UB TURULL, M.; PONS, A.; ROCA, B. et al. Guia pr\u00e0ctica per fer un bon treball de recerca (TR) a batxillerat. #20 consells essencials. Guia per l&#8217;alumnat: Barcelona. 2021. Aquesta guia \u00e9s el resultat d\u2019uns quants anys d\u2019experi\u00e8ncia dels autors [&hellip;]<\/p>\n","protected":false},"author":4,"featured_media":0,"parent":13343,"menu_order":0,"comment_status":"closed","ping_status":"closed","template":"","meta":{"_bbp_topic_count":0,"_bbp_reply_count":0,"_bbp_total_topic_count":0,"_bbp_total_reply_count":0,"_bbp_voice_count":0,"_bbp_anonymous_reply_count":0,"_bbp_topic_count_hidden":0,"_bbp_reply_count_hidden":0,"_bbp_forum_subforum_count":0,"site-sidebar-layout":"default","site-content-layout":"","ast-site-content-layout":"","site-content-style":"default","site-sidebar-style":"default","ast-global-header-display":"","ast-banner-title-visibility":"","ast-main-header-display":"","ast-hfb-above-header-display":"","ast-hfb-below-header-display":"","ast-hfb-mobile-header-display":"","site-post-title":"","ast-breadcrumbs-content":"","ast-featured-img":"","footer-sml-layout":"","theme-transparent-header-meta":"","adv-header-id-meta":"","stick-header-meta":"","header-above-stick-meta":"","header-main-stick-meta":"","header-below-stick-meta":"","astra-migrate-meta-layouts":"default","ast-page-background-enabled":"default","ast-page-background-meta":{"desktop":{"background-color":"var(--ast-global-color-4)","background-image":"","background-repeat":"repeat","background-position":"center center","background-size":"auto","background-attachment":"scroll","background-type":"","background-media":"","overlay-type":"","overlay-color":"","overlay-opacity":"","overlay-gradient":""},"tablet":{"background-color":"","background-image":"","background-repeat":"repeat","background-position":"center center","background-size":"auto","background-attachment":"scroll","background-type":"","background-media":"","overlay-type":"","overlay-color":"","overlay-opacity":"","overlay-gradient":""},"mobile":{"background-color":"","background-image":"","background-repeat":"repeat","background-position":"center center","background-size":"auto","background-attachment":"scroll","background-type":"","background-media":"","overlay-type":"","overlay-color":"","overlay-opacity":"","overlay-gradient":""}},"ast-content-background-meta":{"desktop":{"background-color":"var(--ast-global-color-5)","background-image":"","background-repeat":"repeat","background-position":"center center","background-size":"auto","background-attachment":"scroll","background-type":"","background-media":"","overlay-type":"","overlay-color":"","overlay-opacity":"","overlay-gradient":""},"tablet":{"background-color":"var(--ast-global-color-5)","background-image":"","background-repeat":"repeat","background-position":"center center","background-size":"auto","background-attachment":"scroll","background-type":"","background-media":"","overlay-type":"","overlay-color":"","overlay-opacity":"","overlay-gradient":""},"mobile":{"background-color":"var(--ast-global-color-5)","background-image":"","background-repeat":"repeat","background-position":"center center","background-size":"auto","background-attachment":"scroll","background-type":"","background-media":"","overlay-type":"","overlay-color":"","overlay-opacity":"","overlay-gradient":""}},"footnotes":""},"class_list":["post-15123","page","type-page","status-publish","hentry"],"post_mailing_queue_ids":[],"_links":{"self":[{"href":"https:\/\/serveiseducatius.xtec.cat\/altemporda\/wp-json\/wp\/v2\/pages\/15123","targetHints":{"allow":["GET"]}}],"collection":[{"href":"https:\/\/serveiseducatius.xtec.cat\/altemporda\/wp-json\/wp\/v2\/pages"}],"about":[{"href":"https:\/\/serveiseducatius.xtec.cat\/altemporda\/wp-json\/wp\/v2\/types\/page"}],"author":[{"embeddable":true,"href":"https:\/\/serveiseducatius.xtec.cat\/altemporda\/wp-json\/wp\/v2\/users\/4"}],"replies":[{"embeddable":true,"href":"https:\/\/serveiseducatius.xtec.cat\/altemporda\/wp-json\/wp\/v2\/comments?post=15123"}],"version-history":[{"count":6,"href":"https:\/\/serveiseducatius.xtec.cat\/altemporda\/wp-json\/wp\/v2\/pages\/15123\/revisions"}],"predecessor-version":[{"id":24920,"href":"https:\/\/serveiseducatius.xtec.cat\/altemporda\/wp-json\/wp\/v2\/pages\/15123\/revisions\/24920"}],"up":[{"embeddable":true,"href":"https:\/\/serveiseducatius.xtec.cat\/altemporda\/wp-json\/wp\/v2\/pages\/13343"}],"wp:attachment":[{"href":"https:\/\/serveiseducatius.xtec.cat\/altemporda\/wp-json\/wp\/v2\/media?parent=15123"}],"curies":[{"name":"wp","href":"https:\/\/api.w.org\/{rel}","templated":true}]}}