{"id":15109,"date":"2021-11-29T18:21:31","date_gmt":"2021-11-29T17:21:31","guid":{"rendered":"https:\/\/serveiseducatius.xtec.cat\/altemporda\/?page_id=15109"},"modified":"2021-11-29T18:21:31","modified_gmt":"2021-11-29T17:21:31","slug":"una-recerca-amb-exit","status":"publish","type":"page","link":"https:\/\/serveiseducatius.xtec.cat\/altemporda\/forum-de-treballs-de-recerca-ftr\/per-on-comenco\/una-recerca-amb-exit\/","title":{"rendered":"Una recerca amb \u00e8xit"},"content":{"rendered":"<h3 id=\"sites-page-title-header\" align=\"left\"><span id=\"sites-page-title\" dir=\"ltr\" tabindex=\"-1\">Una recerca amb \u00e8xit<\/span><\/h3>\n<div id=\"sites-canvas-main\" class=\"sites-canvas-main\">\n<div id=\"sites-canvas-main-content\">\n<div dir=\"ltr\">\n<p><span style=\"font-size: 12pt;\">Aquest apartat ha estat elaborat conjuntament entre els membres del\u00a0<b>Grup de treball. BibliotecAE\u00a0<\/b>i el\u00a0<b>Grup de treball de Coordinadors\/es del\u00a0<\/b><a href=\"https:\/\/serveiseducatius.xtec.cat\/altemporda\/forum-de-treballs-de-recerca-ftr\/\" target=\"_blank\" rel=\"noopener\"><b>F\u00f2rum de treballs de recerca de l&#8217;Alt Empord\u00e0<\/b><\/a>.<\/span><\/p>\n<p><span style=\"font-size: 12pt;\"><b>Una recerca amb \u00e8xit, <\/b>forma part de les fitxes de treball que acompanyen la proposta<i>:\u00a0<u><b>Projectes.com? o com no perdre el nord d&#8217;un projecte<\/b><\/u>\u00a0elaborada pel Servei educatiu de l&#8217;Alt Empord\u00e0.<\/i><\/span><\/p>\n<div>\n<div class=\"sites-embed-align-center-wrapping-off\">\n<div class=\"sites-embed-border-on sites-embed\">\n<h4 class=\"sites-embed-title\">Fitxa 1<\/h4>\n<div class=\"sites-embed-content sites-embed-type-ggs-gadget\"><iframe loading=\"lazy\" id=\"438372646\" class=\"igm\" title=\"Fitxa 1\" src=\"https:\/\/mj89sp3sau2k7lj1eg3k40hkeppguj6j-a-sites-opensocial.googleusercontent.com\/gadgets\/ifr?url=http:\/\/www.gstatic.com\/sites-gadgets\/iframe\/iframe.xml&amp;container=enterprise&amp;view=default&amp;lang=ca&amp;country=ALL&amp;sanitize=0&amp;v=bddb412a9858f73a&amp;libs=core&amp;mid=251&amp;parent=https:\/\/sites.google.com\/a\/xtec.cat\/forum-treballs-de-recerca-alt-emporda\/per-on-comenco\/acompanyament-bibliotecae#up_scroll=auto&amp;up_iframeURL=https:\/\/docs.google.com\/viewer?a%3Dv%26pid%3Dexplorer%26chrome%3Dfalse%26embedded%3Dtrue%26srcid%3D0B0zHBF5nyE_QSDByR25pcTNlR2s&amp;st=e%3DAIHE3cB7z%252FKc4quMoXuS4Tx61OeFjVEb7SJTEslqfSbv%252B4jQyp4dd43YbC6oYWOFVK5mkg1LjgwgXq0vg4aLUqx55sTt5A2qmJPsDE3ly0c97msEtUcSNdpaChL0p1nQ8f9%252FbXMwCM03%26c%3Denterprise&amp;rpctoken=4888566740286917137\" name=\"438372646\" width=\"700\" height=\"650\" frameborder=\"0\" scrolling=\"auto\" data-mce-fragment=\"1\"><\/iframe><\/div>\n<\/div>\n<\/div>\n<\/div>\n<div><\/div>\n<div><a href=\"https:\/\/docs.google.com\/uc?authuser=1&amp;id=0B0zHBF5nyE_QSDByR25pcTNlR2s&amp;export=download\">Descarrega el fitxer<\/a><\/div>\n<div>\n<div class=\"sites-embed-align-center-wrapping-off\">\n<div class=\"sites-embed-border-on sites-embed\">\n<h4><\/h4>\n<h4 class=\"sites-embed-title\">Fitxa 2<\/h4>\n<div class=\"sites-embed-content sites-embed-type-ggs-gadget\"><iframe loading=\"lazy\" id=\"2108139614\" class=\"igm\" title=\"Fitxa 1\" src=\"https:\/\/mj89sp3sau2k7lj1eg3k40hkeppguj6j-a-sites-opensocial.googleusercontent.com\/gadgets\/ifr?url=http:\/\/www.gstatic.com\/sites-gadgets\/iframe\/iframe.xml&amp;container=enterprise&amp;view=default&amp;lang=ca&amp;country=ALL&amp;sanitize=0&amp;v=bddb412a9858f73a&amp;libs=core&amp;mid=96&amp;parent=https:\/\/sites.google.com\/a\/xtec.cat\/forum-treballs-de-recerca-alt-emporda\/per-on-comenco\/acompanyament-bibliotecae#up_scroll=auto&amp;up_iframeURL=https:\/\/docs.google.com\/viewer?a%3Dv%26pid%3Dexplorer%26chrome%3Dfalse%26embedded%3Dtrue%26srcid%3D0B0zHBF5nyE_QdmRVdGtNTlQxWVk&amp;st=e%3DAIHE3cCAlOfjt81zlUec9v9PANqOZEy11J5fxaHobcfruH4ltGKAYCGBtrppCZPEgVn%252FWQTZaUjDM3%252BkBH5F7LcnMkoKPlktFD8GW3tbtrZLn%252FgLePsK9vJKQlXGaXWShpzVP%252FM5p%252B3m%26c%3Denterprise&amp;rpctoken=3667113445628465082\" name=\"2108139614\" width=\"700\" height=\"650\" frameborder=\"0\" scrolling=\"auto\" data-mce-fragment=\"1\"><\/iframe><\/div>\n<\/div>\n<\/div>\n<\/div>\n<div>\n<div style=\"text-align: left;\"><span style=\"color: #0000ff;\"><a href=\"https:\/\/docs.google.com\/uc?authuser=1&amp;id=0B0zHBF5nyE_QdmRVdGtNTlQxWVk&amp;export=download\">Descarrega el fitxer<\/a><\/span><\/div>\n<\/div>\n<\/div>\n<\/div>\n<\/div>\n","protected":false},"excerpt":{"rendered":"<p>Una recerca amb \u00e8xit Aquest apartat ha estat elaborat conjuntament entre els membres del\u00a0Grup de treball. BibliotecAE\u00a0i el\u00a0Grup de treball de Coordinadors\/es del\u00a0F\u00f2rum de treballs de recerca de l&#8217;Alt Empord\u00e0. Una recerca amb \u00e8xit, forma part de les fitxes de treball que acompanyen la proposta:\u00a0Projectes.com? o com no perdre el nord d&#8217;un projecte\u00a0elaborada pel Servei [&hellip;]<\/p>\n","protected":false},"author":4,"featured_media":0,"parent":15107,"menu_order":0,"comment_status":"closed","ping_status":"closed","template":"","meta":{"_bbp_topic_count":0,"_bbp_reply_count":0,"_bbp_total_topic_count":0,"_bbp_total_reply_count":0,"_bbp_voice_count":0,"_bbp_anonymous_reply_count":0,"_bbp_topic_count_hidden":0,"_bbp_reply_count_hidden":0,"_bbp_forum_subforum_count":0,"site-sidebar-layout":"default","site-content-layout":"","ast-site-content-layout":"","site-content-style":"default","site-sidebar-style":"default","ast-global-header-display":"","ast-banner-title-visibility":"","ast-main-header-display":"","ast-hfb-above-header-display":"","ast-hfb-below-header-display":"","ast-hfb-mobile-header-display":"","site-post-title":"","ast-breadcrumbs-content":"","ast-featured-img":"","footer-sml-layout":"","theme-transparent-header-meta":"","adv-header-id-meta":"","stick-header-meta":"","header-above-stick-meta":"","header-main-stick-meta":"","header-below-stick-meta":"","astra-migrate-meta-layouts":"default","ast-page-background-enabled":"default","ast-page-background-meta":{"desktop":{"background-color":"var(--ast-global-color-4)","background-image":"","background-repeat":"repeat","background-position":"center center","background-size":"auto","background-attachment":"scroll","background-type":"","background-media":"","overlay-type":"","overlay-color":"","overlay-opacity":"","overlay-gradient":""},"tablet":{"background-color":"","background-image":"","background-repeat":"repeat","background-position":"center center","background-size":"auto","background-attachment":"scroll","background-type":"","background-media":"","overlay-type":"","overlay-color":"","overlay-opacity":"","overlay-gradient":""},"mobile":{"background-color":"","background-image":"","background-repeat":"repeat","background-position":"center center","background-size":"auto","background-attachment":"scroll","background-type":"","background-media":"","overlay-type":"","overlay-color":"","overlay-opacity":"","overlay-gradient":""}},"ast-content-background-meta":{"desktop":{"background-color":"var(--ast-global-color-5)","background-image":"","background-repeat":"repeat","background-position":"center center","background-size":"auto","background-attachment":"scroll","background-type":"","background-media":"","overlay-type":"","overlay-color":"","overlay-opacity":"","overlay-gradient":""},"tablet":{"background-color":"var(--ast-global-color-5)","background-image":"","background-repeat":"repeat","background-position":"center center","background-size":"auto","background-attachment":"scroll","background-type":"","background-media":"","overlay-type":"","overlay-color":"","overlay-opacity":"","overlay-gradient":""},"mobile":{"background-color":"var(--ast-global-color-5)","background-image":"","background-repeat":"repeat","background-position":"center center","background-size":"auto","background-attachment":"scroll","background-type":"","background-media":"","overlay-type":"","overlay-color":"","overlay-opacity":"","overlay-gradient":""}},"footnotes":""},"class_list":["post-15109","page","type-page","status-publish","hentry"],"post_mailing_queue_ids":[],"_links":{"self":[{"href":"https:\/\/serveiseducatius.xtec.cat\/altemporda\/wp-json\/wp\/v2\/pages\/15109","targetHints":{"allow":["GET"]}}],"collection":[{"href":"https:\/\/serveiseducatius.xtec.cat\/altemporda\/wp-json\/wp\/v2\/pages"}],"about":[{"href":"https:\/\/serveiseducatius.xtec.cat\/altemporda\/wp-json\/wp\/v2\/types\/page"}],"author":[{"embeddable":true,"href":"https:\/\/serveiseducatius.xtec.cat\/altemporda\/wp-json\/wp\/v2\/users\/4"}],"replies":[{"embeddable":true,"href":"https:\/\/serveiseducatius.xtec.cat\/altemporda\/wp-json\/wp\/v2\/comments?post=15109"}],"version-history":[{"count":1,"href":"https:\/\/serveiseducatius.xtec.cat\/altemporda\/wp-json\/wp\/v2\/pages\/15109\/revisions"}],"predecessor-version":[{"id":15110,"href":"https:\/\/serveiseducatius.xtec.cat\/altemporda\/wp-json\/wp\/v2\/pages\/15109\/revisions\/15110"}],"up":[{"embeddable":true,"href":"https:\/\/serveiseducatius.xtec.cat\/altemporda\/wp-json\/wp\/v2\/pages\/15107"}],"wp:attachment":[{"href":"https:\/\/serveiseducatius.xtec.cat\/altemporda\/wp-json\/wp\/v2\/media?parent=15109"}],"curies":[{"name":"wp","href":"https:\/\/api.w.org\/{rel}","templated":true}]}}