{"id":14899,"date":"2021-11-16T10:26:11","date_gmt":"2021-11-16T09:26:11","guid":{"rendered":"https:\/\/serveiseducatius.xtec.cat\/altemporda\/?page_id=14899"},"modified":"2025-06-06T11:08:08","modified_gmt":"2025-06-06T09:08:08","slug":"recull-de-premsa","status":"publish","type":"page","link":"https:\/\/serveiseducatius.xtec.cat\/altemporda\/xarxa-descoles-del-pn-cap-de-creus\/recull-de-premsa\/","title":{"rendered":"Recull de premsa"},"content":{"rendered":"<p style=\"text-align: justify;\"><span style=\"font-size: 18pt;\"><strong><span style=\"color: #008000;\"><img loading=\"lazy\" decoding=\"async\" class=\"wp-image-15016 alignleft\" src=\"https:\/\/serveiseducatius.xtec.cat\/altemporda\/wp-content\/uploads\/usu1156\/2021\/11\/Captura-de-pantalla-2021-11-20-a-les-8.39.17.png\" alt=\"\" width=\"326\" height=\"245\" srcset=\"https:\/\/serveiseducatius.xtec.cat\/altemporda\/wp-content\/uploads\/usu1156\/2021\/11\/Captura-de-pantalla-2021-11-20-a-les-8.39.17.png 978w, https:\/\/serveiseducatius.xtec.cat\/altemporda\/wp-content\/uploads\/usu1156\/2021\/11\/Captura-de-pantalla-2021-11-20-a-les-8.39.17-300x225.png 300w, https:\/\/serveiseducatius.xtec.cat\/altemporda\/wp-content\/uploads\/usu1156\/2021\/11\/Captura-de-pantalla-2021-11-20-a-les-8.39.17-768x576.png 768w, https:\/\/serveiseducatius.xtec.cat\/altemporda\/wp-content\/uploads\/usu1156\/2021\/11\/Captura-de-pantalla-2021-11-20-a-les-8.39.17-200x150.png 200w\" sizes=\"auto, (max-width: 326px) 100vw, 326px\" \/><\/span><\/strong><span style=\"color: #008000; font-size: 12pt;\"><span style=\"color: #000000;\">Aquest <strong>recull d&#8217;articles<\/strong> intenta posar en valor la Xarxa d&#8217;escoles del parc natural de Cap de Creus #XEPNCC. <\/span><\/span><\/span><span style=\"font-size: 18pt;\"><span style=\"color: #008000; font-size: 12pt;\"><span style=\"color: #000000;\">Una secci\u00f3 que pot esdevenir un nou punt de trobada entre les escoles i les fam\u00edlies dels municipis de la comarca. <\/span><\/span><\/span><\/p>\n<p style=\"text-align: justify;\"><span style=\"font-size: 18pt;\"><span style=\"color: #008000; font-size: 12pt;\"><span style=\"color: #000000;\">Des d&#8217;aquest espai u<\/span><\/span><\/span>s animem a difondre les vostres experi\u00e8ncies mitjan\u00e7ant els canals de comunicaci\u00f3 habituals del centre. En aquest cas tamb\u00e9 fem una crida a fer-nos arribar les produccions comunicatives que realitzeu per enlla\u00e7ar-ho en aquest espai i augmentar el valor de la xarxa.<\/p>\n<p style=\"text-align: justify;\">Aquests articles es difondran a les XS del <strong><span style=\"color: #0000ff;\">@sealtempord<\/span><\/strong>\u00a0amb les etiquetes de: <strong><span style=\"color: #0000ff;\">#XEPNCC <\/span><\/strong><strong><span style=\"color: #0000ff;\">#CorrecullAE<\/span><\/strong><span style=\"color: #0000ff;\">,<\/span><strong><span style=\"color: #0000ff;\"> #PloggingEscolesAE<\/span><\/strong> <span style=\"color: #0000ff;\"><strong>#PNCCSensacions<\/strong><\/span> Entre totes i tots augmentarem el valor de la xarxa aix\u00ed com el comprom\u00eds i respecte envers el medi natural.<\/p>\n<p><span style=\"font-size: 18pt; color: #008000;\"><strong>Recull,<\/strong><\/span><\/p>\n<ul style=\"list-style-type: square;\">\n<li><a href=\"https:\/\/drive.google.com\/file\/d\/16HaFAUAxHV6LwFVd3btVraRRDlakxMNd\/view\">Videoresum Jornada SomParCC 2025<\/a><\/li>\n<li><a href=\"https:\/\/www.emporda.info\/comarca\/2025\/06\/05\/les-escoles-cap-creus-potencien-118139179.html\">Les escoles de Cap de Creus potencien l&#8217;estima al seu territori amb la trobada SOMPARCC<\/a><\/li>\n<li><a href=\"https:\/\/drive.google.com\/file\/d\/14DUPRCGXNccJzDOxBxnCpWmQMf3ImEua\/view?usp=sharing\" target=\"_blank\" rel=\"noopener\"><em>Videoresum <\/em>Jornada SomParCC 2024<\/a><\/li>\n<li><a href=\"https:\/\/www.emporda.info\/comarca\/2024\/05\/28\/cap-creus-tambe-viu-les-escoles-103001415.html\" target=\"_blank\" rel=\"noopener\">Cap de Creus tamb\u00e9 es viu a les escoles dels seus pobles<\/a><\/li>\n<li><a href=\"https:\/\/www.emporda.info\/educacio\/2023\/06\/06\/educacio-escoles-cap-de-creus-natura-medi-ambient-somparcc-correcull-88336019.html\">Fomentar el sentiment de pertinen\u00e7a per tenir cura de l&#8217;entorn natural proper<\/a> (<a href=\"https:\/\/drive.google.com\/file\/d\/1xyzI2_00uTSfd_JLBEK0sdzAvpDYOEnh\/preview\">versi\u00f3 en paper\/pdf<\/a>)<\/li>\n<li><a href=\"https:\/\/www.emporda.info\/educacio\/2023\/06\/06\/conscienciacio-sequera-protagonitza-trobada-descoles-88342723.html?utm_source=twitter&amp;utm_medium=social&amp;utm_campaign=dogtrack\">La conscienciaci\u00f3 sobre la sequera protagonista la trobada d&#8217;Escoles Verdes de l&#8217;Alt Empord\u00e0<\/a><\/li>\n<li>\n<p class=\"entry-title\"><a href=\"https:\/\/www.viladeroses.cat\/gairebe-500-escolars-van-participar-a-roses-en-la-2a-edicio-de-la-jornada-somparcc-del-parc-natural-de-cap-de-creus\/?amp\">Gaireb\u00e9 500 escolars van participar a Roses en la 2\u00aa edici\u00f3 de la jornada SomparCC del Parc Natural de Cap de Creus<\/a><\/p>\n<\/li>\n<li><a href=\"https:\/\/www.youtube.com\/watch?v=Ks15qdM1f2I\">450 escolars han participat en la II edici\u00f3 del SomparCC<\/a><\/li>\n<li><a href=\"http:\/\/www.inspladelestany.cat\/\" target=\"_blank\" rel=\"noopener\">Correcull a l&#8217;institut del Pla de l&#8217;Estany<\/a><\/li>\n<li><a href=\"https:\/\/serveiseducatius.xtec.cat\/altemporda\/general\/seminari-lcue-2023-escoles\/\" target=\"_blank\" rel=\"noopener\">Seminari LCUE 2023<\/a><\/li>\n<li><a href=\"https:\/\/www.horanova.cat\/noticia\/203397\/el-correcull-es-fa-gran\" target=\"_blank\" rel=\"noopener\">El Correcull es fa gran<\/a><\/li>\n<li><a href=\"https:\/\/serveiseducatius.xtec.cat\/altemporda\/educapdecreus\/kilian-jornet-dona-el-tret-de-sortida-a-la-segona-edicio-del-correcull\/\" target=\"_blank\" rel=\"noopener\">Kilian Jornet dona el tret de sortida a la segona edici\u00f3 del correcull<\/a><\/li>\n<li><a href=\"https:\/\/serveiseducatius.xtec.cat\/altemporda\/general\/tenir-cura-de-la-natura-tambe-es-la-nostra-responsabilitat\/\" target=\"_blank\" rel=\"noopener\">Tenir cura de la natura tamb\u00e9 \u00e9s la nostra responsabilitat<\/a><\/li>\n<li><a href=\"https:\/\/serveiseducatius.xtec.cat\/altemporda\/general\/jornada-euroregional-de-recollida-de-residus\/\" target=\"_blank\" rel=\"noopener\">Jornada euroregional de recollida de residus<\/a><\/li>\n<li><a href=\"https:\/\/serveiseducatius.xtec.cat\/altemporda\/educapdecreus\/un-centenar-destudiants-de-castello-recullen-residus-als-aiguamolls\/\" target=\"_blank\" rel=\"noopener\">Un centenar d\u2019estudiants de Castell\u00f3 recullen residus als Aiguamolls<\/a><\/li>\n<li><a href=\"https:\/\/serveiseducatius.xtec.cat\/altemporda\/general\/el-correcull-solidari-de-linstitut-dels-cendrassos\/\" target=\"_blank\" rel=\"noopener\">El correcull solidari de l&#8217;institut Cendrassos<\/a><\/li>\n<li><a href=\"https:\/\/serveiseducatius.xtec.cat\/altemporda\/portada\/lhora-del-conte-biolectures\/\" target=\"_blank\" rel=\"noopener\">L&#8217;hora del conte: bioLectures<\/a><\/li>\n<li><a href=\"https:\/\/serveiseducatius.xtec.cat\/altemporda\/portada\/biolectures-llibres-per-educar-i-protegir-el-medi-natural\/\" target=\"_blank\" rel=\"noopener\">BioLectures, llibres per educar i protegir la natura<\/a><\/li>\n<li><a href=\"https:\/\/drive.google.com\/file\/d\/1my4Rw0GTgAZWJr9cGBtkekkMAbec0S5G\/preview\" target=\"_blank\" rel=\"noopener\">M\u00e9s de 400 alumnes d&#8217;escoles del Cap de Creus aprenen en tallers de natura a la Ciutadella<\/a><\/li>\n<li><a href=\"https:\/\/www.emporda.info\/oci\/agenda\/2022\/06\/15\/dissabtes-docents-descoberta-d-ecosistemes-67228351.html?utm_source=facebook&amp;utm_medium=social&amp;utm_campaign=dogtrack\" target=\"_blank\" rel=\"noopener\">Dissabtes docents de descoberta d&#8217;ecosistemes naturals<\/a><\/li>\n<li><a href=\"https:\/\/drive.google.com\/file\/d\/14Y2rTz5fzxPyJu_pnidJdlWMLe3fvGmP\/preview\">Nens de Prim\u00e0ria retiren 1.125 kg de residus abocats al Cap de Creus<\/a><\/li>\n<li><a href=\"https:\/\/serveiseducatius.xtec.cat\/altemporda\/general\/mes-de-1-125-kg-de-deixalles-envolten-les-escoles-del-parc\/\" target=\"_blank\" rel=\"noopener\">M\u00e9s de 1.125 kg de deixalles envolten les escoles del Parc<\/a><\/li>\n<li><a href=\"https:\/\/serveiseducatius.xtec.cat\/altemporda\/educapdecreus\/571-alumnes-netegen-42-km-de-camins-del-cap-de-creus-fent-el-correcull\/\">571 alumnes \u00abnetegen\u00bb 42 km de camins del cap de Creus fent el Correcull\/AE<\/a><\/li>\n<li><span style=\"font-size: 12pt;\"><a href=\"https:\/\/serveiseducatius.xtec.cat\/altemporda\/educapdecreus\/som-natura-i-la-necessitem-mes-que-ella-a-nosaltres\/\" target=\"_blank\" rel=\"noopener\">&#8220;Som natura i la necessitem m\u00e9s que ella a nosaltres&#8221;<\/a><\/span><\/li>\n<li><span style=\"font-size: 12pt;\"><a href=\"https:\/\/www.emporda.info\/educacio\/2022\/01\/25\/joves-roses-prenen-consciencia-medi-61914201.html\" target=\"_blank\" rel=\"noopener\">Joves de Roses prenen consci\u00e8ncia del medi natural amb el Correcull\/AE<\/a><\/span><\/li>\n<li><span style=\"font-size: 12pt;\"><a href=\"https:\/\/www.emporda.info\/educacio\/2021\/11\/14\/natura-porta-les-tretze-escoles-59307150.html\" target=\"_blank\" rel=\"noopener\">La natura est\u00e0 a la porta de les tretze escoles del Cap de Creus<\/a><\/span><\/li>\n<li><span style=\"font-size: 12pt;\"><a href=\"https:\/\/www.diaridegirona.cat\/alt-emporda\/2021\/11\/15\/escoles-l-alt-emporda-exploren-59531945.html\" target=\"_blank\" rel=\"noopener\">Escoles de l\u2019Alt Empord\u00e0 exploren la natura del Cap de Creus.<\/a><\/span><\/li>\n<li><span style=\"font-size: 12pt;\"><a href=\"https:\/\/www.emporda.info\/opinio\/2021\/11\/14\/coneguem-parc-natural-i-sentim-59307143.html\" target=\"_blank\" rel=\"noopener\">Coneguem el parc natural i sentim-lo com a nostre.<\/a><\/span><\/li>\n<li><span style=\"font-size: 12pt;\"><a href=\"https:\/\/serveiseducatius.xtec.cat\/altemporda\/educapdecreus\/noticia-2\/\" target=\"_blank\" rel=\"noopener\">Creaci\u00f3 de la Xarxa d\u2019escoles del PN del Cap de Creus<\/a><\/span><\/li>\n<\/ul>\n","protected":false},"excerpt":{"rendered":"<p>Aquest recull d&#8217;articles intenta posar en valor la Xarxa d&#8217;escoles del parc natural de Cap de Creus #XEPNCC. Una secci\u00f3 que pot esdevenir un nou punt de trobada entre les escoles i les fam\u00edlies dels municipis de la comarca. Des d&#8217;aquest espai us animem a difondre les vostres experi\u00e8ncies mitjan\u00e7ant els canals de comunicaci\u00f3 habituals [&hellip;]<\/p>\n","protected":false},"author":4,"featured_media":0,"parent":13173,"menu_order":0,"comment_status":"closed","ping_status":"closed","template":"","meta":{"_bbp_topic_count":0,"_bbp_reply_count":0,"_bbp_total_topic_count":0,"_bbp_total_reply_count":0,"_bbp_voice_count":0,"_bbp_anonymous_reply_count":0,"_bbp_topic_count_hidden":0,"_bbp_reply_count_hidden":0,"_bbp_forum_subforum_count":0,"site-sidebar-layout":"default","site-content-layout":"","ast-site-content-layout":"","site-content-style":"default","site-sidebar-style":"default","ast-global-header-display":"","ast-banner-title-visibility":"","ast-main-header-display":"","ast-hfb-above-header-display":"","ast-hfb-below-header-display":"","ast-hfb-mobile-header-display":"","site-post-title":"","ast-breadcrumbs-content":"","ast-featured-img":"","footer-sml-layout":"","theme-transparent-header-meta":"","adv-header-id-meta":"","stick-header-meta":"","header-above-stick-meta":"","header-main-stick-meta":"","header-below-stick-meta":"","astra-migrate-meta-layouts":"default","ast-page-background-enabled":"default","ast-page-background-meta":{"desktop":{"background-color":"var(--ast-global-color-4)","background-image":"","background-repeat":"repeat","background-position":"center center","background-size":"auto","background-attachment":"scroll","background-type":"","background-media":"","overlay-type":"","overlay-color":"","overlay-opacity":"","overlay-gradient":""},"tablet":{"background-color":"","background-image":"","background-repeat":"repeat","background-position":"center center","background-size":"auto","background-attachment":"scroll","background-type":"","background-media":"","overlay-type":"","overlay-color":"","overlay-opacity":"","overlay-gradient":""},"mobile":{"background-color":"","background-image":"","background-repeat":"repeat","background-position":"center center","background-size":"auto","background-attachment":"scroll","background-type":"","background-media":"","overlay-type":"","overlay-color":"","overlay-opacity":"","overlay-gradient":""}},"ast-content-background-meta":{"desktop":{"background-color":"var(--ast-global-color-5)","background-image":"","background-repeat":"repeat","background-position":"center center","background-size":"auto","background-attachment":"scroll","background-type":"","background-media":"","overlay-type":"","overlay-color":"","overlay-opacity":"","overlay-gradient":""},"tablet":{"background-color":"var(--ast-global-color-5)","background-image":"","background-repeat":"repeat","background-position":"center center","background-size":"auto","background-attachment":"scroll","background-type":"","background-media":"","overlay-type":"","overlay-color":"","overlay-opacity":"","overlay-gradient":""},"mobile":{"background-color":"var(--ast-global-color-5)","background-image":"","background-repeat":"repeat","background-position":"center center","background-size":"auto","background-attachment":"scroll","background-type":"","background-media":"","overlay-type":"","overlay-color":"","overlay-opacity":"","overlay-gradient":""}},"footnotes":""},"class_list":["post-14899","page","type-page","status-publish","hentry"],"post_mailing_queue_ids":[],"_links":{"self":[{"href":"https:\/\/serveiseducatius.xtec.cat\/altemporda\/wp-json\/wp\/v2\/pages\/14899","targetHints":{"allow":["GET"]}}],"collection":[{"href":"https:\/\/serveiseducatius.xtec.cat\/altemporda\/wp-json\/wp\/v2\/pages"}],"about":[{"href":"https:\/\/serveiseducatius.xtec.cat\/altemporda\/wp-json\/wp\/v2\/types\/page"}],"author":[{"embeddable":true,"href":"https:\/\/serveiseducatius.xtec.cat\/altemporda\/wp-json\/wp\/v2\/users\/4"}],"replies":[{"embeddable":true,"href":"https:\/\/serveiseducatius.xtec.cat\/altemporda\/wp-json\/wp\/v2\/comments?post=14899"}],"version-history":[{"count":7,"href":"https:\/\/serveiseducatius.xtec.cat\/altemporda\/wp-json\/wp\/v2\/pages\/14899\/revisions"}],"predecessor-version":[{"id":25791,"href":"https:\/\/serveiseducatius.xtec.cat\/altemporda\/wp-json\/wp\/v2\/pages\/14899\/revisions\/25791"}],"up":[{"embeddable":true,"href":"https:\/\/serveiseducatius.xtec.cat\/altemporda\/wp-json\/wp\/v2\/pages\/13173"}],"wp:attachment":[{"href":"https:\/\/serveiseducatius.xtec.cat\/altemporda\/wp-json\/wp\/v2\/media?parent=14899"}],"curies":[{"name":"wp","href":"https:\/\/api.w.org\/{rel}","templated":true}]}}