{"id":14679,"date":"2021-11-03T17:07:00","date_gmt":"2021-11-03T16:07:00","guid":{"rendered":"https:\/\/serveiseducatius.xtec.cat\/altemporda\/?page_id=14679"},"modified":"2021-11-03T17:12:24","modified_gmt":"2021-11-03T16:12:24","slug":"15-bibliografia","status":"publish","type":"page","link":"https:\/\/serveiseducatius.xtec.cat\/altemporda\/concurs-oratoria-alt-emporda\/lart-de-parlar\/15-bibliografia\/","title":{"rendered":"15. Bibliografia"},"content":{"rendered":"<p><span style=\"background-color: #660000;\"><b><span style=\"font-family: Verdana,sans-serif; color: white;\">Fitxa 15: Bibliografia<\/span><\/b><\/span><\/p>\n<p style=\"background: none repeat scroll 0% 0% #c0504d;\"><b><span style=\"font-family: Verdana,sans-serif; color: white;\">\u00a0Bibliografia<br \/>\n<\/span><\/b><\/p>\n<p>BADOS L\u00d3PEZ, Arturo (1991):\u00a0<i>Hablar en p\u00fablico. Gu\u00eda pr\u00e1ctica para lograr habilidad y confianza.\u00a0<\/i>Madrid: Ediciones Pir\u00e1mide.<\/p>\n<p>BALLENATO, Guillermo (2006):\u00a0<i>Hablar en p\u00fablico. Arte y t\u00e9cnica de la oratoria.\u00a0<\/i>Madrid:\u00a0\u00a0Ediciones Pir\u00e1mide.<\/p>\n<p><span style=\"font-size: small;\">BRETON, Philippe\u00a0(2009)<\/span><span style=\"font-size: small;\">:\u00a0<i>El arte de convencer<\/i>. Paris: Ediciones Paid\u00f3s Ib\u00e9rica.<\/span><\/p>\n<p>MAR\u00cdN P\u00c9REZ, A\u00edda (2007):\u00a0<i>Hablar en p\u00fablico y comunicarse<\/i>. Madrid: Ed. Libsa.<\/p>\n<p>PIC\u00d3, Alfred (2013):\u00a0\u00a0<i>El m\u00e8tode Pic\u00f3 per parlar en p\u00fablic<\/i>. Barcelona:\u00a0\u00a0Angle Editorial.<\/p>\n<p>PUIGPELAT, Francesc; RUBIO, Joana (2007):\u00a0<i>Com parlar b\u00e9 en p\u00fablic<\/i>. Barcelona: Mina.<\/p>\n<p>STUDER, J\u00fcrg (2006):\u00a0<i>Gu\u00eda pr\u00e1ctica de oratoria<\/i>. Madrid: El\u00a0Drac.<\/p>\n<p>TORRALBA, Francesc (2006):\u00a0<i>L&#8217;art de saber escoltar<\/i>. Lleida: Pag\u00e8s editors.<\/p>\n<p><span style=\"font-size: small;\">TOUTAIN, Ferran (2001):\u00a0<i>Sobre l\u2019escriptura<\/i>. Barcelona:Tr\u00edpodos.<\/span><\/p>\n<p>VIL\u00c0, Montserrat i Josep M. CASTELL\u00c0 (2014):\u00a0<i>10 idees clau: Ensenyar la compet\u00e8ncia oral a classe.\u00a0<\/i>Barcelona: Gra\u00f3.<\/p>\n<p><span style=\"font-size: small;\">WESTON, Anthony (2014):\u00a0<i>Las claves de la argumentaci\u00f3n<\/i>. Barcelona: Editorial Ariel.<\/span><\/p>\n<p style=\"padding: 0cm;\"><span style=\"background-color: #660000;\"><span style=\"background-color: #990000;\"><b><span style=\"font-family: Verdana,sans-serif; color: white;\">Webs<br \/>\n<\/span><\/b><\/span><\/span><\/p>\n<p style=\"padding: 0cm;\"><span style=\"font-size: small;\"><span style=\"font-family: verdana,sans-serif;\"><span style=\"background-color: #ffffff;\"><a href=\"https:\/\/teatricom.wordpress.com\/\">https:\/\/teatricom.wordpress.com\/<\/a><\/span><\/span><\/span><\/p>\n<p style=\"padding: 0cm;\"><span style=\"font-size: small;\"><span style=\"font-family: verdana,sans-serif;\"><span style=\"background-color: #ffff00;\"><a href=\"http:\/\/www.speechmastery.com\/how-to-start-a-speech.html\">http:\/\/www.speechmastery.com\/how-to-start-a-speech.html<\/a><\/span><b><br \/>\n<\/b><\/span><\/span><\/p>\n<p style=\"padding: 0cm;\"><span style=\"font-size: small;\"><span style=\"font-family: verdana,sans-serif;\"><a href=\"http:\/\/www.speechmastery.com\/speech-introductions.html\">http:\/\/www.speechmastery.com\/speech-introductions.html<\/a><\/span><\/span><\/p>\n<p style=\"padding: 0cm;\"><span style=\"font-size: small;\"><span style=\"font-family: verdana,sans-serif;\"><a href=\"http:\/\/www.speechmastery.com\/speech-introductions.html\">http:\/\/www.speechpool.net\/ca\/speech-writing-ca<br \/>\n<\/a><\/span><\/span><\/p>\n<p style=\"padding: 0cm;\"><span style=\"font-size: small;\"><span style=\"font-family: verdana,sans-serif;\"><span style=\"color: #000000;\">5 dels millors exemples d&#8217;inici de discurs:<br \/>\n<\/span><\/span><\/span><\/p>\n<p style=\"padding: 0cm;\"><span style=\"font-size: small;\"><span style=\"font-family: verdana,sans-serif;\"><a href=\"http:\/\/www.gingerpublicspeaking.com\/best-speech-opening-line\">http:\/\/www.gingerpublicspeaking.com\/best-speech-opening-line<\/a><\/span><\/span><\/p>\n<p><span style=\"font-size: small;\"><span style=\"font-family: verdana,sans-serif;\"><a href=\"http:\/\/sixminutes.dlugan.com\/how-to-start-your-speech\/\">http:\/\/sixminutes.dlugan.com\/how-to-start-your-speech<\/a><br \/>\n<\/span><\/span><br \/>\n<span style=\"font-size: small;\"><span style=\"font-family: verdana,sans-serif;\"><u>SOBRE L\u2019ARGUMENTACI\u00d3<\/u><\/span><\/span><\/p>\n<p style=\"text-align: justify; line-height: normal;\"><span style=\"font-size: small;\"><span style=\"font-family: verdana,sans-serif;\">\u00bfPor qu\u00e9 es importante argumentar?<\/span><\/span><\/p>\n<p style=\"text-align: justify;\"><span style=\"font-size: small;\"><span style=\"font-family: verdana,sans-serif;\"><span lang=\"ES\"><a href=\"https:\/\/www.youtube.com\/watch?v=of6qcyZCOyU\"><span lang=\"CA\" style=\"line-height: 115%;\">https:\/\/www.youtube.com\/watch?v=of6qcyZCOyU<\/span><\/a><\/span><\/span><\/span><\/p>\n<p style=\"text-align: justify; line-height: normal;\"><span style=\"font-size: small;\"><span style=\"font-family: verdana,sans-serif;\">DEBATE: Las partes de un argumento <\/span><\/span><\/p>\n<p style=\"text-align: justify; line-height: normal;\"><span style=\"font-size: small;\"><span style=\"font-family: verdana,sans-serif;\"><span lang=\"ES\"><a href=\"https:\/\/www.youtube.com\/watch?v=2fxhdVkdyO0\"><span lang=\"CA\">https:\/\/www.youtube.com\/watch?v=2fxhdVkdyO0<\/span><\/a><\/span><\/span><\/span><\/p>\n<p style=\"text-align: justify; line-height: normal;\"><span style=\"font-size: small;\"><span style=\"font-family: verdana,sans-serif;\">\u00bfC\u00f3mo convencer en 47 segundos? Elsa Punset en el <i>Hormiguero<\/i><\/span><\/span><\/p>\n<p style=\"text-align: justify; line-height: normal;\"><span style=\"font-size: small;\"><span style=\"font-family: verdana,sans-serif;\"><span lang=\"ES\"><a href=\"https:\/\/www.youtube.com\/watch?v=ikyCXfoYIg0\"><span lang=\"CA\">https:\/\/www.youtube.com\/watch?v=ikyCXfoYIg0<\/span><\/a><\/span><\/span><\/span><\/p>\n<p style=\"text-align: justify; line-height: normal;\"><span style=\"font-size: small;\"><span style=\"font-family: verdana,sans-serif;\"><u>DISCURSOS ARGUMENTATIUS EXTRETS DE PEL\u00b7L\u00cdCULES<\/u><\/span><\/span><\/p>\n<p style=\"text-align: justify; line-height: normal;\"><span style=\"font-size: small;\"><span style=\"font-family: verdana,sans-serif;\">\u00bfCu\u00e1l ser\u00e1 tu verso? A <i>El Club dels Poetes Morts<\/i><\/span><\/span><\/p>\n<p style=\"text-align: justify; line-height: normal;\"><span style=\"font-size: small;\"><span style=\"font-family: verdana,sans-serif;\"><span lang=\"ES\"><a href=\"https:\/\/www.youtube.com\/watch?v=KAfr1BqDqZs\"><span lang=\"CA\">https:\/\/www.youtube.com\/watch?v=KAfr1BqDqZs<\/span><\/a><\/span><\/span><\/span><\/p>\n<p style=\"text-align: justify; line-height: normal;\"><span style=\"font-size: small;\"><span style=\"font-family: verdana,sans-serif;\">Escena de Rose Morgan a <i>L\u2019Amor t\u00e9 dues cares<\/i> <\/span><\/span><\/p>\n<p style=\"text-align: justify; line-height: normal;\"><span style=\"font-size: small;\"><span style=\"font-family: verdana,sans-serif;\"><span lang=\"ES\"><a href=\"https:\/\/www.youtube.com\/watch?v=0DE_xad-4Jo\"><span lang=\"CA\">https:\/\/www.youtube.com\/watch?v=0DE_xad-4Jo<\/span><\/a><\/span><\/span><\/span><\/p>\n<p style=\"text-align: justify; line-height: normal;\"><span style=\"font-size: small;\"><span style=\"font-family: verdana,sans-serif;\"><i>Coaching<\/i>, met\u00e1fora de la mochila, cisnes y tiburones<\/span><\/span><\/p>\n<p style=\"text-align: justify; line-height: normal;\"><span style=\"font-size: small;\"><span style=\"font-family: verdana,sans-serif;\"><span lang=\"ES\"><a href=\"https:\/\/www.youtube.com\/watch?v=CBt42SdplWQ\"><span lang=\"CA\">https:\/\/www.youtube.com\/watch?v=CBt42SdplWQ<\/span><\/a><\/span><\/span><\/span><\/p>\n<p style=\"text-align: justify; line-height: normal;\"><span style=\"font-size: small;\"><span style=\"font-family: verdana,sans-serif;\">Discurs William Wallace a la pel\u00b7l\u00edcula<i> Braveheart<\/i><a name=\"_GoBack\"><\/a><\/span><\/span><\/p>\n<p style=\"text-align: justify; line-height: normal;\"><span style=\"font-size: small;\"><span style=\"font-family: verdana,sans-serif;\"><span lang=\"ES\"><a href=\"https:\/\/www.youtube.com\/watch?v=KHpID-8RtKI\"><span lang=\"CA\">https:\/\/www.youtube.com\/watch?v=KHpID-8RtKI<\/span><\/a><\/span><\/span><\/span><\/p>\n<p><span style=\"font-size: 12.0pt; line-height: 115%; font-family: Times New Roman,serif;\">\u00a0<\/span><span style=\"font-size: small;\"><span style=\"font-family: verdana,sans-serif;\"><span style=\"line-height: 115%;\">Webgrafia:<\/span><\/span><\/span><\/p>\n<p><span style=\"font-size: small;\"><span style=\"font-family: verdana,sans-serif;\"><span lang=\"ES\"><a href=\"http:\/\/blogs.uab.cat\/suficienciacifolc\/files\/2009\/10\/el-text-argumentatiu-o-article-d-1.pdf\"><span lang=\"CA\" style=\"line-height: 115%;\">http:\/\/blogs.uab.cat\/suficienciacifolc\/files\/2009\/10\/el-text-argumentatiu-o-article-d-1.pdf<\/span><\/a><\/span><\/span><\/span><\/p>\n<p><span style=\"font-size: small;\"><span style=\"font-family: verdana,sans-serif;\"><span lang=\"ES\"><a href=\"http:\/\/www.udlap.mx\/intranetWeb\/centrodeescritura\/files\/notascompletas\/Laargumentacion.pdf\"><span lang=\"CA\" style=\"line-height: 115%;\">http:\/\/www.udlap.mx\/intranetWeb\/centrodeescritura\/files\/notascompletas\/Laargumentacion.pdf<\/span><\/a><\/span><\/span><\/span><\/p>\n<p><span style=\"font-size: small;\"><span style=\"font-family: verdana,sans-serif;\"><span lang=\"ES\"><a href=\"http:\/\/ca.visual13.com\/upload\/noticia\/presentacio-alfred-pico-espai-armengol.pdf\"><span lang=\"CA\" style=\"line-height: 115%;\">http:\/\/ca.visual13.com\/upload\/noticia\/presentacio-alfred-pico-espai-armengol.pdf<\/span><\/a><\/span><\/span><\/span><\/p>\n<p>&nbsp;<\/p>\n<p>&nbsp;<\/p>\n<p><span style=\"font-size: small;\"><span style=\"font-family: verdana,sans-serif;\"><span style=\"line-height: 115%;\">\u00a0<\/span><\/span><\/span><\/p>\n<p style=\"text-align: justify;\"><span style=\"font-size: 12.0pt; line-height: 115%; font-family: Times New Roman,serif;\">\u00a0<\/span><\/p>\n<p style=\"text-align: justify;\"><span style=\"font-size: 12.0pt; line-height: 115%; font-family: Times New Roman,serif;\">\u00a0<\/span><\/p>\n","protected":false},"excerpt":{"rendered":"<p>Fitxa 15: Bibliografia \u00a0Bibliografia BADOS L\u00d3PEZ, Arturo (1991):\u00a0Hablar en p\u00fablico. Gu\u00eda pr\u00e1ctica para lograr habilidad y confianza.\u00a0Madrid: Ediciones Pir\u00e1mide. BALLENATO, Guillermo (2006):\u00a0Hablar en p\u00fablico. Arte y t\u00e9cnica de la oratoria.\u00a0Madrid:\u00a0\u00a0Ediciones Pir\u00e1mide. BRETON, Philippe\u00a0(2009):\u00a0El arte de convencer. Paris: Ediciones Paid\u00f3s Ib\u00e9rica. MAR\u00cdN P\u00c9REZ, A\u00edda (2007):\u00a0Hablar en p\u00fablico y comunicarse. Madrid: Ed. Libsa. PIC\u00d3, Alfred (2013):\u00a0\u00a0El m\u00e8tode [&hellip;]<\/p>\n","protected":false},"author":71,"featured_media":0,"parent":14322,"menu_order":15,"comment_status":"closed","ping_status":"closed","template":"","meta":{"_bbp_topic_count":0,"_bbp_reply_count":0,"_bbp_total_topic_count":0,"_bbp_total_reply_count":0,"_bbp_voice_count":0,"_bbp_anonymous_reply_count":0,"_bbp_topic_count_hidden":0,"_bbp_reply_count_hidden":0,"_bbp_forum_subforum_count":0,"site-sidebar-layout":"default","site-content-layout":"","ast-site-content-layout":"","site-content-style":"default","site-sidebar-style":"default","ast-global-header-display":"","ast-banner-title-visibility":"","ast-main-header-display":"","ast-hfb-above-header-display":"","ast-hfb-below-header-display":"","ast-hfb-mobile-header-display":"","site-post-title":"","ast-breadcrumbs-content":"","ast-featured-img":"","footer-sml-layout":"","theme-transparent-header-meta":"","adv-header-id-meta":"","stick-header-meta":"","header-above-stick-meta":"","header-main-stick-meta":"","header-below-stick-meta":"","astra-migrate-meta-layouts":"default","ast-page-background-enabled":"default","ast-page-background-meta":{"desktop":{"background-color":"var(--ast-global-color-4)","background-image":"","background-repeat":"repeat","background-position":"center center","background-size":"auto","background-attachment":"scroll","background-type":"","background-media":"","overlay-type":"","overlay-color":"","overlay-opacity":"","overlay-gradient":""},"tablet":{"background-color":"","background-image":"","background-repeat":"repeat","background-position":"center center","background-size":"auto","background-attachment":"scroll","background-type":"","background-media":"","overlay-type":"","overlay-color":"","overlay-opacity":"","overlay-gradient":""},"mobile":{"background-color":"","background-image":"","background-repeat":"repeat","background-position":"center center","background-size":"auto","background-attachment":"scroll","background-type":"","background-media":"","overlay-type":"","overlay-color":"","overlay-opacity":"","overlay-gradient":""}},"ast-content-background-meta":{"desktop":{"background-color":"var(--ast-global-color-5)","background-image":"","background-repeat":"repeat","background-position":"center center","background-size":"auto","background-attachment":"scroll","background-type":"","background-media":"","overlay-type":"","overlay-color":"","overlay-opacity":"","overlay-gradient":""},"tablet":{"background-color":"var(--ast-global-color-5)","background-image":"","background-repeat":"repeat","background-position":"center center","background-size":"auto","background-attachment":"scroll","background-type":"","background-media":"","overlay-type":"","overlay-color":"","overlay-opacity":"","overlay-gradient":""},"mobile":{"background-color":"var(--ast-global-color-5)","background-image":"","background-repeat":"repeat","background-position":"center center","background-size":"auto","background-attachment":"scroll","background-type":"","background-media":"","overlay-type":"","overlay-color":"","overlay-opacity":"","overlay-gradient":""}},"footnotes":""},"class_list":["post-14679","page","type-page","status-publish","hentry"],"post_mailing_queue_ids":[],"_links":{"self":[{"href":"https:\/\/serveiseducatius.xtec.cat\/altemporda\/wp-json\/wp\/v2\/pages\/14679","targetHints":{"allow":["GET"]}}],"collection":[{"href":"https:\/\/serveiseducatius.xtec.cat\/altemporda\/wp-json\/wp\/v2\/pages"}],"about":[{"href":"https:\/\/serveiseducatius.xtec.cat\/altemporda\/wp-json\/wp\/v2\/types\/page"}],"author":[{"embeddable":true,"href":"https:\/\/serveiseducatius.xtec.cat\/altemporda\/wp-json\/wp\/v2\/users\/71"}],"replies":[{"embeddable":true,"href":"https:\/\/serveiseducatius.xtec.cat\/altemporda\/wp-json\/wp\/v2\/comments?post=14679"}],"version-history":[{"count":3,"href":"https:\/\/serveiseducatius.xtec.cat\/altemporda\/wp-json\/wp\/v2\/pages\/14679\/revisions"}],"predecessor-version":[{"id":14684,"href":"https:\/\/serveiseducatius.xtec.cat\/altemporda\/wp-json\/wp\/v2\/pages\/14679\/revisions\/14684"}],"up":[{"embeddable":true,"href":"https:\/\/serveiseducatius.xtec.cat\/altemporda\/wp-json\/wp\/v2\/pages\/14322"}],"wp:attachment":[{"href":"https:\/\/serveiseducatius.xtec.cat\/altemporda\/wp-json\/wp\/v2\/media?parent=14679"}],"curies":[{"name":"wp","href":"https:\/\/api.w.org\/{rel}","templated":true}]}}