{"id":14651,"date":"2021-11-03T16:09:47","date_gmt":"2021-11-03T15:09:47","guid":{"rendered":"https:\/\/serveiseducatius.xtec.cat\/altemporda\/?page_id=14651"},"modified":"2021-11-03T16:53:32","modified_gmt":"2021-11-03T15:53:32","slug":"13-control-del-temps","status":"publish","type":"page","link":"https:\/\/serveiseducatius.xtec.cat\/altemporda\/concurs-oratoria-alt-emporda\/lart-de-parlar\/13-control-del-temps\/","title":{"rendered":"13. Control del temps"},"content":{"rendered":"<p><span style=\"font-size: 13.6000003814697px; line-height: 17.0666656494141px;\">[<\/span><a style=\"font-size: 13.6000003814697px; line-height: 17.0666656494141px;\" href=\"https:\/\/sites.google.com\/a\/xtec.cat\/concurs-d-oratoria-juvenil-de-l-alt-emporda\/l-art-de-parlar\" target=\"_blank\" rel=\"noopener\">Torna a l&#8217;\u00edndex<\/a><span style=\"font-size: 13.6000003814697px; line-height: 17.0666656494141px;\">]<\/span><\/p>\n<div>\n<p>&nbsp;<\/p>\n<div style=\"font-size: 13.6000003814697px; line-height: 17.0666656494141px;\"><\/div>\n<div>\n<div style=\"font-size: 13.6000003814697px; line-height: 17.0666656494141px;\"><b style=\"line-height: 17.0666656494141px; font-size: 10pt;\"><span lang=\"CA\" style=\"font-family: Verdana,sans-serif; color: white; background-color: #990000;\">Fitxa 13: Control del temps \u00a0\u00a0<\/span><\/b><\/div>\n<div>\n<p style=\"line-height: 17.0667px; background-image: initial; background-color: #c0504d; background-position: initial; background-repeat: initial;\"><b><span lang=\"CA\" style=\"font-family: Verdana,sans-serif; color: white;\">Descriptor<\/span><\/b><\/p>\n<div style=\"line-height: 17.0667px; border: 1pt solid windowtext; padding: 1pt 4pt;\">\n<div style=\"line-height: 17.0666656494141px;\">\n<div style=\"text-align: center;\">\n<div style=\"text-align: center;\"><span style=\"color: #000000;\"><b><span style=\"font-size: small;\"><span style=\"font-family: verdana,sans-serif;\"><span style=\"line-height: 17.0667px; text-align: justify;\"><span lang=\"CA\">Res amb exc\u00e9s, tot amb mesura<\/span><\/span><br \/>\n<\/span><\/span><\/b><\/span><\/div>\n<div style=\"text-align: center;\"><span style=\"color: #000000;\"><span style=\"font-size: small;\"><span style=\"font-family: verdana,sans-serif;\">(Sol\u00f3 d&#8217;Atenes)<\/span><\/span><b><span style=\"font-size: small;\"><span style=\"font-family: verdana,sans-serif;\"><br \/>\n<\/span><\/span><\/b><\/span><\/div>\n<\/div>\n<p><span style=\"font-family: verdana,sans-serif; font-size: small; line-height: 12.8pt; text-align: justify; background-color: transparent;\">A l\u2019hora de fer una exposici\u00f3 oral \u00e9s molt important <\/span><b style=\"font-family: verdana,sans-serif; font-size: small; line-height: 12.8pt; text-align: justify; background-color: transparent;\">saber el temps de qu\u00e8 disposem<\/b><span style=\"font-family: verdana,sans-serif; font-size: small; line-height: 12.8pt; text-align: justify; background-color: transparent;\"> per tal de poder-lo tenir en compte i poder-hi adequar el nostre contingut.<\/span><\/p>\n<\/div>\n<div style=\"line-height: 17.0666656494141px;\">\n<p style=\"margin-bottom: 12pt; text-align: justify; line-height: 12.8pt; background-image: initial; background-position: initial; background-repeat: initial;\"><span style=\"font-family: verdana, sans-serif; font-size: small;\">Hem d\u2019utilitzar el temps necessari per aconseguir els objectius que ens hem plantejat, i hem de poder sintetitzar tot all\u00f2 que volem dir en el temps previst. Per aprofitar el temps, \u00e9s bo distribuir de manera adequada les parts del discurs: <b>introducci\u00f3, desenvolupament del tema i conclusions.<\/b> <\/span><\/p>\n<p style=\"text-align: justify; line-height: 12.8pt; background-image: initial; background-position: initial; background-repeat: initial;\"><span style=\"font-family: verdana, sans-serif; font-size: small;\">Cal tenir en compte que el temps d\u2019atenci\u00f3 activa del receptor \u00e9s limitat: la capacitat de concentraci\u00f3 de les persones oscil\u00b7la entre els vint i els trenta minuts. A partir d\u2019aquest moment, la concentraci\u00f3 decreix mica en mica, de manera que si el nostre discurs \u00e9s m\u00e9s llarg caldr\u00e0 intentar recuperar l\u2019atenci\u00f3 de l\u2019audi\u00e8ncia. De totes maneres, qualsevol exposici\u00f3 s\u2019ha de regir pel <b>principi de la simplicitat<\/b>: si pots explicar una cosa en 20 minuts no ho facis en 40. Per aix\u00f2, perqu\u00e8 els interlocutors no poden estar atents massa temps, s\u2019ha d\u2019intentar ser r\u00e0pid en l\u2019exposici\u00f3. Compte, per\u00f2, que no hem pas de c\u00f3rrer, ni hem de parlar a una velocitat excessiva, ni ens hem de precipitar tampoc per tal d\u2019estalviar minuts. Hem d\u2019economitzar el temps triant els termes adients i temporitzant correctament l\u2019exposici\u00f3. <\/span><\/p>\n<p style=\"margin-bottom: 12pt; text-align: justify; line-height: 12.8pt; background-image: initial; background-position: initial; background-repeat: initial;\"><span style=\"font-family: verdana, sans-serif; font-size: small;\">Per tot plegat, \u00e9s molt important <b>planificar el temps de l\u2019exposici\u00f3<\/b>, i tamb\u00e9 cal estar preparat per modificar-lo en cas que sigui necessari: preparar b\u00e9 un tema no ha de significar rigidesa i falta de flexibilitat; no hem d\u2019oblidar que com que ens adrecem a un auditori no es tracta d\u2019un proc\u00e9s centrat en un mateix, sin\u00f3 que dep\u00e8n de nosaltres i dels nostres interlocutors.<\/span><\/p>\n<p style=\"margin-bottom: 0.0001pt; text-align: justify; line-height: 12.8pt; background-image: initial; background-position: initial; background-repeat: initial;\"><span style=\"font-family: verdana, sans-serif; font-size: small;\">Per \u00faltim, cal tenir en compte que en funci\u00f3 del tipus d\u2019exposici\u00f3, el temps previst ha de ser inferior al temps disponible, per tal de deixar un marge per si el p\u00fablic ha d\u2019intervenir.<\/span><\/p>\n<p style=\"margin-bottom: 0.0001pt; text-align: justify; line-height: 12.8pt; background-image: initial; background-position: initial; background-repeat: initial;\"><span style=\"font-family: verdana,sans-serif; font-size: small; line-height: 12.8pt; background-color: transparent;\">Com diuen en castell\u00e0&#8230; \u201clo bueno, si breve, dos veces bueno\u201d.<\/span><\/p>\n<\/div>\n<div style=\"font-size: 13.6000003814697px; line-height: 17.0666656494141px;\"><\/div>\n<\/div>\n<p style=\"line-height: 17.0667px; background-image: initial; background-color: #c0504d; background-position: initial; background-repeat: initial;\"><b><span lang=\"CA\" style=\"font-family: Verdana,sans-serif; color: white;\">Idees clau<\/span><span lang=\"CA\" style=\"font-family: Verdana,sans-serif;\"><span style=\"color: #ffffff; font-size: xx-small;\">\u00a0<\/span><\/span><\/b><\/p>\n<div style=\"border: 1pt solid windowtext; padding: 1pt 4pt;\">\n<ul style=\"line-height: 17.0667px;\">\n<li><span style=\"font-family: verdana,sans-serif; font-size: small; line-height: 12.8pt; text-align: justify; background-color: transparent;\">S\u2019ha de controlar el temps i s\u2019ha d\u2019intentar no sobrepassar ni reduir el temps establert. Sempre que sigui possible, s\u2019aconsella disposar d\u2019un rellotge o algun altre dispositiu que permeti saber sempre en quin moment de l\u2019exposici\u00f3 s\u2019est\u00e0. <\/span><\/li>\n<\/ul>\n<ul style=\"line-height: 17.0667px;\">\n<li><span style=\"font-size: small; line-height: 12.8pt; text-align: justify; font-family: verdana,sans-serif; background-color: transparent;\">Es recomana preparar menys temps del que es disposa per exposar (per si hi ha intervencions).<\/span><\/li>\n<\/ul>\n<ul>\n<li><span style=\"font-family: verdana,sans-serif; font-size: small; line-height: 12.8pt; background-color: transparent;\">Cal intentar ser flexibles i amens per tal que el p\u00fablic no s\u2019avorreixi.<\/span><\/li>\n<\/ul>\n<ul>\n<li><span style=\"line-height: 12.8pt; font-family: verdana,sans-serif; font-size: small; background-color: transparent;\">Per distribuir el temps amb l\u00f2gica i efic\u00e0cia \u00e9s recomanable assajar el discurs dies abans de la presentaci\u00f3, per saber quant es triga en exposar el tema.<\/span><\/li>\n<\/ul>\n<ul>\n<li><span style=\"line-height: 12.8pt; font-family: verdana,sans-serif; font-size: small; background-color: transparent;\">S\u2019ha de <\/span><span style=\"line-height: 12.8pt; font-family: verdana,sans-serif; font-size: small; background-color: transparent;\">distribuir el temps amb l\u00f2gica i efic\u00e0cia. <\/span><span style=\"line-height: 12.8pt; font-family: verdana,sans-serif; font-size: small; background-color: transparent;\">Les presentacions orals haurien de tenir tres temps: un inici, una part central i un final ben clars. <\/span><span style=\"line-height: 12.8pt; font-family: verdana,sans-serif; font-size: small; background-color: transparent;\">Per exemple, es pot planificar una distribuci\u00f3 com la seg\u00fcent: dedicar a la introducci\u00f3 el 10% del temps, invertir en el cos del discurs un 70% del temps disponible i preveure un 20% del temps per presentar les conclusions.<\/span><\/li>\n<\/ul>\n<\/div>\n<p style=\"line-height: 17.0667px; background-image: initial; background-color: #c0504d; background-position: initial; background-repeat: initial;\"><b><span lang=\"CA\" style=\"font-family: Verdana,sans-serif; color: white;\">Pr\u00e0ctica\u00a0<\/span><\/b><\/p>\n<div style=\"border: 1pt solid windowtext; padding: 1pt 4pt;\">\n<div style=\"line-height: 17.0667px;\"><b><u><span style=\"color: #660000; font-family: verdana, sans-serif;\">Activitat 1<\/span><\/u><\/b><\/div>\n<p><center><iframe loading=\"lazy\" title=\"YouTube video player\" src=\"https:\/\/www.youtube.com\/embed\/Hiaa9igAxVU\" width=\"480\" height=\"270\" frameborder=\"0\" allowfullscreen=\"allowfullscreen\"><\/iframe><\/center><center><\/center><\/p>\n<div style=\"line-height: 17.0667px;\"><center><iframe loading=\"lazy\" title=\"YouTube video player\" src=\"https:\/\/www.youtube.com\/embed\/mELZZj1nLs4\" width=\"480\" height=\"270\" frameborder=\"0\" allowfullscreen=\"allowfullscreen\"><\/iframe><\/center><\/div>\n<p style=\"line-height: 17.0667px; border: none; padding: 0cm;\"><span style=\"font-family: Verdana, sans-serif;\">\u00a0<\/span><\/p>\n<div style=\"line-height: 17.0667px;\"><\/div>\n<p style=\"line-height: 17.0667px; font-size: 13.3333px; border: none; padding: 0cm;\"><span lang=\"CA\" style=\"font-family: Verdana,sans-serif;\">Visualitza els v\u00eddeos dels discursos de Mariano Rajoy i de Barack Obama a l&#8217;Assemblea General de les Nacions Unides.\u00a0<\/span><\/p>\n<p style=\"line-height: 17.0667px; font-size: 13.3333px; border: none; padding: 0cm;\"><span lang=\"CA\" style=\"font-family: Verdana,sans-serif;\">\u00b7 Quant duren els discursos respectivament?<\/span><\/p>\n<p style=\"line-height: 17.0667px; font-size: 13.3333px; border: none; padding: 0cm;\"><span lang=\"CA\" style=\"font-family: Verdana,sans-serif;\">\u00b7 Ves al minut 2.40 del de Rajoy i observa qu\u00e8 fan les persones mentre ell parla.\u00a0<\/span><span style=\"font-family: Verdana,sans-serif;\">Per qu\u00e8 creus que actuen aix\u00ed?<\/span><\/p>\n<p style=\"line-height: 17.0667px; font-size: 13.3333px; border: none; padding: 0cm;\"><span style=\"font-family: Verdana,sans-serif;\">\u00b7 Compara e<\/span><span style=\"font-family: Verdana,sans-serif;\">l minut 7.10 i el 12.10 del discurs de Rajoy amb el minut\u00a0<\/span><span style=\"font-size: 11.0pt; line-height: 115%; font-family: Calibri,sans-serif;\">1:37 <\/span><span style=\"font-size: 10pt; line-height: 115%; font-family: Verdana,sans-serif;\">i el <\/span><span style=\"font-size: 11.0pt; line-height: 115%; font-family: Calibri,sans-serif;\">5:29 <\/span><span style=\"font-size: 10pt; line-height: 115%; font-family: Verdana,sans-serif;\">del d&#8217;Obama<\/span><span style=\"font-family: Verdana,sans-serif;\">. Indica les difer\u00e8ncies\u00a0que hi ha.<\/span><\/p>\n<p style=\"line-height: 17.0667px; font-size: 13.3333px; border: none; padding: 0cm;\"><span style=\"font-family: Verdana,sans-serif;\">\u00a0<\/span><\/p>\n<p style=\"line-height: 17.0667px; font-size: 13.3333px; border: none; padding: 0cm;\"><span style=\"font-size: small; text-align: justify; background-color: transparent;\"><span style=\"color: #660000; font-family: Verdana, sans-serif;\"><b><u>Activitat 2<\/u><\/b><\/span><\/span><\/p>\n<p style=\"line-height: 17.0667px; font-size: 13.3333px; border: none; padding: 0cm;\"><span style=\"font-family: verdana,sans-serif; font-size: small; text-align: justify; background-color: transparent;\">Segueix l&#8217;enlla\u00e7 i visualitza el v\u00eddeo del programa &#8220;Torres y Reyes&#8221; en qu\u00e8 Jos\u00e9 Antonio Marina fa una \u201cMasterclass\u201d de 5 minuts titulada <\/span><a style=\"font-family: verdana,sans-serif; font-size: small; text-align: justify; background-color: transparent;\" href=\"http:\/\/www.rtve.es\/alacarta\/videos\/torres-y-reyes\/masterclass-siempre-se-puede-aprender-jose-antonio-marina\/2128694\/\" target=\"_blank\" rel=\"noopener\">\u201cSiempre se puede aprender\u201d<\/a><span style=\"font-family: verdana,sans-serif; font-size: small; text-align: justify; background-color: transparent;\">.<\/span><\/p>\n<div><\/div>\n<ol>\n<li><span style=\"font-family: verdana, sans-serif;\"><span style=\"font-size: small; font-stretch: normal; line-height: normal; background-color: transparent;\">\u00a0 \u00a0 \u00a0<\/span><span style=\"font-size: small; line-height: 1.6; background-color: transparent;\">Com comen\u00e7a i com acaba el seu discurs?<\/span><\/span><\/li>\n<li><span style=\"font-family: verdana, sans-serif;\"><span style=\"font-size: small; font-stretch: normal; line-height: normal; background-color: transparent;\">\u00a0 \u00a0 \u00a0<\/span><span style=\"font-size: small; line-height: 1.6; background-color: transparent;\">Com distribueix el temps de l\u2019exposici\u00f3?<\/span><\/span><\/li>\n<li><span style=\"font-size: small; line-height: 1.6; background-color: transparent;\"><span style=\"font-family: verdana, sans-serif;\">\u00a0 \u00a0 \u00a0Com capta l\u2019atenci\u00f3 de l\u2019auditori?<\/span><\/span><\/li>\n<li><span style=\"font-family: verdana, sans-serif;\"><span style=\"font-size: small; line-height: 1.6; background-color: transparent;\">\u00a0 \u00a0 \u00a0Sap Jos\u00e9 Antonio Marina quant temps li queda en tot moment?<\/span><span style=\"font-size: small; line-height: 1.6; background-color: transparent;\">\u00a0<\/span><\/span><\/li>\n<\/ol>\n<div>\n<div style=\"display: block; text-align: center; margin-right: auto; margin-left: auto;\"><a href=\"https:\/\/www.rtve.es\/play\/videos\/torres-y-reyes\/masterclass-siempre-se-puede-aprender-jose-antonio-marina\/2128694\/\" target=\"_blank\" rel=\"noopener\"><img loading=\"lazy\" decoding=\"async\" src=\"https:\/\/docs.google.com\/a\/xtec.cat\/uc?id=0B0zHBF5nyE_QRW9HdUNZTERWU00&amp;export=download\" alt=\"http:\/\/www.rtve.es\/alacarta\/videos\/torres-y-reyes\/masterclass-siempre-se-puede-aprender-jose-antonio-marina\/2128694\/\" width=\"400\" height=\"238\" border=\"0\" \/><\/a><\/div>\n<p>&nbsp;<\/p>\n<\/div>\n<p style=\"text-align: justify;\"><span style=\"font-family: verdana, sans-serif;\"><span style=\"color: #660000; font-size: small;\"><b><u>Activitat 3<\/u><\/b><\/span><\/span><\/p>\n<p style=\"text-align: justify;\"><span style=\"font-family: verdana, sans-serif;\">Visualitza els v\u00eddeos dels discursos d\u2019Al Pacino a <i>Un d\u00eda cualquiera <\/i>i de Morgan Freeman a <i>Invictus<\/i>.<\/span><\/p>\n<div><\/div>\n<div><center><iframe loading=\"lazy\" title=\"YouTube video player\" src=\"https:\/\/www.youtube.com\/embed\/X9ct3duufA4\" width=\"480\" height=\"270\" frameborder=\"0\" allowfullscreen=\"allowfullscreen\"><\/iframe><\/center><center><\/center><center><\/center><\/div>\n<div><\/div>\n<div>\n<div><center><iframe loading=\"lazy\" title=\"YouTube video player\" src=\"https:\/\/www.youtube.com\/embed\/BhEQ4MYCMH8\" width=\"480\" height=\"270\" frameborder=\"0\" allowfullscreen=\"allowfullscreen\"><\/iframe><\/center><\/div>\n<p><span style=\"font-family: verdana, sans-serif; font-size: small;\">\u00a0<\/span><\/p>\n<\/div>\n<ol>\n<li><span style=\"font-family: verdana, sans-serif; font-size: small;\"><span style=\"font-stretch: normal; line-height: normal; background-color: transparent;\">\u00a0 \u00a0 \u00a0<\/span><span style=\"line-height: 1.6; background-color: transparent;\">Quant dura cada discurs?<\/span><\/span><\/li>\n<li><span style=\"font-family: verdana, sans-serif; font-size: small;\"><span style=\"font-stretch: normal; line-height: normal; background-color: transparent;\">\u00a0 \u00a0 \u00a0<\/span><span style=\"line-height: 1.6; background-color: transparent;\">Compara qu\u00e8 fa l\u2019auditori de cada discurs mentre els oradors parlen.<\/span><\/span><\/li>\n<li><span style=\"font-family: verdana, sans-serif; font-size: small;\"><span style=\"font-stretch: normal; line-height: normal; background-color: transparent;\">\u00a0 \u00a0 \u00a0<\/span><span style=\"line-height: 1.6; background-color: transparent;\">Com ho fan els oradors per captar l\u2019atenci\u00f3 de l\u2019auditori?<\/span><\/span><\/li>\n<li><span style=\"font-family: verdana, sans-serif; font-size: small;\"><span style=\"font-stretch: normal; line-height: normal; background-color: transparent;\">\u00a0 \u00a0 \u00a0<\/span><span style=\"line-height: 1.6; background-color: transparent;\">Creus que havien de ser m\u00e9s llargs, els discursos? Per qu\u00e8?<\/span><\/span><\/li>\n<\/ol>\n<p style=\"text-align: justify;\">\n<\/div>\n<\/div>\n<p>&nbsp;<\/p>\n<\/div>\n<\/div>\n","protected":false},"excerpt":{"rendered":"<p>[Torna a l&#8217;\u00edndex] &nbsp; Fitxa 13: Control del temps \u00a0\u00a0 Descriptor Res amb exc\u00e9s, tot amb mesura (Sol\u00f3 d&#8217;Atenes) A l\u2019hora de fer una exposici\u00f3 oral \u00e9s molt important saber el temps de qu\u00e8 disposem per tal de poder-lo tenir en compte i poder-hi adequar el nostre contingut. Hem d\u2019utilitzar el temps necessari per aconseguir [&hellip;]<\/p>\n","protected":false},"author":71,"featured_media":0,"parent":14322,"menu_order":13,"comment_status":"closed","ping_status":"closed","template":"","meta":{"_bbp_topic_count":0,"_bbp_reply_count":0,"_bbp_total_topic_count":0,"_bbp_total_reply_count":0,"_bbp_voice_count":0,"_bbp_anonymous_reply_count":0,"_bbp_topic_count_hidden":0,"_bbp_reply_count_hidden":0,"_bbp_forum_subforum_count":0,"site-sidebar-layout":"default","site-content-layout":"","ast-site-content-layout":"","site-content-style":"default","site-sidebar-style":"default","ast-global-header-display":"","ast-banner-title-visibility":"","ast-main-header-display":"","ast-hfb-above-header-display":"","ast-hfb-below-header-display":"","ast-hfb-mobile-header-display":"","site-post-title":"","ast-breadcrumbs-content":"","ast-featured-img":"","footer-sml-layout":"","theme-transparent-header-meta":"","adv-header-id-meta":"","stick-header-meta":"","header-above-stick-meta":"","header-main-stick-meta":"","header-below-stick-meta":"","astra-migrate-meta-layouts":"default","ast-page-background-enabled":"default","ast-page-background-meta":{"desktop":{"background-color":"var(--ast-global-color-4)","background-image":"","background-repeat":"repeat","background-position":"center center","background-size":"auto","background-attachment":"scroll","background-type":"","background-media":"","overlay-type":"","overlay-color":"","overlay-opacity":"","overlay-gradient":""},"tablet":{"background-color":"","background-image":"","background-repeat":"repeat","background-position":"center center","background-size":"auto","background-attachment":"scroll","background-type":"","background-media":"","overlay-type":"","overlay-color":"","overlay-opacity":"","overlay-gradient":""},"mobile":{"background-color":"","background-image":"","background-repeat":"repeat","background-position":"center center","background-size":"auto","background-attachment":"scroll","background-type":"","background-media":"","overlay-type":"","overlay-color":"","overlay-opacity":"","overlay-gradient":""}},"ast-content-background-meta":{"desktop":{"background-color":"var(--ast-global-color-5)","background-image":"","background-repeat":"repeat","background-position":"center center","background-size":"auto","background-attachment":"scroll","background-type":"","background-media":"","overlay-type":"","overlay-color":"","overlay-opacity":"","overlay-gradient":""},"tablet":{"background-color":"var(--ast-global-color-5)","background-image":"","background-repeat":"repeat","background-position":"center center","background-size":"auto","background-attachment":"scroll","background-type":"","background-media":"","overlay-type":"","overlay-color":"","overlay-opacity":"","overlay-gradient":""},"mobile":{"background-color":"var(--ast-global-color-5)","background-image":"","background-repeat":"repeat","background-position":"center center","background-size":"auto","background-attachment":"scroll","background-type":"","background-media":"","overlay-type":"","overlay-color":"","overlay-opacity":"","overlay-gradient":""}},"footnotes":""},"class_list":["post-14651","page","type-page","status-publish","hentry"],"post_mailing_queue_ids":[],"_links":{"self":[{"href":"https:\/\/serveiseducatius.xtec.cat\/altemporda\/wp-json\/wp\/v2\/pages\/14651","targetHints":{"allow":["GET"]}}],"collection":[{"href":"https:\/\/serveiseducatius.xtec.cat\/altemporda\/wp-json\/wp\/v2\/pages"}],"about":[{"href":"https:\/\/serveiseducatius.xtec.cat\/altemporda\/wp-json\/wp\/v2\/types\/page"}],"author":[{"embeddable":true,"href":"https:\/\/serveiseducatius.xtec.cat\/altemporda\/wp-json\/wp\/v2\/users\/71"}],"replies":[{"embeddable":true,"href":"https:\/\/serveiseducatius.xtec.cat\/altemporda\/wp-json\/wp\/v2\/comments?post=14651"}],"version-history":[{"count":4,"href":"https:\/\/serveiseducatius.xtec.cat\/altemporda\/wp-json\/wp\/v2\/pages\/14651\/revisions"}],"predecessor-version":[{"id":14669,"href":"https:\/\/serveiseducatius.xtec.cat\/altemporda\/wp-json\/wp\/v2\/pages\/14651\/revisions\/14669"}],"up":[{"embeddable":true,"href":"https:\/\/serveiseducatius.xtec.cat\/altemporda\/wp-json\/wp\/v2\/pages\/14322"}],"wp:attachment":[{"href":"https:\/\/serveiseducatius.xtec.cat\/altemporda\/wp-json\/wp\/v2\/media?parent=14651"}],"curies":[{"name":"wp","href":"https:\/\/api.w.org\/{rel}","templated":true}]}}