{"id":14614,"date":"2021-11-03T10:31:53","date_gmt":"2021-11-03T09:31:53","guid":{"rendered":"https:\/\/serveiseducatius.xtec.cat\/altemporda\/?page_id=14614"},"modified":"2021-11-03T10:41:45","modified_gmt":"2021-11-03T09:41:45","slug":"9-les-preguntes","status":"publish","type":"page","link":"https:\/\/serveiseducatius.xtec.cat\/altemporda\/concurs-oratoria-alt-emporda\/lart-de-parlar\/9-les-preguntes\/","title":{"rendered":"9. Les preguntes"},"content":{"rendered":"<p><span style=\"font-size: 13.6000003814697px; line-height: 17.0666656494141px;\">[<\/span><a style=\"font-size: 13.6000003814697px; line-height: 17.0666656494141px;\" href=\"https:\/\/sites.google.com\/a\/xtec.cat\/concurs-d-oratoria-juvenil-de-l-alt-emporda\/l-art-de-parlar\" target=\"_blank\" rel=\"noopener\">Torna a l&#8217;\u00edndex<\/a><span style=\"font-size: 13.6000003814697px; line-height: 17.0666656494141px;\">]<\/span><\/p>\n<div style=\"font-size: 13.6000003814697px; line-height: 17.0666656494141px;\"><\/div>\n<div style=\"font-size: 13.6000003814697px; line-height: 17.0666656494141px;\"><\/div>\n<div>\n<p>&nbsp;<\/p>\n<div style=\"font-size: 13.6000003814697px; line-height: 17.0666656494141px;\"><b style=\"line-height: 17.0666656494141px; font-size: 10pt;\"><span lang=\"CA\" style=\"font-family: Verdana,sans-serif; color: white; background-color: #990000;\">Fitxa 9: Les preguntes \u00a0\u00a0<\/span><\/b><\/div>\n<div>\n<p style=\"line-height: 17.0666656494141px; background-image: initial; background-color: #c0504d; background-repeat: initial;\"><b><span lang=\"CA\" style=\"font-family: Verdana,sans-serif; color: white;\">Descriptor<\/span><\/b><\/p>\n<div style=\"border: 1pt solid windowtext; padding: 1pt 4pt;\">\n<div>\n<div style=\"text-align: center;\"><span style=\"color: #000000;\"><b><span style=\"line-height: 22.3999996185303px;\">Entrem a l&#8217;escola amb una o dues preguntes.\u00a0Haur\u00edem\u00a0de sortir-ne amb vint-i-cinc.<\/span><\/b><\/span><\/div>\n<div><span style=\"color: #660000;\"><b><span style=\"line-height: 22.3999996185303px;\">\u00a0<\/span><\/b><\/span><\/div>\n<div style=\"text-align: justify;\"><span style=\"line-height: 22.3999996185303px;\"><span style=\"color: #660000;\"><b>El valor de les preguntes:\u00a0<\/b><\/span><\/span><span style=\"line-height: 1.6; background-color: transparent; color: #000000;\"><span style=\"line-height: 22.3999996185303px;\">Encara que pugui sorprendre a moltes persones<\/span><span style=\"line-height: 22.3999996185303px; background-color: transparent;\">, le<\/span><\/span><span style=\"background-color: transparent;\"><span style=\"line-height: 22.3999996185303px; color: #000000;\">s <\/span><span style=\"color: #252525;\"><span style=\"line-height: 22.3999996185303px;\">preguntes s\u00f3n un regal per a la majoria dels oradors. Molts oradors es van creixent especialment\u00a0durant\u00a0el col\u00b7loqui i el debat. Aquest \u00e9s el moment en qu\u00e8 l&#8217;orador d\u00f3na el millor de s\u00ed mateix. Gr\u00e0cies a les preguntes que els plantegen poden aclarir alguns punts importants de la seva pon\u00e8ncia.<\/span><\/span><\/span><\/div>\n<div style=\"text-align: justify;\"><span style=\"line-height: 22.3999996185303px; color: #252525; background-color: transparent;\">Les preguntes poden posar de manifest que alguns continguts no s&#8217;han ent\u00e8s o explicat adequadament, per\u00f2 en general el nombre de preguntes \u00e9s un bon indicador de l&#8217;inter\u00e8s que ha suscitat la xerrada.\u00a0<\/span><\/div>\n<div style=\"text-align: justify;\"><span style=\"background-color: transparent;\"><span style=\"color: #252525;\"><span style=\"line-height: 22.3999996185303px;\">Normalment es realitzen preguntes quan el tema ha arribat a &#8220;impregnar&#8221; l&#8217;audi\u00e8ncia. Un p\u00fablic poc interessat no sol aprofundir dins el tema, per la qual cosa podem considerar que com m\u00e9s preguntes ens formulen, m\u00e9s qualitat ha tingut la nostra presentaci\u00f3 i m\u00e9s\u00a0confian\u00e7a\u00a0es t\u00e9 en nosaltres.<\/span><\/span><\/span><\/div>\n<div style=\"text-align: justify;\"><span style=\"color: #252525;\"><span style=\"line-height: 22.3999996185303px;\">\u00a0<\/span><\/span><\/div>\n<div style=\"text-align: justify;\"><b style=\"line-height: 22.3999996185303px; background-color: transparent;\"><span style=\"color: #660000;\">Saber preguntar:\u00a0<\/span><\/b><span style=\"color: #252525; line-height: 22.3999996185303px; background-color: transparent;\">La participaci\u00f3 de l&#8217;audi\u00e8ncia durant les presentacions en p\u00fablic \u00e9s un dels aspectes m\u00e9s complexos, i alhora m\u00e9s atractius. Fer part\u00edcips els altres suposa implicar-los, donar-los protagonisme. \u00c9s important que les persones sentin que se les est\u00e0 tenint en compte, que les seves opinions tamb\u00e9 s\u00f3n necess\u00e0ries i importants.<\/span><\/div>\n<div style=\"text-align: justify;\"><span style=\"color: #252525;\"><span style=\"line-height: 22.3999996185303px;\">Alguns ponents experimentats, despr\u00e9s de les primeres paraules d&#8217;introducci\u00f3, ja plantegen preguntes a l&#8217;audi\u00e8ncia per con\u00e8ixer els seus interessos, coneixements, necessitats, dubtes.\u00a0<\/span><\/span><span style=\"color: #252525; line-height: 22.3999996185303px; background-color: transparent;\">Podem formular <\/span><span style=\"line-height: 22.3999996185303px; background-color: transparent;\"><span style=\"color: #660000;\"><b>preguntes ret\u00f2riques<\/b><\/span><\/span><span style=\"line-height: 22.3999996185303px; background-color: transparent;\"><span style=\"color: #252525;\"> a l&#8217;audi\u00e8ncia, de les quals no esperem realment la resposta, o <\/span><b><span style=\"color: #660000;\">preguntes directes<\/span><\/b><span style=\"color: #252525;\">, de les quals s\u00ed que esperem una resposta.<\/span><\/span><\/div>\n<div style=\"text-align: justify;\">\n<ul>\n<li><span style=\"line-height: 22.3999996185303px; color: #252525; background-color: transparent;\">Despr\u00e9s de formular una interrogaci\u00f3 hem de tenir en compte que cal esperar algun temps per obtenir la resposta. Cal donar temps per reflexionar-hi. La inexperi\u00e8ncia i els nervis ens poden dur a precipitar-nos i a respondre nosaltres mateixos.<\/span><\/li>\n<\/ul>\n<\/div>\n<div style=\"text-align: justify;\"><span style=\"color: #252525;\"><span style=\"line-height: 22.3999996185303px;\">Algunes vegades pot passar que la pregunta no s&#8217;hagi ent\u00e8s i que sigui necessari tornar-la a formular, canviar-ne alguns termes o\u00a0matisar\u00a0alguns aspectes.\u00a0<\/span><\/span><span style=\"line-height: 22.3999996185303px; color: #252525; background-color: transparent;\">Les intervencions i respostes han de ser valorades i reconegudes positivament, encara que en algun cas el contingut sembli poc pertinent o no es correspongui amb el que esper\u00e0vem.\u00a0<\/span><span style=\"line-height: 22.3999996185303px; color: #252525; background-color: transparent;\">Les preguntes dirigides al p\u00fablic no s&#8217;han d&#8217;utilitzar per posar en evid\u00e8ncia la ignor\u00e0ncia de les persones, sin\u00f3 fonamentalment per:<\/span><\/div>\n<div>\n<ul>\n<li><span style=\"line-height: 22.3999996185303px; color: #252525; background-color: transparent;\">Despertar l&#8217;inter\u00e8s.<\/span><\/li>\n<li><span style=\"line-height: 22.3999996185303px; color: #252525; background-color: transparent;\">Captar l&#8217;atenci\u00f3.<\/span><\/li>\n<li><span style=\"line-height: 22.3999996185303px; color: #252525; background-color: transparent;\">Dirigir l&#8217;atenci\u00f3 en una direcci\u00f3 concreta.<\/span><\/li>\n<li><span style=\"line-height: 22.3999996185303px; color: #252525; background-color: transparent;\">Fer reflexionar sobre algun punt.<\/span><\/li>\n<li><span style=\"line-height: 22.3999996185303px; color: #252525; background-color: transparent;\">Obtenir informaci\u00f3 sobre el grau de coneixement del tema.<\/span><\/li>\n<li><span style=\"line-height: 22.3999996185303px; color: #252525; background-color: transparent;\">Demanar alguna dada precisa.<\/span><\/li>\n<li><span style=\"line-height: 22.3999996185303px; color: #252525; background-color: transparent;\">Confirmar l&#8217;efic\u00e0cia d&#8217;una explicaci\u00f3 o argumentacions.<\/span><\/li>\n<li><span style=\"line-height: 22.3999996185303px; color: #252525; background-color: transparent;\">Fomentar la participaci\u00f3.<\/span><\/li>\n<\/ul>\n<\/div>\n<div><span style=\"line-height: 22.3999996185303px;\"><b><span style=\"color: #660000;\">Aprendre a respondre<\/span><\/b><\/span><\/div>\n<div><span style=\"color: #252525;\"><span style=\"line-height: 22.3999996185303px;\">Els assistents poden fer preguntes de forma volunt\u00e0ria durant l&#8217;exposici\u00f3 o b\u00e9 un cop finalitzi, segons s&#8217;hagi acordat a l&#8217;inici. Les preguntes no s\u00f3n una amena\u00e7a ni una manifestaci\u00f3 d&#8217;hostilitat, sin\u00f3 una aportaci\u00f3\u00a0<\/span><\/span><span style=\"color: #252525; line-height: 22.3999996185303px; background-color: transparent;\">valuosa<\/span><span style=\"color: #252525; line-height: 22.3999996185303px; background-color: transparent;\">\u00a0<\/span><span style=\"line-height: 22.3999996185303px; color: #252525; background-color: transparent;\">\u00a0a les presentacions. Poden ser una \u00a0demostraci\u00f3\u00a0<\/span><span style=\"color: #252525; line-height: 22.3999996185303px; background-color: transparent;\">evident\u00a0<\/span><span style=\"color: #252525; line-height: 22.3999996185303px; background-color: transparent;\">de l&#8217;inter\u00e8s que ha suscitat l&#8217;exposici\u00f3.<\/span><\/div>\n<div><\/div>\n<div><span style=\"line-height: 22.3999996185303px; color: #252525; background-color: transparent;\">Una pregunta formulada per una persona recull la p\u00e8rdua d&#8217;un percentatge probablement alt de l&#8217;audi\u00e8ncia que no s&#8217;ha atrevit a manifestar-se veu alta. La persona que pregunta representa d&#8217;alguna manera una part important de l&#8217;auditori que es PLANTEJA la mateixa q\u00fcesti\u00f3.<\/span><\/div>\n<div><span style=\"color: #252525;\"><span style=\"line-height: 22.3999996185303px;\">D&#8217;entrada, \u00e9s convenient donar a les preguntes que ens formulen un enfocament positiu i una interpretaci\u00f3 adequada. Puntualment poden indicar que alguns aspectes de l&#8217;exposici\u00f3 no han quedat prou clars.<\/span><\/span><\/div>\n<div><span style=\"color: #252525;\"><span style=\"line-height: 22.3999996185303px;\">\u00a0<\/span><\/span><\/div>\n<div><span style=\"color: #252525;\"><span style=\"line-height: 22.3999996185303px;\">El torn de preguntes se sol relegar en molts casos el final de la presentaci\u00f3 por raons pr\u00e0ctiques. No obstant aix\u00f2, resulta molt m\u00e9s pedag\u00f2gic oferir la possibilitat d&#8217;anar-les resolent durant l&#8217;exposici\u00f3, fet que evita que es produeixin llacunes i zones fosques, i ajuda a mantenir l&#8217;inter\u00e8s i la participaci\u00f3 de l&#8217;audi\u00e8ncia.<\/span><\/span><\/div>\n<div><span style=\"color: #252525;\"><span style=\"line-height: 22.3999996185303px;\">\u00a0<\/span><\/span><\/div>\n<div><span style=\"color: #252525;\"><span style=\"line-height: 22.3999996185303px;\">A l&#8217;hora de preparar les presentacions, conv\u00e9 anticipar les possibles preguntes, dubtes o objeccions que puguin sorgir durant la intervenci\u00f3. Per respondre-les conv\u00e9 disposar pr\u00e8viament d&#8217;informaci\u00f3 suficient, en forma de dades, definicions, exemples, que contribueixin a aclarir els punts tractats amb menor profunditat durant l&#8217;exposici\u00f3. L&#8217;estrat\u00e8gia <\/span><\/span><span style=\"color: #252525;\"><span style=\"line-height: 22.3999996185303px;\"><span style=\"font-family: verdana, sans-serif; font-size: small;\"><span style=\"background-color: transparent;\"><span style=\"color: #252525;\"><span style=\"line-height: 22.3999996185303px;\">per respondre <\/span><\/span><\/span><\/span>pot ser la seg\u00fcent:<\/span><\/span><\/div>\n<div>\n<ul>\n<li><span style=\"line-height: 22.3999996185303px; color: #252525; background-color: transparent;\">Escoltar la pregunta sense interrompre.<\/span><\/li>\n<li><span style=\"line-height: 22.3999996185303px; color: #252525; background-color: transparent;\">Escriure alguna nota si s&#8217;escau.<\/span><\/li>\n<li><span style=\"line-height: 22.3999996185303px; color: #252525; background-color: transparent;\">Prendre&#8217;s uns segons per pensar i decidir la resposta.<\/span><\/li>\n<li><span style=\"line-height: 22.3999996185303px; color: #252525; background-color: transparent;\">Respondre sense precipitaci\u00f3, amb decisi\u00f3 i claredat.<\/span><\/li>\n<\/ul>\n<\/div>\n<div><span style=\"line-height: 22.3999996185303px; color: #252525; background-color: transparent;\">Una de les opcions plantejades consisteix a reformular la pregunta. Aquesta estrat\u00e8gia ens permet:<\/span><\/div>\n<div><span style=\"color: #252525;\"><span style=\"line-height: 22.3999996185303px;\">. Assegurar-nos que la resta de l&#8217;audi\u00e8ncia escolta la pregunta.<\/span><\/span><\/div>\n<div><span style=\"color: #252525;\"><span style=\"line-height: 22.3999996185303px;\">. Confirmar que l&#8217;hem compr\u00e8s correctament.<\/span><\/span><\/div>\n<div><span style=\"color: #252525;\"><span style=\"line-height: 22.3999996185303px;\">. Aclarir-ne b\u00e9 el sentit<\/span><\/span><span style=\"color: #252525;\"><span style=\"line-height: 22.3999996185303px;\">.<br \/>\n. Donar-nos temps extra per pensar en la resposta m\u00e9s adequada.<\/span><\/span><\/div>\n<div><span style=\"color: #252525;\"><span style=\"line-height: 22.3999996185303px;\">. Modificar lleument el contingut per adequar-lo als nostres interessos.<\/span><\/span><\/div>\n<div><span style=\"color: #252525;\"><span style=\"line-height: 22.3999996185303px;\">. Suavitzar o neutralitzar la possible c\u00e0rrega negativa d&#8217;algunes paraules.<\/span><\/span><\/div>\n<div><span style=\"color: #252525;\"><span style=\"line-height: 22.3999996185303px;\">. Orientar i obrir pas a la nostra resposta.<\/span><\/span><\/div>\n<\/div>\n<div style=\"line-height: 17.0666656494141px; font-size: 13.6000003814697px;\"><\/div>\n<\/div>\n<p style=\"line-height: 17.0666656494141px; background-image: initial; background-color: #c0504d; background-repeat: initial;\"><b><span lang=\"CA\" style=\"font-family: Verdana,sans-serif; color: white;\">Idees clau<\/span><span style=\"font-family: verdana,sans-serif;\"><span style=\"color: #ffffff; font-size: xx-small;\">\u00a0<\/span><\/span><\/b><\/p>\n<div style=\"line-height: 17.0666656494141px; border: 1pt solid windowtext; padding: 1pt 4pt;\">\n<p style=\"font-size: 13.6000003814697px; line-height: 17.0666656494141px; border: none; padding: 0cm;\"><span style=\"font-family: verdana,sans-serif;\"><span style=\"line-height: 22.4px; font-size: small; background-color: transparent;\"><b><span style=\"color: #660000;\">Les preguntes:<\/span><\/b><\/span><\/span><\/p>\n<div style=\"font-size: small; line-height: 16.64px;\"><span style=\"font-family: verdana,sans-serif;\"><span style=\"line-height: 22.3999996185303px; color: #252525; background-color: transparent;\">. S\u00f3n una demostraci\u00f3 d&#8217;inter\u00e8s.<\/span><\/span><\/div>\n<div style=\"font-size: small; line-height: 16.64px;\"><span style=\"font-family: verdana,sans-serif;\"><span style=\"color: #252525;\"><span style=\"line-height: 22.3999996185303px;\">. Ens permet emfatitzar alguns aspectes.<\/span><\/span><\/span><\/div>\n<div style=\"font-size: small; line-height: 16.64px;\"><span style=\"font-family: verdana,sans-serif;\"><span style=\"color: #252525;\"><span style=\"line-height: 22.3999996185303px;\">. Fomenten la participaci\u00f3.<\/span><\/span><\/span><\/div>\n<div style=\"font-size: small; line-height: 16.64px;\"><span style=\"font-family: verdana,sans-serif;\"><span style=\"color: #252525;\"><span style=\"line-height: 22.3999996185303px;\">. Ofereixen la possibilitat d&#8217;aclarir i repetir conceptes clau.<\/span><\/span><\/span><\/div>\n<div style=\"font-size: small; line-height: 16.64px;\"><span style=\"font-family: verdana,sans-serif;\"><span style=\"color: #252525;\"><span style=\"line-height: 22.3999996185303px;\">. Contribueixen a millorar la retenci\u00f3 dels continguts.<\/span><\/span><\/span><\/div>\n<div style=\"font-size: small; line-height: 16.64px;\"><span style=\"font-family: verdana,sans-serif;\"><span style=\"color: #252525;\"><span style=\"line-height: 22.3999996185303px;\">. Aprofiten una fase activa, viva i interactiva de la presentaci\u00f3.<\/span><\/span><\/span><\/div>\n<div style=\"font-size: small; line-height: 16.64px;\"><span style=\"font-family: verdana,sans-serif;\"><span style=\"line-height: 22.3999996185303px; color: #252525; background-color: transparent;\">. En el torn de les preguntes l&#8217;audi\u00e8ncia sol prestar m\u00e9s atenci\u00f3.<\/span><span style=\"line-height: 17.0667px; font-size: 10pt; background-color: transparent;\">\u00a0<\/span><\/span><\/div>\n<div style=\"font-size: small; line-height: 16.64px;\"><span style=\"font-family: verdana,sans-serif;\"><span style=\"line-height: 17.0667px; font-size: 10pt; background-color: transparent;\">\u00a0<\/span><\/span><\/div>\n<div style=\"font-size: small; line-height: 16.64px;\">\n<div style=\"font-family: verdana,sans-serif; line-height: 13.8666658401489px;\"><span style=\"line-height: 22.3999996185303px; color: #252525; background-color: transparent;\">Fins i tot quan es coneix la resposta s&#8217;ha de mantenir la calma i reflexionar abans de respondre precipitadament. Hem de cenyir-nos tant com sigui possible a la pregunta i aclarir el dubte plantejat, evitant les evasives.<\/span><span style=\"color: #252525;\"><span style=\"line-height: 22.3999996185303px;\"> Podem seguir algunes pautes generals:<\/span><\/span><\/div>\n<div style=\"font-family: verdana,sans-serif; line-height: 13.8666658401489px;\">\n<ul>\n<li><span style=\"color: #252525; line-height: 22.3999996185303px; background-color: transparent;\">Mirar la persona que formula la pregunta.<\/span><\/li>\n<li><span style=\"line-height: 22.3999996185303px; color: #252525; background-color: transparent;\">Escoltar activament.<\/span><\/li>\n<li><span style=\"line-height: 22.3999996185303px; color: #252525; background-color: transparent;\">Assentir amb el cap.<\/span><\/li>\n<li><span style=\"line-height: 22.3999996185303px; color: #252525; background-color: transparent;\">Prendre alguna nota.<\/span><\/li>\n<li><span style=\"line-height: 22.3999996185303px; color: #252525; background-color: transparent;\">Escoltar la pregunta fins al final, sense interrompre.<\/span><\/li>\n<li><span style=\"line-height: 22.3999996185303px; color: #252525; background-color: transparent;\">Evitar les reaccions negatives, en la veu i la comunicaci\u00f3 no verbal.<\/span><\/li>\n<li><span style=\"line-height: 22.3999996185303px; color: #252525; background-color: transparent;\">Interpretar el sentit real de la pregunta.<\/span><\/li>\n<li><span style=\"line-height: 22.3999996185303px; color: #252525; background-color: transparent;\">Fer una pausa.<\/span><\/li>\n<li><span style=\"line-height: 22.3999996185303px; color: #252525; background-color: transparent;\">Reformular la pregunta si cal.<\/span><\/li>\n<li><span style=\"line-height: 22.3999996185303px; color: #252525; background-color: transparent;\">Pensar en la resposta.<\/span><\/li>\n<li><span style=\"line-height: 22.3999996185303px; color: #252525; background-color: transparent;\">Respondre de forma breu i clara la q\u00fcesti\u00f3 que se&#8217;ns planteja.<\/span><\/li>\n<li><span style=\"line-height: 22.3999996185303px; color: #252525; background-color: transparent;\">Evitar iniciar una discussi\u00f3 amb la persona que ens planteja la q\u00fcesti\u00f3.<\/span><\/li>\n<li><span style=\"line-height: 22.3999996185303px; color: #252525; background-color: transparent;\">En iniciar la resposta, concentrar-nos en la persona que formula la pregunta.<\/span><\/li>\n<li><span style=\"line-height: 22.3999996185303px; color: #252525; background-color: transparent;\">Mirar tamb\u00e9 a la resta de l&#8217;audi\u00e8ncia.<\/span><\/li>\n<li><span style=\"line-height: 22.3999996185303px; color: #252525; background-color: transparent;\">Evitar estendre&#8217;ns en una sola q\u00fcesti\u00f3.<\/span><\/li>\n<li><span style=\"line-height: 22.3999996185303px; color: #252525; background-color: transparent;\">Ajornar la resposta per a un moment posterior de la nostra exposici\u00f3.<\/span><\/li>\n<li><span style=\"line-height: 1.6; background-color: transparent; color: #252525;\"><span style=\"line-height: 22.3999996185303px;\">Si es desconeix la resposta o la dada\u00a0<\/span><\/span><span style=\"line-height: 1.6; background-color: transparent; font-family: verdana, sans-serif; font-size: small;\"><span style=\"background-color: transparent;\"><span style=\"color: #252525;\"><span style=\"line-height: 22.3999996185303px;\">exacta\u00a0<\/span><\/span><\/span><\/span><span style=\"line-height: 1.6; background-color: transparent; color: #252525;\"><span style=\"line-height: 22.3999996185303px;\">sol\u00b7licitada, manifestar-ho amb naturalitat.<\/span><\/span><\/li>\n<\/ul>\n<\/div>\n<\/div>\n<div style=\"font-family: verdana,sans-serif; font-size: small; line-height: 16.6399993896484px;\"><span style=\"font-family: Verdana,sans-serif; line-height: 17.0666656494141px; font-size: 10pt; background-color: transparent;\">\u00a0<\/span><\/div>\n<\/div>\n<p style=\"line-height: 17.0666656494141px; background-image: initial; background-color: #c0504d; background-repeat: initial;\"><b><span lang=\"CA\" style=\"font-family: Verdana,sans-serif; color: white;\">Pr\u00e0ctica<\/span><\/b><\/p>\n<div style=\"line-height: 17.0666656494141px; border: 1pt solid windowtext; padding: 1pt 4pt;\">\n<div><\/div>\n<p><span style=\"font-family: Verdana, sans-serif;\">\u00a0<\/span><\/p>\n<p><center><iframe loading=\"lazy\" title=\"YouTube video player\" src=\"https:\/\/www.youtube.com\/embed\/lzyXrkEPgdg\" width=\"470\" height=\"264\" frameborder=\"0\" allowfullscreen=\"allowfullscreen\"><\/iframe><\/center>&nbsp;<\/p>\n<p style=\"border: none; padding: 0cm;\"><span style=\"color: #660000; font-family: Verdana, sans-serif;\"><b><u>Activitat 1<\/u><\/b><\/span><\/p>\n<p style=\"border: none; padding: 0cm;\"><span lang=\"CA\" style=\"font-family: Verdana,sans-serif;\">Visualitza el discurs que fa el personatge, que interpreta George Clooney a la pel\u00b7l\u00edcula <i>Up in the Air,<\/i> i analitza&#8217;n el discurs: quin \u00e9s l&#8217;objectiu de l&#8217;orador a l&#8217;hora de formular les preguntes? Quin tipus de preguntes fa? Qu\u00e8 aconsegueix al final del seu discurs?<\/span><\/p>\n<\/div>\n<\/div>\n<\/div>\n","protected":false},"excerpt":{"rendered":"<p>[Torna a l&#8217;\u00edndex] &nbsp; Fitxa 9: Les preguntes \u00a0\u00a0 Descriptor Entrem a l&#8217;escola amb una o dues preguntes.\u00a0Haur\u00edem\u00a0de sortir-ne amb vint-i-cinc. \u00a0 El valor de les preguntes:\u00a0Encara que pugui sorprendre a moltes persones, les preguntes s\u00f3n un regal per a la majoria dels oradors. Molts oradors es van creixent especialment\u00a0durant\u00a0el col\u00b7loqui i el debat. Aquest [&hellip;]<\/p>\n","protected":false},"author":71,"featured_media":0,"parent":14322,"menu_order":9,"comment_status":"closed","ping_status":"closed","template":"","meta":{"_bbp_topic_count":0,"_bbp_reply_count":0,"_bbp_total_topic_count":0,"_bbp_total_reply_count":0,"_bbp_voice_count":0,"_bbp_anonymous_reply_count":0,"_bbp_topic_count_hidden":0,"_bbp_reply_count_hidden":0,"_bbp_forum_subforum_count":0,"site-sidebar-layout":"default","site-content-layout":"","ast-site-content-layout":"","site-content-style":"default","site-sidebar-style":"default","ast-global-header-display":"","ast-banner-title-visibility":"","ast-main-header-display":"","ast-hfb-above-header-display":"","ast-hfb-below-header-display":"","ast-hfb-mobile-header-display":"","site-post-title":"","ast-breadcrumbs-content":"","ast-featured-img":"","footer-sml-layout":"","theme-transparent-header-meta":"","adv-header-id-meta":"","stick-header-meta":"","header-above-stick-meta":"","header-main-stick-meta":"","header-below-stick-meta":"","astra-migrate-meta-layouts":"default","ast-page-background-enabled":"default","ast-page-background-meta":{"desktop":{"background-color":"var(--ast-global-color-4)","background-image":"","background-repeat":"repeat","background-position":"center center","background-size":"auto","background-attachment":"scroll","background-type":"","background-media":"","overlay-type":"","overlay-color":"","overlay-opacity":"","overlay-gradient":""},"tablet":{"background-color":"","background-image":"","background-repeat":"repeat","background-position":"center center","background-size":"auto","background-attachment":"scroll","background-type":"","background-media":"","overlay-type":"","overlay-color":"","overlay-opacity":"","overlay-gradient":""},"mobile":{"background-color":"","background-image":"","background-repeat":"repeat","background-position":"center center","background-size":"auto","background-attachment":"scroll","background-type":"","background-media":"","overlay-type":"","overlay-color":"","overlay-opacity":"","overlay-gradient":""}},"ast-content-background-meta":{"desktop":{"background-color":"var(--ast-global-color-5)","background-image":"","background-repeat":"repeat","background-position":"center center","background-size":"auto","background-attachment":"scroll","background-type":"","background-media":"","overlay-type":"","overlay-color":"","overlay-opacity":"","overlay-gradient":""},"tablet":{"background-color":"var(--ast-global-color-5)","background-image":"","background-repeat":"repeat","background-position":"center center","background-size":"auto","background-attachment":"scroll","background-type":"","background-media":"","overlay-type":"","overlay-color":"","overlay-opacity":"","overlay-gradient":""},"mobile":{"background-color":"var(--ast-global-color-5)","background-image":"","background-repeat":"repeat","background-position":"center center","background-size":"auto","background-attachment":"scroll","background-type":"","background-media":"","overlay-type":"","overlay-color":"","overlay-opacity":"","overlay-gradient":""}},"footnotes":""},"class_list":["post-14614","page","type-page","status-publish","hentry"],"post_mailing_queue_ids":[],"_links":{"self":[{"href":"https:\/\/serveiseducatius.xtec.cat\/altemporda\/wp-json\/wp\/v2\/pages\/14614","targetHints":{"allow":["GET"]}}],"collection":[{"href":"https:\/\/serveiseducatius.xtec.cat\/altemporda\/wp-json\/wp\/v2\/pages"}],"about":[{"href":"https:\/\/serveiseducatius.xtec.cat\/altemporda\/wp-json\/wp\/v2\/types\/page"}],"author":[{"embeddable":true,"href":"https:\/\/serveiseducatius.xtec.cat\/altemporda\/wp-json\/wp\/v2\/users\/71"}],"replies":[{"embeddable":true,"href":"https:\/\/serveiseducatius.xtec.cat\/altemporda\/wp-json\/wp\/v2\/comments?post=14614"}],"version-history":[{"count":3,"href":"https:\/\/serveiseducatius.xtec.cat\/altemporda\/wp-json\/wp\/v2\/pages\/14614\/revisions"}],"predecessor-version":[{"id":14622,"href":"https:\/\/serveiseducatius.xtec.cat\/altemporda\/wp-json\/wp\/v2\/pages\/14614\/revisions\/14622"}],"up":[{"embeddable":true,"href":"https:\/\/serveiseducatius.xtec.cat\/altemporda\/wp-json\/wp\/v2\/pages\/14322"}],"wp:attachment":[{"href":"https:\/\/serveiseducatius.xtec.cat\/altemporda\/wp-json\/wp\/v2\/media?parent=14614"}],"curies":[{"name":"wp","href":"https:\/\/api.w.org\/{rel}","templated":true}]}}