{"id":14561,"date":"2021-11-03T09:22:32","date_gmt":"2021-11-03T08:22:32","guid":{"rendered":"https:\/\/serveiseducatius.xtec.cat\/altemporda\/?page_id=14561"},"modified":"2021-11-03T09:35:29","modified_gmt":"2021-11-03T08:35:29","slug":"3-les-emocions","status":"publish","type":"page","link":"https:\/\/serveiseducatius.xtec.cat\/altemporda\/concurs-oratoria-alt-emporda\/lart-de-parlar\/3-les-emocions\/","title":{"rendered":"3. Les emocions"},"content":{"rendered":"<p><span style=\"font-size: 13.6000003814697px; line-height: 17.0666656494141px;\">[<\/span><a style=\"font-size: 13.6000003814697px; line-height: 17.0666656494141px;\" href=\"https:\/\/sites.google.com\/a\/xtec.cat\/concurs-d-oratoria-juvenil-de-l-alt-emporda\/l-art-de-parlar\" target=\"_blank\" rel=\"noopener\">Torna a l&#8217;\u00edndex<\/a><span style=\"font-size: 13.6000003814697px; line-height: 17.0666656494141px;\">]<\/span><\/p>\n<div><b style=\"line-height: 17.0666656494141px; font-size: 10pt;\"><span lang=\"CA\" style=\"font-family: Verdana,sans-serif; color: white; background-color: #990000;\">Fitxa 3: Les emocions\u00a0 \u00a0<\/span><\/b><\/div>\n<div>\n<div style=\"line-height: 17.0666656494141px;\">\n<p style=\"background: #c0504d;\"><b><span lang=\"CA\" style=\"font-family: Verdana,sans-serif; color: white;\">Descriptor<\/span><\/b><\/p>\n<div style=\"border: solid windowtext 1.0pt; padding: 1.0pt 4.0pt 1.0pt 4.0pt;\">\n<div style=\"line-height: 17.0666656494141px;\">\n<div style=\"text-align: center;\"><span style=\"color: #000000;\"><br \/>\n<span style=\"font-family: verdana,sans-serif;\"><b><b>Importa molt m\u00e9s el que tu penses de tu mateix que all\u00f2 que els altres opinin de tu.<br \/>\n<\/b><\/b><\/span><span style=\"font-family: verdana,sans-serif;\">(S\u00e8neca)<\/span><br \/>\n<\/span><\/div>\n<p style=\"font-size: 13.6px; line-height: 17.0667px; padding: 0cm; text-align: justify;\"><span style=\"font-family: verdana, sans-serif; font-size: small;\">Quan parlem projectem amb la veu \u00a0les nostres emocions i aquestes emocions generen algun tipus de reacci\u00f3 en els altres. Si l&#8217;orador transmet por o inseguretat no pot generar confian\u00e7a o credibilitat en els oients.\u00a0<\/span><\/p>\n<div style=\"font-size: 13.6px; line-height: 17.0667px; text-align: justify;\"><span style=\"font-family: verdana,sans-serif; font-size: small; line-height: 17.0666656494141px; background-color: transparent;\">La por a parlar en p\u00fablic \u00e9s el gran obstacle que ha de superar l&#8217;orador. La por a cometre un error, a quedar-se en blanc enmig del discurs, que les seves idees no siguin ben acceptades per l&#8217;auditori, a mostrar les seves mancances i l\u00edmits, a perdre el control&#8230;<\/span><\/div>\n<div style=\"font-size: 13.6px; line-height: 17.0667px; text-align: justify;\"><span style=\"font-family: verdana, sans-serif; font-size: small;\">\u00a0<\/span><\/div>\n<div style=\"font-size: 13.6px; line-height: 17.0667px; text-align: justify;\"><span style=\"font-family: verdana, sans-serif; font-size: small;\">No hi ha una soluci\u00f3 m\u00e0gica per evitar els nervis. Fins i tot els oradors m\u00e9s experts pateixen nervis, per\u00f2 els assumeixen com de manera natural. Els oients no han de ser conscients dels neguits i les pors de qui \u00a0exposa. \u00a0Del que es tracta \u00e9s que els dissimuli i manipuli per tal que actu\u00efn a favor seu, i no en contra.<\/span><\/div>\n<div style=\"font-size: 13.6px; line-height: 17.0667px; text-align: justify;\"><span style=\"font-family: verdana, sans-serif; font-size: small;\">\u00a0<\/span><\/div>\n<div style=\"font-size: 13.6px; line-height: 17.0667px; text-align: justify;\"><span style=\"font-family: verdana, sans-serif; font-size: small;\">Normalment, al principi del discurs, l&#8217;orador sol estar m\u00e9s nervi\u00f3s que al final: la intensitat disminueix raonablement a mesura que avan\u00e7a l&#8217;exposici\u00f3.<\/span><\/div>\n<div style=\"font-size: 13.6px; line-height: 17.0667px; text-align: justify;\"><span style=\"font-family: verdana, sans-serif; font-size: small;\">\u00a0<\/span><\/div>\n<div style=\"font-size: 13.6px; line-height: 17.0667px; text-align: justify;\"><span style=\"font-family: verdana, sans-serif; font-size: small;\">Els nervis provoquen efectes fisiol\u00f2gics, com l&#8217;augment del ritme card\u00edac, alteraci\u00f3 en la respiraci\u00f3, tremolors, sequedat de gola, suor, vermellor a la cara, moviments compulsius (rascar-se el nas o alguna altra part del cos, fer cops amb un bol\u00edgraf o objecte que es tingui a m\u00e0, manipular cont\u00ednuament els apunts o esborranys&#8230;), por al contacte visual amb l&#8217;auditori&#8230;<\/span><\/div>\n<div style=\"font-size: 13.6px; line-height: 17.0667px; text-align: justify;\"><span style=\"font-family: verdana, sans-serif; font-size: small;\">\u00a0<\/span><\/div>\n<div style=\"font-size: 13.6px; line-height: 17.0667px; text-align: justify;\">\n<p><span style=\"font-family: verdana, sans-serif; font-size: small;\">Si l&#8217;orador aconsegueix que el seu auditori experimenti emocions positives facilitar\u00e0 la descodificaci\u00f3\/acceptaci\u00f3 del seu missatge. Aquestes emocions positives les transmet, en bona part, a partir de la veu, la cara i els gestos.<\/span><\/p>\n<\/div>\n<\/div>\n<\/div>\n<p style=\"background: #c0504d;\"><b><span lang=\"CA\" style=\"font-family: Verdana,sans-serif; color: white;\">Idees clau<\/span><span lang=\"CA\" style=\"font-family: Verdana,sans-serif;\"><span style=\"color: #ffffff; font-size: xx-small;\">\u00a0<\/span><\/span><\/b><\/p>\n<div style=\"border: solid windowtext 1.0pt; padding: 1.0pt 4.0pt 1.0pt 4.0pt;\">\n<p style=\"padding: 0cm;\"><span style=\"font-size: small;\"><span style=\"font-family: verdana,sans-serif;\"><span style=\"line-height: 17.0667px; background-color: transparent;\">L&#8217;orador ha d&#8217;acceptar que est\u00e0 nervi\u00f3s i procurar controlar aquests nervis per a extreure&#8217;n el m\u00e0xim profit. \u00a0Si l&#8217;orador \u00e9s capa\u00e7 de controlar els nervis, augmentar\u00e0 la seva adrenalina (hormona segregada per les gl\u00e0ndules suprarenals) i aix\u00f2 far\u00e0 que la seva ment actu\u00ef m\u00e9s efica\u00e7ment i \u00e0gil.\u00a0<\/span><\/span><\/span><\/p>\n<div style=\"line-height: 17.0667px;\"><span style=\"font-size: small;\"><span style=\"font-family: verdana,sans-serif;\"><span style=\"line-height: 17.0667px; background-color: transparent;\">Per v\u00e8ncer els nervis o controlar-los, la millor arma \u00e9s portar el discurs molt ben estructurat i preparat: tenir molt clar qu\u00e8 es vol dir i com es vol dir. Si l&#8217;orador sap que all\u00f2 que vol comunicar \u00e9s interessant estar\u00e0 m\u00e9s tranquil i confiat, i menys nervi\u00f3s. Assajar pr\u00e8viament li donar\u00e0 molta seguretat.\u00a0<\/span><\/span><\/span><\/div>\n<div><\/div>\n<div style=\"line-height: 17.0667px;\">\n<p><span style=\"font-size: small;\"><span style=\"font-family: verdana,sans-serif;\"><b><span style=\"color: #660000;\">1. Alguns trucs per controlar el nerviosisme:<\/span><\/b><\/span><\/span><\/p>\n<ul>\n<li><span style=\"font-family: verdana, sans-serif; font-size: small;\">Els nervis disminueixen si l&#8217;orador es mou.<\/span><\/li>\n<li><span style=\"font-family: verdana, sans-serif; font-size: small;\">Si falla la veu, cal aclarir la gola i beure aigua.\u00a0<\/span><\/li>\n<li><span style=\"font-size: small;\"><span style=\"font-family: verdana,sans-serif;\">Abans de comen\u00e7ar cal respirar lentament i profundament. <\/span><\/span><\/li>\n<li><span style=\"font-size: small;\"><span style=\"font-family: verdana,sans-serif;\">Arribar amb temps al lloc del discurs, rec\u00f3rrer l&#8217;escenari, con\u00e8ixer el p\u00fablic&#8230; d\u00f3na seguretat.<\/span><\/span><\/li>\n<li><span style=\"font-size: small;\"><span style=\"font-family: verdana,sans-serif;\">La por disminueix un cop comen\u00e7at el discurs. Establir contacte visual com l&#8217;auditori i \u00a0buscar la complicitat dels oients donar\u00e0 m\u00e9s confian\u00e7a a l&#8217;orador.<\/span><\/span><\/li>\n<li><span style=\"font-size: small;\"><span style=\"font-family: verdana,sans-serif;\">El principi i el final del discurs s\u00f3n b\u00e0sics per a l&#8217;\u00e8xit de l&#8217;exposici\u00f3. Cal dur-los, doncs, molt treballats a l&#8217;esdeveniment.\u00a0<\/span><\/span><\/li>\n<li><span style=\"font-size: small;\"><span style=\"font-family: verdana,sans-serif;\">Adoptar una postura c\u00f2moda i utilitzar roba c\u00f2moda que no dificulti la respiraci\u00f3.\u00a0<\/span><\/span><\/li>\n<\/ul>\n<\/div>\n<div style=\"line-height: 17.0667px;\">\n<p><span style=\"font-size: small;\"><span style=\"font-family: verdana,sans-serif;\"><b style=\"line-height: 17.0667px; background-color: transparent;\"><span style=\"color: #660000;\">2. Qu\u00e8 no s&#8217;ha de fer<\/span><\/b><\/span><\/span><\/p>\n<p><span style=\"font-family: verdana, sans-serif; font-size: small;\">&#8211; Prendre algun tranquil\u00b7litzant per ajudar-nos a reduir les nervis, perqu\u00e8 tamb\u00e9 redueix la capacitat de reacci\u00f3 i interacci\u00f3 amb el p\u00fablic.\u00a0<\/span><\/p>\n<\/div>\n<div style=\"line-height: 17.0667px;\"><span style=\"font-size: small;\"><span style=\"font-family: verdana,sans-serif;\"><b><span style=\"color: #660000;\">3. I si, malgrat tot, l&#8217;orador perd el fil?<\/span><\/b><\/span><\/span><\/div>\n<div style=\"line-height: 17.0667px;\"><span style=\"font-size: small;\"><span style=\"font-family: verdana,sans-serif;\">&#8211; En cas que l&#8217;orador es quedi en blanc, cal que ho reconegui sense demanar disculpes ni oferir explicacions.<\/span><\/span><\/div>\n<div style=\"line-height: 17.0667px;\"><span style=\"font-size: small;\"><span style=\"font-family: verdana,sans-serif;\">&#8211; Repetir la darrera frase pronunciada el pot ajudar a recuperar el fil del discurs.<\/span><\/span><\/div>\n<div style=\"font-size: 13.6000003814697px; line-height: 17.0666656494141px;\"><span style=\"font-family: verdana,sans-serif;\"><span style=\"font-size: small;\">&#8211; Fer un resum d&#8217;all\u00f2 que s&#8217;ha dit amb anterioritat, saltar-se la part incompleta o fer una pregunta ret\u00f2rica poden ajudar a recuperar el control de la situaci\u00f3.<br \/>\n<\/span><\/span><\/div>\n<div><\/div>\n<\/div>\n<p>&nbsp;<\/p>\n<p style=\"background: #c0504d;\"><span style=\"font-family: verdana,sans-serif;\"><b><span lang=\"CA\" style=\"color: white;\">Pr\u00e0ctica<\/span><\/b><\/span><\/p>\n<div style=\"border: solid windowtext 1.0pt; padding: 1.0pt 4.0pt 1.0pt 4.0pt;\">\n<p style=\"padding: 0cm;\"><span style=\"font-size: 14.3999996185303px; line-height: 17.0666656494141px; background-color: transparent;\">Observeu aquests discursos de M\u00f2nica Terribas i Pep Guardiola en l&#8217;acte de lliurament de la Medalla d&#8217;Or del Parlament de Catalunya a aquest darrer (setembre de 2011).<br \/>\n<\/span><\/p>\n<p style=\"padding: 0cm;\"><span style=\"font-size: 14.3999996185303px; line-height: 17.0666656494141px; background-color: transparent;\">Poseu atenci\u00f3 a les emocions que transmeten i a aquelles que intenten controlar:<br \/>\n<\/span><\/p>\n<p><center><iframe loading=\"lazy\" title=\"YouTube video player\" src=\"https:\/\/www.youtube.com\/embed\/r5SzymJwePA\" width=\"560\" height=\"315\" frameborder=\"0\" allowfullscreen=\"allowfullscreen\"><\/iframe><\/center>&nbsp;<\/p>\n<p style=\"text-align: center;\"><a style=\"font-family: verdana, sans-serif; font-size: small; text-align: center;\" href=\"https:\/\/www.youtube.com\/watch?v=r5SzymJwePA&amp;x-yt-ts=1422579428&amp;x-yt-cl=85114404\">https:\/\/www.youtube.com\/watch?v=r5SzymJwePA&amp;x-yt-ts=1422579428&amp;x-yt-cl=85114404<\/a><\/p>\n<p>&nbsp;<\/p>\n<div style=\"text-align: center;\">\n<p><a href=\"https:\/\/www.youtube.com\/watch?v=omwjRek0-ms&amp;x-yt-cl=85114404&amp;x-yt-ts=1422579428\"><span style=\"font-size: small;\"><span style=\"font-family: verdana,sans-serif;\">https:\/\/www.youtube.com\/watch?v=omwjRek0-ms&amp;x-yt-cl=85114404&amp;x-yt-ts=1422579428 (no est\u00e0 disponible v\u00eddeo Pep Guardiola)<\/span><\/span><\/a><\/p>\n<p style=\"font-size: 13.3333330154419px; line-height: 17.0666656494141px; text-align: left; padding: 0cm;\"><u><b><span style=\"color: #660000;\"><span lang=\"CA\" style=\"font-family: Verdana,sans-serif;\">Activitat 1<\/span><\/span><\/b><\/u><\/p>\n<p style=\"font-size: 13.3333330154419px; line-height: 17.0666656494141px; text-align: left; padding: 0cm;\"><span style=\"font-size: small;\"><span style=\"font-family: verdana,sans-serif;\"><span style=\"line-height: 17.0667px; background-color: transparent;\">Analitza el darrer minut del discurs de M\u00f2nica Terribas i observa com intenta contenir les emocions.<\/span><\/span><\/span><\/p>\n<p style=\"font-size: 13.3333330154419px; line-height: 17.0666656494141px; text-align: left; padding: 0cm;\"><span style=\"font-size: small;\"><span style=\"font-family: verdana,sans-serif;\"><br \/>\n<b><span style=\"color: #660000;\">\u00a0<\/span><\/b><u><b><span style=\"color: #660000;\">Activitat 2<br \/>\n<\/span><\/b><\/u><\/span><\/span><\/p>\n<p style=\"font-size: 13.3333330154419px; line-height: 17.0666656494141px; text-align: left; padding: 0cm;\"><span style=\"font-size: small;\"><span style=\"font-family: verdana,sans-serif;\"><span style=\"line-height: 17.0667px; background-color: transparent;\">Analitza el primer minut del \u00a0discurs de Pep Guardiola. Fixa&#8217;t com intenta contenir els nervis i com es prepara per a comen\u00e7ar \u00a0el seu discurs.<\/span><\/span><\/span><\/p>\n<p style=\"font-size: 13.3333330154419px; line-height: 17.0666656494141px; text-align: left; padding: 0cm;\"><span style=\"font-size: 13.3333330154419px; line-height: 17.0666656494141px; text-align: left;\">\u00a0<\/span><span style=\"line-height: 17.0666656494141px; text-align: left; font-size: small;\"><span style=\"font-family: verdana,sans-serif;\"><u><b><span style=\"color: #660000;\">Activitat 3<\/span><\/b><\/u><\/span><\/span><\/p>\n<p style=\"font-size: 13.3333330154419px; line-height: 17.0666656494141px; text-align: left; padding: 0cm;\"><span style=\"line-height: 17.0666656494141px; text-align: left; font-size: small;\"><span style=\"font-family: verdana,sans-serif;\">A l&#8217;<i>After Work<\/i>\u00a0d&#8217;Antoni Bassas (22\/09\/14) hi veur\u00e0s un esportista americ\u00e0 fent un petit discurs despr\u00e9s d&#8217;un partit. Fixa&#8217;t en les emocions que et transmet i en les que et provoca.<\/span><\/span><\/p>\n<\/div>\n<div style=\"text-align: center;\"><\/div>\n<div style=\"text-align: center;\">\n<div style=\"display: block; text-align: center; margin-right: auto; margin-left: auto;\"><a href=\"http:\/\/www.ara.cat\/videos\/especials\/After-Work-Dill_3_1216708333.html\" target=\"_blank\" rel=\"noopener\"><img loading=\"lazy\" decoding=\"async\" src=\"https:\/\/docs.google.com\/a\/xtec.cat\/uc?id=0B0zHBF5nyE_QSzU5R0NEZndFTGM&amp;export=download\" alt=\"http:\/\/www.ara.cat\/videos\/especials\/After-Work-Dill_3_1216708333.html\" width=\"400\" height=\"252\" border=\"0\" \/><\/a><\/div>\n<p>&nbsp;<\/p>\n<div style=\"font-size: 13.3333330154419px; line-height: 17.0666656494141px;\"><span style=\"color: #ff9900; font-size: small;\"><span style=\"font-family: verdana,sans-serif;\"><a style=\"color: #ff9900;\" href=\"http:\/\/www.ara.cat\/arabassas\/After-Work-Dill_3_1216708333.html\">http:\/\/www.ara.cat\/arabassas\/After-Work-Dill_3_1216708333.html (NO FUNCIONA)<\/a><\/span><\/span><\/div>\n<div><span style=\"color: #ff9900; font-size: small;\">\u00a0<\/span><\/div>\n<\/div>\n<div style=\"text-align: center;\"><\/div>\n<\/div>\n<p style=\"background: #c0504d;\">\n<\/div>\n<\/div>\n","protected":false},"excerpt":{"rendered":"<p>[Torna a l&#8217;\u00edndex] Fitxa 3: Les emocions\u00a0 \u00a0 Descriptor Importa molt m\u00e9s el que tu penses de tu mateix que all\u00f2 que els altres opinin de tu. (S\u00e8neca) Quan parlem projectem amb la veu \u00a0les nostres emocions i aquestes emocions generen algun tipus de reacci\u00f3 en els altres. Si l&#8217;orador transmet por o inseguretat no [&hellip;]<\/p>\n","protected":false},"author":71,"featured_media":0,"parent":14322,"menu_order":3,"comment_status":"closed","ping_status":"closed","template":"","meta":{"_bbp_topic_count":0,"_bbp_reply_count":0,"_bbp_total_topic_count":0,"_bbp_total_reply_count":0,"_bbp_voice_count":0,"_bbp_anonymous_reply_count":0,"_bbp_topic_count_hidden":0,"_bbp_reply_count_hidden":0,"_bbp_forum_subforum_count":0,"site-sidebar-layout":"default","site-content-layout":"","ast-site-content-layout":"","site-content-style":"default","site-sidebar-style":"default","ast-global-header-display":"","ast-banner-title-visibility":"","ast-main-header-display":"","ast-hfb-above-header-display":"","ast-hfb-below-header-display":"","ast-hfb-mobile-header-display":"","site-post-title":"","ast-breadcrumbs-content":"","ast-featured-img":"","footer-sml-layout":"","theme-transparent-header-meta":"","adv-header-id-meta":"","stick-header-meta":"","header-above-stick-meta":"","header-main-stick-meta":"","header-below-stick-meta":"","astra-migrate-meta-layouts":"default","ast-page-background-enabled":"default","ast-page-background-meta":{"desktop":{"background-color":"var(--ast-global-color-4)","background-image":"","background-repeat":"repeat","background-position":"center center","background-size":"auto","background-attachment":"scroll","background-type":"","background-media":"","overlay-type":"","overlay-color":"","overlay-opacity":"","overlay-gradient":""},"tablet":{"background-color":"","background-image":"","background-repeat":"repeat","background-position":"center center","background-size":"auto","background-attachment":"scroll","background-type":"","background-media":"","overlay-type":"","overlay-color":"","overlay-opacity":"","overlay-gradient":""},"mobile":{"background-color":"","background-image":"","background-repeat":"repeat","background-position":"center center","background-size":"auto","background-attachment":"scroll","background-type":"","background-media":"","overlay-type":"","overlay-color":"","overlay-opacity":"","overlay-gradient":""}},"ast-content-background-meta":{"desktop":{"background-color":"var(--ast-global-color-5)","background-image":"","background-repeat":"repeat","background-position":"center center","background-size":"auto","background-attachment":"scroll","background-type":"","background-media":"","overlay-type":"","overlay-color":"","overlay-opacity":"","overlay-gradient":""},"tablet":{"background-color":"var(--ast-global-color-5)","background-image":"","background-repeat":"repeat","background-position":"center center","background-size":"auto","background-attachment":"scroll","background-type":"","background-media":"","overlay-type":"","overlay-color":"","overlay-opacity":"","overlay-gradient":""},"mobile":{"background-color":"var(--ast-global-color-5)","background-image":"","background-repeat":"repeat","background-position":"center center","background-size":"auto","background-attachment":"scroll","background-type":"","background-media":"","overlay-type":"","overlay-color":"","overlay-opacity":"","overlay-gradient":""}},"footnotes":""},"class_list":["post-14561","page","type-page","status-publish","hentry"],"post_mailing_queue_ids":[],"_links":{"self":[{"href":"https:\/\/serveiseducatius.xtec.cat\/altemporda\/wp-json\/wp\/v2\/pages\/14561","targetHints":{"allow":["GET"]}}],"collection":[{"href":"https:\/\/serveiseducatius.xtec.cat\/altemporda\/wp-json\/wp\/v2\/pages"}],"about":[{"href":"https:\/\/serveiseducatius.xtec.cat\/altemporda\/wp-json\/wp\/v2\/types\/page"}],"author":[{"embeddable":true,"href":"https:\/\/serveiseducatius.xtec.cat\/altemporda\/wp-json\/wp\/v2\/users\/71"}],"replies":[{"embeddable":true,"href":"https:\/\/serveiseducatius.xtec.cat\/altemporda\/wp-json\/wp\/v2\/comments?post=14561"}],"version-history":[{"count":3,"href":"https:\/\/serveiseducatius.xtec.cat\/altemporda\/wp-json\/wp\/v2\/pages\/14561\/revisions"}],"predecessor-version":[{"id":14568,"href":"https:\/\/serveiseducatius.xtec.cat\/altemporda\/wp-json\/wp\/v2\/pages\/14561\/revisions\/14568"}],"up":[{"embeddable":true,"href":"https:\/\/serveiseducatius.xtec.cat\/altemporda\/wp-json\/wp\/v2\/pages\/14322"}],"wp:attachment":[{"href":"https:\/\/serveiseducatius.xtec.cat\/altemporda\/wp-json\/wp\/v2\/media?parent=14561"}],"curies":[{"name":"wp","href":"https:\/\/api.w.org\/{rel}","templated":true}]}}