{"id":14423,"date":"2021-10-28T12:43:05","date_gmt":"2021-10-28T10:43:05","guid":{"rendered":"https:\/\/serveiseducatius.xtec.cat\/altemporda\/?page_id=14423"},"modified":"2021-10-28T12:57:37","modified_gmt":"2021-10-28T10:57:37","slug":"manuals-parlar-en-public","status":"publish","type":"page","link":"https:\/\/serveiseducatius.xtec.cat\/altemporda\/concurs-oratoria-alt-emporda\/recursos-educatius\/manuals-parlar-en-public\/","title":{"rendered":"Manuals. Parlar en p\u00fablic"},"content":{"rendered":"<h3 id=\"sites-page-title-header\" align=\"left\"><span id=\"sites-page-title\" dir=\"ltr\" tabindex=\"-1\">Parlar en p\u00fablic. Manuals<\/span><\/h3>\n<div id=\"sites-canvas-main\" class=\"sites-canvas-main\">\n<div id=\"sites-canvas-main-content\">\n<div dir=\"ltr\">\n<div><span style=\"color: #660000; font-family: verdana, sans-serif; font-size: small;\"><b>En aquest espai hi trobareu els seg\u00fcents manuals<\/b>:<\/span><\/div>\n<div><span style=\"font-family: verdana, sans-serif; font-size: small;\"><b>1)<\/b> <b>Jorge Tom\u00e1s Carrera.<\/b> <i>Manual de l&#8217;orador. Consells introductoris per al debat<\/i><\/span><\/div>\n<div><span style=\"font-family: verdana, sans-serif; font-size: small;\"><b>2) <\/b><i>T\u00e8cniques de comunicaci\u00f3 i presentaci\u00f3 en p\u00fablic<\/i>. Diputaci\u00f3 de Barcelona<\/span><\/div>\n<div><span style=\"font-family: verdana, sans-serif; font-size: small;\"><b>3)<\/b>\u00a0<i>50 consells pr\u00e0ctiques per fer exposicions orals\u00a0<\/i><\/span><span style=\"font-family: verdana, sans-serif; font-size: small;\"><i>eficaces<\/i>. UPC<\/span><\/div>\n<div><span style=\"font-family: verdana, sans-serif; font-size: small;\"><strong>4)<\/strong> <b>Juli\u00e0 Crosas Masnou (2013)<\/b>\u00a0<i>El cos diu el que la ment sent<\/i>. Premi de recerca UdG.\u00a0Exemple de treball de recerca 2n BATX.<\/span><\/div>\n<div>\n<hr \/>\n<p style=\"text-align: left;\"><strong>1.<\/strong><\/p>\n<\/div>\n<div class=\"sites-embed-align-center-wrapping-off\" style=\"text-align: center;\">\n<div class=\"sites-embed-border-on sites-embed\">\n<div class=\"sites-embed-content sites-embed-type-ggs-gadget\">\n<div><iframe loading=\"lazy\" id=\"1373200300\" class=\"igm\" title=\"Include gadget (iframe)\" src=\"https:\/\/tal2tot4uenli8d3lphbjvrrl237cfes-a-sites-opensocial.googleusercontent.com\/gadgets\/ifr?url=http:\/\/hosting.gmodules.com\/ig\/gadgets\/file\/106581606564100174314\/iframe.xml&amp;container=enterprise&amp;view=default&amp;lang=ca&amp;country=ALL&amp;sanitize=0&amp;v=ceb84f2924763878&amp;libs=core:dynamic-height&amp;mid=181&amp;parent=https:\/\/sites.google.com\/a\/xtec.cat\/concurs-d-oratoria-juvenil-de-l-alt-emporda\/recursos\/manuals#up_scroll=auto&amp;up_iframeURL=https:\/\/docs.google.com\/a\/xtec.cat\/file\/d\/0B0zHBF5nyE_QWm9QN3psRHZNLXN1eno2UVhrOHI0QUNFRVpJ\/preview&amp;st=e%3DAIHE3cDfPLusJwezb5ckzkFjTgLoWlAEXcRZLUf78O4xxXmE8fzgmPgRI2memfEBcD2EQmAVyMpO7K8h%252FGYRqJ6%252BE2ALRTdmPVQk0YpNj7BhGarvIvsQXSe2DAxAvlfSMnxqyGyygBmm%26c%3Denterprise&amp;rpctoken=-3322197616864043456\" name=\"1373200300\" width=\"700\" height=\"600\" frameborder=\"0\" scrolling=\"no\" data-mce-fragment=\"1\"><\/iframe><\/div>\n<\/div>\n<\/div>\n<\/div>\n<p style=\"text-align: center;\">\n<\/div>\n<div dir=\"ltr\" style=\"text-align: left;\">\n<hr \/>\n<p><span style=\"color: #000000;\"><b>2.<\/b><\/span><\/p>\n<\/div>\n<div dir=\"ltr\" style=\"text-align: center;\"><\/div>\n<div dir=\"ltr\">\n<div style=\"text-align: center;\">\n<div class=\"sites-embed-align-center-wrapping-off\">\n<div class=\"sites-embed-border-on sites-embed\">\n<div class=\"sites-embed-content sites-embed-type-ggs-gadget\">\n<div><iframe loading=\"lazy\" id=\"1909735467\" class=\"igm\" title=\"Include gadget (iframe)\" src=\"https:\/\/tal2tot4uenli8d3lphbjvrrl237cfes-a-sites-opensocial.googleusercontent.com\/gadgets\/ifr?url=http:\/\/hosting.gmodules.com\/ig\/gadgets\/file\/106581606564100174314\/iframe.xml&amp;container=enterprise&amp;view=default&amp;lang=ca&amp;country=ALL&amp;sanitize=0&amp;v=ceb84f2924763878&amp;libs=core:dynamic-height&amp;mid=202&amp;parent=https:\/\/sites.google.com\/a\/xtec.cat\/concurs-d-oratoria-juvenil-de-l-alt-emporda\/recursos\/manuals#up_scroll=auto&amp;up_iframeURL=https:\/\/docs.google.com\/a\/xtec.cat\/file\/d\/0B0zHBF5nyE_QcEVjRGp0X0ZqaEU\/preview&amp;st=e%3DAIHE3cBY9r0b%252F%252FiFMI5wOXUBJqWHhXUJYMWqCtFdwJN3TElrJqXVz%252BSEgTWU%252F%252F4iDNE7O6N1rGlFsGoPUiz3RO6o3qQfpk7avH9ch4nIgL%252FOLNmbCjdD41PKBBIayOT5yRyvJFlm3r7h%26c%3Denterprise&amp;rpctoken=-4271431252093030084\" name=\"1909735467\" width=\"700\" height=\"600\" frameborder=\"0\" scrolling=\"no\" data-mce-fragment=\"1\"><\/iframe><\/div>\n<\/div>\n<\/div>\n<\/div>\n<\/div>\n<div style=\"text-align: center;\"><\/div>\n<div style=\"text-align: center;\"><\/div>\n<div style=\"text-align: left;\">\n<hr \/>\n<p><span style=\"color: #000000;\"><b>3.<\/b><\/span><\/p>\n<\/div>\n<div style=\"text-align: center;\"><\/div>\n<div style=\"text-align: center;\">\n<div class=\"sites-embed-align-center-wrapping-off\">\n<div class=\"sites-embed-border-on sites-embed\">\n<div class=\"sites-embed-content sites-embed-type-ggs-gadget\">\n<div><iframe loading=\"lazy\" id=\"92549525\" class=\"igm\" title=\"Include gadget (iframe)\" src=\"https:\/\/tal2tot4uenli8d3lphbjvrrl237cfes-a-sites-opensocial.googleusercontent.com\/gadgets\/ifr?url=http:\/\/hosting.gmodules.com\/ig\/gadgets\/file\/106581606564100174314\/iframe.xml&amp;container=enterprise&amp;view=default&amp;lang=ca&amp;country=ALL&amp;sanitize=0&amp;v=ceb84f2924763878&amp;libs=core:dynamic-height&amp;mid=177&amp;parent=https:\/\/sites.google.com\/a\/xtec.cat\/concurs-d-oratoria-juvenil-de-l-alt-emporda\/recursos\/manuals#up_scroll=auto&amp;up_iframeURL=https:\/\/docs.google.com\/a\/xtec.cat\/file\/d\/0B0zHBF5nyE_QcGZVSjZFZGJhcDA\/preview&amp;st=e%3DAIHE3cClMajfX8j9Ku9If9lTsRLbZgYKO%252BW79mhFj0lA8wFCiP5L5O0gOvy2OXYNWz%252Bk3A2C3GFU3oLcKIm3tfe5qrOe%252B4dysGL07AV8dbc0B1R1LwhOku%252BbQ2FxLFPwLKhGpZ5OkJCv%26c%3Denterprise&amp;rpctoken=-1386327060239756697\" name=\"92549525\" width=\"700\" height=\"600\" frameborder=\"0\" scrolling=\"no\" data-mce-fragment=\"1\"><\/iframe><\/div>\n<div><\/div>\n<\/div>\n<\/div>\n<\/div>\n<\/div>\n<div style=\"text-align: center;\"><\/div>\n<div style=\"text-align: left;\">\n<hr \/>\n<p><span style=\"color: #000000;\"><b>4.\u00a0<\/b><\/span><\/p>\n<\/div>\n<div style=\"text-align: center;\"><\/div>\n<div style=\"text-align: center;\">\n<div class=\"sites-embed-align-center-wrapping-off\">\n<div class=\"sites-embed-border-on sites-embed\">\n<div class=\"sites-embed-content sites-embed-type-ggs-gadget\">\n<div><iframe loading=\"lazy\" id=\"191758798\" class=\"igm\" title=\"Include gadget (iframe)\" src=\"https:\/\/tal2tot4uenli8d3lphbjvrrl237cfes-a-sites-opensocial.googleusercontent.com\/gadgets\/ifr?url=http:\/\/hosting.gmodules.com\/ig\/gadgets\/file\/106581606564100174314\/iframe.xml&amp;container=enterprise&amp;view=default&amp;lang=ca&amp;country=ALL&amp;sanitize=0&amp;v=ceb84f2924763878&amp;libs=core:dynamic-height&amp;mid=222&amp;parent=https:\/\/sites.google.com\/a\/xtec.cat\/concurs-d-oratoria-juvenil-de-l-alt-emporda\/recursos\/manuals#up_scroll=auto&amp;up_iframeURL=https:\/\/docs.google.com\/a\/xtec.cat\/file\/d\/0B0zHBF5nyE_QX3VkRG9NWUt5REE\/preview&amp;st=e%3DAIHE3cAZHQkDXVTa67B6QAxfaPtdXBhjfMshAS5ofcN6tZB%252By%252FqL3nffea54uGkzF1cpRQpCKAP16GGii%252FQ7BzWJK%252BfkEHiEgm9smx6dxJ8qLxzVBhDdEjEPdLM8KAmOHBWS%252Bzmpi28z%26c%3Denterprise&amp;rpctoken=9006355004089331219\" name=\"191758798\" width=\"700\" height=\"600\" frameborder=\"0\" scrolling=\"no\" data-mce-fragment=\"1\"><\/iframe><\/div>\n<\/div>\n<\/div>\n<\/div>\n<\/div>\n<div style=\"text-align: center;\"><\/div>\n<\/div>\n<\/div>\n<\/div>\n","protected":false},"excerpt":{"rendered":"<p>Parlar en p\u00fablic. Manuals En aquest espai hi trobareu els seg\u00fcents manuals: 1) Jorge Tom\u00e1s Carrera. Manual de l&#8217;orador. Consells introductoris per al debat 2) T\u00e8cniques de comunicaci\u00f3 i presentaci\u00f3 en p\u00fablic. Diputaci\u00f3 de Barcelona 3)\u00a050 consells pr\u00e0ctiques per fer exposicions orals\u00a0eficaces. UPC 4) Juli\u00e0 Crosas Masnou (2013)\u00a0El cos diu el que la ment sent. [&hellip;]<\/p>\n","protected":false},"author":4,"featured_media":0,"parent":14327,"menu_order":0,"comment_status":"closed","ping_status":"closed","template":"","meta":{"_bbp_topic_count":0,"_bbp_reply_count":0,"_bbp_total_topic_count":0,"_bbp_total_reply_count":0,"_bbp_voice_count":0,"_bbp_anonymous_reply_count":0,"_bbp_topic_count_hidden":0,"_bbp_reply_count_hidden":0,"_bbp_forum_subforum_count":0,"site-sidebar-layout":"default","site-content-layout":"","ast-site-content-layout":"","site-content-style":"default","site-sidebar-style":"default","ast-global-header-display":"","ast-banner-title-visibility":"","ast-main-header-display":"","ast-hfb-above-header-display":"","ast-hfb-below-header-display":"","ast-hfb-mobile-header-display":"","site-post-title":"","ast-breadcrumbs-content":"","ast-featured-img":"","footer-sml-layout":"","theme-transparent-header-meta":"","adv-header-id-meta":"","stick-header-meta":"","header-above-stick-meta":"","header-main-stick-meta":"","header-below-stick-meta":"","astra-migrate-meta-layouts":"default","ast-page-background-enabled":"default","ast-page-background-meta":{"desktop":{"background-color":"var(--ast-global-color-4)","background-image":"","background-repeat":"repeat","background-position":"center center","background-size":"auto","background-attachment":"scroll","background-type":"","background-media":"","overlay-type":"","overlay-color":"","overlay-opacity":"","overlay-gradient":""},"tablet":{"background-color":"","background-image":"","background-repeat":"repeat","background-position":"center center","background-size":"auto","background-attachment":"scroll","background-type":"","background-media":"","overlay-type":"","overlay-color":"","overlay-opacity":"","overlay-gradient":""},"mobile":{"background-color":"","background-image":"","background-repeat":"repeat","background-position":"center center","background-size":"auto","background-attachment":"scroll","background-type":"","background-media":"","overlay-type":"","overlay-color":"","overlay-opacity":"","overlay-gradient":""}},"ast-content-background-meta":{"desktop":{"background-color":"var(--ast-global-color-5)","background-image":"","background-repeat":"repeat","background-position":"center center","background-size":"auto","background-attachment":"scroll","background-type":"","background-media":"","overlay-type":"","overlay-color":"","overlay-opacity":"","overlay-gradient":""},"tablet":{"background-color":"var(--ast-global-color-5)","background-image":"","background-repeat":"repeat","background-position":"center center","background-size":"auto","background-attachment":"scroll","background-type":"","background-media":"","overlay-type":"","overlay-color":"","overlay-opacity":"","overlay-gradient":""},"mobile":{"background-color":"var(--ast-global-color-5)","background-image":"","background-repeat":"repeat","background-position":"center center","background-size":"auto","background-attachment":"scroll","background-type":"","background-media":"","overlay-type":"","overlay-color":"","overlay-opacity":"","overlay-gradient":""}},"footnotes":""},"class_list":["post-14423","page","type-page","status-publish","hentry"],"post_mailing_queue_ids":[],"_links":{"self":[{"href":"https:\/\/serveiseducatius.xtec.cat\/altemporda\/wp-json\/wp\/v2\/pages\/14423","targetHints":{"allow":["GET"]}}],"collection":[{"href":"https:\/\/serveiseducatius.xtec.cat\/altemporda\/wp-json\/wp\/v2\/pages"}],"about":[{"href":"https:\/\/serveiseducatius.xtec.cat\/altemporda\/wp-json\/wp\/v2\/types\/page"}],"author":[{"embeddable":true,"href":"https:\/\/serveiseducatius.xtec.cat\/altemporda\/wp-json\/wp\/v2\/users\/4"}],"replies":[{"embeddable":true,"href":"https:\/\/serveiseducatius.xtec.cat\/altemporda\/wp-json\/wp\/v2\/comments?post=14423"}],"version-history":[{"count":4,"href":"https:\/\/serveiseducatius.xtec.cat\/altemporda\/wp-json\/wp\/v2\/pages\/14423\/revisions"}],"predecessor-version":[{"id":14437,"href":"https:\/\/serveiseducatius.xtec.cat\/altemporda\/wp-json\/wp\/v2\/pages\/14423\/revisions\/14437"}],"up":[{"embeddable":true,"href":"https:\/\/serveiseducatius.xtec.cat\/altemporda\/wp-json\/wp\/v2\/pages\/14327"}],"wp:attachment":[{"href":"https:\/\/serveiseducatius.xtec.cat\/altemporda\/wp-json\/wp\/v2\/media?parent=14423"}],"curies":[{"name":"wp","href":"https:\/\/api.w.org\/{rel}","templated":true}]}}