{"id":14419,"date":"2021-10-28T12:41:45","date_gmt":"2021-10-28T10:41:45","guid":{"rendered":"https:\/\/serveiseducatius.xtec.cat\/altemporda\/?page_id=14419"},"modified":"2021-11-03T17:24:17","modified_gmt":"2021-11-03T16:24:17","slug":"bibliografia","status":"publish","type":"page","link":"https:\/\/serveiseducatius.xtec.cat\/altemporda\/concurs-oratoria-alt-emporda\/recursos-educatius\/bibliografia\/","title":{"rendered":"Bibliografia"},"content":{"rendered":"<h3 id=\"sites-page-title-header\" align=\"left\"><span id=\"sites-page-title\" dir=\"ltr\" tabindex=\"-1\">Bibliografia<\/span><\/h3>\n<div id=\"sites-canvas-main\" class=\"sites-canvas-main\">\n<div id=\"sites-canvas-main-content\">\n<div><a href=\"https:\/\/serveiseducatius.xtec.cat\/altemporda\/wp-content\/uploads\/usu1156\/2021\/11\/baixa.jpg\"><img loading=\"lazy\" decoding=\"async\" class=\" wp-image-14685 alignleft\" src=\"https:\/\/serveiseducatius.xtec.cat\/altemporda\/wp-content\/uploads\/usu1156\/2021\/11\/baixa.jpg\" alt=\"\" width=\"93\" height=\"147\" \/><\/a><\/div>\n<p><span style=\"font-family: verdana, sans-serif; font-size: 12pt;\"><b>El <a href=\"http:\/\/www.angleeditorial.com\/el-metode-pico-per-parlar-en-public-435\" target=\"_blank\" rel=\"nofollow noopener\">M\u00e8tode Pic\u00f3 per parlar en p\u00fablic<\/a>. <\/b><em><b>Secrets i t\u00e8cniques per millorar la comunicaci\u00f3<\/b><\/em> (Alfred Pic\u00f3).<\/span><\/p>\n<p><span style=\"font-family: verdana, sans-serif; font-size: 12pt;\">Tots els secrets i les t\u00e8cniques que Alfred Pic\u00f3 explica en aquest llibre s\u00f3n de collita pr\u00f2pia. S\u00f3n fruit de la seva experi\u00e8ncia com a periodista, presentador d\u2019actes p\u00fablics i professor. I pot afirmar amb orgull que el M\u00e8tode Pic\u00f3 funciona. No ho diu ell, ho diuen els seus alumnes.<\/span><\/p>\n<p><span style=\"font-family: verdana, sans-serif; font-size: 12pt;\">Qu\u00e8 podem aconseguir amb el M\u00e8tode Pic\u00f3?<\/span><\/p>\n<p>&nbsp;<\/p>\n<ul>\n<li><span style=\"font-family: verdana, sans-serif; font-size: 12pt;\">Descobrir els nostres punts forts<\/span><\/li>\n<li><span style=\"font-family: verdana, sans-serif; font-size: 12pt;\">Estructurar correctament un discurs o una xerrada<\/span><\/li>\n<li><span style=\"font-family: verdana, sans-serif; font-size: 12pt;\">Fer bons discursos de 30 segons o de 30 minuts<\/span><\/li>\n<li><span style=\"font-family: verdana, sans-serif; font-size: 12pt;\">Ser convincents davant d\u2019una o cent persones<\/span><\/li>\n<li><span style=\"font-family: verdana, sans-serif; font-size: 12pt;\">Obtenir la participaci\u00f3 i el reconeixement del p\u00fablic.<\/span><\/li>\n<\/ul>\n<p><span style=\"font-family: verdana, sans-serif; font-size: 12pt;\">Com diu Alfred Pic\u00f3, \u00abparlar en p\u00fablic \u00e9s com fer esport: com m\u00e9s practiquem millor ens sortir\u00e0. Si a la feina, a classe, al club o a casa alg\u00fa pregunta \u201cqui vol parlar?&#8230;\u201d, estic conven\u00e7ut que despr\u00e9s de llegir el llibre, al\u00e7areu la m\u00e0 i direu \u201cja parlo jo\u201d.\u00bb<\/span><\/p>\n<p><span style=\"font-family: verdana, sans-serif; font-size: 12pt;\">Parlar en p\u00fablic pot ser una experi\u00e8ncia satisfact\u00f2ria.<\/span><\/p>\n<p><span style=\"font-family: verdana, sans-serif; font-size: 12pt;\">Vivim temps d\u2019incertesa social i econ\u00f2mica. Ara m\u00e9s que mai ens hem de saber vendre. Un bon discurs pot canviar la nostra vida.<\/span><\/p>\n<hr \/>\n<div><a href=\"https:\/\/serveiseducatius.xtec.cat\/altemporda\/wp-content\/uploads\/usu1156\/2021\/11\/baixa-1.jpg\"><img loading=\"lazy\" decoding=\"async\" class=\" wp-image-14687 alignleft\" src=\"https:\/\/serveiseducatius.xtec.cat\/altemporda\/wp-content\/uploads\/usu1156\/2021\/11\/baixa-1.jpg\" alt=\"\" width=\"92\" height=\"131\" \/><\/a><span style=\"font-size: 12pt;\"><strong><span style=\"font-family: verdana, sans-serif;\"><em>Gu\u00eda pr\u00e1ctica de oratoria. Hablar, exponer, convencer<\/em><\/span><\/strong><span style=\"font-family: verdana, sans-serif;\"> (J\u00fcrg, Studer)<\/span><\/span><\/div>\n<p><span style=\"font-size: 12pt;\">Hablar bien en p\u00fablico, convencer a los dem\u00e1s, es algo que todos podemos aprender. Con frecuencia basta con una m\u00ednima planificaci\u00f3n previa para ser convincente ante los oyentes. Asimilando y practicando los fundamentos y las t\u00e9cnicas de la oratoria, esta obra nos capacita para comunicarnos con claridad ante cualquier grupo.<\/span><\/p>\n<hr \/>\n<div><a href=\"https:\/\/serveiseducatius.xtec.cat\/altemporda\/wp-content\/uploads\/usu1156\/2021\/11\/baixa-2.jpg\"><img loading=\"lazy\" decoding=\"async\" class=\" wp-image-14688 alignleft\" src=\"https:\/\/serveiseducatius.xtec.cat\/altemporda\/wp-content\/uploads\/usu1156\/2021\/11\/baixa-2.jpg\" alt=\"\" width=\"89\" height=\"142\" \/><\/a><span style=\"font-size: 12pt;\"><em><b>Com parlar b\u00e9 en p\u00fablic<\/b>.<\/em> (Puigpelat i Valls, Francesc; Rubio L\u00f3pez, Joana)<\/span><\/div>\n<p><span style=\"font-size: 12pt;\">Els grans oradors tenen un m\u00f3n de t\u00e8cniques concretes, gestos estudiats i m\u00e8todes, que tothom pot aprendre. Descobreix quins s\u00f3n els seus secrets i fes que les teves intervencions p\u00fabliques, lluny de ser un mal tr\u00e0ngol, es converteixin en ocasions excel\u00b7l<\/span><\/p>\n<hr \/>\n<div><span style=\"font-size: 12pt;\"><a href=\"https:\/\/lh6.googleusercontent.com\/-kPF-19r2fhE\/VIl9QLHQ_AI\/AAAAAAAAF9I\/xXlhqqMm31o\/s1600\/retorica_expres_cat.jpg\"><img loading=\"lazy\" decoding=\"async\" class=\"alignleft\" src=\"https:\/\/lh6.googleusercontent.com\/-kPF-19r2fhE\/VIl9QLHQ_AI\/AAAAAAAAF9I\/xXlhqqMm31o\/s1600\/retorica_expres_cat.jpg\" width=\"85\" height=\"125\" border=\"0\" \/><\/a><\/span><span style=\"font-size: 12pt;\"><em><b>Ret\u00f2rica Expr\u00e9s. El sistema r\u00e0pid basat en els cl\u00e0ssics per comunicar amb \u00e8xit. <\/b><\/em>(Prats, Llu\u00eds)<\/span><\/div>\n<p><span style=\"font-family: verdana, sans-serif; font-size: 12pt;\">Al llibre de les pors, la por de morir ocupa el sis\u00e8 lloc, mentre que la por que tenim a comunicar en p\u00fablic \u00e9s en la primera posici\u00f3. Vol dir aix\u00f2 que en un funeral la majoria de les persones preferiria ser al f\u00e8retre que haver de pronunciar unes paraules per al difunt. Comunicar en p\u00fablic sol generar en les persones un estr\u00e8s que de vegades resulta insuportable. I llavors sorgeix la creen\u00e7a que comunicar en p\u00fablic \u00e9s una cosa que est\u00e0 reservada als que tenen un do. I em nego a acceptar-ho. Li asseguro que comunicar amb \u00e8xit en p\u00fablic \u00e9s una q\u00fcesti\u00f3 d&#8217;actitud. Qui vol comunicar en p\u00fablic amb correcci\u00f3 ho fa. Nom\u00e9s \u00e9s necessari voler fer-ho i dotar-se d&#8217;un sistema que ajudi a controlar la nostra comunicaci\u00f3: el nostre discurs o el nostre text escrit. Aquest llibre l&#8217;orientar\u00e0 sobre com millorar la seva motivaci\u00f3 per comunicar i el proveir\u00e0 d&#8217;un sistema r\u00e0pid, f\u00e0cil i fiable de construir comunicacions amb \u00e8xit.<\/span><\/p>\n<hr \/>\n<div><span style=\"font-size: 12pt;\"><a href=\"https:\/\/lh4.googleusercontent.com\/-DtX5e3C_4UY\/VIl9PmE4H-I\/AAAAAAAAF9Q\/Kma86b8NDz0\/s1600\/De%2520Ret%25C3%25B2rica_La%2520comunicaci%25C3%25B3%2520Persuasiva_cat.jpg\"><img loading=\"lazy\" decoding=\"async\" class=\"alignleft\" src=\"https:\/\/lh4.googleusercontent.com\/-DtX5e3C_4UY\/VIl9PmE4H-I\/AAAAAAAAF9Q\/Kma86b8NDz0\/s1600\/De%2520Ret%25C3%25B2rica_La%2520comunicaci%25C3%25B3%2520Persuasiva_cat.jpg\" width=\"85\" height=\"125\" border=\"0\" \/><\/a><\/span><span style=\"font-family: arial, sans-serif; font-size: 12pt;\"><em><b>De ret\u00f2rica. La comunicaci\u00f3 persuasiva. <\/b><\/em>(Laborda Gil, Xavier)<\/span><\/div>\n<p><span style=\"font-size: 12pt;\"><span style=\"font-family: verdana, arial, helvetica, sans-serif;\">La paraula \u00e9s un instrument de transformaci\u00f3 del m\u00f3n, de cooperaci\u00f3 social i de domini. L&#8217;element com\u00fa a aquests efectes \u00e9s la capacitat persuasiva de la comunicaci\u00f3 .I l&#8217;origen del seu estudi apareix entre els antics amb la ret\u00f2rica. El tema d&#8217;aquest llibre \u00e9s la ret\u00f2rica, l&#8217;art de conv\u00e8ncer. Despr\u00e9s d&#8217;una interessant visi\u00f3 hist\u00f2rica, l&#8217;autor tracta d&#8217;una realitat apassionant i inquietant: l&#8217;\u00fas pol\u00edtic del llenguatge i els seus efectes persuasius. I conclou amb la reflexi\u00f3 sobre l&#8217;influx d&#8217;aquest fenomen en la identitat de la persona.<\/span><\/span><\/p>\n<hr \/>\n<p><span style=\"font-size: 12pt;\"><a href=\"https:\/\/lh6.googleusercontent.com\/-W9Uvvz7eajA\/VIl9PnpKoqI\/AAAAAAAAF9M\/kLuy5cyI0Bo\/s1600\/Convencer%2520a%2520la%2520gente%2520contando%2520historias.jpg\"><img loading=\"lazy\" decoding=\"async\" class=\"alignleft\" src=\"https:\/\/lh6.googleusercontent.com\/-W9Uvvz7eajA\/VIl9PnpKoqI\/AAAAAAAAF9M\/kLuy5cyI0Bo\/s200\/Convencer%2520a%2520la%2520gente%2520contando%2520historias.jpg\" width=\"85\" height=\"125\" border=\"0\" \/><\/a><\/span><span style=\"font-size: 12pt;\"><em><b>Convencer a la gente contando historias. <\/b><\/em>(Maxwell, Richard; Dickman, Robert)<\/span><\/p>\n<p><span style=\"font-family: verdana, sans-serif; font-size: 12pt;\">Todo gran l\u00edder es un gran contador de historias.Contar historias es como correr: todos sabemos hacerlo, pero muy pocos logramos destacar. Para hacer una buena entrevista de trabajo, para vender un producto, para convencer al jefe de que merecemos un aumento, contamos una historia. Esto ocurre, porque como ha descubierto lapsicolog\u00eda cognitiva, las historias son el modo en que organizamos nuestras mentes. Lo que parece m\u00e1s complicado es hacer que algo llame la atenci\u00f3n entre la enorme cantidad de informaci\u00f3n que recibimos todos los d\u00edas.Es un libro eminentemente pr\u00e1ctico que da consejos sobre c\u00f3mo convencer a una audiencia, perfecto para personas cuyo trabajo implique dar conferencias, hablar mucho en p\u00fablico o que se dediquen a la venta directa.<br \/>\n<\/span><\/p>\n<hr \/>\n<div><span style=\"font-size: 12pt;\"><a href=\"https:\/\/lh5.googleusercontent.com\/-AAIve1znthU\/VIl9PrtFALI\/AAAAAAAAF9E\/obrZUvNXhAA\/s1600\/Hablar%2520en%2520p%25C3%25BAblico%2520y%2520comunicarse%2520correctamente.jpg\"><img loading=\"lazy\" decoding=\"async\" class=\"alignleft\" src=\"https:\/\/lh5.googleusercontent.com\/-AAIve1znthU\/VIl9PrtFALI\/AAAAAAAAF9E\/obrZUvNXhAA\/s1600\/Hablar%2520en%2520p%25C3%25BAblico%2520y%2520comunicarse%2520correctamente.jpg\" width=\"85\" height=\"125\" border=\"0\" \/><\/a><\/span><span style=\"font-size: 12pt;\"><b><em>Hablar en p\u00fablico y comunicarse correctamente. <\/em><\/b>(Mar\u00edn P\u00e9rez, Aida)<\/span><\/div>\n<p><span style=\"font-family: verdana, sans-serif; font-size: 12pt;\">La comunicaci\u00f3n es una necesidad humana que forma parte de la vida cotidiana de las personas, por eso es importante conocer todos los factores que intervienen en ella para lograr relaciones m\u00e1s positivas, fruct\u00edferas y duraderas. Dentro de las formas de comunicaci\u00f3n, hablar en p\u00fablico es una de las si\u00a0tuaciones que casi todos tendremos que afrontar en alg\u00fan momento de nuestra vida, por eso debemos estar preparados y comportarnos con la mayor naturalidad posible.<\/span><\/p>\n<\/div>\n<\/div>\n","protected":false},"excerpt":{"rendered":"<p>Bibliografia El M\u00e8tode Pic\u00f3 per parlar en p\u00fablic. Secrets i t\u00e8cniques per millorar la comunicaci\u00f3 (Alfred Pic\u00f3). Tots els secrets i les t\u00e8cniques que Alfred Pic\u00f3 explica en aquest llibre s\u00f3n de collita pr\u00f2pia. S\u00f3n fruit de la seva experi\u00e8ncia com a periodista, presentador d\u2019actes p\u00fablics i professor. I pot afirmar amb orgull que el [&hellip;]<\/p>\n","protected":false},"author":4,"featured_media":0,"parent":14327,"menu_order":0,"comment_status":"closed","ping_status":"closed","template":"","meta":{"_bbp_topic_count":0,"_bbp_reply_count":0,"_bbp_total_topic_count":0,"_bbp_total_reply_count":0,"_bbp_voice_count":0,"_bbp_anonymous_reply_count":0,"_bbp_topic_count_hidden":0,"_bbp_reply_count_hidden":0,"_bbp_forum_subforum_count":0,"site-sidebar-layout":"default","site-content-layout":"","ast-site-content-layout":"","site-content-style":"default","site-sidebar-style":"default","ast-global-header-display":"","ast-banner-title-visibility":"","ast-main-header-display":"","ast-hfb-above-header-display":"","ast-hfb-below-header-display":"","ast-hfb-mobile-header-display":"","site-post-title":"","ast-breadcrumbs-content":"","ast-featured-img":"","footer-sml-layout":"","theme-transparent-header-meta":"","adv-header-id-meta":"","stick-header-meta":"","header-above-stick-meta":"","header-main-stick-meta":"","header-below-stick-meta":"","astra-migrate-meta-layouts":"default","ast-page-background-enabled":"default","ast-page-background-meta":{"desktop":{"background-color":"var(--ast-global-color-4)","background-image":"","background-repeat":"repeat","background-position":"center center","background-size":"auto","background-attachment":"scroll","background-type":"","background-media":"","overlay-type":"","overlay-color":"","overlay-opacity":"","overlay-gradient":""},"tablet":{"background-color":"","background-image":"","background-repeat":"repeat","background-position":"center center","background-size":"auto","background-attachment":"scroll","background-type":"","background-media":"","overlay-type":"","overlay-color":"","overlay-opacity":"","overlay-gradient":""},"mobile":{"background-color":"","background-image":"","background-repeat":"repeat","background-position":"center center","background-size":"auto","background-attachment":"scroll","background-type":"","background-media":"","overlay-type":"","overlay-color":"","overlay-opacity":"","overlay-gradient":""}},"ast-content-background-meta":{"desktop":{"background-color":"var(--ast-global-color-5)","background-image":"","background-repeat":"repeat","background-position":"center center","background-size":"auto","background-attachment":"scroll","background-type":"","background-media":"","overlay-type":"","overlay-color":"","overlay-opacity":"","overlay-gradient":""},"tablet":{"background-color":"var(--ast-global-color-5)","background-image":"","background-repeat":"repeat","background-position":"center center","background-size":"auto","background-attachment":"scroll","background-type":"","background-media":"","overlay-type":"","overlay-color":"","overlay-opacity":"","overlay-gradient":""},"mobile":{"background-color":"var(--ast-global-color-5)","background-image":"","background-repeat":"repeat","background-position":"center center","background-size":"auto","background-attachment":"scroll","background-type":"","background-media":"","overlay-type":"","overlay-color":"","overlay-opacity":"","overlay-gradient":""}},"footnotes":""},"class_list":["post-14419","page","type-page","status-publish","hentry"],"post_mailing_queue_ids":[],"_links":{"self":[{"href":"https:\/\/serveiseducatius.xtec.cat\/altemporda\/wp-json\/wp\/v2\/pages\/14419","targetHints":{"allow":["GET"]}}],"collection":[{"href":"https:\/\/serveiseducatius.xtec.cat\/altemporda\/wp-json\/wp\/v2\/pages"}],"about":[{"href":"https:\/\/serveiseducatius.xtec.cat\/altemporda\/wp-json\/wp\/v2\/types\/page"}],"author":[{"embeddable":true,"href":"https:\/\/serveiseducatius.xtec.cat\/altemporda\/wp-json\/wp\/v2\/users\/4"}],"replies":[{"embeddable":true,"href":"https:\/\/serveiseducatius.xtec.cat\/altemporda\/wp-json\/wp\/v2\/comments?post=14419"}],"version-history":[{"count":4,"href":"https:\/\/serveiseducatius.xtec.cat\/altemporda\/wp-json\/wp\/v2\/pages\/14419\/revisions"}],"predecessor-version":[{"id":14689,"href":"https:\/\/serveiseducatius.xtec.cat\/altemporda\/wp-json\/wp\/v2\/pages\/14419\/revisions\/14689"}],"up":[{"embeddable":true,"href":"https:\/\/serveiseducatius.xtec.cat\/altemporda\/wp-json\/wp\/v2\/pages\/14327"}],"wp:attachment":[{"href":"https:\/\/serveiseducatius.xtec.cat\/altemporda\/wp-json\/wp\/v2\/media?parent=14419"}],"curies":[{"name":"wp","href":"https:\/\/api.w.org\/{rel}","templated":true}]}}