{"id":14406,"date":"2021-10-28T12:13:20","date_gmt":"2021-10-28T10:13:20","guid":{"rendered":"https:\/\/serveiseducatius.xtec.cat\/altemporda\/?page_id=14406"},"modified":"2026-03-25T14:07:05","modified_gmt":"2026-03-25T13:07:05","slug":"rubriques","status":"publish","type":"page","link":"https:\/\/serveiseducatius.xtec.cat\/altemporda\/concurs-oratoria-alt-emporda\/recursos-educatius\/rubriques\/","title":{"rendered":"R\u00fabriques"},"content":{"rendered":"<h3 id=\"sites-page-title-header\" align=\"left\"><span id=\"sites-page-title\" dir=\"ltr\" tabindex=\"-1\">R\u00fabriques d&#8217;avaluaci\u00f3 de la compet\u00e8ncia oral<\/span><\/h3>\n<div id=\"sites-canvas-main\" class=\"sites-canvas-main\">\n<div id=\"sites-canvas-main-content\">\n<div dir=\"ltr\">\n<p><span style=\"font-size: 12pt;\"><b>Qu\u00e8 \u00e9s una r\u00fabrica?<\/b><br \/>Una r\u00fabrica \u00e9s una matriu que explicita, d\u2019una banda, els criteris de realitzaci\u00f3 relacionats amb l\u2019avaluaci\u00f3 d\u2019una compet\u00e8ncia (o de components de diferents compet\u00e8ncies) i, de l\u2019altra, els criteris de resultats corresponents als diferents nivells d\u2019assoliment, concretats en indicadors relacionats espec\u00edficament amb la tasca d\u2019avaluaci\u00f3. Els nivells, si es vol, es poden associar amb les notes tradicionals, per\u00f2 es busca no reduir la valoraci\u00f3 a un c\u00e0lcul num\u00e8ric, sin\u00f3 fer m\u00e9s visible qu\u00e8 hi ha al darrere d\u2019un n\u00famero. \u00a0 Normalment cadascuna d\u2019aquestes matrius o r\u00fabriques es poden utilitzar per avaluar diferents activitats al llarg d\u2019un curs o etapa escolar, canviant nom\u00e9s els indicadors (que sovint caldr\u00e0 concretar-los m\u00e9s, especialment si es vol que els alumnes els puguin entendre).<\/span><span style=\"font-size: 12pt;\">\u00a0 \u00a0\u00a0<\/span><\/p>\n<p><span style=\"font-size: 12pt;\"><b>Exemples de r\u00fabrica en les exposicions orals<\/b><\/span><\/p>\n<table class=\"aligncenter\" style=\"width: 58.06%; height: 386px;\" border=\"1\" cellspacing=\"1\" cellpadding=\"1\">\n<tbody>\n<tr style=\"height: 37px;\">\n<td style=\"width: 54.4855%; height: 37px;\"><span style=\"font-size: 12pt;\"><a href=\"http:\/\/www.xtec.cat\/alfresco\/d\/d\/workspace\/SpacesStore\/dce8d88e-2c4a-4247-bf66-dc3c180929ba\/Egara%20exposici%C3%83%C2%83%C3%82%C2%B3%20oral.pdf\" target=\"_blank\" rel=\"nofollow noopener\">Exposici\u00f3 oral<\/a><\/span><\/td>\n<td style=\"width: 7.65172%; height: 37px;\"><span style=\"font-size: 12pt;\">ESO<\/span><\/td>\n<td style=\"width: 44.591%; height: 37px;\"><span style=\"font-size: 12pt;\">Institut Egara<\/span><\/td>\n<\/tr>\n<tr style=\"height: 37px;\">\n<td style=\"width: 54.4855%; height: 37px;\"><span style=\"font-size: 12pt;\"><a href=\"http:\/\/www.xtec.cat\/alfresco\/d\/d\/workspace\/SpacesStore\/835313b4-356c-4eeb-8dda-97efc9bc3126\/InsBellvitge_expo_oral_34ESO.pdf\" target=\"_blank\" rel=\"nofollow noopener\">Exposici\u00f3 oral d&#8217;un treball\/projecte<\/a><\/span><\/td>\n<td style=\"width: 7.65172%; height: 37px;\"><span style=\"font-size: 12pt;\">ESO<\/span><\/td>\n<td style=\"width: 44.591%; height: 37px;\"><span style=\"font-size: 12pt;\">Institut Bellvitge<\/span><\/td>\n<\/tr>\n<tr style=\"height: 37px;\">\n<td style=\"width: 54.4855%; height: 37px;\"><span style=\"font-size: 12pt;\"><a href=\"http:\/\/www.xtec.cat\/alfresco\/d\/d\/workspace\/SpacesStore\/d2104a69-b118-40ce-a467-8044ea857fbb\/InsBellvitge_expo_oral_btx.pdf\" target=\"_blank\" rel=\"nofollow noopener\">Exposici\u00f3 oral d&#8217;un treball\/projecte<\/a><\/span><\/td>\n<td style=\"width: 7.65172%; height: 37px;\"><span style=\"font-size: 12pt;\">BAT<\/span><\/td>\n<td style=\"width: 44.591%; height: 37px;\"><span style=\"font-size: 12pt;\">Institut Bellvitge<\/span><\/td>\n<\/tr>\n<tr style=\"height: 37px;\">\n<td style=\"width: 54.4855%; height: 37px;\"><span style=\"font-size: 12pt;\"><a href=\"http:\/\/www.xtec.cat\/alfresco\/d\/d\/workspace\/SpacesStore\/b91e8f6d-38cd-4c5e-b457-0d7e57cbe5d8\/InsBerenguer_expo_oral_ESO.pdf\" target=\"_blank\" rel=\"nofollow noopener\">Exposici\u00f3 oral sobre un personatge i el seu context<\/a><\/span><\/td>\n<td style=\"width: 7.65172%; height: 37px;\"><span style=\"font-size: 12pt;\">ESO<\/span><\/td>\n<td style=\"width: 44.591%; height: 37px;\"><span style=\"font-size: 12pt;\">Institut Ramon Berenguer IV<\/span><\/td>\n<\/tr>\n<tr style=\"height: 37px;\">\n<td style=\"width: 54.4855%; height: 37px;\"><span style=\"font-size: 12pt;\"><a href=\"http:\/\/www.xtec.cat\/alfresco\/d\/d\/workspace\/SpacesStore\/53175bfd-844b-40a0-afdf-ba7eb90090f6\/InsBerenguer_textos_argument_4ESO.pdf\" target=\"_blank\" rel=\"nofollow noopener\">Textos argumentatius<\/a><\/span><\/td>\n<td style=\"width: 7.65172%; height: 37px;\"><span style=\"font-size: 12pt;\">ESO<\/span><\/td>\n<td style=\"width: 44.591%; height: 37px;\"><span style=\"font-size: 12pt;\">Institut Ramon Berenguer IV<\/span><\/td>\n<\/tr>\n<tr style=\"height: 37px;\">\n<td style=\"width: 54.4855%; height: 37px;\"><span style=\"font-size: 12pt;\"><a href=\"http:\/\/www.xtec.cat\/alfresco\/d\/d\/workspace\/SpacesStore\/8376576e-43f5-4dab-9c49-cbb23b35cb45\/InsEgara_matem_4ESO.pdf\" target=\"_blank\" rel=\"nofollow noopener\">Expressi\u00f3 oral treball de s\u00edntesi\u00a0<\/a><\/span><\/td>\n<td style=\"width: 7.65172%; height: 37px;\"><span style=\"font-size: 12pt;\">ESO<\/span><\/td>\n<td style=\"width: 44.591%; height: 37px;\"><span style=\"font-size: 12pt;\">Institut Montserrat Colomer<\/span><\/td>\n<\/tr>\n<tr style=\"height: 37px;\">\n<td style=\"width: 54.4855%; height: 43px;\"><span style=\"font-size: 12pt;\"><a href=\"https:\/\/drive.google.com\/file\/d\/1BTWI1JZMjlIpzzaFlSlcOoi1uQdiOS9k\/view?usp=sharing\" target=\"_blank\" rel=\"noopener\">R\u00fabrica valoraci\u00f3 Concurs Orat\u00f2ria AE<\/a><\/span><\/td>\n<td style=\"width: 7.65172%; height: 43px;\"><span style=\"font-size: 12pt;\">ESO<\/span><\/td>\n<td style=\"width: 44.591%; height: 43px;\"><span style=\"font-size: 12pt;\"><b>Grup de treball d&#8217;orat\u00f2ria SEAE<\/b><\/span><\/td>\n<\/tr>\n<\/tbody>\n<\/table>\n<\/div>\n<\/div>\n<\/div>\n\n\n<p><\/p>\n","protected":false},"excerpt":{"rendered":"<p>R\u00fabriques d&#8217;avaluaci\u00f3 de la compet\u00e8ncia oral Qu\u00e8 \u00e9s una r\u00fabrica?Una r\u00fabrica \u00e9s una matriu que explicita, d\u2019una banda, els criteris de realitzaci\u00f3 relacionats amb l\u2019avaluaci\u00f3 d\u2019una compet\u00e8ncia (o de components de diferents compet\u00e8ncies) i, de l\u2019altra, els criteris de resultats corresponents als diferents nivells d\u2019assoliment, concretats en indicadors relacionats espec\u00edficament amb la tasca d\u2019avaluaci\u00f3. Els [&hellip;]<\/p>\n","protected":false},"author":4,"featured_media":0,"parent":14327,"menu_order":0,"comment_status":"closed","ping_status":"closed","template":"","meta":{"_bbp_topic_count":0,"_bbp_reply_count":0,"_bbp_total_topic_count":0,"_bbp_total_reply_count":0,"_bbp_voice_count":0,"_bbp_anonymous_reply_count":0,"_bbp_topic_count_hidden":0,"_bbp_reply_count_hidden":0,"_bbp_forum_subforum_count":0,"site-sidebar-layout":"default","site-content-layout":"","ast-site-content-layout":"default","site-content-style":"default","site-sidebar-style":"default","ast-global-header-display":"","ast-banner-title-visibility":"","ast-main-header-display":"","ast-hfb-above-header-display":"","ast-hfb-below-header-display":"","ast-hfb-mobile-header-display":"","site-post-title":"","ast-breadcrumbs-content":"","ast-featured-img":"","footer-sml-layout":"","theme-transparent-header-meta":"","adv-header-id-meta":"","stick-header-meta":"","header-above-stick-meta":"","header-main-stick-meta":"","header-below-stick-meta":"","astra-migrate-meta-layouts":"set","ast-page-background-enabled":"default","ast-page-background-meta":{"desktop":{"background-color":"var(--ast-global-color-4)","background-image":"","background-repeat":"repeat","background-position":"center center","background-size":"auto","background-attachment":"scroll","background-type":"","background-media":"","overlay-type":"","overlay-color":"","overlay-opacity":"","overlay-gradient":""},"tablet":{"background-color":"","background-image":"","background-repeat":"repeat","background-position":"center center","background-size":"auto","background-attachment":"scroll","background-type":"","background-media":"","overlay-type":"","overlay-color":"","overlay-opacity":"","overlay-gradient":""},"mobile":{"background-color":"","background-image":"","background-repeat":"repeat","background-position":"center center","background-size":"auto","background-attachment":"scroll","background-type":"","background-media":"","overlay-type":"","overlay-color":"","overlay-opacity":"","overlay-gradient":""}},"ast-content-background-meta":{"desktop":{"background-color":"var(--ast-global-color-5)","background-image":"","background-repeat":"repeat","background-position":"center center","background-size":"auto","background-attachment":"scroll","background-type":"","background-media":"","overlay-type":"","overlay-color":"","overlay-opacity":"","overlay-gradient":""},"tablet":{"background-color":"var(--ast-global-color-5)","background-image":"","background-repeat":"repeat","background-position":"center center","background-size":"auto","background-attachment":"scroll","background-type":"","background-media":"","overlay-type":"","overlay-color":"","overlay-opacity":"","overlay-gradient":""},"mobile":{"background-color":"var(--ast-global-color-5)","background-image":"","background-repeat":"repeat","background-position":"center center","background-size":"auto","background-attachment":"scroll","background-type":"","background-media":"","overlay-type":"","overlay-color":"","overlay-opacity":"","overlay-gradient":""}},"footnotes":""},"class_list":["post-14406","page","type-page","status-publish","hentry"],"post_mailing_queue_ids":[],"_links":{"self":[{"href":"https:\/\/serveiseducatius.xtec.cat\/altemporda\/wp-json\/wp\/v2\/pages\/14406","targetHints":{"allow":["GET"]}}],"collection":[{"href":"https:\/\/serveiseducatius.xtec.cat\/altemporda\/wp-json\/wp\/v2\/pages"}],"about":[{"href":"https:\/\/serveiseducatius.xtec.cat\/altemporda\/wp-json\/wp\/v2\/types\/page"}],"author":[{"embeddable":true,"href":"https:\/\/serveiseducatius.xtec.cat\/altemporda\/wp-json\/wp\/v2\/users\/4"}],"replies":[{"embeddable":true,"href":"https:\/\/serveiseducatius.xtec.cat\/altemporda\/wp-json\/wp\/v2\/comments?post=14406"}],"version-history":[{"count":5,"href":"https:\/\/serveiseducatius.xtec.cat\/altemporda\/wp-json\/wp\/v2\/pages\/14406\/revisions"}],"predecessor-version":[{"id":27508,"href":"https:\/\/serveiseducatius.xtec.cat\/altemporda\/wp-json\/wp\/v2\/pages\/14406\/revisions\/27508"}],"up":[{"embeddable":true,"href":"https:\/\/serveiseducatius.xtec.cat\/altemporda\/wp-json\/wp\/v2\/pages\/14327"}],"wp:attachment":[{"href":"https:\/\/serveiseducatius.xtec.cat\/altemporda\/wp-json\/wp\/v2\/media?parent=14406"}],"curies":[{"name":"wp","href":"https:\/\/api.w.org\/{rel}","templated":true}]}}