{"id":14340,"date":"2021-10-25T17:18:08","date_gmt":"2021-10-25T15:18:08","guid":{"rendered":"https:\/\/serveiseducatius.xtec.cat\/altemporda\/?page_id=14340"},"modified":"2026-03-03T10:42:29","modified_gmt":"2026-03-03T09:42:29","slug":"concurs-oratoria-alt-emporda","status":"publish","type":"page","link":"https:\/\/serveiseducatius.xtec.cat\/altemporda\/concurs-oratoria-alt-emporda\/","title":{"rendered":"Concurs Orat\u00f2ria Alt Empord\u00e0"},"content":{"rendered":"<p style=\"text-align: justify;\"><b><img loading=\"lazy\" decoding=\"async\" class=\"wp-image-14401 alignleft\" src=\"https:\/\/serveiseducatius.xtec.cat\/altemporda\/wp-content\/uploads\/usu1156\/2021\/10\/Logo-oratoria2-1.png\" alt=\"\" width=\"130\" height=\"121\" srcset=\"https:\/\/serveiseducatius.xtec.cat\/altemporda\/wp-content\/uploads\/usu1156\/2021\/10\/Logo-oratoria2-1.png 800w, https:\/\/serveiseducatius.xtec.cat\/altemporda\/wp-content\/uploads\/usu1156\/2021\/10\/Logo-oratoria2-1-300x279.png 300w, https:\/\/serveiseducatius.xtec.cat\/altemporda\/wp-content\/uploads\/usu1156\/2021\/10\/Logo-oratoria2-1-768x713.png 768w\" sizes=\"auto, (max-width: 130px) 100vw, 130px\" \/>ORAT\u00d2RIA: PER A QU\u00c8? <\/b>Avui dia s\u00f3n innombrables les ocasions en qu\u00e8 ens hem d\u2019enfrontar amb la necessitat de parlar en p\u00fablic: joves i adults ens veiem abocats a elaborar discursos orals en la vida acad\u00e8mica, professional i social. En contextos ben diversos hem de fer \u00fas de la paraula per explicar, exposar, conv\u00e8ncer&#8230;<a href=\"https:\/\/drive.google.com\/file\/d\/1IOx448kQIwR7L_SRrygEwmy3V-oippq9\/view?usp=drive_link\"><img loading=\"lazy\" decoding=\"async\" class=\"alignright\" src=\"https:\/\/serveiseducatius.xtec.cat\/altemporda\/wp-content\/uploads\/usu1156\/2023\/03\/INFOGRAFIA_ORATORIA-522x1024-1.jpg\" alt=\"\" width=\"211\" height=\"376\" \/><\/a><\/p>\n<p style=\"text-align: justify;\">Hem de saber trobar els recursos adequats en funci\u00f3 de la situaci\u00f3, els oients, la finalitat, el tema, etc. per tal de poder produir un text adequat i, sobretot, efica\u00e7.<\/p>\n<p style=\"text-align: justify;\">Cal, doncs, que des de l\u2019\u00e0mbit de l\u2019ensenyament\u00a0dediquem l\u2019atenci\u00f3 adequada a aquest fet i posem a l\u2019abast dels joves els mitjans necessaris per, d\u2019una banda, reflexionar sobre la q\u00fcesti\u00f3 i prendre consci\u00e8ncia de la seva import\u00e0ncia i, de l\u2019altra, oferir els mitjans per formar ciutadans preparats per a saber parlar en p\u00fablic.<\/p>\n<p style=\"text-align: justify;\">\u00c9s indispensable que donem als nostres joves les eines per fer-los\u00a0guanyar confian\u00e7a i seguretat, i que els proporcionem plataformes des d\u2019on\u00a0puguin posar a prova les estrat\u00e8gies i els recursos adquirits.<\/p>\n<p style=\"text-align: justify;\"><span style=\"font-size: 12pt;\"><span style=\"font-family: verdana, sans-serif;\"><img loading=\"lazy\" decoding=\"async\" class=\"alignleft\" src=\"https:\/\/serveiseducatius.xtec.cat\/altemporda\/wp-content\/uploads\/usu1156\/2022\/12\/QR-Oratoria-BiN.png\" width=\"113\" height=\"113\" \/>Amb aquesta filosofia neix aquest\u00a0<b><i>Concurs d\u2019Orat\u00f2ria Juvenil de l\u2019Alt Empord\u00e0<\/i><\/b>, adre\u00e7at a estudiants de 4t d\u2019ESO dels centres de la nostra comarca<\/span>. <span style=\"font-family: verdana, sans-serif;\">L&#8217;objectiu del concurs \u00e9s conscienciar i promoure entre l&#8217;alumnat i les seves fam\u00edlies la necessitat de millorar l&#8217;expressi\u00f3 oral i de saber-se expressar en p\u00fablic amb naturalitat i efic\u00e0cia, tot utilitzant recursos argumentatius i ret\u00f2rics adients. <\/span>\u00a0<\/span><\/p>\n<div class=\"fila;\">\n<div class=\"columna\" style=\"width: 25%;\"><a class=\"boto_taula\" style=\"color: #000000;\" href=\"https:\/\/serveiseducatius.xtec.cat\/altemporda\/concurs-oratoria-alt-emporda\/parlar-en-public\/\" target=\"_blank\" rel=\"noopener noreferrer\"><span style=\"font-size: 110%;\"><strong>Imatge gr\u00e0fica i cr\u00e8dits<\/strong><\/span><\/a><\/div>\n<div class=\"columna\" style=\"width: 25%;\"><a class=\"boto_taula\" style=\"color: #000000;\" href=\"https:\/\/serveiseducatius.xtec.cat\/altemporda\/concurs-oratoria-alt-emporda\/bases\/\" target=\"_blank\" rel=\"noopener noreferrer\"><span style=\"font-size: 110%;\"><strong>Bases<\/strong><\/span><\/a><\/div>\n<div class=\"columna\" style=\"width: 25%;\"><a class=\"boto_taula\" style=\"color: #000000;\" href=\"https:\/\/serveiseducatius.xtec.cat\/altemporda\/concurs-oratoria-alt-emporda\/inscripcions\/\" target=\"_blank\" rel=\"noopener noreferrer\"><span style=\"font-size: 105%;\"><strong>Inscripcions<\/strong><\/span><\/a><\/div>\n<div class=\"columna\" style=\"width: 25%;\"><a class=\"boto_taula\" style=\"color: #000000;\" href=\"https:\/\/serveiseducatius.xtec.cat\/altemporda\/concurs-oratoria-alt-emporda\/acte-central\/\" target=\"_blank\" rel=\"noopener noreferrer\"><span style=\"font-size: 105%;\"><strong>Acte central<\/strong><\/span><\/a><\/div>\n<\/div>\n<hr width=\"1px\/\" \/>\n<div class=\"fila;\">\n<div class=\"columna\" style=\"width: 25%;\"><a class=\"boto_taula\" style=\"color: #000000;\" href=\"https:\/\/serveiseducatius.xtec.cat\/altemporda\/concurs-oratoria-alt-emporda\/lart-de-parlar\/\" target=\"_blank\" rel=\"noopener noreferrer\"><span style=\"font-size: 110%;\"><strong>L&#8217;Art de Parlar<\/strong><\/span><\/a><\/div>\n<div class=\"columna\" style=\"width: 25%;\"><a class=\"boto_taula\" style=\"color: #000000;\" href=\"https:\/\/serveiseducatius.xtec.cat\/altemporda\/concurs-oratoria-alt-emporda\/recursos-educatius\/\" target=\"_blank\" rel=\"noopener noreferrer\"><span style=\"font-size: 105%;\"><strong>Recursos educatius<\/strong><\/span><\/a><\/div>\n<div class=\"columna\" style=\"width: 25%;\"><a class=\"boto_taula\" style=\"color: #000000;\" href=\"https:\/\/serveiseducatius.xtec.cat\/altemporda\/concurs-oratoria-alt-emporda\/conferenciants\/\" target=\"_blank\" rel=\"noopener noreferrer\"><span style=\"font-size: 105%;\"><strong>Conferenciants<\/strong><\/span><\/a><\/div>\n<div class=\"columna\" style=\"width: 25%;\"><a class=\"boto_taula\" style=\"color: #000000;\" href=\"https:\/\/serveiseducatius.xtec.cat\/altemporda\/concurs-oratoria-alt-emporda\/recull-de-premsa\/\" target=\"_blank\" rel=\"noopener noreferrer\"><span style=\"font-size: 105%;\"><strong>Imatges i premsa<\/strong><\/span><\/a><\/div>\n<div class=\"columna\" style=\"width: 25%;\"><\/div>\n<\/div>\n<hr width=\"1px\/\" \/>\n<div class=\"fila;\">\n<div class=\"columna\" style=\"width: 20%; text-align: center;\"><\/div>\n<div class=\"columna\" style=\"width: 30%; text-align: center;\"><a class=\"boto_taula\" href=\"https:\/\/serveiseducatius.xtec.cat\/altemporda\/concurs-oratoria-alt-emporda\/infografia\/\" target=\"_blank\" rel=\"noopener noreferrer\"><span style=\"font-size: 105%;\"><strong>Infografia<\/strong><\/span><\/a><\/div>\n<div class=\"columna\" style=\"width: 30%; text-align: center;\"><a class=\"boto_taula\" href=\"https:\/\/serveiseducatius.xtec.cat\/altemporda\/concurs-oratoria-alt-emporda\/historic\/\" target=\"_blank\" rel=\"noopener noreferrer\"><span style=\"font-size: 105%;\"><strong>Hist\u00f2ric<\/strong><\/span><\/a><\/div>\n<div class=\"columna\" style=\"width: 20%;\"><\/div>\n<\/div>\n<hr width=\"1px\/\" \/>\n","protected":false},"excerpt":{"rendered":"<p>ORAT\u00d2RIA: PER A QU\u00c8? Avui dia s\u00f3n innombrables les ocasions en qu\u00e8 ens hem d\u2019enfrontar amb la necessitat de parlar en p\u00fablic: joves i adults ens veiem abocats a elaborar discursos orals en la vida acad\u00e8mica, professional i social. En contextos ben diversos hem de fer \u00fas de la paraula per explicar, exposar, conv\u00e8ncer&#8230; Hem [&hellip;]<\/p>\n","protected":false},"author":4,"featured_media":0,"parent":0,"menu_order":0,"comment_status":"closed","ping_status":"closed","template":"","meta":{"_bbp_topic_count":0,"_bbp_reply_count":0,"_bbp_total_topic_count":0,"_bbp_total_reply_count":0,"_bbp_voice_count":0,"_bbp_anonymous_reply_count":0,"_bbp_topic_count_hidden":0,"_bbp_reply_count_hidden":0,"_bbp_forum_subforum_count":0,"site-sidebar-layout":"default","site-content-layout":"","ast-site-content-layout":"default","site-content-style":"default","site-sidebar-style":"default","ast-global-header-display":"","ast-banner-title-visibility":"","ast-main-header-display":"","ast-hfb-above-header-display":"","ast-hfb-below-header-display":"","ast-hfb-mobile-header-display":"","site-post-title":"","ast-breadcrumbs-content":"","ast-featured-img":"","footer-sml-layout":"","theme-transparent-header-meta":"default","adv-header-id-meta":"","stick-header-meta":"","header-above-stick-meta":"","header-main-stick-meta":"","header-below-stick-meta":"","astra-migrate-meta-layouts":"set","ast-page-background-enabled":"default","ast-page-background-meta":{"desktop":{"background-color":"var(--ast-global-color-4)","background-image":"","background-repeat":"repeat","background-position":"center center","background-size":"auto","background-attachment":"scroll","background-type":"","background-media":"","overlay-type":"","overlay-color":"","overlay-opacity":"","overlay-gradient":""},"tablet":{"background-color":"","background-image":"","background-repeat":"repeat","background-position":"center center","background-size":"auto","background-attachment":"scroll","background-type":"","background-media":"","overlay-type":"","overlay-color":"","overlay-opacity":"","overlay-gradient":""},"mobile":{"background-color":"","background-image":"","background-repeat":"repeat","background-position":"center center","background-size":"auto","background-attachment":"scroll","background-type":"","background-media":"","overlay-type":"","overlay-color":"","overlay-opacity":"","overlay-gradient":""}},"ast-content-background-meta":{"desktop":{"background-color":"var(--ast-global-color-5)","background-image":"","background-repeat":"repeat","background-position":"center center","background-size":"auto","background-attachment":"scroll","background-type":"","background-media":"","overlay-type":"","overlay-color":"","overlay-opacity":"","overlay-gradient":""},"tablet":{"background-color":"var(--ast-global-color-5)","background-image":"","background-repeat":"repeat","background-position":"center center","background-size":"auto","background-attachment":"scroll","background-type":"","background-media":"","overlay-type":"","overlay-color":"","overlay-opacity":"","overlay-gradient":""},"mobile":{"background-color":"var(--ast-global-color-5)","background-image":"","background-repeat":"repeat","background-position":"center center","background-size":"auto","background-attachment":"scroll","background-type":"","background-media":"","overlay-type":"","overlay-color":"","overlay-opacity":"","overlay-gradient":""}},"footnotes":""},"class_list":["post-14340","page","type-page","status-publish","hentry"],"post_mailing_queue_ids":[],"_links":{"self":[{"href":"https:\/\/serveiseducatius.xtec.cat\/altemporda\/wp-json\/wp\/v2\/pages\/14340","targetHints":{"allow":["GET"]}}],"collection":[{"href":"https:\/\/serveiseducatius.xtec.cat\/altemporda\/wp-json\/wp\/v2\/pages"}],"about":[{"href":"https:\/\/serveiseducatius.xtec.cat\/altemporda\/wp-json\/wp\/v2\/types\/page"}],"author":[{"embeddable":true,"href":"https:\/\/serveiseducatius.xtec.cat\/altemporda\/wp-json\/wp\/v2\/users\/4"}],"replies":[{"embeddable":true,"href":"https:\/\/serveiseducatius.xtec.cat\/altemporda\/wp-json\/wp\/v2\/comments?post=14340"}],"version-history":[{"count":4,"href":"https:\/\/serveiseducatius.xtec.cat\/altemporda\/wp-json\/wp\/v2\/pages\/14340\/revisions"}],"predecessor-version":[{"id":27135,"href":"https:\/\/serveiseducatius.xtec.cat\/altemporda\/wp-json\/wp\/v2\/pages\/14340\/revisions\/27135"}],"wp:attachment":[{"href":"https:\/\/serveiseducatius.xtec.cat\/altemporda\/wp-json\/wp\/v2\/media?parent=14340"}],"curies":[{"name":"wp","href":"https:\/\/api.w.org\/{rel}","templated":true}]}}