{"id":14332,"date":"2021-10-22T13:25:56","date_gmt":"2021-10-22T11:25:56","guid":{"rendered":"https:\/\/serveiseducatius.xtec.cat\/altemporda\/?page_id=14332"},"modified":"2025-10-09T12:48:46","modified_gmt":"2025-10-09T10:48:46","slug":"parlar-en-public","status":"publish","type":"page","link":"https:\/\/serveiseducatius.xtec.cat\/altemporda\/concurs-oratoria-alt-emporda\/parlar-en-public\/","title":{"rendered":"Imatge gr\u00e0fica i cr\u00e8dits"},"content":{"rendered":"<div>\n<div><\/div>\n<\/div>\n<div>\n<p><span style=\"color: #990000; font-family: verdana, sans-serif; font-size: 12pt;\">Imatge gr\u00e0fica per personalitzar el web del vostre centre amb el concurs d&#8217;orat\u00f2ria. <em><strong>Descarregueu-vos-la aqu\u00ed<\/strong><\/em>.<\/span><\/p>\n<\/div>\n<div><span style=\"color: #990000; font-family: verdana, sans-serif; font-size: 12pt;\"><b>B\u00e0ner web<\/b><\/span><\/div>\n<div>\n<p><a href=\"https:\/\/serveiseducatius.xtec.cat\/altemporda\/wp-content\/uploads\/usu1156\/2024\/02\/Oratoria-DEF.png\" download=\"B\u00e0ner Orat\u00f2ria 2025\"><img loading=\"lazy\" decoding=\"async\" class=\"aligncenter wp-image-25849 size-large\" src=\"https:\/\/serveiseducatius.xtec.cat\/altemporda\/wp-content\/uploads\/usu1156\/2025\/06\/Oratoria-amb-logos-1-1024x409.png\" alt=\"\" width=\"1024\" height=\"409\" srcset=\"https:\/\/serveiseducatius.xtec.cat\/altemporda\/wp-content\/uploads\/usu1156\/2025\/06\/Oratoria-amb-logos-1-1024x409.png 1024w, https:\/\/serveiseducatius.xtec.cat\/altemporda\/wp-content\/uploads\/usu1156\/2025\/06\/Oratoria-amb-logos-1-300x120.png 300w, https:\/\/serveiseducatius.xtec.cat\/altemporda\/wp-content\/uploads\/usu1156\/2025\/06\/Oratoria-amb-logos-1-768x307.png 768w, https:\/\/serveiseducatius.xtec.cat\/altemporda\/wp-content\/uploads\/usu1156\/2025\/06\/Oratoria-amb-logos-1.png 1063w\" sizes=\"auto, (max-width: 1024px) 100vw, 1024px\" \/><\/a><\/p>\n<div>\n<div style=\"text-align: center;\"><span style=\"font-size: 12pt;\"><strong><span style=\"color: #993300;\">(2025)<\/span><\/strong><\/span><\/div>\n<div>\n<hr \/>\n<p>&nbsp;<\/p>\n<p><a href=\"https:\/\/serveiseducatius.xtec.cat\/altemporda\/wp-content\/uploads\/usu1156\/2024\/02\/Oratoria-DEF.png\" download=\"B\u00e0ner Orat\u00f2ria 2019-2023\"><img loading=\"lazy\" decoding=\"async\" class=\"aligncenter wp-image-22416\" src=\"https:\/\/serveiseducatius.xtec.cat\/altemporda\/wp-content\/uploads\/usu1156\/2024\/02\/Oratoria-DEF.png\" alt=\"\" width=\"905\" height=\"362\" srcset=\"https:\/\/serveiseducatius.xtec.cat\/altemporda\/wp-content\/uploads\/usu1156\/2024\/02\/Oratoria-DEF.png 1063w, https:\/\/serveiseducatius.xtec.cat\/altemporda\/wp-content\/uploads\/usu1156\/2024\/02\/Oratoria-DEF-300x120.png 300w, https:\/\/serveiseducatius.xtec.cat\/altemporda\/wp-content\/uploads\/usu1156\/2024\/02\/Oratoria-DEF-1024x409.png 1024w, https:\/\/serveiseducatius.xtec.cat\/altemporda\/wp-content\/uploads\/usu1156\/2024\/02\/Oratoria-DEF-768x307.png 768w\" sizes=\"auto, (max-width: 905px) 100vw, 905px\" \/><\/a><\/p>\n<div style=\"display: block; text-align: left;\"><\/div>\n<p style=\"text-align: center;\"><b style=\"color: #990000; font-family: verdana,sans-serif; font-size: small;\">(2019-2024)<\/b><\/p>\n<\/div>\n<hr \/>\n<div>\n<p><a href=\"https:\/\/serveiseducatius.xtec.cat\/altemporda\/wp-content\/uploads\/usu1156\/2021\/10\/IMATGE-PER-WEB-SEAE.jpg\" download=\"B\u00e0ner Orat\u00f2ria 2015-2018\"><img loading=\"lazy\" decoding=\"async\" class=\"aligncenter wp-image-14471 size-full\" src=\"https:\/\/serveiseducatius.xtec.cat\/altemporda\/wp-content\/uploads\/usu1156\/2021\/10\/IMATGE-PER-WEB-SEAE.jpg\" alt=\"\" width=\"992\" height=\"237\" srcset=\"https:\/\/serveiseducatius.xtec.cat\/altemporda\/wp-content\/uploads\/usu1156\/2021\/10\/IMATGE-PER-WEB-SEAE.jpg 992w, https:\/\/serveiseducatius.xtec.cat\/altemporda\/wp-content\/uploads\/usu1156\/2021\/10\/IMATGE-PER-WEB-SEAE-300x72.jpg 300w, https:\/\/serveiseducatius.xtec.cat\/altemporda\/wp-content\/uploads\/usu1156\/2021\/10\/IMATGE-PER-WEB-SEAE-768x183.jpg 768w\" sizes=\"auto, (max-width: 992px) 100vw, 992px\" \/><\/a><\/p>\n<div style=\"display: block; text-align: left;\"><\/div>\n<p style=\"text-align: center;\"><b style=\"color: #990000; font-family: verdana,sans-serif; font-size: small;\">(2015-2018)<\/b><\/p>\n<\/div>\n<p>&nbsp;<\/p>\n<div dir=\"ltr\" style=\"line-height: 17.0666656494141px;\">\n<div dir=\"ltr\">\n<p><span style=\"color: #993366;\"><strong><span style=\"font-size: 18pt;\">Cr\u00e8dits<\/span><\/strong><\/span><\/p>\n<p style=\"font-size: 13.6000003814697px; text-align: justify;\"><span style=\"font-family: verdana,sans-serif;\"><span style=\"color: #990000; font-size: medium;\"><b>\u00a9 Concurs d&#8217;orat\u00f2ria juvenil de l&#8217;Alt Empord\u00e0<\/b><\/span><\/span><\/p>\n<p><b style=\"line-height: 17.0666656494141px; text-align: left; font-size: medium; font-family: verdana,sans-serif;\"><span style=\"color: #990000;\">\u00a9 Grup de treball 2025\/2026: <\/span><\/b><span style=\"color: #990000;\"><span style=\"text-align: left; font-family: verdana, sans-serif; font-size: 10pt; color: #000000;\"><strong>M. \u00c0ngels Vila Safon<\/strong>t\u00a0INS Narc\u00eds Monturiol (Figueres),\u00a0<strong>Laura Espinosa D\u00edaz<\/strong> INS La Jonquera, <strong>Marta Planas Fontdecaba <\/strong>INS Ramon Muntaner (Figueres), <strong>Roser Aguado<\/strong> INS Olivar Gran (Figueres), <strong>S\u00f2nia Palomar<\/strong> I-E Caritat Serinyana-Cap de Creus (Cadaqu\u00e9s), <strong>Marta Fons<\/strong> INS Peralada i <strong>Pili Arn\u00e1iz<\/strong> (CRP).<\/span><\/span><\/p>\n<p><b style=\"line-height: 17.0666656494141px; text-align: left; font-size: medium; font-family: verdana,sans-serif;\"><span style=\"color: #990000;\">\u00a9 Grup de treball 2024\/2025: <\/span><\/b><span style=\"color: #990000;\"><span style=\"text-align: left; font-family: verdana, sans-serif; font-size: 10pt; color: #000000;\"><strong>M. \u00c0ngels Vila Safon<\/strong>t\u00a0INS Narc\u00eds Monturiol (Figueres),\u00a0<strong>Laura Espinosa D\u00edaz<\/strong> INS La Jonquera, <strong>Marta Planas Fontdecaba <\/strong>INS Ramon Muntaner (Figueres), <strong>Roser Aguado<\/strong> INS Olivar Gran (Figueres), <strong>S\u00f2nia Palomar<\/strong> I-E Caritat Serinyana-Cap de Creus (Cadaqu\u00e9s), <strong>Marta Fons<\/strong> INS Peralada i <strong>Pili Arn\u00e1iz<\/strong> (CRP).<\/span><\/span><\/p>\n<p><b style=\"line-height: 17.0666656494141px; text-align: left; font-size: medium; font-family: verdana,sans-serif;\"><span style=\"color: #990000;\">\u00a9 Grup de treball 2023\/2024:<\/span><\/b><b> <\/b><span style=\"text-align: left; font-family: verdana, sans-serif; font-size: 10pt;\"><b>M. \u00c0ngels Vila Safont<\/b>\u00a0INS Narc\u00eds Monturiol (Figueres),\u00a0<b>Laura Espinosa D\u00edaz<\/b> INS La Jonquera, <b>Marta Planas Fontdecaba<\/b> INS Ramon Muntaner (Figueres), <b>Roser Aguado<\/b> INS Olivar Gran (Figueres), <b>S\u00f2nia Palomar <\/b>I-E Caritat Serinyana-Cap de Creus (Cadaqu\u00e9s) i <b>Pili Arn\u00e1iz<\/b> (CRP).<\/span><\/p>\n<p><b style=\"line-height: 17.0666656494141px; text-align: left; font-size: medium; font-family: verdana,sans-serif;\"><span style=\"color: #990000;\">\u00a9 Grup de treball 2021\/2023:<\/span><\/b><b> <\/b><span style=\"text-align: left; font-family: verdana, sans-serif; font-size: 10pt;\"><b>M. \u00c0ngels Vila Safont<\/b>\u00a0INS Narc\u00eds Monturiol (Figueres),\u00a0<b>Laura Espinosa D\u00edaz<\/b> INS La Jonquera, <b>Marta Planas Fontdecaba<\/b> INS Ramon Muntaner (Figueres), <b>Roser Aguado<\/b> INS Olivar Gran (Figueres), <b>Josep Maria Mora<\/b> i <b>Pili Arn\u00e1iz<\/b> (CRP).<\/span><\/p>\n<p style=\"font-size: 13.3333330154419px; line-height: 17.0666656494141px; text-align: justify;\"><b style=\"line-height: 17.0666656494141px; text-align: left; font-size: medium; font-family: verdana,sans-serif;\"><span style=\"color: #990000;\">\u00a9 Grup de treball 2015\/2020:<\/span><\/b><span style=\"line-height: 17.0666656494141px; text-align: left;\"><span style=\"font-family: verdana, sans-serif; font-size: small;\"><b>\u00a0<\/b><\/span><\/span><span style=\"text-align: left; font-family: verdana,sans-serif;\"><b>Llu\u00eds Bosch S\u00e1nchez i M. \u00c0ngels Vila Safont<\/b>\u00a0INS Narc\u00eds Monturiol (Figueres),\u00a0<b>Laura Espinosa D\u00edaz<\/b>\u00a0INS La Jonquera,\u00a0<b>Anna Gasull Puig<\/b>\u00a0INS Alexandre Deulofeu (Figueres),\u00a0<b>Marta Planas Fontdecaba<\/b>\u00a0INS Cap Norfeu (Roses),\u00a0<b>Josep Maria Mora<\/b> i <b>Josep Maria Godoy<\/b> (CRP).<\/span><\/p>\n<p style=\"font-size: 13.3333px; line-height: 17.0667px; text-align: left;\"><b style=\"font-size: medium; font-family: verdana,sans-serif; line-height: 17.0666656494141px;\"><span style=\"color: #990000;\">\u00a9 Grup de treball 2014\/2015:<\/span><\/b><span style=\"line-height: 17.0666656494141px;\"><span style=\"font-family: verdana, sans-serif; font-size: small;\"><b>\u00a0<\/b><\/span><\/span><span style=\"font-family: verdana,sans-serif;\"><b>Llu\u00eds Bosch S\u00e1nchez<\/b> INS Narc\u00eds Monturiol (Figueres), <b>Laura Espinosa D\u00edaz<\/b> INS La Jonquera, <b>Anna Gasull Puig<\/b> INS Alexandre Deulofeu (Figueres), <b>M. \u00c0ngels Vila Safont<\/b> INS Olivar Gran (Figueres), <b>Josep Maria Mora<\/b> (CRP) i <b>Pili Arnaiz<\/b> (ELIC).<\/span><\/p>\n<p style=\"font-size: 13.6000003814697px; text-align: justify;\"><span style=\"font-size: 13.6000003814697px; line-height: 17.0666656494141px; font-family: verdana,sans-serif; background-color: transparent;\"><span style=\"color: #990000;\"><span style=\"font-size: medium;\"><b><span style=\"font-size: medium;\"><b>\u00a9\u00a0<\/b><\/span>Equip impulsor:<\/b><\/span> <\/span><span style=\"font-size: small;\"><b><span style=\"font-size: small;\">Carles Ballart\u00a0Junyer<\/span><\/b> <\/span><span style=\"font-size: small;\">INS Olivar Gran\u00a0(Figueres), <\/span><span style=\"font-size: small;\"><b>Jordi Casals\u00a0Merchan<\/b> <\/span><span style=\"font-size: small;\">INS Cap Norfeu (Roses), <\/span><span style=\"font-size: small;\"><b>Helena Cortada Sues<\/b> <\/span><span style=\"font-size: small;\">INS Cendrassos\u00a0(Figueres), <\/span><\/span><span style=\"font-size: 13.6000003814697px; line-height: 17.0666656494141px; font-family: verdana,sans-serif; background-color: transparent;\"><span style=\"font-size: small;\"><b><span style=\"font-size: small;\"><b>Maria Rosa <\/b><\/span>Ferrer\u00a0Crua\u00f1as<\/b>, <\/span><span style=\"font-size: small;\">SES Castell\u00f3 d&#8217;Emp\u00faries\u00a0(Cd&#8217;E), <b>Marina Fortea\u00a0Esparza<\/b> <\/span><span style=\"font-size: small;\">SES Cap de Creus\u00a0(Cadaqu\u00e9s), <b>Juan Manuel Martos\u00a0Fuentes<\/b> <\/span><span style=\"font-size: small;\">INS de Llan\u00e7\u00e0\u00a0(Llan\u00e7\u00e0), <b>Teresa <\/b><\/span><span style=\"font-size: small;\"><b>Prats\u00a0Marimont<\/b> <\/span><span style=\"font-size: small;\">INS El Pedr\u00f3\u00a0(L&#8217;Escala), <\/span><span style=\"font-size: small;\"><b>Jordi Pregonas\u00a0Gost<\/b> <\/span><span style=\"font-size: small;\">INS de La Jonquera\u00a0(La Jonquera) <\/span><span style=\"font-size: small;\"><b>N\u00faria Pujol\u00a0Francesch<\/b> <\/span><span style=\"font-size: small;\">INS Ramon Muntaner\u00a0(Figueres), <b>Esther Renart\u00a0Prat<\/b><\/span> <span style=\"font-size: small;\">INS Illa de Rodes\u00a0(Roses)<\/span>, <b><span style=\"font-size: small;\">Gemma Roca Pallares<\/span><\/b> <span style=\"font-size: small;\">INS Alexandre Deulofeu (Figueres),\u00a0<\/span><b><span style=\"font-size: small;\">Gerard Sarde\u00f1a\u00a0Vel\u00e1zquez<\/span><\/b> <span style=\"font-size: small;\">INS de Vilafant\u00a0(Vilafant), <b>N\u00faria <\/b><\/span><span style=\"font-size: small;\"><b>Tuset\u00a0Torres<\/b><\/span> <span style=\"font-size: small;\">INS Narc\u00eds Monturiol (Figueres).<\/span><\/span><\/p>\n<p style=\"font-size: 13.6000003814697px; text-align: justify;\"><b style=\"font-family: verdana,sans-serif; background-color: transparent; line-height: 17.0667px;\"><span style=\"color: #990000; font-size: medium;\">\u00a9 Espai Armengol<\/span><\/b><\/p>\n<p><b style=\"font-family: verdana,sans-serif; background-color: transparent; line-height: 17.0667px;\"><span style=\"color: #990000; font-size: medium;\">\u00a9 Barcanova<\/span><\/b><\/p>\n<p style=\"font-size: 13.6000003814697px; text-align: justify;\"><span style=\"font-family: verdana,sans-serif;\"><span style=\"color: #990000;\"><b><span style=\"font-size: medium;\">\u00a9 Servei Educatiu de l\u2019Alt Empord\u00e0<\/span><\/b><span style=\"font-size: medium;\">.<\/span><\/span><\/span><\/p>\n<p><span style=\"font-size: 13.6000003814697px; font-family: verdana,sans-serif;\"><span style=\"color: #990000;\">\u00a0<\/span><\/span><\/p>\n<p style=\"font-size: 13.6000003814697px; text-align: justify;\"><span style=\"font-family: verdana,sans-serif;\"><b><span style=\"color: #990000; font-size: medium;\">Departament d\u2019Educaci\u00f3 i Formaci\u00f3 Professional de la Generalitat de Catalunya.<\/span><\/b><\/span><\/p>\n<p style=\"font-size: 13.6000003814697px; text-align: justify;\"><span style=\"font-size: small;\"><span style=\"font-family: verdana,sans-serif;\">Avinguda Maria \u00c0ngels Anglada, 13. Figueres.<\/span><\/span><\/p>\n<p style=\"font-size: 13.6000003814697px; text-align: justify;\"><span style=\"font-size: small;\"><span style=\"font-family: verdana,sans-serif;\"><span style=\"color: #274e13;\"><a href=\"http:\/\/www.google.com\/url?q=http%3A%2F%2Fwww.sealtemporda.cat%2F&amp;sa=D&amp;sntz=1&amp;usg=AFrqEzcMhTlh-lyAgWLpIwZHdRTkx8faSQ\" rel=\"nofollow\">www.sealtemporda.cat<\/a><\/span><\/span><\/span><\/p>\n<p style=\"font-size: 13.6000003814697px; text-align: justify;\"><span style=\"font-size: small;\"><span style=\"font-family: verdana,sans-serif;\"><span style=\"color: #274e13;\"><a href=\"mailto:crp-altemporda@xtec.cat\" target=\"_blank\" rel=\"noopener\">crp-altemporda@xtec.cat<\/a><\/span><\/span><\/span><\/p>\n<p style=\"font-size: 13.6000003814697px; text-align: justify;\"><span style=\"font-size: small;\"><span style=\"font-family: verdana,sans-serif;\"><b><span style=\"color: #990000;\">Drets de reproducci\u00f3 i adaptaci\u00f3:\u00a0<\/span><\/b><span style=\"color: #000000;\">la reproducci\u00f3 d&#8217;aquest entorn\u00a0<i>web\u00a0<\/i>est\u00e0 autoritzada i agra\u00efda, tant si se cita o no el seu origen, amb la finalitat d&#8217;engrescar i divulgar aquesta iniciativa, tret dels casos que es vulgui fer, directament o indirectament, amb algun tipus de finalitat comercial o lucrativa.<\/span><\/span><\/span><\/p>\n<p style=\"font-size: 13.6000003814697px; line-height: 16px; text-align: justify;\"><span style=\"font-size: small;\"><span style=\"font-family: verdana,sans-serif;\"><span style=\"line-height: 21px;\"><b><span style=\"color: #990000;\">La petjada ecol\u00f2gica:<\/span><\/b><span style=\"color: #274e13;\">\u00a0<\/span><span style=\"color: #000000;\">en\u00a0<\/span><\/span><span style=\"line-height: 21px;\"><span style=\"color: #000000;\">l&#8217;edici\u00f3 impresa dels materials derivats d&#8217;aquest\u00a0<i>web\u00a0<\/i>es t\u00e9 en compte\u00a0fer servir materials respectuosos amb el medi ambient.<\/span><\/span><\/span><\/span><\/p>\n<div style=\"display: block; text-align: center; margin-right: auto; margin-left: auto;\"><span style=\"font-size: small;\"><span style=\"color: #000000;\"><a href=\"https:\/\/docs.google.com\/a\/xtec.cat\/file\/d\/0B0zHBF5nyE_QTi0zVkNHREZaMVE1eXh5dnFub09WdkkxVFhB\/edit?usp=drive_web\"><img loading=\"lazy\" decoding=\"async\" class=\"\" src=\"https:\/\/docs.google.com\/a\/xtec.cat\/uc?id=0B0zHBF5nyE_QTi0zVkNHREZaMVE1eXh5dnFub09WdkkxVFhB&amp;export=download\" width=\"464\" height=\"269\" border=\"0\" \/><\/a><\/span><\/span><\/div>\n<p><span style=\"font-size: small;\"><span style=\"color: #000000;\">\u00a0<\/span><\/span><\/p>\n<hr style=\"font-size: 13.6000003814697px;\" \/>\n<div style=\"font-size: 13.6000003814697px;\"><\/div>\n<\/div>\n<\/div>\n<div style=\"display: block; text-align: center; margin-right: auto; margin-left: auto;\">\n<div style=\"display: block; text-align: left;\"><a href=\"https:\/\/sites.google.com\/a\/xtec.cat\/concurs-d-oratoria-juvenil-de-l-alt-emporda\/home\/logo1.PNG?attredirects=0\"><img decoding=\"async\" style=\"width: 100%;\" src=\"https:\/\/sites.google.com\/a\/xtec.cat\/concurs-d-oratoria-juvenil-de-l-alt-emporda\/home\/logo1.PNG\" border=\"0\" \/><\/a><\/div>\n<\/div>\n<\/div>\n<\/div>\n","protected":false},"excerpt":{"rendered":"<p>Imatge gr\u00e0fica per personalitzar el web del vostre centre amb el concurs d&#8217;orat\u00f2ria. Descarregueu-vos-la aqu\u00ed. B\u00e0ner web (2025) &nbsp; (2019-2024) (2015-2018) &nbsp; Cr\u00e8dits \u00a9 Concurs d&#8217;orat\u00f2ria juvenil de l&#8217;Alt Empord\u00e0 \u00a9 Grup de treball 2025\/2026: M. \u00c0ngels Vila Safont\u00a0INS Narc\u00eds Monturiol (Figueres),\u00a0Laura Espinosa D\u00edaz INS La Jonquera, Marta Planas Fontdecaba INS Ramon Muntaner (Figueres), Roser [&hellip;]<\/p>\n","protected":false},"author":1,"featured_media":0,"parent":14340,"menu_order":0,"comment_status":"closed","ping_status":"closed","template":"","meta":{"_bbp_topic_count":0,"_bbp_reply_count":0,"_bbp_total_topic_count":0,"_bbp_total_reply_count":0,"_bbp_voice_count":0,"_bbp_anonymous_reply_count":0,"_bbp_topic_count_hidden":0,"_bbp_reply_count_hidden":0,"_bbp_forum_subforum_count":0,"site-sidebar-layout":"default","site-content-layout":"","ast-site-content-layout":"","site-content-style":"default","site-sidebar-style":"default","ast-global-header-display":"","ast-banner-title-visibility":"","ast-main-header-display":"","ast-hfb-above-header-display":"","ast-hfb-below-header-display":"","ast-hfb-mobile-header-display":"","site-post-title":"","ast-breadcrumbs-content":"","ast-featured-img":"","footer-sml-layout":"","theme-transparent-header-meta":"","adv-header-id-meta":"","stick-header-meta":"","header-above-stick-meta":"","header-main-stick-meta":"","header-below-stick-meta":"","astra-migrate-meta-layouts":"default","ast-page-background-enabled":"default","ast-page-background-meta":{"desktop":{"background-color":"var(--ast-global-color-4)","background-image":"","background-repeat":"repeat","background-position":"center center","background-size":"auto","background-attachment":"scroll","background-type":"","background-media":"","overlay-type":"","overlay-color":"","overlay-opacity":"","overlay-gradient":""},"tablet":{"background-color":"","background-image":"","background-repeat":"repeat","background-position":"center center","background-size":"auto","background-attachment":"scroll","background-type":"","background-media":"","overlay-type":"","overlay-color":"","overlay-opacity":"","overlay-gradient":""},"mobile":{"background-color":"","background-image":"","background-repeat":"repeat","background-position":"center center","background-size":"auto","background-attachment":"scroll","background-type":"","background-media":"","overlay-type":"","overlay-color":"","overlay-opacity":"","overlay-gradient":""}},"ast-content-background-meta":{"desktop":{"background-color":"var(--ast-global-color-5)","background-image":"","background-repeat":"repeat","background-position":"center center","background-size":"auto","background-attachment":"scroll","background-type":"","background-media":"","overlay-type":"","overlay-color":"","overlay-opacity":"","overlay-gradient":""},"tablet":{"background-color":"var(--ast-global-color-5)","background-image":"","background-repeat":"repeat","background-position":"center center","background-size":"auto","background-attachment":"scroll","background-type":"","background-media":"","overlay-type":"","overlay-color":"","overlay-opacity":"","overlay-gradient":""},"mobile":{"background-color":"var(--ast-global-color-5)","background-image":"","background-repeat":"repeat","background-position":"center center","background-size":"auto","background-attachment":"scroll","background-type":"","background-media":"","overlay-type":"","overlay-color":"","overlay-opacity":"","overlay-gradient":""}},"footnotes":""},"class_list":["post-14332","page","type-page","status-publish","hentry"],"post_mailing_queue_ids":[],"_links":{"self":[{"href":"https:\/\/serveiseducatius.xtec.cat\/altemporda\/wp-json\/wp\/v2\/pages\/14332","targetHints":{"allow":["GET"]}}],"collection":[{"href":"https:\/\/serveiseducatius.xtec.cat\/altemporda\/wp-json\/wp\/v2\/pages"}],"about":[{"href":"https:\/\/serveiseducatius.xtec.cat\/altemporda\/wp-json\/wp\/v2\/types\/page"}],"author":[{"embeddable":true,"href":"https:\/\/serveiseducatius.xtec.cat\/altemporda\/wp-json\/wp\/v2\/users\/1"}],"replies":[{"embeddable":true,"href":"https:\/\/serveiseducatius.xtec.cat\/altemporda\/wp-json\/wp\/v2\/comments?post=14332"}],"version-history":[{"count":7,"href":"https:\/\/serveiseducatius.xtec.cat\/altemporda\/wp-json\/wp\/v2\/pages\/14332\/revisions"}],"predecessor-version":[{"id":26480,"href":"https:\/\/serveiseducatius.xtec.cat\/altemporda\/wp-json\/wp\/v2\/pages\/14332\/revisions\/26480"}],"up":[{"embeddable":true,"href":"https:\/\/serveiseducatius.xtec.cat\/altemporda\/wp-json\/wp\/v2\/pages\/14340"}],"wp:attachment":[{"href":"https:\/\/serveiseducatius.xtec.cat\/altemporda\/wp-json\/wp\/v2\/media?parent=14332"}],"curies":[{"name":"wp","href":"https:\/\/api.w.org\/{rel}","templated":true}]}}