{"id":14322,"date":"2021-10-22T13:07:39","date_gmt":"2021-10-22T11:07:39","guid":{"rendered":"https:\/\/serveiseducatius.xtec.cat\/altemporda\/?page_id=14322"},"modified":"2021-11-03T17:07:30","modified_gmt":"2021-11-03T16:07:30","slug":"lart-de-parlar","status":"publish","type":"page","link":"https:\/\/serveiseducatius.xtec.cat\/altemporda\/concurs-oratoria-alt-emporda\/lart-de-parlar\/","title":{"rendered":"L&#8217;Art de parlar"},"content":{"rendered":"<p><span style=\"font-size: 12pt;\">En aquest espai hi trobareu diferents propostes per treballar amb l&#8217;alumnat, que podreu complementar en l&#8217;apartat [recursos] d&#8217;aquest mateix espai web.<\/span><\/p>\n<p><span style=\"font-size: 12pt;\">Cada centre pot escollir les fitxes o din\u00e0miques que cregui m\u00e9s oportunes. La pestanya [experi\u00e8ncies de centre] est\u00e0 pensada per personalitzar les diferents din\u00e0miques que cada centre realitzi amb el seu alumnat. Us oferim, doncs, aquest espai per mostrar les experi\u00e8ncies que ens aneu fent arribar.<\/span><\/p>\n<p><span style=\"font-size: 12pt;\">A cada fitxa s&#8217;hi pot trobar la seg\u00fcent informaci\u00f3:<\/span><\/p>\n<div>\n<p><span style=\"font-size: 12pt;\">1) T\u00edtol\u00a0(del contingut que es vol treballar).<\/span><\/p>\n<p><span style=\"font-size: 12pt;\">2) Descriptor\u00a0(breu descriptor dels elements b\u00e0sics del contingut a treballar).<\/span><\/p>\n<p><span style=\"font-size: 12pt;\">3) Idees clau\u00a0(aspectes m\u00e9s rellevants del contingut exposat).<\/span><\/p>\n<p><span style=\"font-size: 12pt;\">4) Pr\u00e0ctica (exercici pr\u00e0ctic que ha de fer l&#8217;alumnat en refer\u00e8ncia al cap\u00edtol, a partir del\u00a0material audiovisual o textual que trobar\u00e0)<\/span><\/p>\n<div>\u00cdndex de fitxes.<\/div>\n<div><\/div>\n<div><\/div>\n<\/div>\n<div>\n<ol>\n<li><a href=\"https:\/\/serveiseducatius.xtec.cat\/altemporda\/concurs-oratoria-alt-emporda\/lart-de-parlar\/1-argumentacio\/\">L&#8217;argumentaci\u00f3<\/a><\/li>\n<li><a href=\"https:\/\/serveiseducatius.xtec.cat\/altemporda\/concurs-oratoria-alt-emporda\/lart-de-parlar\/2-preparacio-i-assaig\/\" target=\"_blank\" rel=\"noopener\">Preparaci\u00f3 i assaig<\/a><\/li>\n<li><a href=\"https:\/\/serveiseducatius.xtec.cat\/altemporda\/concurs-oratoria-alt-emporda\/lart-de-parlar\/3-les-emocions\/\" target=\"_blank\" rel=\"noopener\">Les emocions<\/a><\/li>\n<li><a href=\"https:\/\/serveiseducatius.xtec.cat\/altemporda\/concurs-oratoria-alt-emporda\/lart-de-parlar\/4-com-comencar\/\" target=\"_blank\" rel=\"noopener\">Com comen\u00e7ar?<\/a><\/li>\n<li><a href=\"https:\/\/serveiseducatius.xtec.cat\/altemporda\/concurs-oratoria-alt-emporda\/lart-de-parlar\/5-la-veu\/\" target=\"_blank\" rel=\"noopener\">La veu<\/a><\/li>\n<li><a href=\"https:\/\/serveiseducatius.xtec.cat\/altemporda\/concurs-oratoria-alt-emporda\/lart-de-parlar\/6-el-llenguatge-i-el-vocabulari\/\" target=\"_blank\" rel=\"noopener\">El llenguatge i vocabulari<\/a><\/li>\n<li><a href=\"https:\/\/serveiseducatius.xtec.cat\/altemporda\/concurs-oratoria-alt-emporda\/lart-de-parlar\/7-laudiencia\/\" target=\"_blank\" rel=\"noopener\">L&#8217;audi\u00e8ncia<\/a><\/li>\n<li><a href=\"https:\/\/serveiseducatius.xtec.cat\/altemporda\/concurs-oratoria-alt-emporda\/lart-de-parlar\/8-pauses-i-silencis\/\" target=\"_blank\" rel=\"noopener\">Pauses i silencis<\/a><\/li>\n<li><a href=\"https:\/\/serveiseducatius.xtec.cat\/altemporda\/concurs-oratoria-alt-emporda\/lart-de-parlar\/9-les-preguntes\/\" target=\"_blank\" rel=\"noopener\">Les preguntes<\/a><\/li>\n<li><a href=\"https:\/\/serveiseducatius.xtec.cat\/altemporda\/concurs-oratoria-alt-emporda\/lart-de-parlar\/10-la-comunicacio-no-verbal\/\" target=\"_blank\" rel=\"noopener\">La comunicaci\u00f3 no verbal<\/a><\/li>\n<li><a href=\"https:\/\/serveiseducatius.xtec.cat\/altemporda\/concurs-oratoria-alt-emporda\/lart-de-parlar\/11-exemples-anecdotes-i-bromes\/\" target=\"_blank\" rel=\"noopener\">Exemples, an\u00e8cdotes i bromes<\/a><\/li>\n<li><a href=\"https:\/\/serveiseducatius.xtec.cat\/altemporda\/concurs-oratoria-alt-emporda\/lart-de-parlar\/12-lus-de-suport-audiovisual\/\" target=\"_blank\" rel=\"noopener\">L&#8217;\u00fas de suport audiovisual<\/a><\/li>\n<li><a href=\"https:\/\/serveiseducatius.xtec.cat\/altemporda\/concurs-oratoria-alt-emporda\/lart-de-parlar\/13-control-del-temps\/\" target=\"_blank\" rel=\"noopener\">Control del temps<\/a><\/li>\n<li><a href=\"https:\/\/serveiseducatius.xtec.cat\/altemporda\/concurs-oratoria-alt-emporda\/lart-de-parlar\/14-conclusions\/\" target=\"_blank\" rel=\"noopener\">Conclusions<\/a><\/li>\n<li><a href=\"https:\/\/serveiseducatius.xtec.cat\/altemporda\/concurs-oratoria-alt-emporda\/lart-de-parlar\/15-bibliografia\/\" target=\"_blank\" rel=\"noopener\">Bibliografia<\/a><\/li>\n<\/ol>\n<\/div>\n<div>\n<hr \/>\n<\/div>\n","protected":false},"excerpt":{"rendered":"<p>En aquest espai hi trobareu diferents propostes per treballar amb l&#8217;alumnat, que podreu complementar en l&#8217;apartat [recursos] d&#8217;aquest mateix espai web. Cada centre pot escollir les fitxes o din\u00e0miques que cregui m\u00e9s oportunes. La pestanya [experi\u00e8ncies de centre] est\u00e0 pensada per personalitzar les diferents din\u00e0miques que cada centre realitzi amb el seu alumnat. Us oferim, [&hellip;]<\/p>\n","protected":false},"author":1,"featured_media":0,"parent":14340,"menu_order":4,"comment_status":"closed","ping_status":"closed","template":"","meta":{"_bbp_topic_count":0,"_bbp_reply_count":0,"_bbp_total_topic_count":0,"_bbp_total_reply_count":0,"_bbp_voice_count":0,"_bbp_anonymous_reply_count":0,"_bbp_topic_count_hidden":0,"_bbp_reply_count_hidden":0,"_bbp_forum_subforum_count":0,"site-sidebar-layout":"default","site-content-layout":"","ast-site-content-layout":"","site-content-style":"default","site-sidebar-style":"default","ast-global-header-display":"","ast-banner-title-visibility":"","ast-main-header-display":"","ast-hfb-above-header-display":"","ast-hfb-below-header-display":"","ast-hfb-mobile-header-display":"","site-post-title":"","ast-breadcrumbs-content":"","ast-featured-img":"","footer-sml-layout":"","theme-transparent-header-meta":"","adv-header-id-meta":"","stick-header-meta":"","header-above-stick-meta":"","header-main-stick-meta":"","header-below-stick-meta":"","astra-migrate-meta-layouts":"default","ast-page-background-enabled":"default","ast-page-background-meta":{"desktop":{"background-color":"var(--ast-global-color-4)","background-image":"","background-repeat":"repeat","background-position":"center center","background-size":"auto","background-attachment":"scroll","background-type":"","background-media":"","overlay-type":"","overlay-color":"","overlay-opacity":"","overlay-gradient":""},"tablet":{"background-color":"","background-image":"","background-repeat":"repeat","background-position":"center center","background-size":"auto","background-attachment":"scroll","background-type":"","background-media":"","overlay-type":"","overlay-color":"","overlay-opacity":"","overlay-gradient":""},"mobile":{"background-color":"","background-image":"","background-repeat":"repeat","background-position":"center center","background-size":"auto","background-attachment":"scroll","background-type":"","background-media":"","overlay-type":"","overlay-color":"","overlay-opacity":"","overlay-gradient":""}},"ast-content-background-meta":{"desktop":{"background-color":"var(--ast-global-color-5)","background-image":"","background-repeat":"repeat","background-position":"center center","background-size":"auto","background-attachment":"scroll","background-type":"","background-media":"","overlay-type":"","overlay-color":"","overlay-opacity":"","overlay-gradient":""},"tablet":{"background-color":"var(--ast-global-color-5)","background-image":"","background-repeat":"repeat","background-position":"center center","background-size":"auto","background-attachment":"scroll","background-type":"","background-media":"","overlay-type":"","overlay-color":"","overlay-opacity":"","overlay-gradient":""},"mobile":{"background-color":"var(--ast-global-color-5)","background-image":"","background-repeat":"repeat","background-position":"center center","background-size":"auto","background-attachment":"scroll","background-type":"","background-media":"","overlay-type":"","overlay-color":"","overlay-opacity":"","overlay-gradient":""}},"footnotes":""},"class_list":["post-14322","page","type-page","status-publish","hentry"],"post_mailing_queue_ids":[],"_links":{"self":[{"href":"https:\/\/serveiseducatius.xtec.cat\/altemporda\/wp-json\/wp\/v2\/pages\/14322","targetHints":{"allow":["GET"]}}],"collection":[{"href":"https:\/\/serveiseducatius.xtec.cat\/altemporda\/wp-json\/wp\/v2\/pages"}],"about":[{"href":"https:\/\/serveiseducatius.xtec.cat\/altemporda\/wp-json\/wp\/v2\/types\/page"}],"author":[{"embeddable":true,"href":"https:\/\/serveiseducatius.xtec.cat\/altemporda\/wp-json\/wp\/v2\/users\/1"}],"replies":[{"embeddable":true,"href":"https:\/\/serveiseducatius.xtec.cat\/altemporda\/wp-json\/wp\/v2\/comments?post=14322"}],"version-history":[{"count":4,"href":"https:\/\/serveiseducatius.xtec.cat\/altemporda\/wp-json\/wp\/v2\/pages\/14322\/revisions"}],"predecessor-version":[{"id":14681,"href":"https:\/\/serveiseducatius.xtec.cat\/altemporda\/wp-json\/wp\/v2\/pages\/14322\/revisions\/14681"}],"up":[{"embeddable":true,"href":"https:\/\/serveiseducatius.xtec.cat\/altemporda\/wp-json\/wp\/v2\/pages\/14340"}],"wp:attachment":[{"href":"https:\/\/serveiseducatius.xtec.cat\/altemporda\/wp-json\/wp\/v2\/media?parent=14322"}],"curies":[{"name":"wp","href":"https:\/\/api.w.org\/{rel}","templated":true}]}}