{"id":14316,"date":"2021-10-22T12:55:59","date_gmt":"2021-10-22T10:55:59","guid":{"rendered":"https:\/\/serveiseducatius.xtec.cat\/altemporda\/?page_id=14316"},"modified":"2025-10-09T12:38:24","modified_gmt":"2025-10-09T10:38:24","slug":"inscripcions","status":"publish","type":"page","link":"https:\/\/serveiseducatius.xtec.cat\/altemporda\/concurs-oratoria-alt-emporda\/inscripcions\/","title":{"rendered":"Inscripcions"},"content":{"rendered":"<p style=\"text-align: justify;\"><span style=\"font-size: 12pt;\"><span style=\"font-family: verdana, sans-serif; line-height: 18.9091px;\">. Fins al <\/span><b style=\"font-family: verdana, sans-serif; line-height: 18.9091px;\"><span style=\"color: #990000;\">divendres 13 de febrer de 2026 <\/span><\/b><span style=\"font-family: verdana, sans-serif; line-height: 18.9091px; background-color: transparent;\">els centres participants hauran d&#8217;o<\/span><\/span><span style=\"font-size: 12pt;\"><span style=\"font-family: verdana, sans-serif; line-height: 1.6;\">mplir les dades del seg\u00fcent <a href=\"https:\/\/docs.google.com\/forms\/d\/e\/1FAIpQLScfgOw4QCgvNMQpvMOdcLurHzurwG1144gnbiE1O1-ssZucEw\/viewform\" target=\"_blank\" rel=\"noopener\">formulari<\/a><\/span><span style=\"font-family: verdana, sans-serif; line-height: 1.6;\"><span style=\"background-color: #ffffff;\">.<\/span><br \/>\n<\/span><\/span><\/p>\n<p style=\"text-align: justify;\"><span style=\"font-size: 12pt;\"><span style=\"line-height: 17.0667px; background-color: transparent; font-family: verdana, sans-serif;\">. El formulari us demanar\u00e0 les dades b\u00e0siques de la persona referent de centre i de l&#8217;alumnat inscrit, aix\u00ed com adjuntar <\/span><span style=\"line-height: 17.0667px; background-color: transparent; font-family: verdana, sans-serif;\">una fotografia de mida carnet amb una resoluci\u00f3 \u00f2ptima i un breu descriptor amb les dades m\u00e9s destacades de l&#8217;alumnat participant: traject\u00f2ria, interessos i aficions&#8230; (m\u00e0xim 10 l\u00ednies)<\/span><span style=\"line-height: 17.0667px; background-color: transparent; font-family: verdana, sans-serif;\">.\u00a0<\/span><span style=\"font-family: verdana, sans-serif; line-height: 1.6; background-color: transparent;\">Aquesta descripci\u00f3 es publicar\u00e0 <a href=\"https:\/\/serveiseducatius.xtec.cat\/altemporda\/concurs-oratoria-alt-emporda\/acte-central\/\" target=\"_blank\" rel=\"noopener\">en aquest espai web<\/a>. \u00c9s responsabilitat del professorat del centre la correcci\u00f3 dels textos de l\u2019alumnat que es publiquen en aquesta p\u00e0gina. Podeu consultar exemples d&#8217;anys anteriors a <a href=\"https:\/\/serveiseducatius.xtec.cat\/altemporda\/concurs-oratoria-alt-emporda\/historic\/\">l&#8217;hist\u00f2ric<\/a>.<\/span><\/span><\/p>\n<p style=\"text-align: justify;\"><span style=\"font-family: verdana, sans-serif; font-size: 12pt; line-height: 1.6; background-color: transparent;\">. Abans d&#8217;enviar el formulari cliqueu la casella [enviar una c\u00f2pia de les respostes al meu correu electr\u00f2nic]. D&#8217;aquesta manera us quedar\u00e0 un comprovant del registre d&#8217;entrada del formulari al nostre sistema.<\/span><\/p>\n<p style=\"text-align: justify;\"><span style=\"font-size: 12pt;\"><span style=\"font-family: verdana, sans-serif; line-height: 1.6; background-color: transparent;\">Per qualsevol dubte, truqueu al t<\/span><span style=\"background-color: transparent; font-family: verdana, sans-serif;\">el\u00e8fon: 972<\/span><span style=\"background-color: transparent; font-family: verdana, sans-serif; line-height: 17.0667px;\">509150<\/span><span style=\"background-color: transparent; font-family: verdana, sans-serif; line-height: 17.0667px;\">\u00a0<\/span><span style=\"background-color: transparent; font-family: verdana, sans-serif; line-height: 17.0667px;\">(Servei Educatiu de l&#8217;Alt Empord\u00e0. Departament d\u2019Educaci\u00f3 i Formaci\u00f3 Professional).<\/span><\/span><\/p>\n<p style=\"font-size: 13.6px; line-height: 17.0667px; text-align: justify;\"><span style=\"background-color: transparent; font-family: verdana,sans-serif; font-size: small; line-height: 17.0667px;\">\u00a0<\/span><\/p>\n<div style=\"display: block; text-align: center; margin-right: auto; margin-left: auto;\"><img loading=\"lazy\" decoding=\"async\" class=\"aligncenter wp-image-22300\" src=\"https:\/\/serveiseducatius.xtec.cat\/altemporda\/wp-content\/uploads\/usu1156\/2024\/02\/Oratoria-nomes-logo-DEF.png\" alt=\"\" width=\"209\" height=\"233\" srcset=\"https:\/\/serveiseducatius.xtec.cat\/altemporda\/wp-content\/uploads\/usu1156\/2024\/02\/Oratoria-nomes-logo-DEF.png 347w, https:\/\/serveiseducatius.xtec.cat\/altemporda\/wp-content\/uploads\/usu1156\/2024\/02\/Oratoria-nomes-logo-DEF-269x300.png 269w\" sizes=\"auto, (max-width: 209px) 100vw, 209px\" \/><\/div>\n<div style=\"display: block; text-align: center; margin-right: auto; margin-left: auto;\"><\/div>\n<div style=\"display: block; text-align: center; margin-right: auto; margin-left: auto;\"><img loading=\"lazy\" decoding=\"async\" class=\"aligncenter wp-image-22303\" src=\"https:\/\/serveiseducatius.xtec.cat\/altemporda\/wp-content\/uploads\/usu1156\/2024\/02\/Oratoria-titol-DEF.png\" alt=\"\" width=\"382\" height=\"71\" srcset=\"https:\/\/serveiseducatius.xtec.cat\/altemporda\/wp-content\/uploads\/usu1156\/2024\/02\/Oratoria-titol-DEF.png 635w, https:\/\/serveiseducatius.xtec.cat\/altemporda\/wp-content\/uploads\/usu1156\/2024\/02\/Oratoria-titol-DEF-300x56.png 300w\" sizes=\"auto, (max-width: 382px) 100vw, 382px\" \/><\/div>\n<p>&nbsp;<\/p>\n<hr \/>\n<div style=\"font-family: verdana,sans-serif; font-size: small; line-height: 17.0666656494141px; display: block; text-align: center; margin-right: auto; margin-left: auto;\"><\/div>\n<div style=\"text-align: center;\">\n<p>&nbsp;<\/p>\n<p>&nbsp;<\/p>\n<\/div>\n","protected":false},"excerpt":{"rendered":"<p>. Fins al divendres 13 de febrer de 2026 els centres participants hauran d&#8217;omplir les dades del seg\u00fcent formulari. . El formulari us demanar\u00e0 les dades b\u00e0siques de la persona referent de centre i de l&#8217;alumnat inscrit, aix\u00ed com adjuntar una fotografia de mida carnet amb una resoluci\u00f3 \u00f2ptima i un breu descriptor amb les [&hellip;]<\/p>\n","protected":false},"author":1,"featured_media":0,"parent":14340,"menu_order":2,"comment_status":"closed","ping_status":"closed","template":"","meta":{"_bbp_topic_count":0,"_bbp_reply_count":0,"_bbp_total_topic_count":0,"_bbp_total_reply_count":0,"_bbp_voice_count":0,"_bbp_anonymous_reply_count":0,"_bbp_topic_count_hidden":0,"_bbp_reply_count_hidden":0,"_bbp_forum_subforum_count":0,"site-sidebar-layout":"default","site-content-layout":"","ast-site-content-layout":"","site-content-style":"default","site-sidebar-style":"default","ast-global-header-display":"","ast-banner-title-visibility":"","ast-main-header-display":"","ast-hfb-above-header-display":"","ast-hfb-below-header-display":"","ast-hfb-mobile-header-display":"","site-post-title":"","ast-breadcrumbs-content":"","ast-featured-img":"","footer-sml-layout":"","theme-transparent-header-meta":"","adv-header-id-meta":"","stick-header-meta":"","header-above-stick-meta":"","header-main-stick-meta":"","header-below-stick-meta":"","astra-migrate-meta-layouts":"default","ast-page-background-enabled":"default","ast-page-background-meta":{"desktop":{"background-color":"var(--ast-global-color-4)","background-image":"","background-repeat":"repeat","background-position":"center center","background-size":"auto","background-attachment":"scroll","background-type":"","background-media":"","overlay-type":"","overlay-color":"","overlay-opacity":"","overlay-gradient":""},"tablet":{"background-color":"","background-image":"","background-repeat":"repeat","background-position":"center center","background-size":"auto","background-attachment":"scroll","background-type":"","background-media":"","overlay-type":"","overlay-color":"","overlay-opacity":"","overlay-gradient":""},"mobile":{"background-color":"","background-image":"","background-repeat":"repeat","background-position":"center center","background-size":"auto","background-attachment":"scroll","background-type":"","background-media":"","overlay-type":"","overlay-color":"","overlay-opacity":"","overlay-gradient":""}},"ast-content-background-meta":{"desktop":{"background-color":"var(--ast-global-color-5)","background-image":"","background-repeat":"repeat","background-position":"center center","background-size":"auto","background-attachment":"scroll","background-type":"","background-media":"","overlay-type":"","overlay-color":"","overlay-opacity":"","overlay-gradient":""},"tablet":{"background-color":"var(--ast-global-color-5)","background-image":"","background-repeat":"repeat","background-position":"center center","background-size":"auto","background-attachment":"scroll","background-type":"","background-media":"","overlay-type":"","overlay-color":"","overlay-opacity":"","overlay-gradient":""},"mobile":{"background-color":"var(--ast-global-color-5)","background-image":"","background-repeat":"repeat","background-position":"center center","background-size":"auto","background-attachment":"scroll","background-type":"","background-media":"","overlay-type":"","overlay-color":"","overlay-opacity":"","overlay-gradient":""}},"footnotes":""},"class_list":["post-14316","page","type-page","status-publish","hentry"],"post_mailing_queue_ids":[],"_links":{"self":[{"href":"https:\/\/serveiseducatius.xtec.cat\/altemporda\/wp-json\/wp\/v2\/pages\/14316","targetHints":{"allow":["GET"]}}],"collection":[{"href":"https:\/\/serveiseducatius.xtec.cat\/altemporda\/wp-json\/wp\/v2\/pages"}],"about":[{"href":"https:\/\/serveiseducatius.xtec.cat\/altemporda\/wp-json\/wp\/v2\/types\/page"}],"author":[{"embeddable":true,"href":"https:\/\/serveiseducatius.xtec.cat\/altemporda\/wp-json\/wp\/v2\/users\/1"}],"replies":[{"embeddable":true,"href":"https:\/\/serveiseducatius.xtec.cat\/altemporda\/wp-json\/wp\/v2\/comments?post=14316"}],"version-history":[{"count":6,"href":"https:\/\/serveiseducatius.xtec.cat\/altemporda\/wp-json\/wp\/v2\/pages\/14316\/revisions"}],"predecessor-version":[{"id":26475,"href":"https:\/\/serveiseducatius.xtec.cat\/altemporda\/wp-json\/wp\/v2\/pages\/14316\/revisions\/26475"}],"up":[{"embeddable":true,"href":"https:\/\/serveiseducatius.xtec.cat\/altemporda\/wp-json\/wp\/v2\/pages\/14340"}],"wp:attachment":[{"href":"https:\/\/serveiseducatius.xtec.cat\/altemporda\/wp-json\/wp\/v2\/media?parent=14316"}],"curies":[{"name":"wp","href":"https:\/\/api.w.org\/{rel}","templated":true}]}}