{"id":14116,"date":"2021-10-01T13:52:21","date_gmt":"2021-10-01T11:52:21","guid":{"rendered":"https:\/\/serveiseducatius.xtec.cat\/altemporda\/?page_id=14116"},"modified":"2022-06-16T13:02:32","modified_gmt":"2022-06-16T11:02:32","slug":"clva-2015","status":"publish","type":"page","link":"https:\/\/serveiseducatius.xtec.cat\/altemporda\/certamen-de-lectura-en-veu-alta\/clva-2015\/","title":{"rendered":"CLVA 2015"},"content":{"rendered":"<div><\/div>\n<div style=\"text-align: left;\"><\/div>\n<div><span style=\"color: #0000ff;\"><b><u>\u00a0<\/u><\/b><\/span><\/div>\n<div><span style=\"color: #0000ff;\"><b><u>XI CERTAMEN NACIONAL INFANTIL I JUVENIL DE LECTURA EN VEU ALTA<\/u><\/b><\/span><\/div>\n<div>\n<p style=\"margin-bottom: 0.0001pt; text-align: justify; background-image: initial; background-repeat: initial;\"><span style=\"color: #000000; font-family: arial, sans-serif;\"><span lang=\"CA\">El XI Certamen\u00a0nacional infantil i juvenil<br \/>\nde lectura\u00a0en veu alta \u00e9s a punt<br \/>\nde comen\u00e7ar.\u00a0Un any m\u00e9s, la Fundaci\u00f3 Enciclop\u00e8dia Catalana convoca aquest<br \/>\nCertamen, amb l&#8217;ajut del Departament d&#8217;Ensenyament de la Generalitat de<br \/>\nCatalunya,\u00a0\u00a0adre\u00e7at a alumnes<br \/>\nde 3r de prim\u00e0ria a 4t d&#8217;ESO. Els\u00a0\u00a0anys anteriors han<br \/>\ndemostrat que aquesta activitat \u00e9s molt \u00fatil a l&#8217;hora\u00a0d&#8217;estimular el desig de llegir, de millorar<br \/>\nla dicci\u00f3, de comprendre i interpretar un text.\u00a0<\/span><\/span><\/p>\n<p style=\"margin-bottom: 0.0001pt; text-align: justify; background-image: initial; background-repeat: initial;\"><span style=\"color: #000000; font-family: arial, sans-serif;\">\u00a0Recordeu que per a qualsevol dubte podeu consultar les bases del Certamen fent clic <a href=\"http:\/\/certamendelecturaenveualta.cat\/\" target=\"_blank\" rel=\"noopener\">aqu\u00ed<\/a>.\u00a0<\/span><\/p>\n<\/div>\n<div style=\"font-weight: bold; color: #0000ff;\"><span style=\"color: #0000ff;\"><b>\u00a0<\/b><\/span><\/div>\n<div style=\"font-weight: bold; color: #0000ff;\"><span style=\"line-height: 1.6; font-size: 10pt; background-color: transparent;\">CALENDARI<\/span><\/div>\n<div>\n<ul>\n<li><span style=\"color: #000000;\"><i><span style=\"background-color: #00ff00;\">Quarts de Final<\/span>: <\/i>a l&#8217;Alt Empord\u00e0 es concretaran amb:<\/span>\n<ul>\n<li><span style=\"color: #000000;\">Lloc: Servei Educatiu de l&#8217;Alt Empord\u00e0. Av. M\u00aa\u00c0ngels Anglada, 13 &#8211; 17600 Figueres<\/span><\/li>\n<li><span style=\"color: #000000;\">Data: dijous, 19 de mar\u00e7 de 2015<\/span><\/li>\n<li><span style=\"color: #000000;\">Horari: de 2\/4 de 10 a 2\/4 d&#8217;1<\/span><\/li>\n<\/ul>\n<\/li>\n<li><span style=\"color: #000000;\"><i><span style=\"background-color: #00ff00;\">Semifinals<\/span>: <\/i>se celebraran en teatres i\/o auditoris durant el mes de maig.<\/span><\/li>\n<li><span style=\"color: #000000;\"><i><span style=\"background-color: #00ff00;\">Final<\/span>: <\/i>se celebrar\u00e0 la primera quinzena de juny a un teatre o auditori de Barcelona.<\/span><\/li>\n<\/ul>\n<div><span style=\"color: #000000;\">\u00a0<\/span><\/div>\n<\/div>\n<div><span style=\"color: #0000ff;\"><b><u>LECTURES PROPOSADES<\/u><\/b><\/span><\/div>\n<div><span style=\"color: #000000; font-family: arial, sans-serif;\">Els llibres de lectura proposats no s\u00f3n de lectura obligat\u00f2ria per\u00f2 s\u00ed recomanada. Es proposen dos llibres: un per als quarts de final i l&#8217;altre per a la semifinal i la final. Clica <a href=\"http:\/\/www.lecturaenveualta.cat\/lectures\/\" target=\"_blank\" rel=\"noopener\">l&#8217;enlla\u00e7<\/a> per veure els llibres proposats.\u00a0<\/span><\/div>\n<div><span style=\"color: #000000; font-family: arial, sans-serif;\">\u00a0<\/span><\/div>\n<div><span style=\"color: #0000ff;\"><b><u>TALLER DE LECTURA EN VEU ALTA<\/u><\/b><\/span><\/div>\n<div><span style=\"color: #222222; font-family: Arial; line-height: normal; text-align: justify;\">El professorat de l\u2019alumnat que participa en el XI Certamen Nacional Infantil i Juvenil de Lectura en veu alta, ja podeu sol\u00b7licitar la inscripci\u00f3 a l&#8217;activitat <i style=\"font-weight: bold;\"><a href=\"http:\/\/aplitic.xtec.cat\/pls\/soloas\/pk_for_mod_ins.p_for_cons_activitats?p_desc=lectura&amp;p_entitat=0520&amp;p_poblacio=17079\" target=\"_blank\" rel=\"noopener\">Taller de lectura en veu alta<\/a> <\/i>fins el 14 de desembre. P<\/span><span style=\"color: #222222; font-family: Arial; line-height: normal; text-align: justify; font-size: 10pt; background-color: transparent;\">er tal de facilitar-vos l\u2019assist\u00e8ncia podeu escollir una de les dues edicions, el 13 o el 26 de gener. <\/span><\/div>\n<p>&nbsp;<\/p>\n<div><a href=\"https:\/\/get.google.com\/albumarchive\/111402478174606381040\/album\/AF1QipPfLwqAPRs8EVshLRV5yPYzg_uUhjh7UJ8psnIo\">\u00c0lbum de fotos<\/a><\/div>\n<div><\/div>\n<div>\n<div><\/div>\n<p>&nbsp;<\/p>\n<\/div>\n<div>\n<p>&nbsp;<\/p>\n<\/div>\n<div><span style=\"color: #0000ff;\"><b>\u00a0<\/b><\/span><\/div>\n<div><span style=\"color: #0000ff;\"><b>\u00a0<\/b><\/span><\/div>\n<div><span style=\"color: #0000ff;\"><b>\u00a0<\/b><\/span><\/div>\n<div><span style=\"color: #0000ff;\"><b>\u00a0<\/b><\/span><\/div>\n<div><span style=\"color: #0000ff;\"><b>\u00a0<\/b><\/span><\/div>\n<div><span style=\"color: #0000ff;\"><b>\u00a0<\/b><\/span><\/div>\n<div><span style=\"color: #0000ff;\"><b>\u00a0<\/b><\/span><\/div>\n<div><span style=\"color: #0000ff;\"><b>\u00a0<\/b><\/span><\/div>\n<div><span style=\"color: #0000ff;\"><b>\u00a0<\/b><\/span><\/div>\n<div>\n<p>&nbsp;<\/p>\n<div style=\"display: block; text-align: left;\"><\/div>\n<p>&nbsp;<\/p>\n<\/div>\n<div><span style=\"color: #0000ff;\"><b>\u00a0<\/b><\/span><\/div>\n","protected":false},"excerpt":{"rendered":"<p>\u00a0 XI CERTAMEN NACIONAL INFANTIL I JUVENIL DE LECTURA EN VEU ALTA El XI Certamen\u00a0nacional infantil i juvenil de lectura\u00a0en veu alta \u00e9s a punt de comen\u00e7ar.\u00a0Un any m\u00e9s, la Fundaci\u00f3 Enciclop\u00e8dia Catalana convoca aquest Certamen, amb l&#8217;ajut del Departament d&#8217;Ensenyament de la Generalitat de Catalunya,\u00a0\u00a0adre\u00e7at a alumnes de 3r de prim\u00e0ria a 4t d&#8217;ESO. [&hellip;]<\/p>\n","protected":false},"author":4,"featured_media":0,"parent":11470,"menu_order":3,"comment_status":"closed","ping_status":"closed","template":"page-templates\/side-menu.php","meta":{"_bbp_topic_count":0,"_bbp_reply_count":0,"_bbp_total_topic_count":0,"_bbp_total_reply_count":0,"_bbp_voice_count":0,"_bbp_anonymous_reply_count":0,"_bbp_topic_count_hidden":0,"_bbp_reply_count_hidden":0,"_bbp_forum_subforum_count":0,"site-sidebar-layout":"default","site-content-layout":"","ast-site-content-layout":"","site-content-style":"default","site-sidebar-style":"default","ast-global-header-display":"","ast-banner-title-visibility":"","ast-main-header-display":"","ast-hfb-above-header-display":"","ast-hfb-below-header-display":"","ast-hfb-mobile-header-display":"","site-post-title":"","ast-breadcrumbs-content":"","ast-featured-img":"","footer-sml-layout":"","theme-transparent-header-meta":"","adv-header-id-meta":"","stick-header-meta":"","header-above-stick-meta":"","header-main-stick-meta":"","header-below-stick-meta":"","astra-migrate-meta-layouts":"default","ast-page-background-enabled":"default","ast-page-background-meta":{"desktop":{"background-color":"var(--ast-global-color-4)","background-image":"","background-repeat":"repeat","background-position":"center center","background-size":"auto","background-attachment":"scroll","background-type":"","background-media":"","overlay-type":"","overlay-color":"","overlay-opacity":"","overlay-gradient":""},"tablet":{"background-color":"","background-image":"","background-repeat":"repeat","background-position":"center center","background-size":"auto","background-attachment":"scroll","background-type":"","background-media":"","overlay-type":"","overlay-color":"","overlay-opacity":"","overlay-gradient":""},"mobile":{"background-color":"","background-image":"","background-repeat":"repeat","background-position":"center center","background-size":"auto","background-attachment":"scroll","background-type":"","background-media":"","overlay-type":"","overlay-color":"","overlay-opacity":"","overlay-gradient":""}},"ast-content-background-meta":{"desktop":{"background-color":"var(--ast-global-color-5)","background-image":"","background-repeat":"repeat","background-position":"center center","background-size":"auto","background-attachment":"scroll","background-type":"","background-media":"","overlay-type":"","overlay-color":"","overlay-opacity":"","overlay-gradient":""},"tablet":{"background-color":"var(--ast-global-color-5)","background-image":"","background-repeat":"repeat","background-position":"center center","background-size":"auto","background-attachment":"scroll","background-type":"","background-media":"","overlay-type":"","overlay-color":"","overlay-opacity":"","overlay-gradient":""},"mobile":{"background-color":"var(--ast-global-color-5)","background-image":"","background-repeat":"repeat","background-position":"center center","background-size":"auto","background-attachment":"scroll","background-type":"","background-media":"","overlay-type":"","overlay-color":"","overlay-opacity":"","overlay-gradient":""}},"footnotes":""},"class_list":["post-14116","page","type-page","status-publish","hentry"],"post_mailing_queue_ids":[],"_links":{"self":[{"href":"https:\/\/serveiseducatius.xtec.cat\/altemporda\/wp-json\/wp\/v2\/pages\/14116","targetHints":{"allow":["GET"]}}],"collection":[{"href":"https:\/\/serveiseducatius.xtec.cat\/altemporda\/wp-json\/wp\/v2\/pages"}],"about":[{"href":"https:\/\/serveiseducatius.xtec.cat\/altemporda\/wp-json\/wp\/v2\/types\/page"}],"author":[{"embeddable":true,"href":"https:\/\/serveiseducatius.xtec.cat\/altemporda\/wp-json\/wp\/v2\/users\/4"}],"replies":[{"embeddable":true,"href":"https:\/\/serveiseducatius.xtec.cat\/altemporda\/wp-json\/wp\/v2\/comments?post=14116"}],"version-history":[{"count":3,"href":"https:\/\/serveiseducatius.xtec.cat\/altemporda\/wp-json\/wp\/v2\/pages\/14116\/revisions"}],"predecessor-version":[{"id":17499,"href":"https:\/\/serveiseducatius.xtec.cat\/altemporda\/wp-json\/wp\/v2\/pages\/14116\/revisions\/17499"}],"up":[{"embeddable":true,"href":"https:\/\/serveiseducatius.xtec.cat\/altemporda\/wp-json\/wp\/v2\/pages\/11470"}],"wp:attachment":[{"href":"https:\/\/serveiseducatius.xtec.cat\/altemporda\/wp-json\/wp\/v2\/media?parent=14116"}],"curies":[{"name":"wp","href":"https:\/\/api.w.org\/{rel}","templated":true}]}}