{"id":14114,"date":"2021-10-01T13:52:03","date_gmt":"2021-10-01T11:52:03","guid":{"rendered":"https:\/\/serveiseducatius.xtec.cat\/altemporda\/?page_id=14114"},"modified":"2022-06-16T13:02:08","modified_gmt":"2022-06-16T11:02:08","slug":"clva-2016","status":"publish","type":"page","link":"https:\/\/serveiseducatius.xtec.cat\/altemporda\/certamen-de-lectura-en-veu-alta\/clva-2016\/","title":{"rendered":"CLVA 2016"},"content":{"rendered":"<div><\/div>\n<div style=\"text-align: left;\"><\/div>\n<div>\n<div style=\"font-size: 13.3333px; line-height: 21.3333px;\"><b><u><span style=\"color: #000000;\">XII CERTAMEN NACIONAL INFANTIL I JUVENIL DE LECTURA EN VEU ALTA<\/span><\/u><\/b><\/div>\n<div style=\"font-size: 13.3333px; line-height: 21.3333px;\">\n<p style=\"margin-bottom: 0.0001pt; text-align: justify; background-image: initial; background-repeat: initial;\"><span style=\"color: #000000; font-family: arial, sans-serif;\"><span lang=\"CA\">El XII Certamen\u00a0nacional infantil i juvenil de lectura\u00a0en veu alta \u00e9s a punt de comen\u00e7ar.\u00a0Un any m\u00e9s, la Fundaci\u00f3 Enciclop\u00e8dia Catalana convoca aquest Certamen, amb l&#8217;ajut del Departament d&#8217;Ensenyament de la Generalitat de Catalunya i de l&#8217;Obra Social La Caixa,\u00a0\u00a0adre\u00e7at a alumnes de 3r de prim\u00e0ria a 4t d&#8217;ESO. Els\u00a0\u00a0anys anteriors han demostrat que aquesta activitat \u00e9s molt \u00fatil a l&#8217;hora\u00a0d&#8217;estimular el desig de llegir, de millorar la dicci\u00f3, de comprendre i interpretar un text.\u00a0<\/span><\/span><\/p>\n<div><span style=\"color: #000000; font-family: arial, sans-serif;\">\u00a0<\/span><\/div>\n<\/div>\n<\/div>\n<div><span style=\"font-size: medium;\"><b>Celebraci\u00f3 dels quarts de final de l&#8217;Alt Empord\u00e0<\/b><\/span><\/div>\n<div><span style=\"font-size: medium;\"><b>Data<\/b><\/span>: 5 d&#8217;abril de 2016<\/div>\n<div><b><span style=\"font-size: medium;\">Lloc:<\/span><\/b> Auditori Caputxins<\/div>\n<div><span style=\"font-size: medium;\"><b>\u00a0<\/b><\/span><\/div>\n<div><span style=\"font-size: medium;\"><b><u>Lectures:\u00a0<\/u><\/b><\/span><\/div>\n<div>\n<p><b style=\"font-family: Arial,Verdana,sans-serif; line-height: 21.3333px;\"><span style=\"color: #ff0000;\">Grumets vermells<\/span><\/b><b style=\"color: #444444; font-family: Arial,Verdana,sans-serif; line-height: 21.3333px;\">:<\/b><span style=\"color: #444444; font-family: Arial,Verdana,sans-serif; line-height: 21.3333px;\">\u00a0<\/span><\/p>\n<p><span style=\"color: #444444; font-style: inherit; font-weight: bold; line-height: 20px;\">Arriba el Sr. Flat.<\/span><span style=\"font-family: Helvetica,Arial,sans-serif; font-style: inherit; font-size: 14px; font-weight: bold; line-height: 20px;\">\u00a0<\/span><span style=\"font-family: Helvetica,Arial,sans-serif; line-height: 17px; font-style: inherit; color: #676767; font-size: 12px;\">Jaume Copons i Liliana Fortuny\u00a0\/<\/span><span style=\"font-family: Helvetica,Arial,sans-serif; line-height: 17px; font-style: inherit; color: #676767; font-size: 12px;\">\u00a0<\/span><a style=\"font-family: Helvetica,Arial,sans-serif; line-height: 17px; font-style: inherit; font-weight: inherit; color: #7cc0cb; font-size: 12px; margin: 0px; padding: 0px; border: 0px; border-collapse: separate; border-spacing: 0px; text-decoration: none; outline: none;\" href=\"http:\/\/www.combeleditorial.com\/\">Ed. Combel<\/a><\/p>\n<\/div>\n<p><span style=\"font-size: small;\"><span style=\"font-size: small;\"><b style=\"font-family: Arial,Verdana,sans-serif; line-height: 21.3333px; background-color: #ffffff;\"><span style=\"color: #6aa84f;\">Grumets verds:<\/span>\u00a0<\/b><span style=\"font-style: inherit; font-weight: bold; line-height: 20px;\">L\u2019Oriol Pelacanyes es vol fer d\u2019or\u00a0<\/span><b><span style=\"color: #676767; font-size: 12px; font-style: inherit; font-weight: normal;\">Eva Santana \/<\/span><span style=\"color: #676767; font-size: 12px; font-style: inherit; font-weight: normal;\">\u00a0<\/span><a style=\"font-size: 12px; font-style: inherit; font-weight: inherit; margin: 0px; padding: 0px; border: 0px; border-collapse: separate; border-spacing: 0px; text-decoration: none; outline: none; color: #7cc0cb;\" href=\"http:\/\/baula.com\/punts-de-venda-a-catalunya-illes-balears-i-andorra\/\" target=\"_blank\" rel=\"noopener\">Ed. Baula<\/a><\/b><\/span><\/span><\/p>\n<p><b><b style=\"font-family: Arial,Verdana,sans-serif; line-height: 25.6px; background-color: #ffffff;\"><span style=\"color: #e69138;\">Timoners:<\/span>\u00a0<\/b><\/b><\/p>\n<ul style=\"margin: 0px; padding: 0px; border: 0px; border-collapse: separate; border-spacing: 0px; font-weight: normal; font-size: 12px; list-style-type: none; color: #676767; display: inline!important;\">\n<li style=\"margin: 0px; padding: 0px; border: 0px; border-collapse: separate; border-spacing: 0px; font-weight: inherit; font-style: inherit; display: inline;\">\n<h2 style=\"margin: 0px; padding: 0px; border: 0px; border-collapse: separate; border-spacing: 0px; font-weight: bold; font-style: inherit; clear: both; line-height: 20px; display: inline!important;\"><span style=\"font-size: small;\">El misteri de la tifa de gos abandonada<\/span><\/h2>\n<h2 style=\"font-size: 14px; margin: 0px; padding: 0px; border: 0px; border-collapse: separate; border-spacing: 0px; font-weight: bold; font-style: inherit; clear: both; line-height: 20px; display: inline!important;\"><\/h2>\n<\/li>\n<li style=\"margin: 0px; padding: 0px; border: 0px; border-collapse: separate; border-spacing: 0px; font-weight: inherit; font-style: inherit; display: inline;\">\n<p style=\"margin: 13px 0px 0px; padding: 0px; border: 0px; border-collapse: separate; border-spacing: 0px; font-weight: normal; font-size: 12px; color: #676767; display: inline!important;\">Anna Cabeza.\u00a0\/\u00a0<a style=\"margin: 0px; padding: 0px; border: 0px; border-collapse: separate; border-spacing: 0px; font-weight: inherit; font-style: inherit; text-decoration: none; outline: none; color: #7cc0cb;\" href=\"http:\/\/www.editorialbambu.com\/\">Ed. Bamb\u00fa<\/a><\/p>\n<p>&nbsp;<\/p>\n<p><b style=\"font-family: inherit; font-size: 1em; color: #222222;\"><b style=\"font-family: Arial,Verdana,sans-serif; line-height: 25.6px; background-color: #ffffff;\"><b style=\"line-height: 21.3333px;\"><span style=\"color: #f1c232;\">Corsaris:<\/span>\u00a0<\/b><\/b><\/b><\/li>\n<\/ul>\n<ul style=\"margin: 0px; padding: 0px; border: 0px; border-collapse: separate; border-spacing: 0px; font-weight: normal; font-size: 12px; list-style-type: none; color: #676767; display: inline!important;\">\n<li style=\"margin: 0px; padding: 0px; border: 0px; border-collapse: separate; border-spacing: 0px; font-weight: inherit; font-style: inherit; display: inline;\">\n<h2 style=\"margin: 0px; padding: 0px; border: 0px; border-collapse: separate; border-spacing: 0px; font-weight: bold; font-style: inherit; clear: both; line-height: 20px; display: inline!important;\"><span style=\"font-size: small;\">Al teu rotllo.\u00a0 F<\/span><\/h2>\n<\/li>\n<li style=\"margin: 0px; padding: 0px; border: 0px; border-collapse: separate; border-spacing: 0px; font-weight: inherit; font-style: inherit; display: inline;\">\n<p style=\"margin: 13px 0px 0px; padding: 0px; border: 0px; border-collapse: separate; border-spacing: 0px; font-weight: normal; font-size: 12px; color: #676767; display: inline!important;\">lavia Company.\u00a0\/\u00a0<a style=\"margin: 0px; padding: 0px; border: 0px; border-collapse: separate; border-spacing: 0px; font-weight: inherit; font-style: inherit; text-decoration: none; outline: none; color: #7cc0cb;\" href=\"http:\/\/www.cruilla.cat\/ver_apartado.aspx?id=4249\">Ed. Cru\u00eflla<\/a><\/p>\n<p>&nbsp;<\/p>\n<p><b style=\"font-family: inherit; font-size: 1em; color: #222222;\"><b style=\"font-family: Arial,Verdana,sans-serif; line-height: 25.6px; background-color: #ffffff;\"><b style=\"line-height: 21.3333px;\"><b style=\"line-height: 21.3333px;\"><span style=\"color: #674ea7;\">Tropa de Corsaris<\/span><\/b><span style=\"color: #444444; font-weight: normal; line-height: 21.3333px;\">:\u00a0<\/span><\/b><\/b><\/b><\/li>\n<\/ul>\n<ul style=\"font-style: inherit; margin: 0px; padding: 0px; border: 0px; border-collapse: separate; border-spacing: 0px; outline: none; list-style-type: none; display: inline!important;\">\n<li style=\"list-style-type: none;\">\n<ul style=\"margin: 0px; padding: 0px; border: 0px; border-collapse: separate; border-spacing: 0px; font-weight: normal; list-style-type: none; color: #676767; display: inline!important;\">\n<li style=\"margin: 0px; padding: 0px; border: 0px; border-collapse: separate; border-spacing: 0px; font-weight: inherit; font-style: inherit; display: inline;\">\n<h2 style=\"margin: 0px; padding: 0px; border: 0px; border-collapse: separate; border-spacing: 0px; font-weight: bold; font-style: inherit; clear: both; line-height: 20px; display: inline!important;\"><span style=\"font-size: small;\">Kamal i els analfabetistes.\u00a0<\/span><\/h2>\n<\/li>\n<\/ul>\n<p>\u00c0ngel Burgas\u00a0\/\u00a0<a style=\"margin: 0px; padding: 0px; border: 0px; border-collapse: separate; border-spacing: 0px; font-weight: inherit; font-style: inherit; text-decoration: none; outline: none; color: #7cc0cb;\" href=\"http:\/\/www.edebe.es\/\">Ed. Edeb\u00e9<\/a><\/li>\n<\/ul>\n<div><b><span style=\"font-size: large;\">\u00a0<\/span><\/b><\/div>\n<div><b><span style=\"font-size: large;\">\u00a0<\/span><\/b><\/div>\n<div><b><span style=\"font-size: large;\">Finalistes:<\/span><\/b><\/div>\n<div><b><span style=\"font-size: medium;\">Grumets vermells:<\/span><\/b> Dana Zazo Orozco (Escol\u00e0pies de Figueres) i Pau Bacrafiga Congos (Escola Sant Pau de Figueres)<\/div>\n<div><b><span style=\"font-size: medium;\">Grumets verds:<\/span><\/b> Maria Carb\u00f3 Ben\u00edtez (Escola Santiago Rat\u00e9s de Figueres) i Jana Baiges Guillot (Centre escolar Empord\u00e0 de Roses)<\/div>\n<div><span style=\"font-size: medium;\"><b>Timoners:<\/b><\/span> Noura Ayaou (INS Narc\u00eds Monturiol de Figueres)<\/div>\n<div><b><span style=\"font-size: medium;\">Corsaris:<\/span><\/b> Arnau Guerrero\u00a0<span style=\"font-size: 13.3333px; line-height: 21.3333px; background-color: transparent;\">(INs Narc\u00eds Monturiol de Figueres)<\/span><\/div>\n<div><span style=\"line-height: 21.3333px; background-color: transparent;\"><b><span style=\"font-size: medium;\">Tropa de Corsaris<\/span><\/b><span style=\"font-size: 13.3333px;\">: Raquel Vent\u00f3s, Anna Batlle i Marta \u00c1lvarez (INS Ramon Muntaner de Figueres)<\/span><\/span><\/div>\n<div><span style=\"font-size: 13.3333px; line-height: 21.3333px; background-color: transparent;\">\u00a0<\/span><\/div>\n<div>\n<div style=\"font-size: 13.3333px; line-height: 21.3333px;\"><span style=\"font-size: medium;\"><b>\u00a0<\/b><\/span><\/div>\n<div style=\"line-height: 21.3333px;\"><b><span style=\"font-size: medium;\"><u>Lectures de les semifinals i final:<\/u><\/span><\/b><\/div>\n<div style=\"line-height: 21.3333px;\">\n<p>&nbsp;<\/p>\n<p><b style=\"font-family: Arial,Verdana,sans-serif; line-height: 21.3333px;\"><span style=\"color: #ff0000;\">Grumets vermells<\/span><\/b><b style=\"color: #444444; font-family: Arial,Verdana,sans-serif; line-height: 21.3333px;\">:<\/b> <span style=\"font-size: small; background-color: #f8f8f8; font-family: Helvetica, Arial, sans-serif; font-style: inherit; font-weight: bold;\">Quina fam\u00edlia! <\/span><span style=\"background-color: #f8f8f8; color: #676767; font-family: Helvetica, Arial, sans-serif; font-size: 12px; font-style: inherit;\">N\u00faria Pradas \/ <\/span><span style=\"background-color: #f8f8f8; color: #7cc0cb; font-family: Helvetica, Arial, sans-serif; font-size: 12px; font-style: inherit; font-weight: inherit;\">Ed. La Galera<\/span><\/p>\n<\/div>\n<p><span style=\"font-size: small;\"><span style=\"font-size: small;\"><b style=\"font-size: 13.3333px; font-family: Arial,Verdana,sans-serif; line-height: 21.3333px; background-color: #ffffff;\"><span style=\"color: #6aa84f;\">Grumets verds:<\/span>\u00a0<\/b><span style=\"font-style: inherit; font-weight: bold; line-height: 20px;\">La colla dels deu<\/span><span style=\"font-size: 14px; font-style: inherit; font-weight: bold; line-height: 20px;\">,\u00a0<\/span><span style=\"font-style: inherit; color: #676767; font-size: 12px;\">Joaquim Carb\u00f3 \/<\/span><span style=\"font-style: inherit; color: #676767; font-size: 12px;\">\u00a0<\/span><a style=\"font-style: inherit; font-weight: inherit; font-size: 12px; margin: 0px; padding: 0px; border: 0px; border-collapse: separate; border-spacing: 0px; text-decoration: none; outline: none; color: #7cc0cb;\" href=\"http:\/\/www.lagaleraeditorial.com\/ca\/contacte\">Ed. La Galera<\/a><\/span><\/span><\/p>\n<p><span style=\"font-weight: bold; font-size: 13.3333px;\"><b style=\"font-weight: bold; font-family: Arial,Verdana,sans-serif; line-height: 25.6px; background-color: #ffffff;\"><span style=\"color: #e69138;\">Timoners:<\/span><\/b> <\/span><b style=\"font-size: 2.3125em; font-style: inherit;\"><span style=\"font-size: small;\">Set entrevistes de por, <\/span><\/b><span style=\"color: #676767; font-family: inherit; font-size: 12px; font-style: inherit;\">Carles Sala.\u00a0\/\u00a0<\/span><a style=\"margin: 0px; padding: 0px; border: 0px; border-collapse: separate; border-spacing: 0px; font-weight: inherit; font-style: inherit; text-decoration: none; outline: none; color: #7cc0cb;\" href=\"http:\/\/www.lagaleraeditorial.com\/ca\/contacte\">Ed. La Galera<\/a><\/p>\n<p><b style=\"font-size: 13.3333px;\"><b style=\"font-family: Arial,Verdana,sans-serif; line-height: 25.6px; background-color: #ffffff;\"><b style=\"line-height: 21.3333px;\"><span style=\"color: #f1c232;\">Corsaris:<\/span>\u00a0<\/b><\/b><\/b><span style=\"font-size: small;\">Dies feli\u00e7os,\u00a0<\/span><b style=\"font-size: small; font-style: inherit; line-height: 17px;\"><\/b>\u00c0ngel Burgas\u00a0\/\u00a0<a style=\"margin: 0px; padding: 0px; border: 0px; border-collapse: separate; border-spacing: 0px; font-weight: inherit; font-style: inherit; text-decoration: none; outline: none; color: #7cc0cb;\" href=\"http:\/\/www.lagaleraeditorial.com\/ca\/contacte\">Ed. La Galera<\/a><\/p>\n<p><b><b style=\"font-family: Arial,Verdana,sans-serif; line-height: 25.6px; background-color: #ffffff;\"><b style=\"line-height: 21.3333px;\"><b style=\"font-size: 13.3333px; line-height: 21.3333px;\"><span style=\"color: #674ea7;\">Tropa de Corsaris<\/span><\/b><span style=\"color: #444444; font-weight: normal; line-height: 21.3333px;\"><span style=\"font-size: 13.3333px;\">:<\/span>\u00a0<\/span><\/b><\/b><\/b><span style=\"font-size: small;\">L\u2019evoluci\u00f3 de la Calpurnia Tate,\u00a0<\/span><b style=\"font-size: small; font-style: inherit; line-height: 17px;\"><\/b>Jacqueline Kelly\u00a0\/\u00a0<a style=\"margin: 0px; padding: 0px; border: 0px; border-collapse: separate; border-spacing: 0px; font-weight: inherit; font-style: inherit; text-decoration: none; outline: none; color: #7cc0cb;\" href=\"http:\/\/www.lagaleraeditorial.com\/ca\/contacte\">Ed. La Galera<\/a><\/p>\n<ul style=\"font-style: inherit; margin: 0px; padding: 0px; border: 0px; border-collapse: separate; border-spacing: 0px; outline: none; list-style-type: none; display: inline!important;\">\n<li style=\"list-style-type: none;\"><\/li>\n<\/ul>\n<p>&nbsp;<\/p>\n<\/div>\n<div><\/div>\n<div>\n<div><\/div>\n<div>\n<div style=\"display: block; text-align: center; margin-right: auto; margin-left: auto;\"><a href=\"https:\/\/picasaweb.google.com\/111402478174606381040\/CertamenDeLecturaEnVeuAlta2016?authkey=Gv1sRgCKrPtcmA5cyBMg#6275275108647712338\"><img decoding=\"async\" src=\"https:\/\/lh3.googleusercontent.com\/-bNz1NJLX8Mc\/VxZBdqbMNlI\/AAAAAAAAMhg\/X9PvSLIR3GQpC-XY4hh-IlJnuI7rG5AkwCMQC\/s400\/DSC00446.JPG\" border=\"0\" \/><\/a><\/div>\n<p style=\"text-align: center;\">\n<\/div>\n<p><center><iframe loading=\"lazy\" title=\"YouTube video player\" src=\"https:\/\/www.youtube.com\/embed\/_3sUUtTms8Y\" width=\"560\" height=\"315\" frameborder=\"0\" allowfullscreen=\"allowfullscreen\"><\/iframe><\/center><iframe loading=\"lazy\" src=\"https:\/\/drive.google.com\/file\/d\/0BwLCGP4kSTTwOHlMUzBkSVNHZzA\/preview?resourcekey=0-ewXumEGdSBbxSMCW0khHLg\" width=\"540\" height=\"680\"><\/iframe><\/p>\n<p style=\"text-align: center;\"><b>\u00a0 Un figuerenc guanyador (categoria de Corsaris) <\/b><b>de la final celebrada al Teatre Nacional de Catalunya<\/b><\/p>\n<\/div>\n<p>&nbsp;<\/p>\n<p>&nbsp;<\/p>\n<div><span style=\"color: #0000ff;\"><b>\u00a0<\/b><\/span><\/div>\n<div><span style=\"color: #0000ff;\"><b>\u00a0<\/b><\/span><\/div>\n<div><span style=\"color: #0000ff;\"><b>\u00a0<\/b><\/span><\/div>\n<div><span style=\"color: #0000ff;\"><b>\u00a0<\/b><\/span><\/div>\n<div><span style=\"color: #0000ff;\"><b>\u00a0<\/b><\/span><\/div>\n<div><span style=\"color: #0000ff;\"><b>\u00a0<\/b><\/span><\/div>\n<div><span style=\"color: #0000ff;\"><b>\u00a0<\/b><\/span><\/div>\n<div><span style=\"color: #0000ff;\"><b>\u00a0<\/b><\/span><\/div>\n<div><span style=\"color: #0000ff;\"><b>\u00a0<\/b><\/span><\/div>\n<div>\n<p>&nbsp;<\/p>\n<div style=\"display: block; text-align: left;\"><\/div>\n<p>&nbsp;<\/p>\n<\/div>\n<div><span style=\"color: #0000ff;\"><b>\u00a0<\/b><\/span><\/div>\n","protected":false},"excerpt":{"rendered":"<p>XII CERTAMEN NACIONAL INFANTIL I JUVENIL DE LECTURA EN VEU ALTA El XII Certamen\u00a0nacional infantil i juvenil de lectura\u00a0en veu alta \u00e9s a punt de comen\u00e7ar.\u00a0Un any m\u00e9s, la Fundaci\u00f3 Enciclop\u00e8dia Catalana convoca aquest Certamen, amb l&#8217;ajut del Departament d&#8217;Ensenyament de la Generalitat de Catalunya i de l&#8217;Obra Social La Caixa,\u00a0\u00a0adre\u00e7at a alumnes de 3r [&hellip;]<\/p>\n","protected":false},"author":4,"featured_media":0,"parent":11470,"menu_order":4,"comment_status":"closed","ping_status":"closed","template":"page-templates\/side-menu.php","meta":{"_bbp_topic_count":0,"_bbp_reply_count":0,"_bbp_total_topic_count":0,"_bbp_total_reply_count":0,"_bbp_voice_count":0,"_bbp_anonymous_reply_count":0,"_bbp_topic_count_hidden":0,"_bbp_reply_count_hidden":0,"_bbp_forum_subforum_count":0,"site-sidebar-layout":"default","site-content-layout":"","ast-site-content-layout":"","site-content-style":"default","site-sidebar-style":"default","ast-global-header-display":"","ast-banner-title-visibility":"","ast-main-header-display":"","ast-hfb-above-header-display":"","ast-hfb-below-header-display":"","ast-hfb-mobile-header-display":"","site-post-title":"","ast-breadcrumbs-content":"","ast-featured-img":"","footer-sml-layout":"","theme-transparent-header-meta":"","adv-header-id-meta":"","stick-header-meta":"","header-above-stick-meta":"","header-main-stick-meta":"","header-below-stick-meta":"","astra-migrate-meta-layouts":"default","ast-page-background-enabled":"default","ast-page-background-meta":{"desktop":{"background-color":"var(--ast-global-color-4)","background-image":"","background-repeat":"repeat","background-position":"center center","background-size":"auto","background-attachment":"scroll","background-type":"","background-media":"","overlay-type":"","overlay-color":"","overlay-opacity":"","overlay-gradient":""},"tablet":{"background-color":"","background-image":"","background-repeat":"repeat","background-position":"center center","background-size":"auto","background-attachment":"scroll","background-type":"","background-media":"","overlay-type":"","overlay-color":"","overlay-opacity":"","overlay-gradient":""},"mobile":{"background-color":"","background-image":"","background-repeat":"repeat","background-position":"center center","background-size":"auto","background-attachment":"scroll","background-type":"","background-media":"","overlay-type":"","overlay-color":"","overlay-opacity":"","overlay-gradient":""}},"ast-content-background-meta":{"desktop":{"background-color":"var(--ast-global-color-5)","background-image":"","background-repeat":"repeat","background-position":"center center","background-size":"auto","background-attachment":"scroll","background-type":"","background-media":"","overlay-type":"","overlay-color":"","overlay-opacity":"","overlay-gradient":""},"tablet":{"background-color":"var(--ast-global-color-5)","background-image":"","background-repeat":"repeat","background-position":"center center","background-size":"auto","background-attachment":"scroll","background-type":"","background-media":"","overlay-type":"","overlay-color":"","overlay-opacity":"","overlay-gradient":""},"mobile":{"background-color":"var(--ast-global-color-5)","background-image":"","background-repeat":"repeat","background-position":"center center","background-size":"auto","background-attachment":"scroll","background-type":"","background-media":"","overlay-type":"","overlay-color":"","overlay-opacity":"","overlay-gradient":""}},"footnotes":""},"class_list":["post-14114","page","type-page","status-publish","hentry"],"post_mailing_queue_ids":[],"_links":{"self":[{"href":"https:\/\/serveiseducatius.xtec.cat\/altemporda\/wp-json\/wp\/v2\/pages\/14114","targetHints":{"allow":["GET"]}}],"collection":[{"href":"https:\/\/serveiseducatius.xtec.cat\/altemporda\/wp-json\/wp\/v2\/pages"}],"about":[{"href":"https:\/\/serveiseducatius.xtec.cat\/altemporda\/wp-json\/wp\/v2\/types\/page"}],"author":[{"embeddable":true,"href":"https:\/\/serveiseducatius.xtec.cat\/altemporda\/wp-json\/wp\/v2\/users\/4"}],"replies":[{"embeddable":true,"href":"https:\/\/serveiseducatius.xtec.cat\/altemporda\/wp-json\/wp\/v2\/comments?post=14114"}],"version-history":[{"count":5,"href":"https:\/\/serveiseducatius.xtec.cat\/altemporda\/wp-json\/wp\/v2\/pages\/14114\/revisions"}],"predecessor-version":[{"id":17498,"href":"https:\/\/serveiseducatius.xtec.cat\/altemporda\/wp-json\/wp\/v2\/pages\/14114\/revisions\/17498"}],"up":[{"embeddable":true,"href":"https:\/\/serveiseducatius.xtec.cat\/altemporda\/wp-json\/wp\/v2\/pages\/11470"}],"wp:attachment":[{"href":"https:\/\/serveiseducatius.xtec.cat\/altemporda\/wp-json\/wp\/v2\/media?parent=14114"}],"curies":[{"name":"wp","href":"https:\/\/api.w.org\/{rel}","templated":true}]}}