{"id":14100,"date":"2021-10-01T13:38:01","date_gmt":"2021-10-01T11:38:01","guid":{"rendered":"https:\/\/serveiseducatius.xtec.cat\/altemporda\/?page_id=14100"},"modified":"2022-06-16T13:00:37","modified_gmt":"2022-06-16T11:00:37","slug":"clva-2018","status":"publish","type":"page","link":"https:\/\/serveiseducatius.xtec.cat\/altemporda\/certamen-de-lectura-en-veu-alta\/clva-2018\/","title":{"rendered":"CLVA 2018"},"content":{"rendered":"<div>\n<h1 style=\"margin: 0px; padding: 0px; border: 0px; border-collapse: separate; border-spacing: 0px; clear: both; line-height: 28px; font-family: Oswald,sans-serif; word-spacing: 5px; text-transform: uppercase;\"><span style=\"color: #0000ff; font-size: small;\"><u>XIV CERTAMEN NACIONAL INFANTIL I JUVENIL DE LECTURA EN VEU ALTA<\/u><\/span><\/h1>\n<p style=\"font-size: 13.3333px; margin-bottom: 0.0001pt; text-align: justify; background-image: initial; background-repeat: initial;\"><span style=\"color: #000000; font-family: arial, sans-serif;\">Recordeu que per a qualsevol dubte podeu consultar les <b>bases<\/b> del Certamen fent clic\u00a0<a href=\"http:\/\/www.lecturaenveualta.cat\/bases-del-certamen\/\" target=\"_blank\" rel=\"nofollow noopener\">aqu\u00ed<\/a>.\u00a0<\/span><\/p>\n<\/div>\n<div style=\"font-size: 13.3333px; font-weight: bold; color: #0000ff;\"><span style=\"color: #0000ff;\">\u00a0<\/span><\/div>\n<div style=\"font-size: 13.3333px; font-weight: bold; color: #0000ff;\"><span style=\"line-height: 1.6; font-size: 10pt; background-color: transparent;\">CALENDARI<\/span><\/div>\n<div style=\"font-size: 13.3333px; font-weight: bold; color: #0000ff;\"><\/div>\n<div style=\"font-weight: bold; color: #0000ff;\">\n<p>&nbsp;<\/p>\n<p dir=\"ltr\" style=\"line-height: 1.81895; margin-top: 0pt; margin-bottom: 0pt; display: inline!important;\"><span style=\"font-size: medium;\"><span style=\"font-family: Arial; color: #222222; font-weight: bold; vertical-align: baseline; white-space: pre-wrap;\">Semifinals<\/span><span style=\"font-family: Arial; color: #222222; vertical-align: baseline; white-space: pre-wrap;\">: 2 a 15 de maig. Finalista: <\/span><\/span><\/p>\n<p><span style=\"color: #222222; font-family: arial,sans-serif; font-size: 16px; background-color: transparent; font-weight: normal;\">Marc Barrera, ESCOL\u00c0PIES FIGUERES, Figueres<\/span><\/p>\n<\/div>\n<div style=\"font-weight: bold; color: #0000ff;\">\n<p>&nbsp;<\/p>\n<p dir=\"ltr\" style=\"line-height: 1.81895; margin-top: 0pt; margin-bottom: 0pt; display: inline!important;\"><span style=\"font-size: medium; font-family: Arial; color: #222222; font-weight: bold; vertical-align: baseline; white-space: pre-wrap;\">Final<\/span><span style=\"font-family: Arial; color: #222222; vertical-align: baseline; white-space: pre-wrap;\"><span style=\"font-size: medium;\">: 30 de maig de 2018. <\/span><i><span style=\"font-size: xx-small;\">Vegeu: <\/span><\/i><\/span><\/p>\n<p><a style=\"font-family: arial,sans-serif; background-color: transparent; font-weight: normal; color: #1155cc;\" href=\"https:\/\/bit.ly\/2sLDmji\" target=\"_blank\" rel=\"noopener\"><i><span style=\"font-size: xx-small;\">https:\/\/bit.ly\/2sLDmji<\/span><\/i><\/a><\/p>\n<\/div>\n<p style=\"margin: 0px; color: #222222; font-family: arial,sans-serif; font-size: 16px;\"><span style=\"color: #1f497d;\">\u00a0<\/span><\/p>\n<div style=\"text-align: center; font-weight: bold; color: #0000ff;\"><\/div>\n<div style=\"text-align: center; font-weight: bold;\"><b style=\"background-color: transparent;\"><span style=\"color: #0000ff; font-size: large;\">Celebraci\u00f3 dels quarts de final a l&#8217;Alt Empord\u00e0<\/span><\/b><\/div>\n<div style=\"text-align: center; font-weight: bold;\"><b style=\"background-color: transparent;\"><span style=\"color: #0000ff; font-size: large;\">\u00a0<\/span><\/b><\/div>\n<div style=\"text-align: center;\">\n<p><span style=\"font-size: medium;\"><span style=\"background-color: transparent; color: #444444; font-weight: normal;\"><b>Data<\/b><\/span><span style=\"background-color: transparent; color: #444444; font-weight: normal;\">: 21 de mar\u00e7<\/span><\/span><span style=\"background-color: transparent; color: #444444; font-weight: normal; font-size: medium;\">\u00a0de 2018<\/span><\/p>\n<\/div>\n<div style=\"text-align: center; font-weight: bold; color: #0000ff;\"><span style=\"font-size: medium;\"><b style=\"background-color: transparent; color: #444444;\">Lloc:<\/b><span style=\"background-color: transparent; color: #444444; font-weight: normal;\">\u00a0Auditori Caputxins<\/span><\/span><\/div>\n<div style=\"text-align: center; font-weight: bold;\"><span style=\"font-size: 13.3333px; font-weight: normal; background-color: #ff0000;\"><span style=\"color: #ffffff;\">NOVETAT<\/span><\/span><\/div>\n<div style=\"text-align: center;\"><b style=\"font-weight: bold; font-size: medium;\">Horari:\u00a0<\/b><\/div>\n<div style=\"text-align: center;\"><span style=\"color: #000000;\"><span style=\"font-size: medium;\">Grumets vermells, verds i timoners<\/span><span style=\"font-weight: normal; font-size: medium;\">\u00a0<\/span><\/span><span style=\"font-weight: normal; color: #000000; font-size: medium;\">9.30 h a 11.30 h<\/span><\/div>\n<div style=\"text-align: center;\"><span style=\"background-color: #ffffff;\"><span style=\"color: #000000; font-size: medium;\">\u00a0 \u00a0Corsaris i Tropa de Corsaris 12 h a 13.30 h<\/span><\/span><\/div>\n<div style=\"text-align: center;\"><span style=\"color: #000000; font-size: medium;\">\u00a0<\/span><\/div>\n<div style=\"text-align: center;\"><span style=\"color: #000000; font-size: medium;\"><b>Presentador:\u00a0<\/b><\/span><\/div>\n<div style=\"text-align: center;\"><span style=\"color: #000000; font-size: medium;\">Josep Maria Godoy i Tom\u00e0s<\/span><\/div>\n<div style=\"text-align: center;\"><span style=\"color: #000000; font-size: medium;\"><b>Jurat:\u00a0<\/b><\/span><\/div>\n<div style=\"text-align: center;\"><span style=\"color: #000000; font-size: medium;\">\u00c0ngel Agust\u00ed Arellano, CRP de l&#8217;Alt Empord\u00e0<\/span><\/div>\n<div style=\"text-align: center;\"><span style=\"color: #000000; font-size: medium; background-color: transparent;\">Pilar Cort\u00e9s Morera, de la Biblioteca de Roses<\/span><\/div>\n<div style=\"text-align: center;\"><span style=\"color: #000000; font-size: medium;\">N\u00faria Puigdevall Oliveres, ELIC de l&#8217;Alt Empord\u00e0<\/span><\/div>\n<div style=\"text-align: center;\"><span style=\"color: #000000; font-size: medium;\">\u00a0<\/span><\/div>\n<div style=\"text-align: center;\"><span style=\"color: #0000ff; font-family: arial, sans-serif; font-size: medium;\"><b>IMATGES DE L&#8217;ACTE<\/b><\/span><\/div>\n<div style=\"text-align: center;\"><span style=\"color: #999999; font-family: arial, sans-serif; font-size: xx-small;\">(cliqueu sobre la imatge)<\/span><\/div>\n<div style=\"text-align: left;\">\n<p>&nbsp;<\/p>\n<div style=\"display: block; text-align: center; margin-right: auto; margin-left: auto;\"><a href=\"https:\/\/photos.app.goo.gl\/UfvLqujZoRkgbYQj1\" target=\"_blank\" rel=\"noopener\"><img loading=\"lazy\" decoding=\"async\" class=\"alignnone\" src=\"https:\/\/sites.google.com\/a\/xtec.cat\/llengua-ae\/espai-elic\/clva\/certamen-de-lectura-en-veu-alta-2018\/IMG_1497.jpg\" alt=\"https:\/\/sites.google.com\/a\/xtec.cat\/llengua-ae\/clva\/certamen-de-lectura-en-veu-alta-2018\/IMG_1497.jpg\" width=\"320\" height=\"240\" border=\"0\" \/><\/a><\/div>\n<p>&nbsp;<\/p>\n<\/div>\n<div style=\"text-align: center;\"><\/div>\n<div>\n<p><b style=\"color: #0000ff; font-size: medium;\"><u>LECTURES PROPOSADES<\/u><\/b><\/p>\n<\/div>\n<div><span style=\"color: #000000; font-family: arial, sans-serif; font-size: medium;\">Els llibres de lectura proposats no s\u00f3n de lectura obligat\u00f2ria per\u00f2 s\u00ed recomanada. Es proposen dos llibres: un per als quarts de final i l&#8217;altre per a la semifinal i la final.\u00a0<\/span><\/div>\n<div><span style=\"color: #000000; font-family: arial, sans-serif; font-size: medium;\">\u00a0<\/span><\/div>\n<div><b style=\"background-color: transparent;\"><span style=\"font-family: Arial,sans-serif; color: black;\"><span style=\"font-size: medium;\">QUARTS DE FINALS<\/span><\/span><\/b><\/div>\n<p style=\"margin-bottom: 0.0001pt; line-height: normal; background-image: initial; background-position: initial; background-repeat: initial;\"><span style=\"background-color: #ffffff; font-size: medium;\"><b><span style=\"font-family: Arial,sans-serif; color: red;\">Grumets vermells<\/span><\/b><span style=\"font-family: Arial,sans-serif; color: red;\">:<\/span><i><span style=\"font-family: Arial,sans-serif;\">\u00a0<\/span><\/i><i><span style=\"font-family: Arial,sans-serif;\">Per un plat de macarrons<\/span><\/i><i><span style=\"font-family: Arial,sans-serif; color: #676767;\">\u00a0<\/span><\/i><span style=\"font-family: Arial,sans-serif; color: #676767; background-image: initial; background-position: initial; background-repeat: initial;\">Merc\u00e8 Canela \/\u00a0<\/span><i><span style=\"font-family: Arial,sans-serif;\"><a href=\"http:\/\/www.cruilla.cat\/ver_apartado.aspx?id=4249\"><span style=\"color: #7cc0cb; font-style: normal;\">Editorial Cru\u00eflla<\/span><\/a><\/span><\/i><\/span><\/p>\n<p style=\"margin-bottom: 0.0001pt; background-image: initial; background-position: initial; background-repeat: initial;\"><span style=\"background-color: #ffffff; font-size: medium;\"><b><span style=\"font-family: Arial,sans-serif; color: #6aa84f; background-image: initial; background-position: initial; background-repeat: initial;\">Grumets verds<\/span><\/b><b><span style=\"font-family: Arial,sans-serif; background-image: initial; background-position: initial; background-repeat: initial;\">:\u00a0<\/span><\/b><i><span style=\"font-family: Arial,sans-serif;\">La tribu dels Zippoli<b><span style=\"color: #676767;\">\u00a0<\/span><\/b><\/span><\/i><span style=\"font-family: Arial,sans-serif; color: #676767;\">David<br \/>\nNel\u00b7lo \/\u00a0<\/span><b><span style=\"font-family: Arial,sans-serif;\"><a href=\"https:\/\/www.editorialbambu.com\/es\/contactar\/\"><span style=\"color: #7cc0cb; font-weight: normal;\">Editorial Bamb\u00fa<\/span><\/a><\/span><\/b><\/span><\/p>\n<p style=\"margin-bottom: 0.0001pt; background-image: initial; background-position: initial; background-repeat: initial;\"><span style=\"background-color: #ffffff; font-size: medium;\"><b><span style=\"font-family: Arial,sans-serif; color: #e69138; background-image: initial; background-position: initial; background-repeat: initial;\">Timoners:<\/span><\/b><b><span style=\"font-family: Arial,sans-serif; background-image: initial; background-position: initial; background-repeat: initial;\">\u00a0<\/span><\/b><i><span style=\"font-family: Arial,sans-serif;\">Dr\u00e0cula<br \/>\n(adaptaci\u00f3 de Merc\u00e8 Ubach)<span style=\"color: #676767;\">\u00a0<\/span><\/span><\/i><span style=\"font-family: Arial,sans-serif; color: #676767;\">Bram<br \/>\nStoker. Adaptaci\u00f3 de Merc\u00e8 Ubach. \/ Col. Llibre Obert.\u00a0<\/span><b><span style=\"font-family: Arial,sans-serif;\"><a href=\"https:\/\/www.grup62.cat\/llibre-dracula\/95401\"><span style=\"color: #7cc0cb; font-weight: normal;\">Grup 62<\/span><\/a><\/span><\/b><\/span><\/p>\n<p style=\"margin-bottom: 0.0001pt; background-image: initial; background-position: initial; background-repeat: initial;\"><span style=\"background-color: #ffffff; font-size: medium;\"><b><span style=\"font-family: Arial,sans-serif; color: #f1c232; background-image: initial; background-position: initial; background-repeat: initial;\">Corsaris:<\/span><\/b><b><span style=\"font-family: Arial,sans-serif; background-image: initial; background-position: initial; background-repeat: initial;\">\u00a0<\/span><\/b><i><span style=\"font-family: Arial,sans-serif;\">Adam i<br \/>\nThomas<b><span style=\"color: #676767;\">\u00a0<\/span><\/b><\/span><\/i><span style=\"font-family: Arial,sans-serif; color: #676767;\">Aharon<br \/>\nAppelfeld \/\u00a0<\/span><b><span style=\"font-family: Arial,sans-serif;\"><a href=\"http:\/\/www.cruilla.cat\/ver_apartado.aspx?id=4249\"><span style=\"color: #7cc0cb; font-weight: normal;\">Editorial Cru\u00eflla<\/span><\/a><\/span><\/b><\/span><\/p>\n<p style=\"margin-bottom: 0.0001pt; background-image: initial; background-position: initial; background-repeat: initial;\"><span style=\"background-color: #ffffff; font-size: medium;\"><b><span style=\"font-family: Arial,sans-serif; color: #674ea7; background-image: initial; background-position: initial; background-repeat: initial;\">Tropa de Corsaris<\/span><\/b><span style=\"font-family: Arial,sans-serif; background-image: initial; background-position: initial; background-repeat: initial;\">:\u00a0\u00a0<\/span><i><span style=\"font-family: Arial,sans-serif;\">Xaval<br \/>\ngras es menja el m\u00f3n<b><span style=\"color: #676767;\">\u00a0<\/span><\/b><\/span><\/i><span style=\"font-family: Arial,sans-serif; color: #676767;\">K.L.<br \/>\nGoing \/\u00a0<\/span><b><span style=\"font-family: Arial,sans-serif;\"><a href=\"http:\/\/www.edicions1984.cat\/contenidos.cfm?cod=informacion&amp;sugerencia=informacion&amp;grupopag=3&amp;tipopag=contenido\"><span style=\"color: #7cc0cb; font-weight: normal;\">Edicions del 1984<\/span><\/a><\/span><\/b><\/span><\/p>\n<p style=\"margin-bottom: 0.0001pt; background-image: initial; background-position: initial; background-repeat: initial;\"><b><span style=\"font-family: Arial,sans-serif; color: black; background-color: #ffffff;\"><span style=\"font-size: medium;\">\u00a0<\/span><\/span><\/b><\/p>\n<p style=\"margin-bottom: 0.0001pt; background-image: initial; background-position: initial; background-repeat: initial;\"><b><span style=\"font-family: Arial,sans-serif; color: black; background-color: #ffffff;\"><span style=\"font-size: medium;\">SEMIFINALS I FINAL<\/span><\/span><\/b><\/p>\n<p style=\"margin-bottom: 0.0001pt; background-image: initial; background-position: initial; background-repeat: initial;\"><span style=\"background-color: #ffffff; font-size: medium;\"><b><span style=\"font-family: Arial,sans-serif; color: red; background-image: initial; background-position: initial; background-repeat: initial;\">Grumets vermells:<\/span><\/b><b><span style=\"font-family: Arial,sans-serif; background-image: initial; background-position: initial; background-repeat: initial;\">\u00a0<\/span><\/b><i><span style=\"font-family: Arial,sans-serif;\">Tom<br \/>\nO&#8217;Clock i els detectius del temps 1. Assalt al museu de cera.<b><span style=\"color: #676767;\">\u00a0<\/span><\/b><\/span><\/i><span style=\"font-family: Arial,sans-serif; color: #676767; background-image: initial; background-position: initial; background-repeat: initial;\">Sir Steve Stevenson \/\u00a0<\/span><b><span style=\"font-family: Arial,sans-serif; background-image: initial; background-position: initial; background-repeat: initial;\"><a href=\"http:\/\/www.lagaleraeditorial.com\/ca\/contacte\"><span style=\"color: #7cc0cb; font-weight: normal;\">Editorial La Galera<\/span><\/a><\/span><\/b><\/span><\/p>\n<p style=\"margin-bottom: 0.0001pt; background-image: initial; background-position: initial; background-repeat: initial;\"><span style=\"background-color: #ffffff; font-size: medium;\"><b><span style=\"font-family: Arial,sans-serif; color: #6aa84f; background-image: initial; background-position: initial; background-repeat: initial;\">Grumets verds:<\/span><\/b><b><span style=\"font-family: Arial,sans-serif; background-image: initial; background-position: initial; background-repeat: initial;\">\u00a0<\/span><\/b><i><span style=\"font-family: Arial,sans-serif;\">Set<br \/>\nentrevistes de por<span style=\"color: #676767;\">\u00a0 <\/span><\/span><\/i><span style=\"font-family: Arial,sans-serif; color: #676767; background-image: initial; background-position: initial; background-repeat: initial;\">Carles Sala \/\u00a0<\/span><u><span style=\"font-family: Arial,sans-serif; color: #7cc0cb;\"><a href=\"http:\/\/www.lagaleraeditorial.com\/ca\/contacte\"><span style=\"color: #7cc0cb;\">Editorial<br \/>\nLa Galera<\/span><\/a><\/span><\/u><\/span><\/p>\n<p style=\"margin-bottom: 0.0001pt; background-image: initial; background-position: initial; background-repeat: initial;\"><span style=\"background-color: #ffffff; font-size: medium;\"><b><span style=\"font-family: Arial,sans-serif; color: #e69138; background-image: initial; background-position: initial; background-repeat: initial;\">Timoners:<\/span><\/b><b><span style=\"font-family: Arial,sans-serif; background-image: initial; background-position: initial; background-repeat: initial;\">\u00a0<\/span><\/b><i><span style=\"font-family: Arial,sans-serif;\">L&#8217;Anticlub<br \/>\n(Versi\u00f3 de lectura f\u00e0cil. Col. Ticket)<\/span><\/i> <span lang=\"CA\" style=\"font-family: Arial,sans-serif; color: #676767; background-image: initial; background-position: initial; background-repeat: initial;\">\u00c0ngel Burgas. Adaptaci\u00f3 de Marta Luna. \/\u00a0<\/span><span lang=\"CA\" style=\"font-family: Arial,sans-serif;\"><a style=\"border-spacing: 0px; outline: none;\" href=\"http:\/\/www.lagaleraeditorial.com\/ca\/contacte\"><span style=\"color: #7cc0cb; border: 1pt none windowtext; padding: 0cm; background-image: initial; background-position: initial; background-repeat: initial;\">Col\u00b7lecci\u00f3 Ticket. Editorial La Galera<\/span><\/a><\/span><\/span><\/p>\n<p style=\"margin-bottom: 0.0001pt; background-image: initial; background-position: initial; background-repeat: initial;\"><span style=\"background-color: #ffffff; font-size: medium;\"><b><span style=\"font-family: Arial,sans-serif; color: #f1c232; background-image: initial; background-position: initial; background-repeat: initial;\">Corsaris:<\/span><\/b><b><span style=\"font-family: Arial,sans-serif; background-image: initial; background-position: initial; background-repeat: initial;\">\u00a0<\/span><\/b><i><span style=\"font-family: Arial,sans-serif;\">La<br \/>\nclosca pelada dels cretins <\/span><\/i><span lang=\"CA\" style=\"font-family: Arial,sans-serif; color: #676767; background-image: initial; background-position: initial; background-repeat: initial;\">Jaume Copons<br \/>\n\/\u00a0<\/span><span lang=\"CA\" style=\"font-family: Arial,sans-serif;\"><a style=\"border-spacing: 0px; outline: none;\" href=\"http:\/\/www.lagaleraeditorial.com\/ca\/contacte\"><span style=\"color: #7cc0cb; border: 1pt none windowtext; padding: 0cm; background-image: initial; background-position: initial; background-repeat: initial;\">Editorial La Galera<\/span><\/a><\/span><\/span><\/p>\n<p style=\"margin-bottom: 0.0001pt; background-image: initial; background-position: initial; background-repeat: initial;\"><span style=\"background-color: #ffffff; font-size: medium;\"><b><span style=\"font-family: Arial,sans-serif; color: #674ea7; background-image: initial; background-position: initial; background-repeat: initial;\">Tropa de Corsaris<\/span><\/b><span style=\"background-image: initial; background-position: initial; background-repeat: initial; font-family: Arial,sans-serif;\">:<\/span><b><i><span style=\"font-family: Arial,sans-serif; color: #676767;\">\u00a0<\/span><\/i><\/b><i><span style=\"font-family: Arial,sans-serif;\">Noel et busca <\/span><\/i><span lang=\"CA\" style=\"font-family: Arial,sans-serif; color: #676767; background-image: initial; background-position: initial; background-repeat: initial;\">\u00c0ngel Burgas<br \/>\n\/\u00a0<\/span><span lang=\"CA\" style=\"font-family: Arial,sans-serif;\"><a style=\"border-spacing: 0px; outline: none;\" href=\"http:\/\/www.lagaleraeditorial.com\/ca\/contacte\"><span style=\"color: #7cc0cb; border: 1pt none windowtext; padding: 0cm; background-image: initial; background-position: initial; background-repeat: initial;\">Editorial La Galera<\/span><\/a><\/span><\/span><\/p>\n<p><span style=\"background-color: transparent; color: #000000; font-family: arial,sans-serif;\"><span style=\"font-size: medium;\">\u00a0<\/span><\/span><\/p>\n<p><span style=\"font-size: medium;\"><span style=\"background-color: transparent; color: #000000; font-family: arial,sans-serif;\">Clica\u00a0<\/span><a style=\"background-color: transparent; font-family: arial,sans-serif;\" href=\"http:\/\/www.lecturaenveualta.cat\/lectures-xiv-certamen-lva-curs-2017-2018\/\" target=\"_blank\" rel=\"nofollow noopener\">l&#8217;enlla\u00e7<\/a><span style=\"background-color: transparent; color: #000000; font-family: arial,sans-serif;\">\u00a0per veure m\u00e9s informaci\u00f3.\u00a0<\/span><\/span><\/p>\n","protected":false},"excerpt":{"rendered":"<p>XIV CERTAMEN NACIONAL INFANTIL I JUVENIL DE LECTURA EN VEU ALTA Recordeu que per a qualsevol dubte podeu consultar les bases del Certamen fent clic\u00a0aqu\u00ed.\u00a0 \u00a0 CALENDARI &nbsp; Semifinals: 2 a 15 de maig. Finalista: Marc Barrera, ESCOL\u00c0PIES FIGUERES, Figueres &nbsp; Final: 30 de maig de 2018. Vegeu: https:\/\/bit.ly\/2sLDmji \u00a0 Celebraci\u00f3 dels quarts de final [&hellip;]<\/p>\n","protected":false},"author":4,"featured_media":0,"parent":11470,"menu_order":6,"comment_status":"closed","ping_status":"closed","template":"page-templates\/side-menu.php","meta":{"_bbp_topic_count":0,"_bbp_reply_count":0,"_bbp_total_topic_count":0,"_bbp_total_reply_count":0,"_bbp_voice_count":0,"_bbp_anonymous_reply_count":0,"_bbp_topic_count_hidden":0,"_bbp_reply_count_hidden":0,"_bbp_forum_subforum_count":0,"site-sidebar-layout":"default","site-content-layout":"","ast-site-content-layout":"","site-content-style":"default","site-sidebar-style":"default","ast-global-header-display":"","ast-banner-title-visibility":"","ast-main-header-display":"","ast-hfb-above-header-display":"","ast-hfb-below-header-display":"","ast-hfb-mobile-header-display":"","site-post-title":"","ast-breadcrumbs-content":"","ast-featured-img":"","footer-sml-layout":"","theme-transparent-header-meta":"","adv-header-id-meta":"","stick-header-meta":"","header-above-stick-meta":"","header-main-stick-meta":"","header-below-stick-meta":"","astra-migrate-meta-layouts":"default","ast-page-background-enabled":"default","ast-page-background-meta":{"desktop":{"background-color":"var(--ast-global-color-4)","background-image":"","background-repeat":"repeat","background-position":"center center","background-size":"auto","background-attachment":"scroll","background-type":"","background-media":"","overlay-type":"","overlay-color":"","overlay-opacity":"","overlay-gradient":""},"tablet":{"background-color":"","background-image":"","background-repeat":"repeat","background-position":"center center","background-size":"auto","background-attachment":"scroll","background-type":"","background-media":"","overlay-type":"","overlay-color":"","overlay-opacity":"","overlay-gradient":""},"mobile":{"background-color":"","background-image":"","background-repeat":"repeat","background-position":"center center","background-size":"auto","background-attachment":"scroll","background-type":"","background-media":"","overlay-type":"","overlay-color":"","overlay-opacity":"","overlay-gradient":""}},"ast-content-background-meta":{"desktop":{"background-color":"var(--ast-global-color-5)","background-image":"","background-repeat":"repeat","background-position":"center center","background-size":"auto","background-attachment":"scroll","background-type":"","background-media":"","overlay-type":"","overlay-color":"","overlay-opacity":"","overlay-gradient":""},"tablet":{"background-color":"var(--ast-global-color-5)","background-image":"","background-repeat":"repeat","background-position":"center center","background-size":"auto","background-attachment":"scroll","background-type":"","background-media":"","overlay-type":"","overlay-color":"","overlay-opacity":"","overlay-gradient":""},"mobile":{"background-color":"var(--ast-global-color-5)","background-image":"","background-repeat":"repeat","background-position":"center center","background-size":"auto","background-attachment":"scroll","background-type":"","background-media":"","overlay-type":"","overlay-color":"","overlay-opacity":"","overlay-gradient":""}},"footnotes":""},"class_list":["post-14100","page","type-page","status-publish","hentry"],"post_mailing_queue_ids":[],"_links":{"self":[{"href":"https:\/\/serveiseducatius.xtec.cat\/altemporda\/wp-json\/wp\/v2\/pages\/14100","targetHints":{"allow":["GET"]}}],"collection":[{"href":"https:\/\/serveiseducatius.xtec.cat\/altemporda\/wp-json\/wp\/v2\/pages"}],"about":[{"href":"https:\/\/serveiseducatius.xtec.cat\/altemporda\/wp-json\/wp\/v2\/types\/page"}],"author":[{"embeddable":true,"href":"https:\/\/serveiseducatius.xtec.cat\/altemporda\/wp-json\/wp\/v2\/users\/4"}],"replies":[{"embeddable":true,"href":"https:\/\/serveiseducatius.xtec.cat\/altemporda\/wp-json\/wp\/v2\/comments?post=14100"}],"version-history":[{"count":3,"href":"https:\/\/serveiseducatius.xtec.cat\/altemporda\/wp-json\/wp\/v2\/pages\/14100\/revisions"}],"predecessor-version":[{"id":14127,"href":"https:\/\/serveiseducatius.xtec.cat\/altemporda\/wp-json\/wp\/v2\/pages\/14100\/revisions\/14127"}],"up":[{"embeddable":true,"href":"https:\/\/serveiseducatius.xtec.cat\/altemporda\/wp-json\/wp\/v2\/pages\/11470"}],"wp:attachment":[{"href":"https:\/\/serveiseducatius.xtec.cat\/altemporda\/wp-json\/wp\/v2\/media?parent=14100"}],"curies":[{"name":"wp","href":"https:\/\/api.w.org\/{rel}","templated":true}]}}