{"id":13829,"date":"2021-09-17T16:31:52","date_gmt":"2021-09-17T14:31:52","guid":{"rendered":"https:\/\/serveiseducatius.xtec.cat\/altemporda\/?page_id=13829"},"modified":"2024-07-03T12:57:07","modified_gmt":"2024-07-03T10:57:07","slug":"correcull-ae","status":"publish","type":"page","link":"https:\/\/serveiseducatius.xtec.cat\/altemporda\/xarxa-descoles-del-pn-cap-de-creus\/correcull-ae\/","title":{"rendered":"Correcull (0)"},"content":{"rendered":"<p style=\"text-align: justify;\"><a href=\"https:\/\/serveiseducatius.xtec.cat\/altemporda\/wp-content\/uploads\/usu1156\/2023\/01\/IMG_1941.jpg\"><img loading=\"lazy\" decoding=\"async\" class=\"wp-image-18970 alignleft\" src=\"https:\/\/serveiseducatius.xtec.cat\/altemporda\/wp-content\/uploads\/usu1156\/2023\/01\/IMG_1941.jpg\" alt=\"\" width=\"262\" height=\"128\" srcset=\"https:\/\/serveiseducatius.xtec.cat\/altemporda\/wp-content\/uploads\/usu1156\/2023\/01\/IMG_1941.jpg 922w, https:\/\/serveiseducatius.xtec.cat\/altemporda\/wp-content\/uploads\/usu1156\/2023\/01\/IMG_1941-300x147.jpg 300w, https:\/\/serveiseducatius.xtec.cat\/altemporda\/wp-content\/uploads\/usu1156\/2023\/01\/IMG_1941-768x376.jpg 768w\" sizes=\"auto, (max-width: 262px) 100vw, 262px\" \/><\/a><strong><em>Correcull, un repte que intenta canviar el m\u00f3n. <\/em><\/strong>Aquesta proposta educativa impulsada des de Su\u00e8cia amb el nom de <em>Plogging,<\/em> uneix l&#8217;activitat f\u00edsica amb el respecte pel medi ambient. E<em>s tracta de &#8220;sortir a c\u00f3rrer i anar recollint les deixalles que els corredors es van trobant pel cam\u00ed&#8221;.<\/em> El terme \u00e9s el resultat de la fusi\u00f3 de la popular paraula anglesa <i>\u2018running\u2019\u00a0 <\/i>i de l\u2019expressi\u00f3 sueca \u2018<i>plocka upp<\/i>\u2018, que significa recollir.<\/p>\n<p style=\"text-align: justify;\">Quan surts a c\u00f3rrer et poses roba esportiva, agafes el m\u00f2bil o un reproductor de m\u00fasica i, en aquest cas, si decideixes practicar\u00a0<i>\u2018Plogging\u2019 <\/i>tamb\u00e9 haur\u00e0s de dur una bossa d\u2019escombraries. D\u2019aquesta manera el concepte &#8220;<i>running\u201d<\/i> ha fet un pas m\u00e9s per convertir-se en un esport amb consci\u00e8ncia social i valor afegit. Aquesta pr\u00e0ctica s\u2019ha instaurat en molts pa\u00efsos entre els corredors que, cansats de veure escombraries en els seus entrenaments diaris, decideixen dedicar un temps a recollir la brossa que es van trobant.<\/p>\n<p style=\"text-align: justify;\">Aquesta acci\u00f3 ecol\u00f2gic-esportiva s\u2019ha est\u00e8s tant, que ha traspassat les barreres del <em>running<\/em> arribant a altres modalitats esportives practicades al medi natural com ara el caiac o la BTT<span style=\"font-family: inherit; font-size: 1em;\">. Les Xarxes Socials han estat essencials per a la seva difusi\u00f3, utilitzant el hashtag <\/span>#Plogging<span style=\"font-family: inherit; font-size: 1em;\"> s\u2019han arribat a compartir milers d\u2019imatges, localitzacions i itineraris lliures de deixalles. Fins i tot, en diferents indrets s&#8217;ha arribat a generar un nom propi com \u00e9s el cas de Catalunya amb el concepte <\/span><span style=\"font-size: 14pt;\"><strong><span style=\"color: #33cccc;\">#Correcull<\/span><\/strong><\/span><span style=\"font-family: inherit; font-size: 1em;\">. Una iniciativa esperan\u00e7adora que pret\u00e9n ser un toc d\u2019alerta davant d\u2019un problema descomunal. Dit d&#8217;una altra manera, <\/span><em><strong style=\"font-family: inherit; font-size: 1em;\">&#8220;un projecte de merda que intenta canviar el m\u00f3n!&#8221;.<\/strong><\/em><\/p>\n<p style=\"text-align: justify;\">Segons s&#8217;anuncia a la p\u00e0gina <em><a href=\"https:\/\/www.plogga.se\/en\/\"><b>web del plogga <\/b><\/a><\/em>la iniciativa s\u2019ha est\u00e8s a m\u00e9s de 150 pa\u00efsos i cada dia m\u00e9s de 20.000 persones <i>\u201ccorren pel planeta\u201d.\u00a0<\/i>\u00c9s a dir, es dediquen a recollir les escombraries que han tirat els altres, mentre practiquen esport.<\/p>\n<p style=\"text-align: justify;\"><span style=\"color: #008000;\"><strong>Val a dir que aquesta iniciativa tan lloable parteix de la premissa de recollir all\u00f2 que els humans tirem a terra, per\u00f2 tots sabem que la reflexi\u00f3 b\u00e0sica passa per no llen\u00e7ar-hi res i, per tant, evitar el consum excessiu de productes.<\/strong><\/span><\/p>\n<p style=\"text-align: justify;\">La <span style=\"color: #000000;\"><span style=\"color: #3366ff;\"><strong><a style=\"color: #3366ff;\" href=\"https:\/\/www.kilianjornetfoundation.org\/ca\/\">Fundaci\u00f3 Kilian Jornet<\/a><\/strong><\/span>,<\/span> en el seu programa educatiu, ha donat suport a aquesta proposta amb el nom de <em><strong>Plogga Week<\/strong>, compartint la <\/em>seg\u00fcent reflexi\u00f3:<a href=\"https:\/\/serveiseducatius.xtec.cat\/altemporda\/wp-content\/uploads\/usu1156\/2021\/04\/plogga-week.png\"><img loading=\"lazy\" decoding=\"async\" class=\"wp-image-12986 alignright\" src=\"https:\/\/serveiseducatius.xtec.cat\/altemporda\/wp-content\/uploads\/usu1156\/2021\/04\/plogga-week.png\" alt=\"\" width=\"147\" height=\"184\" srcset=\"https:\/\/serveiseducatius.xtec.cat\/altemporda\/wp-content\/uploads\/usu1156\/2021\/04\/plogga-week.png 576w, https:\/\/serveiseducatius.xtec.cat\/altemporda\/wp-content\/uploads\/usu1156\/2021\/04\/plogga-week-239x300.png 239w\" sizes=\"auto, (max-width: 147px) 100vw, 147px\" \/><\/a><\/p>\n<p style=\"text-align: justify;\"><span style=\"color: #808080;\"><em>&#8220;Ens cal una societat en la qual els \u00e9ssers humans visquin amb un \u00fas sostenible dels recursos naturals per garantir la qualitat de vida de totes les esp\u00e8cies, inclosa la nostra, i ens porti a una societat m\u00e9s equitativa. Amb un respecte i coneixement universal de la natura com a valor clau, on aquesta estigui integrada en la vida de tots\/es i on els espais naturals siguin m\u00e9s amplis i salvatges. <\/em><\/span><\/p>\n<p style=\"text-align: justify;\"><span style=\"color: #808080;\"><em>\u00a0 \u00a0 \u00a0Perqu\u00e8 aquesta visi\u00f3 es faci realitat necessitem canviar el model de la nostra societat, des de com treballem, produ\u00efm, ens movem o practiquem esport, necessitem preservar els llocs que encara s\u00f3n salvatges i ampliar-los, i fer un \u00fas millor i m\u00e9s sostenible de la resta. Hem de repensar els nostres models econ\u00f2mics i de productivitat perqu\u00e8 siguin m\u00e9s justos per la natura i per a la nostra societat. Tot i que aquesta visi\u00f3 s\u2019ha de dur a terme a escala global, creiem que la for\u00e7a de la comunitat i els petits passos condueixen a transicions m\u00e9s grans, i aquest \u00e9s l\u2019objectiu pel qual va n\u00e9ixer aquesta fundaci\u00f3, treballar en la preservaci\u00f3 d\u2019un dels majors espais naturals cap a un futur millor per a tots els i les habitants de la Terra&#8221;.<\/em><\/span><\/p>\n<p style=\"text-align: justify;\"><img loading=\"lazy\" decoding=\"async\" class=\"wp-image-17274 alignleft\" src=\"https:\/\/serveiseducatius.xtec.cat\/altemporda\/wp-content\/uploads\/usu1156\/2022\/05\/corre.png\" alt=\"\" width=\"233\" height=\"50\" srcset=\"https:\/\/serveiseducatius.xtec.cat\/altemporda\/wp-content\/uploads\/usu1156\/2022\/05\/corre.png 709w, https:\/\/serveiseducatius.xtec.cat\/altemporda\/wp-content\/uploads\/usu1156\/2022\/05\/corre-300x64.png 300w\" sizes=\"auto, (max-width: 233px) 100vw, 233px\" \/>A Catalunya aquesta proposta es popularitza amb el nom de <span style=\"color: #008000;\"><strong>Correcull<\/strong> <\/span>i uneix l&#8217;acci\u00f3 dels verbs, <span style=\"color: #008000;\"><strong>c\u00f3rrer<\/strong> i <strong>recollir<\/strong>.<\/span> Per\u00f2&#8230; aquesta paraula composta tamb\u00e9 ens permet un joc de lletres m\u00e9s po\u00e8tic. En aquest cas, un verb i un nom. <span style=\"color: #008000;\"><strong>Recollir <\/strong>i<strong> cor<\/strong><\/span>. Que ve a ser el mateix que dir<span style=\"color: #008000;\"><strong><span style=\"font-size: 12pt;\"><em> Recollir amb el cor<\/em><\/span><\/strong><\/span>. Aix\u00ed doncs, amb aquest m\u00e0gic nom ple d&#8217;intencions l&#8217;any 2022 neix de la m\u00e0 dels centres que formen part de la Xarxa d\u2019escoles del parc natural de Cap de Creus (XEPNCC) la <span style=\"color: #008000;\"><strong>PRIMERA<\/strong><strong>\u00a0edici\u00f3<\/strong> <\/span>del <span style=\"color: #33cccc;\"><strong><span style=\"color: #008000;\">Correcull<\/span> <\/strong><\/span>a l\u2019Alt Empord\u00e0.<\/p>\n<p style=\"text-align: justify;\">En la seva primera edici\u00f3 hi han participat <span style=\"color: #008000;\"><span style=\"color: #33cccc; font-size: 14pt;\"><strong>14 <\/strong><\/span><span style=\"color: #000000;\">centres<\/span><span style=\"color: #000000;\"> i<\/span> <span style=\"color: #33cccc;\"><strong><span style=\"font-size: 18pt;\"><span style=\"font-size: 14pt;\">571<\/span>\u00a0<\/span><\/strong><\/span><span style=\"color: #000000;\">alumnes<\/span><\/span><span style=\"color: #000000;\">\u00a0<\/span>amb la intenci\u00f3 de netejar un total de\u00a0<span style=\"color: #008000;\"><strong><span style=\"font-size: 18pt; color: #33cccc;\">42 <\/span><\/strong><span style=\"font-size: 18pt; color: #33cccc;\"><span style=\"font-size: 12pt; color: #000000;\">quil\u00f2metres de camins<\/span><\/span><strong>.<\/strong><\/span> Cert, una marat\u00f3 de camins plens d&#8217;escombraries ubicats al nord, sud, est i oest dels centres educatius. Aquesta acci\u00f3 ha esdevingut una aut\u00e8ntica <strong>situaci\u00f3 d&#8217;aprenentatge<\/strong> per part de les escoles participants<strong>,<\/strong> responent als reptes: <strong>30 minuts de pati, 30 minuts de deixalles? De casa a l&#8217;escola, zero deixalles. \u00c9s possible? <\/strong>O b\u00e9.<strong> Quantes deixalles poden haver-hi escampades fora de les papereres i contenidors dels nostres municipis? \ud83e\udd14 <\/strong><\/p>\n<p style=\"text-align: justify;\">Paral\u00b7lelament al treball curricular entre \u00e0rees tamb\u00e9 s&#8217;incideix en els diferents <strong>objectius de desenvolupament sostenible. <\/strong>Concretament els <strong>ODS 6, 12, 13, 14 i 15.<\/strong>\u00a0<strong><a href=\"https:\/\/docs.google.com\/presentation\/d\/1uJmjxjueIbugjQEMd8hQJcaxuGq5zBiG\/edit#slide=id.p1\">Materials de formaci\u00f3<\/a><\/strong><strong><a href=\"https:\/\/docs.google.com\/presentation\/d\/1uJmjxjueIbugjQEMd8hQJcaxuGq5zBiG\/edit#slide=id.p1\">.<\/a><\/strong><\/p>\n<div class=\"fila;\" style=\"display: flex; align-items: center; justify-content: center;\">\n<div class=\"columna\" style=\"width: 20%; text-align: center;\"><a class=\"boto_taula\" style=\"color: #000000; height: 70px; display: flex; align-items: center; justify-content: center;\" href=\"https:\/\/serveiseducatius.xtec.cat\/altemporda\/xarxa-descoles-del-pn-cap-de-creus\/correcull-ae\/itineraris-correcull-ae\/\" target=\"_blank\" rel=\"noopener noreferrer\"><span style=\"font-size: 1.25em;\"><strong>Itineraris<\/strong><\/span><\/a><\/div>\n<div class=\"columna\" style=\"width: 20%; text-align: center;\"><a class=\"boto_taula\" style=\"color: #000000; height: 70px; display: flex; align-items: center; justify-content: center;\" href=\"https:\/\/serveiseducatius.xtec.cat\/altemporda\/xarxa-descoles-del-pn-cap-de-creus\/correcull-ae\/formularis-correcull\/\" target=\"_blank\" rel=\"noopener noreferrer\"><span style=\"font-size: 1.25em;\"><strong>Formularis<\/strong><\/span><\/a><\/div>\n<div class=\"columna\" style=\"width: 20%; text-align: center;\"><a class=\"boto_taula\" style=\"color: #000000; height: 70px; display: flex; align-items: center; justify-content: center;\" href=\"https:\/\/serveiseducatius.xtec.cat\/altemporda\/xarxa-descoles-del-pn-cap-de-creus\/correcull-ae\/conferencies\/\" target=\"_blank\" rel=\"noopener noreferrer\"><span style=\"font-size: 1.25em;\"><strong>Confer\u00e8ncies<\/strong><\/span><\/a><\/div>\n<div class=\"columna\" style=\"width: 20%; text-align: center;\"><a class=\"boto_taula\" style=\"color: #000000; height: 70px; display: flex; align-items: center; justify-content: center;\" href=\"https:\/\/serveiseducatius.xtec.cat\/altemporda\/xarxa-descoles-del-pn-cap-de-creus\/correcull-ae\/itineraris-correcull-ae-2\/\" target=\"_blank\" rel=\"noopener noreferrer\"><span style=\"font-size: 1.25em;\"><strong>Not\u00edcies<\/strong><\/span><\/a><\/div>\n<\/div>\n<hr width=\"1px\/\" \/>\n<p style=\"text-align: justify;\">Aquesta acci\u00f3 ambiental per un m\u00f3n m\u00e9s net, just i sostenible es va anar estenent a partir de les primeres accions impulsades per <em>Erik Ahlstr\u00f6m<\/em>, amb el nom de <em>Plogga<\/em> l&#8217;any 2000,<a href=\"https:\/\/serveiseducatius.xtec.cat\/altemporda\/wp-content\/uploads\/usu1156\/2022\/02\/banner-web-LCUE.jpg\"><img loading=\"lazy\" decoding=\"async\" class=\"wp-image-16163 alignright\" src=\"https:\/\/serveiseducatius.xtec.cat\/altemporda\/wp-content\/uploads\/usu1156\/2022\/02\/banner-web-LCUE-717x1024.jpg\" alt=\"\" width=\"109\" height=\"156\" srcset=\"https:\/\/serveiseducatius.xtec.cat\/altemporda\/wp-content\/uploads\/usu1156\/2022\/02\/banner-web-LCUE-717x1024.jpg 717w, https:\/\/serveiseducatius.xtec.cat\/altemporda\/wp-content\/uploads\/usu1156\/2022\/02\/banner-web-LCUE-210x300.jpg 210w, https:\/\/serveiseducatius.xtec.cat\/altemporda\/wp-content\/uploads\/usu1156\/2022\/02\/banner-web-LCUE-768x1098.jpg 768w, https:\/\/serveiseducatius.xtec.cat\/altemporda\/wp-content\/uploads\/usu1156\/2022\/02\/banner-web-LCUE-1075x1536.jpg 1075w, https:\/\/serveiseducatius.xtec.cat\/altemporda\/wp-content\/uploads\/usu1156\/2022\/02\/banner-web-LCUE.jpg 1184w\" sizes=\"auto, (max-width: 109px) 100vw, 109px\" \/><\/a> La Comissi\u00f3 Europea va impulsar el programa europeu <em>Let&#8217;s Clean Up Europe (LCUE)<\/em> iniciat a Catalunya, l&#8217;any 2014, per l&#8217;Ag\u00e8ncia de Residus de Catalunya (ARC). Posteriorment, l&#8217;any 2020 la Fundaci\u00f3 Kilian Jornet dona suport a la iniciativa amb el projecte <em>Plogga Week i l&#8217;any 2021 <\/em>aterra a la comarca de l&#8217;Alt Empord\u00e0 amb el nom de Correcull.<\/p>\n<p style=\"text-align: justify;\">Val a dir que aquesta acci\u00f3 se suma a les diferents iniciatives ciutadanes que, tant en l&#8217;\u00e0mbit individual, com col\u00b7lectiu, s&#8217;han anat estenent al llarg de tot el territori. En s\u00f3n un exemple: <em>&#8220;Jo camino, jo recullo&#8221;<\/em>, <em>&#8220;Platges netes&#8221; de Llan\u00e7\u00e0<\/em>, &#8220;<em>Brigada activista del Salabret&#8221;<\/em>, etc.<\/p>\n<div class=\"fila;\" align=\"center\">\n<div class=\"columna\" style=\"width: 37.5%; text-align: center;\"><\/div>\n<div class=\"columna\" style=\"width: 25%; text-align: center;\"><a class=\"boto_taula\" style=\"color: #000000; height: 70px; display: flex; align-items: center; justify-content: center;\" href=\"https:\/\/serveiseducatius.xtec.cat\/altemporda\/xarxa-descoles-del-pn-cap-de-creus\/correcull-ae\/materials-didactics\/\" target=\"_blank\" rel=\"noopener noreferrer\"><span style=\"font-size: 1.25em;\"><strong>Materials de suport<\/strong><\/span><\/a><\/div>\n<div class=\"columna\" style=\"width: 37.5%; text-align: center;\"><\/div>\n<\/div>\n<hr width=\"1px\/\" \/>\n<p style=\"text-align: justify;\"><span style=\"color: #008080;\"><strong>Centres participants en la primera edici\u00f3: <\/strong><\/span>Escola Puig d\u2019Esquers (Colera), Escola Les Clisques (El Port de la Selva), Escola Pompeu Fabra (Llan\u00e7\u00e0), Escola Mart\u00ed Ingl\u00e8s (Palau-Saverdera), Escola de Pau, Escola Sant Jaume (Portbou),\u00a0 Escola Santiago Rat\u00e9s (Vilaju\u00efga) i les escoles de Roses; Escola Montserrat Vayreda, Escola Els Grecs, Escola Jaume Vicens Vives, Centre Escolar Empord\u00e0 i Escola Narc\u00eds Monturiol. Amb la col\u00b7laboraci\u00f3 i l\u2019alumnat del Cicle Formatiu de Grau Mitj\u00e0 i Superior de l\u2019institut Illa de Rodes.<\/p>\n<hr \/>\n<p style=\"text-align: center;\"><span style=\"color: #008080; font-size: 14pt;\"><strong>Aliances:<\/strong> <\/span><\/p>\n<p style=\"text-align: center;\">Parc natural de Cap de Creus,<\/p>\n<p style=\"text-align: center;\">Fundaci\u00f3 Kilian Jornet,<\/p>\n<p style=\"text-align: center;\"><em>Let\u2019s Clean Up Europe, Ag\u00e8ncia de Residus de Catalunya.<\/em><\/p>\n<hr \/>\n<p style=\"text-align: center;\"><span style=\"color: #008080;\"><strong>Si voleu difondre l&#8217;esdeveniment a les xarxes socials, podem utilitzar els <em>hashtags<\/em>:<\/strong><\/span><\/p>\n<p style=\"text-align: center;\"><span style=\"color: #008000;\">#Correcull\u00a0 \u00a0#AltEmpord\u00e0\u00a0 #XEPNCC\u00a0 \u00a0#pncapdecreus\u00a0 \u00a0<span style=\"font-weight: 400;\">#EconomiaCircular\u00a0 \u00a0#LCUE\u00a0 \u00a0<\/span>#Plogging<\/span><\/p>\n<p style=\"text-align: center;\"><span style=\"color: #008000;\">@sealtemporda\u00a0 @<wbr \/>kilianjornetfoundation \u00a0@educaciocat\u00a0 \u00a0@parcscat\u00a0 \u00a0 <span style=\"font-weight: 400;\">@residuscat<span style=\"color: #008000;\"><a class=\"css-4rbku5 css-18t94o4 css-901oao css-16my406 r-1cvl2hr r-1loqt21 r-poiln3 r-bcqeeo r-qvutc0\" dir=\"ltr\" style=\"color: #008000;\" role=\"link\" href=\"https:\/\/twitter.com\/TeachSDGs\">\u00a0 \u00a0 @TheGlobalGoals<\/a><\/span><\/span><\/span><\/p>\n<hr \/>\n<p>&nbsp;<\/p>\n<p style=\"text-align: center;\"><span style=\"font-size: 18pt; color: #008080;\">Una paraula, tres lectures, un sol objectiu <strong>#NoplanetB<\/strong><\/span><\/p>\n<p>&nbsp;<\/p>\n<table style=\"border-collapse: collapse; width: 100%;\">\n<tbody>\n<tr>\n<td style=\"width: 22.9639%; border-style: hidden;\"><a href=\"https:\/\/serveiseducatius.xtec.cat\/altemporda\/wp-content\/uploads\/usu1156\/2023\/02\/Correcull_1.png\"><img loading=\"lazy\" decoding=\"async\" class=\"alignnone size-full wp-image-19901\" src=\"https:\/\/serveiseducatius.xtec.cat\/altemporda\/wp-content\/uploads\/usu1156\/2023\/02\/Correcull_1.png\" alt=\"\" width=\"449\" height=\"96\" srcset=\"https:\/\/serveiseducatius.xtec.cat\/altemporda\/wp-content\/uploads\/usu1156\/2023\/02\/Correcull_1.png 449w, https:\/\/serveiseducatius.xtec.cat\/altemporda\/wp-content\/uploads\/usu1156\/2023\/02\/Correcull_1-300x64.png 300w\" sizes=\"auto, (max-width: 449px) 100vw, 449px\" \/><\/a><\/td>\n<td style=\"width: 77.0361%; border-style: hidden;\"><span style=\"font-size: 12pt;\"><span style=\"color: #000000;\"><strong>Cor-recull<\/strong> <\/span>o el comprom\u00eds de <strong>recollir amb el cor<\/strong><\/span><\/td>\n<\/tr>\n<tr>\n<td style=\"width: 22.9639%; border-style: hidden;\"><a href=\"https:\/\/serveiseducatius.xtec.cat\/altemporda\/wp-content\/uploads\/usu1156\/2023\/02\/Correcull_2.png\"><img loading=\"lazy\" decoding=\"async\" class=\"alignnone size-full wp-image-19902\" src=\"https:\/\/serveiseducatius.xtec.cat\/altemporda\/wp-content\/uploads\/usu1156\/2023\/02\/Correcull_2.png\" alt=\"\" width=\"446\" height=\"87\" srcset=\"https:\/\/serveiseducatius.xtec.cat\/altemporda\/wp-content\/uploads\/usu1156\/2023\/02\/Correcull_2.png 446w, https:\/\/serveiseducatius.xtec.cat\/altemporda\/wp-content\/uploads\/usu1156\/2023\/02\/Correcull_2-300x59.png 300w\" sizes=\"auto, (max-width: 446px) 100vw, 446px\" \/><\/a><\/td>\n<td style=\"width: 77.0361%; border-style: hidden;\"><span style=\"font-size: 12pt;\"><strong>Corre-cull <\/strong>o el<strong> comprom\u00eds ambiental dels esports al medi natural<\/strong><\/span><\/td>\n<\/tr>\n<tr>\n<td style=\"width: 22.9639%; border-style: hidden;\"><a href=\"https:\/\/serveiseducatius.xtec.cat\/altemporda\/wp-content\/uploads\/usu1156\/2023\/02\/Correcull_3.png\"><img loading=\"lazy\" decoding=\"async\" class=\"alignnone size-full wp-image-19903\" src=\"https:\/\/serveiseducatius.xtec.cat\/altemporda\/wp-content\/uploads\/usu1156\/2023\/02\/Correcull_3.png\" alt=\"\" width=\"451\" height=\"91\" srcset=\"https:\/\/serveiseducatius.xtec.cat\/altemporda\/wp-content\/uploads\/usu1156\/2023\/02\/Correcull_3.png 451w, https:\/\/serveiseducatius.xtec.cat\/altemporda\/wp-content\/uploads\/usu1156\/2023\/02\/Correcull_3-300x61.png 300w\" sizes=\"auto, (max-width: 451px) 100vw, 451px\" \/><\/a><\/td>\n<td style=\"width: 77.0361%; border-style: hidden;\"><span style=\"font-size: 12pt;\">Corre-cull o <strong>tenim pressa, dep\u00e8n de tu! <\/strong>Cal recollir-ho abans que contamini el subso<\/span><span style=\"font-size: 12pt;\">l i els oceans.<\/span><\/td>\n<\/tr>\n<\/tbody>\n<\/table>\n<p>&nbsp;<\/p>\n<p><span style=\"color: #008080;\"><strong><span style=\"font-size: 14pt;\">Not\u00edcies relacionades;<\/span><\/strong><\/span><\/p>\n<p>. <a href=\"https:\/\/serveiseducatius.xtec.cat\/altemporda\/xarxa-descoles-del-pn-cap-de-creus\/recull-de-premsa\/\">Recull de premsa de l&#8217;Alt Empord\u00e0<\/a><\/p>\n<p>&nbsp;<\/p>\n<p style=\"text-align: center;\"><img loading=\"lazy\" decoding=\"async\" class=\"alignnone wp-image-17272\" src=\"https:\/\/serveiseducatius.xtec.cat\/altemporda\/wp-content\/uploads\/usu1156\/2022\/05\/escrip.png\" alt=\"\" width=\"333\" height=\"103\" srcset=\"https:\/\/serveiseducatius.xtec.cat\/altemporda\/wp-content\/uploads\/usu1156\/2022\/05\/escrip.png 720w, https:\/\/serveiseducatius.xtec.cat\/altemporda\/wp-content\/uploads\/usu1156\/2022\/05\/escrip-300x93.png 300w\" sizes=\"auto, (max-width: 333px) 100vw, 333px\" \/><\/p>\n","protected":false},"excerpt":{"rendered":"<p>Correcull, un repte que intenta canviar el m\u00f3n. Aquesta proposta educativa impulsada des de Su\u00e8cia amb el nom de Plogging, uneix l&#8217;activitat f\u00edsica amb el respecte pel medi ambient. Es tracta de &#8220;sortir a c\u00f3rrer i anar recollint les deixalles que els corredors es van trobant pel cam\u00ed&#8221;. El terme \u00e9s el resultat de la [&hellip;]<\/p>\n","protected":false},"author":1,"featured_media":0,"parent":13173,"menu_order":0,"comment_status":"closed","ping_status":"closed","template":"","meta":{"_bbp_topic_count":0,"_bbp_reply_count":0,"_bbp_total_topic_count":0,"_bbp_total_reply_count":0,"_bbp_voice_count":0,"_bbp_anonymous_reply_count":0,"_bbp_topic_count_hidden":0,"_bbp_reply_count_hidden":0,"_bbp_forum_subforum_count":0,"site-sidebar-layout":"default","site-content-layout":"","ast-site-content-layout":"","site-content-style":"default","site-sidebar-style":"default","ast-global-header-display":"","ast-banner-title-visibility":"","ast-main-header-display":"","ast-hfb-above-header-display":"","ast-hfb-below-header-display":"","ast-hfb-mobile-header-display":"","site-post-title":"","ast-breadcrumbs-content":"","ast-featured-img":"","footer-sml-layout":"","theme-transparent-header-meta":"","adv-header-id-meta":"","stick-header-meta":"","header-above-stick-meta":"","header-main-stick-meta":"","header-below-stick-meta":"","astra-migrate-meta-layouts":"default","ast-page-background-enabled":"default","ast-page-background-meta":{"desktop":{"background-color":"var(--ast-global-color-4)","background-image":"","background-repeat":"repeat","background-position":"center center","background-size":"auto","background-attachment":"scroll","background-type":"","background-media":"","overlay-type":"","overlay-color":"","overlay-opacity":"","overlay-gradient":""},"tablet":{"background-color":"","background-image":"","background-repeat":"repeat","background-position":"center center","background-size":"auto","background-attachment":"scroll","background-type":"","background-media":"","overlay-type":"","overlay-color":"","overlay-opacity":"","overlay-gradient":""},"mobile":{"background-color":"","background-image":"","background-repeat":"repeat","background-position":"center center","background-size":"auto","background-attachment":"scroll","background-type":"","background-media":"","overlay-type":"","overlay-color":"","overlay-opacity":"","overlay-gradient":""}},"ast-content-background-meta":{"desktop":{"background-color":"var(--ast-global-color-5)","background-image":"","background-repeat":"repeat","background-position":"center center","background-size":"auto","background-attachment":"scroll","background-type":"","background-media":"","overlay-type":"","overlay-color":"","overlay-opacity":"","overlay-gradient":""},"tablet":{"background-color":"var(--ast-global-color-5)","background-image":"","background-repeat":"repeat","background-position":"center center","background-size":"auto","background-attachment":"scroll","background-type":"","background-media":"","overlay-type":"","overlay-color":"","overlay-opacity":"","overlay-gradient":""},"mobile":{"background-color":"var(--ast-global-color-5)","background-image":"","background-repeat":"repeat","background-position":"center center","background-size":"auto","background-attachment":"scroll","background-type":"","background-media":"","overlay-type":"","overlay-color":"","overlay-opacity":"","overlay-gradient":""}},"footnotes":""},"class_list":["post-13829","page","type-page","status-publish","hentry"],"post_mailing_queue_ids":[],"_links":{"self":[{"href":"https:\/\/serveiseducatius.xtec.cat\/altemporda\/wp-json\/wp\/v2\/pages\/13829","targetHints":{"allow":["GET"]}}],"collection":[{"href":"https:\/\/serveiseducatius.xtec.cat\/altemporda\/wp-json\/wp\/v2\/pages"}],"about":[{"href":"https:\/\/serveiseducatius.xtec.cat\/altemporda\/wp-json\/wp\/v2\/types\/page"}],"author":[{"embeddable":true,"href":"https:\/\/serveiseducatius.xtec.cat\/altemporda\/wp-json\/wp\/v2\/users\/1"}],"replies":[{"embeddable":true,"href":"https:\/\/serveiseducatius.xtec.cat\/altemporda\/wp-json\/wp\/v2\/comments?post=13829"}],"version-history":[{"count":8,"href":"https:\/\/serveiseducatius.xtec.cat\/altemporda\/wp-json\/wp\/v2\/pages\/13829\/revisions"}],"predecessor-version":[{"id":23502,"href":"https:\/\/serveiseducatius.xtec.cat\/altemporda\/wp-json\/wp\/v2\/pages\/13829\/revisions\/23502"}],"up":[{"embeddable":true,"href":"https:\/\/serveiseducatius.xtec.cat\/altemporda\/wp-json\/wp\/v2\/pages\/13173"}],"wp:attachment":[{"href":"https:\/\/serveiseducatius.xtec.cat\/altemporda\/wp-json\/wp\/v2\/media?parent=13829"}],"curies":[{"name":"wp","href":"https:\/\/api.w.org\/{rel}","templated":true}]}}