{"id":13827,"date":"2021-09-17T16:24:56","date_gmt":"2021-09-17T14:24:56","guid":{"rendered":"https:\/\/serveiseducatius.xtec.cat\/altemporda\/?page_id=13827"},"modified":"2022-11-26T00:18:43","modified_gmt":"2022-11-25T23:18:43","slug":"credits-xarxa-escoles-pncc","status":"publish","type":"page","link":"https:\/\/serveiseducatius.xtec.cat\/altemporda\/xarxa-descoles-del-pn-cap-de-creus\/credits-xarxa-escoles-pncc\/","title":{"rendered":"Cr\u00e8dits"},"content":{"rendered":"<p style=\"text-align: justify;\"><b>\u00a9 Xarxa d\u2019escoles del Parc Natural de Cap de Creus. Alt Empord\u00e0<\/b><\/p>\n<p><b>\u00a9 Agenda escolar del Cap de Creus<\/b><\/p>\n<p style=\"text-align: justify;\"><b>\u00a9 Equip impulsor: <\/b>IE Caritat Serinyana Cap de Creus (Cadaqu\u00e9s),<span style=\"font-weight: 400;\"> ESC Puig d&#8217;Esquers (Colera), ESC Les Clisques (El Port de la Selva), ESC Pompeu Fabra (Llan\u00e7\u00e0),<\/span> <span style=\"font-weight: 400;\">ESC Mart\u00ed Ingl\u00e8s (Palau-Saverdera), ESC de Pau, ESC Sant Jaume (Portbou), ESC Montserrat Vayreda (Roses), ESC Els Grecs (Roses), ESC Jaume Vicens Vives (Roses), ESC Narc\u00eds Monturiol (Roses), ESC Santiago Rat\u00e9s (Vilaju\u00efga). <b>Curs 2021-2022<\/b><\/span><\/p>\n<p style=\"text-align: justify;\"><b>\u00a9 Il\u00b7lustraci\u00f3 agenda:<\/b><a href=\"http:\/\/www.tonillobet.com\/\"><span style=\"font-weight: 400;\"> Toni Llobet<\/span><\/a><\/p>\n<p style=\"text-align: justify;\"><b>\u00a9 Continguts agenda:<\/b><span style=\"font-weight: 400;\"> PN de Cap de Creus, SEAE, <a href=\"https:\/\/www.sorellona.org\/\">Associaci\u00f3 La Sorellona<\/a><\/span><\/p>\n<p><strong>@ Continguts web:<\/strong> Servei educatiu de l&#8217;Alt Empord\u00e0, <span style=\"font-weight: 400;\">PN de Cap de Creus<\/span><\/p>\n<p><strong>Edita:<\/strong><\/p>\n<p><strong>\u00a9 Servei educatiu de l&#8217;Alt Empord\u00e0 (SEAE)<\/strong><\/p>\n<p>crp-altemporda@xtec.cat<\/p>\n<p><strong>\u00a9 <a href=\"http:\/\/parcsnaturals.gencat.cat\/ca\/xarxa-de-parcs\/cap-creus\/inici\/\">Parc Natural de Cap de Creus <\/a><\/strong><\/p>\n<p>pncapcreus@gencat.cat<\/p>\n<hr \/>\n<div class=\"fila;\">\n<div class=\"columna\" style=\"width: 10%;\"><img decoding=\"async\" src=\"https:\/\/serveiseducatius.xtec.cat\/altemporda\/wp-content\/uploads\/usu1156\/2021\/09\/LOGO-GRECS.png\" alt=\"\" width=\"100%\" \/><\/div>\n<div class=\"columna\" style=\"width: 10%;\"><img decoding=\"async\" src=\"https:\/\/serveiseducatius.xtec.cat\/altemporda\/wp-content\/uploads\/usu1156\/2021\/09\/Logo-ESC-N.-Monturiol.jpg\" alt=\"\" width=\"100%\" \/><\/div>\n<div class=\"columna\" style=\"width: 10%;\"><img decoding=\"async\" src=\"https:\/\/serveiseducatius.xtec.cat\/altemporda\/wp-content\/uploads\/usu1156\/2021\/09\/Logo-Jaume-Vicens-Vives.jpg\" alt=\"\" width=\"100%\" \/><\/div>\n<div class=\"columna\" style=\"width: 10%;\"><img decoding=\"async\" src=\"https:\/\/serveiseducatius.xtec.cat\/altemporda\/wp-content\/uploads\/usu1156\/2021\/09\/Logo-Palau-saverdera-scaled.jpg\" alt=\"\" width=\"100%\" \/><\/div>\n<div class=\"columna\" style=\"width: 10%;\"><img decoding=\"async\" src=\"https:\/\/serveiseducatius.xtec.cat\/altemporda\/wp-content\/uploads\/usu1156\/2021\/09\/Logo-Pompeu-Fabra.jpg\" alt=\"\" width=\"100%\" \/><\/div>\n<div class=\"columna\" style=\"width: 10%;\"><img decoding=\"async\" src=\"https:\/\/serveiseducatius.xtec.cat\/altemporda\/wp-content\/uploads\/usu1156\/2021\/09\/LOGO-PORTBOU.png\" alt=\"\" width=\"100%\" \/><\/div>\n<div class=\"columna\" style=\"width: 10%;\"><img decoding=\"async\" src=\"https:\/\/serveiseducatius.xtec.cat\/altemporda\/wp-content\/uploads\/usu1156\/2021\/09\/logo-ZER-Cap-de-Creus.png\" alt=\"\" width=\"100%\" \/><\/div>\n<div class=\"columna\" style=\"width: 10%;\"><img decoding=\"async\" src=\"https:\/\/serveiseducatius.xtec.cat\/altemporda\/wp-content\/uploads\/usu1156\/2021\/09\/Logo-escola-Pau.png\" alt=\"\" width=\"100%\" \/><\/div>\n<div class=\"columna\" style=\"width: 20%;\"><img decoding=\"async\" src=\"https:\/\/serveiseducatius.xtec.cat\/altemporda\/wp-content\/uploads\/usu1156\/2021\/09\/Logo_Escola-02-scaled.jpg\" alt=\"\" width=\"100%\" \/><\/div>\n<\/div>\n<hr width=\"1px\/\" \/>\n<div class=\"fila;\">\n<div class=\"columna\" style=\"width: 10%;\"><img decoding=\"async\" src=\"https:\/\/serveiseducatius.xtec.cat\/altemporda\/wp-content\/uploads\/usu1156\/2021\/09\/logo-escola-Santiago-Rates.jpg\" alt=\"\" width=\"100%\" \/><\/div>\n<div class=\"columna\" style=\"width: 15%;\"><img decoding=\"async\" src=\"https:\/\/serveiseducatius.xtec.cat\/altemporda\/wp-content\/uploads\/usu1156\/2021\/09\/Logo-IE-Cadaques.png\" alt=\"\" width=\"100%\" \/><\/div>\n<div class=\"columna\" style=\"width: 15%;\"><img decoding=\"async\" src=\"https:\/\/serveiseducatius.xtec.cat\/altemporda\/wp-content\/uploads\/usu1156\/2021\/09\/Logo-INS-Transparent.png\" alt=\"\" width=\"100%\" \/><\/div>\n<div class=\"columna\" style=\"width: 15%;\"><img decoding=\"async\" src=\"https:\/\/serveiseducatius.xtec.cat\/altemporda\/wp-content\/uploads\/usu1156\/2021\/09\/Logo-CE-Emporda.png\" alt=\"\" width=\"100%\" \/><\/div>\n<div class=\"columna\" style=\"width: 15%;\"><img decoding=\"async\" src=\"https:\/\/serveiseducatius.xtec.cat\/altemporda\/wp-content\/uploads\/usu1156\/2021\/09\/LOGO_SEAE_NOU.jpg\" alt=\"\" width=\"100%\" \/><\/div>\n<div class=\"columna\" style=\"width: 15%;\"><img loading=\"lazy\" decoding=\"async\" class=\"\" src=\"https:\/\/serveiseducatius.xtec.cat\/altemporda\/wp-content\/uploads\/usu1156\/2021\/09\/cc.png\" alt=\"\" width=\"218\" height=\"39\" \/><\/div>\n<div class=\"columna\" style=\"width: 15%;\"><\/div>\n<\/div>\n<hr \/>\n","protected":false},"excerpt":{"rendered":"<p>\u00a9 Xarxa d\u2019escoles del Parc Natural de Cap de Creus. Alt Empord\u00e0 \u00a9 Agenda escolar del Cap de Creus \u00a9 Equip impulsor: IE Caritat Serinyana Cap de Creus (Cadaqu\u00e9s), ESC Puig d&#8217;Esquers (Colera), ESC Les Clisques (El Port de la Selva), ESC Pompeu Fabra (Llan\u00e7\u00e0), ESC Mart\u00ed Ingl\u00e8s (Palau-Saverdera), ESC de Pau, ESC Sant Jaume [&hellip;]<\/p>\n","protected":false},"author":1,"featured_media":0,"parent":13173,"menu_order":0,"comment_status":"closed","ping_status":"closed","template":"","meta":{"_bbp_topic_count":0,"_bbp_reply_count":0,"_bbp_total_topic_count":0,"_bbp_total_reply_count":0,"_bbp_voice_count":0,"_bbp_anonymous_reply_count":0,"_bbp_topic_count_hidden":0,"_bbp_reply_count_hidden":0,"_bbp_forum_subforum_count":0,"site-sidebar-layout":"default","site-content-layout":"","ast-site-content-layout":"","site-content-style":"default","site-sidebar-style":"default","ast-global-header-display":"","ast-banner-title-visibility":"","ast-main-header-display":"","ast-hfb-above-header-display":"","ast-hfb-below-header-display":"","ast-hfb-mobile-header-display":"","site-post-title":"","ast-breadcrumbs-content":"","ast-featured-img":"","footer-sml-layout":"","theme-transparent-header-meta":"","adv-header-id-meta":"","stick-header-meta":"","header-above-stick-meta":"","header-main-stick-meta":"","header-below-stick-meta":"","astra-migrate-meta-layouts":"default","ast-page-background-enabled":"default","ast-page-background-meta":{"desktop":{"background-color":"var(--ast-global-color-4)","background-image":"","background-repeat":"repeat","background-position":"center center","background-size":"auto","background-attachment":"scroll","background-type":"","background-media":"","overlay-type":"","overlay-color":"","overlay-opacity":"","overlay-gradient":""},"tablet":{"background-color":"","background-image":"","background-repeat":"repeat","background-position":"center center","background-size":"auto","background-attachment":"scroll","background-type":"","background-media":"","overlay-type":"","overlay-color":"","overlay-opacity":"","overlay-gradient":""},"mobile":{"background-color":"","background-image":"","background-repeat":"repeat","background-position":"center center","background-size":"auto","background-attachment":"scroll","background-type":"","background-media":"","overlay-type":"","overlay-color":"","overlay-opacity":"","overlay-gradient":""}},"ast-content-background-meta":{"desktop":{"background-color":"var(--ast-global-color-5)","background-image":"","background-repeat":"repeat","background-position":"center center","background-size":"auto","background-attachment":"scroll","background-type":"","background-media":"","overlay-type":"","overlay-color":"","overlay-opacity":"","overlay-gradient":""},"tablet":{"background-color":"var(--ast-global-color-5)","background-image":"","background-repeat":"repeat","background-position":"center center","background-size":"auto","background-attachment":"scroll","background-type":"","background-media":"","overlay-type":"","overlay-color":"","overlay-opacity":"","overlay-gradient":""},"mobile":{"background-color":"var(--ast-global-color-5)","background-image":"","background-repeat":"repeat","background-position":"center center","background-size":"auto","background-attachment":"scroll","background-type":"","background-media":"","overlay-type":"","overlay-color":"","overlay-opacity":"","overlay-gradient":""}},"footnotes":""},"class_list":["post-13827","page","type-page","status-publish","hentry"],"post_mailing_queue_ids":[],"_links":{"self":[{"href":"https:\/\/serveiseducatius.xtec.cat\/altemporda\/wp-json\/wp\/v2\/pages\/13827","targetHints":{"allow":["GET"]}}],"collection":[{"href":"https:\/\/serveiseducatius.xtec.cat\/altemporda\/wp-json\/wp\/v2\/pages"}],"about":[{"href":"https:\/\/serveiseducatius.xtec.cat\/altemporda\/wp-json\/wp\/v2\/types\/page"}],"author":[{"embeddable":true,"href":"https:\/\/serveiseducatius.xtec.cat\/altemporda\/wp-json\/wp\/v2\/users\/1"}],"replies":[{"embeddable":true,"href":"https:\/\/serveiseducatius.xtec.cat\/altemporda\/wp-json\/wp\/v2\/comments?post=13827"}],"version-history":[{"count":4,"href":"https:\/\/serveiseducatius.xtec.cat\/altemporda\/wp-json\/wp\/v2\/pages\/13827\/revisions"}],"predecessor-version":[{"id":18648,"href":"https:\/\/serveiseducatius.xtec.cat\/altemporda\/wp-json\/wp\/v2\/pages\/13827\/revisions\/18648"}],"up":[{"embeddable":true,"href":"https:\/\/serveiseducatius.xtec.cat\/altemporda\/wp-json\/wp\/v2\/pages\/13173"}],"wp:attachment":[{"href":"https:\/\/serveiseducatius.xtec.cat\/altemporda\/wp-json\/wp\/v2\/media?parent=13827"}],"curies":[{"name":"wp","href":"https:\/\/api.w.org\/{rel}","templated":true}]}}