{"id":13554,"date":"2021-07-09T12:45:13","date_gmt":"2021-07-09T10:45:13","guid":{"rendered":"http:\/\/serveiseducatius.xtec.cat\/altemporda\/?page_id=13554"},"modified":"2026-03-25T13:37:21","modified_gmt":"2026-03-25T12:37:21","slug":"normativa-ftr","status":"publish","type":"page","link":"https:\/\/serveiseducatius.xtec.cat\/altemporda\/forum-de-treballs-de-recerca-ftr\/normativa-ftr\/","title":{"rendered":"Normativa del treball de recerca"},"content":{"rendered":"<p>El treball de recerca \u00e9s una activitat d&#8217;investigaci\u00f3 que ha de fer tot l&#8217;alumnat de batxillerat. S&#8217;ha d&#8217;iniciar preferentment durant el primer curs i presentar obligat\u00f2riament durant el segon curs.<\/p>\n<p>T\u00e9 les caracter\u00edstiques seg\u00fcents:<\/p>\n<ul>\n<li>\u00c9s una recerca adequada al nivell d&#8217;estudis que est\u00e0 cursant l&#8217;alumnat.<\/li>\n<li>Pot estar emmarcat dins d&#8217;una mat\u00e8ria o pot ser interdisciplinari.<\/li>\n<li>Est\u00e0 tutoritzat per un professor o professora.<\/li>\n<li>T\u00e9 una durada d&#8217;unes 70 hores i representa el 10% de la qualificaci\u00f3 final del batxillerat.<\/li>\n<li>Es presenta per escrit i oralment.<\/li>\n<li>S&#8217;avalua tenint en compte l&#8217;actuaci\u00f3 de l&#8217;alumne o alumna durant la realitzaci\u00f3 del treball, l&#8217;informe escrit i la presentaci\u00f3 oral.<\/li>\n<li>Cada centre fa una proposta del marc on s&#8217;ha de desenvolupar el treball, organitza les tutories i estableix una normativa sobre el calendari, els criteris d&#8217;avaluaci\u00f3 i la presentaci\u00f3 dels resultats de la recerca.<\/li>\n<li>Abans de comen\u00e7ar el treball, s&#8217;ha de decidir quina orientaci\u00f3 (general o espec\u00edfica) se li vol donar i quin ser\u00e0 l&#8217;abast de la recerca. La metodologia \u00e9s diferent segons el tipus de treball: cient\u00edfic, tecnol\u00f2gic, estad\u00edstic, art\u00edstic, literari, hist\u00f2ric, etc.<\/li>\n<li>Per norma general, es tracta d&#8217;un treball individual, llevat dels casos en qu\u00e8 sigui necessari fer un treball de grup per la din\u00e0mica de la recerca. Trobar\u00e0s m\u00e9s informaci\u00f3 en aquest <a href=\"https:\/\/triaeducativa.gencat.cat\/ca\/batxillerat\/treball-recerca\/index.html\">enlla\u00e7<\/a> i en<a href=\"https:\/\/xtec.gencat.cat\/ca\/curriculum\/batxillerat\/treballrecerca\/\"> aquest altre.<\/a><\/li>\n<\/ul>\n<table style=\"border-collapse: collapse; width: 100%;\">\n<tbody>\n<tr>\n<td style=\"width: 50%;\"><a href=\"https:\/\/xtec.gencat.cat\/ca\/curriculum\/batxillerat\/treballrecerca\/\" target=\"_blank\" rel=\"noopener\"><img loading=\"lazy\" decoding=\"async\" class=\"alignnone size-full wp-image-18372\" src=\"https:\/\/serveiseducatius.xtec.cat\/altemporda\/wp-content\/uploads\/usu1156\/2025\/01\/forum-tdr.png\" alt=\"\" width=\"721\" height=\"815\" \/><\/a><\/td>\n<td style=\"width: 50%;\"><iframe loading=\"lazy\" src=\"https:\/\/drive.google.com\/file\/d\/1td5lit5NcAHwHxbT988ouobug0c68TPK\/preview\" width=\"600\" height=\"800\"><span data-mce-type=\"bookmark\" style=\"display: inline-block; width: 0px; overflow: hidden; line-height: 0;\" class=\"mce_SELRES_start\"><\/span><\/iframe><\/td>\n<\/tr>\n<\/tbody>\n<\/table>\n<p align=\"center\">\n","protected":false},"excerpt":{"rendered":"<p>El treball de recerca \u00e9s una activitat d&#8217;investigaci\u00f3 que ha de fer tot l&#8217;alumnat de batxillerat. S&#8217;ha d&#8217;iniciar preferentment durant el primer curs i presentar obligat\u00f2riament durant el segon curs. T\u00e9 les caracter\u00edstiques seg\u00fcents: \u00c9s una recerca adequada al nivell d&#8217;estudis que est\u00e0 cursant l&#8217;alumnat. Pot estar emmarcat dins d&#8217;una mat\u00e8ria o pot ser interdisciplinari. [&hellip;]<\/p>\n","protected":false},"author":4,"featured_media":0,"parent":13343,"menu_order":0,"comment_status":"closed","ping_status":"closed","template":"","meta":{"_bbp_topic_count":0,"_bbp_reply_count":0,"_bbp_total_topic_count":0,"_bbp_total_reply_count":0,"_bbp_voice_count":0,"_bbp_anonymous_reply_count":0,"_bbp_topic_count_hidden":0,"_bbp_reply_count_hidden":0,"_bbp_forum_subforum_count":0,"site-sidebar-layout":"default","site-content-layout":"","ast-site-content-layout":"default","site-content-style":"default","site-sidebar-style":"default","ast-global-header-display":"","ast-banner-title-visibility":"","ast-main-header-display":"","ast-hfb-above-header-display":"","ast-hfb-below-header-display":"","ast-hfb-mobile-header-display":"","site-post-title":"","ast-breadcrumbs-content":"","ast-featured-img":"","footer-sml-layout":"","theme-transparent-header-meta":"","adv-header-id-meta":"","stick-header-meta":"","header-above-stick-meta":"","header-main-stick-meta":"","header-below-stick-meta":"","astra-migrate-meta-layouts":"set","ast-page-background-enabled":"default","ast-page-background-meta":{"desktop":{"background-color":"var(--ast-global-color-4)","background-image":"","background-repeat":"repeat","background-position":"center center","background-size":"auto","background-attachment":"scroll","background-type":"","background-media":"","overlay-type":"","overlay-color":"","overlay-opacity":"","overlay-gradient":""},"tablet":{"background-color":"","background-image":"","background-repeat":"repeat","background-position":"center center","background-size":"auto","background-attachment":"scroll","background-type":"","background-media":"","overlay-type":"","overlay-color":"","overlay-opacity":"","overlay-gradient":""},"mobile":{"background-color":"","background-image":"","background-repeat":"repeat","background-position":"center center","background-size":"auto","background-attachment":"scroll","background-type":"","background-media":"","overlay-type":"","overlay-color":"","overlay-opacity":"","overlay-gradient":""}},"ast-content-background-meta":{"desktop":{"background-color":"var(--ast-global-color-5)","background-image":"","background-repeat":"repeat","background-position":"center center","background-size":"auto","background-attachment":"scroll","background-type":"","background-media":"","overlay-type":"","overlay-color":"","overlay-opacity":"","overlay-gradient":""},"tablet":{"background-color":"var(--ast-global-color-5)","background-image":"","background-repeat":"repeat","background-position":"center center","background-size":"auto","background-attachment":"scroll","background-type":"","background-media":"","overlay-type":"","overlay-color":"","overlay-opacity":"","overlay-gradient":""},"mobile":{"background-color":"var(--ast-global-color-5)","background-image":"","background-repeat":"repeat","background-position":"center center","background-size":"auto","background-attachment":"scroll","background-type":"","background-media":"","overlay-type":"","overlay-color":"","overlay-opacity":"","overlay-gradient":""}},"footnotes":""},"class_list":["post-13554","page","type-page","status-publish","hentry"],"post_mailing_queue_ids":[],"_links":{"self":[{"href":"https:\/\/serveiseducatius.xtec.cat\/altemporda\/wp-json\/wp\/v2\/pages\/13554","targetHints":{"allow":["GET"]}}],"collection":[{"href":"https:\/\/serveiseducatius.xtec.cat\/altemporda\/wp-json\/wp\/v2\/pages"}],"about":[{"href":"https:\/\/serveiseducatius.xtec.cat\/altemporda\/wp-json\/wp\/v2\/types\/page"}],"author":[{"embeddable":true,"href":"https:\/\/serveiseducatius.xtec.cat\/altemporda\/wp-json\/wp\/v2\/users\/4"}],"replies":[{"embeddable":true,"href":"https:\/\/serveiseducatius.xtec.cat\/altemporda\/wp-json\/wp\/v2\/comments?post=13554"}],"version-history":[{"count":6,"href":"https:\/\/serveiseducatius.xtec.cat\/altemporda\/wp-json\/wp\/v2\/pages\/13554\/revisions"}],"predecessor-version":[{"id":27497,"href":"https:\/\/serveiseducatius.xtec.cat\/altemporda\/wp-json\/wp\/v2\/pages\/13554\/revisions\/27497"}],"up":[{"embeddable":true,"href":"https:\/\/serveiseducatius.xtec.cat\/altemporda\/wp-json\/wp\/v2\/pages\/13343"}],"wp:attachment":[{"href":"https:\/\/serveiseducatius.xtec.cat\/altemporda\/wp-json\/wp\/v2\/media?parent=13554"}],"curies":[{"name":"wp","href":"https:\/\/api.w.org\/{rel}","templated":true}]}}