{"id":13343,"date":"2021-06-22T13:07:15","date_gmt":"2021-06-22T11:07:15","guid":{"rendered":"http:\/\/serveiseducatius.xtec.cat\/altemporda\/?page_id=13343"},"modified":"2026-04-14T11:59:11","modified_gmt":"2026-04-14T09:59:11","slug":"forum-de-treballs-de-recerca-ftr","status":"publish","type":"page","link":"https:\/\/serveiseducatius.xtec.cat\/altemporda\/forum-de-treballs-de-recerca-ftr\/","title":{"rendered":"F\u00f2rum de treballs de recerca de l&#8217;Alt Empord\u00e0"},"content":{"rendered":"\n<hr class=\"wp-block-separator has-alpha-channel-opacity is-style-wide\" style=\"margin-top:var(--wp--preset--spacing--30);margin-bottom:var(--wp--preset--spacing--30)\"\/>\n\n\n\n<figure class=\"wp-block-image alignleft size-full is-resized\"><img loading=\"lazy\" decoding=\"async\" width=\"960\" height=\"640\" src=\"https:\/\/serveiseducatius.xtec.cat\/altemporda\/wp-content\/uploads\/usu1156\/2024\/01\/Equip-inicial-FTdR.jpg\" alt=\"\" class=\"wp-image-21938\" style=\"width:384px;height:auto\" srcset=\"https:\/\/serveiseducatius.xtec.cat\/altemporda\/wp-content\/uploads\/usu1156\/2024\/01\/Equip-inicial-FTdR.jpg 960w, https:\/\/serveiseducatius.xtec.cat\/altemporda\/wp-content\/uploads\/usu1156\/2024\/01\/Equip-inicial-FTdR-300x200.jpg 300w, https:\/\/serveiseducatius.xtec.cat\/altemporda\/wp-content\/uploads\/usu1156\/2024\/01\/Equip-inicial-FTdR-768x512.jpg 768w\" sizes=\"auto, (max-width: 960px) 100vw, 960px\" \/><\/figure>\n\n\n\n<p style=\"margin-top:var(--wp--preset--spacing--20);margin-bottom:var(--wp--preset--spacing--20)\">Pioners a les comarques gironines, l&#8217;any <strong>2008<\/strong> els coordinadors i les coordinadores de batxillerat de <strong>tots<\/strong> els instituts de la comarca van dissenyar, conjuntament amb el Servei educatiu de l&#8217;Alt Empord\u00e0, la <strong>primera edici\u00f3 del F\u00f2rum de treballs de recerca<\/strong> a l&#8217;Institut Narc\u00eds Monturiol de Figueres.<\/p>\n\n\n\n<p style=\"padding-top:0;padding-bottom:0\">Dels disset instituts que t\u00e9 la comarca, <strong>tretze<\/strong>, realitzen estudis postobligatoris. Aix\u00f2 representa, aproximadament, 550 alumnes que, any rere any, presenten les seves recerques com a requisit per a superar els estudis.<\/p>\n\n\n\n<p>Cada institut \u00e9s l&#8217;encarregat d&#8217;escollir dos estudiants per representar el seu centre al F\u00f2rum. En total 27 alumnes compartiran les seves recerques amb la resta d&#8217;estudiants seleccionats. Aix\u00f2 vol dir que, en tots aquests anys, s&#8217;han presentat al F\u00f2rum 325 <a href=\"https:\/\/serveiseducatius.xtec.cat\/altemporda\/forum-de-treballs-de-recerca-ftr\/base-de-dades-dels-treballs-de-recerca\/\" target=\"_blank\" rel=\"noopener\">recerques.<\/a><\/p>\n\n\n\n<p>Un dels trets distintius del F\u00f2rum de l&#8217;Alt Empord\u00e0 \u00e9s el seu model organitzatiu. Volgudament, no es tracta de donar un premi a la millor recerca de la comarca, sin\u00f3 de compartir i recon\u00e8ixer la feina feta per l&#8217;alumnat i els seus tutors i tutores. Cada edici\u00f3 del f\u00f2rum es realitza en un institut diferent de la comarca. Per tant, l&#8217;any 2023 el f\u00f2rum tornar\u00e0 a comen\u00e7ar la roda, havent visitat tots els instituts de la comarca. Un altre element a destacar \u00e9s el disseny del cartell, que \u00e9s elaborat pel professorat de Visual i pl\u00e0stica de cada institut que acull el F\u00f2rum. Aix\u00ed com el ponent que duu a terme la confer\u00e8ncia inaugural de cada edici\u00f3, que acostuma a ser un exalumne del centre que ha destacat en algun dels camps del saber.<\/p>\n\n\n\n<figure class=\"wp-block-image aligncenter\"><a href=\"https:\/\/serveiseducatius.xtec.cat\/altemporda\/wp-content\/uploads\/usu1156\/2022\/10\/customLogo.png\"><img loading=\"lazy\" decoding=\"async\" width=\"950\" height=\"258\" src=\"https:\/\/serveiseducatius.xtec.cat\/altemporda\/wp-content\/uploads\/usu1156\/2022\/10\/customLogo.png\" alt=\"\" class=\"wp-image-18291\" srcset=\"https:\/\/serveiseducatius.xtec.cat\/altemporda\/wp-content\/uploads\/usu1156\/2022\/10\/customLogo.png 950w, https:\/\/serveiseducatius.xtec.cat\/altemporda\/wp-content\/uploads\/usu1156\/2022\/10\/customLogo-300x81.png 300w, https:\/\/serveiseducatius.xtec.cat\/altemporda\/wp-content\/uploads\/usu1156\/2022\/10\/customLogo-768x209.png 768w\" sizes=\"auto, (max-width: 950px) 100vw, 950px\" \/><\/a><\/figure>\n\n\n\n<hr class=\"wp-block-separator has-alpha-channel-opacity is-style-wide\"\/>\n","protected":false},"excerpt":{"rendered":"<p>Pioners a les comarques gironines, l&#8217;any 2008 els coordinadors i les coordinadores de batxillerat de tots els instituts de la comarca van dissenyar, conjuntament amb el Servei educatiu de l&#8217;Alt Empord\u00e0, la primera edici\u00f3 del F\u00f2rum de treballs de recerca a l&#8217;Institut Narc\u00eds Monturiol de Figueres. Dels disset instituts que t\u00e9 la comarca, tretze, realitzen [&hellip;]<\/p>\n","protected":false},"author":4,"featured_media":0,"parent":0,"menu_order":0,"comment_status":"closed","ping_status":"closed","template":"","meta":{"_bbp_topic_count":0,"_bbp_reply_count":0,"_bbp_total_topic_count":0,"_bbp_total_reply_count":0,"_bbp_voice_count":0,"_bbp_anonymous_reply_count":0,"_bbp_topic_count_hidden":0,"_bbp_reply_count_hidden":0,"_bbp_forum_subforum_count":0,"site-sidebar-layout":"left-sidebar","site-content-layout":"","ast-site-content-layout":"default","site-content-style":"default","site-sidebar-style":"default","ast-global-header-display":"","ast-banner-title-visibility":"","ast-main-header-display":"","ast-hfb-above-header-display":"","ast-hfb-below-header-display":"","ast-hfb-mobile-header-display":"","site-post-title":"","ast-breadcrumbs-content":"","ast-featured-img":"","footer-sml-layout":"","theme-transparent-header-meta":"","adv-header-id-meta":"","stick-header-meta":"","header-above-stick-meta":"","header-main-stick-meta":"","header-below-stick-meta":"","astra-migrate-meta-layouts":"set","ast-page-background-enabled":"default","ast-page-background-meta":{"desktop":{"background-color":"var(--ast-global-color-4)","background-image":"","background-repeat":"repeat","background-position":"center center","background-size":"auto","background-attachment":"scroll","background-type":"","background-media":"","overlay-type":"","overlay-color":"","overlay-opacity":"","overlay-gradient":""},"tablet":{"background-color":"","background-image":"","background-repeat":"repeat","background-position":"center center","background-size":"auto","background-attachment":"scroll","background-type":"","background-media":"","overlay-type":"","overlay-color":"","overlay-opacity":"","overlay-gradient":""},"mobile":{"background-color":"","background-image":"","background-repeat":"repeat","background-position":"center center","background-size":"auto","background-attachment":"scroll","background-type":"","background-media":"","overlay-type":"","overlay-color":"","overlay-opacity":"","overlay-gradient":""}},"ast-content-background-meta":{"desktop":{"background-color":"var(--ast-global-color-5)","background-image":"","background-repeat":"repeat","background-position":"center center","background-size":"auto","background-attachment":"scroll","background-type":"","background-media":"","overlay-type":"","overlay-color":"","overlay-opacity":"","overlay-gradient":""},"tablet":{"background-color":"var(--ast-global-color-5)","background-image":"","background-repeat":"repeat","background-position":"center center","background-size":"auto","background-attachment":"scroll","background-type":"","background-media":"","overlay-type":"","overlay-color":"","overlay-opacity":"","overlay-gradient":""},"mobile":{"background-color":"var(--ast-global-color-5)","background-image":"","background-repeat":"repeat","background-position":"center center","background-size":"auto","background-attachment":"scroll","background-type":"","background-media":"","overlay-type":"","overlay-color":"","overlay-opacity":"","overlay-gradient":""}},"footnotes":""},"class_list":["post-13343","page","type-page","status-publish","hentry"],"post_mailing_queue_ids":[],"_links":{"self":[{"href":"https:\/\/serveiseducatius.xtec.cat\/altemporda\/wp-json\/wp\/v2\/pages\/13343","targetHints":{"allow":["GET"]}}],"collection":[{"href":"https:\/\/serveiseducatius.xtec.cat\/altemporda\/wp-json\/wp\/v2\/pages"}],"about":[{"href":"https:\/\/serveiseducatius.xtec.cat\/altemporda\/wp-json\/wp\/v2\/types\/page"}],"author":[{"embeddable":true,"href":"https:\/\/serveiseducatius.xtec.cat\/altemporda\/wp-json\/wp\/v2\/users\/4"}],"replies":[{"embeddable":true,"href":"https:\/\/serveiseducatius.xtec.cat\/altemporda\/wp-json\/wp\/v2\/comments?post=13343"}],"version-history":[{"count":5,"href":"https:\/\/serveiseducatius.xtec.cat\/altemporda\/wp-json\/wp\/v2\/pages\/13343\/revisions"}],"predecessor-version":[{"id":27556,"href":"https:\/\/serveiseducatius.xtec.cat\/altemporda\/wp-json\/wp\/v2\/pages\/13343\/revisions\/27556"}],"wp:attachment":[{"href":"https:\/\/serveiseducatius.xtec.cat\/altemporda\/wp-json\/wp\/v2\/media?parent=13343"}],"curies":[{"name":"wp","href":"https:\/\/api.w.org\/{rel}","templated":true}]}}