{"id":13299,"date":"2021-11-25T09:48:39","date_gmt":"2021-11-25T08:48:39","guid":{"rendered":"http:\/\/serveiseducatius.xtec.cat\/altemporda\/?page_id=13299"},"modified":"2021-11-25T10:07:38","modified_gmt":"2021-11-25T09:07:38","slug":"formacio-interna-de-centre-fic","status":"publish","type":"page","link":"https:\/\/serveiseducatius.xtec.cat\/altemporda\/formacio\/formacio-interna-de-centre-fic\/","title":{"rendered":"Formaci\u00f3 interna de centre (FIC)"},"content":{"rendered":"<p><a href=\"http:\/\/serveiseducatius.xtec.cat\/noguera\/wp-content\/uploads\/usu1149\/2015\/11\/fic1.png\"><img loading=\"lazy\" decoding=\"async\" class=\" wp-image-574 alignleft\" src=\"http:\/\/serveiseducatius.xtec.cat\/noguera\/wp-content\/uploads\/usu1149\/2015\/11\/fic1.png\" alt=\"fic\" width=\"76\" height=\"72\" \/><\/a>Modalitat formativa que t\u00e9 lloc dins de cada\u00a0centre educatiu, i que s\u2019adre\u00e7a a la majoria del\u00a0claustre o a un col\u00b7lectiu d\u2019un centre.<\/p>\n<p>M\u00e9s informaci\u00f3 sobre la\u00a0<strong>Formaci\u00f3 interna de centre<\/strong>\u00a0(FIC):<\/p>\n<ul>\n<li><a href=\"http:\/\/xtec.gencat.cat\/web\/.content\/alfresco\/d\/d\/workspace\/SpacesStore\/0082\/c7032522-12f5-436e-971b-3ad68a3dac19\/organitzacio_fic.pdf\" target=\"_blank\" rel=\"noopener noreferrer\" data-saferedirecturl=\"https:\/\/www.google.com\/url?q=http:\/\/xtec.gencat.cat\/web\/.content\/alfresco\/d\/d\/workspace\/SpacesStore\/0082\/c7032522-12f5-436e-971b-3ad68a3dac19\/organitzacio_fic.pdf&amp;source=gmail&amp;ust=1554793565245000&amp;usg=AFQjCNHiGmkTf1CyWMoYc0I_RlbY650gvQ\">Organitzaci\u00f3 de la FIC de centre<\/a><\/li>\n<li><a href=\"http:\/\/xtec.gencat.cat\/web\/.content\/alfresco\/d\/d\/workspace\/SpacesStore\/0006\/1f7cae8a-3963-4729-9f67-7a3de0efe098\/caracteristiques_estructura_itineraris_propis.pdf\" target=\"_blank\" rel=\"noopener noreferrer\" data-saferedirecturl=\"https:\/\/www.google.com\/url?q=http:\/\/xtec.gencat.cat\/web\/.content\/alfresco\/d\/d\/workspace\/SpacesStore\/0006\/1f7cae8a-3963-4729-9f67-7a3de0efe098\/caracteristiques_estructura_itineraris_propis.pdf&amp;source=gmail&amp;ust=1554793565245000&amp;usg=AFQjCNFChg8L8xd5TueHwfWM0T8URNT4Qw\">Caracter\u00edstiques i estructura de la FIC<\/a><\/li>\n<li><a href=\"http:\/\/ateneu.xtec.cat\/wikiform\/wikiexport\/fic\/dir\/index\" target=\"_blank\" rel=\"noopener noreferrer\">Materials FIC d\u2019itinerari guiat (Ateneu)<\/a><\/li>\n<\/ul>\n<p><strong>Caracter\u00edstiques<\/strong><\/p>\n<ul>\n<li>\u00c9s liderat i dinamitzat per un equip de\u00a0coordinaci\u00f3 format per tres persones del\u00a0centre entre les quals almenys una \u00e9s de\u00a0l\u2019equip directiu. No hi ha un formador extern.<\/li>\n<li>T\u00e9 una durada de 30 hores, de les quals 20 han de ser de treball conjunt i 10 s\u2019han de dedicar a treball individual o en grups redu\u00efts.<\/li>\n<\/ul>\n<p>Si voleu engegar una formaci\u00f3 interna al vostre centre, poseu-vos en contacte amb nosaltres al correu <a href=\"mailto:crp-altemporda@xtec.cat\" target=\"_blank\" rel=\"noopener noreferrer\">crp-altemporda@xtec.cat<\/a> o b\u00e9 truqueu al 972 50 91 50<span style=\"font-family: inherit; font-size: 1em;\">.<\/span><\/p>\n<p><center><iframe loading=\"lazy\" src=\"https:\/\/www.youtube.com\/embed\/GPuOkHsICWk?feature=oembed\" width=\"500\" height=\"375\" frameborder=\"0\" data-mce-fragment=\"1\"><\/iframe><\/center><\/p>\n<h5>Itineraris formatius guiats<\/h5>\n<div align=\"center\">\n<table class=\"inline table table-striped table-condensed\">\n<tbody>\n<tr class=\"row1\">\n<td class=\"col0 leftalign\" colspan=\"2\"><strong>Llar d\u2019infants<\/strong><\/td>\n<\/tr>\n<tr class=\"row2\">\n<td class=\"col0 leftalign\"><a class=\"wikilink1\" title=\"fic:llai:lla01:index\" href=\"http:\/\/ateneu.xtec.cat\/wikiform\/wikiexport\/fic\/llai\/lla01\/index\">Del curr\u00edculum a l\u2019aula al cicle 0-3<\/a><\/td>\n<td class=\"col1 leftalign\"><a class=\"media\" title=\"fic_orientacio:llai:lla01:index\" href=\"http:\/\/ateneu.xtec.cat\/wikiform\/wikiexport\/fic_orientacio\/llai\/lla01\/index\"><img decoding=\"async\" class=\"mediacenter img-responsive\" title=\"Orientacions per a la coordinaci\u00f3\" src=\"http:\/\/ateneu.xtec.cat\/wikiform\/wikiexport\/_media\/fic\/orientacio.png?w=18&amp;tok=ffac92\" alt=\"Orientacions per a la coordinaci\u00f3\" width=\"18\" \/><\/a><\/td>\n<\/tr>\n<tr class=\"row3\">\n<td class=\"col0 leftalign\" colspan=\"2\"><strong>Educaci\u00f3 infantil i prim\u00e0ria<\/strong><\/td>\n<\/tr>\n<tr class=\"row4\">\n<td class=\"col0 leftalign\"><a class=\"wikilink1\" title=\"fic:cco:cco01:index\" href=\"http:\/\/ateneu.xtec.cat\/wikiform\/wikiexport\/fic\/cco\/cco01\/index\">Escriure a l\u2019escola: escriure des de les \u00e0rees<\/a><\/td>\n<td class=\"col1 leftalign\"><a class=\"media\" title=\"fic_orientacio:cco:cco01:index\" href=\"http:\/\/ateneu.xtec.cat\/wikiform\/wikiexport\/fic_orientacio\/cco\/cco01\/index\"><img decoding=\"async\" class=\"mediacenter img-responsive\" title=\"Orientacions per a la coordinaci\u00f3\" src=\"http:\/\/ateneu.xtec.cat\/wikiform\/wikiexport\/_media\/fic\/orientacio.png?w=18&amp;tok=ffac92\" alt=\"Orientacions per a la coordinaci\u00f3\" width=\"18\" \/><\/a><\/td>\n<\/tr>\n<tr class=\"row5\">\n<td class=\"col0 leftalign\"><a class=\"wikilink1\" title=\"fic:cco:cco03:index\" href=\"http:\/\/ateneu.xtec.cat\/wikiform\/wikiexport\/fic\/cco\/cco03\/index\">Escriure a l\u2019escola: parlar per escriure<\/a><\/td>\n<td class=\"col1 leftalign\"><a class=\"media\" title=\"fic_orientacio:cco:cco03:index\" href=\"http:\/\/ateneu.xtec.cat\/wikiform\/wikiexport\/fic_orientacio\/cco\/cco03\/index\"><img decoding=\"async\" class=\"mediacenter img-responsive\" title=\"Orientacions per a la coordinaci\u00f3\" src=\"http:\/\/ateneu.xtec.cat\/wikiform\/wikiexport\/_media\/fic\/orientacio.png?w=18&amp;tok=ffac92\" alt=\"Orientacions per a la coordinaci\u00f3\" width=\"18\" \/><\/a><\/td>\n<\/tr>\n<tr class=\"row6\">\n<td class=\"col0 leftalign\"><a class=\"wikilink1\" title=\"fic:cma:cma01:index\" href=\"http:\/\/ateneu.xtec.cat\/wikiform\/wikiexport\/fic\/cma\/cma01\/index\">Com ajudar a desenvolupar la compet\u00e8ncia matem\u00e0tica a l\u2019educaci\u00f3 infantil i prim\u00e0ria<\/a><\/td>\n<td class=\"col1 leftalign\"><a class=\"media\" title=\"fic_orientacio:cma:cma01:index\" href=\"http:\/\/ateneu.xtec.cat\/wikiform\/wikiexport\/fic_orientacio\/cma\/cma01\/index\"><img decoding=\"async\" class=\"mediacenter img-responsive\" title=\"Orientacions per a la coordinaci\u00f3\" src=\"http:\/\/ateneu.xtec.cat\/wikiform\/wikiexport\/_media\/fic\/orientacio.png?w=18&amp;tok=ffac92\" alt=\"Orientacions per a la coordinaci\u00f3\" width=\"18\" \/><\/a><\/td>\n<\/tr>\n<tr class=\"row7\">\n<td class=\"col0 leftalign\"><a class=\"wikilink1\" title=\"fic:cma:cma03:index\" href=\"http:\/\/ateneu.xtec.cat\/wikiform\/wikiexport\/fic\/cma\/cma03\/index\">El c\u00e0lcul a l\u2019educaci\u00f3 infantil i prim\u00e0ria<\/a><\/td>\n<td class=\"col1 leftalign\"><a class=\"media\" title=\"fic_orientacio:cma:cma03:index\" href=\"http:\/\/ateneu.xtec.cat\/wikiform\/wikiexport\/fic_orientacio\/cma\/cma03\/index\"><img decoding=\"async\" class=\"mediacenter img-responsive\" title=\"Orientacions per a la coordinaci\u00f3\" src=\"http:\/\/ateneu.xtec.cat\/wikiform\/wikiexport\/_media\/fic\/orientacio.png?w=18&amp;tok=ffac92\" alt=\"Orientacions per a la coordinaci\u00f3\" width=\"18\" \/><\/a><\/td>\n<\/tr>\n<tr class=\"row8\">\n<td class=\"col0 leftalign\"><a class=\"wikilink1\" title=\"fic:cma:cma05:index\" href=\"http:\/\/ateneu.xtec.cat\/wikiform\/wikiexport\/fic\/cma\/cma05\/index\">Resoluci\u00f3 de problemes a l\u2019educaci\u00f3 infantil i prim\u00e0ria<\/a><\/td>\n<td class=\"col1 leftalign\"><a class=\"media\" title=\"fic_orientacio:cma:cma05:index\" href=\"http:\/\/ateneu.xtec.cat\/wikiform\/wikiexport\/fic_orientacio\/cma\/cma05\/index\"><img decoding=\"async\" class=\"mediacenter img-responsive\" title=\"Orientacions per a la coordinaci\u00f3\" src=\"http:\/\/ateneu.xtec.cat\/wikiform\/wikiexport\/_media\/fic\/orientacio.png?w=18&amp;tok=ffac92\" alt=\"Orientacions per a la coordinaci\u00f3\" width=\"18\" \/><\/a><\/td>\n<\/tr>\n<tr class=\"row9\">\n<td class=\"col0 leftalign\"><a class=\"wikilink1\" title=\"fic:tdi:tdi01:index\" href=\"http:\/\/ateneu.xtec.cat\/wikiform\/wikiexport\/fic\/tdi\/tdi01\/index\">Usos curriculars de les TAC a l\u2019educaci\u00f3 prim\u00e0ria<\/a><\/td>\n<td class=\"col1 leftalign\"><a class=\"media\" title=\"fic_orientacio:tdi:tdi01:index\" href=\"http:\/\/ateneu.xtec.cat\/wikiform\/wikiexport\/fic_orientacio\/tdi\/tdi01\/index\"><img decoding=\"async\" class=\"mediacenter img-responsive\" title=\"Orientacions per a la coordinaci\u00f3\" src=\"http:\/\/ateneu.xtec.cat\/wikiform\/wikiexport\/_media\/fic\/orientacio.png?w=18&amp;tok=ffac92\" alt=\"Orientacions per a la coordinaci\u00f3\" width=\"18\" \/><\/a><\/td>\n<\/tr>\n<tr class=\"row10\">\n<td class=\"col0 leftalign\"><a class=\"wikilink1\" title=\"fic:tav:tav1:index\" href=\"http:\/\/ateneu.xtec.cat\/wikiform\/wikiexport\/fic\/tav\/tav1\/index\">Avaluar per aprendre: l\u2019avaluaci\u00f3 al servei de l\u2019aprenentatge de l\u2019alumnat<\/a><\/td>\n<td class=\"col1 leftalign\"><a class=\"media\" title=\"fic_orientacio:tav:tav1:index\" href=\"http:\/\/ateneu.xtec.cat\/wikiform\/wikiexport\/fic_orientacio\/tav\/tav1\/index\"><img decoding=\"async\" class=\"mediacenter img-responsive\" title=\"Orientacions per a la coordinaci\u00f3\" src=\"http:\/\/ateneu.xtec.cat\/wikiform\/wikiexport\/_media\/fic\/orientacio.png?w=18&amp;tok=ffac92\" alt=\"Orientacions per a la coordinaci\u00f3\" width=\"18\" \/><\/a><\/td>\n<\/tr>\n<tr class=\"row11\">\n<td class=\"col0 leftalign\"><a class=\"wikilink1\" title=\"fic:cco:ccp03:index\" href=\"http:\/\/ateneu.xtec.cat\/wikiform\/wikiexport\/fic\/cco\/ccp03\/index\">La lectura a l\u2019escola. Ensenyament i aprenentatge de la lectura (3-12 anys)<\/a><\/td>\n<td class=\"col1 leftalign\"><a class=\"media\" title=\"fic_orientacio:cco:ccp03:index\" href=\"http:\/\/ateneu.xtec.cat\/wikiform\/wikiexport\/fic_orientacio\/cco\/ccp03\/index\"><img decoding=\"async\" class=\"mediacenter img-responsive\" title=\"Orientacions per a la coordinaci\u00f3\" src=\"http:\/\/ateneu.xtec.cat\/wikiform\/wikiexport\/_media\/fic\/orientacio.png?w=18&amp;tok=ffac92\" alt=\"Orientacions per a la coordinaci\u00f3\" width=\"18\" \/><\/a><\/td>\n<\/tr>\n<tr class=\"row12\">\n<td class=\"col0 leftalign\"><a class=\"wikilink1\" title=\"fic:adi:adi1:index\" href=\"http:\/\/ateneu.xtec.cat\/wikiform\/wikiexport\/fic\/adi\/adi1\/index\">Promoure canvis per donar oportunitats a tothom<\/a><\/td>\n<td class=\"col1 leftalign\"><a class=\"media\" title=\"fic_orientacio:adi:adi1:index\" href=\"http:\/\/ateneu.xtec.cat\/wikiform\/wikiexport\/fic_orientacio\/adi\/adi1\/index\"><img decoding=\"async\" class=\"mediacenter img-responsive\" title=\"Orientacions per a la coordinaci\u00f3\" src=\"http:\/\/ateneu.xtec.cat\/wikiform\/wikiexport\/_media\/fic\/orientacio.png?w=18&amp;tok=ffac92\" alt=\"Orientacions per a la coordinaci\u00f3\" width=\"18\" \/><\/a><\/td>\n<\/tr>\n<tr class=\"row13\">\n<td class=\"col0 leftalign\"><a class=\"wikilink1\" title=\"fic:met:met1:index\" href=\"http:\/\/ateneu.xtec.cat\/wikiform\/wikiexport\/fic\/met\/met1\/index\">La construcci\u00f3 d\u2019una l\u00ednia metodol\u00f2gica a l\u2019escola<\/a><\/td>\n<td class=\"col1 leftalign\"><a class=\"media\" title=\"fic_orientacio:met:met1:index\" href=\"http:\/\/ateneu.xtec.cat\/wikiform\/wikiexport\/fic_orientacio\/met\/met1\/index\"><img decoding=\"async\" class=\"mediacenter img-responsive\" title=\"Orientacions per a la coordinaci\u00f3\" src=\"http:\/\/ateneu.xtec.cat\/wikiform\/wikiexport\/_media\/fic\/orientacio.png?w=18&amp;tok=ffac92\" alt=\"Orientacions per a la coordinaci\u00f3\" width=\"18\" \/><\/a><\/td>\n<\/tr>\n<tr class=\"row14\">\n<td class=\"col0 leftalign\" colspan=\"2\"><strong>Educaci\u00f3 secund\u00e0ria<\/strong><\/td>\n<\/tr>\n<tr class=\"row15\">\n<td class=\"col0 leftalign\"><a class=\"wikilink1\" title=\"fic:cco:cco02:index\" href=\"http:\/\/ateneu.xtec.cat\/wikiform\/wikiexport\/fic\/cco\/cco02\/index\">Escriure a l\u2019institut: escriure des de les mat\u00e8ries<\/a><\/td>\n<td class=\"col1 leftalign\"><a class=\"media\" title=\"fic_orientacio:cco:cco02:index\" href=\"http:\/\/ateneu.xtec.cat\/wikiform\/wikiexport\/fic_orientacio\/cco\/cco02\/index\"><img decoding=\"async\" class=\"mediacenter img-responsive\" title=\"Orientacions per a la coordinaci\u00f3\" src=\"http:\/\/ateneu.xtec.cat\/wikiform\/wikiexport\/_media\/fic\/orientacio.png?w=18&amp;tok=ffac92\" alt=\"Orientacions per a la coordinaci\u00f3\" width=\"18\" \/><\/a><\/td>\n<\/tr>\n<tr class=\"row16\">\n<td class=\"col0 leftalign\"><a class=\"wikilink1\" title=\"fic:cco:cco04:index\" href=\"http:\/\/ateneu.xtec.cat\/wikiform\/wikiexport\/fic\/cco\/cco04\/index\">Escriure a l\u2019institut: escriure a les classes de llengua<\/a><\/td>\n<td class=\"col1 leftalign\"><a class=\"media\" title=\"fic_orientacio:cco:cco04:index\" href=\"http:\/\/ateneu.xtec.cat\/wikiform\/wikiexport\/fic_orientacio\/cco\/cco04\/index\"><img decoding=\"async\" class=\"mediacenter img-responsive\" title=\"Orientacions per a la coordinaci\u00f3\" src=\"http:\/\/ateneu.xtec.cat\/wikiform\/wikiexport\/_media\/fic\/orientacio.png?w=18&amp;tok=ffac92\" alt=\"Orientacions per a la coordinaci\u00f3\" width=\"18\" \/><\/a><\/td>\n<\/tr>\n<tr class=\"row17\">\n<td class=\"col0 leftalign\"><a class=\"wikilink1\" title=\"fic:cma:cma02:index\" href=\"http:\/\/ateneu.xtec.cat\/wikiform\/wikiexport\/fic\/cma\/cma02\/index\">Com ajudar a desenvolupar la compet\u00e8ncia matem\u00e0tica a l\u2019ESO<\/a><\/td>\n<td class=\"col1 leftalign\"><a class=\"media\" title=\"fic_orientacio:cma:cma02:index\" href=\"http:\/\/ateneu.xtec.cat\/wikiform\/wikiexport\/fic_orientacio\/cma\/cma02\/index\"><img decoding=\"async\" class=\"mediacenter img-responsive\" title=\"Orientacions per a la coordinaci\u00f3\" src=\"http:\/\/ateneu.xtec.cat\/wikiform\/wikiexport\/_media\/fic\/orientacio.png?w=18&amp;tok=ffac92\" alt=\"Orientacions per a la coordinaci\u00f3\" width=\"18\" \/><\/a><\/td>\n<\/tr>\n<tr class=\"row18\">\n<td class=\"col0 leftalign\"><a class=\"wikilink1\" title=\"fic:cma:cma04:index\" href=\"http:\/\/ateneu.xtec.cat\/wikiform\/wikiexport\/fic\/cma\/cma04\/index\" target=\"_blank\" rel=\"noopener noreferrer\">La geometria a l&#8217;Educaci\u00f3 Secund\u00e0ria Obligat\u00f2ria<\/a><\/td>\n<td class=\"col1 leftalign\"><a class=\"media\" title=\"fic_orientacio:cma:cma04:index\" href=\"http:\/\/ateneu.xtec.cat\/wikiform\/wikiexport\/fic_orientacio\/cma\/cma04\/index\"><img decoding=\"async\" class=\"mediacenter img-responsive\" title=\"Orientacions per a la coordinaci\u00f3\" src=\"http:\/\/ateneu.xtec.cat\/wikiform\/wikiexport\/_media\/fic\/orientacio.png?w=18&amp;tok=ffac92\" alt=\"Orientacions per a la coordinaci\u00f3\" width=\"18\" \/><\/a><\/td>\n<\/tr>\n<tr class=\"row19\">\n<td class=\"col0 leftalign\"><a class=\"wikilink1\" title=\"fic:cci:cci01:index\" href=\"http:\/\/ateneu.xtec.cat\/wikiform\/wikiexport\/fic\/cci\/cci01\/index\">El treball experimental a les classes de ci\u00e8ncies<\/a><\/td>\n<td class=\"col1 leftalign\"><a class=\"media\" title=\"fic_orientacio:cci:cci01:index\" href=\"http:\/\/ateneu.xtec.cat\/wikiform\/wikiexport\/fic_orientacio\/cci\/cci01\/index\"><img decoding=\"async\" class=\"mediacenter img-responsive\" title=\"Orientacions per a la coordinaci\u00f3\" src=\"http:\/\/ateneu.xtec.cat\/wikiform\/wikiexport\/_media\/fic\/orientacio.png?w=18&amp;tok=ffac92\" alt=\"Orientacions per a la coordinaci\u00f3\" width=\"18\" \/><\/a><\/td>\n<\/tr>\n<tr class=\"row20\">\n<td class=\"col0 leftalign\"><a class=\"wikilink1\" title=\"fic:tdi:tdi02:index\" href=\"http:\/\/ateneu.xtec.cat\/wikiform\/wikiexport\/fic\/tdi\/tdi02\/index\">Usos curriculars de les TAC a l\u2019educaci\u00f3 secund\u00e0ria<\/a><\/td>\n<td class=\"col1 leftalign\"><a class=\"media\" title=\"fic_orientacio:tdi:tdi02:index\" href=\"http:\/\/ateneu.xtec.cat\/wikiform\/wikiexport\/fic_orientacio\/tdi\/tdi02\/index\"><img decoding=\"async\" class=\"mediacenter img-responsive\" title=\"Orientacions per a la coordinaci\u00f3\" src=\"http:\/\/ateneu.xtec.cat\/wikiform\/wikiexport\/_media\/fic\/orientacio.png?w=18&amp;tok=ffac92\" alt=\"Orientacions per a la coordinaci\u00f3\" width=\"18\" \/><\/a><\/td>\n<\/tr>\n<tr class=\"row21\">\n<td class=\"col0 leftalign\"><a class=\"wikilink1\" title=\"fic:tav:tav1:index\" href=\"http:\/\/ateneu.xtec.cat\/wikiform\/wikiexport\/fic\/tav\/tav1\/index\">Avaluar per aprendre: l\u2019avaluaci\u00f3 al servei de l\u2019aprenentatge de l\u2019alumnat<\/a><\/td>\n<td class=\"col1 leftalign\"><a class=\"media\" title=\"fic_orientacio:tav:tav1:index\" href=\"http:\/\/ateneu.xtec.cat\/wikiform\/wikiexport\/fic_orientacio\/tav\/tav1\/index\"><img decoding=\"async\" class=\"mediacenter img-responsive\" title=\"Orientacions per a la coordinaci\u00f3\" src=\"http:\/\/ateneu.xtec.cat\/wikiform\/wikiexport\/_media\/fic\/orientacio.png?w=18&amp;tok=ffac92\" alt=\"Orientacions per a la coordinaci\u00f3\" width=\"18\" \/><\/a><\/td>\n<\/tr>\n<tr class=\"row22\">\n<td class=\"col0 leftalign\"><a class=\"wikilink1\" title=\"fic:cco:ccs3:index\" href=\"http:\/\/ateneu.xtec.cat\/wikiform\/wikiexport\/fic\/cco\/ccs3\/index\">Escriure a partir dels textos literaris<\/a><\/td>\n<td class=\"col1 leftalign\"><a class=\"media\" title=\"fic_orientacio:cco:ccs3:index\" href=\"http:\/\/ateneu.xtec.cat\/wikiform\/wikiexport\/fic_orientacio\/cco\/ccs3\/index\"><img decoding=\"async\" class=\"mediacenter img-responsive\" title=\"Orientacions per a la coordinaci\u00f3\" src=\"http:\/\/ateneu.xtec.cat\/wikiform\/wikiexport\/_media\/fic\/orientacio.png?w=18&amp;tok=ffac92\" alt=\"Orientacions per a la coordinaci\u00f3\" width=\"18\" \/><\/a><\/td>\n<\/tr>\n<tr class=\"row23\">\n<td class=\"col0 leftalign\" colspan=\"2\"><strong>Educaci\u00f3 d\u2019adults<\/strong><\/td>\n<\/tr>\n<tr class=\"row24\">\n<td class=\"col0 leftalign\"><a class=\"wikilink1\" title=\"fic:epa:epa1:index\" href=\"http:\/\/ateneu.xtec.cat\/wikiform\/wikiexport\/fic\/epa\/epa1\/index\">L\u2019avaluaci\u00f3 com a guia de l\u2019aprenentatge<\/a><\/td>\n<td class=\"col1 leftalign\"><a class=\"media\" title=\"fic_orientacio:epa:epa1:index\" href=\"http:\/\/ateneu.xtec.cat\/wikiform\/wikiexport\/fic_orientacio\/epa\/epa1\/index\"><img decoding=\"async\" class=\"mediacenter img-responsive\" title=\"Orientacions per a la coordinaci\u00f3\" src=\"http:\/\/ateneu.xtec.cat\/wikiform\/wikiexport\/_media\/fic\/orientacio.png?w=18&amp;tok=ffac92\" alt=\"Orientacions per a la coordinaci\u00f3\" width=\"18\" \/><\/a><\/td>\n<\/tr>\n<tr class=\"row25\">\n<td class=\"col0 leftalign\"><a class=\"wikilink1\" title=\"fic:epa:epa2:index\" href=\"http:\/\/ateneu.xtec.cat\/wikiform\/wikiexport\/fic\/epa\/epa2\/index\">Com planificar per orientar un aprenentatge aut\u00f2nom<\/a><\/td>\n<td class=\"col1 leftalign\"><a class=\"media\" title=\"fic_orientacio:epa:epa2:index\" href=\"http:\/\/ateneu.xtec.cat\/wikiform\/wikiexport\/fic_orientacio\/epa\/epa2\/index\"><img decoding=\"async\" class=\"mediacenter img-responsive\" title=\"Orientacions per a la coordinaci\u00f3\" src=\"http:\/\/ateneu.xtec.cat\/wikiform\/wikiexport\/_media\/fic\/orientacio.png?w=18&amp;tok=ffac92\" alt=\"Orientacions per a la coordinaci\u00f3\" width=\"18\" \/><\/a><\/td>\n<\/tr>\n<tr class=\"row26\">\n<td class=\"col0 leftalign\"><a class=\"wikilink1\" title=\"fic:epa:epa4:index\" href=\"http:\/\/ateneu.xtec.cat\/wikiform\/wikiexport\/fic\/epa\/epa4\/index\">Cap a un centre orientador: l\u2019acompanyament i la presa de decisions<\/a><\/td>\n<td class=\"col1 leftalign\"><a class=\"media\" title=\"fic_orientacio:epa:epa4:index\" href=\"http:\/\/ateneu.xtec.cat\/wikiform\/wikiexport\/fic_orientacio\/epa\/epa4\/index\"><img decoding=\"async\" class=\"mediacenter img-responsive\" title=\"Orientacions per a la coordinaci\u00f3\" src=\"http:\/\/ateneu.xtec.cat\/wikiform\/wikiexport\/_media\/fic\/orientacio.png?w=18&amp;tok=ffac92\" alt=\"Orientacions per a la coordinaci\u00f3\" width=\"18\" \/><\/a><\/td>\n<\/tr>\n<tr class=\"row27\">\n<td class=\"col0 leftalign\" colspan=\"2\"><strong>Escola Oficial d\u2019Idiomes<\/strong><\/td>\n<\/tr>\n<tr class=\"row28\">\n<td class=\"col0 leftalign\"><a class=\"wikilink1\" title=\"fic:eoi:eoi1:index\" href=\"http:\/\/ateneu.xtec.cat\/wikiform\/wikiexport\/fic\/eoi\/eoi1\/index\">Millora de l\u2019ensenyament-aprenentatge de l\u2019expressi\u00f3 i la interacci\u00f3 oral<\/a><img decoding=\"async\" class=\"mediaright img-responsive\" src=\"http:\/\/ateneu.xtec.cat\/wikiform\/wikiexport\/_media\/nou.png?w=20&amp;tok=c3c3f0\" alt=\"\" width=\"20\" \/><\/td>\n<td class=\"col1 leftalign\"><a class=\"media\" title=\"fic_orientacio:eoi:eoi1:index\" href=\"http:\/\/ateneu.xtec.cat\/wikiform\/wikiexport\/fic_orientacio\/eoi\/eoi1\/index\"><img decoding=\"async\" class=\"mediacenter img-responsive\" title=\"Orientacions per a la coordinaci\u00f3\" src=\"http:\/\/ateneu.xtec.cat\/wikiform\/wikiexport\/_media\/fic\/orientacio.png?w=18&amp;tok=ffac92\" alt=\"Orientacions per a la coordinaci\u00f3\" width=\"18\" \/><\/a><\/td>\n<\/tr>\n<\/tbody>\n<\/table>\n<\/div>\n","protected":false},"excerpt":{"rendered":"<p>Modalitat formativa que t\u00e9 lloc dins de cada\u00a0centre educatiu, i que s\u2019adre\u00e7a a la majoria del\u00a0claustre o a un col\u00b7lectiu d\u2019un centre. M\u00e9s informaci\u00f3 sobre la\u00a0Formaci\u00f3 interna de centre\u00a0(FIC): Organitzaci\u00f3 de la FIC de centre Caracter\u00edstiques i estructura de la FIC Materials FIC d\u2019itinerari guiat (Ateneu) Caracter\u00edstiques \u00c9s liderat i dinamitzat per un equip de\u00a0coordinaci\u00f3 [&hellip;]<\/p>\n","protected":false},"author":4,"featured_media":0,"parent":416,"menu_order":10,"comment_status":"closed","ping_status":"closed","template":"page-templates\/side-menu.php","meta":{"_bbp_topic_count":0,"_bbp_reply_count":0,"_bbp_total_topic_count":0,"_bbp_total_reply_count":0,"_bbp_voice_count":0,"_bbp_anonymous_reply_count":0,"_bbp_topic_count_hidden":0,"_bbp_reply_count_hidden":0,"_bbp_forum_subforum_count":0,"site-sidebar-layout":"default","site-content-layout":"","ast-site-content-layout":"","site-content-style":"default","site-sidebar-style":"default","ast-global-header-display":"","ast-banner-title-visibility":"","ast-main-header-display":"","ast-hfb-above-header-display":"","ast-hfb-below-header-display":"","ast-hfb-mobile-header-display":"","site-post-title":"","ast-breadcrumbs-content":"","ast-featured-img":"","footer-sml-layout":"","theme-transparent-header-meta":"","adv-header-id-meta":"","stick-header-meta":"","header-above-stick-meta":"","header-main-stick-meta":"","header-below-stick-meta":"","astra-migrate-meta-layouts":"default","ast-page-background-enabled":"default","ast-page-background-meta":{"desktop":{"background-color":"var(--ast-global-color-4)","background-image":"","background-repeat":"repeat","background-position":"center center","background-size":"auto","background-attachment":"scroll","background-type":"","background-media":"","overlay-type":"","overlay-color":"","overlay-opacity":"","overlay-gradient":""},"tablet":{"background-color":"","background-image":"","background-repeat":"repeat","background-position":"center center","background-size":"auto","background-attachment":"scroll","background-type":"","background-media":"","overlay-type":"","overlay-color":"","overlay-opacity":"","overlay-gradient":""},"mobile":{"background-color":"","background-image":"","background-repeat":"repeat","background-position":"center center","background-size":"auto","background-attachment":"scroll","background-type":"","background-media":"","overlay-type":"","overlay-color":"","overlay-opacity":"","overlay-gradient":""}},"ast-content-background-meta":{"desktop":{"background-color":"var(--ast-global-color-5)","background-image":"","background-repeat":"repeat","background-position":"center center","background-size":"auto","background-attachment":"scroll","background-type":"","background-media":"","overlay-type":"","overlay-color":"","overlay-opacity":"","overlay-gradient":""},"tablet":{"background-color":"var(--ast-global-color-5)","background-image":"","background-repeat":"repeat","background-position":"center center","background-size":"auto","background-attachment":"scroll","background-type":"","background-media":"","overlay-type":"","overlay-color":"","overlay-opacity":"","overlay-gradient":""},"mobile":{"background-color":"var(--ast-global-color-5)","background-image":"","background-repeat":"repeat","background-position":"center center","background-size":"auto","background-attachment":"scroll","background-type":"","background-media":"","overlay-type":"","overlay-color":"","overlay-opacity":"","overlay-gradient":""}},"footnotes":""},"class_list":["post-13299","page","type-page","status-publish","hentry"],"post_mailing_queue_ids":[],"_links":{"self":[{"href":"https:\/\/serveiseducatius.xtec.cat\/altemporda\/wp-json\/wp\/v2\/pages\/13299","targetHints":{"allow":["GET"]}}],"collection":[{"href":"https:\/\/serveiseducatius.xtec.cat\/altemporda\/wp-json\/wp\/v2\/pages"}],"about":[{"href":"https:\/\/serveiseducatius.xtec.cat\/altemporda\/wp-json\/wp\/v2\/types\/page"}],"author":[{"embeddable":true,"href":"https:\/\/serveiseducatius.xtec.cat\/altemporda\/wp-json\/wp\/v2\/users\/4"}],"replies":[{"embeddable":true,"href":"https:\/\/serveiseducatius.xtec.cat\/altemporda\/wp-json\/wp\/v2\/comments?post=13299"}],"version-history":[{"count":3,"href":"https:\/\/serveiseducatius.xtec.cat\/altemporda\/wp-json\/wp\/v2\/pages\/13299\/revisions"}],"predecessor-version":[{"id":15056,"href":"https:\/\/serveiseducatius.xtec.cat\/altemporda\/wp-json\/wp\/v2\/pages\/13299\/revisions\/15056"}],"up":[{"embeddable":true,"href":"https:\/\/serveiseducatius.xtec.cat\/altemporda\/wp-json\/wp\/v2\/pages\/416"}],"wp:attachment":[{"href":"https:\/\/serveiseducatius.xtec.cat\/altemporda\/wp-json\/wp\/v2\/media?parent=13299"}],"curies":[{"name":"wp","href":"https:\/\/api.w.org\/{rel}","templated":true}]}}