{"id":13173,"date":"2021-05-18T13:18:47","date_gmt":"2021-05-18T11:18:47","guid":{"rendered":"http:\/\/serveiseducatius.xtec.cat\/altemporda\/?page_id=13173"},"modified":"2026-03-04T05:18:49","modified_gmt":"2026-03-04T04:18:49","slug":"xarxa-descoles-del-pn-cap-de-creus","status":"publish","type":"page","link":"https:\/\/serveiseducatius.xtec.cat\/altemporda\/xarxa-descoles-del-pn-cap-de-creus\/","title":{"rendered":"Xarxa d&#8217;escoles PN Cap de Creus"},"content":{"rendered":"\n<figure class=\"wp-block-image alignleft\"><img loading=\"lazy\" decoding=\"async\" width=\"630\" height=\"444\" src=\"https:\/\/serveiseducatius.xtec.cat\/altemporda\/wp-content\/uploads\/usu1156\/2022\/01\/pncc.png\" alt=\"\" class=\"wp-image-15741\" srcset=\"https:\/\/serveiseducatius.xtec.cat\/altemporda\/wp-content\/uploads\/usu1156\/2022\/01\/pncc.png 630w, https:\/\/serveiseducatius.xtec.cat\/altemporda\/wp-content\/uploads\/usu1156\/2022\/01\/pncc-300x211.png 300w\" sizes=\"auto, (max-width: 630px) 100vw, 630px\" \/><\/figure>\n\n\n\n<p><b><i><\/i><\/b><i><\/i><span style=\"color: #22bcac;\"><i>Entre la terra i el mar, el Parc Natural de Cap de Creus ens ofereix una diversitat paisatg\u00edstica d\u2019una bellesa incomparable. D\u00f2lmens i castells, penya-segats i vinyes dominen les valls i els turons, mentre que, al mar, illots i esculls de formes capricioses amaguen espectaculars fons coral\u00b7l\u00edgens i variades esp\u00e8cies marines. Deixeu-vos emportar pel vent i el mar i acosteu-vos a aquest parad\u00eds ple d\u2019encants!&nbsp;<\/i><\/span><\/p>\n\n\n\n<p>&nbsp;<\/p>\n\n\n\n<p><span style=\"font-weight: 400;\">El Parc Natural de Cap de Creus, amb una superf\u00edcie total de 13.843 hect\u00e0rees, \u00e9s el primer parc mar\u00edtimo-terrestre que es va declarar a Catalunya l\u2019any 1998. La pen\u00ednsula de Cap de Creus es troba a la part m\u00e9s oriental de la pen\u00ednsula Ib\u00e8rica a l\u2019extrem mediterrani del Pirineu axial. Es tracta d\u2019un espai natural de primer ordre dotat d\u2019una singular configuraci\u00f3 geol\u00f2gica, amb estructures i afloraments que formen un conjunt \u00fanic al m\u00f3n. Des del punt de vista biol\u00f2gic, s\u00f3n especialment destacables la diversitat i la riquesa del patrimoni vegetal, que s\u00f3n conseq\u00fc\u00e8ncia directa de la seva situaci\u00f3 biogeogr\u00e0fica, la coexist\u00e8ncia d\u2019elements mediterranis i extramediterranis, i la pres\u00e8ncia de nombroses esp\u00e8cies escasses, algunes d\u2019elles end\u00e8miques. La multiplicitat de bi\u00f2tops t\u00e9 la seva correspond\u00e8ncia amb la fauna, on cal remarcar l\u2019elevat potencial de recuperaci\u00f3 que encara ofereix aquest espai.&nbsp;<\/span><\/p>\n\n\n\n<p><span style=\"font-weight: 400;\">Especialment reconeguts s\u00f3n els seus elevats valors paisatg\u00edstics, amb l\u2019excepcional bellesa dels ambients litorals que contrasta amb els paratges interiors, on molt sovint l\u2019acci\u00f3 secular humana ha incidit especialment en l\u2019harm\u00f2nica i peculiar configuraci\u00f3 del paisatge actual. Cal destacar tamb\u00e9 el ric patrimoni arquitect\u00f2nic, del qual el monestir de Sant Pere de Rodes representa el punt culminant, i l\u2019inter\u00e8s dels jaciments arqueol\u00f2gics terrestres i marins i del paratges dalinians de Portlligat.&nbsp;<\/span><\/p>\n\n\n\n<p><span style=\"font-weight: 400;\">Les aig\u00fces que envolten la pen\u00ednsula de Cap de Creus, la morfologia de la costa amb penya-segats, roques, illots, esculls, cales i badies, la naturalesa dels seus fons de roca (que poden assolir grans fond\u00e0ries) i de sediments ofereixen tamb\u00e9 una ampl\u00edssima diversitat que es tradueix en una extraordin\u00e0ria riquesa submarina: els alguers i els fons coral\u00b7l\u00edgens en s\u00f3n els millors testimonis.<\/span><\/p>\n\n\n\n<figure class=\"wp-block-image alignleft\"><a href=\"https:\/\/serveiseducatius.xtec.cat\/altemporda\/wp-content\/uploads\/usu1156\/2021\/05\/qr_img.png\"><img loading=\"lazy\" decoding=\"async\" width=\"264\" height=\"264\" src=\"https:\/\/serveiseducatius.xtec.cat\/altemporda\/wp-content\/uploads\/usu1156\/2021\/05\/qr_img.png\" alt=\"\" class=\"wp-image-13181\" srcset=\"https:\/\/serveiseducatius.xtec.cat\/altemporda\/wp-content\/uploads\/usu1156\/2021\/05\/qr_img.png 264w, https:\/\/serveiseducatius.xtec.cat\/altemporda\/wp-content\/uploads\/usu1156\/2021\/05\/qr_img-150x150.png 150w\" sizes=\"auto, (max-width: 264px) 100vw, 264px\" \/><\/a><\/figure>\n\n\n\n<p>El <strong>Parc Natural de Cap de Creus,<\/strong> conjuntament amb el <strong>Servei educatiu de l&#8217;Alt Empord\u00e0<\/strong>, ha impulsat un full de ruta que pret\u00e9n dinamitzar la implicaci\u00f3 de la societat en la millora i el coneixement del nostre territori i alhora crear un sentiment de lligam i pertinen\u00e7a amb el Parc i la seva conservaci\u00f3. Conscients de la cabdal import\u00e0ncia de la participaci\u00f3 dels centres escolars dels municipis del Parc a aquesta iniciativa. S\u2019ha impulsat la creaci\u00f3 de la <span style=\"color: #22bcac; font-size: 14pt;\"><strong>Xarxa d\u2019escoles del parc natural de Cap de Creus<\/strong><\/span>, com una eina imprescindible per a portar a terme aquests reptes.<\/p>\n\n\n\n<p>Aquesta xarxa s&#8217;emmiralla amb els <strong><a href=\"https:\/\/educacio.gencat.cat\/ca\/departament\/linies-estrategiques\/ods\/\">objectius de desenvolupament sostenible (ODS)<\/a><\/strong> prioritzats pel Departament d&#8217;educaci\u00f3. Inclosos en la resoluci\u00f3 <strong>&#8220;Agenda 2030: transformar el nostre m\u00f3n&#8221;<\/strong>, que el setembre de 2015 l&#8217;Assemblea General de les Nacions Unides va aprovar, per tal de&nbsp;definir&nbsp;un full de ruta unificat per fer front als reptes globals de la humanitat. Aquest document identifica cinc grans \u00e0rees d&#8217;actuaci\u00f3&nbsp;(persones, planeta, prosperitat, pau i&nbsp;partenariat), al voltant de les quals hi ha 17 objectius de desenvolupament sostenible&nbsp;(ODS)<em>&nbsp;<\/em>i 169 fites per assolir en l&#8217;horitz\u00f3 2030, amb l&#8217;objectiu final de promoure la prosperitat a la vegada que es protegeix el medi ambient.<\/p>\n\n\n\n<figure class=\"wp-block-image alignleft\"><a href=\"https:\/\/drive.google.com\/file\/d\/1MwKaSZ1axzBzShrSlE3aHHMfj-t2tgts\/preview\" target=\"_blank\" rel=\"noopener\"><img loading=\"lazy\" decoding=\"async\" width=\"225\" height=\"225\" src=\"https:\/\/serveiseducatius.xtec.cat\/altemporda\/wp-content\/uploads\/usu1156\/2022\/02\/baixa-1.png\" alt=\"\" class=\"wp-image-16401\" srcset=\"https:\/\/serveiseducatius.xtec.cat\/altemporda\/wp-content\/uploads\/usu1156\/2022\/02\/baixa-1.png 225w, https:\/\/serveiseducatius.xtec.cat\/altemporda\/wp-content\/uploads\/usu1156\/2022\/02\/baixa-1-150x150.png 150w\" sizes=\"auto, (max-width: 225px) 100vw, 225px\" \/><\/a><\/figure>\n\n\n\n<p>Els&nbsp;17 ODS no s\u00f3n independents els uns dels altres, sin\u00f3 que estan interconnectats. Les intervencions en una \u00e0rea afectaran els resultats de les altres, i \u00e9s per aix\u00f2 que el desenvolupament ha d&#8217;equilibrar la sostenibilitat mediambiental, l&#8217;econ\u00f2mica i la social. Aix\u00ed, posar fi a la pobresa ha d&#8217;anar acompanyat d&#8217;un seguit d&#8217;estrat\u00e8gies per al creixement econ\u00f2mic i per al desenvolupament de respostes a necessitats socials com l&#8217;educaci\u00f3, la salut, la igualtat i les oportunitats laborals, a la vegada que es lluita contra el canvi clim\u00e0tic i es treballa per preservar boscos i oceans. Pel que fa als objectius compartits entre el Parc Natural i el Servei educatiu estem parlant, entre altres, de l&#8217;objectiu <strong>13<\/strong> sobre l&#8217;acci\u00f3 clim\u00e0tica, amb el prop\u00f2sit d&#8217;adoptar mesures urgents per combatre el canvi clim\u00e0tic i els seus efectes.<\/p>\n\n\n\n<p>Una altra l\u00ednia estrat\u00e8gica compartida amb la Xarxa d&#8217;escoles del Parc Natural del Cap de Creus \u00e9s la col\u00b7laboraci\u00f3 amb els prop\u00f2sits de la <a href=\"https:\/\/mediambient.gencat.cat\/ca\/05_ambits_dactuacio\/educacio_i_sostenibilitat\/educacio_per_a_la_sostenibilitat\/ciencia-ciutadana-natura\/\"><strong>Ci\u00e8ncia Ciutadana<\/strong><\/a>, per tal d&#8217;aportar dades, informaci\u00f3, observacions, etc. amb les diferents administracions, universitats que realitzen projectes de recerca entorn al medi natural.<\/p>\n\n\n\n<p><strong><span style=\"color: #22bcac;\">Centres participants:<\/span>&nbsp;<\/strong>I-E Caritat Serinyana Cap de Creus (Cadaqu\u00e9s), ESC Puig d\u2019Esquers (Colera), ESC Les Clisques (El Port de la Selva), ESC Pompeu Fabra (Llan\u00e7\u00e0), ESC Mart\u00ed Ingl\u00e8s (Palau-Saverdera), ESC de Pau, ESC Sant Jaume (Portbou),&nbsp; ESC Santiago Rat\u00e9s (Vilaju\u00efga) Les escoles i instituts de Roses; ESC Montserrat Vayreda, ESC Els Grecs, ESC Jaume Vicens Vives, C.C. Centre Escolar Empord\u00e0, ESC Narc\u00eds Monturiol, institut Illa de Rodes. Institut Cap Norfeu i l&#8217;Institut de Llan\u00e7\u00e0.<\/p>\n\n\n\n<figure class=\"wp-block-table\"><table class=\"has-fixed-layout\"><tbody><tr><td><figure><img loading=\"lazy\" decoding=\"async\" class=\"wp-image-23403 aligncenter\" style=\"font-size: 16px; background-color: #ffffff;\" src=\"https:\/\/serveiseducatius.xtec.cat\/altemporda\/wp-content\/uploads\/usu1156\/2021\/11\/imatge.png\" alt=\"\" width=\"379\" height=\"244\"><\/figure><\/td><td><figure><img loading=\"lazy\" decoding=\"async\" class=\"wp-image-23402 aligncenter\" style=\"font-size: 16px; background-color: #ffffff;\" src=\"https:\/\/serveiseducatius.xtec.cat\/altemporda\/wp-content\/uploads\/usu1156\/2022\/10\/235ceee7-edb9-408a-8a34-c739dd7b6957-300x206.jpg\" alt=\"\" width=\"369\" height=\"253\"><\/figure><\/td><td><figure><img loading=\"lazy\" decoding=\"async\" class=\"wp-image-23401 aligncenter\" style=\"font-size: 16px; background-color: #ffffff;\" src=\"https:\/\/serveiseducatius.xtec.cat\/altemporda\/wp-content\/uploads\/usu1156\/2022\/10\/Secpncc-300x225.png\" alt=\"\" width=\"348\" height=\"261\"><\/figure><\/td><\/tr><tr><td><figure><img loading=\"lazy\" decoding=\"async\" class=\"wp-image-23403 aligncenter\" style=\"font-size: 16px;\" src=\"https:\/\/serveiseducatius.xtec.cat\/altemporda\/wp-content\/uploads\/usu1156\/2024\/06\/1718191620266.webp\" alt=\"\" width=\"252\" height=\"252\" srcset=\"https:\/\/serveiseducatius.xtec.cat\/altemporda\/wp-content\/uploads\/usu1156\/2024\/06\/1718191620266.webp 975w, https:\/\/serveiseducatius.xtec.cat\/altemporda\/wp-content\/uploads\/usu1156\/2024\/06\/1718191620266-300x300.webp 300w, https:\/\/serveiseducatius.xtec.cat\/altemporda\/wp-content\/uploads\/usu1156\/2024\/06\/1718191620266-150x150.webp 150w, https:\/\/serveiseducatius.xtec.cat\/altemporda\/wp-content\/uploads\/usu1156\/2024\/06\/1718191620266-768x768.webp 768w\" sizes=\"auto, (max-width: 252px) 100vw, 252px\" \/><\/figure><\/td><td><figure><img loading=\"lazy\" decoding=\"async\" class=\"wp-image-23402 aligncenter\" style=\"font-size: 16px;\" src=\"https:\/\/serveiseducatius.xtec.cat\/altemporda\/wp-content\/uploads\/usu1156\/2024\/06\/1718191533996.jpg\" alt=\"\" width=\"348\" height=\"261\" srcset=\"https:\/\/serveiseducatius.xtec.cat\/altemporda\/wp-content\/uploads\/usu1156\/2024\/06\/1718191533996.jpg 1600w, https:\/\/serveiseducatius.xtec.cat\/altemporda\/wp-content\/uploads\/usu1156\/2024\/06\/1718191533996-300x225.jpg 300w, https:\/\/serveiseducatius.xtec.cat\/altemporda\/wp-content\/uploads\/usu1156\/2024\/06\/1718191533996-1024x768.jpg 1024w, https:\/\/serveiseducatius.xtec.cat\/altemporda\/wp-content\/uploads\/usu1156\/2024\/06\/1718191533996-768x576.jpg 768w, https:\/\/serveiseducatius.xtec.cat\/altemporda\/wp-content\/uploads\/usu1156\/2024\/06\/1718191533996-1536x1152.jpg 1536w, https:\/\/serveiseducatius.xtec.cat\/altemporda\/wp-content\/uploads\/usu1156\/2024\/06\/1718191533996-200x150.jpg 200w\" sizes=\"auto, (max-width: 348px) 100vw, 348px\" \/><\/figure><\/td><td><figure><img loading=\"lazy\" decoding=\"async\" class=\"wp-image-23401 aligncenter\" style=\"font-size: 16px;\" src=\"https:\/\/serveiseducatius.xtec.cat\/altemporda\/wp-content\/uploads\/usu1156\/2024\/06\/1718191286276.jpg\" alt=\"\" width=\"402\" height=\"249\" srcset=\"https:\/\/serveiseducatius.xtec.cat\/altemporda\/wp-content\/uploads\/usu1156\/2024\/06\/1718191286276.jpg 2048w, https:\/\/serveiseducatius.xtec.cat\/altemporda\/wp-content\/uploads\/usu1156\/2024\/06\/1718191286276-300x185.jpg 300w, https:\/\/serveiseducatius.xtec.cat\/altemporda\/wp-content\/uploads\/usu1156\/2024\/06\/1718191286276-1024x632.jpg 1024w, https:\/\/serveiseducatius.xtec.cat\/altemporda\/wp-content\/uploads\/usu1156\/2024\/06\/1718191286276-768x474.jpg 768w, https:\/\/serveiseducatius.xtec.cat\/altemporda\/wp-content\/uploads\/usu1156\/2024\/06\/1718191286276-1536x948.jpg 1536w\" sizes=\"auto, (max-width: 402px) 100vw, 402px\" \/><\/figure><\/td><\/tr><\/tbody><\/table><\/figure>\n\n\n\n<p>&nbsp;<\/p>\n\n\n\n<figure class=\"wp-block-image\"><img loading=\"lazy\" decoding=\"async\" width=\"1901\" height=\"1073\" src=\"https:\/\/serveiseducatius.xtec.cat\/altemporda\/wp-content\/uploads\/usu1156\/2024\/06\/Imatge-objectius-XEPNCC.png\" alt=\"\" class=\"wp-image-23406\" srcset=\"https:\/\/serveiseducatius.xtec.cat\/altemporda\/wp-content\/uploads\/usu1156\/2024\/06\/Imatge-objectius-XEPNCC.png 1901w, https:\/\/serveiseducatius.xtec.cat\/altemporda\/wp-content\/uploads\/usu1156\/2024\/06\/Imatge-objectius-XEPNCC-300x169.png 300w, https:\/\/serveiseducatius.xtec.cat\/altemporda\/wp-content\/uploads\/usu1156\/2024\/06\/Imatge-objectius-XEPNCC-1024x578.png 1024w, https:\/\/serveiseducatius.xtec.cat\/altemporda\/wp-content\/uploads\/usu1156\/2024\/06\/Imatge-objectius-XEPNCC-768x433.png 768w, https:\/\/serveiseducatius.xtec.cat\/altemporda\/wp-content\/uploads\/usu1156\/2024\/06\/Imatge-objectius-XEPNCC-1536x867.png 1536w\" sizes=\"auto, (max-width: 1901px) 100vw, 1901px\" \/><\/figure>\n\n\n\n<p><\/p>\n\n\n\n<hr class=\"wp-block-separator has-alpha-channel-opacity\"\/>\n\n\n\n<p class=\"has-text-align-left\"><strong><span style=\"font-size: 14pt;\">Article presentaci\u00f3 Jornades CRP Catalunya 2023:&nbsp;<\/span><\/strong><\/p>\n\n\n\n<p class=\"has-text-align-left\"><strong><span style=\"font-size: 14pt;\"><a href=\"https:\/\/serveiseducatius.xtec.cat\/altemporda\/general\/aqui-crps\/\">\ud83d\udc49\ud83d\udc49 Hola Cerreperes i cerreperos de Catalunya\ud83d\udc48<\/a><a href=\"https:\/\/serveiseducatius.xtec.cat\/altemporda\/general\/aqui-crps\/\">\ud83d\udc48<\/a><\/span><\/strong><\/p>\n","protected":false},"excerpt":{"rendered":"<p>Entre la terra i el mar, el Parc Natural de Cap de Creus ens ofereix una diversitat paisatg\u00edstica d\u2019una bellesa incomparable. D\u00f2lmens i castells, penya-segats i vinyes dominen les valls i els turons, mentre que, al mar, illots i esculls de formes capricioses amaguen espectaculars fons coral\u00b7l\u00edgens i variades esp\u00e8cies marines. Deixeu-vos emportar pel vent [&hellip;]<\/p>\n","protected":false},"author":4,"featured_media":0,"parent":0,"menu_order":0,"comment_status":"closed","ping_status":"closed","template":"","meta":{"_bbp_topic_count":0,"_bbp_reply_count":0,"_bbp_total_topic_count":0,"_bbp_total_reply_count":0,"_bbp_voice_count":0,"_bbp_anonymous_reply_count":0,"_bbp_topic_count_hidden":0,"_bbp_reply_count_hidden":0,"_bbp_forum_subforum_count":0,"site-sidebar-layout":"default","site-content-layout":"","ast-site-content-layout":"default","site-content-style":"default","site-sidebar-style":"default","ast-global-header-display":"","ast-banner-title-visibility":"","ast-main-header-display":"","ast-hfb-above-header-display":"","ast-hfb-below-header-display":"","ast-hfb-mobile-header-display":"","site-post-title":"","ast-breadcrumbs-content":"","ast-featured-img":"","footer-sml-layout":"","theme-transparent-header-meta":"","adv-header-id-meta":"","stick-header-meta":"","header-above-stick-meta":"","header-main-stick-meta":"","header-below-stick-meta":"","astra-migrate-meta-layouts":"set","ast-page-background-enabled":"default","ast-page-background-meta":{"desktop":{"background-color":"var(--ast-global-color-4)","background-image":"","background-repeat":"repeat","background-position":"center center","background-size":"auto","background-attachment":"scroll","background-type":"","background-media":"","overlay-type":"","overlay-color":"","overlay-opacity":"","overlay-gradient":""},"tablet":{"background-color":"","background-image":"","background-repeat":"repeat","background-position":"center center","background-size":"auto","background-attachment":"scroll","background-type":"","background-media":"","overlay-type":"","overlay-color":"","overlay-opacity":"","overlay-gradient":""},"mobile":{"background-color":"","background-image":"","background-repeat":"repeat","background-position":"center center","background-size":"auto","background-attachment":"scroll","background-type":"","background-media":"","overlay-type":"","overlay-color":"","overlay-opacity":"","overlay-gradient":""}},"ast-content-background-meta":{"desktop":{"background-color":"var(--ast-global-color-5)","background-image":"","background-repeat":"repeat","background-position":"center center","background-size":"auto","background-attachment":"scroll","background-type":"","background-media":"","overlay-type":"","overlay-color":"","overlay-opacity":"","overlay-gradient":""},"tablet":{"background-color":"var(--ast-global-color-5)","background-image":"","background-repeat":"repeat","background-position":"center center","background-size":"auto","background-attachment":"scroll","background-type":"","background-media":"","overlay-type":"","overlay-color":"","overlay-opacity":"","overlay-gradient":""},"mobile":{"background-color":"var(--ast-global-color-5)","background-image":"","background-repeat":"repeat","background-position":"center center","background-size":"auto","background-attachment":"scroll","background-type":"","background-media":"","overlay-type":"","overlay-color":"","overlay-opacity":"","overlay-gradient":""}},"footnotes":""},"class_list":["post-13173","page","type-page","status-publish","hentry"],"post_mailing_queue_ids":[],"_links":{"self":[{"href":"https:\/\/serveiseducatius.xtec.cat\/altemporda\/wp-json\/wp\/v2\/pages\/13173","targetHints":{"allow":["GET"]}}],"collection":[{"href":"https:\/\/serveiseducatius.xtec.cat\/altemporda\/wp-json\/wp\/v2\/pages"}],"about":[{"href":"https:\/\/serveiseducatius.xtec.cat\/altemporda\/wp-json\/wp\/v2\/types\/page"}],"author":[{"embeddable":true,"href":"https:\/\/serveiseducatius.xtec.cat\/altemporda\/wp-json\/wp\/v2\/users\/4"}],"replies":[{"embeddable":true,"href":"https:\/\/serveiseducatius.xtec.cat\/altemporda\/wp-json\/wp\/v2\/comments?post=13173"}],"version-history":[{"count":6,"href":"https:\/\/serveiseducatius.xtec.cat\/altemporda\/wp-json\/wp\/v2\/pages\/13173\/revisions"}],"predecessor-version":[{"id":27153,"href":"https:\/\/serveiseducatius.xtec.cat\/altemporda\/wp-json\/wp\/v2\/pages\/13173\/revisions\/27153"}],"wp:attachment":[{"href":"https:\/\/serveiseducatius.xtec.cat\/altemporda\/wp-json\/wp\/v2\/media?parent=13173"}],"curies":[{"name":"wp","href":"https:\/\/api.w.org\/{rel}","templated":true}]}}