{"id":1314,"date":"2016-03-15T10:23:40","date_gmt":"2016-03-15T09:23:40","guid":{"rendered":"http:\/\/serveiseducatius.xtec.cat\/altemporda\/?page_id=1314"},"modified":"2025-09-01T10:16:01","modified_gmt":"2025-09-01T08:16:01","slug":"calendari-pfz","status":"publish","type":"page","link":"https:\/\/serveiseducatius.xtec.cat\/altemporda\/formacio\/calendari-pfz\/","title":{"rendered":"Pla de Formaci\u00f3 de Zona (PFZ)"},"content":{"rendered":"<p>El Departament d\u2019Educaci\u00f3 ha establert un conjunt de l\u00ednies de formaci\u00f3 permanent per donar resposta a les necessitats de formaci\u00f3 permanent dels centres educatius i dels docents de Catalunya. El Pla de Formaci\u00f3 de Zona (PFZ) \u00e9s la planificaci\u00f3 en l&#8217;\u00e0mbit comarcal de la formaci\u00f3 permanent del professorat, la qual incorpora les activitats de formaci\u00f3 en centre i altres activitats adre\u00e7ades a tot el professorat de la comarca. El professorat hi participa a trav\u00e9s del proc\u00e9s de detecci\u00f3 de necessitats (demandes formatives) i mitjan\u00e7ant la seva representaci\u00f3 en la comissi\u00f3 del PFZ.<\/p>\n<h4>Calendari<\/h4>\n<table class=\"table aligncenter\" style=\"width: 723px;\">\n<tbody>\n<tr>\n<td style=\"width: 490px; text-align: center; vertical-align: middle; background-color: #d9d9d9;\"><b>Proc\u00e9s<\/b><\/td>\n<td style=\"width: 233px; text-align: center; vertical-align: middle; background-color: #d9d9d9;\"><b>Data<\/b><\/td>\n<\/tr>\n<tr>\n<td style=\"width: 490px;\">Detecci\u00f3 de necessitats<\/td>\n<td style=\"width: 233px;\">Fins al 31 de maig de 2025<\/td>\n<\/tr>\n<tr>\n<td style=\"width: 490px;\">Comissi\u00f3 PFZ de l&#8217;Alt Empord\u00e0:\u00a0Valoraci\u00f3 i aprovaci\u00f3\u00a0de les demandes rebudes.<\/td>\n<td style=\"width: 233px;\">Juny de 2025<\/td>\n<\/tr>\n<tr>\n<td style=\"width: 490px;\">Aprovaci\u00f3\u00a0de la proposta global pel Comit\u00e8 de Formaci\u00f3 del Departament<\/td>\n<td style=\"width: 233px;\">Fins al 30 de juny de 2025<\/td>\n<\/tr>\n<tr>\n<td style=\"width: 490px;\">Publicaci\u00f3\u00a0de les activitats aprovades<\/td>\n<td style=\"width: 233px;\">Abans de l&#8217;1 d&#8217;agost de 2025<\/td>\n<\/tr>\n<tr>\n<td style=\"width: 490px;\">Inscripci\u00f3\u00a0del professorat a les activitats<\/td>\n<td style=\"width: 233px;\"><span style=\"font-weight: 400;\">Setembre de 2025<\/span><\/td>\n<\/tr>\n<tr>\n<td style=\"width: 490px;\">Consulta d&#8217;adjudicacions<\/td>\n<td style=\"width: 233px;\"><span style=\"font-weight: 400;\">Octubre <\/span><span style=\"font-weight: 400;\">de 2025<\/span><\/td>\n<\/tr>\n<\/tbody>\n<\/table>\n<h5>Detecci\u00f3<\/h5>\n<p>Al llarg del tercer trimestre s\u2019obre un per\u00edode de proposta d\u2019activitats de formaci\u00f3 per al seg\u00fcent curs. Totes les propostes fan refer\u00e8ncia a activitats de centre i a activitats adre\u00e7ades a professorat de diversos centres i es fan a partir del formulari de detecci\u00f3.<\/p>\n<h5>Aprovaci\u00f3 i publicaci\u00f3<\/h5>\n<p>Les activitats de formaci\u00f3 aprovades pel curs seg\u00fcent es publiquen i es poden consultar a la nostra web a partir de juliol. S\u2019envia un correu de notificaci\u00f3 al coordinador.<\/p>\n<h5>Inscripcions<\/h5>\n<table class=\"table aligncenter\" style=\"height: 174px; width: 83.5976%;\" width=\"763\">\n<tbody>\n<tr style=\"height: 42px;\">\n<td style=\"height: 42px; background-color: #d9d9d9; width: 19.4302%; text-align: center; vertical-align: middle;\"><strong>Per\u00edodes d&#8217;inscripci\u00f3<\/strong><\/td>\n<td style=\"height: 42px; background-color: #d9d9d9; width: 28.7086%; text-align: center; vertical-align: middle;\"><strong>Sol\u00b7licitud de pla\u00e7a<\/strong><\/td>\n<td style=\"height: 42px; vertical-align: middle; background-color: #d9d9d9; width: 23.5198%; text-align: center;\"><strong>Consulta d&#8217;adjudicacions<\/strong><\/td>\n<td style=\"height: 42px; vertical-align: middle; background-color: #d9d9d9; width: 63.4681%; text-align: center;\"><strong>Inici de les activitats<\/strong><\/td>\n<\/tr>\n<tr style=\"height: 42px;\">\n<td style=\"height: 42px; width: 19.4302%;\"><strong>Primer torn<\/strong><\/td>\n<td style=\"height: 42px; width: 28.7086%;\"><span style=\"font-weight: 400;\">del 5 al 21 de setembre de 2025<\/span><\/td>\n<td style=\"height: 42px; width: 23.5198%;\"><span style=\"font-weight: 400;\">7 d\u2019octubre <\/span><span style=\"font-weight: 400;\">de 2025<\/span><\/td>\n<td style=\"height: 42px; width: 63.4681%;\">a partir del 15 d&#8217;octubre de 2025<\/td>\n<\/tr>\n<tr style=\"height: 42px;\">\n<td style=\"height: 42px; width: 19.4302%;\"><strong>Segon torn<\/strong><\/td>\n<td style=\"height: 42px; width: 28.7086%;\"><span style=\"font-weight: 400;\">del 7 al 15 de gener de 2026<\/span><\/td>\n<td style=\"height: 42px; width: 23.5198%;\"><span style=\"font-weight: 400;\">30 de gener de 2026<\/span><\/td>\n<td style=\"height: 42px; width: 63.4681%;\">a partir del 5 de febrer de 2026<\/td>\n<\/tr>\n<tr style=\"height: 42px;\">\n<td style=\"height: 51px; width: 19.4302%;\"><strong>Torn d&#8217;estiu<\/strong><\/td>\n<td style=\"height: 51px; width: 28.7086%;\">del 14 al 28 de maig de 2026<\/td>\n<td style=\"height: 51px; width: 23.5198%;\">16 de juny de 2026<\/td>\n<td style=\"height: 51px; width: 63.4681%;\">a partir de l&#8217;1 de juliol de 2026<\/td>\n<\/tr>\n<\/tbody>\n<\/table>\n<p>&nbsp;<\/p>\n<h5>Consulta d\u2019assignacions<\/h5>\n<p>Acabat el per\u00edode d\u2019inscripcions s\u2019obre un per\u00edode per <a href=\"https:\/\/serveiseducatius.xtec.cat\/altemporda\/formacio\/les-meves-activitats\/\">consultar l\u2019assignaci\u00f3 d\u2019activitats<\/a>. Cada persona pot veure les activitats que li han estat assignades (inscripcions confirmades).<\/p>\n<h5>Desenvolupament de les activitats de formaci\u00f3<\/h5>\n<p>Les activitats de formaci\u00f3 es desenvolupen seguint el calendari previst. El responsable de l\u2019activitat en fa el seguiment segons el full de ruta en contacte amb el CRP de l&#8217;Alt Empord\u00e0.<\/p>\n<h5>Finalitzaci\u00f3<\/h5>\n<p>El responsable d\u2019una activitat de formaci\u00f3 finalitza el seguiment, recull la documentaci\u00f3 i la fa arribar al CRP de l&#8217;Alt Empord\u00e0. Aquest proc\u00e9s cal fer-lo en un termini de dues setmanes.<\/p>\n<h5>Tancament i certificaci\u00f3<\/h5>\n<p>El CRP, amb la documentaci\u00f3 recollida, tramita la certificaci\u00f3 de l\u2019activitat. Els assistents i formadors d\u2019una activitat poden imprimir els seus <a href=\"http:\/\/xtec.gencat.cat\/ca\/formacio\/la-meva-formacio\/els-meus-certificats\/\" target=\"_blank\" rel=\"noopener noreferrer\">certificats<\/a> a la p\u00e0gina web de l&#8217;XTEC quinze dies despr\u00e9s del tancament de l\u2019activitat.<\/p>\n","protected":false},"excerpt":{"rendered":"<p>El Departament d\u2019Educaci\u00f3 ha establert un conjunt de l\u00ednies de formaci\u00f3 permanent per donar resposta a les necessitats de formaci\u00f3 permanent dels centres educatius i dels docents de Catalunya. El Pla de Formaci\u00f3 de Zona (PFZ) \u00e9s la planificaci\u00f3 en l&#8217;\u00e0mbit comarcal de la formaci\u00f3 permanent del professorat, la qual incorpora les activitats de formaci\u00f3 [&hellip;]<\/p>\n","protected":false},"author":1,"featured_media":0,"parent":416,"menu_order":1,"comment_status":"closed","ping_status":"closed","template":"page-templates\/side-menu.php","meta":{"_bbp_topic_count":0,"_bbp_reply_count":0,"_bbp_total_topic_count":0,"_bbp_total_reply_count":0,"_bbp_voice_count":0,"_bbp_anonymous_reply_count":0,"_bbp_topic_count_hidden":0,"_bbp_reply_count_hidden":0,"_bbp_forum_subforum_count":0,"site-sidebar-layout":"default","site-content-layout":"","ast-site-content-layout":"","site-content-style":"default","site-sidebar-style":"default","ast-global-header-display":"","ast-banner-title-visibility":"","ast-main-header-display":"","ast-hfb-above-header-display":"","ast-hfb-below-header-display":"","ast-hfb-mobile-header-display":"","site-post-title":"","ast-breadcrumbs-content":"","ast-featured-img":"","footer-sml-layout":"","theme-transparent-header-meta":"","adv-header-id-meta":"","stick-header-meta":"","header-above-stick-meta":"","header-main-stick-meta":"","header-below-stick-meta":"","astra-migrate-meta-layouts":"default","ast-page-background-enabled":"default","ast-page-background-meta":{"desktop":{"background-color":"var(--ast-global-color-4)","background-image":"","background-repeat":"repeat","background-position":"center center","background-size":"auto","background-attachment":"scroll","background-type":"","background-media":"","overlay-type":"","overlay-color":"","overlay-opacity":"","overlay-gradient":""},"tablet":{"background-color":"","background-image":"","background-repeat":"repeat","background-position":"center center","background-size":"auto","background-attachment":"scroll","background-type":"","background-media":"","overlay-type":"","overlay-color":"","overlay-opacity":"","overlay-gradient":""},"mobile":{"background-color":"","background-image":"","background-repeat":"repeat","background-position":"center center","background-size":"auto","background-attachment":"scroll","background-type":"","background-media":"","overlay-type":"","overlay-color":"","overlay-opacity":"","overlay-gradient":""}},"ast-content-background-meta":{"desktop":{"background-color":"var(--ast-global-color-5)","background-image":"","background-repeat":"repeat","background-position":"center center","background-size":"auto","background-attachment":"scroll","background-type":"","background-media":"","overlay-type":"","overlay-color":"","overlay-opacity":"","overlay-gradient":""},"tablet":{"background-color":"var(--ast-global-color-5)","background-image":"","background-repeat":"repeat","background-position":"center center","background-size":"auto","background-attachment":"scroll","background-type":"","background-media":"","overlay-type":"","overlay-color":"","overlay-opacity":"","overlay-gradient":""},"mobile":{"background-color":"var(--ast-global-color-5)","background-image":"","background-repeat":"repeat","background-position":"center center","background-size":"auto","background-attachment":"scroll","background-type":"","background-media":"","overlay-type":"","overlay-color":"","overlay-opacity":"","overlay-gradient":""}},"footnotes":""},"class_list":["post-1314","page","type-page","status-publish","hentry"],"post_mailing_queue_ids":[],"_links":{"self":[{"href":"https:\/\/serveiseducatius.xtec.cat\/altemporda\/wp-json\/wp\/v2\/pages\/1314","targetHints":{"allow":["GET"]}}],"collection":[{"href":"https:\/\/serveiseducatius.xtec.cat\/altemporda\/wp-json\/wp\/v2\/pages"}],"about":[{"href":"https:\/\/serveiseducatius.xtec.cat\/altemporda\/wp-json\/wp\/v2\/types\/page"}],"author":[{"embeddable":true,"href":"https:\/\/serveiseducatius.xtec.cat\/altemporda\/wp-json\/wp\/v2\/users\/1"}],"replies":[{"embeddable":true,"href":"https:\/\/serveiseducatius.xtec.cat\/altemporda\/wp-json\/wp\/v2\/comments?post=1314"}],"version-history":[{"count":8,"href":"https:\/\/serveiseducatius.xtec.cat\/altemporda\/wp-json\/wp\/v2\/pages\/1314\/revisions"}],"predecessor-version":[{"id":25999,"href":"https:\/\/serveiseducatius.xtec.cat\/altemporda\/wp-json\/wp\/v2\/pages\/1314\/revisions\/25999"}],"up":[{"embeddable":true,"href":"https:\/\/serveiseducatius.xtec.cat\/altemporda\/wp-json\/wp\/v2\/pages\/416"}],"wp:attachment":[{"href":"https:\/\/serveiseducatius.xtec.cat\/altemporda\/wp-json\/wp\/v2\/media?parent=1314"}],"curies":[{"name":"wp","href":"https:\/\/api.w.org\/{rel}","templated":true}]}}