{"id":13121,"date":"2021-05-07T13:56:05","date_gmt":"2021-05-07T11:56:05","guid":{"rendered":"http:\/\/serveiseducatius.xtec.cat\/altemporda\/?page_id=13121"},"modified":"2025-04-29T13:16:59","modified_gmt":"2025-04-29T11:16:59","slug":"2018-vi-jocs-florals-escolars-de-catalunya","status":"publish","type":"page","link":"https:\/\/serveiseducatius.xtec.cat\/altemporda\/jocs-florals-escolars-de-catalunya\/2018-vi-jocs-florals-escolars-de-catalunya\/","title":{"rendered":"2018 &#8211; V Jocs Florals Escolars de Catalunya"},"content":{"rendered":"<p><b style=\"color: #444444; font-family: Arial, Verdana, sans-serif; font-size: 13.3333px;\"><span style=\"font-size: medium;\"><span style=\"line-height: 21.3333px; font-family: arial, sans-serif; background-color: transparent;\"><span style=\"font-size: small;\"><img loading=\"lazy\" decoding=\"async\" class=\" wp-image-965 alignleft\" src=\"https:\/\/serveiseducatius.xtec.cat\/altemporda\/wp-content\/uploads\/usu1156\/2015\/11\/jocsflorals.jpg\" alt=\"\" width=\"182\" height=\"183\" srcset=\"https:\/\/serveiseducatius.xtec.cat\/altemporda\/wp-content\/uploads\/usu1156\/2015\/11\/jocsflorals.jpg 471w, https:\/\/serveiseducatius.xtec.cat\/altemporda\/wp-content\/uploads\/usu1156\/2015\/11\/jocsflorals-150x150.jpg 150w, https:\/\/serveiseducatius.xtec.cat\/altemporda\/wp-content\/uploads\/usu1156\/2015\/11\/jocsflorals-300x300.jpg 300w\" sizes=\"auto, (max-width: 182px) 100vw, 182px\" \/><\/span><\/span><\/span><\/b><\/p>\n<p>&nbsp;<\/p>\n<div><span style=\"line-height: 21.3333px; font-family: arial, sans-serif; background-color: transparent;\"><span style=\"font-size: small;\">El Departament d&#8217;Educaci\u00f3 convoca els Jocs Florals Escolars de Catalunya amb l&#8217;objectiu de millorar la lectura i l&#8217;escriptura en l&#8217;alumnat i fomentar una tradici\u00f3 cultural pr\u00f2pia i arrelada al pa\u00eds.<\/span><\/span><\/div>\n<div><\/div>\n<div>\n<div style=\"font-family: Arial, Verdana, sans-serif; font-size: 13.3333px; line-height: 21.3333px;\"><span style=\"font-family: arial, sans-serif; font-size: small;\">Trobareu la informaci\u00f3 institucional d&#8217;aquest certamen a l&#8217;adre\u00e7a:<\/span><\/div>\n<div style=\"font-family: Arial, Verdana, sans-serif; font-size: 13.3333px; line-height: 21.3333px;\"><span style=\"font-family: arial, sans-serif; font-size: small;\"><a style=\"text-decoration-line: underline; color: #00233e !important;\" href=\"https:\/\/xtec.gencat.cat\/ca\/centres\/premis-i-concursos\/jocsflorals\/\" target=\"_blank\" rel=\"nofollow noopener noreferrer\">https:\/\/xtec.gencat.cat\/ca\/centres\/premis-i-concursos\/jocsflorals\/<\/a><\/span><\/div>\n<\/div>\n<div>\n<hr \/>\n<h4>Finalistes a la fase comarcal de l&#8217;Alt Empord\u00e0<\/h4>\n<\/div>\n<p><iframe style=\"width: 90%; height: 620px; display: block; margin: 0 auto; border: none;\" src=\"https:\/\/docs.google.com\/spreadsheets\/d\/1c_MoRTzkj0CPponz3pzAHkzVoHik9Pmz_fzswcnlvdY\/pubhtml?gid=1020093576&amp;single=true\"><br \/>\n<\/iframe><\/p>\n","protected":false},"excerpt":{"rendered":"<p>&nbsp; El Departament d&#8217;Educaci\u00f3 convoca els Jocs Florals Escolars de Catalunya amb l&#8217;objectiu de millorar la lectura i l&#8217;escriptura en l&#8217;alumnat i fomentar una tradici\u00f3 cultural pr\u00f2pia i arrelada al pa\u00eds. Trobareu la informaci\u00f3 institucional d&#8217;aquest certamen a l&#8217;adre\u00e7a: https:\/\/xtec.gencat.cat\/ca\/centres\/premis-i-concursos\/jocsflorals\/ Finalistes a la fase comarcal de l&#8217;Alt Empord\u00e0<\/p>\n","protected":false},"author":4,"featured_media":0,"parent":13086,"menu_order":0,"comment_status":"closed","ping_status":"closed","template":"page-templates\/side-menu.php","meta":{"_bbp_topic_count":0,"_bbp_reply_count":0,"_bbp_total_topic_count":0,"_bbp_total_reply_count":0,"_bbp_voice_count":0,"_bbp_anonymous_reply_count":0,"_bbp_topic_count_hidden":0,"_bbp_reply_count_hidden":0,"_bbp_forum_subforum_count":0,"site-sidebar-layout":"default","site-content-layout":"","ast-site-content-layout":"","site-content-style":"default","site-sidebar-style":"default","ast-global-header-display":"","ast-banner-title-visibility":"","ast-main-header-display":"","ast-hfb-above-header-display":"","ast-hfb-below-header-display":"","ast-hfb-mobile-header-display":"","site-post-title":"","ast-breadcrumbs-content":"","ast-featured-img":"","footer-sml-layout":"","theme-transparent-header-meta":"","adv-header-id-meta":"","stick-header-meta":"","header-above-stick-meta":"","header-main-stick-meta":"","header-below-stick-meta":"","astra-migrate-meta-layouts":"default","ast-page-background-enabled":"default","ast-page-background-meta":{"desktop":{"background-color":"var(--ast-global-color-4)","background-image":"","background-repeat":"repeat","background-position":"center center","background-size":"auto","background-attachment":"scroll","background-type":"","background-media":"","overlay-type":"","overlay-color":"","overlay-opacity":"","overlay-gradient":""},"tablet":{"background-color":"","background-image":"","background-repeat":"repeat","background-position":"center center","background-size":"auto","background-attachment":"scroll","background-type":"","background-media":"","overlay-type":"","overlay-color":"","overlay-opacity":"","overlay-gradient":""},"mobile":{"background-color":"","background-image":"","background-repeat":"repeat","background-position":"center center","background-size":"auto","background-attachment":"scroll","background-type":"","background-media":"","overlay-type":"","overlay-color":"","overlay-opacity":"","overlay-gradient":""}},"ast-content-background-meta":{"desktop":{"background-color":"var(--ast-global-color-5)","background-image":"","background-repeat":"repeat","background-position":"center center","background-size":"auto","background-attachment":"scroll","background-type":"","background-media":"","overlay-type":"","overlay-color":"","overlay-opacity":"","overlay-gradient":""},"tablet":{"background-color":"var(--ast-global-color-5)","background-image":"","background-repeat":"repeat","background-position":"center center","background-size":"auto","background-attachment":"scroll","background-type":"","background-media":"","overlay-type":"","overlay-color":"","overlay-opacity":"","overlay-gradient":""},"mobile":{"background-color":"var(--ast-global-color-5)","background-image":"","background-repeat":"repeat","background-position":"center center","background-size":"auto","background-attachment":"scroll","background-type":"","background-media":"","overlay-type":"","overlay-color":"","overlay-opacity":"","overlay-gradient":""}},"footnotes":""},"class_list":["post-13121","page","type-page","status-publish","hentry"],"post_mailing_queue_ids":[],"_links":{"self":[{"href":"https:\/\/serveiseducatius.xtec.cat\/altemporda\/wp-json\/wp\/v2\/pages\/13121","targetHints":{"allow":["GET"]}}],"collection":[{"href":"https:\/\/serveiseducatius.xtec.cat\/altemporda\/wp-json\/wp\/v2\/pages"}],"about":[{"href":"https:\/\/serveiseducatius.xtec.cat\/altemporda\/wp-json\/wp\/v2\/types\/page"}],"author":[{"embeddable":true,"href":"https:\/\/serveiseducatius.xtec.cat\/altemporda\/wp-json\/wp\/v2\/users\/4"}],"replies":[{"embeddable":true,"href":"https:\/\/serveiseducatius.xtec.cat\/altemporda\/wp-json\/wp\/v2\/comments?post=13121"}],"version-history":[{"count":6,"href":"https:\/\/serveiseducatius.xtec.cat\/altemporda\/wp-json\/wp\/v2\/pages\/13121\/revisions"}],"predecessor-version":[{"id":25488,"href":"https:\/\/serveiseducatius.xtec.cat\/altemporda\/wp-json\/wp\/v2\/pages\/13121\/revisions\/25488"}],"up":[{"embeddable":true,"href":"https:\/\/serveiseducatius.xtec.cat\/altemporda\/wp-json\/wp\/v2\/pages\/13086"}],"wp:attachment":[{"href":"https:\/\/serveiseducatius.xtec.cat\/altemporda\/wp-json\/wp\/v2\/media?parent=13121"}],"curies":[{"name":"wp","href":"https:\/\/api.w.org\/{rel}","templated":true}]}}