{"id":13102,"date":"2021-05-06T13:28:13","date_gmt":"2021-05-06T11:28:13","guid":{"rendered":"http:\/\/serveiseducatius.xtec.cat\/altemporda\/?page_id=13102"},"modified":"2025-04-29T13:16:41","modified_gmt":"2025-04-29T11:16:41","slug":"vii-jocs-florals-escolars-de-catalunya","status":"publish","type":"page","link":"https:\/\/serveiseducatius.xtec.cat\/altemporda\/jocs-florals-escolars-de-catalunya\/vii-jocs-florals-escolars-de-catalunya\/","title":{"rendered":"2019 &#8211; VI Jocs Florals Escolars de Catalunya"},"content":{"rendered":"<div><span style=\"line-height: 21.3333px; font-family: arial, sans-serif; background-color: transparent;\"><span style=\"font-size: small;\"><img loading=\"lazy\" decoding=\"async\" class=\" wp-image-965 alignleft\" src=\"https:\/\/serveiseducatius.xtec.cat\/altemporda\/wp-content\/uploads\/usu1156\/2015\/11\/jocsflorals.jpg\" alt=\"\" width=\"182\" height=\"183\" srcset=\"https:\/\/serveiseducatius.xtec.cat\/altemporda\/wp-content\/uploads\/usu1156\/2015\/11\/jocsflorals.jpg 471w, https:\/\/serveiseducatius.xtec.cat\/altemporda\/wp-content\/uploads\/usu1156\/2015\/11\/jocsflorals-150x150.jpg 150w, https:\/\/serveiseducatius.xtec.cat\/altemporda\/wp-content\/uploads\/usu1156\/2015\/11\/jocsflorals-300x300.jpg 300w\" sizes=\"auto, (max-width: 182px) 100vw, 182px\" \/>El Departament d&#8217;Educaci\u00f3 convoca els Jocs Florals Escolars de Catalunya amb l&#8217;objectiu de millorar la lectura i l&#8217;escriptura en l&#8217;alumnat i fomentar una tradici\u00f3 cultural pr\u00f2pia i arrelada al pa\u00eds.<\/span><\/span><\/div>\n<div>\n<div style=\"font-family: Arial, Verdana, sans-serif; font-size: 13.3333px; line-height: 21.3333px;\"><span style=\"font-family: arial, sans-serif; font-size: small;\">Trobareu la informaci\u00f3 institucional d&#8217;aquest certamen a l&#8217;adre\u00e7a:<\/span><\/div>\n<div style=\"font-family: Arial, Verdana, sans-serif; font-size: 13.3333px; line-height: 21.3333px;\"><span style=\"font-family: arial, sans-serif; font-size: small;\"><a style=\"text-decoration-line: underline; color: #00233e !important;\" href=\"https:\/\/xtec.gencat.cat\/ca\/centres\/premis-i-concursos\/jocsflorals\/\" target=\"_blank\" rel=\"nofollow noopener noreferrer\">https:\/\/xtec.gencat.cat\/ca\/centres\/premis-i-concursos\/jocsflorals\/<\/a><\/span><\/div>\n<\/div>\n<div><\/div>\n<div style=\"font-family: Arial, Verdana, sans-serif; font-size: 13.3333px; line-height: 21.3333px;\"><b style=\"background-color: transparent; font-size: 10pt;\">Finalistes de l&#8217;Al<\/b><b style=\"background-color: transparent; font-size: 10pt;\">t Empord\u00e0:<\/b><\/div>\n<div style=\"font-family: Arial, Verdana, sans-serif; font-size: 13.3333px; line-height: 21.3333px;\">\n<div><\/div>\n<\/div>\n<div style=\"color: #444444; font-family: Arial, Verdana, sans-serif; font-size: 13.3333px; line-height: 21.3333px;\">\n<div style=\"color: #222222; font-family: Roboto, RobotoDraft, Helvetica, Arial, sans-serif; font-size: small;\"><a style=\"color: #1155cc; text-decoration-line: underline;\" href=\"https:\/\/drive.google.com\/file\/d\/1M1H-Jq-uqudlpxSYkWxIbvjY3XAVudl5\/view?usp=sharing\" target=\"_blank\" rel=\"noopener noreferrer\">Quadre: finalistes de la fase territorial de Girona<\/a><\/div>\n<div style=\"color: #222222; font-family: Roboto, RobotoDraft, Helvetica, Arial, sans-serif; font-size: small;\"><a style=\"color: #1155cc; text-decoration-line: underline;\" href=\"https:\/\/drive.google.com\/drive\/folders\/1ZGRw3CP6mfbph4wo61TQzpD6BEIPyKbn?usp=sharing\" target=\"_blank\" rel=\"noopener noreferrer\">Fotografies acte de Santa Coloma de Farners (narracions)<\/a><\/div>\n<div style=\"color: #222222; font-family: Roboto, RobotoDraft, Helvetica, Arial, sans-serif; font-size: small;\"><a style=\"color: #1155cc; text-decoration-line: underline;\" href=\"https:\/\/drive.google.com\/drive\/folders\/17JuOUWiKLVcbypgh8DmuaiH6M-OhFiJt?usp=sharing\" target=\"_blank\" rel=\"noopener noreferrer\">Fotografies acte de Santa Coloma de Farners (conte audiovisual)<\/a><\/div>\n<\/div>\n<hr \/>\n<h4 style=\"font-family: Arial, Verdana, sans-serif; font-size: 13.3333px; line-height: 21.3333px;\"><span style=\"font-size: 14pt;\">Informaci\u00f3 enviada als centres:<\/span><\/h4>\n<div style=\"font-family: Arial, Verdana, sans-serif; font-size: 13.3333px; line-height: 21.3333px;\">\n<div style=\"font-family: Arial, Helvetica, sans-serif; font-size: small;\">\n<div style=\"font-family: arial, sans-serif;\"><span style=\"color: #000000;\"><span style=\"font-family: tahoma, sans-serif;\"><br \/>\nSr.\/a. director\/a,<\/span><br \/>\n<\/span><\/div>\n<div>\n<div style=\"font-family: tahoma, sans-serif;\"><span style=\"color: #000000;\">Us informem de l&#8217;edici\u00f3 dels<b>\u00a0VI Jocs\u00a0Florals\u00a0de Catalunya<\/b>. Us passem els enlla\u00e7os informatius i de participaci\u00f3:<\/span><\/div>\n<div>\n<ul style=\"line-height: 18.1818px;\">\n<li style=\"list-style-type: none;\">\n<ul style=\"font-family: arial, sans-serif;\">\n<li style=\"margin-left: 15px; list-style-position: outside; list-style-type: square; font-size: 13.3333px;\"><span style=\"color: #000000;\"><span style=\"font-family: Arial; white-space: pre-wrap; line-height: 1.2; background-color: transparent;\"><span style=\"font-size: small;\"><a style=\"color: #1155cc; text-decoration-line: underline;\" href=\"https:\/\/xtec.gencat.cat\/ca\/centres\/premis-i-concursos\/jocsflorals\/\" target=\"_blank\" rel=\"nofollow noopener noreferrer\">Web informativa<\/a><\/span><\/span><\/span><\/li>\n<\/ul>\n<\/li>\n<\/ul>\n<ul style=\"line-height: 18.1818px;\">\n<li style=\"list-style-type: none;\">\n<ul style=\"font-family: arial, sans-serif;\">\n<li style=\"margin-left: 15px; list-style-position: outside; list-style-type: square;\"><b>Per participar\u00a0<span style=\"color: #990000;\">cal omplir els dos formularis <\/span>seg\u00fcents.<\/b><span style=\"font-size: 13.3333px;\">\u00a0<\/span><span style=\"font-size: 13.3333px; background-color: #ffff00;\"><b style=\"line-height: 14.1818px; color: #000000; font-family: Arial; font-size: small; white-space: pre-wrap;\">Termini: <\/b><b style=\"line-height: 14.1818px; color: #000000; font-family: Arial; font-size: small; white-space: pre-wrap;\">24<\/b><b style=\"line-height: 14.1818px; color: #000000; font-family: Arial; font-size: small; white-space: pre-wrap;\"> d&#8217;abril del 2019<\/b>\u00a0<\/span><span style=\"font-size: 13.3333px; font-family: Arial;\"><span style=\"line-height: 14.1818px; white-space: pre-wrap;\"><img style=\"border: 0px; vertical-align: middle; font-family: OpenSansRegular, Helvetica, Arial, sans-serif; font-size: 14px; line-height: 20.3px; white-space: normal; width: 20px;\" title=\"NG_ico_pdf\" alt=\"\" \/><\/span><\/span>\n<ul style=\"font-size: 13.3333px;\">\n<li style=\"margin-left: 15px; list-style-position: outside; list-style-type: square;\"><span style=\"font-family: Arial; font-size: small;\"><span style=\"line-height: 14.1818px; white-space: pre-wrap;\">Formulari <span style=\"color: #990000;\">1<\/span>: Nombre alumnes participants: <a style=\"color: #0033cc; text-decoration-line: underline;\" href=\"https:\/\/docs.google.com\/forms\/d\/e\/1FAIpQLSdk9QiAEgX-J1ojCKBbOCRWxgxKzHpiMFk9r019dYTbzf3PNA\/viewform\" target=\"_blank\" rel=\"noopener noreferrer\">enlla\u00e7<\/a> <\/span><\/span>(<b style=\"font-size: 12.8px; color: #000000;\"><span style=\"font-family: Arial;\"><span style=\"line-height: 14.1818px; white-space: pre-wrap;\">Recull de <i><u>participaci\u00f3 general<\/u><\/i>. S\u00f3n dades estad\u00edstiques d&#8217;abast nacional)<\/span><\/span><\/b><\/li>\n<li style=\"margin-left: 15px; list-style-position: outside; list-style-type: square;\"><span style=\"font-family: Arial; white-space: pre-wrap; line-height: 1.2; background-color: transparent;\"><span style=\"font-size: small;\">Formulari<span style=\"color: #990000;\"> 2<\/span>: Nom alumnes finalistes: <a style=\"color: #0033cc; text-decoration-line: underline;\" href=\"https:\/\/docs.google.com\/forms\/d\/1WQ70754IlTqUcQ77BflyFqxnGb4V1mbwVG_QPaVHXPM\/viewform?edit_requested=true\" target=\"_blank\" rel=\"noopener noreferrer\">enlla\u00e7<\/a> (<\/span><\/span><b style=\"font-size: 12.8px;\"><span style=\"font-family: Arial;\"><span style=\"line-height: 14.1818px; white-space: pre-wrap;\"><b style=\"line-height: 14.1818px;\">Exclusiu per relacionar els <i><u>alumnes participants<\/u><\/i>,<i> <\/i><u><span style=\"color: #990000;\"><i>adjuntant el seu treball<\/i>.<\/span><span style=\"color: #000000;\">)<\/span><\/u><\/b><\/span><\/span><\/b><b style=\"font-size: 12.8px;\"> <\/b><\/li>\n<\/ul>\n<\/li>\n<\/ul>\n<\/li>\n<\/ul>\n<\/div>\n<\/div>\n<\/div>\n<\/div>\n<p><span style=\"font-family: tahoma, sans-serif; font-size: small; background-color: transparent; color: #000000;\">Us animem a participar-hi<\/span><span style=\"font-family: tahoma, sans-serif; font-size: small; background-color: transparent; color: #333399;\">.<\/span><\/p>\n","protected":false},"excerpt":{"rendered":"<p>El Departament d&#8217;Educaci\u00f3 convoca els Jocs Florals Escolars de Catalunya amb l&#8217;objectiu de millorar la lectura i l&#8217;escriptura en l&#8217;alumnat i fomentar una tradici\u00f3 cultural pr\u00f2pia i arrelada al pa\u00eds. Trobareu la informaci\u00f3 institucional d&#8217;aquest certamen a l&#8217;adre\u00e7a: https:\/\/xtec.gencat.cat\/ca\/centres\/premis-i-concursos\/jocsflorals\/ Finalistes de l&#8217;Alt Empord\u00e0: Quadre: finalistes de la fase territorial de Girona Fotografies acte de Santa [&hellip;]<\/p>\n","protected":false},"author":4,"featured_media":0,"parent":13086,"menu_order":1,"comment_status":"closed","ping_status":"closed","template":"page-templates\/side-menu.php","meta":{"_bbp_topic_count":0,"_bbp_reply_count":0,"_bbp_total_topic_count":0,"_bbp_total_reply_count":0,"_bbp_voice_count":0,"_bbp_anonymous_reply_count":0,"_bbp_topic_count_hidden":0,"_bbp_reply_count_hidden":0,"_bbp_forum_subforum_count":0,"site-sidebar-layout":"default","site-content-layout":"","ast-site-content-layout":"","site-content-style":"default","site-sidebar-style":"default","ast-global-header-display":"","ast-banner-title-visibility":"","ast-main-header-display":"","ast-hfb-above-header-display":"","ast-hfb-below-header-display":"","ast-hfb-mobile-header-display":"","site-post-title":"","ast-breadcrumbs-content":"","ast-featured-img":"","footer-sml-layout":"","theme-transparent-header-meta":"","adv-header-id-meta":"","stick-header-meta":"","header-above-stick-meta":"","header-main-stick-meta":"","header-below-stick-meta":"","astra-migrate-meta-layouts":"default","ast-page-background-enabled":"default","ast-page-background-meta":{"desktop":{"background-color":"var(--ast-global-color-4)","background-image":"","background-repeat":"repeat","background-position":"center center","background-size":"auto","background-attachment":"scroll","background-type":"","background-media":"","overlay-type":"","overlay-color":"","overlay-opacity":"","overlay-gradient":""},"tablet":{"background-color":"","background-image":"","background-repeat":"repeat","background-position":"center center","background-size":"auto","background-attachment":"scroll","background-type":"","background-media":"","overlay-type":"","overlay-color":"","overlay-opacity":"","overlay-gradient":""},"mobile":{"background-color":"","background-image":"","background-repeat":"repeat","background-position":"center center","background-size":"auto","background-attachment":"scroll","background-type":"","background-media":"","overlay-type":"","overlay-color":"","overlay-opacity":"","overlay-gradient":""}},"ast-content-background-meta":{"desktop":{"background-color":"var(--ast-global-color-5)","background-image":"","background-repeat":"repeat","background-position":"center center","background-size":"auto","background-attachment":"scroll","background-type":"","background-media":"","overlay-type":"","overlay-color":"","overlay-opacity":"","overlay-gradient":""},"tablet":{"background-color":"var(--ast-global-color-5)","background-image":"","background-repeat":"repeat","background-position":"center center","background-size":"auto","background-attachment":"scroll","background-type":"","background-media":"","overlay-type":"","overlay-color":"","overlay-opacity":"","overlay-gradient":""},"mobile":{"background-color":"var(--ast-global-color-5)","background-image":"","background-repeat":"repeat","background-position":"center center","background-size":"auto","background-attachment":"scroll","background-type":"","background-media":"","overlay-type":"","overlay-color":"","overlay-opacity":"","overlay-gradient":""}},"footnotes":""},"class_list":["post-13102","page","type-page","status-publish","hentry"],"post_mailing_queue_ids":[],"_links":{"self":[{"href":"https:\/\/serveiseducatius.xtec.cat\/altemporda\/wp-json\/wp\/v2\/pages\/13102","targetHints":{"allow":["GET"]}}],"collection":[{"href":"https:\/\/serveiseducatius.xtec.cat\/altemporda\/wp-json\/wp\/v2\/pages"}],"about":[{"href":"https:\/\/serveiseducatius.xtec.cat\/altemporda\/wp-json\/wp\/v2\/types\/page"}],"author":[{"embeddable":true,"href":"https:\/\/serveiseducatius.xtec.cat\/altemporda\/wp-json\/wp\/v2\/users\/4"}],"replies":[{"embeddable":true,"href":"https:\/\/serveiseducatius.xtec.cat\/altemporda\/wp-json\/wp\/v2\/comments?post=13102"}],"version-history":[{"count":6,"href":"https:\/\/serveiseducatius.xtec.cat\/altemporda\/wp-json\/wp\/v2\/pages\/13102\/revisions"}],"predecessor-version":[{"id":25487,"href":"https:\/\/serveiseducatius.xtec.cat\/altemporda\/wp-json\/wp\/v2\/pages\/13102\/revisions\/25487"}],"up":[{"embeddable":true,"href":"https:\/\/serveiseducatius.xtec.cat\/altemporda\/wp-json\/wp\/v2\/pages\/13086"}],"wp:attachment":[{"href":"https:\/\/serveiseducatius.xtec.cat\/altemporda\/wp-json\/wp\/v2\/media?parent=13102"}],"curies":[{"name":"wp","href":"https:\/\/api.w.org\/{rel}","templated":true}]}}