{"id":13086,"date":"2021-05-06T12:43:25","date_gmt":"2021-05-06T10:43:25","guid":{"rendered":"http:\/\/serveiseducatius.xtec.cat\/altemporda\/?page_id=13086"},"modified":"2025-05-23T12:02:10","modified_gmt":"2025-05-23T10:02:10","slug":"jocs-florals-escolars-de-catalunya","status":"publish","type":"page","link":"https:\/\/serveiseducatius.xtec.cat\/altemporda\/jocs-florals-escolars-de-catalunya\/","title":{"rendered":"Jocs Florals Escolars de Catalunya"},"content":{"rendered":"<p>&nbsp;<\/p>\n<p><a href=\"https:\/\/xtec.gencat.cat\/ca\/centres\/premis-i-concursos\/jocsflorals\/\" target=\"_blank\" rel=\"noopener\"><img loading=\"lazy\" decoding=\"async\" class=\" wp-image-13094 alignleft\" src=\"https:\/\/serveiseducatius.xtec.cat\/altemporda\/wp-content\/uploads\/usu1156\/2021\/05\/JocsFlorals.png\" alt=\"\" width=\"356\" height=\"166\" \/><\/a>La convocat\u00f2ria dels Jocs Florals Escolars de Catalunya s\u2019adre\u00e7a als centres d\u2019educaci\u00f3 prim\u00e0ria i d&#8217;Educaci\u00f3 Secund\u00e0ria Obligat\u00f2ria amb la finalitat d\u2019estimular l\u2019expressi\u00f3 escrita dels alumnes, aprofitant una tradici\u00f3 cultural ben arrelada a Catalunya que molts centres escolars de fet ja celebren als seus municipis o comarques.<\/p>\n<p>El Departament d\u2019Educaci\u00f3 convoca els Jocs Florals Escolars de Catalunya amb l\u2019objectiu de potenciar i estimular l\u2019expressi\u00f3 i producci\u00f3 escrita dels nois i les noies i fomentar una tradici\u00f3 cultural pr\u00f2pia i arrelada al pa\u00eds.<\/p>\n<hr \/>\n<h4><span style=\"font-size: 24pt; color: #000000;\">\u00a0XII Jocs Florals Escolars de Catalunya (<span style=\"color: #ff0000;\">edici\u00f3 2025<\/span>)<\/span><\/h4>\n<p><span style=\"color: #000000;\">El Departament d\u2019Educaci\u00f3 convoca els <strong>XII Jocs Florals Escolars de Cataluny<\/strong><strong>a<\/strong> amb l\u2019objectiu de promoure l\u2019escriptura tant en prosa com en poesia en infants i joves.<\/span><\/p>\n<p><span style=\"font-weight: 400; color: #000000;\">Us passem els enlla\u00e7os informatius i de participaci\u00f3:<\/span><\/p>\n<ul>\n<li style=\"font-weight: 400;\" aria-level=\"1\"><span style=\"color: #000000;\"><a style=\"color: #000000;\" href=\"https:\/\/xtec.gencat.cat\/ca\/centres\/premis-i-concursos\/jocsflorals\/\" target=\"_blank\" rel=\"noopener noreferrer\"><span style=\"font-weight: 400;\">Web informativa<\/span><\/a><\/span><\/li>\n<li style=\"font-weight: 400;\" aria-level=\"1\"><span style=\"color: #000000;\"><a style=\"color: #000000;\" href=\"https:\/\/xtec.gencat.cat\/web\/.content\/centres\/alscentres\/premis\/jocsflorals\/2425\/Bases-dels-XII-Jocs-Florals-Escolars-de-Catalunya_2025.pdf\" target=\"_blank\" rel=\"noopener noreferrer\"><span style=\"font-weight: 400;\">Bases dels XII Jocs Florals Escolars de Catalunya.<\/span><\/a><\/span><\/li>\n<li style=\"font-weight: 400;\" aria-level=\"1\"><span style=\"color: #000000;\"><a style=\"color: #000000;\" href=\"https:\/\/xtec.gencat.cat\/web\/.content\/centres\/alscentres\/premis\/jocsflorals\/2425\/Bases-dels-XII-contes-audiovisuals-2025.pdf\" target=\"_blank\" rel=\"noopener noreferrer\"><span style=\"font-weight: 400;\">Bases modalitat: conte audiovisual il\u00b7lustrat.<\/span><\/a><\/span><b style=\"font-family: inherit; font-size: 1em;\"><\/b><\/li>\n<li aria-level=\"1\"><strong>Calendari<\/strong>:\n<ul>\n<li aria-level=\"1\">Fins a l&#8217;<strong>11 d&#8217;abril<\/strong>: inscripci\u00f3 i lliurament dels treballs per part dels centres educatius a trav\u00e9s dels dos formularis.<\/li>\n<li aria-level=\"1\"><strong>23 de maig:<\/strong> acte telem\u00e0tic de lliurament de guardons del Servei Territorial de Girona.<\/li>\n<li aria-level=\"1\"><strong>14 de juny<\/strong>: acte de proclamaci\u00f3 i lliurament dels guardons dels XII Jocs florals Escolars de Catalunya (INEFC Catalunya, Barcelona).<\/li>\n<\/ul>\n<\/li>\n<\/ul>\n<p><span style=\"color: #000000;\"><b style=\"font-family: inherit; font-size: 1em;\">Per participar <\/b><b style=\"font-family: inherit; font-size: 1em;\">cal omplir <\/b><b style=\"font-family: inherit; font-size: 1em;\">els seg\u00fcents formularis (centres Alt Empord\u00e0). <span style=\"color: #ff0000;\">T<\/span><\/b><span style=\"color: #ff0000;\"><b style=\"font-family: inherit; font-size: 1em;\">ermini: 11 d&#8217;abril 2025<\/b><\/span><\/span><\/p>\n<ul>\n<li style=\"list-style-type: none;\">\n<ul>\n<li style=\"font-weight: 400;\" aria-level=\"2\"><span style=\"color: #000000;\"><a href=\"https:\/\/docs.google.com\/forms\/d\/e\/1FAIpQLSfG5OZKenbufvt8fghH9ihFJAjJZpwaw94yi2oE4K_vnHqjwg\/viewform\" target=\"_blank\" rel=\"noopener\"><span style=\"font-weight: 400;\"><strong>Formulari 1:<\/strong><\/span><\/a>\u00a0<span style=\"font-weight: 400;\">Participaci\u00f3 alumnat (<\/span>Recull de <i>participaci\u00f3 general<\/i>. S\u00f3n dades estad\u00edstiques d&#8217;abast nacional).<\/span><\/li>\n<li aria-level=\"2\"><span style=\"color: #ffffff;\"><span style=\"color: #000000;\"><strong><a href=\"https:\/\/docs.google.com\/forms\/d\/e\/1FAIpQLSf-u-yYNwxo58VZHPoRjzD2y2-eHkisKzyk3_hh14E4gfneNw\/viewform\" target=\"_blank\" rel=\"noopener\"><strong>Formulari 2:<\/strong><\/a><\/strong>\u00a0<span style=\"font-weight: 400;\">Alumnat finalista<\/span> <span style=\"font-weight: 400;\">(<\/span><\/span><span style=\"font-weight: 400;\"><span style=\"color: #000000;\">exclusiu per relacionar l\u2019alumnat finalista, adjuntant el seu treball). Cal que ompliu un formulari per cada categoria on us presenteu.<\/span><\/span><\/span><\/li>\n<\/ul>\n<\/li>\n<\/ul>\n<hr \/>\n<h3 style=\"text-align: left;\"><strong>Alumnat finalista Alt Empord\u00e0 per a participar en la semifinal territorial<\/strong><\/h3>\n<p style=\"text-align: left;\">El jurat de la fase territorial dels XII Jocs Florals Escolars de Catalunya, format per<\/p>\n<ul style=\"text-align: left;\">\n<li>Pilar Cort\u00e9s (representant de la xarxa de biblioteques de l\u2019Alt Empord\u00e0)<\/li>\n<li>J\u00falia Dan\u00e9s (assessora LIC)<\/li>\n<li>Pilar Arn\u00e1iz (assessora CRP)<\/li>\n<\/ul>\n<p style=\"text-align: left;\">Decideixen per unanimitat la seg\u00fcent classificaci\u00f3:<\/p>\n<hr \/>\n<p><iframe style=\"width: 90%; height: 520px; display: block; margin: 0 auto; border: none;\" src=\"https:\/\/docs.google.com\/spreadsheets\/d\/1c_MoRTzkj0CPponz3pzAHkzVoHik9Pmz_fzswcnlvdY\/pubhtml?gid=602453425&amp;single=true\"><br \/>\n<\/iframe><\/p>\n<hr \/>\n<h3 style=\"text-align: center;\"><strong><span style=\"color: #000000;\">Alumnat guanyador de la Semifinal als ST a Girona<\/span><\/strong><\/h3>\n<p>Emissi\u00f3 pel\u00a0<a href=\"https:\/\/youtu.be\/RMnXHdxw_bI\" target=\"_blank\" rel=\"noopener\">canal de YouTube<\/a> del veredicte del jurat de la semifinal dels XII <span class=\"il\">Jocs<\/span>\u00a0<span class=\"il\">Florals<\/span> de Catalunya, <strong>divendres 23\u00a0de maig\u00a0<\/strong>a les 10\u202fh.<\/p>\n<p><img loading=\"lazy\" decoding=\"async\" class=\"aligncenter size-large wp-image-25697\" src=\"https:\/\/serveiseducatius.xtec.cat\/altemporda\/wp-content\/uploads\/usu1156\/2025\/05\/WhatsApp-Image-2025-05-23-at-11.27.23-1024x576.jpeg\" alt=\"\" width=\"1024\" height=\"576\" srcset=\"https:\/\/serveiseducatius.xtec.cat\/altemporda\/wp-content\/uploads\/usu1156\/2025\/05\/WhatsApp-Image-2025-05-23-at-11.27.23-1024x576.jpeg 1024w, https:\/\/serveiseducatius.xtec.cat\/altemporda\/wp-content\/uploads\/usu1156\/2025\/05\/WhatsApp-Image-2025-05-23-at-11.27.23-300x169.jpeg 300w, https:\/\/serveiseducatius.xtec.cat\/altemporda\/wp-content\/uploads\/usu1156\/2025\/05\/WhatsApp-Image-2025-05-23-at-11.27.23-768x432.jpeg 768w, https:\/\/serveiseducatius.xtec.cat\/altemporda\/wp-content\/uploads\/usu1156\/2025\/05\/WhatsApp-Image-2025-05-23-at-11.27.23-1536x864.jpeg 1536w, https:\/\/serveiseducatius.xtec.cat\/altemporda\/wp-content\/uploads\/usu1156\/2025\/05\/WhatsApp-Image-2025-05-23-at-11.27.23.jpeg 1600w\" sizes=\"auto, (max-width: 1024px) 100vw, 1024px\" \/><\/p>\n","protected":false},"excerpt":{"rendered":"<p>&nbsp; La convocat\u00f2ria dels Jocs Florals Escolars de Catalunya s\u2019adre\u00e7a als centres d\u2019educaci\u00f3 prim\u00e0ria i d&#8217;Educaci\u00f3 Secund\u00e0ria Obligat\u00f2ria amb la finalitat d\u2019estimular l\u2019expressi\u00f3 escrita dels alumnes, aprofitant una tradici\u00f3 cultural ben arrelada a Catalunya que molts centres escolars de fet ja celebren als seus municipis o comarques. El Departament d\u2019Educaci\u00f3 convoca els Jocs Florals Escolars [&hellip;]<\/p>\n","protected":false},"author":4,"featured_media":0,"parent":0,"menu_order":0,"comment_status":"closed","ping_status":"closed","template":"page-templates\/side-menu.php","meta":{"_bbp_topic_count":0,"_bbp_reply_count":0,"_bbp_total_topic_count":0,"_bbp_total_reply_count":0,"_bbp_voice_count":0,"_bbp_anonymous_reply_count":0,"_bbp_topic_count_hidden":0,"_bbp_reply_count_hidden":0,"_bbp_forum_subforum_count":0,"site-sidebar-layout":"default","site-content-layout":"","ast-site-content-layout":"","site-content-style":"default","site-sidebar-style":"default","ast-global-header-display":"","ast-banner-title-visibility":"","ast-main-header-display":"","ast-hfb-above-header-display":"","ast-hfb-below-header-display":"","ast-hfb-mobile-header-display":"","site-post-title":"","ast-breadcrumbs-content":"","ast-featured-img":"","footer-sml-layout":"","theme-transparent-header-meta":"","adv-header-id-meta":"","stick-header-meta":"","header-above-stick-meta":"","header-main-stick-meta":"","header-below-stick-meta":"","astra-migrate-meta-layouts":"default","ast-page-background-enabled":"default","ast-page-background-meta":{"desktop":{"background-color":"var(--ast-global-color-4)","background-image":"","background-repeat":"repeat","background-position":"center center","background-size":"auto","background-attachment":"scroll","background-type":"","background-media":"","overlay-type":"","overlay-color":"","overlay-opacity":"","overlay-gradient":""},"tablet":{"background-color":"","background-image":"","background-repeat":"repeat","background-position":"center center","background-size":"auto","background-attachment":"scroll","background-type":"","background-media":"","overlay-type":"","overlay-color":"","overlay-opacity":"","overlay-gradient":""},"mobile":{"background-color":"","background-image":"","background-repeat":"repeat","background-position":"center center","background-size":"auto","background-attachment":"scroll","background-type":"","background-media":"","overlay-type":"","overlay-color":"","overlay-opacity":"","overlay-gradient":""}},"ast-content-background-meta":{"desktop":{"background-color":"var(--ast-global-color-5)","background-image":"","background-repeat":"repeat","background-position":"center center","background-size":"auto","background-attachment":"scroll","background-type":"","background-media":"","overlay-type":"","overlay-color":"","overlay-opacity":"","overlay-gradient":""},"tablet":{"background-color":"var(--ast-global-color-5)","background-image":"","background-repeat":"repeat","background-position":"center center","background-size":"auto","background-attachment":"scroll","background-type":"","background-media":"","overlay-type":"","overlay-color":"","overlay-opacity":"","overlay-gradient":""},"mobile":{"background-color":"var(--ast-global-color-5)","background-image":"","background-repeat":"repeat","background-position":"center center","background-size":"auto","background-attachment":"scroll","background-type":"","background-media":"","overlay-type":"","overlay-color":"","overlay-opacity":"","overlay-gradient":""}},"footnotes":""},"class_list":["post-13086","page","type-page","status-publish","hentry"],"post_mailing_queue_ids":[],"_links":{"self":[{"href":"https:\/\/serveiseducatius.xtec.cat\/altemporda\/wp-json\/wp\/v2\/pages\/13086","targetHints":{"allow":["GET"]}}],"collection":[{"href":"https:\/\/serveiseducatius.xtec.cat\/altemporda\/wp-json\/wp\/v2\/pages"}],"about":[{"href":"https:\/\/serveiseducatius.xtec.cat\/altemporda\/wp-json\/wp\/v2\/types\/page"}],"author":[{"embeddable":true,"href":"https:\/\/serveiseducatius.xtec.cat\/altemporda\/wp-json\/wp\/v2\/users\/4"}],"replies":[{"embeddable":true,"href":"https:\/\/serveiseducatius.xtec.cat\/altemporda\/wp-json\/wp\/v2\/comments?post=13086"}],"version-history":[{"count":6,"href":"https:\/\/serveiseducatius.xtec.cat\/altemporda\/wp-json\/wp\/v2\/pages\/13086\/revisions"}],"predecessor-version":[{"id":25698,"href":"https:\/\/serveiseducatius.xtec.cat\/altemporda\/wp-json\/wp\/v2\/pages\/13086\/revisions\/25698"}],"wp:attachment":[{"href":"https:\/\/serveiseducatius.xtec.cat\/altemporda\/wp-json\/wp\/v2\/media?parent=13086"}],"curies":[{"name":"wp","href":"https:\/\/api.w.org\/{rel}","templated":true}]}}