{"id":12798,"date":"2021-03-24T13:56:35","date_gmt":"2021-03-24T12:56:35","guid":{"rendered":"http:\/\/serveiseducatius.xtec.cat\/altemporda\/?page_id=12798"},"modified":"2024-01-16T12:24:52","modified_gmt":"2024-01-16T11:24:52","slug":"orientacions-families","status":"publish","type":"page","link":"https:\/\/serveiseducatius.xtec.cat\/altemporda\/pantalles\/orientacions-families\/","title":{"rendered":"Orientacions fam\u00edlies"},"content":{"rendered":"<p style=\"font-family: 'Open Sans', Arial, Helvetica, sans-serif; font-size: 16px; color: #444444;\">Sovint les fam\u00edlies i l\u2019escola mostren preocupaci\u00f3 per l\u2019\u00fas o l\u2019ab\u00fas de les pantalles que fan nois i noies. Aquesta <em>pantallitis<\/em> no \u00e9s una q\u00fcesti\u00f3 alarmant, en general, i de fet, fora bo que ens planteg\u00e9ssim si nosaltres mateixos, els adults, tamb\u00e9 la patim.<\/p>\n<p style=\"font-family: 'Open Sans', Arial, Helvetica, sans-serif; font-size: 16px; color: #444444; text-align: center;\"><span style=\"font-size: 18pt; color: #800000;\"><strong>Pantalles en QUATRE v\u00eddeos<\/strong><\/span><\/p>\n<table class=\" aligncenter\" style=\"height: 294px; width: 949px; border-style: hidden;\" width=\"949\">\n<tbody>\n<tr style=\"border-style: hidden;\">\n<td style=\"width: 506px; border-style: hidden;\"><iframe loading=\"lazy\" src=\"https:\/\/www.youtube.com\/embed\/sFrj8DzibdU\" width=\"480\" height=\"270\" frameborder=\"0\"><\/iframe><\/td>\n<td style=\"width: 27px; border-style: hidden;\"><\/td>\n<td style=\"width: 406px; border-style: hidden;\"><a href=\"https:\/\/www.ccma.cat\/tv3\/super3\/infok\/aminomenganyen-abusem-de-les-pantalles\/video\/5929527\/\"><img loading=\"lazy\" decoding=\"async\" src=\"https:\/\/serveiseducatius.xtec.cat\/altemporda\/wp-content\/uploads\/usu1156\/2021\/03\/pant1.png\" alt=\"\" width=\"389\" height=\"274\" \/><\/a><\/td>\n<\/tr>\n<\/tbody>\n<\/table>\n<p>&nbsp;<\/p>\n<table class=\" aligncenter\" style=\"height: 283px; width: 1052px; border-style: hidden;\">\n<tbody>\n<tr style=\"border-style: hidden;\">\n<td style=\"width: 506px; border-style: hidden;\"><iframe loading=\"lazy\" src=\"https:\/\/www.gencat.cat\/big\/visormedia\/iframe\/index.html?type=default&amp;idBig=1755581413040918&amp;idNice=d72c9feae398c3870c5c&amp;subt=true\" width=\"480\" height=\"270\" frameborder=\"0\" data-mce-fragment=\"1\"><\/iframe><\/td>\n<td style=\"width: 30px; border-style: hidden;\"><\/td>\n<td style=\"width: 506px; border-style: hidden;\"><iframe loading=\"lazy\" src=\"https:\/\/www.youtube.com\/embed\/eDAj_nW5YBY\" width=\"480\" height=\"270\" frameborder=\"0\" data-mce-fragment=\"1\"><\/iframe><\/td>\n<\/tr>\n<\/tbody>\n<\/table>\n<p>&nbsp;<\/p>\n<hr \/>\n<p style=\"font-family: 'Open Sans', Arial, Helvetica, sans-serif; font-size: 16px; color: #444444; text-align: center;\"><span style=\"color: #800000;\"><strong><span style=\"font-size: 18pt;\">TEST per a les fam\u00edlies<\/span><\/strong><\/span><\/p>\n<table class=\" aligncenter\" style=\"width: 840px; border-style: hidden;\">\n<tbody>\n<tr style=\"border-style: hidden;\">\n<td style=\"width: 400px; border-style: hidden;\"><a style=\"color: #087eb6; background: transparent; font-family: 'Open Sans', sans-serif;\" href=\"https:\/\/www.educac.cat\/families\/test-les-families-internet-i-els-vostres-fills\"><img decoding=\"async\" style=\"vertical-align: middle;\" src=\"https:\/\/serveiseducatius.xtec.cat\/altemporda\/wp-content\/uploads\/usu1156\/2021\/03\/test1.png\" alt=\"\" width=\"100%\" \/><\/a><\/td>\n<td style=\"width: 20px; border-style: hidden;\"><\/td>\n<td style=\"width: 400px; border-style: hidden;\"><a style=\"color: #087eb6; background: transparent; font-family: 'Open Sans', sans-serif;\" href=\"https:\/\/aplicacions.gestioeducativa.gencat.cat\/pls\/apex\/f?p=242:2:219617141384198\"><img loading=\"lazy\" decoding=\"async\" style=\"vertical-align: middle;\" src=\"https:\/\/serveiseducatius.xtec.cat\/altemporda\/wp-content\/uploads\/usu1156\/2021\/03\/Test2.png\" alt=\"\" width=\"405\" height=\"310\" \/><\/a><\/td>\n<\/tr>\n<\/tbody>\n<\/table>\n<p>&nbsp;<\/p>\n<hr \/>\n<p style=\"text-align: center;\"><span style=\"font-size: 18pt; color: #993300;\"><strong><span style=\"color: #800000;\">Guies per a les fam\u00edlies<\/span><\/strong><\/span><\/p>\n<div class=\"fila;\" style=\"display: flex; align-items: center; justify-content: center;\">\n<div class=\"columna\" style=\"width: 50%;\"><a href=\"https:\/\/somconnexio.coop\/wp-content\/uploads\/2023\/04\/GuiaSomConnexioCatOnline.pdf\" target=\"_blank\" rel=\"noopener\"><img decoding=\"async\" class=\"wp-image-20877 aligncenter\" src=\"https:\/\/serveiseducatius.xtec.cat\/altemporda\/wp-content\/uploads\/usu1156\/2023\/05\/Mobil.jpg\" alt=\"\" width=\"95%\" height=\"473\" srcset=\"https:\/\/serveiseducatius.xtec.cat\/altemporda\/wp-content\/uploads\/usu1156\/2023\/05\/Mobil.jpg 735w, https:\/\/serveiseducatius.xtec.cat\/altemporda\/wp-content\/uploads\/usu1156\/2023\/05\/Mobil-300x300.jpg 300w, https:\/\/serveiseducatius.xtec.cat\/altemporda\/wp-content\/uploads\/usu1156\/2023\/05\/Mobil-150x150.jpg 150w\" sizes=\"(max-width: 735px) 100vw, 735px\" \/><\/a><\/div>\n<div class=\"columna\" style=\"width: 50%;\"><a href=\"https:\/\/docs.academia.cat\/noticies\/3961\/1\/salut-digital-a-l-edat-pediatrica-scp-2024.pdf\" target=\"_blank\" rel=\"noopener\"><img decoding=\"async\" class=\"wp-image-20877 aligncenter\" src=\"https:\/\/serveiseducatius.xtec.cat\/altemporda\/wp-content\/uploads\/usu1156\/2024\/01\/Salut-digital-a-ledat-pediatrica.png\" alt=\"\" width=\"95%\" height=\"473\" \/><\/a><\/div>\n<\/div>\n<p>&nbsp;<\/p>\n<hr \/>\n<p style=\"text-align: center;\"><span style=\"font-size: 18pt; color: #993300;\"><strong><span style=\"color: #800000;\">+ Informaci\u00f3<\/span><\/strong><\/span><\/p>\n<div class=\"fila; engrandeix img;\" style=\"display: flex; align-items: center; justify-content: center;\">\n<div class=\"columna\" style=\"width: 20%;\"><a href=\"https:\/\/www.pantallasamigas.net\/\" target=\"_blank\" rel=\"noopener noreferrer\"><img decoding=\"async\" style=\"border: 1px solid #00688A;\" src=\"https:\/\/serveiseducatius.xtec.cat\/altemporda\/wp-content\/uploads\/usu1156\/2021\/04\/unnamed-1.png\" alt=\"\" width=\"250px\" \/><\/a><\/div>\n<div class=\"columna\" style=\"width: 20%;\"><a href=\"https:\/\/www.educac.cat\/families\" target=\"_blank\" rel=\"noopener noreferrer\"><img decoding=\"async\" style=\"border: 1px solid #00688A;\" src=\"https:\/\/serveiseducatius.xtec.cat\/altemporda\/wp-content\/uploads\/usu1156\/2021\/04\/cac1.png\" alt=\"\" width=\"200px\" \/><\/a><\/div>\n<div class=\"columna\" style=\"width: 20%;\"><a href=\"http:\/\/educacio.gencat.cat\/ca\/arees-actuacio\/families\/us-tecnologies\/us-abus-tecnologies\/\" target=\"_blank\" rel=\"noopener noreferrer\"><img decoding=\"async\" style=\"border: 1px solid #00688A;\" src=\"https:\/\/serveiseducatius.xtec.cat\/altemporda\/wp-content\/uploads\/usu1156\/2021\/04\/Captur.png\" alt=\"\" width=\"200px\" \/><\/a><\/div>\n<div class=\"columna\" style=\"width: 20%;\"><a href=\"https:\/\/serveiseducatius.xtec.cat\/altemporda\/us-de-pantalles\/\" target=\"_blank\" rel=\"noopener noreferrer\"><img decoding=\"async\" style=\"border: 1px solid #00688A;\" src=\"https:\/\/serveiseducatius.xtec.cat\/altemporda\/wp-content\/uploads\/usu1156\/2021\/04\/enganxa1.png\" alt=\"\" width=\"150px\" \/><\/a><\/div>\n<\/div>\n<p>&nbsp;<\/p>\n","protected":false},"excerpt":{"rendered":"<p>Sovint les fam\u00edlies i l\u2019escola mostren preocupaci\u00f3 per l\u2019\u00fas o l\u2019ab\u00fas de les pantalles que fan nois i noies. Aquesta pantallitis no \u00e9s una q\u00fcesti\u00f3 alarmant, en general, i de fet, fora bo que ens planteg\u00e9ssim si nosaltres mateixos, els adults, tamb\u00e9 la patim. Pantalles en QUATRE v\u00eddeos &nbsp; &nbsp; TEST per a les fam\u00edlies [&hellip;]<\/p>\n","protected":false},"author":4,"featured_media":0,"parent":12763,"menu_order":0,"comment_status":"closed","ping_status":"closed","template":"","meta":{"_bbp_topic_count":0,"_bbp_reply_count":0,"_bbp_total_topic_count":0,"_bbp_total_reply_count":0,"_bbp_voice_count":0,"_bbp_anonymous_reply_count":0,"_bbp_topic_count_hidden":0,"_bbp_reply_count_hidden":0,"_bbp_forum_subforum_count":0,"site-sidebar-layout":"default","site-content-layout":"","ast-site-content-layout":"","site-content-style":"default","site-sidebar-style":"default","ast-global-header-display":"","ast-banner-title-visibility":"","ast-main-header-display":"","ast-hfb-above-header-display":"","ast-hfb-below-header-display":"","ast-hfb-mobile-header-display":"","site-post-title":"","ast-breadcrumbs-content":"","ast-featured-img":"","footer-sml-layout":"","theme-transparent-header-meta":"","adv-header-id-meta":"","stick-header-meta":"","header-above-stick-meta":"","header-main-stick-meta":"","header-below-stick-meta":"","astra-migrate-meta-layouts":"default","ast-page-background-enabled":"default","ast-page-background-meta":{"desktop":{"background-color":"var(--ast-global-color-4)","background-image":"","background-repeat":"repeat","background-position":"center center","background-size":"auto","background-attachment":"scroll","background-type":"","background-media":"","overlay-type":"","overlay-color":"","overlay-opacity":"","overlay-gradient":""},"tablet":{"background-color":"","background-image":"","background-repeat":"repeat","background-position":"center center","background-size":"auto","background-attachment":"scroll","background-type":"","background-media":"","overlay-type":"","overlay-color":"","overlay-opacity":"","overlay-gradient":""},"mobile":{"background-color":"","background-image":"","background-repeat":"repeat","background-position":"center center","background-size":"auto","background-attachment":"scroll","background-type":"","background-media":"","overlay-type":"","overlay-color":"","overlay-opacity":"","overlay-gradient":""}},"ast-content-background-meta":{"desktop":{"background-color":"var(--ast-global-color-5)","background-image":"","background-repeat":"repeat","background-position":"center center","background-size":"auto","background-attachment":"scroll","background-type":"","background-media":"","overlay-type":"","overlay-color":"","overlay-opacity":"","overlay-gradient":""},"tablet":{"background-color":"var(--ast-global-color-5)","background-image":"","background-repeat":"repeat","background-position":"center center","background-size":"auto","background-attachment":"scroll","background-type":"","background-media":"","overlay-type":"","overlay-color":"","overlay-opacity":"","overlay-gradient":""},"mobile":{"background-color":"var(--ast-global-color-5)","background-image":"","background-repeat":"repeat","background-position":"center center","background-size":"auto","background-attachment":"scroll","background-type":"","background-media":"","overlay-type":"","overlay-color":"","overlay-opacity":"","overlay-gradient":""}},"footnotes":""},"class_list":["post-12798","page","type-page","status-publish","hentry"],"post_mailing_queue_ids":[],"_links":{"self":[{"href":"https:\/\/serveiseducatius.xtec.cat\/altemporda\/wp-json\/wp\/v2\/pages\/12798","targetHints":{"allow":["GET"]}}],"collection":[{"href":"https:\/\/serveiseducatius.xtec.cat\/altemporda\/wp-json\/wp\/v2\/pages"}],"about":[{"href":"https:\/\/serveiseducatius.xtec.cat\/altemporda\/wp-json\/wp\/v2\/types\/page"}],"author":[{"embeddable":true,"href":"https:\/\/serveiseducatius.xtec.cat\/altemporda\/wp-json\/wp\/v2\/users\/4"}],"replies":[{"embeddable":true,"href":"https:\/\/serveiseducatius.xtec.cat\/altemporda\/wp-json\/wp\/v2\/comments?post=12798"}],"version-history":[{"count":7,"href":"https:\/\/serveiseducatius.xtec.cat\/altemporda\/wp-json\/wp\/v2\/pages\/12798\/revisions"}],"predecessor-version":[{"id":22017,"href":"https:\/\/serveiseducatius.xtec.cat\/altemporda\/wp-json\/wp\/v2\/pages\/12798\/revisions\/22017"}],"up":[{"embeddable":true,"href":"https:\/\/serveiseducatius.xtec.cat\/altemporda\/wp-json\/wp\/v2\/pages\/12763"}],"wp:attachment":[{"href":"https:\/\/serveiseducatius.xtec.cat\/altemporda\/wp-json\/wp\/v2\/media?parent=12798"}],"curies":[{"name":"wp","href":"https:\/\/api.w.org\/{rel}","templated":true}]}}