{"id":12796,"date":"2021-03-24T13:56:13","date_gmt":"2021-03-24T12:56:13","guid":{"rendered":"http:\/\/serveiseducatius.xtec.cat\/altemporda\/?page_id=12796"},"modified":"2022-02-16T10:46:13","modified_gmt":"2022-02-16T09:46:13","slug":"docents","status":"publish","type":"page","link":"https:\/\/serveiseducatius.xtec.cat\/altemporda\/pantalles\/docents\/","title":{"rendered":"Docents"},"content":{"rendered":"<p style=\"text-align: justify;\">Quan parlem de tecnologies digitals ens referim a les eines inform\u00e0tiques i dispositius digitals que fem servir per entretenir-nos, per comunicar-nos o per cercar informaci\u00f3. Aquestes eines inclouen tant les tecnologies d&#8217;\u00faltima generaci\u00f3 (Internet, tel\u00e8fon m\u00f2bil, tauleta digital, etc.) com les que ja fa temps que formen part de les nostres vides (televisi\u00f3, r\u00e0dio, ordinador, etc.). Com a docents cal estar alerta a l&#8217;\u00fas i ab\u00fas d&#8217;aquestes tecnologies.<\/p>\n<p><center><iframe loading=\"lazy\" src=\"https:\/\/www.youtube.com\/embed\/WqBl2zyXI7g\" width=\"580\" height=\"370\" frameborder=\"0\"><\/iframe><\/center><\/p>\n<p><center><iframe loading=\"lazy\" src=\"https:\/\/docs.google.com\/document\/d\/1Qhlk-KtsBqvjM2fQdgnZgGtuENtgWOqbtNRqk-ljsjk\/preview\" width=\"100%\" height=\"1100\" frameborder=\"0\"><\/iframe><\/center>&nbsp;<\/p>\n<div class=\"fila;\">\n<div class=\"columna\" style=\"width: 50%;\"><iframe loading=\"lazy\" src=\"https:\/\/drive.google.com\/file\/d\/1u1uHxE0qwXosHpuArbDTUtSTFcPBqiF0\/preview\" width=\"90%\" height=\"700\"  frameborder=\"0\"><\/iframe><\/div>\n<div class=\"columna\" style=\"width: 50%;\"><iframe loading=\"lazy\" src=\"https:\/\/drive.google.com\/file\/d\/1bQKi-izJfBDwQFdLHscyfxCBkXQ3EB92\/preview\" width=\"90%\" height=\"700\"  frameborder=\"0\"><\/iframe><\/div>\n<\/div>\n<p style=\"text-align: center;\"><span style=\"font-size: 18pt; color: #993300;\"><strong>+ info<\/strong><\/span><\/p>\n<div class=\"fila; engrandeix img;\">\n<div class=\"columna\" style=\"width: 20%;\"><a href=\"https:\/\/www.siguestu.cat\/ca\/recursos.html?search[]=%C3%9As%20de%20pantalles\" target=\"_blank\" rel=\"noopener noreferrer\"><img decoding=\"async\" style=\"border: 1px solid #00688A;\" src=\"https:\/\/serveiseducatius.xtec.cat\/altemporda\/wp-content\/uploads\/usu1156\/2021\/04\/sigues_tu.png\" alt=\"\" width=\"200px\" \/><\/a><\/div>\n<div class=\"columna\" style=\"width: 20%;\"><a href=\"https:\/\/internetsegura.cat\/educador\/recursos-educa\/\" target=\"_blank\" rel=\"noopener noreferrer\"><img decoding=\"async\" style=\"border: 1px solid #00688A;\" src=\"https:\/\/serveiseducatius.xtec.cat\/altemporda\/wp-content\/uploads\/usu1156\/2021\/04\/internet_segura.png\" alt=\"\" width=\"150px\" \/><\/a><\/div>\n<div class=\"columna\" style=\"width: 20%;\"><a href=\"https:\/\/www.educac.cat\/professorat\" target=\"_blank\" rel=\"noopener noreferrer\"><img decoding=\"async\" style=\"border: 1px solid #00688A;\" src=\"https:\/\/serveiseducatius.xtec.cat\/altemporda\/wp-content\/uploads\/usu1156\/2021\/04\/cac1.png\" alt=\"\" width=\"200px\" \/><\/a><\/div>\n<div class=\"columna\" style=\"width: 20%;\"><a href=\"http:\/\/educacio.gencat.cat\/ca\/arees-actuacio\/families\/us-tecnologies\/us-abus-tecnologies\/\" target=\"_blank\" rel=\"noopener noreferrer\"><img decoding=\"async\" style=\"border: 1px solid #00688A;\" src=\"https:\/\/serveiseducatius.xtec.cat\/altemporda\/wp-content\/uploads\/usu1156\/2021\/04\/Captur.png\" alt=\"\" width=\"200px\" \/><\/a><\/div>\n<div class=\"columna\" style=\"width: 20%;\"><a href=\"https:\/\/serveiseducatius.xtec.cat\/altemporda\/us-de-pantalles\/\" target=\"_blank\" rel=\"noopener noreferrer\"><img decoding=\"async\" style=\"border: 1px solid #00688A;\" src=\"https:\/\/serveiseducatius.xtec.cat\/altemporda\/wp-content\/uploads\/usu1156\/2021\/04\/enganxa1.png\" alt=\"\" width=\"150px\" \/><\/a><\/div>\n<\/div>\n","protected":false},"excerpt":{"rendered":"<p>Quan parlem de tecnologies digitals ens referim a les eines inform\u00e0tiques i dispositius digitals que fem servir per entretenir-nos, per comunicar-nos o per cercar informaci\u00f3. Aquestes eines inclouen tant les tecnologies d&#8217;\u00faltima generaci\u00f3 (Internet, tel\u00e8fon m\u00f2bil, tauleta digital, etc.) com les que ja fa temps que formen part de les nostres vides (televisi\u00f3, r\u00e0dio, ordinador, [&hellip;]<\/p>\n","protected":false},"author":4,"featured_media":0,"parent":12763,"menu_order":0,"comment_status":"closed","ping_status":"closed","template":"","meta":{"_bbp_topic_count":0,"_bbp_reply_count":0,"_bbp_total_topic_count":0,"_bbp_total_reply_count":0,"_bbp_voice_count":0,"_bbp_anonymous_reply_count":0,"_bbp_topic_count_hidden":0,"_bbp_reply_count_hidden":0,"_bbp_forum_subforum_count":0,"site-sidebar-layout":"default","site-content-layout":"","ast-site-content-layout":"","site-content-style":"default","site-sidebar-style":"default","ast-global-header-display":"","ast-banner-title-visibility":"","ast-main-header-display":"","ast-hfb-above-header-display":"","ast-hfb-below-header-display":"","ast-hfb-mobile-header-display":"","site-post-title":"","ast-breadcrumbs-content":"","ast-featured-img":"","footer-sml-layout":"","theme-transparent-header-meta":"","adv-header-id-meta":"","stick-header-meta":"","header-above-stick-meta":"","header-main-stick-meta":"","header-below-stick-meta":"","astra-migrate-meta-layouts":"default","ast-page-background-enabled":"default","ast-page-background-meta":{"desktop":{"background-color":"var(--ast-global-color-4)","background-image":"","background-repeat":"repeat","background-position":"center center","background-size":"auto","background-attachment":"scroll","background-type":"","background-media":"","overlay-type":"","overlay-color":"","overlay-opacity":"","overlay-gradient":""},"tablet":{"background-color":"","background-image":"","background-repeat":"repeat","background-position":"center center","background-size":"auto","background-attachment":"scroll","background-type":"","background-media":"","overlay-type":"","overlay-color":"","overlay-opacity":"","overlay-gradient":""},"mobile":{"background-color":"","background-image":"","background-repeat":"repeat","background-position":"center center","background-size":"auto","background-attachment":"scroll","background-type":"","background-media":"","overlay-type":"","overlay-color":"","overlay-opacity":"","overlay-gradient":""}},"ast-content-background-meta":{"desktop":{"background-color":"var(--ast-global-color-5)","background-image":"","background-repeat":"repeat","background-position":"center center","background-size":"auto","background-attachment":"scroll","background-type":"","background-media":"","overlay-type":"","overlay-color":"","overlay-opacity":"","overlay-gradient":""},"tablet":{"background-color":"var(--ast-global-color-5)","background-image":"","background-repeat":"repeat","background-position":"center center","background-size":"auto","background-attachment":"scroll","background-type":"","background-media":"","overlay-type":"","overlay-color":"","overlay-opacity":"","overlay-gradient":""},"mobile":{"background-color":"var(--ast-global-color-5)","background-image":"","background-repeat":"repeat","background-position":"center center","background-size":"auto","background-attachment":"scroll","background-type":"","background-media":"","overlay-type":"","overlay-color":"","overlay-opacity":"","overlay-gradient":""}},"footnotes":""},"class_list":["post-12796","page","type-page","status-publish","hentry"],"post_mailing_queue_ids":[],"_links":{"self":[{"href":"https:\/\/serveiseducatius.xtec.cat\/altemporda\/wp-json\/wp\/v2\/pages\/12796","targetHints":{"allow":["GET"]}}],"collection":[{"href":"https:\/\/serveiseducatius.xtec.cat\/altemporda\/wp-json\/wp\/v2\/pages"}],"about":[{"href":"https:\/\/serveiseducatius.xtec.cat\/altemporda\/wp-json\/wp\/v2\/types\/page"}],"author":[{"embeddable":true,"href":"https:\/\/serveiseducatius.xtec.cat\/altemporda\/wp-json\/wp\/v2\/users\/4"}],"replies":[{"embeddable":true,"href":"https:\/\/serveiseducatius.xtec.cat\/altemporda\/wp-json\/wp\/v2\/comments?post=12796"}],"version-history":[{"count":3,"href":"https:\/\/serveiseducatius.xtec.cat\/altemporda\/wp-json\/wp\/v2\/pages\/12796\/revisions"}],"predecessor-version":[{"id":13001,"href":"https:\/\/serveiseducatius.xtec.cat\/altemporda\/wp-json\/wp\/v2\/pages\/12796\/revisions\/13001"}],"up":[{"embeddable":true,"href":"https:\/\/serveiseducatius.xtec.cat\/altemporda\/wp-json\/wp\/v2\/pages\/12763"}],"wp:attachment":[{"href":"https:\/\/serveiseducatius.xtec.cat\/altemporda\/wp-json\/wp\/v2\/media?parent=12796"}],"curies":[{"name":"wp","href":"https:\/\/api.w.org\/{rel}","templated":true}]}}