{"id":12763,"date":"2021-03-19T16:56:22","date_gmt":"2021-03-19T15:56:22","guid":{"rendered":"http:\/\/serveiseducatius.xtec.cat\/altemporda\/?page_id=12763"},"modified":"2022-02-04T12:47:23","modified_gmt":"2022-02-04T11:47:23","slug":"pantalles","status":"publish","type":"page","link":"https:\/\/serveiseducatius.xtec.cat\/altemporda\/pantalles\/","title":{"rendered":"Connectats vs desconnectats"},"content":{"rendered":"<p><img loading=\"lazy\" decoding=\"async\" class=\"wp-image-12914 alignleft\" src=\"https:\/\/serveiseducatius.xtec.cat\/altemporda\/wp-content\/uploads\/usu1156\/2021\/04\/m\u00e0-amb-m\u00f2bil-1024x1024.jpg\" alt=\"\" width=\"180\" height=\"180\" srcset=\"https:\/\/serveiseducatius.xtec.cat\/altemporda\/wp-content\/uploads\/usu1156\/2021\/04\/m\u00e0-amb-m\u00f2bil-1024x1024.jpg 1024w, https:\/\/serveiseducatius.xtec.cat\/altemporda\/wp-content\/uploads\/usu1156\/2021\/04\/m\u00e0-amb-m\u00f2bil-150x150.jpg 150w, https:\/\/serveiseducatius.xtec.cat\/altemporda\/wp-content\/uploads\/usu1156\/2021\/04\/m\u00e0-amb-m\u00f2bil-300x300.jpg 300w, https:\/\/serveiseducatius.xtec.cat\/altemporda\/wp-content\/uploads\/usu1156\/2021\/04\/m\u00e0-amb-m\u00f2bil-768x768.jpg 768w\" sizes=\"auto, (max-width: 180px) 100vw, 180px\" \/>Les pantalles han vingut per quedar-se. La restricci\u00f3 total o el control excessiu no \u00e9s la soluci\u00f3. Cal acompanyar els infants i adolescents perqu\u00e8 aprenguin a fer-ne un \u00fas conscient, responsable i adequat, per aix\u00ed prevenir-ne la capacitat addictiva. Els docents dels centres podem ajudar en aquest acompanyament. Per aquest motiu us proposem aquest espai.<\/p>\n<p>&nbsp;<\/p>\n<p>&nbsp;<\/p>\n<p>&nbsp;<\/p>\n<table class=\" aligncenter\" style=\"height: 31px; border-style: hidden; width: 744px;\" width=\"1371\">\n<tbody>\n<tr style=\"border-style: hidden;\">\n<td style=\"width: 244px; text-align: center; height: 31px; border-style: hidden; vertical-align: middle;\"><a class=\"boto250px\" style=\"color: #000000;\" href=\"https:\/\/serveiseducatius.xtec.cat\/altemporda\/pantalles\/maleta-pantalles-ci\/\" target=\"_blank\" rel=\"noopener noreferrer\"><span style=\"font-size: 14pt;\"><strong>Maleta pantalles CI<\/strong><\/span><\/a><\/td>\n<td style=\"width: 246px; text-align: center; border-style: hidden; vertical-align: middle; height: 31px;\"><a class=\"boto250px\" style=\"color: #000000;\" href=\"https:\/\/serveiseducatius.xtec.cat\/altemporda\/pantalles\/docents\/\" target=\"_blank\" rel=\"noopener noreferrer\"><span style=\"font-size: 14pt;\"><strong>Docents<\/strong><\/span><\/a><\/td>\n<td style=\"width: 246px; text-align: center; border-style: hidden; vertical-align: middle; height: 31px;\"><a class=\"boto250px\" style=\"color: #000000;\" href=\"https:\/\/serveiseducatius.xtec.cat\/altemporda\/pantalles\/maleta-pantalles\/orientacions-families\/\" target=\"_blank\" rel=\"noopener noreferrer\"><span style=\"font-size: 14pt;\"><strong>Fam\u00edlies<\/strong><\/span><\/a><\/td>\n<\/tr>\n<\/tbody>\n<\/table>\n<p>&nbsp;<\/p>\n<p style=\"text-align: center;\"><iframe loading=\"lazy\" title=\"YouTube video player\" src=\"https:\/\/www.youtube.com\/embed\/VASywEuqFd8\" width=\"560\" height=\"315\" frameborder=\"0\" allowfullscreen=\"allowfullscreen\"><\/iframe><\/p>\n<p>&nbsp;<\/p>\n<p style=\"text-align: center;\">\n","protected":false},"excerpt":{"rendered":"<p>Les pantalles han vingut per quedar-se. La restricci\u00f3 total o el control excessiu no \u00e9s la soluci\u00f3. Cal acompanyar els infants i adolescents perqu\u00e8 aprenguin a fer-ne un \u00fas conscient, responsable i adequat, per aix\u00ed prevenir-ne la capacitat addictiva. Els docents dels centres podem ajudar en aquest acompanyament. Per aquest motiu us proposem aquest espai. [&hellip;]<\/p>\n","protected":false},"author":4,"featured_media":0,"parent":0,"menu_order":1,"comment_status":"closed","ping_status":"closed","template":"page-templates\/side-menu.php","meta":{"_bbp_topic_count":0,"_bbp_reply_count":0,"_bbp_total_topic_count":0,"_bbp_total_reply_count":0,"_bbp_voice_count":0,"_bbp_anonymous_reply_count":0,"_bbp_topic_count_hidden":0,"_bbp_reply_count_hidden":0,"_bbp_forum_subforum_count":0,"site-sidebar-layout":"default","site-content-layout":"","ast-site-content-layout":"","site-content-style":"default","site-sidebar-style":"default","ast-global-header-display":"","ast-banner-title-visibility":"","ast-main-header-display":"","ast-hfb-above-header-display":"","ast-hfb-below-header-display":"","ast-hfb-mobile-header-display":"","site-post-title":"","ast-breadcrumbs-content":"","ast-featured-img":"","footer-sml-layout":"","theme-transparent-header-meta":"","adv-header-id-meta":"","stick-header-meta":"","header-above-stick-meta":"","header-main-stick-meta":"","header-below-stick-meta":"","astra-migrate-meta-layouts":"default","ast-page-background-enabled":"default","ast-page-background-meta":{"desktop":{"background-color":"var(--ast-global-color-4)","background-image":"","background-repeat":"repeat","background-position":"center center","background-size":"auto","background-attachment":"scroll","background-type":"","background-media":"","overlay-type":"","overlay-color":"","overlay-opacity":"","overlay-gradient":""},"tablet":{"background-color":"","background-image":"","background-repeat":"repeat","background-position":"center center","background-size":"auto","background-attachment":"scroll","background-type":"","background-media":"","overlay-type":"","overlay-color":"","overlay-opacity":"","overlay-gradient":""},"mobile":{"background-color":"","background-image":"","background-repeat":"repeat","background-position":"center center","background-size":"auto","background-attachment":"scroll","background-type":"","background-media":"","overlay-type":"","overlay-color":"","overlay-opacity":"","overlay-gradient":""}},"ast-content-background-meta":{"desktop":{"background-color":"var(--ast-global-color-5)","background-image":"","background-repeat":"repeat","background-position":"center center","background-size":"auto","background-attachment":"scroll","background-type":"","background-media":"","overlay-type":"","overlay-color":"","overlay-opacity":"","overlay-gradient":""},"tablet":{"background-color":"var(--ast-global-color-5)","background-image":"","background-repeat":"repeat","background-position":"center center","background-size":"auto","background-attachment":"scroll","background-type":"","background-media":"","overlay-type":"","overlay-color":"","overlay-opacity":"","overlay-gradient":""},"mobile":{"background-color":"var(--ast-global-color-5)","background-image":"","background-repeat":"repeat","background-position":"center center","background-size":"auto","background-attachment":"scroll","background-type":"","background-media":"","overlay-type":"","overlay-color":"","overlay-opacity":"","overlay-gradient":""}},"footnotes":""},"class_list":["post-12763","page","type-page","status-publish","hentry"],"post_mailing_queue_ids":[],"_links":{"self":[{"href":"https:\/\/serveiseducatius.xtec.cat\/altemporda\/wp-json\/wp\/v2\/pages\/12763","targetHints":{"allow":["GET"]}}],"collection":[{"href":"https:\/\/serveiseducatius.xtec.cat\/altemporda\/wp-json\/wp\/v2\/pages"}],"about":[{"href":"https:\/\/serveiseducatius.xtec.cat\/altemporda\/wp-json\/wp\/v2\/types\/page"}],"author":[{"embeddable":true,"href":"https:\/\/serveiseducatius.xtec.cat\/altemporda\/wp-json\/wp\/v2\/users\/4"}],"replies":[{"embeddable":true,"href":"https:\/\/serveiseducatius.xtec.cat\/altemporda\/wp-json\/wp\/v2\/comments?post=12763"}],"version-history":[{"count":4,"href":"https:\/\/serveiseducatius.xtec.cat\/altemporda\/wp-json\/wp\/v2\/pages\/12763\/revisions"}],"predecessor-version":[{"id":15869,"href":"https:\/\/serveiseducatius.xtec.cat\/altemporda\/wp-json\/wp\/v2\/pages\/12763\/revisions\/15869"}],"wp:attachment":[{"href":"https:\/\/serveiseducatius.xtec.cat\/altemporda\/wp-json\/wp\/v2\/media?parent=12763"}],"curies":[{"name":"wp","href":"https:\/\/api.w.org\/{rel}","templated":true}]}}