{"id":12633,"date":"2021-03-07T18:33:24","date_gmt":"2021-03-07T17:33:24","guid":{"rendered":"http:\/\/serveiseducatius.xtec.cat\/altemporda\/?page_id=12633"},"modified":"2024-12-05T16:44:05","modified_gmt":"2024-12-05T15:44:05","slug":"dinamiques-de-presentacio-de-llibres","status":"publish","type":"page","link":"https:\/\/serveiseducatius.xtec.cat\/altemporda\/coeducacio\/que-trobareu-a-la-maleta\/dinamiques-de-presentacio-de-llibres\/","title":{"rendered":"Din\u00e0miques de presentaci\u00f3 de llibres"},"content":{"rendered":"<p><span style=\"font-weight: 400;\">Us proposem diferents din\u00e0miques de presentaci\u00f3 dels llibres de la maleta:<\/span><\/p>\n<p><span style=\"font-weight: 400;\"><span style=\"color: #cc99ff; font-size: 14pt;\"><strong>Endevinem els t\u00edtols!<\/strong> <\/span>(EI-CI) <a href=\"https:\/\/serveiseducatius.xtec.cat\/altemporda\/wp-content\/uploads\/usu1156\/2021\/03\/IMG-20210209-WA0039-01.jpeg\"><img loading=\"lazy\" decoding=\"async\" class=\"wp-image-12635 alignleft\" src=\"https:\/\/serveiseducatius.xtec.cat\/altemporda\/wp-content\/uploads\/usu1156\/2021\/03\/IMG-20210209-WA0039-01.jpeg\" alt=\"\" width=\"223\" height=\"274\" srcset=\"https:\/\/serveiseducatius.xtec.cat\/altemporda\/wp-content\/uploads\/usu1156\/2021\/03\/IMG-20210209-WA0039-01.jpeg 713w, https:\/\/serveiseducatius.xtec.cat\/altemporda\/wp-content\/uploads\/usu1156\/2021\/03\/IMG-20210209-WA0039-01-244x300.jpeg 244w\" sizes=\"auto, (max-width: 223px) 100vw, 223px\" \/><\/a><\/span><\/p>\n<p><span style=\"font-weight: 400;\">Exposar els llibres amb els t\u00edtols tapats. No cal posar-los tots, se\u2019n pot fer una selecci\u00f3 o fer exposicions en diferents sessions. Conjuntament mirem les cobertes i inventem el t\u00edtol. Seguidament la docent dir\u00e0 el t\u00edtol real i hauran de pensar amb quina coberta el relacionen. Descobrir tots els contes i fer-ne la presentaci\u00f3. Se\u2019n pot triar un que ser\u00e0 el que llegir\u00e0 la mestra.<\/span><\/p>\n<p><span style=\"font-weight: 400;\"><span style=\"font-size: 14pt;\"><strong><span style=\"color: #cc99ff;\">Imaginem la coberta<\/span><\/strong><\/span> (EI-CI)<a href=\"https:\/\/serveiseducatius.xtec.cat\/altemporda\/wp-content\/uploads\/usu1156\/2021\/03\/20210209_223404-01.jpeg\"><img loading=\"lazy\" decoding=\"async\" class=\"wp-image-12636 alignright\" src=\"https:\/\/serveiseducatius.xtec.cat\/altemporda\/wp-content\/uploads\/usu1156\/2021\/03\/20210209_223404-01.jpeg\" alt=\"\" width=\"232\" height=\"185\" srcset=\"https:\/\/serveiseducatius.xtec.cat\/altemporda\/wp-content\/uploads\/usu1156\/2021\/03\/20210209_223404-01.jpeg 944w, https:\/\/serveiseducatius.xtec.cat\/altemporda\/wp-content\/uploads\/usu1156\/2021\/03\/20210209_223404-01-300x238.jpeg 300w, https:\/\/serveiseducatius.xtec.cat\/altemporda\/wp-content\/uploads\/usu1156\/2021\/03\/20210209_223404-01-768x610.jpeg 768w\" sizes=\"auto, (max-width: 232px) 100vw, 232px\" \/><\/a><\/span><\/p>\n<p><span style=\"font-weight: 400;\">Repartir entre l\u2019alumnat un paper en blanc amb el t\u00edtol d\u2019un conte. Es tracta que facin un dibuix de la coberta que s\u2019imaginen. Despr\u00e9s mirarem els contes originals i ho comentarem. S\u2019aprofitar\u00e0 per fer la presentaci\u00f3 dels contes.\u00a0<\/span><\/p>\n<p><span style=\"font-weight: 400;\"><span style=\"font-size: 14pt;\"><strong><span style=\"color: #cc99ff;\">Mirem les cobertes<\/span> <\/strong><\/span>(EI-CI)\u00a0<\/span><\/p>\n<p><span style=\"font-weight: 400;\">Es repartiran els llibres en parelles o petit grup i observant la coberta hauran de parlar sobre qui o qu\u00e8 surt, on est\u00e0, qu\u00e8 est\u00e0 o estan fent, com se sent o se senten, quin problema pot o poden tenir.\u00a0<\/span><span style=\"font-weight: 400;\">En diferents sessions, una parella o petit grup presenta la seva coberta i la mestra llegir\u00e0 el conte a tot el grup.<\/span><\/p>\n<p><span style=\"font-weight: 400;\">Una altra opci\u00f3 \u00e9s que un cop la parella o petit grup ha exposat les seves hip\u00f2tesis, la mestra fa una petita presentaci\u00f3 del conte. Els contes queden exposats i poden triar quin volen llegir o mirar de forma aut\u00f2noma.<\/span><\/p>\n<p><span style=\"font-weight: 400;\"><span style=\"font-size: 14pt;\"><strong><span style=\"color: #cc99ff;\">Qu\u00e8 descobrirem en el llibre?<\/span><\/strong> <\/span>(EI-CI)<\/span><\/p>\n<p style=\"text-align: justify;\"><span style=\"font-weight: 400;\"><a href=\"https:\/\/serveiseducatius.xtec.cat\/altemporda\/wp-content\/uploads\/usu1156\/2021\/03\/20210311_172737-01-01.jpeg\"><img loading=\"lazy\" decoding=\"async\" class=\"wp-image-12663 alignleft\" src=\"https:\/\/serveiseducatius.xtec.cat\/altemporda\/wp-content\/uploads\/usu1156\/2021\/03\/20210311_172737-01-01-1024x689.jpeg\" alt=\"\" width=\"353\" height=\"237\" srcset=\"https:\/\/serveiseducatius.xtec.cat\/altemporda\/wp-content\/uploads\/usu1156\/2021\/03\/20210311_172737-01-01-1024x689.jpeg 1024w, https:\/\/serveiseducatius.xtec.cat\/altemporda\/wp-content\/uploads\/usu1156\/2021\/03\/20210311_172737-01-01-300x202.jpeg 300w, https:\/\/serveiseducatius.xtec.cat\/altemporda\/wp-content\/uploads\/usu1156\/2021\/03\/20210311_172737-01-01-768x517.jpeg 768w\" sizes=\"auto, (max-width: 353px) 100vw, 353px\" \/><\/a>Disposici\u00f3 en rotllana. Es col\u00b7loquen els contes bocaterrosa. A sobre de cada conte hi ha una pregunta motivadora sobre el contingut del llibre <span style=\"color: #3366ff;\">(trobareu el material a la maleta)<\/span>. Un nen o nena llegeix la pregunta en veu alta o li dona a la mestra perqu\u00e8 la llegeixi. La mestra presenta el llibre. Es tracta de deixar-lo en un lloc visible i anar fent l\u2019exposici\u00f3. Es repeteix l\u2019operaci\u00f3 amb la resta de llibres i finalment es deixa una estona perqu\u00e8 puguin veure i fullejar els llibres presentats.<\/span><\/p>\n<p>&nbsp;<\/p>\n<p><span style=\"font-weight: 400;\"><span style=\"color: #cc99ff; font-size: 14pt;\"><strong>Quin llibre \u00e9s?<\/strong><\/span> (CM-CS) <a href=\"https:\/\/serveiseducatius.xtec.cat\/altemporda\/wp-content\/uploads\/usu1156\/2021\/03\/20210311_173130-01-01-1.jpeg\"><img loading=\"lazy\" decoding=\"async\" class=\" wp-image-12666 alignright\" src=\"https:\/\/serveiseducatius.xtec.cat\/altemporda\/wp-content\/uploads\/usu1156\/2021\/03\/20210311_173130-01-01-1-1024x788.jpeg\" alt=\"\" width=\"334\" height=\"257\" srcset=\"https:\/\/serveiseducatius.xtec.cat\/altemporda\/wp-content\/uploads\/usu1156\/2021\/03\/20210311_173130-01-01-1-1024x788.jpeg 1024w, https:\/\/serveiseducatius.xtec.cat\/altemporda\/wp-content\/uploads\/usu1156\/2021\/03\/20210311_173130-01-01-1-300x231.jpeg 300w, https:\/\/serveiseducatius.xtec.cat\/altemporda\/wp-content\/uploads\/usu1156\/2021\/03\/20210311_173130-01-01-1-768x591.jpeg 768w\" sizes=\"auto, (max-width: 334px) 100vw, 334px\" \/><\/a><\/span><\/p>\n<p><span style=\"font-weight: 400;\">Destinarem un espai on hem penjat les targetes per la cara de la imatge de l\u2019interrogant (<span style=\"color: #3366ff;\">trobareu el material a la maleta)<\/span>. A l\u2019altra cara hi ha una petita ressenya del llibre.\u00a0<\/span><\/p>\n<p><span style=\"font-weight: 400;\">En un altre rac\u00f3 de l\u2019aula es col\u00b7locaran els llibres corresponents.\u00a0Convidem l\u2019alumnat, individualment o en parelles, a triar aleat\u00f2riament un dels sobres, llegir la ressenya i buscar quin llibre pensen que s\u2019adiu amb la sinopsi que han llegit. Un cop tenen el llibre, obriran una mica el sobre per veure la imatge de la coberta i comprovar si ho han encertat. Despr\u00e9s \u00e9s el moment que cada parella llegeixi, miri, fullegi el llibre i seguidament el presentin a la resta.\u00a0<\/span><\/p>\n<p><span style=\"font-weight: 400;\"><span style=\"font-size: 14pt;\"><strong><span style=\"color: #cc99ff;\">D\u00f2mino de portades<\/span><\/strong> <\/span>(CM-CS)<\/span><\/p>\n<p><span style=\"font-weight: 400;\"><a href=\"https:\/\/serveiseducatius.xtec.cat\/altemporda\/wp-content\/uploads\/usu1156\/2021\/03\/IMG-20210209-WA0055-01.jpeg\"><img loading=\"lazy\" decoding=\"async\" class=\"wp-image-12638 alignleft\" src=\"https:\/\/serveiseducatius.xtec.cat\/altemporda\/wp-content\/uploads\/usu1156\/2021\/03\/IMG-20210209-WA0055-01-1024x925.jpeg\" alt=\"\" width=\"293\" height=\"265\" srcset=\"https:\/\/serveiseducatius.xtec.cat\/altemporda\/wp-content\/uploads\/usu1156\/2021\/03\/IMG-20210209-WA0055-01.jpeg 1024w, https:\/\/serveiseducatius.xtec.cat\/altemporda\/wp-content\/uploads\/usu1156\/2021\/03\/IMG-20210209-WA0055-01-300x271.jpeg 300w, https:\/\/serveiseducatius.xtec.cat\/altemporda\/wp-content\/uploads\/usu1156\/2021\/03\/IMG-20210209-WA0055-01-768x694.jpeg 768w\" sizes=\"auto, (max-width: 293px) 100vw, 293px\" \/><\/a>Si \u00e9s possible, col\u00b7loquem les cadires en forma de cercle i a sobre de cada cadira, un llibre. Si es dinamitza l\u2019activitat al terra o a sobre d\u2019una catifa, es posen els llibres en forma de rotllana. Es pot disposar d\u2019un parell de taules allargades o b\u00e9 fer l\u2019activitat al terra. Cada nen o nena agafa un llibre i s\u2019asseu. Tamb\u00e9 es pot assignar un llibre per a cada parella d\u2019alumnes.\u00a0 <a href=\"https:\/\/serveiseducatius.xtec.cat\/altemporda\/wp-content\/uploads\/usu1156\/2021\/03\/20210209_221159-03.jpeg\"><img loading=\"lazy\" decoding=\"async\" class=\"wp-image-12639 alignright\" src=\"https:\/\/serveiseducatius.xtec.cat\/altemporda\/wp-content\/uploads\/usu1156\/2021\/03\/20210209_221159-03.jpeg\" alt=\"\" width=\"285\" height=\"295\" srcset=\"https:\/\/serveiseducatius.xtec.cat\/altemporda\/wp-content\/uploads\/usu1156\/2021\/03\/20210209_221159-03.jpeg 603w, https:\/\/serveiseducatius.xtec.cat\/altemporda\/wp-content\/uploads\/usu1156\/2021\/03\/20210209_221159-03-291x300.jpeg 291w\" sizes=\"auto, (max-width: 285px) 100vw, 285px\" \/><\/a><\/span><\/p>\n<p><span style=\"font-weight: 400;\">Es deixa una estona per tal que mirin la coberta, la contracoberta, fullegin el llibre, en llegeixen un fragment per tal de tenir una primera impressi\u00f3 del contingut. A continuaci\u00f3 es presenta el joc que consisteix a formar un d\u00f2mino amb les portades dels llibres. Es tracta de col\u00b7locar els llibres sobre la taula o al terra, un al costat de l\u2019altre, com si fossin les peces d\u2019un joc de d\u00f2mino cercant alguna relaci\u00f3 amb el llibre anterior. Inicia l\u2019activitat el docent col\u00b7locant el primer llibre, llegint el t\u00edtol. Abans el docent posar\u00e0 exemples de criteris o punts de coincid\u00e8ncia: mateix autor o autora, que l\u2019autora sigui una dona, mateixa editorial, color de la portada semblant, que surti una nena, que tingui una mateixa paraula al t\u00edtol, el protagonista sigui un animal,\u00a0 al t\u00edtol hi surti el nom d\u2019una nena\u2026\u00a0<\/span><\/p>\n<p><span style=\"font-weight: 400;\">D\u2019aquesta manera es va formant un llarg d\u00f2mino de llibres que la mestra o el mestre pot utilitzar aquesta disposici\u00f3 per presentar o comentar breument els llibres i convidar-ne a la lectura.<\/span><\/p>\n<p><span style=\"font-weight: 400;\"><span style=\"font-size: 14pt;\"><strong><span style=\"color: #cc99ff;\">Quines preguntes ens fem?<\/span><\/strong><\/span> (CM-CS)\u00a0<\/span><\/p>\n<p><span style=\"font-weight: 400;\"><a href=\"https:\/\/serveiseducatius.xtec.cat\/altemporda\/wp-content\/uploads\/usu1156\/2021\/03\/20210209_224411-01.jpeg\"><img loading=\"lazy\" decoding=\"async\" class=\"wp-image-12641 alignleft\" src=\"https:\/\/serveiseducatius.xtec.cat\/altemporda\/wp-content\/uploads\/usu1156\/2021\/03\/20210209_224411-01.jpeg\" alt=\"\" width=\"447\" height=\"259\" srcset=\"https:\/\/serveiseducatius.xtec.cat\/altemporda\/wp-content\/uploads\/usu1156\/2021\/03\/20210209_224411-01.jpeg 961w, https:\/\/serveiseducatius.xtec.cat\/altemporda\/wp-content\/uploads\/usu1156\/2021\/03\/20210209_224411-01-300x174.jpeg 300w, https:\/\/serveiseducatius.xtec.cat\/altemporda\/wp-content\/uploads\/usu1156\/2021\/03\/20210209_224411-01-768x444.jpeg 768w\" sizes=\"auto, (max-width: 447px) 100vw, 447px\" \/><\/a>Fer una exposici\u00f3 dels llibres al voltant de l\u2019aula. L\u2019alumnat passeja i els va observant, pot llegir les contracobertes, fullejar-los r\u00e0pidament&#8230; Individualment, cadasc\u00fa pensar\u00e0 quines preguntes li suggereixen els llibres que li han cridat m\u00e9s l\u2019atenci\u00f3. Podran escriure en p\u00f2stits diferents aquestes preguntes i les enganxaran a dins de les guardes del llibre.<\/span><\/p>\n<p><span style=\"font-weight: 400;\">Es pot triar per fer la lectura en veu alta a c\u00e0rrec del docent un dels llibres que m\u00e9s p\u00f2stits tingui i llegir-los abans i despr\u00e9s d\u2019escoltar la lectura, comentar si han pogut trobar la resposta a aquestes preguntes.<\/span><\/p>\n<p><span style=\"font-weight: 400;\"><span style=\"font-size: 14pt;\"><strong><span style=\"color: #cc99ff;\">Quin llibre m\u2019agradaria llegir?<\/span><\/strong><\/span> (CM-CS)<\/span><\/p>\n<p><span style=\"font-weight: 400;\">Fer grups de 5 alumnes. Donar una pila de 5 o 6 llibres per grup. A continuaci\u00f3, cada membre del grup selecciona un llibre i t\u00e9 aproximadament un parell de minuts per mirar el llibre i decidir si es tracta d&#8217;un llibre que li agradaria llegir o no. Es van intercanviant els llibres i al final cada alumne o alumna ha de tenir anotats en un full el t\u00edtol del llibre i l&#8217;autor o autora dels llibres que li han interessat m\u00e9s.\u00a0<\/span><span style=\"font-weight: 400;\">Es pot fer rotaci\u00f3 de grups per descobrir nous interessos. Es pot concloure la sessi\u00f3 animant l\u2019alumnat a compartir alguns dels t\u00edtols escollits. Es vetllar\u00e0 perqu\u00e8 puguin llegir algun dels llibres triats.\u00a0<\/span><\/p>\n<p><span style=\"font-weight: 400;\"><span style=\"font-size: 14pt;\"><strong><span style=\"color: #cc99ff;\">Connexions<\/span> <\/strong><\/span>(TOTS ELS CICLES)\u00a0<\/span><\/p>\n<p style=\"text-align: justify;\"><span style=\"font-weight: 400;\"><a href=\"https:\/\/serveiseducatius.xtec.cat\/altemporda\/wp-content\/uploads\/usu1156\/2021\/03\/IMG-20210209-WA0067-01.jpeg\"><img loading=\"lazy\" decoding=\"async\" class=\"wp-image-12643 alignleft\" src=\"https:\/\/serveiseducatius.xtec.cat\/altemporda\/wp-content\/uploads\/usu1156\/2021\/03\/IMG-20210209-WA0067-01.jpeg\" alt=\"\" width=\"271\" height=\"306\" srcset=\"https:\/\/serveiseducatius.xtec.cat\/altemporda\/wp-content\/uploads\/usu1156\/2021\/03\/IMG-20210209-WA0067-01.jpeg 739w, https:\/\/serveiseducatius.xtec.cat\/altemporda\/wp-content\/uploads\/usu1156\/2021\/03\/IMG-20210209-WA0067-01-266x300.jpeg 266w\" sizes=\"auto, (max-width: 271px) 100vw, 271px\" \/><\/a>Si es fa una lectura individual, es pot demanar a l\u2019alumnat que marquin amb l\u2019ajuda de p\u00f2stits de colors qualsevol p\u00e0gina que els interessi, que els recordi algun fet o que els hagi fet pensar en alguna situaci\u00f3 viscuda.\u00a0 Despr\u00e9s, qui vulgui, pot comentar amb els companys i companyes les seves notes. <a href=\"https:\/\/serveiseducatius.xtec.cat\/altemporda\/wp-content\/uploads\/usu1156\/2021\/03\/IMG-20210209-WA0058-01.jpeg\"><img loading=\"lazy\" decoding=\"async\" class=\"wp-image-12642 alignright\" src=\"https:\/\/serveiseducatius.xtec.cat\/altemporda\/wp-content\/uploads\/usu1156\/2021\/03\/IMG-20210209-WA0058-01.jpeg\" alt=\"\" width=\"254\" height=\"248\" srcset=\"https:\/\/serveiseducatius.xtec.cat\/altemporda\/wp-content\/uploads\/usu1156\/2021\/03\/IMG-20210209-WA0058-01.jpeg 738w, https:\/\/serveiseducatius.xtec.cat\/altemporda\/wp-content\/uploads\/usu1156\/2021\/03\/IMG-20210209-WA0058-01-300x293.jpeg 300w\" sizes=\"auto, (max-width: 254px) 100vw, 254px\" \/><\/a><\/span><\/p>\n<p><span style=\"font-weight: 400;\"><span style=\"font-size: 14pt;\"><strong><span style=\"color: #cc99ff;\">Recomanacions<\/span> <\/strong><\/span>(TOTS ELS CICLES)<\/span><\/p>\n<p style=\"text-align: justify;\"><span style=\"font-weight: 400;\">Si els alumnes han llegit aut\u00f2nomament algun llibre de la maleta, podem aprofitar per fer presentacions o recomanacions de llibres entre l\u2019alumnat. Es pot organitzar en grups de 4 o 5 alumnes, on cadasc\u00fa explica breument de qu\u00e8 tracta el llibre i en fa la recomanaci\u00f3, o b\u00e9 passejar per l\u2019aula, amb m\u00fasica de fons i quan la mestra atura la m\u00fasica es posen en parelles o grups de 3 i es presenten o recomanen el llibre. Es repeteix el procediment unes quantes vegades m\u00e9s.<\/span><\/p>\n<p><span style=\"font-weight: 400;\"><span style=\"font-size: 14pt;\"><strong><span style=\"color: #cc99ff;\">TOP 5!<\/span> <\/strong><\/span>(TOTS ELS CICLES)<\/span><\/p>\n<p style=\"text-align: justify;\"><span style=\"font-weight: 400;\">A partir de la lectura dels llibres de la maleta, es pot fer una votaci\u00f3 de quins s\u00f3n els llibres que m\u00e9s els han agradat i fer la proposta de comprar-los per a la biblioteca.<\/span><\/p>\n<p><span style=\"font-weight: 400;\"><span style=\"font-size: 14pt;\"><strong><span style=\"color: #cc99ff;\">Converses sobre la lectura<\/span><\/strong><\/span> (TOTS ELS CICLES)<\/span><\/p>\n<p style=\"text-align: justify;\"><span style=\"font-weight: 400;\"><a href=\"https:\/\/serveiseducatius.xtec.cat\/altemporda\/wp-content\/uploads\/usu1156\/2021\/03\/20210311_173724-01-01.jpeg\"><img loading=\"lazy\" decoding=\"async\" class=\" wp-image-12667 alignleft\" src=\"https:\/\/serveiseducatius.xtec.cat\/altemporda\/wp-content\/uploads\/usu1156\/2021\/03\/20210311_173724-01-01.jpeg\" alt=\"\" width=\"393\" height=\"288\" srcset=\"https:\/\/serveiseducatius.xtec.cat\/altemporda\/wp-content\/uploads\/usu1156\/2021\/03\/20210311_173724-01-01.jpeg 800w, https:\/\/serveiseducatius.xtec.cat\/altemporda\/wp-content\/uploads\/usu1156\/2021\/03\/20210311_173724-01-01-300x219.jpeg 300w, https:\/\/serveiseducatius.xtec.cat\/altemporda\/wp-content\/uploads\/usu1156\/2021\/03\/20210311_173724-01-01-768x562.jpeg 768w\" sizes=\"auto, (max-width: 393px) 100vw, 393px\" \/><\/a><\/span><\/p>\n<p><span style=\"font-weight: 400;\">Es pot dinamitzar la conversa despr\u00e9s d\u2019una lectura col\u00b7lectiva o b\u00e9, despr\u00e9s de la lectura aut\u00f2noma. En aquest segon cas, cadasc\u00fa llegeix individualment un dels llibres i es fa una conversa per compartir el que els ha aportat la lectura i d\u2019aquesta manera, tothom t\u00e9 l\u2019oportunitat de con\u00e8ixer altres llibres. Tamb\u00e9 es pot fer en petits grups.\u00a0<\/span><\/p>\n<p><span style=\"font-weight: 400;\">Les preguntes estan en forma de punts de llibre <span style=\"color: #3366ff;\">(trobareu el material a la maleta)<\/span>. Es poden llegir abans d\u2019iniciar la conversa alguns punts de llibre perqu\u00e8 vegin exemples de preguntes que serviran per parlar sobre la lectura.<\/span><\/p>\n<p><span style=\"font-weight: 400;\">Podem partir d\u2019una mateixa pregunta, es deixa uns minuts per reflexionar individualment sobre la lectura realitzada i es convida l\u2019alumnat a participar. Tamb\u00e9 podem proposar que un alumne o alumna tri\u00ef una pregunta a l\u2019atzar i faci l\u2019aportaci\u00f3 al grup.<\/span><\/p>\n<hr \/>\n<p><img loading=\"lazy\" decoding=\"async\" class=\"size-medium wp-image-13264 alignleft\" src=\"https:\/\/serveiseducatius.xtec.cat\/altemporda\/wp-content\/uploads\/usu1156\/2021\/05\/logo-pacto-estado-violencia-genero-ministerio-igualdad-300x59.png\" alt=\"\" width=\"300\" height=\"59\" srcset=\"https:\/\/serveiseducatius.xtec.cat\/altemporda\/wp-content\/uploads\/usu1156\/2021\/05\/logo-pacto-estado-violencia-genero-ministerio-igualdad-300x59.png 300w, https:\/\/serveiseducatius.xtec.cat\/altemporda\/wp-content\/uploads\/usu1156\/2021\/05\/logo-pacto-estado-violencia-genero-ministerio-igualdad.png 761w\" sizes=\"auto, (max-width: 300px) 100vw, 300px\" \/><\/p>\n","protected":false},"excerpt":{"rendered":"<p>Us proposem diferents din\u00e0miques de presentaci\u00f3 dels llibres de la maleta: Endevinem els t\u00edtols! (EI-CI) Exposar els llibres amb els t\u00edtols tapats. No cal posar-los tots, se\u2019n pot fer una selecci\u00f3 o fer exposicions en diferents sessions. Conjuntament mirem les cobertes i inventem el t\u00edtol. Seguidament la docent dir\u00e0 el t\u00edtol real i hauran de [&hellip;]<\/p>\n","protected":false},"author":71,"featured_media":0,"parent":12084,"menu_order":5,"comment_status":"closed","ping_status":"closed","template":"","meta":{"_bbp_topic_count":0,"_bbp_reply_count":0,"_bbp_total_topic_count":0,"_bbp_total_reply_count":0,"_bbp_voice_count":0,"_bbp_anonymous_reply_count":0,"_bbp_topic_count_hidden":0,"_bbp_reply_count_hidden":0,"_bbp_forum_subforum_count":0,"site-sidebar-layout":"default","site-content-layout":"","ast-site-content-layout":"","site-content-style":"default","site-sidebar-style":"default","ast-global-header-display":"","ast-banner-title-visibility":"","ast-main-header-display":"","ast-hfb-above-header-display":"","ast-hfb-below-header-display":"","ast-hfb-mobile-header-display":"","site-post-title":"","ast-breadcrumbs-content":"","ast-featured-img":"","footer-sml-layout":"","theme-transparent-header-meta":"","adv-header-id-meta":"","stick-header-meta":"","header-above-stick-meta":"","header-main-stick-meta":"","header-below-stick-meta":"","astra-migrate-meta-layouts":"default","ast-page-background-enabled":"default","ast-page-background-meta":{"desktop":{"background-color":"var(--ast-global-color-4)","background-image":"","background-repeat":"repeat","background-position":"center center","background-size":"auto","background-attachment":"scroll","background-type":"","background-media":"","overlay-type":"","overlay-color":"","overlay-opacity":"","overlay-gradient":""},"tablet":{"background-color":"","background-image":"","background-repeat":"repeat","background-position":"center center","background-size":"auto","background-attachment":"scroll","background-type":"","background-media":"","overlay-type":"","overlay-color":"","overlay-opacity":"","overlay-gradient":""},"mobile":{"background-color":"","background-image":"","background-repeat":"repeat","background-position":"center center","background-size":"auto","background-attachment":"scroll","background-type":"","background-media":"","overlay-type":"","overlay-color":"","overlay-opacity":"","overlay-gradient":""}},"ast-content-background-meta":{"desktop":{"background-color":"var(--ast-global-color-5)","background-image":"","background-repeat":"repeat","background-position":"center center","background-size":"auto","background-attachment":"scroll","background-type":"","background-media":"","overlay-type":"","overlay-color":"","overlay-opacity":"","overlay-gradient":""},"tablet":{"background-color":"var(--ast-global-color-5)","background-image":"","background-repeat":"repeat","background-position":"center center","background-size":"auto","background-attachment":"scroll","background-type":"","background-media":"","overlay-type":"","overlay-color":"","overlay-opacity":"","overlay-gradient":""},"mobile":{"background-color":"var(--ast-global-color-5)","background-image":"","background-repeat":"repeat","background-position":"center center","background-size":"auto","background-attachment":"scroll","background-type":"","background-media":"","overlay-type":"","overlay-color":"","overlay-opacity":"","overlay-gradient":""}},"footnotes":""},"class_list":["post-12633","page","type-page","status-publish","hentry"],"post_mailing_queue_ids":[],"_links":{"self":[{"href":"https:\/\/serveiseducatius.xtec.cat\/altemporda\/wp-json\/wp\/v2\/pages\/12633","targetHints":{"allow":["GET"]}}],"collection":[{"href":"https:\/\/serveiseducatius.xtec.cat\/altemporda\/wp-json\/wp\/v2\/pages"}],"about":[{"href":"https:\/\/serveiseducatius.xtec.cat\/altemporda\/wp-json\/wp\/v2\/types\/page"}],"author":[{"embeddable":true,"href":"https:\/\/serveiseducatius.xtec.cat\/altemporda\/wp-json\/wp\/v2\/users\/71"}],"replies":[{"embeddable":true,"href":"https:\/\/serveiseducatius.xtec.cat\/altemporda\/wp-json\/wp\/v2\/comments?post=12633"}],"version-history":[{"count":5,"href":"https:\/\/serveiseducatius.xtec.cat\/altemporda\/wp-json\/wp\/v2\/pages\/12633\/revisions"}],"predecessor-version":[{"id":24307,"href":"https:\/\/serveiseducatius.xtec.cat\/altemporda\/wp-json\/wp\/v2\/pages\/12633\/revisions\/24307"}],"up":[{"embeddable":true,"href":"https:\/\/serveiseducatius.xtec.cat\/altemporda\/wp-json\/wp\/v2\/pages\/12084"}],"wp:attachment":[{"href":"https:\/\/serveiseducatius.xtec.cat\/altemporda\/wp-json\/wp\/v2\/media?parent=12633"}],"curies":[{"name":"wp","href":"https:\/\/api.w.org\/{rel}","templated":true}]}}