{"id":12096,"date":"2021-01-28T14:32:32","date_gmt":"2021-01-28T13:32:32","guid":{"rendered":"http:\/\/serveiseducatius.xtec.cat\/altemporda\/?page_id=12096"},"modified":"2024-10-17T11:32:56","modified_gmt":"2024-10-17T09:32:56","slug":"material-dinteres","status":"publish","type":"page","link":"https:\/\/serveiseducatius.xtec.cat\/altemporda\/coeducacio\/material-dinteres\/","title":{"rendered":"Material d&#8217;inter\u00e8s"},"content":{"rendered":"<p>Documents de refer\u00e8ncia<\/p>\n<p>Per consultar\/ per saber-ne m\u00e9s<\/p>\n<h5><span style=\"color: #cc99ff;\">Jocs<\/span><\/h5>\n<p><b><\/b><b><a href=\"https:\/\/serveiseducatius.xtec.cat\/altemporda\/wp-content\/uploads\/usu1156\/2021\/06\/Juego-Little-Office-3.png\"><img loading=\"lazy\" decoding=\"async\" class=\"wp-image-13319 alignleft\" src=\"https:\/\/serveiseducatius.xtec.cat\/altemporda\/wp-content\/uploads\/usu1156\/2021\/06\/Juego-Little-Office-3.png\" alt=\"\" width=\"214\" height=\"214\" srcset=\"https:\/\/serveiseducatius.xtec.cat\/altemporda\/wp-content\/uploads\/usu1156\/2021\/06\/Juego-Little-Office-3.png 1000w, https:\/\/serveiseducatius.xtec.cat\/altemporda\/wp-content\/uploads\/usu1156\/2021\/06\/Juego-Little-Office-3-150x150.png 150w, https:\/\/serveiseducatius.xtec.cat\/altemporda\/wp-content\/uploads\/usu1156\/2021\/06\/Juego-Little-Office-3-300x300.png 300w, https:\/\/serveiseducatius.xtec.cat\/altemporda\/wp-content\/uploads\/usu1156\/2021\/06\/Juego-Little-Office-3-768x768.png 768w\" sizes=\"auto, (max-width: 214px) 100vw, 214px\" \/><\/a><a href=\"https:\/\/little-revolutions.com\/ca\/producto\/little-office-joc-per-a-lequitat-de-genere\/\" target=\"_blank\" rel=\"noopener noreferrer\">Little office Joc per a l\u2019equitat de g\u00e8nere<\/a><\/b><\/p>\n<p style=\"text-align: justify;\">Cinc jocs recomanats a partir de 4, 6, 7 i 9 anys per desmuntar estereotips de g\u00e8nere, obtenir una mirada equitativa de les professions i, visualitzar oficis representats per les persones independentment del seu sexe\/g\u00e8nere. Amb \u201cl\u2019Ofici Violeta\u201d i \u201cl\u2019Skiboo\u201d entraran en joc cartes diverses: la de la igualtat, la de l\u2019equitat, la de l\u2019estereotip, la del llenguatge inclusiu i la del sexisme. Fer parelles no \u00e9s l\u2019\u00fanic repte, tamb\u00e9 has de posar-te a prova usant el llenguatge no sexista, improvisant hist\u00f2ries, fent m\u00edmica o encertant les preguntes! Una manera l\u00fadica d\u2019ajudar a educar en i per a la igualtat de g\u00e8nere, fixant-nos en el m\u00f3n de les professions. Contingut: 110 cartes (80 cartes d\u2019oficis + cartes d\u2019acci\u00f3 + cartes de suport + instruccions). Tamb\u00e9 inclou acc\u00e9s a la desc\u00e0rrega de material pedag\u00f2gic complementari per ampliar els vostres coneixements sobre equitat de g\u00e8nere de manera divertida.<\/p>\n<p><a href=\"https:\/\/lalalaeditorial.com\/ca\/producto\/tutty-un-oc-de-families-diverses-versio-castella\/\"><b>Tutty. Un joc de fam\u00edlies diverses <\/b><\/a><b><a href=\"https:\/\/serveiseducatius.xtec.cat\/altemporda\/wp-content\/uploads\/usu1156\/2021\/06\/Tutty-tienda.jpg\"><img loading=\"lazy\" decoding=\"async\" class=\"wp-image-13321 alignright\" src=\"https:\/\/serveiseducatius.xtec.cat\/altemporda\/wp-content\/uploads\/usu1156\/2021\/06\/Tutty-tienda.jpg\" alt=\"\" width=\"207\" height=\"206\" srcset=\"https:\/\/serveiseducatius.xtec.cat\/altemporda\/wp-content\/uploads\/usu1156\/2021\/06\/Tutty-tienda.jpg 562w, https:\/\/serveiseducatius.xtec.cat\/altemporda\/wp-content\/uploads\/usu1156\/2021\/06\/Tutty-tienda-150x150.jpg 150w, https:\/\/serveiseducatius.xtec.cat\/altemporda\/wp-content\/uploads\/usu1156\/2021\/06\/Tutty-tienda-300x300.jpg 300w\" sizes=\"auto, (max-width: 207px) 100vw, 207px\" \/><\/a><\/b><\/p>\n<p style=\"text-align: justify;\">Tutty \u00e9s un joc de cartes que promou el respecte a la diversitat afectiva, sexual i familiar. A Tutty es pot jugar en grups de dos a quatre persones, i es recomana a partir dels 8 anys d\u2019edat.<br \/>\nL\u2019objectiu del joc \u00e9s completar una fam\u00edlia i per a aix\u00f2 es disposa de 28 personatges diversos. Una fam\u00edlia es forma amb un m\u00ednim de 6 personatges, de manera que hi ha una infinitat de combinacions possibles. La baralla compta tamb\u00e9 amb 12 cartes d\u2019acci\u00f3, que representen les coses que els passen a les fam\u00edlies, com ara una mudan\u00e7a, un divorci o una malaltia, i que aporten al joc estrat\u00e8gia i ho fan m\u00e9s interessant.<\/p>\n<p><a href=\"http:\/\/www.kids-cluster.com\/nines-sense-genere\/\"><b>Nines sense g\u00e8nere<\/b><\/a><\/p>\n<p style=\"text-align: justify;\"><a href=\"https:\/\/serveiseducatius.xtec.cat\/altemporda\/wp-content\/uploads\/usu1156\/2021\/06\/nines-sense-g\u00e8nere.jpg\"><img loading=\"lazy\" decoding=\"async\" class=\"wp-image-13324 alignleft\" src=\"https:\/\/serveiseducatius.xtec.cat\/altemporda\/wp-content\/uploads\/usu1156\/2021\/06\/nines-sense-g\u00e8nere.jpg\" alt=\"\" width=\"330\" height=\"209\" srcset=\"https:\/\/serveiseducatius.xtec.cat\/altemporda\/wp-content\/uploads\/usu1156\/2021\/06\/nines-sense-g\u00e8nere.jpg 840w, https:\/\/serveiseducatius.xtec.cat\/altemporda\/wp-content\/uploads\/usu1156\/2021\/06\/nines-sense-g\u00e8nere-300x190.jpg 300w, https:\/\/serveiseducatius.xtec.cat\/altemporda\/wp-content\/uploads\/usu1156\/2021\/06\/nines-sense-g\u00e8nere-768x485.jpg 768w\" sizes=\"auto, (max-width: 330px) 100vw, 330px\" \/><\/a>Creatable World s\u00f3n nines de Mattel sense g\u00e8nere. Aix\u00f2 significa que s\u00f3n neutres i personalitzables perqu\u00e8 qualsevol nen o nena s\u2019hi pugui identificar sense prejudicis ni estereotips. Es poden escollir nines amb el cabell curt o llarg, i amb tot tipus de complements i accessoris que es compren per separat. Aix\u00f2 permet als nens i nenes crear un personatge exactament com volen.<\/p>\n<p><a href=\"https:\/\/www.ekilikua.com\/juegos\/quien-vive-aqui\/quien-vive-aqui\"><b>Qui viu aqu\u00ed? El gran joc de la diversitat<\/b><\/a><\/p>\n<p>Inclou dotze jocs molt divertits de diferents nivells de dificultat, de manera que est\u00e0 recomanat per edats entre els 3 i els 12 anys.\u00a0Segons la<a href=\"https:\/\/serveiseducatius.xtec.cat\/altemporda\/wp-content\/uploads\/usu1156\/2021\/06\/quien-vive-aqu\u00ed.jpg\"><img loading=\"lazy\" decoding=\"async\" class=\" wp-image-13325 alignright\" src=\"https:\/\/serveiseducatius.xtec.cat\/altemporda\/wp-content\/uploads\/usu1156\/2021\/06\/quien-vive-aqu\u00ed.jpg\" alt=\"\" width=\"264\" height=\"193\" \/><\/a> din\u00e0mica dels diferents jocs pot ser utilitzat tant de manera individual com en grup.<\/p>\n<p>Per resoldre tots els jocs hem d&#8217;anar creant, coneixent i descobrint a les persones que habiten en els pisos del nostre edifici.\u00a0Haurem d&#8217;esbrinar qui i com s\u00f3n, qu\u00e8 els agrada, amb qui viuen, quina relaci\u00f3 els uneix, etc. Per acabar de completar els pisos afegirem les fitxes de frase amb les que sabrem la relaci\u00f3 que hi ha entre les persones que conviuen a cada pis (amics, parella, companys, fam\u00edlia, &#8230;).<\/p>\n<p><a href=\"https:\/\/www.ekilikua.com\/juegos\/juegos-cooperativos\/las-brujas-de-farrabus\"><b>Las Brujas de Farrab\u00fas<\/b><\/a><\/p>\n<p style=\"text-align: justify;\"><a href=\"https:\/\/serveiseducatius.xtec.cat\/altemporda\/wp-content\/uploads\/usu1156\/2021\/06\/las-brujas-de-farrab\u00fas.jpg\"><img loading=\"lazy\" decoding=\"async\" class=\"wp-image-13326 alignleft\" src=\"https:\/\/serveiseducatius.xtec.cat\/altemporda\/wp-content\/uploads\/usu1156\/2021\/06\/las-brujas-de-farrab\u00fas.jpg\" alt=\"\" width=\"291\" height=\"205\" srcset=\"https:\/\/serveiseducatius.xtec.cat\/altemporda\/wp-content\/uploads\/usu1156\/2021\/06\/las-brujas-de-farrab\u00fas.jpg 420w, https:\/\/serveiseducatius.xtec.cat\/altemporda\/wp-content\/uploads\/usu1156\/2021\/06\/las-brujas-de-farrab\u00fas-300x211.jpg 300w\" sizes=\"auto, (max-width: 291px) 100vw, 291px\" \/><\/a>Volent canviar el car\u00e0cter de la seva promesa, el Pr\u00edncep Blau ha ordenat\u00a0al\u00a0mag del Regne de\u00a0<span class=\"hiddenSpellError\">Farrab\u00fas<\/span>\u00a0l&#8217;elaboraci\u00f3 d&#8217;una poci\u00f3 que li faci comportar-se com les princeses dels\u00a0contes;\u00a0per\u00f2 la seva m\u00e0gia se li ha\u00a0<span class=\"hiddenGrammarError\" style=\"padding-bottom: 2px; background-image: url('..\/..\/..\/..\/..\/images\/squiggle.png'); background-repeat: repeat-x; background-position: left bottom; cursor: default; color: #000000; font-family: 'Open Sans', Helvetica, Arial, sans-serif; font-size: 16px; font-style: normal; font-variant-ligatures: normal; font-variant-caps: normal; font-weight: 300; letter-spacing: normal; orphans: 2; text-align: start; text-indent: 0px; text-transform: none; white-space: normal; widows: 2; word-spacing: 0px; -webkit-text-stroke-width: 0px; text-decoration-thickness: initial; text-decoration-style: initial; text-decoration-color: initial;\">anat<\/span>\u00a0de les mans i est\u00e0\u00a0afectant\u00a0nois i noies del poble &#8230;<a href=\"https:\/\/serveiseducatius.xtec.cat\/altemporda\/wp-content\/uploads\/usu1156\/2021\/06\/playing-cards-little-feminist.jpg\"><img loading=\"lazy\" decoding=\"async\" class=\"wp-image-13327 alignright\" src=\"https:\/\/serveiseducatius.xtec.cat\/altemporda\/wp-content\/uploads\/usu1156\/2021\/06\/playing-cards-little-feminist.jpg\" alt=\"\" width=\"232\" height=\"232\" srcset=\"https:\/\/serveiseducatius.xtec.cat\/altemporda\/wp-content\/uploads\/usu1156\/2021\/06\/playing-cards-little-feminist.jpg 800w, https:\/\/serveiseducatius.xtec.cat\/altemporda\/wp-content\/uploads\/usu1156\/2021\/06\/playing-cards-little-feminist-150x150.jpg 150w, https:\/\/serveiseducatius.xtec.cat\/altemporda\/wp-content\/uploads\/usu1156\/2021\/06\/playing-cards-little-feminist-300x300.jpg 300w, https:\/\/serveiseducatius.xtec.cat\/altemporda\/wp-content\/uploads\/usu1156\/2021\/06\/playing-cards-little-feminist-768x768.jpg 768w\" sizes=\"auto, (max-width: 232px) 100vw, 232px\" \/><\/a><br \/>\nNom\u00e9s amb l&#8217;ajuda de les bruixes podreu aturar el malefici, si sou capa\u00e7os\u00a0d&#8217;endinsar-vos en el perill\u00f3s bosc, jugar en equip i trobar els elements m\u00e0gics que es necessiten per desfer el conjur (el mirall de l&#8217;autoestima, l&#8217;escut de No \u00e9s No,\u00a0\u00a0la clau que obre el cadenat de l&#8217;amor esclau, una ll\u00e0grima de\u00a0trol\u00a0sensible &#8230;).<\/p>\n<p><strong>Little Feminist. Joc de cartes<\/strong><\/p>\n<p><span class=\"hiddenSpellError\">Joc <\/span>sobre <span style=\"color: #000000; font-family: Open Sans, Helvetica, Arial, sans-serif;\">sobre dones reals que han contribu\u00eft en la hist\u00f2ria del m\u00f3n: <\/span>Frida Kahlo, Ella Fitzgerald,\u00a0<span class=\"hiddenSpellError\">Cleopatra<\/span>,\u00a0<span class=\"hiddenSpellError\">Queen<\/span>\u00a0Elizabeth I,\u00a0<span class=\"hiddenSpellError\">Indira<\/span>\u00a0Gandhi, Hillary Clinton, Rosa Parks,\u00a0<span class=\"hiddenGrammarError\">Gloria<\/span>\u00a0<span class=\"hiddenSpellError\">Steinem<\/span>,\u00a0<span class=\"hiddenSpellError\">Sally<\/span>\u00a0<span class=\"hiddenSpellError\">Ride<\/span>,\u00a0<span class=\"hiddenSpellError\">Amelia<\/span>\u00a0<span class=\"hiddenSpellError\">Earhart,<\/span>\u00a0<span class=\"hiddenSpellError\">Billie<\/span>\u00a0<span class=\"hiddenSpellError\">Jean<\/span> King&#8230;<\/p>\n<p><strong><a href=\"https:\/\/espaibes.cat\/aparador\/\" target=\"_blank\" rel=\"noopener noreferrer\">\u200bCartes per a infants i joves<\/a><\/strong><\/p>\n<p><a href=\"https:\/\/serveiseducatius.xtec.cat\/altemporda\/wp-content\/uploads\/usu1156\/2021\/06\/cartes-infants-joves1.jpg\"><img loading=\"lazy\" decoding=\"async\" class=\"wp-image-13329 alignleft\" src=\"https:\/\/serveiseducatius.xtec.cat\/altemporda\/wp-content\/uploads\/usu1156\/2021\/06\/cartes-infants-joves1.jpg\" alt=\"\" width=\"267\" height=\"165\" srcset=\"https:\/\/serveiseducatius.xtec.cat\/altemporda\/wp-content\/uploads\/usu1156\/2021\/06\/cartes-infants-joves1.jpg 500w, https:\/\/serveiseducatius.xtec.cat\/altemporda\/wp-content\/uploads\/usu1156\/2021\/06\/cartes-infants-joves1-300x185.jpg 300w\" sizes=\"auto, (max-width: 267px) 100vw, 267px\" \/><\/a>S\u00f3n un material per fer-lo servir en espais de reflexi\u00f3, de debat i de treballs de recerca interior. El joc consta de 52 cartes agrupades en 5 categories: l\u2019epidermis, la roba, la casa, la comunitat i el planeta. Les cartes faciliten la reflexi\u00f3 i el di\u00e0leg al voltant de preguntes com: A qui et recorda la teva cara? T\u2019agrades quan et mires al mirall? De quin estil mai vestiries? Tothom pot entrar a casa teva? Quines situacions pots veure amb m\u00e9s dist\u00e0ncia? Dins d\u2019un grup trobareu respostes molt diverses que donen peu a interioritzar i a descobrir. En total hi ha 50 lemes i 300 reflexions.<\/p>\n<p>&nbsp;<\/p>\n<p>&nbsp;<\/p>\n<p><b>My family builders<\/b><\/p>\n<p><img loading=\"lazy\" decoding=\"async\" class=\"alignright\" src=\"https:\/\/www.artijoc.com\/8378-large_default\/my-family-builders-16-piezas.jpg\" alt=\"Comprar MY FAMILY BUILDERS 16 PIEZAS, recursos educaci\u00f3n emocional\" width=\"202\" height=\"226\" \/><\/p>\n<p id=\"tw-target-text\" class=\"tw-data-text tw-text-large tw-ta\" dir=\"ltr\" data-placeholder=\"Traducci\u00f3\"><span class=\"Y2IQFc\" lang=\"ca\">Un magn\u00edfic joc de construcci\u00f3 magn\u00e8tic en fusta per crear tot tipus de fam\u00edlies i abordar el concepte de la diversitat. Es poden barrejar i crear nombrosos <\/span><span style=\"font-family: inherit; font-size: 1em;\">personatges petits i inventar hist\u00f2ries.\u00a0 Diferents cofres disponibles: 48, 32 i 16 peces.<\/span><\/p>\n<p>&nbsp;<\/p>\n<p>&nbsp;<\/p>\n<p>&nbsp;<\/p>\n<p>Pel\u00b7l\u00edcules<\/p>\n<hr \/>\n<p><img loading=\"lazy\" decoding=\"async\" class=\"size-medium wp-image-13264 alignleft\" src=\"https:\/\/serveiseducatius.xtec.cat\/altemporda\/wp-content\/uploads\/usu1156\/2021\/05\/logo-pacto-estado-violencia-genero-ministerio-igualdad-300x59.png\" alt=\"\" width=\"300\" height=\"59\" srcset=\"https:\/\/serveiseducatius.xtec.cat\/altemporda\/wp-content\/uploads\/usu1156\/2021\/05\/logo-pacto-estado-violencia-genero-ministerio-igualdad-300x59.png 300w, https:\/\/serveiseducatius.xtec.cat\/altemporda\/wp-content\/uploads\/usu1156\/2021\/05\/logo-pacto-estado-violencia-genero-ministerio-igualdad.png 761w\" sizes=\"auto, (max-width: 300px) 100vw, 300px\" \/><\/p>\n","protected":false},"excerpt":{"rendered":"<p>Documents de refer\u00e8ncia Per consultar\/ per saber-ne m\u00e9s Jocs Little office Joc per a l\u2019equitat de g\u00e8nere Cinc jocs recomanats a partir de 4, 6, 7 i 9 anys per desmuntar estereotips de g\u00e8nere, obtenir una mirada equitativa de les professions i, visualitzar oficis representats per les persones independentment del seu sexe\/g\u00e8nere. Amb \u201cl\u2019Ofici Violeta\u201d [&hellip;]<\/p>\n","protected":false},"author":71,"featured_media":0,"parent":12068,"menu_order":3,"comment_status":"closed","ping_status":"closed","template":"","meta":{"_bbp_topic_count":0,"_bbp_reply_count":0,"_bbp_total_topic_count":0,"_bbp_total_reply_count":0,"_bbp_voice_count":0,"_bbp_anonymous_reply_count":0,"_bbp_topic_count_hidden":0,"_bbp_reply_count_hidden":0,"_bbp_forum_subforum_count":0,"site-sidebar-layout":"default","site-content-layout":"","ast-site-content-layout":"","site-content-style":"default","site-sidebar-style":"default","ast-global-header-display":"","ast-banner-title-visibility":"","ast-main-header-display":"","ast-hfb-above-header-display":"","ast-hfb-below-header-display":"","ast-hfb-mobile-header-display":"","site-post-title":"","ast-breadcrumbs-content":"","ast-featured-img":"","footer-sml-layout":"","theme-transparent-header-meta":"","adv-header-id-meta":"","stick-header-meta":"","header-above-stick-meta":"","header-main-stick-meta":"","header-below-stick-meta":"","astra-migrate-meta-layouts":"default","ast-page-background-enabled":"default","ast-page-background-meta":{"desktop":{"background-color":"var(--ast-global-color-4)","background-image":"","background-repeat":"repeat","background-position":"center center","background-size":"auto","background-attachment":"scroll","background-type":"","background-media":"","overlay-type":"","overlay-color":"","overlay-opacity":"","overlay-gradient":""},"tablet":{"background-color":"","background-image":"","background-repeat":"repeat","background-position":"center center","background-size":"auto","background-attachment":"scroll","background-type":"","background-media":"","overlay-type":"","overlay-color":"","overlay-opacity":"","overlay-gradient":""},"mobile":{"background-color":"","background-image":"","background-repeat":"repeat","background-position":"center center","background-size":"auto","background-attachment":"scroll","background-type":"","background-media":"","overlay-type":"","overlay-color":"","overlay-opacity":"","overlay-gradient":""}},"ast-content-background-meta":{"desktop":{"background-color":"var(--ast-global-color-5)","background-image":"","background-repeat":"repeat","background-position":"center center","background-size":"auto","background-attachment":"scroll","background-type":"","background-media":"","overlay-type":"","overlay-color":"","overlay-opacity":"","overlay-gradient":""},"tablet":{"background-color":"var(--ast-global-color-5)","background-image":"","background-repeat":"repeat","background-position":"center center","background-size":"auto","background-attachment":"scroll","background-type":"","background-media":"","overlay-type":"","overlay-color":"","overlay-opacity":"","overlay-gradient":""},"mobile":{"background-color":"var(--ast-global-color-5)","background-image":"","background-repeat":"repeat","background-position":"center center","background-size":"auto","background-attachment":"scroll","background-type":"","background-media":"","overlay-type":"","overlay-color":"","overlay-opacity":"","overlay-gradient":""}},"footnotes":""},"class_list":["post-12096","page","type-page","status-publish","hentry"],"post_mailing_queue_ids":[],"_links":{"self":[{"href":"https:\/\/serveiseducatius.xtec.cat\/altemporda\/wp-json\/wp\/v2\/pages\/12096","targetHints":{"allow":["GET"]}}],"collection":[{"href":"https:\/\/serveiseducatius.xtec.cat\/altemporda\/wp-json\/wp\/v2\/pages"}],"about":[{"href":"https:\/\/serveiseducatius.xtec.cat\/altemporda\/wp-json\/wp\/v2\/types\/page"}],"author":[{"embeddable":true,"href":"https:\/\/serveiseducatius.xtec.cat\/altemporda\/wp-json\/wp\/v2\/users\/71"}],"replies":[{"embeddable":true,"href":"https:\/\/serveiseducatius.xtec.cat\/altemporda\/wp-json\/wp\/v2\/comments?post=12096"}],"version-history":[{"count":3,"href":"https:\/\/serveiseducatius.xtec.cat\/altemporda\/wp-json\/wp\/v2\/pages\/12096\/revisions"}],"predecessor-version":[{"id":16131,"href":"https:\/\/serveiseducatius.xtec.cat\/altemporda\/wp-json\/wp\/v2\/pages\/12096\/revisions\/16131"}],"up":[{"embeddable":true,"href":"https:\/\/serveiseducatius.xtec.cat\/altemporda\/wp-json\/wp\/v2\/pages\/12068"}],"wp:attachment":[{"href":"https:\/\/serveiseducatius.xtec.cat\/altemporda\/wp-json\/wp\/v2\/media?parent=12096"}],"curies":[{"name":"wp","href":"https:\/\/api.w.org\/{rel}","templated":true}]}}