{"id":12091,"date":"2021-01-28T14:26:42","date_gmt":"2021-01-28T13:26:42","guid":{"rendered":"http:\/\/serveiseducatius.xtec.cat\/altemporda\/?page_id=12091"},"modified":"2024-10-17T11:32:17","modified_gmt":"2024-10-17T09:32:17","slug":"maleta-lila-cicle-mitja-cicle-superior","status":"publish","type":"page","link":"https:\/\/serveiseducatius.xtec.cat\/altemporda\/coeducacio\/que-trobareu-a-la-maleta\/maleta-lila-cicle-mitja-cicle-superior\/","title":{"rendered":"Maleta Lila Cicle mitj\u00e0-Cicle superior"},"content":{"rendered":"<p style=\"text-align: justify;\">A continuaci\u00f3\u00a0<span style=\"font-weight: 400;\">us presentem una breu ressenya i una proposta did\u00e0ctica de cada t\u00edtol. Passeu el cursor per cada coberta i trobareu la informaci\u00f3.<\/span><\/p>\n<p><!-- Construcci\u00f3 de contenidors en files i columnes (per emular una taula). Useu 33.33% Per tres contenidors d'imatge (25% per quatre, 50% per dues, etc.) --><br \/>\n<!-- Canviar els enlla\u00e7os a: a href=\"...\" i l'URL de la imatge a img src=\"...\" --><\/p>\n<div class=\"fila engrandeix img;\" style=\"align=center\">\n<div class=\"columna\" style=\"width: 25%;\"><a href=\"https:\/\/drive.google.com\/file\/d\/1IamW5VfCHqSpbBsLY17J9-sEHrVGynDk\/view?usp=sharing\" target=\"_blank\" rel=\"noopener noreferrer\"><br \/>\n<img decoding=\"async\" style=\"border: 1px solid #555;\" src=\"https:\/\/serveiseducatius.xtec.cat\/altemporda\/wp-content\/uploads\/usu1156\/2021\/02\/cua-de-sirena.jpg\" width=\"90%\" \/><\/a><\/div>\n<div class=\"columna\" style=\"width: 25%;\"><a href=\"https:\/\/drive.google.com\/file\/d\/1rQXB0K84KpWnhaBkG0rTVsktRZiQfOXR\/view?usp=sharing\" target=\"_blank\" rel=\"noopener noreferrer\"><br \/>\n<img decoding=\"async\" style=\"border: 1px solid #555;\" src=\"https:\/\/serveiseducatius.xtec.cat\/altemporda\/wp-content\/uploads\/usu1156\/2021\/02\/en-fam\u00edlia.jpg\" width=\"90%\" \/><\/a><\/div>\n<div class=\"columna\" style=\"width: 25%;\"><a href=\"https:\/\/drive.google.com\/file\/d\/1UR3qsz60qtWJUUl1as2FdUglFgaQKMNc\/view?usp=sharing\" target=\"_blank\" rel=\"noopener noreferrer\"><br \/>\n<img decoding=\"async\" style=\"border: 1px solid #555;\" src=\"https:\/\/serveiseducatius.xtec.cat\/altemporda\/wp-content\/uploads\/usu1156\/2021\/02\/el-llapis-m\u00e0gic.jpg\" width=\"90%\" \/><\/a><\/div>\n<div class=\"columna\" style=\"width: 25%;\"><a href=\"https:\/\/drive.google.com\/file\/d\/1JIwERYWgf3ugaJic0hVtEnQu2fIIAfh-\/view?usp=sharing\" target=\"_blank\" rel=\"noopener noreferrer\"><br \/>\n<img decoding=\"async\" style=\"border: 1px solid #555;\" src=\"https:\/\/serveiseducatius.xtec.cat\/altemporda\/wp-content\/uploads\/usu1156\/2021\/02\/no-magrada-el-futbol.jpg\" width=\"90%\" \/><\/a><\/div>\n<\/div>\n<div class=\"fila engrandeix img;\" style=\"align=center\">\n<div class=\"columna\" style=\"width: 25%;\"><a href=\"https:\/\/drive.google.com\/file\/d\/1XhN6zfKMObz5496hyrFrxTKEG3WuNA4k\/view?usp=sharing\" target=\"_blank\" rel=\"noopener noreferrer\"><br \/>\n<img decoding=\"async\" style=\"border: 1px solid #555;\" src=\"https:\/\/serveiseducatius.xtec.cat\/altemporda\/wp-content\/uploads\/usu1156\/2021\/02\/bonobos.jpg\" width=\"90%\" \/><\/a><\/div>\n<div class=\"columna\" style=\"width: 25%;\"><a href=\"https:\/\/drive.google.com\/file\/d\/1wZiw3QFAKrmjO7ieZ4m0246Lf2EIgTFw\/view?usp=sharing\" target=\"_blank\" rel=\"noopener noreferrer\"><br \/>\n<img decoding=\"async\" style=\"border: 1px solid #555;\" src=\"https:\/\/serveiseducatius.xtec.cat\/altemporda\/wp-content\/uploads\/usu1156\/2021\/02\/max-i-els-superherois.jpg\" width=\"90%\" \/><\/a><\/div>\n<div class=\"columna\" style=\"width: 25%;\"><a href=\"https:\/\/drive.google.com\/file\/d\/1ViTupMMgjXA9EjqS_4F8Fn_GcZecAnfh\/view?usp=sharing\" target=\"_blank\" rel=\"noopener noreferrer\"><br \/>\n<img decoding=\"async\" style=\"border: 1px solid #555;\" src=\"https:\/\/serveiseducatius.xtec.cat\/altemporda\/wp-content\/uploads\/usu1156\/2021\/02\/nenes-que-van-imaginar.jpg\" width=\"90%\" \/><\/a><\/div>\n<div class=\"columna\" style=\"width: 25%;\"><a href=\"https:\/\/drive.google.com\/file\/d\/1bOHsGUPUi9hmVtpZiDqwjvZgyTs6xuai\/view?usp=sharing\" target=\"_blank\" rel=\"noopener noreferrer\"><br \/>\n<img decoding=\"async\" style=\"border: 1px solid #555;\" src=\"https:\/\/serveiseducatius.xtec.cat\/altemporda\/wp-content\/uploads\/usu1156\/2021\/02\/hi-ha-res-mes-avorrit.jpg\" width=\"90%\" \/><\/a><\/div>\n<\/div>\n<div class=\"fila engrandeix img;\" style=\"align=center\">\n<div class=\"columna\" style=\"width: 25%;\"><a href=\"https:\/\/drive.google.com\/file\/d\/1iTq3SX5cifHi8ezhMIkdOAmYZm5yT6vU\/view?usp=sharing\" target=\"_blank\" rel=\"noopener noreferrer\"><br \/>\n<img decoding=\"async\" style=\"border: 1px solid #555;\" src=\"https:\/\/serveiseducatius.xtec.cat\/altemporda\/wp-content\/uploads\/usu1156\/2021\/02\/Els-homes-no-peguen.jpg\" width=\"90%\" \/><\/a><\/div>\n<div class=\"columna\" style=\"width: 25%;\"><a href=\"https:\/\/drive.google.com\/file\/d\/1CNPiui8lzCRehmj8xpsbeQQFjAu7cp_V\/view?usp=sharing\" target=\"_blank\" rel=\"noopener noreferrer\"><br \/>\n<img decoding=\"async\" style=\"border: 1px solid #555;\" src=\"https:\/\/serveiseducatius.xtec.cat\/altemporda\/wp-content\/uploads\/usu1156\/2021\/02\/les-noies-tamb\u00e9-poden.jpg\" width=\"90%\" \/><\/a><\/div>\n<div class=\"columna\" style=\"width: 25%;\"><a href=\"https:\/\/drive.google.com\/file\/d\/14xQA32SDcLx-KOBp2T5oQKtzFGDWSFgX\/view?usp=sharing\" target=\"_blank\" rel=\"noopener noreferrer\"><br \/>\n<img decoding=\"async\" style=\"border: 1px solid #555;\" src=\"https:\/\/serveiseducatius.xtec.cat\/altemporda\/wp-content\/uploads\/usu1156\/2021\/02\/pioneres.jpg\" width=\"90%\" \/><\/a><\/div>\n<div class=\"columna\" style=\"width: 25%;\"><a href=\"https:\/\/drive.google.com\/file\/d\/1lG5JtAR3mxZRRMj1GGTnp5H0HhU4UTsr\/view?usp=sharing\" target=\"_blank\" rel=\"noopener noreferrer\"><br \/>\n<img decoding=\"async\" style=\"border: 1px solid #555;\" src=\"https:\/\/serveiseducatius.xtec.cat\/altemporda\/wp-content\/uploads\/usu1156\/2021\/02\/un-mon-de-families.jpg\" width=\"90%\" \/><\/a><\/div>\n<\/div>\n<div class=\"fila engrandeix img;\" style=\"align=center\">\n<div class=\"columna\" style=\"width: 25%;\"><a href=\"https:\/\/drive.google.com\/file\/d\/1UbDjILGAqdERiNhij5jE0QabW8FSUaiS\/view?usp=sharing\" target=\"_blank\" rel=\"noopener noreferrer\"><br \/>\n<img decoding=\"async\" style=\"border: 1px solid #555;\" src=\"https:\/\/serveiseducatius.xtec.cat\/altemporda\/wp-content\/uploads\/usu1156\/2021\/02\/intr\u00e8pides.jpg\" width=\"90%\" \/><\/a><\/div>\n<div class=\"columna\" style=\"width: 25%;\"><a href=\"https:\/\/drive.google.com\/file\/d\/18X-LwB3EQMoI3z4CDVcjBc5cUZMxYEMs\/view?usp=sharing\" target=\"_blank\" rel=\"noopener noreferrer\"><br \/>\n<img decoding=\"async\" style=\"border: 1px solid #555;\" src=\"https:\/\/serveiseducatius.xtec.cat\/altemporda\/wp-content\/uploads\/usu1156\/2021\/02\/artur-i-clmentina.jpg\" width=\"90%\" \/><\/a><\/div>\n<div class=\"columna\" style=\"width: 25%;\"><a href=\"https:\/\/drive.google.com\/file\/d\/1DsbxCO5cQH9O64oU8SvM4dt-cUHF8xQa\/view?usp=sharing\" target=\"_blank\" rel=\"noopener noreferrer\"><br \/>\n<img decoding=\"async\" style=\"border: 1px solid #555;\" src=\"https:\/\/serveiseducatius.xtec.cat\/altemporda\/wp-content\/uploads\/usu1156\/2021\/02\/explicamho.jpg\" width=\"90%\" \/><\/a><\/div>\n<div class=\"columna\" style=\"width: 25%;\"><a href=\"https:\/\/drive.google.com\/file\/d\/13Yx2LSEGMU7KRk00LFIjxb3hRbmwuSNE\/view?usp=sharing\" target=\"_blank\" rel=\"noopener noreferrer\"><br \/>\n<img decoding=\"async\" style=\"border: 1px solid #555;\" src=\"https:\/\/serveiseducatius.xtec.cat\/altemporda\/wp-content\/uploads\/usu1156\/2021\/02\/un-lloc-per-la-rula.jpg\" width=\"90%\" \/><\/a><\/div>\n<\/div>\n<div class=\"fila engrandeix img;\" style=\"align=center\">\n<div class=\"columna\" style=\"width: 25%;\"><a href=\"https:\/\/drive.google.com\/file\/d\/1HLxjyHaiqBHaWIynnWEhUEjD7enI9Szz\/view?usp=sharing\" target=\"_blank\" rel=\"noopener noreferrer\"><br \/>\n<img decoding=\"async\" style=\"border: 1px solid #555;\" src=\"https:\/\/serveiseducatius.xtec.cat\/altemporda\/wp-content\/uploads\/usu1156\/2021\/02\/piratrans.jpg\" width=\"90%\" \/><\/a><\/div>\n<div class=\"columna\" style=\"width: 25%;\"><a href=\"https:\/\/drive.google.com\/file\/d\/1hGNeYE1E1XQ6LHweb903JievuXn4RqG6\/view?usp=sharing\" target=\"_blank\" rel=\"noopener noreferrer\"><br \/>\n<img decoding=\"async\" style=\"border: 1px solid #555;\" src=\"https:\/\/serveiseducatius.xtec.cat\/altemporda\/wp-content\/uploads\/usu1156\/2021\/02\/jo-vaig-amb-mi.jpg\" width=\"90%\" \/><\/a><\/div>\n<div class=\"columna\" style=\"width: 25%;\"><a href=\"https:\/\/drive.google.com\/file\/d\/1oymD3djU-3mpj_15qBSkwnOijcGnsTOj\/view?usp=sharing\" target=\"_blank\" rel=\"noopener noreferrer\"><br \/>\n<img decoding=\"async\" style=\"border: 1px solid #555;\" src=\"https:\/\/serveiseducatius.xtec.cat\/altemporda\/wp-content\/uploads\/usu1156\/2021\/02\/el-meu-fill-princesa.jpg\" width=\"90%\" \/><\/a><\/div>\n<div class=\"columna\" style=\"width: 25%;\"><a href=\"https:\/\/drive.google.com\/file\/d\/1XIqruuLwUxoTpF23oK50SA1r7jO3yERB\/view?usp=sharing\" target=\"_blank\" rel=\"noopener noreferrer\"><br \/>\n<img decoding=\"async\" style=\"border: 1px solid #555;\" src=\"https:\/\/serveiseducatius.xtec.cat\/altemporda\/wp-content\/uploads\/usu1156\/2021\/02\/jo-soc.jpg\" width=\"90%\" \/><\/a><\/div>\n<\/div>\n<div class=\"fila engrandeix img;\" style=\"align=center\">\n<div class=\"columna\" style=\"width: 25%;\"><a href=\"https:\/\/drive.google.com\/file\/d\/1Es4sntGJhrcl42-3s5mYSR0Y7-v8W1Wn\/view?usp=sharing\" target=\"_blank\" rel=\"noopener noreferrer\"><br \/>\n<img decoding=\"async\" style=\"border: 1px solid #555;\" src=\"https:\/\/serveiseducatius.xtec.cat\/altemporda\/wp-content\/uploads\/usu1156\/2021\/03\/el-futuro-es-femenino.png\" width=\"90%\" \/><\/a><\/div>\n<\/div>\n<hr\/>\n<p><img loading=\"lazy\" decoding=\"async\" class=\"size-medium wp-image-13264 alignleft\" src=\"https:\/\/serveiseducatius.xtec.cat\/altemporda\/wp-content\/uploads\/usu1156\/2021\/05\/logo-pacto-estado-violencia-genero-ministerio-igualdad-300x59.png\" alt=\"\" width=\"300\" height=\"59\" srcset=\"https:\/\/serveiseducatius.xtec.cat\/altemporda\/wp-content\/uploads\/usu1156\/2021\/05\/logo-pacto-estado-violencia-genero-ministerio-igualdad-300x59.png 300w, https:\/\/serveiseducatius.xtec.cat\/altemporda\/wp-content\/uploads\/usu1156\/2021\/05\/logo-pacto-estado-violencia-genero-ministerio-igualdad.png 761w\" sizes=\"auto, (max-width: 300px) 100vw, 300px\" \/><\/p>\n","protected":false},"excerpt":{"rendered":"<p>A continuaci\u00f3\u00a0us presentem una breu ressenya i una proposta did\u00e0ctica de cada t\u00edtol. Passeu el cursor per cada coberta i trobareu la informaci\u00f3.<\/p>\n","protected":false},"author":71,"featured_media":0,"parent":12084,"menu_order":3,"comment_status":"closed","ping_status":"closed","template":"","meta":{"_bbp_topic_count":0,"_bbp_reply_count":0,"_bbp_total_topic_count":0,"_bbp_total_reply_count":0,"_bbp_voice_count":0,"_bbp_anonymous_reply_count":0,"_bbp_topic_count_hidden":0,"_bbp_reply_count_hidden":0,"_bbp_forum_subforum_count":0,"site-sidebar-layout":"default","site-content-layout":"","ast-site-content-layout":"","site-content-style":"default","site-sidebar-style":"default","ast-global-header-display":"","ast-banner-title-visibility":"","ast-main-header-display":"","ast-hfb-above-header-display":"","ast-hfb-below-header-display":"","ast-hfb-mobile-header-display":"","site-post-title":"","ast-breadcrumbs-content":"","ast-featured-img":"","footer-sml-layout":"","theme-transparent-header-meta":"","adv-header-id-meta":"","stick-header-meta":"","header-above-stick-meta":"","header-main-stick-meta":"","header-below-stick-meta":"","astra-migrate-meta-layouts":"default","ast-page-background-enabled":"default","ast-page-background-meta":{"desktop":{"background-color":"var(--ast-global-color-4)","background-image":"","background-repeat":"repeat","background-position":"center center","background-size":"auto","background-attachment":"scroll","background-type":"","background-media":"","overlay-type":"","overlay-color":"","overlay-opacity":"","overlay-gradient":""},"tablet":{"background-color":"","background-image":"","background-repeat":"repeat","background-position":"center center","background-size":"auto","background-attachment":"scroll","background-type":"","background-media":"","overlay-type":"","overlay-color":"","overlay-opacity":"","overlay-gradient":""},"mobile":{"background-color":"","background-image":"","background-repeat":"repeat","background-position":"center center","background-size":"auto","background-attachment":"scroll","background-type":"","background-media":"","overlay-type":"","overlay-color":"","overlay-opacity":"","overlay-gradient":""}},"ast-content-background-meta":{"desktop":{"background-color":"var(--ast-global-color-5)","background-image":"","background-repeat":"repeat","background-position":"center center","background-size":"auto","background-attachment":"scroll","background-type":"","background-media":"","overlay-type":"","overlay-color":"","overlay-opacity":"","overlay-gradient":""},"tablet":{"background-color":"var(--ast-global-color-5)","background-image":"","background-repeat":"repeat","background-position":"center center","background-size":"auto","background-attachment":"scroll","background-type":"","background-media":"","overlay-type":"","overlay-color":"","overlay-opacity":"","overlay-gradient":""},"mobile":{"background-color":"var(--ast-global-color-5)","background-image":"","background-repeat":"repeat","background-position":"center center","background-size":"auto","background-attachment":"scroll","background-type":"","background-media":"","overlay-type":"","overlay-color":"","overlay-opacity":"","overlay-gradient":""}},"footnotes":""},"class_list":["post-12091","page","type-page","status-publish","hentry"],"post_mailing_queue_ids":[],"_links":{"self":[{"href":"https:\/\/serveiseducatius.xtec.cat\/altemporda\/wp-json\/wp\/v2\/pages\/12091","targetHints":{"allow":["GET"]}}],"collection":[{"href":"https:\/\/serveiseducatius.xtec.cat\/altemporda\/wp-json\/wp\/v2\/pages"}],"about":[{"href":"https:\/\/serveiseducatius.xtec.cat\/altemporda\/wp-json\/wp\/v2\/types\/page"}],"author":[{"embeddable":true,"href":"https:\/\/serveiseducatius.xtec.cat\/altemporda\/wp-json\/wp\/v2\/users\/71"}],"replies":[{"embeddable":true,"href":"https:\/\/serveiseducatius.xtec.cat\/altemporda\/wp-json\/wp\/v2\/comments?post=12091"}],"version-history":[{"count":3,"href":"https:\/\/serveiseducatius.xtec.cat\/altemporda\/wp-json\/wp\/v2\/pages\/12091\/revisions"}],"predecessor-version":[{"id":13572,"href":"https:\/\/serveiseducatius.xtec.cat\/altemporda\/wp-json\/wp\/v2\/pages\/12091\/revisions\/13572"}],"up":[{"embeddable":true,"href":"https:\/\/serveiseducatius.xtec.cat\/altemporda\/wp-json\/wp\/v2\/pages\/12084"}],"wp:attachment":[{"href":"https:\/\/serveiseducatius.xtec.cat\/altemporda\/wp-json\/wp\/v2\/media?parent=12091"}],"curies":[{"name":"wp","href":"https:\/\/api.w.org\/{rel}","templated":true}]}}