{"id":12089,"date":"2021-01-28T14:26:17","date_gmt":"2021-01-28T13:26:17","guid":{"rendered":"http:\/\/serveiseducatius.xtec.cat\/altemporda\/?page_id=12089"},"modified":"2024-10-17T11:31:43","modified_gmt":"2024-10-17T09:31:43","slug":"maleta-lila-educacio-infantil-cicle-inicial","status":"publish","type":"page","link":"https:\/\/serveiseducatius.xtec.cat\/altemporda\/coeducacio\/que-trobareu-a-la-maleta\/maleta-lila-educacio-infantil-cicle-inicial\/","title":{"rendered":"Maleta Lila Educaci\u00f3 infantil-Cicle inicial"},"content":{"rendered":"<p style=\"text-align: justify;\">A continuaci\u00f3\u00a0<span style=\"font-weight: 400;\">us presentem una breu ressenya i una proposta did\u00e0ctica de cada t\u00edtol. Passeu el cursor per cada coberta i trobareu la informaci\u00f3.<\/span><\/p>\n<p><!-- Construcci\u00f3 de contenidors en files i columnes (per emular una taula). Useu 33.33% Per tres contenidors d'imatge (25% per quatre, 50% per dues, etc.) --><br \/>\n<!-- Canviar els enlla\u00e7os a: <a href=\"...\"> i l'URL de la imatge a <img decoding=\"async\" src=\"...\"> --><\/p>\n<div class=\"fila engrandeix img;\" style=\"align=center\">\n<div class=\"columna\" style=\"width: 25%\"><a href=\"https:\/\/drive.google.com\/file\/d\/1m8AFizoQaUo156l7aidTRePY1kHBe907\/view?usp=sharing\" target=\"_blank\" rel=\"noopener noreferrer\"><br \/>\n<img decoding=\"async\" style=\"border: 1px solid #555;\" src=\"https:\/\/serveiseducatius.xtec.cat\/altemporda\/wp-content\/uploads\/usu1156\/2021\/02\/Dos-pares.png\" width=\"90%\" \/><\/a><\/div>\n<div class=\"columna\" style=\"width: 25%\"><a href=\"https:\/\/drive.google.com\/file\/d\/1eDk1tBpqiwcGPBm_PjVpT46UzrV0ukEk\/view?usp=sharing\" target=\"_blank\" rel=\"noopener noreferrer\"><br \/>\n<img decoding=\"async\" style=\"border: 1px solid #555;\" src=\"https:\/\/serveiseducatius.xtec.cat\/altemporda\/wp-content\/uploads\/usu1156\/2021\/02\/rosa-caramel.png\" width=\"90%\" \/><\/a><\/div>\n<div class=\"columna\" style=\"width: 25%\"><a href=\"https:\/\/drive.google.com\/file\/d\/1iUzJ7ZGQhbR877jiXH0cODQ83_BNumfE\/view?usp=sharing\" target=\"_blank\" rel=\"noopener noreferrer\"><br \/>\n<img decoding=\"async\" style=\"border: 1px solid #555;\" src=\"https:\/\/serveiseducatius.xtec.cat\/altemporda\/wp-content\/uploads\/usu1156\/2021\/02\/Kevin.png\" width=\"90%\" \/><\/a><\/div>\n<div class=\"columna\" style=\"width: 25%\"><a href=\"https:\/\/drive.google.com\/file\/d\/1cUK8XMTj6WglR0Ex0soi_2lskcCO6rFv\/view?usp=sharing\" target=\"_blank\" rel=\"noopener noreferrer\"><br \/>\n<img decoding=\"async\" style=\"border: 1px solid #555;\" src=\"https:\/\/serveiseducatius.xtec.cat\/altemporda\/wp-content\/uploads\/usu1156\/2021\/02\/nines-nenes.png\" width=\"90%\" \/><\/a><\/div>\n<\/div>\n<div class=\"fila engrandeix img;\" style=\"align=center\">\n<div class=\"columna\" style=\"width: 25%\"><a href=\"https:\/\/drive.google.com\/file\/d\/16E5UnO22-BIbcsTgvGe-XavyWMac6DMN\/view?usp=sharing\" target=\"_blank\" rel=\"noopener noreferrer\"><br \/>\n<img decoding=\"async\" style=\"border: 1px solid #555;\" src=\"https:\/\/serveiseducatius.xtec.cat\/altemporda\/wp-content\/uploads\/usu1156\/2021\/02\/joana.png\" width=\"90%\" \/><\/a><\/div>\n<div class=\"columna\" style=\"width: 25%\"><a href=\"https:\/\/drive.google.com\/file\/d\/1KpryGBBdSvY9ffNtqECJH6gzT2zaBZFH\/view?usp=sharing\" target=\"_blank\" rel=\"noopener noreferrer\"><br \/>\n<img decoding=\"async\" style=\"border: 1px solid #555;\" src=\"https:\/\/serveiseducatius.xtec.cat\/altemporda\/wp-content\/uploads\/usu1156\/2021\/02\/capaces.png\" width=\"90%\" \/><\/a><\/div>\n<div class=\"columna\" style=\"width: 25%\"><a href=\"https:\/\/drive.google.com\/file\/d\/1h9PVC4A2krI7AlC2WtLrhjCEdBGjTm29\/view?usp=sharing\" target=\"_blank\" rel=\"noopener noreferrer\"><br \/>\n<img decoding=\"async\" style=\"border: 1px solid #555;\" src=\"https:\/\/serveiseducatius.xtec.cat\/altemporda\/wp-content\/uploads\/usu1156\/2021\/02\/el-ni\u00f1o-la-ni\u00f1a.png\" width=\"90%\" \/><\/a><\/div>\n<div class=\"columna\" style=\"width: 25%\"><a href=\"https:\/\/drive.google.com\/file\/d\/1heCoERwQY8hmf_tzX4hAyK-aMgl3BeH2\/view?usp=sharing\" target=\"_blank\" rel=\"noopener noreferrer\"><br \/>\n<img decoding=\"async\" style=\"border: 1px solid #555;\" src=\"https:\/\/serveiseducatius.xtec.cat\/altemporda\/wp-content\/uploads\/usu1156\/2021\/02\/la-gallina.png\" width=\"90%\" \/><\/a><\/div>\n<\/div>\n<div class=\"fila engrandeix img;\" style=\"align=center\">\n<div class=\"columna\" style=\"width: 25%\"><a href=\"https:\/\/drive.google.com\/file\/d\/1Uzc3X3yXNvVIrjUFmquaIMciWp5csa6M\/view?usp=sharing\" target=\"_blank\" rel=\"noopener noreferrer\"><br \/>\n<img decoding=\"async\" style=\"border: 1px solid #555;\" src=\"https:\/\/serveiseducatius.xtec.cat\/altemporda\/wp-content\/uploads\/usu1156\/2021\/02\/princeses-pets.png\" width=\"90%\" \/><\/a><\/div>\n<div class=\"columna\" style=\"width: 25%\"><a href=\"https:\/\/drive.google.com\/file\/d\/101mqjpx29llVLSHaJMEFGrN8_CtgRTJu\/view?usp=sharing\" target=\"_blank\" rel=\"noopener noreferrer\"><br \/>\n<img decoding=\"async\" style=\"border: 1px solid #555;\" src=\"https:\/\/serveiseducatius.xtec.cat\/altemporda\/wp-content\/uploads\/usu1156\/2021\/02\/mare-robot-1.png\" width=\"90%\" \/><\/a><\/div>\n<div class=\"columna\" style=\"width: 25%\"><a href=\"https:\/\/drive.google.com\/file\/d\/1RZkiORF2w8hY8GFhmf2_uB3yrSAGqjZ9\/view?usp=sharing\" target=\"_blank\" rel=\"noopener noreferrer\"><br \/>\n<img decoding=\"async\" style=\"border: 1px solid #555;\" src=\"https:\/\/serveiseducatius.xtec.cat\/altemporda\/wp-content\/uploads\/usu1156\/2021\/02\/en-quim-i-barbies.png\" width=\"90%\" \/><\/a><\/div>\n<div class=\"columna\" style=\"width: 25%\"><a href=\"https:\/\/drive.google.com\/file\/d\/1Fqbcd_eVvSeExmU6nQRrRI1ExbHGTz6T\/view?usp=sharing\" target=\"_blank\" rel=\"noopener noreferrer\"><br \/>\n<img decoding=\"async\" style=\"border: 1px solid #555;\" src=\"https:\/\/serveiseducatius.xtec.cat\/altemporda\/wp-content\/uploads\/usu1156\/2021\/02\/ni-jo-granota.png\" width=\"90%\" \/><\/a><\/div>\n<\/div>\n<div class=\"fila engrandeix img;\" style=\"align=center\">\n<div class=\"columna\" style=\"width: 25%\"><a href=\"https:\/\/drive.google.com\/file\/d\/1YXXXu9g_tvq5tTkhrsau0MICTEmyZpjx\/view?usp=sharing\" target=\"_blank\" rel=\"noopener noreferrer\"><br \/>\n<img decoding=\"async\" style=\"border: 1px solid #555;\" src=\"https:\/\/serveiseducatius.xtec.cat\/altemporda\/wp-content\/uploads\/usu1156\/2021\/02\/meva-familia-especial.png\" width=\"90%\" \/><\/a><\/div>\n<div class=\"columna\" style=\"width: 25%\"><a href=\"https:\/\/drive.google.com\/file\/d\/1csKEU5tfBuIzT0ULjOQo4JIK3qO_2Zp_\/view?usp=sharing\" target=\"_blank\" rel=\"noopener noreferrer\"><br \/>\n<img decoding=\"async\" style=\"border: 1px solid #555;\" src=\"https:\/\/serveiseducatius.xtec.cat\/altemporda\/wp-content\/uploads\/usu1156\/2021\/02\/vivan-u\u00f1as.png\" width=\"90%\" \/><\/a><\/div>\n<div class=\"columna\" style=\"width: 25%\"><a href=\"https:\/\/drive.google.com\/file\/d\/1Dqp_Ul2GJxr_ChWVtU4vIMaA2eyPcdso\/view?usp=sharing\" target=\"_blank\" rel=\"noopener noreferrer\"><br \/>\n<img decoding=\"async\" style=\"border: 1px solid #555;\" src=\"https:\/\/serveiseducatius.xtec.cat\/altemporda\/wp-content\/uploads\/usu1156\/2021\/02\/daniela.png\" width=\"90%\" \/><\/a><\/div>\n<div class=\"columna\" style=\"width: 25%\"><a href=\"https:\/\/drive.google.com\/file\/d\/1x2xkjHgsNyghmQPg-muAS3oitwXCPmfQ\/view?usp=sharing\" target=\"_blank\" rel=\"noopener noreferrer\"><br \/>\n<img decoding=\"async\" style=\"border: 1px solid #555;\" src=\"https:\/\/serveiseducatius.xtec.cat\/altemporda\/wp-content\/uploads\/usu1156\/2021\/02\/la-diversitat-es-divertida.png\" width=\"90%\" \/><\/a><\/div>\n<\/div>\n<hr \/>\n<p><img loading=\"lazy\" decoding=\"async\" class=\"size-medium wp-image-13264 alignleft\" src=\"https:\/\/serveiseducatius.xtec.cat\/altemporda\/wp-content\/uploads\/usu1156\/2021\/05\/logo-pacto-estado-violencia-genero-ministerio-igualdad-300x59.png\" alt=\"\" width=\"300\" height=\"59\" srcset=\"https:\/\/serveiseducatius.xtec.cat\/altemporda\/wp-content\/uploads\/usu1156\/2021\/05\/logo-pacto-estado-violencia-genero-ministerio-igualdad-300x59.png 300w, https:\/\/serveiseducatius.xtec.cat\/altemporda\/wp-content\/uploads\/usu1156\/2021\/05\/logo-pacto-estado-violencia-genero-ministerio-igualdad.png 761w\" sizes=\"auto, (max-width: 300px) 100vw, 300px\" \/><\/p>\n","protected":false},"excerpt":{"rendered":"<p>A continuaci\u00f3\u00a0us presentem una breu ressenya i una proposta did\u00e0ctica de cada t\u00edtol. Passeu el cursor per cada coberta i trobareu la informaci\u00f3.<\/p>\n","protected":false},"author":71,"featured_media":0,"parent":12084,"menu_order":2,"comment_status":"closed","ping_status":"closed","template":"","meta":{"_bbp_topic_count":0,"_bbp_reply_count":0,"_bbp_total_topic_count":0,"_bbp_total_reply_count":0,"_bbp_voice_count":0,"_bbp_anonymous_reply_count":0,"_bbp_topic_count_hidden":0,"_bbp_reply_count_hidden":0,"_bbp_forum_subforum_count":0,"site-sidebar-layout":"default","site-content-layout":"","ast-site-content-layout":"","site-content-style":"default","site-sidebar-style":"default","ast-global-header-display":"","ast-banner-title-visibility":"","ast-main-header-display":"","ast-hfb-above-header-display":"","ast-hfb-below-header-display":"","ast-hfb-mobile-header-display":"","site-post-title":"","ast-breadcrumbs-content":"","ast-featured-img":"","footer-sml-layout":"","theme-transparent-header-meta":"","adv-header-id-meta":"","stick-header-meta":"","header-above-stick-meta":"","header-main-stick-meta":"","header-below-stick-meta":"","astra-migrate-meta-layouts":"default","ast-page-background-enabled":"default","ast-page-background-meta":{"desktop":{"background-color":"var(--ast-global-color-4)","background-image":"","background-repeat":"repeat","background-position":"center center","background-size":"auto","background-attachment":"scroll","background-type":"","background-media":"","overlay-type":"","overlay-color":"","overlay-opacity":"","overlay-gradient":""},"tablet":{"background-color":"","background-image":"","background-repeat":"repeat","background-position":"center center","background-size":"auto","background-attachment":"scroll","background-type":"","background-media":"","overlay-type":"","overlay-color":"","overlay-opacity":"","overlay-gradient":""},"mobile":{"background-color":"","background-image":"","background-repeat":"repeat","background-position":"center center","background-size":"auto","background-attachment":"scroll","background-type":"","background-media":"","overlay-type":"","overlay-color":"","overlay-opacity":"","overlay-gradient":""}},"ast-content-background-meta":{"desktop":{"background-color":"var(--ast-global-color-5)","background-image":"","background-repeat":"repeat","background-position":"center center","background-size":"auto","background-attachment":"scroll","background-type":"","background-media":"","overlay-type":"","overlay-color":"","overlay-opacity":"","overlay-gradient":""},"tablet":{"background-color":"var(--ast-global-color-5)","background-image":"","background-repeat":"repeat","background-position":"center center","background-size":"auto","background-attachment":"scroll","background-type":"","background-media":"","overlay-type":"","overlay-color":"","overlay-opacity":"","overlay-gradient":""},"mobile":{"background-color":"var(--ast-global-color-5)","background-image":"","background-repeat":"repeat","background-position":"center center","background-size":"auto","background-attachment":"scroll","background-type":"","background-media":"","overlay-type":"","overlay-color":"","overlay-opacity":"","overlay-gradient":""}},"footnotes":""},"class_list":["post-12089","page","type-page","status-publish","hentry"],"post_mailing_queue_ids":[],"_links":{"self":[{"href":"https:\/\/serveiseducatius.xtec.cat\/altemporda\/wp-json\/wp\/v2\/pages\/12089","targetHints":{"allow":["GET"]}}],"collection":[{"href":"https:\/\/serveiseducatius.xtec.cat\/altemporda\/wp-json\/wp\/v2\/pages"}],"about":[{"href":"https:\/\/serveiseducatius.xtec.cat\/altemporda\/wp-json\/wp\/v2\/types\/page"}],"author":[{"embeddable":true,"href":"https:\/\/serveiseducatius.xtec.cat\/altemporda\/wp-json\/wp\/v2\/users\/71"}],"replies":[{"embeddable":true,"href":"https:\/\/serveiseducatius.xtec.cat\/altemporda\/wp-json\/wp\/v2\/comments?post=12089"}],"version-history":[{"count":4,"href":"https:\/\/serveiseducatius.xtec.cat\/altemporda\/wp-json\/wp\/v2\/pages\/12089\/revisions"}],"predecessor-version":[{"id":13571,"href":"https:\/\/serveiseducatius.xtec.cat\/altemporda\/wp-json\/wp\/v2\/pages\/12089\/revisions\/13571"}],"up":[{"embeddable":true,"href":"https:\/\/serveiseducatius.xtec.cat\/altemporda\/wp-json\/wp\/v2\/pages\/12084"}],"wp:attachment":[{"href":"https:\/\/serveiseducatius.xtec.cat\/altemporda\/wp-json\/wp\/v2\/media?parent=12089"}],"curies":[{"name":"wp","href":"https:\/\/api.w.org\/{rel}","templated":true}]}}