{"id":12084,"date":"2021-01-28T14:23:18","date_gmt":"2021-01-28T13:23:18","guid":{"rendered":"http:\/\/serveiseducatius.xtec.cat\/altemporda\/?page_id=12084"},"modified":"2025-02-19T12:40:33","modified_gmt":"2025-02-19T11:40:33","slug":"que-trobareu-a-la-maleta","status":"publish","type":"page","link":"https:\/\/serveiseducatius.xtec.cat\/altemporda\/coeducacio\/que-trobareu-a-la-maleta\/","title":{"rendered":"Qu\u00e8 trobareu a la maleta?"},"content":{"rendered":"<p style=\"text-align: justify;\"><span style=\"font-weight: 400;\"><a href=\"https:\/\/serveiseducatius.xtec.cat\/altemporda\/wp-content\/uploads\/usu1156\/2021\/05\/Foto-maleta-lila-nova.jpeg\"><img loading=\"lazy\" decoding=\"async\" class=\"wp-image-13204 alignleft\" src=\"https:\/\/serveiseducatius.xtec.cat\/altemporda\/wp-content\/uploads\/usu1156\/2021\/05\/Foto-maleta-lila-nova-1024x470.jpeg\" alt=\"\" width=\"484\" height=\"222\" srcset=\"https:\/\/serveiseducatius.xtec.cat\/altemporda\/wp-content\/uploads\/usu1156\/2021\/05\/Foto-maleta-lila-nova-1024x470.jpeg 1024w, https:\/\/serveiseducatius.xtec.cat\/altemporda\/wp-content\/uploads\/usu1156\/2021\/05\/Foto-maleta-lila-nova-300x138.jpeg 300w, https:\/\/serveiseducatius.xtec.cat\/altemporda\/wp-content\/uploads\/usu1156\/2021\/05\/Foto-maleta-lila-nova-768x353.jpeg 768w\" sizes=\"auto, (max-width: 484px) 100vw, 484px\" \/><\/a>Els contes s\u2019han classificat en dos blocs d\u2019acord amb els cicles: educaci\u00f3 infantil-cicle inicial i cicle mitj\u00e0-cicle superior. Aquesta classificaci\u00f3 \u00e9s orientativa, ja que l\u2019edat recomanada dependr\u00e0 tamb\u00e9 de l\u2019acompanyament que es faci de la lectura, de la modalitat de lectura i del grau d\u2019aprofundiment del contingut que transmet. Cal tenir en compte que els perfils lectors del nostre alumnat s\u00f3n diversos, els t\u00edtols proposats a les maletes tamb\u00e9 s\u00f3n variats i cada docent haur\u00e0 de pensar quins estan m\u00e9s a prop dels seus interessos i capacitats.<\/span><\/p>\n<p style=\"text-align: justify;\"><span style=\"font-weight: 400;\">Tamb\u00e9 veureu a la classificaci\u00f3 que algun t\u00edtol pot ser adequat per a tres cicles, normalment EI, CI i CM, perqu\u00e8 es considera que \u00e9s un conte que es pot treballar entre els 5 i 8 anys. Altres t\u00edtols poden tenir un format infantil, per\u00f2 s\u2019ha considerat apte per a un cicle mitj\u00e0 o superior per la tem\u00e0tica tractada. Com us coment\u00e0vem anteriorment, es fa dif\u00edcil una classificaci\u00f3 rigorosa per edats.<\/span><\/p>\n<div class=\"fila;\" style=\"display: flex; align-items: center; justify-content: center;\">\n<div class=\"columna\" style=\"width: 25%; text-align: center; line-height: 225%;\"><a class=\"boto_taula\" style=\"color: #000000;\" href=\"https:\/\/serveiseducatius.xtec.cat\/altemporda\/coeducacio\/que-trobareu-a-la-maleta\/recull-dels-titols\/\" target=\"_blank\" rel=\"noopener noreferrer\"><span style=\"font-size: 1.1em;\"><strong>Recull<br \/>\ndels t\u00edtols<br \/>\n<\/strong><\/span><\/a><\/div>\n<div class=\"columna\" style=\"width: 25%; text-align: center; line-height: 150%;\"><a class=\"boto_taula\" style=\"color: #000000;\" href=\"https:\/\/serveiseducatius.xtec.cat\/altemporda\/coeducacio\/que-trobareu-a-la-maleta\/maleta-lila-educacio-infantil-cicle-inicial\/\" target=\"_blank\" rel=\"noopener noreferrer\"><span style=\"font-size: 1.1em;\"><strong>Maleta Lila Educaci\u00f3 infantil-Cicle inicial<\/strong><\/span><\/a><\/div>\n<div class=\"columna\" style=\"width: 25%; text-align: center; line-height: 150%;\"><a class=\"boto_taula\" style=\"color: #000000;\" href=\"https:\/\/serveiseducatius.xtec.cat\/altemporda\/coeducacio\/que-trobareu-a-la-maleta\/maleta-lila-cicle-mitja-cicle-superior\/\" target=\"_blank\" rel=\"noopener noreferrer\"><span style=\"font-size: 1.1em;\"><strong>Maleta Lila<br \/>\nCicle mitj\u00e0-Cicle superior<\/strong><\/span><\/a><\/div>\n<div class=\"columna\" style=\"width: 25%; text-align: center; line-height: 225%;\"><a class=\"boto_taula\" style=\"color: #000000;\" href=\"https:\/\/serveiseducatius.xtec.cat\/altemporda\/coeducacio\/que-trobareu-a-la-maleta\/per-dinamitzar-la-lectura\/\" target=\"_blank\" rel=\"noopener noreferrer\"><span style=\"font-size: 1.1em;\"><strong>Per dinamitzar la lectura<\/strong><\/span><\/a><\/div>\n<div class=\"columna\" style=\"width: 25%; text-align: center; line-height: 150%;\"><a class=\"boto_taula\" style=\"color: #000000;\" href=\"https:\/\/serveiseducatius.xtec.cat\/altemporda\/coeducacio\/que-trobareu-a-la-maleta\/dinamiques-de-presentacio-de-llibres\/\" target=\"_blank\" rel=\"noopener noreferrer\"><span style=\"font-size: 1.1em;\"><strong>Din\u00e0miques de presentaci\u00f3 de llibres<\/strong><\/span><\/a><\/div>\n<\/div>\n<p>&nbsp;<\/p>\n<p style=\"text-align: justify;\"><span style=\"font-weight: 400;\"><a href=\"https:\/\/serveiseducatius.xtec.cat\/altemporda\/wp-content\/uploads\/usu1156\/2021\/03\/llibres-EI_CI.jpg\"><img loading=\"lazy\" decoding=\"async\" class=\"alignnone wp-image-12627\" src=\"https:\/\/serveiseducatius.xtec.cat\/altemporda\/wp-content\/uploads\/usu1156\/2021\/03\/llibres-EI_CI-1024x587.jpg\" alt=\"\" width=\"477\" height=\"274\" srcset=\"https:\/\/serveiseducatius.xtec.cat\/altemporda\/wp-content\/uploads\/usu1156\/2021\/03\/llibres-EI_CI.jpg 1024w, https:\/\/serveiseducatius.xtec.cat\/altemporda\/wp-content\/uploads\/usu1156\/2021\/03\/llibres-EI_CI-300x172.jpg 300w, https:\/\/serveiseducatius.xtec.cat\/altemporda\/wp-content\/uploads\/usu1156\/2021\/03\/llibres-EI_CI-768x440.jpg 768w\" sizes=\"auto, (max-width: 477px) 100vw, 477px\" \/> <\/a><a href=\"https:\/\/serveiseducatius.xtec.cat\/altemporda\/wp-content\/uploads\/usu1156\/2021\/03\/Llibres-CM_CS.jpg\"><img loading=\"lazy\" decoding=\"async\" class=\"alignnone wp-image-12628\" src=\"https:\/\/serveiseducatius.xtec.cat\/altemporda\/wp-content\/uploads\/usu1156\/2021\/03\/Llibres-CM_CS-1024x576.jpg\" alt=\"\" width=\"482\" height=\"271\" srcset=\"https:\/\/serveiseducatius.xtec.cat\/altemporda\/wp-content\/uploads\/usu1156\/2021\/03\/Llibres-CM_CS.jpg 1024w, https:\/\/serveiseducatius.xtec.cat\/altemporda\/wp-content\/uploads\/usu1156\/2021\/03\/Llibres-CM_CS-300x169.jpg 300w, https:\/\/serveiseducatius.xtec.cat\/altemporda\/wp-content\/uploads\/usu1156\/2021\/03\/Llibres-CM_CS-768x432.jpg 768w\" sizes=\"auto, (max-width: 482px) 100vw, 482px\" \/><\/a><\/span><\/p>\n<p style=\"text-align: justify;\"><span style=\"font-weight: 400;\">Els continguts dels contes estan classificats en 5 \u00e0mbits d\u2019acord amb els eixos de treball de la coeducaci\u00f3:<\/span><\/p>\n<div class=\"h5p-iframe-wrapper\"><iframe id=\"h5p-iframe-2\" class=\"h5p-iframe\" data-content-id=\"2\" style=\"height:1px\" src=\"about:blank\" frameBorder=\"0\" scrolling=\"no\" title=\"Qu\u00e8 trobareu a la maleta lila?\"><\/iframe><\/div>\n<p>&nbsp;<\/p>\n<hr \/>\n<p><img loading=\"lazy\" decoding=\"async\" class=\"size-full wp-image-12685 alignleft\" src=\"https:\/\/serveiseducatius.xtec.cat\/altemporda\/wp-content\/uploads\/usu1156\/2021\/03\/Ni-princeses-ni-pirates.jpg\" alt=\"\" width=\"181\" height=\"278\" \/><\/p>\n<p style=\"text-align: justify;\"><span style=\"font-weight: 400;\">Tots els contes i llibres tenen en com\u00fa la defensa i el respecte a les diferents maneres de ser, a la llibertat personal, a la diversitat en totes les seves variants, i especialment, volen trencar els estereotips de g\u00e8nere, el binarisme i potenciar noves masculinitats i feminitats.<\/span><\/p>\n<p style=\"text-align: justify;\"><span style=\"font-weight: 400;\">Tamb\u00e9 trobareu a la maleta un <\/span><span style=\"font-weight: 400;\">exemplar del llibre <\/span><b><i>\u201cNi princeses ni pirates\u201d<\/i><\/b><span style=\"font-weight: 400;\">, adre\u00e7at als docents. \u00c9s una lectura molt recomanable per a les fam\u00edlies i en general per a tothom, ja que no nom\u00e9s ajuda a descobrir com educar unes nenes i uns nens sense les traves del passat, sin\u00f3 tamb\u00e9 a comprendre molts dels nostres propis comportaments com a dones i homes que som.<\/span><\/p>\n<hr \/>\n<p><img loading=\"lazy\" decoding=\"async\" class=\"size-medium wp-image-13264 alignleft\" src=\"https:\/\/serveiseducatius.xtec.cat\/altemporda\/wp-content\/uploads\/usu1156\/2021\/05\/logo-pacto-estado-violencia-genero-ministerio-igualdad-300x59.png\" alt=\"\" width=\"300\" height=\"59\" srcset=\"https:\/\/serveiseducatius.xtec.cat\/altemporda\/wp-content\/uploads\/usu1156\/2021\/05\/logo-pacto-estado-violencia-genero-ministerio-igualdad-300x59.png 300w, https:\/\/serveiseducatius.xtec.cat\/altemporda\/wp-content\/uploads\/usu1156\/2021\/05\/logo-pacto-estado-violencia-genero-ministerio-igualdad.png 761w\" sizes=\"auto, (max-width: 300px) 100vw, 300px\" \/><\/p>\n","protected":false},"excerpt":{"rendered":"<p>Els contes s\u2019han classificat en dos blocs d\u2019acord amb els cicles: educaci\u00f3 infantil-cicle inicial i cicle mitj\u00e0-cicle superior. Aquesta classificaci\u00f3 \u00e9s orientativa, ja que l\u2019edat recomanada dependr\u00e0 tamb\u00e9 de l\u2019acompanyament que es faci de la lectura, de la modalitat de lectura i del grau d\u2019aprofundiment del contingut que transmet. Cal tenir en compte que els [&hellip;]<\/p>\n","protected":false},"author":71,"featured_media":0,"parent":12068,"menu_order":2,"comment_status":"closed","ping_status":"closed","template":"","meta":{"_bbp_topic_count":0,"_bbp_reply_count":0,"_bbp_total_topic_count":0,"_bbp_total_reply_count":0,"_bbp_voice_count":0,"_bbp_anonymous_reply_count":0,"_bbp_topic_count_hidden":0,"_bbp_reply_count_hidden":0,"_bbp_forum_subforum_count":0,"site-sidebar-layout":"default","site-content-layout":"","ast-site-content-layout":"","site-content-style":"default","site-sidebar-style":"default","ast-global-header-display":"","ast-banner-title-visibility":"","ast-main-header-display":"","ast-hfb-above-header-display":"","ast-hfb-below-header-display":"","ast-hfb-mobile-header-display":"","site-post-title":"","ast-breadcrumbs-content":"","ast-featured-img":"","footer-sml-layout":"","theme-transparent-header-meta":"","adv-header-id-meta":"","stick-header-meta":"","header-above-stick-meta":"","header-main-stick-meta":"","header-below-stick-meta":"","astra-migrate-meta-layouts":"default","ast-page-background-enabled":"default","ast-page-background-meta":{"desktop":{"background-color":"var(--ast-global-color-4)","background-image":"","background-repeat":"repeat","background-position":"center center","background-size":"auto","background-attachment":"scroll","background-type":"","background-media":"","overlay-type":"","overlay-color":"","overlay-opacity":"","overlay-gradient":""},"tablet":{"background-color":"","background-image":"","background-repeat":"repeat","background-position":"center center","background-size":"auto","background-attachment":"scroll","background-type":"","background-media":"","overlay-type":"","overlay-color":"","overlay-opacity":"","overlay-gradient":""},"mobile":{"background-color":"","background-image":"","background-repeat":"repeat","background-position":"center center","background-size":"auto","background-attachment":"scroll","background-type":"","background-media":"","overlay-type":"","overlay-color":"","overlay-opacity":"","overlay-gradient":""}},"ast-content-background-meta":{"desktop":{"background-color":"var(--ast-global-color-5)","background-image":"","background-repeat":"repeat","background-position":"center center","background-size":"auto","background-attachment":"scroll","background-type":"","background-media":"","overlay-type":"","overlay-color":"","overlay-opacity":"","overlay-gradient":""},"tablet":{"background-color":"var(--ast-global-color-5)","background-image":"","background-repeat":"repeat","background-position":"center center","background-size":"auto","background-attachment":"scroll","background-type":"","background-media":"","overlay-type":"","overlay-color":"","overlay-opacity":"","overlay-gradient":""},"mobile":{"background-color":"var(--ast-global-color-5)","background-image":"","background-repeat":"repeat","background-position":"center center","background-size":"auto","background-attachment":"scroll","background-type":"","background-media":"","overlay-type":"","overlay-color":"","overlay-opacity":"","overlay-gradient":""}},"footnotes":""},"class_list":["post-12084","page","type-page","status-publish","hentry"],"post_mailing_queue_ids":[],"_links":{"self":[{"href":"https:\/\/serveiseducatius.xtec.cat\/altemporda\/wp-json\/wp\/v2\/pages\/12084","targetHints":{"allow":["GET"]}}],"collection":[{"href":"https:\/\/serveiseducatius.xtec.cat\/altemporda\/wp-json\/wp\/v2\/pages"}],"about":[{"href":"https:\/\/serveiseducatius.xtec.cat\/altemporda\/wp-json\/wp\/v2\/types\/page"}],"author":[{"embeddable":true,"href":"https:\/\/serveiseducatius.xtec.cat\/altemporda\/wp-json\/wp\/v2\/users\/71"}],"replies":[{"embeddable":true,"href":"https:\/\/serveiseducatius.xtec.cat\/altemporda\/wp-json\/wp\/v2\/comments?post=12084"}],"version-history":[{"count":7,"href":"https:\/\/serveiseducatius.xtec.cat\/altemporda\/wp-json\/wp\/v2\/pages\/12084\/revisions"}],"predecessor-version":[{"id":23954,"href":"https:\/\/serveiseducatius.xtec.cat\/altemporda\/wp-json\/wp\/v2\/pages\/12084\/revisions\/23954"}],"up":[{"embeddable":true,"href":"https:\/\/serveiseducatius.xtec.cat\/altemporda\/wp-json\/wp\/v2\/pages\/12068"}],"wp:attachment":[{"href":"https:\/\/serveiseducatius.xtec.cat\/altemporda\/wp-json\/wp\/v2\/media?parent=12084"}],"curies":[{"name":"wp","href":"https:\/\/api.w.org\/{rel}","templated":true}]}}